{"id":71975,"date":"2024-04-12T15:24:46","date_gmt":"2024-04-12T13:24:46","guid":{"rendered":"https:\/\/clavreuil-wordpress.logiciel-arteo.fr\/product\/de-la-richesse-minerale-considerations-sur-les-mines-usines-et-salines-des-differents-etats-presentes-comparativement-a-m-heron-de-villefosse\/"},"modified":"2024-04-22T15:12:29","modified_gmt":"2024-04-22T13:12:29","slug":"de-la-richesse-minerale-considerations-sur-les-mines-usines-et-salines-des-differents-etats-presentes-comparativement-a-m-heron-de-villefosse","status":"publish","type":"product","link":"https:\/\/clavreuil-wordpress.logiciel-arteo.fr\/en\/de-la-richesse-minerale-considerations-sur-les-mines-usines-et-salines-des-differents-etats-presentes-comparativement-a-m-heron-de-villefosse\/","title":{"rendered":"HERON DE VILLEFOSSE A.M De la richesse min\u00e9rale...."},"content":{"rendered":"<p style=\"text-align:justify\"><em>Not in Hoover coll.<\/em><\/p>\n<p style=\"text-align:justify\">First edition.<\/p>\n<p style=\"text-align:justify\">H&eacute;ron de Villefosse was inspector at &quot;Corps royal des Mines de France&quot; and a member of the French Academy of Science. His work gives a panoramic insight to European mines and mining techniques at the beginning of the 19th century. His purpose was to give up-to-date information on mines by giving authentic examples from existing mines. Spines faded, hinge to vol. I restored, some occasional foxing, atlas with clear stain at beginning and end of atlas.<\/p>\n<p style=\"text-align:justify\">From the library of &#039;Ecole sup&eacute;rieure de commerce et d&#039;industrie&#039; (gilt spines).<\/p>\n","protected":false},"excerpt":{"rendered":"<p>3 text volumes 4to (245 x 199 mm) and 1 folio atlas (550 x 400 mm) 4 nn.ll., XXIX, 593 pp., 1 nn.l. and 25 tables and maps for volume I; 2 nn.ll., XVI, 553 pp. for volume II; 2 nn.ll., XX and 538 pp. for volume III; title page and 65 plates for the atlas. Text volumes in slightly later blue half-calf, spines gilt, atlas bound in style (<em>spines faded<\/em>)<\/p>\n","protected":false},"featured_media":71970,"comment_status":"open","ping_status":"closed","template":"","meta":{"_acf_changed":false},"product_brand":[],"product_cat":[540],"product_tag":[554],"class_list":{"0":"post-71975","1":"product","2":"type-product","3":"status-publish","4":"has-post-thumbnail","6":"product_cat-natural-history","7":"product_tag-mineralogy","8":"pa_auteur-a-m-heron-de-villefosse-2","9":"pa_type-de-livre-printed-book","11":"first","12":"instock","13":"shipping-taxable","14":"purchasable","15":"product-type-simple"},"acf":[],"yoast_head":"<!-- This site is optimized with the Yoast SEO plugin v24.3 - https:\/\/yoast.com\/wordpress\/plugins\/seo\/ -->\n<title>HERON DE VILLEFOSSE A.M De la richesse min\u00e9rale. Consid\u00e9rations sur les mines, usines et salines des diff\u00e9rents \u00e9tats, pr\u00e9sent\u00e9s comparativement. - Libairie Clavreuil<\/title>\n<meta name=\"robots\" content=\"noindex, follow, max-snippet:-1, max-image-preview:large, max-video-preview:-1\" \/>\n<meta property=\"og:locale\" content=\"en_US\" \/>\n<meta property=\"og:type\" content=\"article\" \/>\n<meta property=\"og:title\" content=\"HERON DE VILLEFOSSE A.M De la richesse min\u00e9rale. Consid\u00e9rations sur les mines, usines et salines des diff\u00e9rents \u00e9tats, pr\u00e9sent\u00e9s comparativement. - Libairie Clavreuil\" \/>\n<meta property=\"og:description\" content=\"3 text volumes 4to (245 x 199 mm) and 1 folio atlas (550 x 400 mm) 4 nn.ll., XXIX, 593 pp., 1 nn.l. and 25 tables and maps for volume I; 2 nn.ll., XVI, 553 pp. for volume II; 2 nn.ll., XX and 538 pp. for volume III; title page and 65 plates for the atlas. Text volumes in slightly later blue half-calf, spines gilt, atlas bound in style (spines faded)\" \/>\n<meta property=\"og:url\" content=\"https:\/\/clavreuil-wordpress.logiciel-arteo.fr\/en\/de-la-richesse-minerale-considerations-sur-les-mines-usines-et-salines-des-differents-etats-presentes-comparativement-a-m-heron-de-villefosse\/\" \/>\n<meta property=\"og:site_name\" content=\"Libairie Clavreuil\" \/>\n<meta property=\"article:modified_time\" content=\"2024-04-22T13:12:29+00:00\" \/>\n<meta property=\"og:image\" content=\"https:\/\/clavreuil-wordpress.logiciel-arteo.fr\/wp-content\/uploads\/2024\/04\/a-m-heron-de-villefosse-de-la-richesse-minerale-considerations-sur-les-mines-usines-et-salines-des-differents-etats-presentes-comparativement-2850-661-2-scaled.jpg\" \/>\n\t<meta property=\"og:image:width\" content=\"1909\" \/>\n\t<meta property=\"og:image:height\" content=\"2560\" \/>\n\t<meta property=\"og:image:type\" content=\"image\/jpeg\" \/>\n<meta name=\"twitter:card\" content=\"summary_large_image\" \/>\n<meta name=\"twitter:label1\" content=\"Est. reading time\" \/>\n\t<meta name=\"twitter:data1\" content=\"1 minute\" \/>\n<script type=\"application\/ld+json\" class=\"yoast-schema-graph\">{\"@context\":\"https:\/\/schema.org\",\"@graph\":[{\"@type\":\"WebPage\",\"@id\":\"https:\/\/clavreuil-wordpress.logiciel-arteo.fr\/en\/de-la-richesse-minerale-considerations-sur-les-mines-usines-et-salines-des-differents-etats-presentes-comparativement-a-m-heron-de-villefosse\/\",\"url\":\"https:\/\/clavreuil-wordpress.logiciel-arteo.fr\/en\/de-la-richesse-minerale-considerations-sur-les-mines-usines-et-salines-des-differents-etats-presentes-comparativement-a-m-heron-de-villefosse\/\",\"name\":\"HERON DE VILLEFOSSE A.M De la richesse min\u00e9rale. Consid\u00e9rations sur les mines, usines et salines des diff\u00e9rents \u00e9tats, pr\u00e9sent\u00e9s comparativement. - Libairie Clavreuil\",\"isPartOf\":{\"@id\":\"https:\/\/clavreuil-wordpress.logiciel-arteo.fr\/#website\"},\"primaryImageOfPage\":{\"@id\":\"https:\/\/clavreuil-wordpress.logiciel-arteo.fr\/en\/de-la-richesse-minerale-considerations-sur-les-mines-usines-et-salines-des-differents-etats-presentes-comparativement-a-m-heron-de-villefosse\/#primaryimage\"},\"image\":{\"@id\":\"https:\/\/clavreuil-wordpress.logiciel-arteo.fr\/en\/de-la-richesse-minerale-considerations-sur-les-mines-usines-et-salines-des-differents-etats-presentes-comparativement-a-m-heron-de-villefosse\/#primaryimage\"},\"thumbnailUrl\":\"https:\/\/clavreuil-wordpress.logiciel-arteo.fr\/wp-content\/uploads\/2024\/04\/a-m-heron-de-villefosse-de-la-richesse-minerale-considerations-sur-les-mines-usines-et-salines-des-differents-etats-presentes-comparativement-2850-661-2-scaled.jpg\",\"datePublished\":\"2024-04-12T13:24:46+00:00\",\"dateModified\":\"2024-04-22T13:12:29+00:00\",\"breadcrumb\":{\"@id\":\"https:\/\/clavreuil-wordpress.logiciel-arteo.fr\/en\/de-la-richesse-minerale-considerations-sur-les-mines-usines-et-salines-des-differents-etats-presentes-comparativement-a-m-heron-de-villefosse\/#breadcrumb\"},\"inLanguage\":\"en-US\",\"potentialAction\":[{\"@type\":\"ReadAction\",\"target\":[\"https:\/\/clavreuil-wordpress.logiciel-arteo.fr\/en\/de-la-richesse-minerale-considerations-sur-les-mines-usines-et-salines-des-differents-etats-presentes-comparativement-a-m-heron-de-villefosse\/\"]}]},{\"@type\":\"ImageObject\",\"inLanguage\":\"en-US\",\"@id\":\"https:\/\/clavreuil-wordpress.logiciel-arteo.fr\/en\/de-la-richesse-minerale-considerations-sur-les-mines-usines-et-salines-des-differents-etats-presentes-comparativement-a-m-heron-de-villefosse\/#primaryimage\",\"url\":\"https:\/\/clavreuil-wordpress.logiciel-arteo.fr\/wp-content\/uploads\/2024\/04\/a-m-heron-de-villefosse-de-la-richesse-minerale-considerations-sur-les-mines-usines-et-salines-des-differents-etats-presentes-comparativement-2850-661-2-scaled.jpg\",\"contentUrl\":\"https:\/\/clavreuil-wordpress.logiciel-arteo.fr\/wp-content\/uploads\/2024\/04\/a-m-heron-de-villefosse-de-la-richesse-minerale-considerations-sur-les-mines-usines-et-salines-des-differents-etats-presentes-comparativement-2850-661-2-scaled.jpg\",\"width\":1909,\"height\":2560},{\"@type\":\"BreadcrumbList\",\"@id\":\"https:\/\/clavreuil-wordpress.logiciel-arteo.fr\/en\/de-la-richesse-minerale-considerations-sur-les-mines-usines-et-salines-des-differents-etats-presentes-comparativement-a-m-heron-de-villefosse\/#breadcrumb\",\"itemListElement\":[{\"@type\":\"ListItem\",\"position\":1,\"name\":\"Accueil\",\"item\":\"https:\/\/clavreuil-wordpress.logiciel-arteo.fr\/\"},{\"@type\":\"ListItem\",\"position\":2,\"name\":\"All our books\",\"item\":\"https:\/\/clavreuil-wordpress.logiciel-arteo.fr\/en\/all-our-books\/\"},{\"@type\":\"ListItem\",\"position\":3,\"name\":\"HERON DE VILLEFOSSE A.M De la richesse min\u00e9rale....\"}]},{\"@type\":\"WebSite\",\"@id\":\"https:\/\/clavreuil-wordpress.logiciel-arteo.fr\/#website\",\"url\":\"https:\/\/clavreuil-wordpress.logiciel-arteo.fr\/\",\"name\":\"Libairie Clavreuil\",\"description\":\"\",\"publisher\":{\"@id\":\"https:\/\/clavreuil-wordpress.logiciel-arteo.fr\/#organization\"},\"potentialAction\":[{\"@type\":\"SearchAction\",\"target\":{\"@type\":\"EntryPoint\",\"urlTemplate\":\"https:\/\/clavreuil-wordpress.logiciel-arteo.fr\/?s={search_term_string}\"},\"query-input\":{\"@type\":\"PropertyValueSpecification\",\"valueRequired\":true,\"valueName\":\"search_term_string\"}}],\"inLanguage\":\"en-US\"},{\"@type\":\"Organization\",\"@id\":\"https:\/\/clavreuil-wordpress.logiciel-arteo.fr\/#organization\",\"name\":\"Libairie Clavreuil\",\"url\":\"https:\/\/clavreuil-wordpress.logiciel-arteo.fr\/\",\"logo\":{\"@type\":\"ImageObject\",\"inLanguage\":\"en-US\",\"@id\":\"https:\/\/clavreuil-wordpress.logiciel-arteo.fr\/#\/schema\/logo\/image\/\",\"url\":\"https:\/\/clavreuil-wordpress.logiciel-arteo.fr\/wp-content\/uploads\/2021\/05\/LOGO_PNG_DATE-_gold.png\",\"contentUrl\":\"https:\/\/clavreuil-wordpress.logiciel-arteo.fr\/wp-content\/uploads\/2021\/05\/LOGO_PNG_DATE-_gold.png\",\"width\":2083,\"height\":1917,\"caption\":\"Libairie Clavreuil\"},\"image\":{\"@id\":\"https:\/\/clavreuil-wordpress.logiciel-arteo.fr\/#\/schema\/logo\/image\/\"}}]}<\/script>\n<!-- \/ Yoast SEO plugin. -->","yoast_head_json":{"title":"HERON DE VILLEFOSSE A.M De la richesse min\u00e9rale. Consid\u00e9rations sur les mines, usines et salines des diff\u00e9rents \u00e9tats, pr\u00e9sent\u00e9s comparativement. - Libairie Clavreuil","robots":{"index":"noindex","follow":"follow","max-snippet":"max-snippet:-1","max-image-preview":"max-image-preview:large","max-video-preview":"max-video-preview:-1"},"og_locale":"en_US","og_type":"article","og_title":"HERON DE VILLEFOSSE A.M De la richesse min\u00e9rale. Consid\u00e9rations sur les mines, usines et salines des diff\u00e9rents \u00e9tats, pr\u00e9sent\u00e9s comparativement. - Libairie Clavreuil","og_description":"3 text volumes 4to (245 x 199 mm) and 1 folio atlas (550 x 400 mm) 4 nn.ll., XXIX, 593 pp., 1 nn.l. and 25 tables and maps for volume I; 2 nn.ll., XVI, 553 pp. for volume II; 2 nn.ll., XX and 538 pp. for volume III; title page and 65 plates for the atlas. Text volumes in slightly later blue half-calf, spines gilt, atlas bound in style (spines faded)","og_url":"https:\/\/clavreuil-wordpress.logiciel-arteo.fr\/en\/de-la-richesse-minerale-considerations-sur-les-mines-usines-et-salines-des-differents-etats-presentes-comparativement-a-m-heron-de-villefosse\/","og_site_name":"Libairie Clavreuil","article_modified_time":"2024-04-22T13:12:29+00:00","og_image":[{"width":1909,"height":2560,"url":"https:\/\/clavreuil-wordpress.logiciel-arteo.fr\/wp-content\/uploads\/2024\/04\/a-m-heron-de-villefosse-de-la-richesse-minerale-considerations-sur-les-mines-usines-et-salines-des-differents-etats-presentes-comparativement-2850-661-2-scaled.jpg","type":"image\/jpeg"}],"twitter_card":"summary_large_image","twitter_misc":{"Est. reading time":"1 minute"},"schema":{"@context":"https:\/\/schema.org","@graph":[{"@type":"WebPage","@id":"https:\/\/clavreuil-wordpress.logiciel-arteo.fr\/en\/de-la-richesse-minerale-considerations-sur-les-mines-usines-et-salines-des-differents-etats-presentes-comparativement-a-m-heron-de-villefosse\/","url":"https:\/\/clavreuil-wordpress.logiciel-arteo.fr\/en\/de-la-richesse-minerale-considerations-sur-les-mines-usines-et-salines-des-differents-etats-presentes-comparativement-a-m-heron-de-villefosse\/","name":"HERON DE VILLEFOSSE A.M De la richesse min\u00e9rale. Consid\u00e9rations sur les mines, usines et salines des diff\u00e9rents \u00e9tats, pr\u00e9sent\u00e9s comparativement. - Libairie Clavreuil","isPartOf":{"@id":"https:\/\/clavreuil-wordpress.logiciel-arteo.fr\/#website"},"primaryImageOfPage":{"@id":"https:\/\/clavreuil-wordpress.logiciel-arteo.fr\/en\/de-la-richesse-minerale-considerations-sur-les-mines-usines-et-salines-des-differents-etats-presentes-comparativement-a-m-heron-de-villefosse\/#primaryimage"},"image":{"@id":"https:\/\/clavreuil-wordpress.logiciel-arteo.fr\/en\/de-la-richesse-minerale-considerations-sur-les-mines-usines-et-salines-des-differents-etats-presentes-comparativement-a-m-heron-de-villefosse\/#primaryimage"},"thumbnailUrl":"https:\/\/clavreuil-wordpress.logiciel-arteo.fr\/wp-content\/uploads\/2024\/04\/a-m-heron-de-villefosse-de-la-richesse-minerale-considerations-sur-les-mines-usines-et-salines-des-differents-etats-presentes-comparativement-2850-661-2-scaled.jpg","datePublished":"2024-04-12T13:24:46+00:00","dateModified":"2024-04-22T13:12:29+00:00","breadcrumb":{"@id":"https:\/\/clavreuil-wordpress.logiciel-arteo.fr\/en\/de-la-richesse-minerale-considerations-sur-les-mines-usines-et-salines-des-differents-etats-presentes-comparativement-a-m-heron-de-villefosse\/#breadcrumb"},"inLanguage":"en-US","potentialAction":[{"@type":"ReadAction","target":["https:\/\/clavreuil-wordpress.logiciel-arteo.fr\/en\/de-la-richesse-minerale-considerations-sur-les-mines-usines-et-salines-des-differents-etats-presentes-comparativement-a-m-heron-de-villefosse\/"]}]},{"@type":"ImageObject","inLanguage":"en-US","@id":"https:\/\/clavreuil-wordpress.logiciel-arteo.fr\/en\/de-la-richesse-minerale-considerations-sur-les-mines-usines-et-salines-des-differents-etats-presentes-comparativement-a-m-heron-de-villefosse\/#primaryimage","url":"https:\/\/clavreuil-wordpress.logiciel-arteo.fr\/wp-content\/uploads\/2024\/04\/a-m-heron-de-villefosse-de-la-richesse-minerale-considerations-sur-les-mines-usines-et-salines-des-differents-etats-presentes-comparativement-2850-661-2-scaled.jpg","contentUrl":"https:\/\/clavreuil-wordpress.logiciel-arteo.fr\/wp-content\/uploads\/2024\/04\/a-m-heron-de-villefosse-de-la-richesse-minerale-considerations-sur-les-mines-usines-et-salines-des-differents-etats-presentes-comparativement-2850-661-2-scaled.jpg","width":1909,"height":2560},{"@type":"BreadcrumbList","@id":"https:\/\/clavreuil-wordpress.logiciel-arteo.fr\/en\/de-la-richesse-minerale-considerations-sur-les-mines-usines-et-salines-des-differents-etats-presentes-comparativement-a-m-heron-de-villefosse\/#breadcrumb","itemListElement":[{"@type":"ListItem","position":1,"name":"Accueil","item":"https:\/\/clavreuil-wordpress.logiciel-arteo.fr\/"},{"@type":"ListItem","position":2,"name":"All our books","item":"https:\/\/clavreuil-wordpress.logiciel-arteo.fr\/en\/all-our-books\/"},{"@type":"ListItem","position":3,"name":"HERON DE VILLEFOSSE A.M De la richesse min\u00e9rale...."}]},{"@type":"WebSite","@id":"https:\/\/clavreuil-wordpress.logiciel-arteo.fr\/#website","url":"https:\/\/clavreuil-wordpress.logiciel-arteo.fr\/","name":"Libairie Clavreuil","description":"","publisher":{"@id":"https:\/\/clavreuil-wordpress.logiciel-arteo.fr\/#organization"},"potentialAction":[{"@type":"SearchAction","target":{"@type":"EntryPoint","urlTemplate":"https:\/\/clavreuil-wordpress.logiciel-arteo.fr\/?s={search_term_string}"},"query-input":{"@type":"PropertyValueSpecification","valueRequired":true,"valueName":"search_term_string"}}],"inLanguage":"en-US"},{"@type":"Organization","@id":"https:\/\/clavreuil-wordpress.logiciel-arteo.fr\/#organization","name":"Libairie Clavreuil","url":"https:\/\/clavreuil-wordpress.logiciel-arteo.fr\/","logo":{"@type":"ImageObject","inLanguage":"en-US","@id":"https:\/\/clavreuil-wordpress.logiciel-arteo.fr\/#\/schema\/logo\/image\/","url":"https:\/\/clavreuil-wordpress.logiciel-arteo.fr\/wp-content\/uploads\/2021\/05\/LOGO_PNG_DATE-_gold.png","contentUrl":"https:\/\/clavreuil-wordpress.logiciel-arteo.fr\/wp-content\/uploads\/2021\/05\/LOGO_PNG_DATE-_gold.png","width":2083,"height":1917,"caption":"Libairie Clavreuil"},"image":{"@id":"https:\/\/clavreuil-wordpress.logiciel-arteo.fr\/#\/schema\/logo\/image\/"}}]}},"_links":{"self":[{"href":"https:\/\/clavreuil-wordpress.logiciel-arteo.fr\/en\/wp-json\/wp\/v2\/product\/71975","targetHints":{"allow":["GET"]}}],"collection":[{"href":"https:\/\/clavreuil-wordpress.logiciel-arteo.fr\/en\/wp-json\/wp\/v2\/product"}],"about":[{"href":"https:\/\/clavreuil-wordpress.logiciel-arteo.fr\/en\/wp-json\/wp\/v2\/types\/product"}],"replies":[{"embeddable":true,"href":"https:\/\/clavreuil-wordpress.logiciel-arteo.fr\/en\/wp-json\/wp\/v2\/comments?post=71975"}],"wp:featuredmedia":[{"embeddable":true,"href":"https:\/\/clavreuil-wordpress.logiciel-arteo.fr\/en\/wp-json\/wp\/v2\/media\/71970"}],"wp:attachment":[{"href":"https:\/\/clavreuil-wordpress.logiciel-arteo.fr\/en\/wp-json\/wp\/v2\/media?parent=71975"}],"wp:term":[{"taxonomy":"product_brand","embeddable":true,"href":"https:\/\/clavreuil-wordpress.logiciel-arteo.fr\/en\/wp-json\/wp\/v2\/product_brand?post=71975"},{"taxonomy":"product_cat","embeddable":true,"href":"https:\/\/clavreuil-wordpress.logiciel-arteo.fr\/en\/wp-json\/wp\/v2\/product_cat?post=71975"},{"taxonomy":"product_tag","embeddable":true,"href":"https:\/\/clavreuil-wordpress.logiciel-arteo.fr\/en\/wp-json\/wp\/v2\/product_tag?post=71975"}],"curies":[{"name":"wp","href":"https:\/\/api.w.org\/{rel}","templated":true}]}}