{"id":71981,"date":"2024-04-12T16:29:36","date_gmt":"2024-04-12T14:29:36","guid":{"rendered":"https:\/\/clavreuil-wordpress.logiciel-arteo.fr\/product\/guide-des-negocians-dans-toutes-leurs-entreprises-mercantiles-ou-traite-instructif-sur-le-commerce-de-cent-vingt-six-villes-commercantes-de-leurope-de-lasie-et-de-lafrique-la-maniere-dy-ten\/"},"modified":"2024-04-22T15:14:41","modified_gmt":"2024-04-22T13:14:41","slug":"guide-des-negocians-dans-toutes-leurs-entreprises-mercantiles-ou-traite-instructif-sur-le-commerce-de-cent-vingt-six-villes-commercantes-de-leurope-de-lasie-et-de-lafrique-la-maniere-dy-ten","status":"publish","type":"product","link":"https:\/\/clavreuil-wordpress.logiciel-arteo.fr\/en\/guide-des-negocians-dans-toutes-leurs-entreprises-mercantiles-ou-traite-instructif-sur-le-commerce-de-cent-vingt-six-villes-commercantes-de-leurope-de-lasie-et-de-lafrique-la-maniere-dy-ten\/","title":{"rendered":"LIPP Laurent Guide des n\u00e9gocians dans toutes leurs..."},"content":{"rendered":"<p style=\"text-align:justify\"><em>Qu&eacute;rard only quotes an edition from Montpellier, 1798; idem for INED; not in Einaudi or BnF.<\/em><\/p>\n<p style=\"text-align:justify\">Rare first edition.<\/p>\n<p style=\"text-align:justify\">Of Swiss origin, secretary to Baron de Reding who commanded a Swiss regiment, Laurent Lipp followed his regiment when it was sent to Tarragona and then to Girona in 1761. There he met Josepa Vidal y Jordana, whom he married in 1764. The couple lived in Catalonia and Genoa for 30 years.<\/p>\n<p style=\"text-align:justify\">His work is a practical guide to the techniques of maritime trade, and in his preface, the author, noting the inadequacies of the books by Giraudeau, Savary and Ricard, states that he wrote it &quot;based on my own experience of some thirty-six years of trading, in one of the most illustrious and commercial cities in Italy (Genoa) and in Barcelona. I consulted the authors who seemed to me to be the most accurate; I had very expensive memoirs sent to me from the main places in Europe&#8230;&quot;.<\/p>\n<p style=\"text-align:justify\">Volume II contains, from pp. 447 to the end, a Dictionary of sea, land and banking trade terms. Also inserted at the end of the same volume (pp. 622\/623) is a note on the United States of America concerning import duties on various products from Europe and China. In addition to industrial products (steel, cables, cotton, hemp, nails, sailing wire, etc.), the list includes luxury goods and spirits (cocoa, coffee, cheese, beer and wine).<\/p>\n<p style=\"text-align:justify\">&quot;Toutes les marchandises de la Chine, fa&iuml;ence, miroirs, cristaux, papier peint, pour &eacute;crire, etc., onrements, parfumsgants, chapeaux, souliers, bas; or, argent., &eacute;pices, drogues m&eacute;dicinales&#8230; payent 15%sur leur estimation&quot;.<\/p>\n<p style=\"text-align:justify\">A good copy, with slight leather damage to the covers of Volume I.<\/p>\n","protected":false},"excerpt":{"rendered":"<p>2 volumes, 4to (247 x 195 mm) de XI, 744 pp. for the volume I; 655 pp. for the volume II. Rooted sheep, spine gilt with raised bands (<em>contemporary binding<\/em>).<\/p>\n","protected":false},"featured_media":71976,"comment_status":"open","ping_status":"closed","template":"","meta":{"_acf_changed":false},"product_brand":[],"product_cat":[552],"product_tag":[560,562],"class_list":{"0":"post-71981","1":"product","2":"type-product","3":"status-publish","4":"has-post-thumbnail","6":"product_cat-travel","7":"product_tag-trade","8":"product_tag-marine-2","9":"pa_auteur-laurent-lipp-2","10":"pa_type-de-livre-printed-book","12":"first","13":"instock","14":"shipping-taxable","15":"purchasable","16":"product-type-simple"},"acf":[],"yoast_head":"<!-- This site is optimized with the Yoast SEO plugin v24.3 - https:\/\/yoast.com\/wordpress\/plugins\/seo\/ -->\n<title>LIPP Laurent Guide des n\u00e9gocians dans toutes leurs entreprises mercantiles, ou Trait\u00e9 instructif sur le commerce de cent vingt-six villes commer\u00e7antes de l&#039;Europe, de l&#039;Asie et de l&#039;Afrique; la mani\u00e8re d&#039;y tenir les \u00e9critures; leurs monnoies imaginaires et effectives; cours et op\u00e9rations de leurs changes... - Libairie Clavreuil<\/title>\n<meta name=\"robots\" content=\"noindex, follow, max-snippet:-1, max-image-preview:large, max-video-preview:-1\" \/>\n<meta property=\"og:locale\" content=\"en_US\" \/>\n<meta property=\"og:type\" content=\"article\" \/>\n<meta property=\"og:title\" content=\"LIPP Laurent Guide des n\u00e9gocians dans toutes leurs entreprises mercantiles, ou Trait\u00e9 instructif sur le commerce de cent vingt-six villes commer\u00e7antes de l&#039;Europe, de l&#039;Asie et de l&#039;Afrique; la mani\u00e8re d&#039;y tenir les \u00e9critures; leurs monnoies imaginaires et effectives; cours et op\u00e9rations de leurs changes... - Libairie Clavreuil\" \/>\n<meta property=\"og:description\" content=\"2 volumes, 4to (247 x 195 mm) de XI, 744 pp. for the volume I; 655 pp. for the volume II. Rooted sheep, spine gilt with raised bands (contemporary binding).\" \/>\n<meta property=\"og:url\" content=\"https:\/\/clavreuil-wordpress.logiciel-arteo.fr\/en\/guide-des-negocians-dans-toutes-leurs-entreprises-mercantiles-ou-traite-instructif-sur-le-commerce-de-cent-vingt-six-villes-commercantes-de-leurope-de-lasie-et-de-lafrique-la-maniere-dy-ten\/\" \/>\n<meta property=\"og:site_name\" content=\"Libairie Clavreuil\" \/>\n<meta property=\"article:modified_time\" content=\"2024-04-22T13:14:41+00:00\" \/>\n<meta property=\"og:image\" content=\"https:\/\/clavreuil-wordpress.logiciel-arteo.fr\/wp-content\/uploads\/2024\/04\/laurent-lipp-guide-des-negocians-dans-toutes-leurs-entreprises-mercantiles-ou-traite-instructif-sur-le-commerce-de-cent-vingt-six-villes-commercantes--scaled.jpg\" \/>\n\t<meta property=\"og:image:width\" content=\"1920\" \/>\n\t<meta property=\"og:image:height\" content=\"2560\" \/>\n\t<meta property=\"og:image:type\" content=\"image\/jpeg\" \/>\n<meta name=\"twitter:card\" content=\"summary_large_image\" \/>\n<meta name=\"twitter:label1\" content=\"Est. reading time\" \/>\n\t<meta name=\"twitter:data1\" content=\"1 minute\" \/>\n<script type=\"application\/ld+json\" class=\"yoast-schema-graph\">{\"@context\":\"https:\/\/schema.org\",\"@graph\":[{\"@type\":\"WebPage\",\"@id\":\"https:\/\/clavreuil-wordpress.logiciel-arteo.fr\/en\/guide-des-negocians-dans-toutes-leurs-entreprises-mercantiles-ou-traite-instructif-sur-le-commerce-de-cent-vingt-six-villes-commercantes-de-leurope-de-lasie-et-de-lafrique-la-maniere-dy-ten\/\",\"url\":\"https:\/\/clavreuil-wordpress.logiciel-arteo.fr\/en\/guide-des-negocians-dans-toutes-leurs-entreprises-mercantiles-ou-traite-instructif-sur-le-commerce-de-cent-vingt-six-villes-commercantes-de-leurope-de-lasie-et-de-lafrique-la-maniere-dy-ten\/\",\"name\":\"LIPP Laurent Guide des n\u00e9gocians dans toutes leurs entreprises mercantiles, ou Trait\u00e9 instructif sur le commerce de cent vingt-six villes commer\u00e7antes de l'Europe, de l'Asie et de l'Afrique; la mani\u00e8re d'y tenir les \u00e9critures; leurs monnoies imaginaires et effectives; cours et op\u00e9rations de leurs changes... - Libairie Clavreuil\",\"isPartOf\":{\"@id\":\"https:\/\/clavreuil-wordpress.logiciel-arteo.fr\/#website\"},\"primaryImageOfPage\":{\"@id\":\"https:\/\/clavreuil-wordpress.logiciel-arteo.fr\/en\/guide-des-negocians-dans-toutes-leurs-entreprises-mercantiles-ou-traite-instructif-sur-le-commerce-de-cent-vingt-six-villes-commercantes-de-leurope-de-lasie-et-de-lafrique-la-maniere-dy-ten\/#primaryimage\"},\"image\":{\"@id\":\"https:\/\/clavreuil-wordpress.logiciel-arteo.fr\/en\/guide-des-negocians-dans-toutes-leurs-entreprises-mercantiles-ou-traite-instructif-sur-le-commerce-de-cent-vingt-six-villes-commercantes-de-leurope-de-lasie-et-de-lafrique-la-maniere-dy-ten\/#primaryimage\"},\"thumbnailUrl\":\"https:\/\/clavreuil-wordpress.logiciel-arteo.fr\/wp-content\/uploads\/2024\/04\/laurent-lipp-guide-des-negocians-dans-toutes-leurs-entreprises-mercantiles-ou-traite-instructif-sur-le-commerce-de-cent-vingt-six-villes-commercantes--scaled.jpg\",\"datePublished\":\"2024-04-12T14:29:36+00:00\",\"dateModified\":\"2024-04-22T13:14:41+00:00\",\"breadcrumb\":{\"@id\":\"https:\/\/clavreuil-wordpress.logiciel-arteo.fr\/en\/guide-des-negocians-dans-toutes-leurs-entreprises-mercantiles-ou-traite-instructif-sur-le-commerce-de-cent-vingt-six-villes-commercantes-de-leurope-de-lasie-et-de-lafrique-la-maniere-dy-ten\/#breadcrumb\"},\"inLanguage\":\"en-US\",\"potentialAction\":[{\"@type\":\"ReadAction\",\"target\":[\"https:\/\/clavreuil-wordpress.logiciel-arteo.fr\/en\/guide-des-negocians-dans-toutes-leurs-entreprises-mercantiles-ou-traite-instructif-sur-le-commerce-de-cent-vingt-six-villes-commercantes-de-leurope-de-lasie-et-de-lafrique-la-maniere-dy-ten\/\"]}]},{\"@type\":\"ImageObject\",\"inLanguage\":\"en-US\",\"@id\":\"https:\/\/clavreuil-wordpress.logiciel-arteo.fr\/en\/guide-des-negocians-dans-toutes-leurs-entreprises-mercantiles-ou-traite-instructif-sur-le-commerce-de-cent-vingt-six-villes-commercantes-de-leurope-de-lasie-et-de-lafrique-la-maniere-dy-ten\/#primaryimage\",\"url\":\"https:\/\/clavreuil-wordpress.logiciel-arteo.fr\/wp-content\/uploads\/2024\/04\/laurent-lipp-guide-des-negocians-dans-toutes-leurs-entreprises-mercantiles-ou-traite-instructif-sur-le-commerce-de-cent-vingt-six-villes-commercantes--scaled.jpg\",\"contentUrl\":\"https:\/\/clavreuil-wordpress.logiciel-arteo.fr\/wp-content\/uploads\/2024\/04\/laurent-lipp-guide-des-negocians-dans-toutes-leurs-entreprises-mercantiles-ou-traite-instructif-sur-le-commerce-de-cent-vingt-six-villes-commercantes--scaled.jpg\",\"width\":1920,\"height\":2560},{\"@type\":\"BreadcrumbList\",\"@id\":\"https:\/\/clavreuil-wordpress.logiciel-arteo.fr\/en\/guide-des-negocians-dans-toutes-leurs-entreprises-mercantiles-ou-traite-instructif-sur-le-commerce-de-cent-vingt-six-villes-commercantes-de-leurope-de-lasie-et-de-lafrique-la-maniere-dy-ten\/#breadcrumb\",\"itemListElement\":[{\"@type\":\"ListItem\",\"position\":1,\"name\":\"Accueil\",\"item\":\"https:\/\/clavreuil-wordpress.logiciel-arteo.fr\/\"},{\"@type\":\"ListItem\",\"position\":2,\"name\":\"All our books\",\"item\":\"https:\/\/clavreuil-wordpress.logiciel-arteo.fr\/en\/all-our-books\/\"},{\"@type\":\"ListItem\",\"position\":3,\"name\":\"LIPP Laurent Guide des n\u00e9gocians dans toutes leurs...\"}]},{\"@type\":\"WebSite\",\"@id\":\"https:\/\/clavreuil-wordpress.logiciel-arteo.fr\/#website\",\"url\":\"https:\/\/clavreuil-wordpress.logiciel-arteo.fr\/\",\"name\":\"Libairie Clavreuil\",\"description\":\"\",\"publisher\":{\"@id\":\"https:\/\/clavreuil-wordpress.logiciel-arteo.fr\/#organization\"},\"potentialAction\":[{\"@type\":\"SearchAction\",\"target\":{\"@type\":\"EntryPoint\",\"urlTemplate\":\"https:\/\/clavreuil-wordpress.logiciel-arteo.fr\/?s={search_term_string}\"},\"query-input\":{\"@type\":\"PropertyValueSpecification\",\"valueRequired\":true,\"valueName\":\"search_term_string\"}}],\"inLanguage\":\"en-US\"},{\"@type\":\"Organization\",\"@id\":\"https:\/\/clavreuil-wordpress.logiciel-arteo.fr\/#organization\",\"name\":\"Libairie Clavreuil\",\"url\":\"https:\/\/clavreuil-wordpress.logiciel-arteo.fr\/\",\"logo\":{\"@type\":\"ImageObject\",\"inLanguage\":\"en-US\",\"@id\":\"https:\/\/clavreuil-wordpress.logiciel-arteo.fr\/#\/schema\/logo\/image\/\",\"url\":\"https:\/\/clavreuil-wordpress.logiciel-arteo.fr\/wp-content\/uploads\/2021\/05\/LOGO_PNG_DATE-_gold.png\",\"contentUrl\":\"https:\/\/clavreuil-wordpress.logiciel-arteo.fr\/wp-content\/uploads\/2021\/05\/LOGO_PNG_DATE-_gold.png\",\"width\":2083,\"height\":1917,\"caption\":\"Libairie Clavreuil\"},\"image\":{\"@id\":\"https:\/\/clavreuil-wordpress.logiciel-arteo.fr\/#\/schema\/logo\/image\/\"}}]}<\/script>\n<!-- \/ Yoast SEO plugin. -->","yoast_head_json":{"title":"LIPP Laurent Guide des n\u00e9gocians dans toutes leurs entreprises mercantiles, ou Trait\u00e9 instructif sur le commerce de cent vingt-six villes commer\u00e7antes de l'Europe, de l'Asie et de l'Afrique; la mani\u00e8re d'y tenir les \u00e9critures; leurs monnoies imaginaires et effectives; cours et op\u00e9rations de leurs changes... - Libairie Clavreuil","robots":{"index":"noindex","follow":"follow","max-snippet":"max-snippet:-1","max-image-preview":"max-image-preview:large","max-video-preview":"max-video-preview:-1"},"og_locale":"en_US","og_type":"article","og_title":"LIPP Laurent Guide des n\u00e9gocians dans toutes leurs entreprises mercantiles, ou Trait\u00e9 instructif sur le commerce de cent vingt-six villes commer\u00e7antes de l'Europe, de l'Asie et de l'Afrique; la mani\u00e8re d'y tenir les \u00e9critures; leurs monnoies imaginaires et effectives; cours et op\u00e9rations de leurs changes... - Libairie Clavreuil","og_description":"2 volumes, 4to (247 x 195 mm) de XI, 744 pp. for the volume I; 655 pp. for the volume II. Rooted sheep, spine gilt with raised bands (contemporary binding).","og_url":"https:\/\/clavreuil-wordpress.logiciel-arteo.fr\/en\/guide-des-negocians-dans-toutes-leurs-entreprises-mercantiles-ou-traite-instructif-sur-le-commerce-de-cent-vingt-six-villes-commercantes-de-leurope-de-lasie-et-de-lafrique-la-maniere-dy-ten\/","og_site_name":"Libairie Clavreuil","article_modified_time":"2024-04-22T13:14:41+00:00","og_image":[{"width":1920,"height":2560,"url":"https:\/\/clavreuil-wordpress.logiciel-arteo.fr\/wp-content\/uploads\/2024\/04\/laurent-lipp-guide-des-negocians-dans-toutes-leurs-entreprises-mercantiles-ou-traite-instructif-sur-le-commerce-de-cent-vingt-six-villes-commercantes--scaled.jpg","type":"image\/jpeg"}],"twitter_card":"summary_large_image","twitter_misc":{"Est. reading time":"1 minute"},"schema":{"@context":"https:\/\/schema.org","@graph":[{"@type":"WebPage","@id":"https:\/\/clavreuil-wordpress.logiciel-arteo.fr\/en\/guide-des-negocians-dans-toutes-leurs-entreprises-mercantiles-ou-traite-instructif-sur-le-commerce-de-cent-vingt-six-villes-commercantes-de-leurope-de-lasie-et-de-lafrique-la-maniere-dy-ten\/","url":"https:\/\/clavreuil-wordpress.logiciel-arteo.fr\/en\/guide-des-negocians-dans-toutes-leurs-entreprises-mercantiles-ou-traite-instructif-sur-le-commerce-de-cent-vingt-six-villes-commercantes-de-leurope-de-lasie-et-de-lafrique-la-maniere-dy-ten\/","name":"LIPP Laurent Guide des n\u00e9gocians dans toutes leurs entreprises mercantiles, ou Trait\u00e9 instructif sur le commerce de cent vingt-six villes commer\u00e7antes de l'Europe, de l'Asie et de l'Afrique; la mani\u00e8re d'y tenir les \u00e9critures; leurs monnoies imaginaires et effectives; cours et op\u00e9rations de leurs changes... - Libairie Clavreuil","isPartOf":{"@id":"https:\/\/clavreuil-wordpress.logiciel-arteo.fr\/#website"},"primaryImageOfPage":{"@id":"https:\/\/clavreuil-wordpress.logiciel-arteo.fr\/en\/guide-des-negocians-dans-toutes-leurs-entreprises-mercantiles-ou-traite-instructif-sur-le-commerce-de-cent-vingt-six-villes-commercantes-de-leurope-de-lasie-et-de-lafrique-la-maniere-dy-ten\/#primaryimage"},"image":{"@id":"https:\/\/clavreuil-wordpress.logiciel-arteo.fr\/en\/guide-des-negocians-dans-toutes-leurs-entreprises-mercantiles-ou-traite-instructif-sur-le-commerce-de-cent-vingt-six-villes-commercantes-de-leurope-de-lasie-et-de-lafrique-la-maniere-dy-ten\/#primaryimage"},"thumbnailUrl":"https:\/\/clavreuil-wordpress.logiciel-arteo.fr\/wp-content\/uploads\/2024\/04\/laurent-lipp-guide-des-negocians-dans-toutes-leurs-entreprises-mercantiles-ou-traite-instructif-sur-le-commerce-de-cent-vingt-six-villes-commercantes--scaled.jpg","datePublished":"2024-04-12T14:29:36+00:00","dateModified":"2024-04-22T13:14:41+00:00","breadcrumb":{"@id":"https:\/\/clavreuil-wordpress.logiciel-arteo.fr\/en\/guide-des-negocians-dans-toutes-leurs-entreprises-mercantiles-ou-traite-instructif-sur-le-commerce-de-cent-vingt-six-villes-commercantes-de-leurope-de-lasie-et-de-lafrique-la-maniere-dy-ten\/#breadcrumb"},"inLanguage":"en-US","potentialAction":[{"@type":"ReadAction","target":["https:\/\/clavreuil-wordpress.logiciel-arteo.fr\/en\/guide-des-negocians-dans-toutes-leurs-entreprises-mercantiles-ou-traite-instructif-sur-le-commerce-de-cent-vingt-six-villes-commercantes-de-leurope-de-lasie-et-de-lafrique-la-maniere-dy-ten\/"]}]},{"@type":"ImageObject","inLanguage":"en-US","@id":"https:\/\/clavreuil-wordpress.logiciel-arteo.fr\/en\/guide-des-negocians-dans-toutes-leurs-entreprises-mercantiles-ou-traite-instructif-sur-le-commerce-de-cent-vingt-six-villes-commercantes-de-leurope-de-lasie-et-de-lafrique-la-maniere-dy-ten\/#primaryimage","url":"https:\/\/clavreuil-wordpress.logiciel-arteo.fr\/wp-content\/uploads\/2024\/04\/laurent-lipp-guide-des-negocians-dans-toutes-leurs-entreprises-mercantiles-ou-traite-instructif-sur-le-commerce-de-cent-vingt-six-villes-commercantes--scaled.jpg","contentUrl":"https:\/\/clavreuil-wordpress.logiciel-arteo.fr\/wp-content\/uploads\/2024\/04\/laurent-lipp-guide-des-negocians-dans-toutes-leurs-entreprises-mercantiles-ou-traite-instructif-sur-le-commerce-de-cent-vingt-six-villes-commercantes--scaled.jpg","width":1920,"height":2560},{"@type":"BreadcrumbList","@id":"https:\/\/clavreuil-wordpress.logiciel-arteo.fr\/en\/guide-des-negocians-dans-toutes-leurs-entreprises-mercantiles-ou-traite-instructif-sur-le-commerce-de-cent-vingt-six-villes-commercantes-de-leurope-de-lasie-et-de-lafrique-la-maniere-dy-ten\/#breadcrumb","itemListElement":[{"@type":"ListItem","position":1,"name":"Accueil","item":"https:\/\/clavreuil-wordpress.logiciel-arteo.fr\/"},{"@type":"ListItem","position":2,"name":"All our books","item":"https:\/\/clavreuil-wordpress.logiciel-arteo.fr\/en\/all-our-books\/"},{"@type":"ListItem","position":3,"name":"LIPP Laurent Guide des n\u00e9gocians dans toutes leurs..."}]},{"@type":"WebSite","@id":"https:\/\/clavreuil-wordpress.logiciel-arteo.fr\/#website","url":"https:\/\/clavreuil-wordpress.logiciel-arteo.fr\/","name":"Libairie Clavreuil","description":"","publisher":{"@id":"https:\/\/clavreuil-wordpress.logiciel-arteo.fr\/#organization"},"potentialAction":[{"@type":"SearchAction","target":{"@type":"EntryPoint","urlTemplate":"https:\/\/clavreuil-wordpress.logiciel-arteo.fr\/?s={search_term_string}"},"query-input":{"@type":"PropertyValueSpecification","valueRequired":true,"valueName":"search_term_string"}}],"inLanguage":"en-US"},{"@type":"Organization","@id":"https:\/\/clavreuil-wordpress.logiciel-arteo.fr\/#organization","name":"Libairie Clavreuil","url":"https:\/\/clavreuil-wordpress.logiciel-arteo.fr\/","logo":{"@type":"ImageObject","inLanguage":"en-US","@id":"https:\/\/clavreuil-wordpress.logiciel-arteo.fr\/#\/schema\/logo\/image\/","url":"https:\/\/clavreuil-wordpress.logiciel-arteo.fr\/wp-content\/uploads\/2021\/05\/LOGO_PNG_DATE-_gold.png","contentUrl":"https:\/\/clavreuil-wordpress.logiciel-arteo.fr\/wp-content\/uploads\/2021\/05\/LOGO_PNG_DATE-_gold.png","width":2083,"height":1917,"caption":"Libairie Clavreuil"},"image":{"@id":"https:\/\/clavreuil-wordpress.logiciel-arteo.fr\/#\/schema\/logo\/image\/"}}]}},"_links":{"self":[{"href":"https:\/\/clavreuil-wordpress.logiciel-arteo.fr\/en\/wp-json\/wp\/v2\/product\/71981","targetHints":{"allow":["GET"]}}],"collection":[{"href":"https:\/\/clavreuil-wordpress.logiciel-arteo.fr\/en\/wp-json\/wp\/v2\/product"}],"about":[{"href":"https:\/\/clavreuil-wordpress.logiciel-arteo.fr\/en\/wp-json\/wp\/v2\/types\/product"}],"replies":[{"embeddable":true,"href":"https:\/\/clavreuil-wordpress.logiciel-arteo.fr\/en\/wp-json\/wp\/v2\/comments?post=71981"}],"wp:featuredmedia":[{"embeddable":true,"href":"https:\/\/clavreuil-wordpress.logiciel-arteo.fr\/en\/wp-json\/wp\/v2\/media\/71976"}],"wp:attachment":[{"href":"https:\/\/clavreuil-wordpress.logiciel-arteo.fr\/en\/wp-json\/wp\/v2\/media?parent=71981"}],"wp:term":[{"taxonomy":"product_brand","embeddable":true,"href":"https:\/\/clavreuil-wordpress.logiciel-arteo.fr\/en\/wp-json\/wp\/v2\/product_brand?post=71981"},{"taxonomy":"product_cat","embeddable":true,"href":"https:\/\/clavreuil-wordpress.logiciel-arteo.fr\/en\/wp-json\/wp\/v2\/product_cat?post=71981"},{"taxonomy":"product_tag","embeddable":true,"href":"https:\/\/clavreuil-wordpress.logiciel-arteo.fr\/en\/wp-json\/wp\/v2\/product_tag?post=71981"}],"curies":[{"name":"wp","href":"https:\/\/api.w.org\/{rel}","templated":true}]}}