{"id":71995,"date":"2024-04-12T16:35:10","date_gmt":"2024-04-12T14:35:10","guid":{"rendered":"https:\/\/clavreuil-wordpress.logiciel-arteo.fr\/product\/les-dons-des-enfans-de-latone-la-musique-et-la-chasse-au-cerf-poemes-dedies-au-roy-sere-des-rieux\/"},"modified":"2024-04-22T15:24:06","modified_gmt":"2024-04-22T13:24:06","slug":"les-dons-des-enfans-de-latone-la-musique-et-la-chasse-au-cerf-poemes-dedies-au-roy-sere-des-rieux","status":"publish","type":"product","link":"https:\/\/clavreuil-wordpress.logiciel-arteo.fr\/en\/les-dons-des-enfans-de-latone-la-musique-et-la-chasse-au-cerf-poemes-dedies-au-roy-sere-des-rieux\/","title":{"rendered":"SER\u00c9 DES RIEUX Les Dons des enfans de..."},"content":{"rendered":"<p style=\"text-align:justify\"><em>Schwerdt, II, 156; Thi&eacute;baud, 836-839 ; Cohen, 952.<\/em><\/p>\n<p style=\"text-align:justify\">First and only edition.<\/p>\n<p style=\"text-align:justify\">&quot;The book is composed of two poems, one on music and another which is entitled &#039;Diane, ou les Loix de la Chasse du Cerf&#039;, and based on Savary &#039;Venationis Cervinae&#8230;. leges&#039;, Caen 1659. At any rate it is free version thereof, although many new observations and reflections are introduced. This is followed by a dictionary of hunting terms, a musical play called &#039;Nouvelle chasse du cerf&#039; and a treatise on hunting notes&quot; (Schwerdt).<\/p>\n<p style=\"text-align:justify\">&quot;Ce joli volume m&eacute;rite d&#039;&ecirc;tre recherch&eacute; non seulement pour ses illustrations, mais surtout parce qu&#039;il est le premier volume qui contienne des fanfares, dont toutes celles du marquis de Dampierre, qui paraissent ici pour la premi&egrave;re fois, et au complet&quot; (Thi&eacute;baud).<\/p>\n<p style=\"text-align:justify\">The book is illustrated with 7 engravings by Le Bas of which 5 are after drawings by Oudry.<\/p>\n<p style=\"text-align:justify\"><strong>Bound with :<\/strong><\/p>\n<p style=\"text-align:justify\">1) <strong>[VOLTAIRE]. <\/strong>Le Temple du goust. A l&#039;enseigne de la v&eacute;rit&eacute;. <em>Sans lieu, chez Hierosme Print-All [Rouen, Jore], 1733.<\/em> 8vo, 63 pp.<\/p>\n<p style=\"text-align:justify\"><em>Bengesco, 602.<\/em><\/p>\n<p style=\"text-align:justify\">First edition.<\/p>\n<p style=\"text-align:justify\">2)<strong> [ROY, Pierre-Charles].<\/strong> Essai d&#039;apologie des auteurs censurez dans le Temple de goust de M. de Voltaire.<em> Sans lieu, 1733. <\/em>8vo, 13 pp.<\/p>\n<p style=\"text-align:justify\">3) <strong>[CASTRE D&#039;AUVIGNY, Jean]. <\/strong>Observations critiques sur le Temple du goust. <em>Seconde &eacute;dition augment&eacute;e. No place, 1733<\/em>. 8vo, 32 pp.<\/p>\n<p style=\"text-align:justify\">Barbier attributes the work to Pierre-Charles Roy.<\/p>\n<p style=\"text-align:justify\">One hinge split, else fine.<\/p>\n","protected":false},"excerpt":{"rendered":"<p>8vo (192 x 122 mm), de XII, 2 unn.l. including 1 blank.,1 frontspoiece and 7 engraved plates., 330 pp., 14 engraved pp. between pp. 14-15, 4 engraved pp. between pp.&nbsp;28-29, 1 f.n.ch., 32 engraved pp. and 1 nn.l. Marbled sheep, flat spine gilt (<em>contemporary binding<\/em>).<\/p>\n","protected":false},"featured_media":71982,"comment_status":"open","ping_status":"closed","template":"","meta":{"_acf_changed":false},"product_brand":[],"product_cat":[534],"product_tag":[566,568],"class_list":{"0":"post-71995","1":"product","2":"type-product","3":"status-publish","4":"has-post-thumbnail","6":"product_cat-hunting","7":"product_tag-hunting","8":"product_tag-music","9":"pa_auteur-sere-des-rieux-2","10":"pa_type-de-livre-printed-book","12":"first","13":"instock","14":"shipping-taxable","15":"purchasable","16":"product-type-simple"},"acf":[],"yoast_head":"<!-- This site is optimized with the Yoast SEO plugin v24.3 - https:\/\/yoast.com\/wordpress\/plugins\/seo\/ -->\n<title>SER\u00c9 DES RIEUX  Les Dons des enfans de Latone : la musique et la chasse au cerf. Po\u00ebmes d\u00e9di\u00e9s au Roy. - Libairie Clavreuil<\/title>\n<meta name=\"robots\" content=\"noindex, follow, max-snippet:-1, max-image-preview:large, max-video-preview:-1\" \/>\n<meta property=\"og:locale\" content=\"en_US\" \/>\n<meta property=\"og:type\" content=\"article\" \/>\n<meta property=\"og:title\" content=\"SER\u00c9 DES RIEUX  Les Dons des enfans de Latone : la musique et la chasse au cerf. Po\u00ebmes d\u00e9di\u00e9s au Roy. - Libairie Clavreuil\" \/>\n<meta property=\"og:description\" content=\"8vo (192 x 122 mm), de XII, 2 unn.l. including 1 blank.,1 frontspoiece and 7 engraved plates., 330 pp., 14 engraved pp. between pp. 14-15, 4 engraved pp. between pp.&nbsp;28-29, 1 f.n.ch., 32 engraved pp. and 1 nn.l. Marbled sheep, flat spine gilt (contemporary binding).\" \/>\n<meta property=\"og:url\" content=\"https:\/\/clavreuil-wordpress.logiciel-arteo.fr\/en\/les-dons-des-enfans-de-latone-la-musique-et-la-chasse-au-cerf-poemes-dedies-au-roy-sere-des-rieux\/\" \/>\n<meta property=\"og:site_name\" content=\"Libairie Clavreuil\" \/>\n<meta property=\"article:modified_time\" content=\"2024-04-22T13:24:06+00:00\" \/>\n<meta property=\"og:image\" content=\"https:\/\/clavreuil-wordpress.logiciel-arteo.fr\/wp-content\/uploads\/2024\/04\/sere-des-rieux-les-dons-des-enfans-de-latone-la-musique-et-la-chasse-au-cerf-poemes-dedies-au-roy-3877-6616854da6368-scaled.jpg\" \/>\n\t<meta property=\"og:image:width\" content=\"1744\" \/>\n\t<meta property=\"og:image:height\" content=\"2560\" \/>\n\t<meta property=\"og:image:type\" content=\"image\/jpeg\" \/>\n<meta name=\"twitter:card\" content=\"summary_large_image\" \/>\n<meta name=\"twitter:label1\" content=\"Est. reading time\" \/>\n\t<meta name=\"twitter:data1\" content=\"1 minute\" \/>\n<script type=\"application\/ld+json\" class=\"yoast-schema-graph\">{\"@context\":\"https:\/\/schema.org\",\"@graph\":[{\"@type\":\"WebPage\",\"@id\":\"https:\/\/clavreuil-wordpress.logiciel-arteo.fr\/en\/les-dons-des-enfans-de-latone-la-musique-et-la-chasse-au-cerf-poemes-dedies-au-roy-sere-des-rieux\/\",\"url\":\"https:\/\/clavreuil-wordpress.logiciel-arteo.fr\/en\/les-dons-des-enfans-de-latone-la-musique-et-la-chasse-au-cerf-poemes-dedies-au-roy-sere-des-rieux\/\",\"name\":\"SER\u00c9 DES RIEUX Les Dons des enfans de Latone : la musique et la chasse au cerf. Po\u00ebmes d\u00e9di\u00e9s au Roy. - Libairie Clavreuil\",\"isPartOf\":{\"@id\":\"https:\/\/clavreuil-wordpress.logiciel-arteo.fr\/#website\"},\"primaryImageOfPage\":{\"@id\":\"https:\/\/clavreuil-wordpress.logiciel-arteo.fr\/en\/les-dons-des-enfans-de-latone-la-musique-et-la-chasse-au-cerf-poemes-dedies-au-roy-sere-des-rieux\/#primaryimage\"},\"image\":{\"@id\":\"https:\/\/clavreuil-wordpress.logiciel-arteo.fr\/en\/les-dons-des-enfans-de-latone-la-musique-et-la-chasse-au-cerf-poemes-dedies-au-roy-sere-des-rieux\/#primaryimage\"},\"thumbnailUrl\":\"https:\/\/clavreuil-wordpress.logiciel-arteo.fr\/wp-content\/uploads\/2024\/04\/sere-des-rieux-les-dons-des-enfans-de-latone-la-musique-et-la-chasse-au-cerf-poemes-dedies-au-roy-3877-6616854da6368-scaled.jpg\",\"datePublished\":\"2024-04-12T14:35:10+00:00\",\"dateModified\":\"2024-04-22T13:24:06+00:00\",\"breadcrumb\":{\"@id\":\"https:\/\/clavreuil-wordpress.logiciel-arteo.fr\/en\/les-dons-des-enfans-de-latone-la-musique-et-la-chasse-au-cerf-poemes-dedies-au-roy-sere-des-rieux\/#breadcrumb\"},\"inLanguage\":\"en-US\",\"potentialAction\":[{\"@type\":\"ReadAction\",\"target\":[\"https:\/\/clavreuil-wordpress.logiciel-arteo.fr\/en\/les-dons-des-enfans-de-latone-la-musique-et-la-chasse-au-cerf-poemes-dedies-au-roy-sere-des-rieux\/\"]}]},{\"@type\":\"ImageObject\",\"inLanguage\":\"en-US\",\"@id\":\"https:\/\/clavreuil-wordpress.logiciel-arteo.fr\/en\/les-dons-des-enfans-de-latone-la-musique-et-la-chasse-au-cerf-poemes-dedies-au-roy-sere-des-rieux\/#primaryimage\",\"url\":\"https:\/\/clavreuil-wordpress.logiciel-arteo.fr\/wp-content\/uploads\/2024\/04\/sere-des-rieux-les-dons-des-enfans-de-latone-la-musique-et-la-chasse-au-cerf-poemes-dedies-au-roy-3877-6616854da6368-scaled.jpg\",\"contentUrl\":\"https:\/\/clavreuil-wordpress.logiciel-arteo.fr\/wp-content\/uploads\/2024\/04\/sere-des-rieux-les-dons-des-enfans-de-latone-la-musique-et-la-chasse-au-cerf-poemes-dedies-au-roy-3877-6616854da6368-scaled.jpg\",\"width\":1744,\"height\":2560},{\"@type\":\"BreadcrumbList\",\"@id\":\"https:\/\/clavreuil-wordpress.logiciel-arteo.fr\/en\/les-dons-des-enfans-de-latone-la-musique-et-la-chasse-au-cerf-poemes-dedies-au-roy-sere-des-rieux\/#breadcrumb\",\"itemListElement\":[{\"@type\":\"ListItem\",\"position\":1,\"name\":\"Accueil\",\"item\":\"https:\/\/clavreuil-wordpress.logiciel-arteo.fr\/\"},{\"@type\":\"ListItem\",\"position\":2,\"name\":\"All our books\",\"item\":\"https:\/\/clavreuil-wordpress.logiciel-arteo.fr\/en\/all-our-books\/\"},{\"@type\":\"ListItem\",\"position\":3,\"name\":\"SER\u00c9 DES RIEUX Les Dons des enfans de...\"}]},{\"@type\":\"WebSite\",\"@id\":\"https:\/\/clavreuil-wordpress.logiciel-arteo.fr\/#website\",\"url\":\"https:\/\/clavreuil-wordpress.logiciel-arteo.fr\/\",\"name\":\"Libairie Clavreuil\",\"description\":\"\",\"publisher\":{\"@id\":\"https:\/\/clavreuil-wordpress.logiciel-arteo.fr\/#organization\"},\"potentialAction\":[{\"@type\":\"SearchAction\",\"target\":{\"@type\":\"EntryPoint\",\"urlTemplate\":\"https:\/\/clavreuil-wordpress.logiciel-arteo.fr\/?s={search_term_string}\"},\"query-input\":{\"@type\":\"PropertyValueSpecification\",\"valueRequired\":true,\"valueName\":\"search_term_string\"}}],\"inLanguage\":\"en-US\"},{\"@type\":\"Organization\",\"@id\":\"https:\/\/clavreuil-wordpress.logiciel-arteo.fr\/#organization\",\"name\":\"Libairie Clavreuil\",\"url\":\"https:\/\/clavreuil-wordpress.logiciel-arteo.fr\/\",\"logo\":{\"@type\":\"ImageObject\",\"inLanguage\":\"en-US\",\"@id\":\"https:\/\/clavreuil-wordpress.logiciel-arteo.fr\/#\/schema\/logo\/image\/\",\"url\":\"https:\/\/clavreuil-wordpress.logiciel-arteo.fr\/wp-content\/uploads\/2021\/05\/LOGO_PNG_DATE-_gold.png\",\"contentUrl\":\"https:\/\/clavreuil-wordpress.logiciel-arteo.fr\/wp-content\/uploads\/2021\/05\/LOGO_PNG_DATE-_gold.png\",\"width\":2083,\"height\":1917,\"caption\":\"Libairie Clavreuil\"},\"image\":{\"@id\":\"https:\/\/clavreuil-wordpress.logiciel-arteo.fr\/#\/schema\/logo\/image\/\"}}]}<\/script>\n<!-- \/ Yoast SEO plugin. -->","yoast_head_json":{"title":"SER\u00c9 DES RIEUX  Les Dons des enfans de Latone : la musique et la chasse au cerf. Po\u00ebmes d\u00e9di\u00e9s au Roy. - Libairie Clavreuil","robots":{"index":"noindex","follow":"follow","max-snippet":"max-snippet:-1","max-image-preview":"max-image-preview:large","max-video-preview":"max-video-preview:-1"},"og_locale":"en_US","og_type":"article","og_title":"SER\u00c9 DES RIEUX  Les Dons des enfans de Latone : la musique et la chasse au cerf. Po\u00ebmes d\u00e9di\u00e9s au Roy. - Libairie Clavreuil","og_description":"8vo (192 x 122 mm), de XII, 2 unn.l. including 1 blank.,1 frontspoiece and 7 engraved plates., 330 pp., 14 engraved pp. between pp. 14-15, 4 engraved pp. between pp.&nbsp;28-29, 1 f.n.ch., 32 engraved pp. and 1 nn.l. Marbled sheep, flat spine gilt (contemporary binding).","og_url":"https:\/\/clavreuil-wordpress.logiciel-arteo.fr\/en\/les-dons-des-enfans-de-latone-la-musique-et-la-chasse-au-cerf-poemes-dedies-au-roy-sere-des-rieux\/","og_site_name":"Libairie Clavreuil","article_modified_time":"2024-04-22T13:24:06+00:00","og_image":[{"width":1744,"height":2560,"url":"https:\/\/clavreuil-wordpress.logiciel-arteo.fr\/wp-content\/uploads\/2024\/04\/sere-des-rieux-les-dons-des-enfans-de-latone-la-musique-et-la-chasse-au-cerf-poemes-dedies-au-roy-3877-6616854da6368-scaled.jpg","type":"image\/jpeg"}],"twitter_card":"summary_large_image","twitter_misc":{"Est. reading time":"1 minute"},"schema":{"@context":"https:\/\/schema.org","@graph":[{"@type":"WebPage","@id":"https:\/\/clavreuil-wordpress.logiciel-arteo.fr\/en\/les-dons-des-enfans-de-latone-la-musique-et-la-chasse-au-cerf-poemes-dedies-au-roy-sere-des-rieux\/","url":"https:\/\/clavreuil-wordpress.logiciel-arteo.fr\/en\/les-dons-des-enfans-de-latone-la-musique-et-la-chasse-au-cerf-poemes-dedies-au-roy-sere-des-rieux\/","name":"SER\u00c9 DES RIEUX Les Dons des enfans de Latone : la musique et la chasse au cerf. Po\u00ebmes d\u00e9di\u00e9s au Roy. - Libairie Clavreuil","isPartOf":{"@id":"https:\/\/clavreuil-wordpress.logiciel-arteo.fr\/#website"},"primaryImageOfPage":{"@id":"https:\/\/clavreuil-wordpress.logiciel-arteo.fr\/en\/les-dons-des-enfans-de-latone-la-musique-et-la-chasse-au-cerf-poemes-dedies-au-roy-sere-des-rieux\/#primaryimage"},"image":{"@id":"https:\/\/clavreuil-wordpress.logiciel-arteo.fr\/en\/les-dons-des-enfans-de-latone-la-musique-et-la-chasse-au-cerf-poemes-dedies-au-roy-sere-des-rieux\/#primaryimage"},"thumbnailUrl":"https:\/\/clavreuil-wordpress.logiciel-arteo.fr\/wp-content\/uploads\/2024\/04\/sere-des-rieux-les-dons-des-enfans-de-latone-la-musique-et-la-chasse-au-cerf-poemes-dedies-au-roy-3877-6616854da6368-scaled.jpg","datePublished":"2024-04-12T14:35:10+00:00","dateModified":"2024-04-22T13:24:06+00:00","breadcrumb":{"@id":"https:\/\/clavreuil-wordpress.logiciel-arteo.fr\/en\/les-dons-des-enfans-de-latone-la-musique-et-la-chasse-au-cerf-poemes-dedies-au-roy-sere-des-rieux\/#breadcrumb"},"inLanguage":"en-US","potentialAction":[{"@type":"ReadAction","target":["https:\/\/clavreuil-wordpress.logiciel-arteo.fr\/en\/les-dons-des-enfans-de-latone-la-musique-et-la-chasse-au-cerf-poemes-dedies-au-roy-sere-des-rieux\/"]}]},{"@type":"ImageObject","inLanguage":"en-US","@id":"https:\/\/clavreuil-wordpress.logiciel-arteo.fr\/en\/les-dons-des-enfans-de-latone-la-musique-et-la-chasse-au-cerf-poemes-dedies-au-roy-sere-des-rieux\/#primaryimage","url":"https:\/\/clavreuil-wordpress.logiciel-arteo.fr\/wp-content\/uploads\/2024\/04\/sere-des-rieux-les-dons-des-enfans-de-latone-la-musique-et-la-chasse-au-cerf-poemes-dedies-au-roy-3877-6616854da6368-scaled.jpg","contentUrl":"https:\/\/clavreuil-wordpress.logiciel-arteo.fr\/wp-content\/uploads\/2024\/04\/sere-des-rieux-les-dons-des-enfans-de-latone-la-musique-et-la-chasse-au-cerf-poemes-dedies-au-roy-3877-6616854da6368-scaled.jpg","width":1744,"height":2560},{"@type":"BreadcrumbList","@id":"https:\/\/clavreuil-wordpress.logiciel-arteo.fr\/en\/les-dons-des-enfans-de-latone-la-musique-et-la-chasse-au-cerf-poemes-dedies-au-roy-sere-des-rieux\/#breadcrumb","itemListElement":[{"@type":"ListItem","position":1,"name":"Accueil","item":"https:\/\/clavreuil-wordpress.logiciel-arteo.fr\/"},{"@type":"ListItem","position":2,"name":"All our books","item":"https:\/\/clavreuil-wordpress.logiciel-arteo.fr\/en\/all-our-books\/"},{"@type":"ListItem","position":3,"name":"SER\u00c9 DES RIEUX Les Dons des enfans de..."}]},{"@type":"WebSite","@id":"https:\/\/clavreuil-wordpress.logiciel-arteo.fr\/#website","url":"https:\/\/clavreuil-wordpress.logiciel-arteo.fr\/","name":"Libairie Clavreuil","description":"","publisher":{"@id":"https:\/\/clavreuil-wordpress.logiciel-arteo.fr\/#organization"},"potentialAction":[{"@type":"SearchAction","target":{"@type":"EntryPoint","urlTemplate":"https:\/\/clavreuil-wordpress.logiciel-arteo.fr\/?s={search_term_string}"},"query-input":{"@type":"PropertyValueSpecification","valueRequired":true,"valueName":"search_term_string"}}],"inLanguage":"en-US"},{"@type":"Organization","@id":"https:\/\/clavreuil-wordpress.logiciel-arteo.fr\/#organization","name":"Libairie Clavreuil","url":"https:\/\/clavreuil-wordpress.logiciel-arteo.fr\/","logo":{"@type":"ImageObject","inLanguage":"en-US","@id":"https:\/\/clavreuil-wordpress.logiciel-arteo.fr\/#\/schema\/logo\/image\/","url":"https:\/\/clavreuil-wordpress.logiciel-arteo.fr\/wp-content\/uploads\/2021\/05\/LOGO_PNG_DATE-_gold.png","contentUrl":"https:\/\/clavreuil-wordpress.logiciel-arteo.fr\/wp-content\/uploads\/2021\/05\/LOGO_PNG_DATE-_gold.png","width":2083,"height":1917,"caption":"Libairie Clavreuil"},"image":{"@id":"https:\/\/clavreuil-wordpress.logiciel-arteo.fr\/#\/schema\/logo\/image\/"}}]}},"_links":{"self":[{"href":"https:\/\/clavreuil-wordpress.logiciel-arteo.fr\/en\/wp-json\/wp\/v2\/product\/71995","targetHints":{"allow":["GET"]}}],"collection":[{"href":"https:\/\/clavreuil-wordpress.logiciel-arteo.fr\/en\/wp-json\/wp\/v2\/product"}],"about":[{"href":"https:\/\/clavreuil-wordpress.logiciel-arteo.fr\/en\/wp-json\/wp\/v2\/types\/product"}],"replies":[{"embeddable":true,"href":"https:\/\/clavreuil-wordpress.logiciel-arteo.fr\/en\/wp-json\/wp\/v2\/comments?post=71995"}],"wp:featuredmedia":[{"embeddable":true,"href":"https:\/\/clavreuil-wordpress.logiciel-arteo.fr\/en\/wp-json\/wp\/v2\/media\/71982"}],"wp:attachment":[{"href":"https:\/\/clavreuil-wordpress.logiciel-arteo.fr\/en\/wp-json\/wp\/v2\/media?parent=71995"}],"wp:term":[{"taxonomy":"product_brand","embeddable":true,"href":"https:\/\/clavreuil-wordpress.logiciel-arteo.fr\/en\/wp-json\/wp\/v2\/product_brand?post=71995"},{"taxonomy":"product_cat","embeddable":true,"href":"https:\/\/clavreuil-wordpress.logiciel-arteo.fr\/en\/wp-json\/wp\/v2\/product_cat?post=71995"},{"taxonomy":"product_tag","embeddable":true,"href":"https:\/\/clavreuil-wordpress.logiciel-arteo.fr\/en\/wp-json\/wp\/v2\/product_tag?post=71995"}],"curies":[{"name":"wp","href":"https:\/\/api.w.org\/{rel}","templated":true}]}}