{"id":72023,"date":"2024-04-12T16:55:35","date_gmt":"2024-04-12T14:55:35","guid":{"rendered":"https:\/\/clavreuil-wordpress.logiciel-arteo.fr\/product\/lagronome-dictionnaire-portatif-du-cultivateur-seconde-edition-revue-corrigee-et-augmentee-pons-augustin-alletz\/"},"modified":"2024-04-22T15:34:01","modified_gmt":"2024-04-22T13:34:01","slug":"lagronome-dictionnaire-portatif-du-cultivateur-seconde-edition-revue-corrigee-et-augmentee-pons-augustin-alletz","status":"publish","type":"product","link":"https:\/\/clavreuil-wordpress.logiciel-arteo.fr\/en\/lagronome-dictionnaire-portatif-du-cultivateur-seconde-edition-revue-corrigee-et-augmentee-pons-augustin-alletz\/","title":{"rendered":"ALLETZ Pons Augustin L&#8217;Agronome. Dictionnaire portatif du cultivateur&#8230;..."},"content":{"rendered":"<p style=\"text-align:justify\"><em>Vicaire, Gastronomie, col. 8; Goldsmiths&#039; 9949; this edition is not in &nbsp;Kress (who cites only the first of 1761 and that of 1770).&nbsp;<\/em><\/p>\n<p style=\"text-align:justify\">One of the best eighteenth-century manuals on country life.&nbsp;<\/p>\n<p style=\"text-align:justify\">This work by Pons Augustin Alletz (1703-1785) was very popular and often reprinted until the following century. It not only contains details of gardening, animal husbandry, veterinary medicine and hunting, but also a large number of practical cooking recipes. The large section devoted to vines and wine contains information on choosing wines, anecdotes about authors who have written about wine and the different types of wine (red, clairet, gris, white), Burgundy, Champagne, Muscat de Saint-Laurent-en-Provence, Spanish wines, sweet wines, etc., recipes for aromatic wines (wormwood, dill, aniseed, fennel, etc.), as well as recipes for making vinegar.&nbsp;<\/p>\n<p style=\"text-align:justify\">Minor rubbing, otherwise a fine copy.<\/p>\n","protected":false},"excerpt":{"rendered":"<p>2 volumes, 8vo (168 x 103 mm), of&nbsp; XXIV, 683 pp. for the volume I; 2 unn.l., 676 pp., 1 nn.l.. Speckeled sheep, spine gilt with raised bands, marbled edges (<em>contemporary binding<\/em>).<\/p>\n","protected":false},"featured_media":72018,"comment_status":"open","ping_status":"closed","template":"","meta":{"_acf_changed":false},"product_brand":[],"product_cat":[532],"product_tag":[576,590,584,588,586],"class_list":{"0":"post-72023","1":"product","2":"type-product","3":"status-publish","4":"has-post-thumbnail","6":"product_cat-botanical","7":"product_tag-agriculture-2","8":"product_tag-botanical","9":"product_tag-gardens","10":"product_tag-gastronomy","11":"product_tag-veterinarian","12":"pa_auteur-pons-augustin-alletz-2","13":"pa_type-de-livre-printed-book","15":"first","16":"instock","17":"shipping-taxable","18":"purchasable","19":"product-type-simple"},"acf":[],"yoast_head":"<!-- This site is optimized with the Yoast SEO plugin v24.3 - https:\/\/yoast.com\/wordpress\/plugins\/seo\/ -->\n<title>ALLETZ Pons Augustin L&#039;Agronome. Dictionnaire portatif du cultivateur... Seconde \u00e9dition, revue, corrig\u00e9e et augment\u00e9e. - Libairie Clavreuil<\/title>\n<meta name=\"robots\" content=\"noindex, follow, max-snippet:-1, max-image-preview:large, max-video-preview:-1\" \/>\n<meta property=\"og:locale\" content=\"en_US\" \/>\n<meta property=\"og:type\" content=\"article\" \/>\n<meta property=\"og:title\" content=\"ALLETZ Pons Augustin L&#039;Agronome. Dictionnaire portatif du cultivateur... Seconde \u00e9dition, revue, corrig\u00e9e et augment\u00e9e. - Libairie Clavreuil\" \/>\n<meta property=\"og:description\" content=\"2 volumes, 8vo (168 x 103 mm), of&nbsp; XXIV, 683 pp. for the volume I; 2 unn.l., 676 pp., 1 nn.l.. Speckeled sheep, spine gilt with raised bands, marbled edges (contemporary binding).\" \/>\n<meta property=\"og:url\" content=\"https:\/\/clavreuil-wordpress.logiciel-arteo.fr\/en\/lagronome-dictionnaire-portatif-du-cultivateur-seconde-edition-revue-corrigee-et-augmentee-pons-augustin-alletz\/\" \/>\n<meta property=\"og:site_name\" content=\"Libairie Clavreuil\" \/>\n<meta property=\"article:modified_time\" content=\"2024-04-22T13:34:01+00:00\" \/>\n<meta property=\"og:image\" content=\"https:\/\/clavreuil-wordpress.logiciel-arteo.fr\/wp-content\/uploads\/2024\/04\/pons-augustin-alletz-l-agronome-dictionnaire-portatif-du-cultivateur-seconde-edition-revue-corrigee-et-augmentee-4322-66166ac6d92d7-scaled.jpg\" \/>\n\t<meta property=\"og:image:width\" content=\"1920\" \/>\n\t<meta property=\"og:image:height\" content=\"2560\" \/>\n\t<meta property=\"og:image:type\" content=\"image\/jpeg\" \/>\n<meta name=\"twitter:card\" content=\"summary_large_image\" \/>\n<meta name=\"twitter:label1\" content=\"Est. reading time\" \/>\n\t<meta name=\"twitter:data1\" content=\"1 minute\" \/>\n<script type=\"application\/ld+json\" class=\"yoast-schema-graph\">{\"@context\":\"https:\/\/schema.org\",\"@graph\":[{\"@type\":\"WebPage\",\"@id\":\"https:\/\/clavreuil-wordpress.logiciel-arteo.fr\/en\/lagronome-dictionnaire-portatif-du-cultivateur-seconde-edition-revue-corrigee-et-augmentee-pons-augustin-alletz\/\",\"url\":\"https:\/\/clavreuil-wordpress.logiciel-arteo.fr\/en\/lagronome-dictionnaire-portatif-du-cultivateur-seconde-edition-revue-corrigee-et-augmentee-pons-augustin-alletz\/\",\"name\":\"ALLETZ Pons Augustin L'Agronome. Dictionnaire portatif du cultivateur... Seconde \u00e9dition, revue, corrig\u00e9e et augment\u00e9e. - Libairie Clavreuil\",\"isPartOf\":{\"@id\":\"https:\/\/clavreuil-wordpress.logiciel-arteo.fr\/#website\"},\"primaryImageOfPage\":{\"@id\":\"https:\/\/clavreuil-wordpress.logiciel-arteo.fr\/en\/lagronome-dictionnaire-portatif-du-cultivateur-seconde-edition-revue-corrigee-et-augmentee-pons-augustin-alletz\/#primaryimage\"},\"image\":{\"@id\":\"https:\/\/clavreuil-wordpress.logiciel-arteo.fr\/en\/lagronome-dictionnaire-portatif-du-cultivateur-seconde-edition-revue-corrigee-et-augmentee-pons-augustin-alletz\/#primaryimage\"},\"thumbnailUrl\":\"https:\/\/clavreuil-wordpress.logiciel-arteo.fr\/wp-content\/uploads\/2024\/04\/pons-augustin-alletz-l-agronome-dictionnaire-portatif-du-cultivateur-seconde-edition-revue-corrigee-et-augmentee-4322-66166ac6d92d7-scaled.jpg\",\"datePublished\":\"2024-04-12T14:55:35+00:00\",\"dateModified\":\"2024-04-22T13:34:01+00:00\",\"breadcrumb\":{\"@id\":\"https:\/\/clavreuil-wordpress.logiciel-arteo.fr\/en\/lagronome-dictionnaire-portatif-du-cultivateur-seconde-edition-revue-corrigee-et-augmentee-pons-augustin-alletz\/#breadcrumb\"},\"inLanguage\":\"en-US\",\"potentialAction\":[{\"@type\":\"ReadAction\",\"target\":[\"https:\/\/clavreuil-wordpress.logiciel-arteo.fr\/en\/lagronome-dictionnaire-portatif-du-cultivateur-seconde-edition-revue-corrigee-et-augmentee-pons-augustin-alletz\/\"]}]},{\"@type\":\"ImageObject\",\"inLanguage\":\"en-US\",\"@id\":\"https:\/\/clavreuil-wordpress.logiciel-arteo.fr\/en\/lagronome-dictionnaire-portatif-du-cultivateur-seconde-edition-revue-corrigee-et-augmentee-pons-augustin-alletz\/#primaryimage\",\"url\":\"https:\/\/clavreuil-wordpress.logiciel-arteo.fr\/wp-content\/uploads\/2024\/04\/pons-augustin-alletz-l-agronome-dictionnaire-portatif-du-cultivateur-seconde-edition-revue-corrigee-et-augmentee-4322-66166ac6d92d7-scaled.jpg\",\"contentUrl\":\"https:\/\/clavreuil-wordpress.logiciel-arteo.fr\/wp-content\/uploads\/2024\/04\/pons-augustin-alletz-l-agronome-dictionnaire-portatif-du-cultivateur-seconde-edition-revue-corrigee-et-augmentee-4322-66166ac6d92d7-scaled.jpg\",\"width\":1920,\"height\":2560},{\"@type\":\"BreadcrumbList\",\"@id\":\"https:\/\/clavreuil-wordpress.logiciel-arteo.fr\/en\/lagronome-dictionnaire-portatif-du-cultivateur-seconde-edition-revue-corrigee-et-augmentee-pons-augustin-alletz\/#breadcrumb\",\"itemListElement\":[{\"@type\":\"ListItem\",\"position\":1,\"name\":\"Accueil\",\"item\":\"https:\/\/clavreuil-wordpress.logiciel-arteo.fr\/\"},{\"@type\":\"ListItem\",\"position\":2,\"name\":\"All our books\",\"item\":\"https:\/\/clavreuil-wordpress.logiciel-arteo.fr\/en\/all-our-books\/\"},{\"@type\":\"ListItem\",\"position\":3,\"name\":\"ALLETZ Pons Augustin L&#8217;Agronome. Dictionnaire portatif du cultivateur&#8230;...\"}]},{\"@type\":\"WebSite\",\"@id\":\"https:\/\/clavreuil-wordpress.logiciel-arteo.fr\/#website\",\"url\":\"https:\/\/clavreuil-wordpress.logiciel-arteo.fr\/\",\"name\":\"Libairie Clavreuil\",\"description\":\"\",\"publisher\":{\"@id\":\"https:\/\/clavreuil-wordpress.logiciel-arteo.fr\/#organization\"},\"potentialAction\":[{\"@type\":\"SearchAction\",\"target\":{\"@type\":\"EntryPoint\",\"urlTemplate\":\"https:\/\/clavreuil-wordpress.logiciel-arteo.fr\/?s={search_term_string}\"},\"query-input\":{\"@type\":\"PropertyValueSpecification\",\"valueRequired\":true,\"valueName\":\"search_term_string\"}}],\"inLanguage\":\"en-US\"},{\"@type\":\"Organization\",\"@id\":\"https:\/\/clavreuil-wordpress.logiciel-arteo.fr\/#organization\",\"name\":\"Libairie Clavreuil\",\"url\":\"https:\/\/clavreuil-wordpress.logiciel-arteo.fr\/\",\"logo\":{\"@type\":\"ImageObject\",\"inLanguage\":\"en-US\",\"@id\":\"https:\/\/clavreuil-wordpress.logiciel-arteo.fr\/#\/schema\/logo\/image\/\",\"url\":\"https:\/\/clavreuil-wordpress.logiciel-arteo.fr\/wp-content\/uploads\/2021\/05\/LOGO_PNG_DATE-_gold.png\",\"contentUrl\":\"https:\/\/clavreuil-wordpress.logiciel-arteo.fr\/wp-content\/uploads\/2021\/05\/LOGO_PNG_DATE-_gold.png\",\"width\":2083,\"height\":1917,\"caption\":\"Libairie Clavreuil\"},\"image\":{\"@id\":\"https:\/\/clavreuil-wordpress.logiciel-arteo.fr\/#\/schema\/logo\/image\/\"}}]}<\/script>\n<!-- \/ Yoast SEO plugin. -->","yoast_head_json":{"title":"ALLETZ Pons Augustin L'Agronome. Dictionnaire portatif du cultivateur... Seconde \u00e9dition, revue, corrig\u00e9e et augment\u00e9e. - Libairie Clavreuil","robots":{"index":"noindex","follow":"follow","max-snippet":"max-snippet:-1","max-image-preview":"max-image-preview:large","max-video-preview":"max-video-preview:-1"},"og_locale":"en_US","og_type":"article","og_title":"ALLETZ Pons Augustin L'Agronome. Dictionnaire portatif du cultivateur... Seconde \u00e9dition, revue, corrig\u00e9e et augment\u00e9e. - Libairie Clavreuil","og_description":"2 volumes, 8vo (168 x 103 mm), of&nbsp; XXIV, 683 pp. for the volume I; 2 unn.l., 676 pp., 1 nn.l.. Speckeled sheep, spine gilt with raised bands, marbled edges (contemporary binding).","og_url":"https:\/\/clavreuil-wordpress.logiciel-arteo.fr\/en\/lagronome-dictionnaire-portatif-du-cultivateur-seconde-edition-revue-corrigee-et-augmentee-pons-augustin-alletz\/","og_site_name":"Libairie Clavreuil","article_modified_time":"2024-04-22T13:34:01+00:00","og_image":[{"width":1920,"height":2560,"url":"https:\/\/clavreuil-wordpress.logiciel-arteo.fr\/wp-content\/uploads\/2024\/04\/pons-augustin-alletz-l-agronome-dictionnaire-portatif-du-cultivateur-seconde-edition-revue-corrigee-et-augmentee-4322-66166ac6d92d7-scaled.jpg","type":"image\/jpeg"}],"twitter_card":"summary_large_image","twitter_misc":{"Est. reading time":"1 minute"},"schema":{"@context":"https:\/\/schema.org","@graph":[{"@type":"WebPage","@id":"https:\/\/clavreuil-wordpress.logiciel-arteo.fr\/en\/lagronome-dictionnaire-portatif-du-cultivateur-seconde-edition-revue-corrigee-et-augmentee-pons-augustin-alletz\/","url":"https:\/\/clavreuil-wordpress.logiciel-arteo.fr\/en\/lagronome-dictionnaire-portatif-du-cultivateur-seconde-edition-revue-corrigee-et-augmentee-pons-augustin-alletz\/","name":"ALLETZ Pons Augustin L'Agronome. Dictionnaire portatif du cultivateur... Seconde \u00e9dition, revue, corrig\u00e9e et augment\u00e9e. - Libairie Clavreuil","isPartOf":{"@id":"https:\/\/clavreuil-wordpress.logiciel-arteo.fr\/#website"},"primaryImageOfPage":{"@id":"https:\/\/clavreuil-wordpress.logiciel-arteo.fr\/en\/lagronome-dictionnaire-portatif-du-cultivateur-seconde-edition-revue-corrigee-et-augmentee-pons-augustin-alletz\/#primaryimage"},"image":{"@id":"https:\/\/clavreuil-wordpress.logiciel-arteo.fr\/en\/lagronome-dictionnaire-portatif-du-cultivateur-seconde-edition-revue-corrigee-et-augmentee-pons-augustin-alletz\/#primaryimage"},"thumbnailUrl":"https:\/\/clavreuil-wordpress.logiciel-arteo.fr\/wp-content\/uploads\/2024\/04\/pons-augustin-alletz-l-agronome-dictionnaire-portatif-du-cultivateur-seconde-edition-revue-corrigee-et-augmentee-4322-66166ac6d92d7-scaled.jpg","datePublished":"2024-04-12T14:55:35+00:00","dateModified":"2024-04-22T13:34:01+00:00","breadcrumb":{"@id":"https:\/\/clavreuil-wordpress.logiciel-arteo.fr\/en\/lagronome-dictionnaire-portatif-du-cultivateur-seconde-edition-revue-corrigee-et-augmentee-pons-augustin-alletz\/#breadcrumb"},"inLanguage":"en-US","potentialAction":[{"@type":"ReadAction","target":["https:\/\/clavreuil-wordpress.logiciel-arteo.fr\/en\/lagronome-dictionnaire-portatif-du-cultivateur-seconde-edition-revue-corrigee-et-augmentee-pons-augustin-alletz\/"]}]},{"@type":"ImageObject","inLanguage":"en-US","@id":"https:\/\/clavreuil-wordpress.logiciel-arteo.fr\/en\/lagronome-dictionnaire-portatif-du-cultivateur-seconde-edition-revue-corrigee-et-augmentee-pons-augustin-alletz\/#primaryimage","url":"https:\/\/clavreuil-wordpress.logiciel-arteo.fr\/wp-content\/uploads\/2024\/04\/pons-augustin-alletz-l-agronome-dictionnaire-portatif-du-cultivateur-seconde-edition-revue-corrigee-et-augmentee-4322-66166ac6d92d7-scaled.jpg","contentUrl":"https:\/\/clavreuil-wordpress.logiciel-arteo.fr\/wp-content\/uploads\/2024\/04\/pons-augustin-alletz-l-agronome-dictionnaire-portatif-du-cultivateur-seconde-edition-revue-corrigee-et-augmentee-4322-66166ac6d92d7-scaled.jpg","width":1920,"height":2560},{"@type":"BreadcrumbList","@id":"https:\/\/clavreuil-wordpress.logiciel-arteo.fr\/en\/lagronome-dictionnaire-portatif-du-cultivateur-seconde-edition-revue-corrigee-et-augmentee-pons-augustin-alletz\/#breadcrumb","itemListElement":[{"@type":"ListItem","position":1,"name":"Accueil","item":"https:\/\/clavreuil-wordpress.logiciel-arteo.fr\/"},{"@type":"ListItem","position":2,"name":"All our books","item":"https:\/\/clavreuil-wordpress.logiciel-arteo.fr\/en\/all-our-books\/"},{"@type":"ListItem","position":3,"name":"ALLETZ Pons Augustin L&#8217;Agronome. Dictionnaire portatif du cultivateur&#8230;..."}]},{"@type":"WebSite","@id":"https:\/\/clavreuil-wordpress.logiciel-arteo.fr\/#website","url":"https:\/\/clavreuil-wordpress.logiciel-arteo.fr\/","name":"Libairie Clavreuil","description":"","publisher":{"@id":"https:\/\/clavreuil-wordpress.logiciel-arteo.fr\/#organization"},"potentialAction":[{"@type":"SearchAction","target":{"@type":"EntryPoint","urlTemplate":"https:\/\/clavreuil-wordpress.logiciel-arteo.fr\/?s={search_term_string}"},"query-input":{"@type":"PropertyValueSpecification","valueRequired":true,"valueName":"search_term_string"}}],"inLanguage":"en-US"},{"@type":"Organization","@id":"https:\/\/clavreuil-wordpress.logiciel-arteo.fr\/#organization","name":"Libairie Clavreuil","url":"https:\/\/clavreuil-wordpress.logiciel-arteo.fr\/","logo":{"@type":"ImageObject","inLanguage":"en-US","@id":"https:\/\/clavreuil-wordpress.logiciel-arteo.fr\/#\/schema\/logo\/image\/","url":"https:\/\/clavreuil-wordpress.logiciel-arteo.fr\/wp-content\/uploads\/2021\/05\/LOGO_PNG_DATE-_gold.png","contentUrl":"https:\/\/clavreuil-wordpress.logiciel-arteo.fr\/wp-content\/uploads\/2021\/05\/LOGO_PNG_DATE-_gold.png","width":2083,"height":1917,"caption":"Libairie Clavreuil"},"image":{"@id":"https:\/\/clavreuil-wordpress.logiciel-arteo.fr\/#\/schema\/logo\/image\/"}}]}},"_links":{"self":[{"href":"https:\/\/clavreuil-wordpress.logiciel-arteo.fr\/en\/wp-json\/wp\/v2\/product\/72023","targetHints":{"allow":["GET"]}}],"collection":[{"href":"https:\/\/clavreuil-wordpress.logiciel-arteo.fr\/en\/wp-json\/wp\/v2\/product"}],"about":[{"href":"https:\/\/clavreuil-wordpress.logiciel-arteo.fr\/en\/wp-json\/wp\/v2\/types\/product"}],"replies":[{"embeddable":true,"href":"https:\/\/clavreuil-wordpress.logiciel-arteo.fr\/en\/wp-json\/wp\/v2\/comments?post=72023"}],"wp:featuredmedia":[{"embeddable":true,"href":"https:\/\/clavreuil-wordpress.logiciel-arteo.fr\/en\/wp-json\/wp\/v2\/media\/72018"}],"wp:attachment":[{"href":"https:\/\/clavreuil-wordpress.logiciel-arteo.fr\/en\/wp-json\/wp\/v2\/media?parent=72023"}],"wp:term":[{"taxonomy":"product_brand","embeddable":true,"href":"https:\/\/clavreuil-wordpress.logiciel-arteo.fr\/en\/wp-json\/wp\/v2\/product_brand?post=72023"},{"taxonomy":"product_cat","embeddable":true,"href":"https:\/\/clavreuil-wordpress.logiciel-arteo.fr\/en\/wp-json\/wp\/v2\/product_cat?post=72023"},{"taxonomy":"product_tag","embeddable":true,"href":"https:\/\/clavreuil-wordpress.logiciel-arteo.fr\/en\/wp-json\/wp\/v2\/product_tag?post=72023"}],"curies":[{"name":"wp","href":"https:\/\/api.w.org\/{rel}","templated":true}]}}