{"id":72037,"date":"2024-04-12T17:00:51","date_gmt":"2024-04-12T15:00:51","guid":{"rendered":"https:\/\/clavreuil-wordpress.logiciel-arteo.fr\/product\/les-martyrs-ou-le-triomphe-de-la-religion-chretienne-francois-rene-chateaubriand\/"},"modified":"2024-04-22T15:35:25","modified_gmt":"2024-04-22T13:35:25","slug":"les-martyrs-ou-le-triomphe-de-la-religion-chretienne-francois-rene-chateaubriand","status":"publish","type":"product","link":"https:\/\/clavreuil-wordpress.logiciel-arteo.fr\/en\/les-martyrs-ou-le-triomphe-de-la-religion-chretienne-francois-rene-chateaubriand\/","title":{"rendered":"CHATEAUBRIAND Fran\u00e7ois-Ren\u00e9 Les Martyrs, ou le triomphe de..."},"content":{"rendered":"<p style=\"text-align:justify\"><em>Carteret, I, 162 ; Clouzot, 62 (&quot;difficile &agrave; rencontrer en reliures de l&#039;&eacute;poque de belle qualit&eacute;&quot;).<\/em><\/p>\n<p style=\"text-align:justify\">First edition. &quot;Les Martyrs sont &agrave; la fois un roman, un po&egrave;me h&eacute;ro&iuml;que destin&eacute; &agrave; soutenir une th&egrave;se et une suite de descriptions tir&eacute;es par l&#039;auteur de ses notes de voyage. C&#039;est surtout en tant que roman historique qu&#039;ils nous int&eacute;ressent encore. De ce point de vue, c&#039;est une v&eacute;ritable r&eacute;ussite. Le roman est habilement construit, d&#039;un int&eacute;r&ecirc;t soutenu, et les caract&egrave;res y sont fort bien camp&eacute;s&quot; (Laffont-Bompiani).<\/p>\n<p style=\"text-align:justify\">It was in Rome in 1802, &quot;a few months after the publication of the Genius of Christianity&quot; (introduction), that Chateaubriand began writing his work. He had gathered together an enormous mass of documents on the early days of Christianity, surrounded himself with scholars to guide him, and even visited the places where the action of his poem was to take place.<\/p>\n<p style=\"text-align:justify\">Fine binding, the boards of which are decorated with a gilt roulette reminiscent of that used by Boz&eacute;rian. Carteret states that the first edition is &quot;rare and sought-after in a contemporary binding&quot;. Small burn hole on pp. 341\/342 of vol. II; hinges restored, rubbed.<\/p>\n","protected":false},"excerpt":{"rendered":"<p>2 volumes, 8vo (203 x 124 mm) XXIV, 414 pp. for volume I (pp.335\/336 misbound between 320\/321) ; half-title, 403 pp., 1 nn.l. (errata), 10 pp. of bookseller&#039;s catalogue&nbsp; for volume II. Contemporary polished calf, decorative gilt border on covers depicting vines, flat spine gilt, gilt edges (hinges worn).<\/p>\n","protected":false},"featured_media":72033,"comment_status":"open","ping_status":"closed","template":"","meta":{"_acf_changed":false},"product_brand":[],"product_cat":[544],"product_tag":[598],"class_list":{"0":"post-72037","1":"product","2":"type-product","3":"status-publish","4":"has-post-thumbnail","6":"product_cat-literature","7":"product_tag-19th-century-literature","8":"pa_auteur-francois-rene-chateaubriand-2","9":"pa_type-de-livre-printed-book","11":"first","12":"outofstock","13":"shipping-taxable","14":"purchasable","15":"product-type-simple"},"acf":[],"yoast_head":"<!-- This site is optimized with the Yoast SEO plugin v24.3 - https:\/\/yoast.com\/wordpress\/plugins\/seo\/ -->\n<title>CHATEAUBRIAND Fran\u00e7ois-Ren\u00e9 Les Martyrs, ou le triomphe de la religion chr\u00e9tienne. - Libairie Clavreuil<\/title>\n<meta name=\"robots\" content=\"noindex, follow, max-snippet:-1, max-image-preview:large, max-video-preview:-1\" \/>\n<meta property=\"og:locale\" content=\"en_US\" \/>\n<meta property=\"og:type\" content=\"article\" \/>\n<meta property=\"og:title\" content=\"CHATEAUBRIAND Fran\u00e7ois-Ren\u00e9 Les Martyrs, ou le triomphe de la religion chr\u00e9tienne. - Libairie Clavreuil\" \/>\n<meta property=\"og:description\" content=\"2 volumes, 8vo (203 x 124 mm) XXIV, 414 pp. for volume I (pp.335\/336 misbound between 320\/321) ; half-title, 403 pp., 1 nn.l. (errata), 10 pp. of bookseller&#039;s catalogue&nbsp; for volume II. Contemporary polished calf, decorative gilt border on covers depicting vines, flat spine gilt, gilt edges (hinges worn).\" \/>\n<meta property=\"og:url\" content=\"https:\/\/clavreuil-wordpress.logiciel-arteo.fr\/en\/les-martyrs-ou-le-triomphe-de-la-religion-chretienne-francois-rene-chateaubriand\/\" \/>\n<meta property=\"og:site_name\" content=\"Libairie Clavreuil\" \/>\n<meta property=\"article:modified_time\" content=\"2024-04-22T13:35:25+00:00\" \/>\n<meta property=\"og:image\" content=\"https:\/\/clavreuil-wordpress.logiciel-arteo.fr\/wp-content\/uploads\/2024\/04\/francois-rene-chateaubriand-les-martyrs-ou-le-triomphe-de-la-religion-chretienne-4431-65b8e13c3a214.jpg\" \/>\n\t<meta property=\"og:image:width\" content=\"689\" \/>\n\t<meta property=\"og:image:height\" content=\"1034\" \/>\n\t<meta property=\"og:image:type\" content=\"image\/jpeg\" \/>\n<meta name=\"twitter:card\" content=\"summary_large_image\" \/>\n<meta name=\"twitter:label1\" content=\"Est. reading time\" \/>\n\t<meta name=\"twitter:data1\" content=\"1 minute\" \/>\n<script type=\"application\/ld+json\" class=\"yoast-schema-graph\">{\"@context\":\"https:\/\/schema.org\",\"@graph\":[{\"@type\":\"WebPage\",\"@id\":\"https:\/\/clavreuil-wordpress.logiciel-arteo.fr\/en\/les-martyrs-ou-le-triomphe-de-la-religion-chretienne-francois-rene-chateaubriand\/\",\"url\":\"https:\/\/clavreuil-wordpress.logiciel-arteo.fr\/en\/les-martyrs-ou-le-triomphe-de-la-religion-chretienne-francois-rene-chateaubriand\/\",\"name\":\"CHATEAUBRIAND Fran\u00e7ois-Ren\u00e9 Les Martyrs, ou le triomphe de la religion chr\u00e9tienne. - Libairie Clavreuil\",\"isPartOf\":{\"@id\":\"https:\/\/clavreuil-wordpress.logiciel-arteo.fr\/#website\"},\"primaryImageOfPage\":{\"@id\":\"https:\/\/clavreuil-wordpress.logiciel-arteo.fr\/en\/les-martyrs-ou-le-triomphe-de-la-religion-chretienne-francois-rene-chateaubriand\/#primaryimage\"},\"image\":{\"@id\":\"https:\/\/clavreuil-wordpress.logiciel-arteo.fr\/en\/les-martyrs-ou-le-triomphe-de-la-religion-chretienne-francois-rene-chateaubriand\/#primaryimage\"},\"thumbnailUrl\":\"https:\/\/clavreuil-wordpress.logiciel-arteo.fr\/wp-content\/uploads\/2024\/04\/francois-rene-chateaubriand-les-martyrs-ou-le-triomphe-de-la-religion-chretienne-4431-65b8e13c3a214.jpg\",\"datePublished\":\"2024-04-12T15:00:51+00:00\",\"dateModified\":\"2024-04-22T13:35:25+00:00\",\"breadcrumb\":{\"@id\":\"https:\/\/clavreuil-wordpress.logiciel-arteo.fr\/en\/les-martyrs-ou-le-triomphe-de-la-religion-chretienne-francois-rene-chateaubriand\/#breadcrumb\"},\"inLanguage\":\"en-US\",\"potentialAction\":[{\"@type\":\"ReadAction\",\"target\":[\"https:\/\/clavreuil-wordpress.logiciel-arteo.fr\/en\/les-martyrs-ou-le-triomphe-de-la-religion-chretienne-francois-rene-chateaubriand\/\"]}]},{\"@type\":\"ImageObject\",\"inLanguage\":\"en-US\",\"@id\":\"https:\/\/clavreuil-wordpress.logiciel-arteo.fr\/en\/les-martyrs-ou-le-triomphe-de-la-religion-chretienne-francois-rene-chateaubriand\/#primaryimage\",\"url\":\"https:\/\/clavreuil-wordpress.logiciel-arteo.fr\/wp-content\/uploads\/2024\/04\/francois-rene-chateaubriand-les-martyrs-ou-le-triomphe-de-la-religion-chretienne-4431-65b8e13c3a214.jpg\",\"contentUrl\":\"https:\/\/clavreuil-wordpress.logiciel-arteo.fr\/wp-content\/uploads\/2024\/04\/francois-rene-chateaubriand-les-martyrs-ou-le-triomphe-de-la-religion-chretienne-4431-65b8e13c3a214.jpg\",\"width\":689,\"height\":1034},{\"@type\":\"BreadcrumbList\",\"@id\":\"https:\/\/clavreuil-wordpress.logiciel-arteo.fr\/en\/les-martyrs-ou-le-triomphe-de-la-religion-chretienne-francois-rene-chateaubriand\/#breadcrumb\",\"itemListElement\":[{\"@type\":\"ListItem\",\"position\":1,\"name\":\"Accueil\",\"item\":\"https:\/\/clavreuil-wordpress.logiciel-arteo.fr\/\"},{\"@type\":\"ListItem\",\"position\":2,\"name\":\"All our books\",\"item\":\"https:\/\/clavreuil-wordpress.logiciel-arteo.fr\/en\/all-our-books\/\"},{\"@type\":\"ListItem\",\"position\":3,\"name\":\"CHATEAUBRIAND Fran\u00e7ois-Ren\u00e9 Les Martyrs, ou le triomphe de...\"}]},{\"@type\":\"WebSite\",\"@id\":\"https:\/\/clavreuil-wordpress.logiciel-arteo.fr\/#website\",\"url\":\"https:\/\/clavreuil-wordpress.logiciel-arteo.fr\/\",\"name\":\"Libairie Clavreuil\",\"description\":\"\",\"publisher\":{\"@id\":\"https:\/\/clavreuil-wordpress.logiciel-arteo.fr\/#organization\"},\"potentialAction\":[{\"@type\":\"SearchAction\",\"target\":{\"@type\":\"EntryPoint\",\"urlTemplate\":\"https:\/\/clavreuil-wordpress.logiciel-arteo.fr\/?s={search_term_string}\"},\"query-input\":{\"@type\":\"PropertyValueSpecification\",\"valueRequired\":true,\"valueName\":\"search_term_string\"}}],\"inLanguage\":\"en-US\"},{\"@type\":\"Organization\",\"@id\":\"https:\/\/clavreuil-wordpress.logiciel-arteo.fr\/#organization\",\"name\":\"Libairie Clavreuil\",\"url\":\"https:\/\/clavreuil-wordpress.logiciel-arteo.fr\/\",\"logo\":{\"@type\":\"ImageObject\",\"inLanguage\":\"en-US\",\"@id\":\"https:\/\/clavreuil-wordpress.logiciel-arteo.fr\/#\/schema\/logo\/image\/\",\"url\":\"https:\/\/clavreuil-wordpress.logiciel-arteo.fr\/wp-content\/uploads\/2021\/05\/LOGO_PNG_DATE-_gold.png\",\"contentUrl\":\"https:\/\/clavreuil-wordpress.logiciel-arteo.fr\/wp-content\/uploads\/2021\/05\/LOGO_PNG_DATE-_gold.png\",\"width\":2083,\"height\":1917,\"caption\":\"Libairie Clavreuil\"},\"image\":{\"@id\":\"https:\/\/clavreuil-wordpress.logiciel-arteo.fr\/#\/schema\/logo\/image\/\"}}]}<\/script>\n<!-- \/ Yoast SEO plugin. -->","yoast_head_json":{"title":"CHATEAUBRIAND Fran\u00e7ois-Ren\u00e9 Les Martyrs, ou le triomphe de la religion chr\u00e9tienne. - Libairie Clavreuil","robots":{"index":"noindex","follow":"follow","max-snippet":"max-snippet:-1","max-image-preview":"max-image-preview:large","max-video-preview":"max-video-preview:-1"},"og_locale":"en_US","og_type":"article","og_title":"CHATEAUBRIAND Fran\u00e7ois-Ren\u00e9 Les Martyrs, ou le triomphe de la religion chr\u00e9tienne. - Libairie Clavreuil","og_description":"2 volumes, 8vo (203 x 124 mm) XXIV, 414 pp. for volume I (pp.335\/336 misbound between 320\/321) ; half-title, 403 pp., 1 nn.l. (errata), 10 pp. of bookseller&#039;s catalogue&nbsp; for volume II. Contemporary polished calf, decorative gilt border on covers depicting vines, flat spine gilt, gilt edges (hinges worn).","og_url":"https:\/\/clavreuil-wordpress.logiciel-arteo.fr\/en\/les-martyrs-ou-le-triomphe-de-la-religion-chretienne-francois-rene-chateaubriand\/","og_site_name":"Libairie Clavreuil","article_modified_time":"2024-04-22T13:35:25+00:00","og_image":[{"width":689,"height":1034,"url":"https:\/\/clavreuil-wordpress.logiciel-arteo.fr\/wp-content\/uploads\/2024\/04\/francois-rene-chateaubriand-les-martyrs-ou-le-triomphe-de-la-religion-chretienne-4431-65b8e13c3a214.jpg","type":"image\/jpeg"}],"twitter_card":"summary_large_image","twitter_misc":{"Est. reading time":"1 minute"},"schema":{"@context":"https:\/\/schema.org","@graph":[{"@type":"WebPage","@id":"https:\/\/clavreuil-wordpress.logiciel-arteo.fr\/en\/les-martyrs-ou-le-triomphe-de-la-religion-chretienne-francois-rene-chateaubriand\/","url":"https:\/\/clavreuil-wordpress.logiciel-arteo.fr\/en\/les-martyrs-ou-le-triomphe-de-la-religion-chretienne-francois-rene-chateaubriand\/","name":"CHATEAUBRIAND Fran\u00e7ois-Ren\u00e9 Les Martyrs, ou le triomphe de la religion chr\u00e9tienne. - Libairie Clavreuil","isPartOf":{"@id":"https:\/\/clavreuil-wordpress.logiciel-arteo.fr\/#website"},"primaryImageOfPage":{"@id":"https:\/\/clavreuil-wordpress.logiciel-arteo.fr\/en\/les-martyrs-ou-le-triomphe-de-la-religion-chretienne-francois-rene-chateaubriand\/#primaryimage"},"image":{"@id":"https:\/\/clavreuil-wordpress.logiciel-arteo.fr\/en\/les-martyrs-ou-le-triomphe-de-la-religion-chretienne-francois-rene-chateaubriand\/#primaryimage"},"thumbnailUrl":"https:\/\/clavreuil-wordpress.logiciel-arteo.fr\/wp-content\/uploads\/2024\/04\/francois-rene-chateaubriand-les-martyrs-ou-le-triomphe-de-la-religion-chretienne-4431-65b8e13c3a214.jpg","datePublished":"2024-04-12T15:00:51+00:00","dateModified":"2024-04-22T13:35:25+00:00","breadcrumb":{"@id":"https:\/\/clavreuil-wordpress.logiciel-arteo.fr\/en\/les-martyrs-ou-le-triomphe-de-la-religion-chretienne-francois-rene-chateaubriand\/#breadcrumb"},"inLanguage":"en-US","potentialAction":[{"@type":"ReadAction","target":["https:\/\/clavreuil-wordpress.logiciel-arteo.fr\/en\/les-martyrs-ou-le-triomphe-de-la-religion-chretienne-francois-rene-chateaubriand\/"]}]},{"@type":"ImageObject","inLanguage":"en-US","@id":"https:\/\/clavreuil-wordpress.logiciel-arteo.fr\/en\/les-martyrs-ou-le-triomphe-de-la-religion-chretienne-francois-rene-chateaubriand\/#primaryimage","url":"https:\/\/clavreuil-wordpress.logiciel-arteo.fr\/wp-content\/uploads\/2024\/04\/francois-rene-chateaubriand-les-martyrs-ou-le-triomphe-de-la-religion-chretienne-4431-65b8e13c3a214.jpg","contentUrl":"https:\/\/clavreuil-wordpress.logiciel-arteo.fr\/wp-content\/uploads\/2024\/04\/francois-rene-chateaubriand-les-martyrs-ou-le-triomphe-de-la-religion-chretienne-4431-65b8e13c3a214.jpg","width":689,"height":1034},{"@type":"BreadcrumbList","@id":"https:\/\/clavreuil-wordpress.logiciel-arteo.fr\/en\/les-martyrs-ou-le-triomphe-de-la-religion-chretienne-francois-rene-chateaubriand\/#breadcrumb","itemListElement":[{"@type":"ListItem","position":1,"name":"Accueil","item":"https:\/\/clavreuil-wordpress.logiciel-arteo.fr\/"},{"@type":"ListItem","position":2,"name":"All our books","item":"https:\/\/clavreuil-wordpress.logiciel-arteo.fr\/en\/all-our-books\/"},{"@type":"ListItem","position":3,"name":"CHATEAUBRIAND Fran\u00e7ois-Ren\u00e9 Les Martyrs, ou le triomphe de..."}]},{"@type":"WebSite","@id":"https:\/\/clavreuil-wordpress.logiciel-arteo.fr\/#website","url":"https:\/\/clavreuil-wordpress.logiciel-arteo.fr\/","name":"Libairie Clavreuil","description":"","publisher":{"@id":"https:\/\/clavreuil-wordpress.logiciel-arteo.fr\/#organization"},"potentialAction":[{"@type":"SearchAction","target":{"@type":"EntryPoint","urlTemplate":"https:\/\/clavreuil-wordpress.logiciel-arteo.fr\/?s={search_term_string}"},"query-input":{"@type":"PropertyValueSpecification","valueRequired":true,"valueName":"search_term_string"}}],"inLanguage":"en-US"},{"@type":"Organization","@id":"https:\/\/clavreuil-wordpress.logiciel-arteo.fr\/#organization","name":"Libairie Clavreuil","url":"https:\/\/clavreuil-wordpress.logiciel-arteo.fr\/","logo":{"@type":"ImageObject","inLanguage":"en-US","@id":"https:\/\/clavreuil-wordpress.logiciel-arteo.fr\/#\/schema\/logo\/image\/","url":"https:\/\/clavreuil-wordpress.logiciel-arteo.fr\/wp-content\/uploads\/2021\/05\/LOGO_PNG_DATE-_gold.png","contentUrl":"https:\/\/clavreuil-wordpress.logiciel-arteo.fr\/wp-content\/uploads\/2021\/05\/LOGO_PNG_DATE-_gold.png","width":2083,"height":1917,"caption":"Libairie Clavreuil"},"image":{"@id":"https:\/\/clavreuil-wordpress.logiciel-arteo.fr\/#\/schema\/logo\/image\/"}}]}},"_links":{"self":[{"href":"https:\/\/clavreuil-wordpress.logiciel-arteo.fr\/en\/wp-json\/wp\/v2\/product\/72037","targetHints":{"allow":["GET"]}}],"collection":[{"href":"https:\/\/clavreuil-wordpress.logiciel-arteo.fr\/en\/wp-json\/wp\/v2\/product"}],"about":[{"href":"https:\/\/clavreuil-wordpress.logiciel-arteo.fr\/en\/wp-json\/wp\/v2\/types\/product"}],"replies":[{"embeddable":true,"href":"https:\/\/clavreuil-wordpress.logiciel-arteo.fr\/en\/wp-json\/wp\/v2\/comments?post=72037"}],"wp:featuredmedia":[{"embeddable":true,"href":"https:\/\/clavreuil-wordpress.logiciel-arteo.fr\/en\/wp-json\/wp\/v2\/media\/72033"}],"wp:attachment":[{"href":"https:\/\/clavreuil-wordpress.logiciel-arteo.fr\/en\/wp-json\/wp\/v2\/media?parent=72037"}],"wp:term":[{"taxonomy":"product_brand","embeddable":true,"href":"https:\/\/clavreuil-wordpress.logiciel-arteo.fr\/en\/wp-json\/wp\/v2\/product_brand?post=72037"},{"taxonomy":"product_cat","embeddable":true,"href":"https:\/\/clavreuil-wordpress.logiciel-arteo.fr\/en\/wp-json\/wp\/v2\/product_cat?post=72037"},{"taxonomy":"product_tag","embeddable":true,"href":"https:\/\/clavreuil-wordpress.logiciel-arteo.fr\/en\/wp-json\/wp\/v2\/product_tag?post=72037"}],"curies":[{"name":"wp","href":"https:\/\/api.w.org\/{rel}","templated":true}]}}