{"id":72045,"date":"2024-04-12T17:03:08","date_gmt":"2024-04-12T15:03:08","guid":{"rendered":"https:\/\/clavreuil-wordpress.logiciel-arteo.fr\/product\/traite-des-caracteres-physiques-des-pierres-precieuses-pour-servir-a-leur-determination-lorsquelles-ont-ete-taillees-abbe-rene-just-hauy\/"},"modified":"2024-04-22T15:38:37","modified_gmt":"2024-04-22T13:38:37","slug":"traite-des-caracteres-physiques-des-pierres-precieuses-pour-servir-a-leur-determination-lorsquelles-ont-ete-taillees-abbe-rene-just-hauy","status":"publish","type":"product","link":"https:\/\/clavreuil-wordpress.logiciel-arteo.fr\/en\/traite-des-caracteres-physiques-des-pierres-precieuses-pour-servir-a-leur-determination-lorsquelles-ont-ete-taillees-abbe-rene-just-hauy\/","title":{"rendered":"HA\u00dcY abb\u00e9 Ren\u00e9-Just Trait\u00e9 des caract\u00e8res physiques des..."},"content":{"rendered":"<p style=\"text-align:justify\"><em>Wheatland 111 ; Sinkankas, I, 2811.<\/em><\/p>\n<p style=\"text-align:justify\">First edition of this work of fundamental importance in the science of gemology.<\/p>\n<p style=\"text-align:justify\">&quot;Typically precise and detailed in his statements, Ha&uuml;y here provides the first determinative gemmology worthy of that name. The lengthy introduction discusses progress in mineralogy, especially in respect to the now outmoded idea that gemstones by virtue of their superior hardness and resistance to traditional methods of chemical decomposition, were mineralogically in a class distinct from other species. Recent work in chemistry and crystallography clearly demonstrated that gemstones are no more than purer specimens of common species, citing the work of Klaproth in recognizing zirconium in zircon and of Vauquelin who found glucinum (beryllium) in beryl&#8230; A work of fundamental importance in the science of gemology and marking the transition from a purely descriptive method to accurate determination of properties and applying them to identification&quot; (Sinkankas).<\/p>\n<p style=\"text-align:justify\">The three plates by Cloquet show stones and minerals as well as instruments, including Nicholson&#039;s hydrometer.<\/p>\n<p style=\"text-align:justify\">Very good copy despite some occasional foxing. With the bookseller&#039;s catalogue by Asselin bound between pages 250\/251.<\/p>\n","protected":false},"excerpt":{"rendered":"<p>8vo (195 x 123 mm) VIII, XXII, 253 pp., 3 engraved plates. Slightly later green sheep backed boards, spine decorated with the monogram &#039;F.G.&#039; at foot.<\/p>\n","protected":false},"featured_media":72038,"comment_status":"open","ping_status":"closed","template":"","meta":{"_acf_changed":false},"product_brand":[],"product_cat":[540],"product_tag":[608,572,580,610],"class_list":{"0":"post-72045","1":"product","2":"type-product","3":"status-publish","4":"has-post-thumbnail","6":"product_cat-natural-history","7":"product_tag-electricity","8":"product_tag-gemmology","9":"product_tag-hydraulic","10":"product_tag-optical","11":"pa_auteur-abbe-rene-just-hauy-2","12":"pa_type-de-livre-printed-book","14":"first","15":"instock","16":"shipping-taxable","17":"purchasable","18":"product-type-simple"},"acf":[],"yoast_head":"<!-- This site is optimized with the Yoast SEO plugin v24.3 - https:\/\/yoast.com\/wordpress\/plugins\/seo\/ -->\n<title>HA\u00dcY abb\u00e9 Ren\u00e9-Just Trait\u00e9 des caract\u00e8res physiques des pierres pr\u00e9cieuses pour servir \u00e0 leur d\u00e9termination lorsqu&#039;elles ont \u00e9t\u00e9 taill\u00e9es. - Libairie Clavreuil<\/title>\n<meta name=\"robots\" content=\"noindex, follow, max-snippet:-1, max-image-preview:large, max-video-preview:-1\" \/>\n<meta property=\"og:locale\" content=\"en_US\" \/>\n<meta property=\"og:type\" content=\"article\" \/>\n<meta property=\"og:title\" content=\"HA\u00dcY abb\u00e9 Ren\u00e9-Just Trait\u00e9 des caract\u00e8res physiques des pierres pr\u00e9cieuses pour servir \u00e0 leur d\u00e9termination lorsqu&#039;elles ont \u00e9t\u00e9 taill\u00e9es. - Libairie Clavreuil\" \/>\n<meta property=\"og:description\" content=\"8vo (195 x 123 mm) VIII, XXII, 253 pp., 3 engraved plates. Slightly later green sheep backed boards, spine decorated with the monogram &#039;F.G.&#039; at foot.\" \/>\n<meta property=\"og:url\" content=\"https:\/\/clavreuil-wordpress.logiciel-arteo.fr\/en\/traite-des-caracteres-physiques-des-pierres-precieuses-pour-servir-a-leur-determination-lorsquelles-ont-ete-taillees-abbe-rene-just-hauy\/\" \/>\n<meta property=\"og:site_name\" content=\"Libairie Clavreuil\" \/>\n<meta property=\"article:modified_time\" content=\"2024-04-22T13:38:37+00:00\" \/>\n<meta property=\"og:image\" content=\"https:\/\/clavreuil-wordpress.logiciel-arteo.fr\/wp-content\/uploads\/2024\/04\/abbe-rene-just-hauey-traite-des-caracteres-physiques-des-pierres-precieuses-pour-servir-a-leur-determination-lorsqu-elles-ont-ete-taillees-4787-66168e-scaled.jpg\" \/>\n\t<meta property=\"og:image:width\" content=\"2560\" \/>\n\t<meta property=\"og:image:height\" content=\"1923\" \/>\n\t<meta property=\"og:image:type\" content=\"image\/jpeg\" \/>\n<meta name=\"twitter:card\" content=\"summary_large_image\" \/>\n<meta name=\"twitter:label1\" content=\"Est. reading time\" \/>\n\t<meta name=\"twitter:data1\" content=\"1 minute\" \/>\n<script type=\"application\/ld+json\" class=\"yoast-schema-graph\">{\"@context\":\"https:\/\/schema.org\",\"@graph\":[{\"@type\":\"WebPage\",\"@id\":\"https:\/\/clavreuil-wordpress.logiciel-arteo.fr\/en\/traite-des-caracteres-physiques-des-pierres-precieuses-pour-servir-a-leur-determination-lorsquelles-ont-ete-taillees-abbe-rene-just-hauy\/\",\"url\":\"https:\/\/clavreuil-wordpress.logiciel-arteo.fr\/en\/traite-des-caracteres-physiques-des-pierres-precieuses-pour-servir-a-leur-determination-lorsquelles-ont-ete-taillees-abbe-rene-just-hauy\/\",\"name\":\"HA\u00dcY abb\u00e9 Ren\u00e9-Just Trait\u00e9 des caract\u00e8res physiques des pierres pr\u00e9cieuses pour servir \u00e0 leur d\u00e9termination lorsqu'elles ont \u00e9t\u00e9 taill\u00e9es. - Libairie Clavreuil\",\"isPartOf\":{\"@id\":\"https:\/\/clavreuil-wordpress.logiciel-arteo.fr\/#website\"},\"primaryImageOfPage\":{\"@id\":\"https:\/\/clavreuil-wordpress.logiciel-arteo.fr\/en\/traite-des-caracteres-physiques-des-pierres-precieuses-pour-servir-a-leur-determination-lorsquelles-ont-ete-taillees-abbe-rene-just-hauy\/#primaryimage\"},\"image\":{\"@id\":\"https:\/\/clavreuil-wordpress.logiciel-arteo.fr\/en\/traite-des-caracteres-physiques-des-pierres-precieuses-pour-servir-a-leur-determination-lorsquelles-ont-ete-taillees-abbe-rene-just-hauy\/#primaryimage\"},\"thumbnailUrl\":\"https:\/\/clavreuil-wordpress.logiciel-arteo.fr\/wp-content\/uploads\/2024\/04\/abbe-rene-just-hauey-traite-des-caracteres-physiques-des-pierres-precieuses-pour-servir-a-leur-determination-lorsqu-elles-ont-ete-taillees-4787-66168e-scaled.jpg\",\"datePublished\":\"2024-04-12T15:03:08+00:00\",\"dateModified\":\"2024-04-22T13:38:37+00:00\",\"breadcrumb\":{\"@id\":\"https:\/\/clavreuil-wordpress.logiciel-arteo.fr\/en\/traite-des-caracteres-physiques-des-pierres-precieuses-pour-servir-a-leur-determination-lorsquelles-ont-ete-taillees-abbe-rene-just-hauy\/#breadcrumb\"},\"inLanguage\":\"en-US\",\"potentialAction\":[{\"@type\":\"ReadAction\",\"target\":[\"https:\/\/clavreuil-wordpress.logiciel-arteo.fr\/en\/traite-des-caracteres-physiques-des-pierres-precieuses-pour-servir-a-leur-determination-lorsquelles-ont-ete-taillees-abbe-rene-just-hauy\/\"]}]},{\"@type\":\"ImageObject\",\"inLanguage\":\"en-US\",\"@id\":\"https:\/\/clavreuil-wordpress.logiciel-arteo.fr\/en\/traite-des-caracteres-physiques-des-pierres-precieuses-pour-servir-a-leur-determination-lorsquelles-ont-ete-taillees-abbe-rene-just-hauy\/#primaryimage\",\"url\":\"https:\/\/clavreuil-wordpress.logiciel-arteo.fr\/wp-content\/uploads\/2024\/04\/abbe-rene-just-hauey-traite-des-caracteres-physiques-des-pierres-precieuses-pour-servir-a-leur-determination-lorsqu-elles-ont-ete-taillees-4787-66168e-scaled.jpg\",\"contentUrl\":\"https:\/\/clavreuil-wordpress.logiciel-arteo.fr\/wp-content\/uploads\/2024\/04\/abbe-rene-just-hauey-traite-des-caracteres-physiques-des-pierres-precieuses-pour-servir-a-leur-determination-lorsqu-elles-ont-ete-taillees-4787-66168e-scaled.jpg\",\"width\":2560,\"height\":1923},{\"@type\":\"BreadcrumbList\",\"@id\":\"https:\/\/clavreuil-wordpress.logiciel-arteo.fr\/en\/traite-des-caracteres-physiques-des-pierres-precieuses-pour-servir-a-leur-determination-lorsquelles-ont-ete-taillees-abbe-rene-just-hauy\/#breadcrumb\",\"itemListElement\":[{\"@type\":\"ListItem\",\"position\":1,\"name\":\"Accueil\",\"item\":\"https:\/\/clavreuil-wordpress.logiciel-arteo.fr\/\"},{\"@type\":\"ListItem\",\"position\":2,\"name\":\"All our books\",\"item\":\"https:\/\/clavreuil-wordpress.logiciel-arteo.fr\/en\/all-our-books\/\"},{\"@type\":\"ListItem\",\"position\":3,\"name\":\"HA\u00dcY abb\u00e9 Ren\u00e9-Just Trait\u00e9 des caract\u00e8res physiques des...\"}]},{\"@type\":\"WebSite\",\"@id\":\"https:\/\/clavreuil-wordpress.logiciel-arteo.fr\/#website\",\"url\":\"https:\/\/clavreuil-wordpress.logiciel-arteo.fr\/\",\"name\":\"Libairie Clavreuil\",\"description\":\"\",\"publisher\":{\"@id\":\"https:\/\/clavreuil-wordpress.logiciel-arteo.fr\/#organization\"},\"potentialAction\":[{\"@type\":\"SearchAction\",\"target\":{\"@type\":\"EntryPoint\",\"urlTemplate\":\"https:\/\/clavreuil-wordpress.logiciel-arteo.fr\/?s={search_term_string}\"},\"query-input\":{\"@type\":\"PropertyValueSpecification\",\"valueRequired\":true,\"valueName\":\"search_term_string\"}}],\"inLanguage\":\"en-US\"},{\"@type\":\"Organization\",\"@id\":\"https:\/\/clavreuil-wordpress.logiciel-arteo.fr\/#organization\",\"name\":\"Libairie Clavreuil\",\"url\":\"https:\/\/clavreuil-wordpress.logiciel-arteo.fr\/\",\"logo\":{\"@type\":\"ImageObject\",\"inLanguage\":\"en-US\",\"@id\":\"https:\/\/clavreuil-wordpress.logiciel-arteo.fr\/#\/schema\/logo\/image\/\",\"url\":\"https:\/\/clavreuil-wordpress.logiciel-arteo.fr\/wp-content\/uploads\/2021\/05\/LOGO_PNG_DATE-_gold.png\",\"contentUrl\":\"https:\/\/clavreuil-wordpress.logiciel-arteo.fr\/wp-content\/uploads\/2021\/05\/LOGO_PNG_DATE-_gold.png\",\"width\":2083,\"height\":1917,\"caption\":\"Libairie Clavreuil\"},\"image\":{\"@id\":\"https:\/\/clavreuil-wordpress.logiciel-arteo.fr\/#\/schema\/logo\/image\/\"}}]}<\/script>\n<!-- \/ Yoast SEO plugin. -->","yoast_head_json":{"title":"HA\u00dcY abb\u00e9 Ren\u00e9-Just Trait\u00e9 des caract\u00e8res physiques des pierres pr\u00e9cieuses pour servir \u00e0 leur d\u00e9termination lorsqu'elles ont \u00e9t\u00e9 taill\u00e9es. - Libairie Clavreuil","robots":{"index":"noindex","follow":"follow","max-snippet":"max-snippet:-1","max-image-preview":"max-image-preview:large","max-video-preview":"max-video-preview:-1"},"og_locale":"en_US","og_type":"article","og_title":"HA\u00dcY abb\u00e9 Ren\u00e9-Just Trait\u00e9 des caract\u00e8res physiques des pierres pr\u00e9cieuses pour servir \u00e0 leur d\u00e9termination lorsqu'elles ont \u00e9t\u00e9 taill\u00e9es. - Libairie Clavreuil","og_description":"8vo (195 x 123 mm) VIII, XXII, 253 pp., 3 engraved plates. Slightly later green sheep backed boards, spine decorated with the monogram &#039;F.G.&#039; at foot.","og_url":"https:\/\/clavreuil-wordpress.logiciel-arteo.fr\/en\/traite-des-caracteres-physiques-des-pierres-precieuses-pour-servir-a-leur-determination-lorsquelles-ont-ete-taillees-abbe-rene-just-hauy\/","og_site_name":"Libairie Clavreuil","article_modified_time":"2024-04-22T13:38:37+00:00","og_image":[{"width":2560,"height":1923,"url":"https:\/\/clavreuil-wordpress.logiciel-arteo.fr\/wp-content\/uploads\/2024\/04\/abbe-rene-just-hauey-traite-des-caracteres-physiques-des-pierres-precieuses-pour-servir-a-leur-determination-lorsqu-elles-ont-ete-taillees-4787-66168e-scaled.jpg","type":"image\/jpeg"}],"twitter_card":"summary_large_image","twitter_misc":{"Est. reading time":"1 minute"},"schema":{"@context":"https:\/\/schema.org","@graph":[{"@type":"WebPage","@id":"https:\/\/clavreuil-wordpress.logiciel-arteo.fr\/en\/traite-des-caracteres-physiques-des-pierres-precieuses-pour-servir-a-leur-determination-lorsquelles-ont-ete-taillees-abbe-rene-just-hauy\/","url":"https:\/\/clavreuil-wordpress.logiciel-arteo.fr\/en\/traite-des-caracteres-physiques-des-pierres-precieuses-pour-servir-a-leur-determination-lorsquelles-ont-ete-taillees-abbe-rene-just-hauy\/","name":"HA\u00dcY abb\u00e9 Ren\u00e9-Just Trait\u00e9 des caract\u00e8res physiques des pierres pr\u00e9cieuses pour servir \u00e0 leur d\u00e9termination lorsqu'elles ont \u00e9t\u00e9 taill\u00e9es. - Libairie Clavreuil","isPartOf":{"@id":"https:\/\/clavreuil-wordpress.logiciel-arteo.fr\/#website"},"primaryImageOfPage":{"@id":"https:\/\/clavreuil-wordpress.logiciel-arteo.fr\/en\/traite-des-caracteres-physiques-des-pierres-precieuses-pour-servir-a-leur-determination-lorsquelles-ont-ete-taillees-abbe-rene-just-hauy\/#primaryimage"},"image":{"@id":"https:\/\/clavreuil-wordpress.logiciel-arteo.fr\/en\/traite-des-caracteres-physiques-des-pierres-precieuses-pour-servir-a-leur-determination-lorsquelles-ont-ete-taillees-abbe-rene-just-hauy\/#primaryimage"},"thumbnailUrl":"https:\/\/clavreuil-wordpress.logiciel-arteo.fr\/wp-content\/uploads\/2024\/04\/abbe-rene-just-hauey-traite-des-caracteres-physiques-des-pierres-precieuses-pour-servir-a-leur-determination-lorsqu-elles-ont-ete-taillees-4787-66168e-scaled.jpg","datePublished":"2024-04-12T15:03:08+00:00","dateModified":"2024-04-22T13:38:37+00:00","breadcrumb":{"@id":"https:\/\/clavreuil-wordpress.logiciel-arteo.fr\/en\/traite-des-caracteres-physiques-des-pierres-precieuses-pour-servir-a-leur-determination-lorsquelles-ont-ete-taillees-abbe-rene-just-hauy\/#breadcrumb"},"inLanguage":"en-US","potentialAction":[{"@type":"ReadAction","target":["https:\/\/clavreuil-wordpress.logiciel-arteo.fr\/en\/traite-des-caracteres-physiques-des-pierres-precieuses-pour-servir-a-leur-determination-lorsquelles-ont-ete-taillees-abbe-rene-just-hauy\/"]}]},{"@type":"ImageObject","inLanguage":"en-US","@id":"https:\/\/clavreuil-wordpress.logiciel-arteo.fr\/en\/traite-des-caracteres-physiques-des-pierres-precieuses-pour-servir-a-leur-determination-lorsquelles-ont-ete-taillees-abbe-rene-just-hauy\/#primaryimage","url":"https:\/\/clavreuil-wordpress.logiciel-arteo.fr\/wp-content\/uploads\/2024\/04\/abbe-rene-just-hauey-traite-des-caracteres-physiques-des-pierres-precieuses-pour-servir-a-leur-determination-lorsqu-elles-ont-ete-taillees-4787-66168e-scaled.jpg","contentUrl":"https:\/\/clavreuil-wordpress.logiciel-arteo.fr\/wp-content\/uploads\/2024\/04\/abbe-rene-just-hauey-traite-des-caracteres-physiques-des-pierres-precieuses-pour-servir-a-leur-determination-lorsqu-elles-ont-ete-taillees-4787-66168e-scaled.jpg","width":2560,"height":1923},{"@type":"BreadcrumbList","@id":"https:\/\/clavreuil-wordpress.logiciel-arteo.fr\/en\/traite-des-caracteres-physiques-des-pierres-precieuses-pour-servir-a-leur-determination-lorsquelles-ont-ete-taillees-abbe-rene-just-hauy\/#breadcrumb","itemListElement":[{"@type":"ListItem","position":1,"name":"Accueil","item":"https:\/\/clavreuil-wordpress.logiciel-arteo.fr\/"},{"@type":"ListItem","position":2,"name":"All our books","item":"https:\/\/clavreuil-wordpress.logiciel-arteo.fr\/en\/all-our-books\/"},{"@type":"ListItem","position":3,"name":"HA\u00dcY abb\u00e9 Ren\u00e9-Just Trait\u00e9 des caract\u00e8res physiques des..."}]},{"@type":"WebSite","@id":"https:\/\/clavreuil-wordpress.logiciel-arteo.fr\/#website","url":"https:\/\/clavreuil-wordpress.logiciel-arteo.fr\/","name":"Libairie Clavreuil","description":"","publisher":{"@id":"https:\/\/clavreuil-wordpress.logiciel-arteo.fr\/#organization"},"potentialAction":[{"@type":"SearchAction","target":{"@type":"EntryPoint","urlTemplate":"https:\/\/clavreuil-wordpress.logiciel-arteo.fr\/?s={search_term_string}"},"query-input":{"@type":"PropertyValueSpecification","valueRequired":true,"valueName":"search_term_string"}}],"inLanguage":"en-US"},{"@type":"Organization","@id":"https:\/\/clavreuil-wordpress.logiciel-arteo.fr\/#organization","name":"Libairie Clavreuil","url":"https:\/\/clavreuil-wordpress.logiciel-arteo.fr\/","logo":{"@type":"ImageObject","inLanguage":"en-US","@id":"https:\/\/clavreuil-wordpress.logiciel-arteo.fr\/#\/schema\/logo\/image\/","url":"https:\/\/clavreuil-wordpress.logiciel-arteo.fr\/wp-content\/uploads\/2021\/05\/LOGO_PNG_DATE-_gold.png","contentUrl":"https:\/\/clavreuil-wordpress.logiciel-arteo.fr\/wp-content\/uploads\/2021\/05\/LOGO_PNG_DATE-_gold.png","width":2083,"height":1917,"caption":"Libairie Clavreuil"},"image":{"@id":"https:\/\/clavreuil-wordpress.logiciel-arteo.fr\/#\/schema\/logo\/image\/"}}]}},"_links":{"self":[{"href":"https:\/\/clavreuil-wordpress.logiciel-arteo.fr\/en\/wp-json\/wp\/v2\/product\/72045","targetHints":{"allow":["GET"]}}],"collection":[{"href":"https:\/\/clavreuil-wordpress.logiciel-arteo.fr\/en\/wp-json\/wp\/v2\/product"}],"about":[{"href":"https:\/\/clavreuil-wordpress.logiciel-arteo.fr\/en\/wp-json\/wp\/v2\/types\/product"}],"replies":[{"embeddable":true,"href":"https:\/\/clavreuil-wordpress.logiciel-arteo.fr\/en\/wp-json\/wp\/v2\/comments?post=72045"}],"wp:featuredmedia":[{"embeddable":true,"href":"https:\/\/clavreuil-wordpress.logiciel-arteo.fr\/en\/wp-json\/wp\/v2\/media\/72038"}],"wp:attachment":[{"href":"https:\/\/clavreuil-wordpress.logiciel-arteo.fr\/en\/wp-json\/wp\/v2\/media?parent=72045"}],"wp:term":[{"taxonomy":"product_brand","embeddable":true,"href":"https:\/\/clavreuil-wordpress.logiciel-arteo.fr\/en\/wp-json\/wp\/v2\/product_brand?post=72045"},{"taxonomy":"product_cat","embeddable":true,"href":"https:\/\/clavreuil-wordpress.logiciel-arteo.fr\/en\/wp-json\/wp\/v2\/product_cat?post=72045"},{"taxonomy":"product_tag","embeddable":true,"href":"https:\/\/clavreuil-wordpress.logiciel-arteo.fr\/en\/wp-json\/wp\/v2\/product_tag?post=72045"}],"curies":[{"name":"wp","href":"https:\/\/api.w.org\/{rel}","templated":true}]}}