{"id":72065,"date":"2024-04-12T17:05:56","date_gmt":"2024-04-12T15:05:56","guid":{"rendered":"https:\/\/clavreuil-wordpress.logiciel-arteo.fr\/product\/souvenirs-de-saint-petersbourg-collection-de-lithographies-representant-des-sujets-nationaux-des-equipages-de-ville-de-voyage-voitures-diverses-etc-dessines-dapres-nature-par-divers-artistes\/"},"modified":"2024-04-22T15:41:56","modified_gmt":"2024-04-22T13:41:56","slug":"souvenirs-de-saint-petersbourg-collection-de-lithographies-representant-des-sujets-nationaux-des-equipages-de-ville-de-voyage-voitures-diverses-etc-dessines-dapres-nature-par-divers-artistes","status":"publish","type":"product","link":"https:\/\/clavreuil-wordpress.logiciel-arteo.fr\/en\/souvenirs-de-saint-petersbourg-collection-de-lithographies-representant-des-sujets-nationaux-des-equipages-de-ville-de-voyage-voitures-diverses-etc-dessines-dapres-nature-par-divers-artistes\/","title":{"rendered":"ORLOWSKI Alexander Souvenirs de Saint-P\u00e9tersbourg, Collection de lithographies..."},"content":{"rendered":"<p><em>Colas, 2779 and Lipperheide, Kaa-41 (both with a wrong collation indicating only 35 plates).<\/em><\/p>\n<p>One of the first books printed in lithography in Russia. Second enlarged edition of the very rare set of lithographed plates, the first edition, published the previous year, contained only 25 plates. All plates are without numbering (added for the third and final edition, published in 1825) and are before the lettering except the one depicting the stock exchange. All plates are with their full margins and with deckle edges preserved.<\/p>\n<p>The paper stock used for this edition is imported Whatman paper (watermarked : Whatman Turkey Mill 1822), very popular in early Russian lithography for the publication of prints &quot;Lithography was introduced into Russia a little later than in Western and Central Europe&#8230; Despite early interest in the subject it is generally thought that the first two lithographic workshops only appeared in St. Petersburg in 1816. The initial purpose of these workshops was of practical nature &#8211; the reproduction of official corespondance and the printing of maps and plans&quot; (see Tanya Szrajber, in: Print Quarterly, December 1992 : Orlowski and the Beginning of Russian Lithography).<\/p>\n<p>The 36 plates are by various artists and lithographers, including A. Orlovskii, Aleksandrov, Swebach and Herrmann. The plates depict mainly views, costumes, and modes of transport in Saint Petersburg and its surroundings. Orlowski&#039;s (1777-1832) work is known since the early 1816 &#8211; notably his plate Horsemen &#8211; and he can be considered the first Russian lithograph.<\/p>\n<p>&quot;In his time, Orlowski gained a reputation for his military subjects and satirical genre scenes. Pushkin even referred to him in his poem Ruslan and Liudmilla: &#039;Take your pencil, quick, Orlowski, draw the battle and the night&#039;&#8230; He was renowned for his horses, particularly representations of ordinary working horses, although he also painted prancing thoroughbreds. Many of his works portrait the variety of inhabitants of the Russian empire&quot; (Tanya Szrajber).<\/p>\n<p>Orlowski also illustrated other important works such as the <em>Fables<\/em> by Kriloff, published in 1825 in three languages (the original Russian, together with the French and Italian translation).<\/p>\n<p>The index leaf gives all titles to the plates: 1. Vue de l&#039;Amiraut&eacute; imp&eacute;rial et de son Boulevard, &agrave; St.-P&eacute;tersbourg 2. Vue de la Bourse, &agrave; Vassili-Ostroff [Hermann f. 1823] 3. L&#039;Empereur Alexandre Ier &agrave; Ochta, trait historique 4. Un Traineau de ville, &agrave; 2 chevaux, d&#039;apr&egrave;s A. Orlowski 5. Un Droschki de Seigneur, &agrave; 2 chevaux, d&#039;apr&egrave;s A. Orlowski 6. Traineau charg&eacute; d&#039;un gla&ccedil;on de la N&eacute;va 7. Un marchand de bois &agrave; br&ucirc;ler, sur un Rospouski, d&#039;apr&egrave;s A. Orlowski 8. Un portefaix transportant des sacs de farine, en hiver, d&#039;apr&egrave;s A. Orlowski 9. Un Feldj&auml;ger portant des D&eacute;p&ecirc;ches officielles, en &eacute;t&eacute; 10. Int&eacute;rieur d&#039;un Cabaret pour le Cochers, costumes d&#039;hiver 11. Traineaux de louage, Marchand de poissons, etc. 12. Cochers, Marchand de pains, de Blinis, etc. 13. Vue de la Collonade du Ch&acirc;teau imp&eacute;rial, &agrave; Tsarsco-Selo [C. Kollmann] 14. Des voyageurs d&eacute;je&ucirc;nant &agrave; un Relais de poste, en &eacute;t&eacute; 15. Droschki d&#039;&Eacute;l&eacute;gans, &agrave; un cheval [Aleksandrov 1823] 16. Vue pittoresque d&#039;un village russe, en hiver 17. F&ecirc;te de Danse villageoises, en &eacute;t&eacute; 18. Le march&eacute; aux cochons gel&eacute;s, d&#039;apr&egrave;s A. Orlowski 19. Le March&eacute; au foin, d&#039;apr&egrave;s A. Orlowski 20. Des Postillons revenant d&#039;une course avec leurs chevaux 21. Voyageurs en Britschka, &agrave; 3 chevaux, en &eacute;t&eacute; 22. Courrier extraordinaire, &agrave; 3 chevaux, d&#039;apr&egrave;s A. Orlowski 23. Voyageurs en Kibitka, grand tra&icirc;neau, &agrave; 3 chevaux, d&#039;apr&egrave;s A. Orlowski 24. T&eacute;l&egrave;gue d&#039;&eacute;t&eacute;, &agrave; 3 chevaux, d&#039;apr&egrave;s Swebach 25. Droschki bourgeois, d&#039;apr&egrave;s Swebach 26. Un tra&icirc;neau &agrave; un cheval [P.A.] 27. Petite Restauration ambulante [P.A.] 28. Voiturier rafra&icirc;chissant son cheval [Aleksandrov] 29. Voiturier en route transportant des Marchandises [Aleksandrov] 30. Chariot attel&eacute; de 6 chevaux pour transporter le Granit [P.A.] 31. Balan&ccedil;oire de jeunes villageoises [P.A.] 32. Landau, &agrave; 4 chevaux, par D&eacute;sarnod 33. Voiture finoise cass&eacute;e [P.A.] 34. Tra&icirc;neau de famille, &agrave; 3 chevaux [P.A. 1824] 35. Tra&icirc;neau bourgeois, &agrave; 2 chevaux [P.A.] 36. L&#039;Isvoschtchik et le Bouteschnik[P.A.].<\/p>\n<p>Rare, not in Abbey. In her list of works containing illustrations by Orlowski, Szrajber cites only the 1825 edition of the album (Szrajber, 8).<\/p>\n","protected":false},"excerpt":{"rendered":"<p>Folio oblong (374 x 277 mm), printed title (cut out and mounted on upper cover of the binding), printed index leaf, and 36 lithographed plates (all but one before lettering). Contemporary Russian (?) calf backed boards (some light restorations to corners and spine).<\/p>\n","protected":false},"featured_media":72052,"comment_status":"open","ping_status":"closed","template":"","meta":{"_acf_changed":false},"product_brand":[],"product_cat":[552],"product_tag":[618,620],"class_list":{"0":"post-72065","1":"product","2":"type-product","3":"status-publish","4":"has-post-thumbnail","6":"product_cat-travel","7":"product_tag-russia-poland","8":"product_tag-travel","9":"pa_auteur-alexander-orlowski-2","10":"pa_type-de-livre-printed-book","12":"first","13":"instock","14":"shipping-taxable","15":"purchasable","16":"product-type-simple"},"acf":[],"yoast_head":"<!-- This site is optimized with the Yoast SEO plugin v24.3 - https:\/\/yoast.com\/wordpress\/plugins\/seo\/ -->\n<title>ORLOWSKI Alexander Souvenirs de Saint-P\u00e9tersbourg, Collection de lithographies repr\u00e9sentant des sujets nationaux, des \u00e9quipages de ville, de voyage, voitures diverses etc. Dessin\u00e9s d&#039;apr\u00e8s nature, par divers artistes. - Libairie Clavreuil<\/title>\n<meta name=\"robots\" content=\"noindex, follow, max-snippet:-1, max-image-preview:large, max-video-preview:-1\" \/>\n<meta property=\"og:locale\" content=\"en_US\" \/>\n<meta property=\"og:type\" content=\"article\" \/>\n<meta property=\"og:title\" content=\"ORLOWSKI Alexander Souvenirs de Saint-P\u00e9tersbourg, Collection de lithographies repr\u00e9sentant des sujets nationaux, des \u00e9quipages de ville, de voyage, voitures diverses etc. Dessin\u00e9s d&#039;apr\u00e8s nature, par divers artistes. - Libairie Clavreuil\" \/>\n<meta property=\"og:description\" content=\"Folio oblong (374 x 277 mm), printed title (cut out and mounted on upper cover of the binding), printed index leaf, and 36 lithographed plates (all but one before lettering). Contemporary Russian (?) calf backed boards (some light restorations to corners and spine).\" \/>\n<meta property=\"og:url\" content=\"https:\/\/clavreuil-wordpress.logiciel-arteo.fr\/en\/souvenirs-de-saint-petersbourg-collection-de-lithographies-representant-des-sujets-nationaux-des-equipages-de-ville-de-voyage-voitures-diverses-etc-dessines-dapres-nature-par-divers-artistes\/\" \/>\n<meta property=\"og:site_name\" content=\"Libairie Clavreuil\" \/>\n<meta property=\"article:modified_time\" content=\"2024-04-22T13:41:56+00:00\" \/>\n<meta property=\"og:image\" content=\"https:\/\/clavreuil-wordpress.logiciel-arteo.fr\/wp-content\/uploads\/2024\/04\/alexander-orlowski-souvenirs-de-saint-petersbourg-collection-de-lithographies-representant-des-sujets-nationaux-des-equipages-de-ville-de-voyage-voitu.jpg\" \/>\n\t<meta property=\"og:image:width\" content=\"1870\" \/>\n\t<meta property=\"og:image:height\" content=\"1380\" \/>\n\t<meta property=\"og:image:type\" content=\"image\/jpeg\" \/>\n<meta name=\"twitter:card\" content=\"summary_large_image\" \/>\n<meta name=\"twitter:label1\" content=\"Est. reading time\" \/>\n\t<meta name=\"twitter:data1\" content=\"4 minutes\" \/>\n<script type=\"application\/ld+json\" class=\"yoast-schema-graph\">{\"@context\":\"https:\/\/schema.org\",\"@graph\":[{\"@type\":\"WebPage\",\"@id\":\"https:\/\/clavreuil-wordpress.logiciel-arteo.fr\/en\/souvenirs-de-saint-petersbourg-collection-de-lithographies-representant-des-sujets-nationaux-des-equipages-de-ville-de-voyage-voitures-diverses-etc-dessines-dapres-nature-par-divers-artistes\/\",\"url\":\"https:\/\/clavreuil-wordpress.logiciel-arteo.fr\/en\/souvenirs-de-saint-petersbourg-collection-de-lithographies-representant-des-sujets-nationaux-des-equipages-de-ville-de-voyage-voitures-diverses-etc-dessines-dapres-nature-par-divers-artistes\/\",\"name\":\"ORLOWSKI Alexander Souvenirs de Saint-P\u00e9tersbourg, Collection de lithographies repr\u00e9sentant des sujets nationaux, des \u00e9quipages de ville, de voyage, voitures diverses etc. Dessin\u00e9s d'apr\u00e8s nature, par divers artistes. - Libairie Clavreuil\",\"isPartOf\":{\"@id\":\"https:\/\/clavreuil-wordpress.logiciel-arteo.fr\/#website\"},\"primaryImageOfPage\":{\"@id\":\"https:\/\/clavreuil-wordpress.logiciel-arteo.fr\/en\/souvenirs-de-saint-petersbourg-collection-de-lithographies-representant-des-sujets-nationaux-des-equipages-de-ville-de-voyage-voitures-diverses-etc-dessines-dapres-nature-par-divers-artistes\/#primaryimage\"},\"image\":{\"@id\":\"https:\/\/clavreuil-wordpress.logiciel-arteo.fr\/en\/souvenirs-de-saint-petersbourg-collection-de-lithographies-representant-des-sujets-nationaux-des-equipages-de-ville-de-voyage-voitures-diverses-etc-dessines-dapres-nature-par-divers-artistes\/#primaryimage\"},\"thumbnailUrl\":\"https:\/\/clavreuil-wordpress.logiciel-arteo.fr\/wp-content\/uploads\/2024\/04\/alexander-orlowski-souvenirs-de-saint-petersbourg-collection-de-lithographies-representant-des-sujets-nationaux-des-equipages-de-ville-de-voyage-voitu.jpg\",\"datePublished\":\"2024-04-12T15:05:56+00:00\",\"dateModified\":\"2024-04-22T13:41:56+00:00\",\"breadcrumb\":{\"@id\":\"https:\/\/clavreuil-wordpress.logiciel-arteo.fr\/en\/souvenirs-de-saint-petersbourg-collection-de-lithographies-representant-des-sujets-nationaux-des-equipages-de-ville-de-voyage-voitures-diverses-etc-dessines-dapres-nature-par-divers-artistes\/#breadcrumb\"},\"inLanguage\":\"en-US\",\"potentialAction\":[{\"@type\":\"ReadAction\",\"target\":[\"https:\/\/clavreuil-wordpress.logiciel-arteo.fr\/en\/souvenirs-de-saint-petersbourg-collection-de-lithographies-representant-des-sujets-nationaux-des-equipages-de-ville-de-voyage-voitures-diverses-etc-dessines-dapres-nature-par-divers-artistes\/\"]}]},{\"@type\":\"ImageObject\",\"inLanguage\":\"en-US\",\"@id\":\"https:\/\/clavreuil-wordpress.logiciel-arteo.fr\/en\/souvenirs-de-saint-petersbourg-collection-de-lithographies-representant-des-sujets-nationaux-des-equipages-de-ville-de-voyage-voitures-diverses-etc-dessines-dapres-nature-par-divers-artistes\/#primaryimage\",\"url\":\"https:\/\/clavreuil-wordpress.logiciel-arteo.fr\/wp-content\/uploads\/2024\/04\/alexander-orlowski-souvenirs-de-saint-petersbourg-collection-de-lithographies-representant-des-sujets-nationaux-des-equipages-de-ville-de-voyage-voitu.jpg\",\"contentUrl\":\"https:\/\/clavreuil-wordpress.logiciel-arteo.fr\/wp-content\/uploads\/2024\/04\/alexander-orlowski-souvenirs-de-saint-petersbourg-collection-de-lithographies-representant-des-sujets-nationaux-des-equipages-de-ville-de-voyage-voitu.jpg\",\"width\":1870,\"height\":1380},{\"@type\":\"BreadcrumbList\",\"@id\":\"https:\/\/clavreuil-wordpress.logiciel-arteo.fr\/en\/souvenirs-de-saint-petersbourg-collection-de-lithographies-representant-des-sujets-nationaux-des-equipages-de-ville-de-voyage-voitures-diverses-etc-dessines-dapres-nature-par-divers-artistes\/#breadcrumb\",\"itemListElement\":[{\"@type\":\"ListItem\",\"position\":1,\"name\":\"Accueil\",\"item\":\"https:\/\/clavreuil-wordpress.logiciel-arteo.fr\/\"},{\"@type\":\"ListItem\",\"position\":2,\"name\":\"All our books\",\"item\":\"https:\/\/clavreuil-wordpress.logiciel-arteo.fr\/en\/all-our-books\/\"},{\"@type\":\"ListItem\",\"position\":3,\"name\":\"ORLOWSKI Alexander Souvenirs de Saint-P\u00e9tersbourg, Collection de lithographies...\"}]},{\"@type\":\"WebSite\",\"@id\":\"https:\/\/clavreuil-wordpress.logiciel-arteo.fr\/#website\",\"url\":\"https:\/\/clavreuil-wordpress.logiciel-arteo.fr\/\",\"name\":\"Libairie Clavreuil\",\"description\":\"\",\"publisher\":{\"@id\":\"https:\/\/clavreuil-wordpress.logiciel-arteo.fr\/#organization\"},\"potentialAction\":[{\"@type\":\"SearchAction\",\"target\":{\"@type\":\"EntryPoint\",\"urlTemplate\":\"https:\/\/clavreuil-wordpress.logiciel-arteo.fr\/?s={search_term_string}\"},\"query-input\":{\"@type\":\"PropertyValueSpecification\",\"valueRequired\":true,\"valueName\":\"search_term_string\"}}],\"inLanguage\":\"en-US\"},{\"@type\":\"Organization\",\"@id\":\"https:\/\/clavreuil-wordpress.logiciel-arteo.fr\/#organization\",\"name\":\"Libairie Clavreuil\",\"url\":\"https:\/\/clavreuil-wordpress.logiciel-arteo.fr\/\",\"logo\":{\"@type\":\"ImageObject\",\"inLanguage\":\"en-US\",\"@id\":\"https:\/\/clavreuil-wordpress.logiciel-arteo.fr\/#\/schema\/logo\/image\/\",\"url\":\"https:\/\/clavreuil-wordpress.logiciel-arteo.fr\/wp-content\/uploads\/2021\/05\/LOGO_PNG_DATE-_gold.png\",\"contentUrl\":\"https:\/\/clavreuil-wordpress.logiciel-arteo.fr\/wp-content\/uploads\/2021\/05\/LOGO_PNG_DATE-_gold.png\",\"width\":2083,\"height\":1917,\"caption\":\"Libairie Clavreuil\"},\"image\":{\"@id\":\"https:\/\/clavreuil-wordpress.logiciel-arteo.fr\/#\/schema\/logo\/image\/\"}}]}<\/script>\n<!-- \/ Yoast SEO plugin. -->","yoast_head_json":{"title":"ORLOWSKI Alexander Souvenirs de Saint-P\u00e9tersbourg, Collection de lithographies repr\u00e9sentant des sujets nationaux, des \u00e9quipages de ville, de voyage, voitures diverses etc. Dessin\u00e9s d'apr\u00e8s nature, par divers artistes. - Libairie Clavreuil","robots":{"index":"noindex","follow":"follow","max-snippet":"max-snippet:-1","max-image-preview":"max-image-preview:large","max-video-preview":"max-video-preview:-1"},"og_locale":"en_US","og_type":"article","og_title":"ORLOWSKI Alexander Souvenirs de Saint-P\u00e9tersbourg, Collection de lithographies repr\u00e9sentant des sujets nationaux, des \u00e9quipages de ville, de voyage, voitures diverses etc. Dessin\u00e9s d'apr\u00e8s nature, par divers artistes. - Libairie Clavreuil","og_description":"Folio oblong (374 x 277 mm), printed title (cut out and mounted on upper cover of the binding), printed index leaf, and 36 lithographed plates (all but one before lettering). Contemporary Russian (?) calf backed boards (some light restorations to corners and spine).","og_url":"https:\/\/clavreuil-wordpress.logiciel-arteo.fr\/en\/souvenirs-de-saint-petersbourg-collection-de-lithographies-representant-des-sujets-nationaux-des-equipages-de-ville-de-voyage-voitures-diverses-etc-dessines-dapres-nature-par-divers-artistes\/","og_site_name":"Libairie Clavreuil","article_modified_time":"2024-04-22T13:41:56+00:00","og_image":[{"width":1870,"height":1380,"url":"https:\/\/clavreuil-wordpress.logiciel-arteo.fr\/wp-content\/uploads\/2024\/04\/alexander-orlowski-souvenirs-de-saint-petersbourg-collection-de-lithographies-representant-des-sujets-nationaux-des-equipages-de-ville-de-voyage-voitu.jpg","type":"image\/jpeg"}],"twitter_card":"summary_large_image","twitter_misc":{"Est. reading time":"4 minutes"},"schema":{"@context":"https:\/\/schema.org","@graph":[{"@type":"WebPage","@id":"https:\/\/clavreuil-wordpress.logiciel-arteo.fr\/en\/souvenirs-de-saint-petersbourg-collection-de-lithographies-representant-des-sujets-nationaux-des-equipages-de-ville-de-voyage-voitures-diverses-etc-dessines-dapres-nature-par-divers-artistes\/","url":"https:\/\/clavreuil-wordpress.logiciel-arteo.fr\/en\/souvenirs-de-saint-petersbourg-collection-de-lithographies-representant-des-sujets-nationaux-des-equipages-de-ville-de-voyage-voitures-diverses-etc-dessines-dapres-nature-par-divers-artistes\/","name":"ORLOWSKI Alexander Souvenirs de Saint-P\u00e9tersbourg, Collection de lithographies repr\u00e9sentant des sujets nationaux, des \u00e9quipages de ville, de voyage, voitures diverses etc. Dessin\u00e9s d'apr\u00e8s nature, par divers artistes. - Libairie Clavreuil","isPartOf":{"@id":"https:\/\/clavreuil-wordpress.logiciel-arteo.fr\/#website"},"primaryImageOfPage":{"@id":"https:\/\/clavreuil-wordpress.logiciel-arteo.fr\/en\/souvenirs-de-saint-petersbourg-collection-de-lithographies-representant-des-sujets-nationaux-des-equipages-de-ville-de-voyage-voitures-diverses-etc-dessines-dapres-nature-par-divers-artistes\/#primaryimage"},"image":{"@id":"https:\/\/clavreuil-wordpress.logiciel-arteo.fr\/en\/souvenirs-de-saint-petersbourg-collection-de-lithographies-representant-des-sujets-nationaux-des-equipages-de-ville-de-voyage-voitures-diverses-etc-dessines-dapres-nature-par-divers-artistes\/#primaryimage"},"thumbnailUrl":"https:\/\/clavreuil-wordpress.logiciel-arteo.fr\/wp-content\/uploads\/2024\/04\/alexander-orlowski-souvenirs-de-saint-petersbourg-collection-de-lithographies-representant-des-sujets-nationaux-des-equipages-de-ville-de-voyage-voitu.jpg","datePublished":"2024-04-12T15:05:56+00:00","dateModified":"2024-04-22T13:41:56+00:00","breadcrumb":{"@id":"https:\/\/clavreuil-wordpress.logiciel-arteo.fr\/en\/souvenirs-de-saint-petersbourg-collection-de-lithographies-representant-des-sujets-nationaux-des-equipages-de-ville-de-voyage-voitures-diverses-etc-dessines-dapres-nature-par-divers-artistes\/#breadcrumb"},"inLanguage":"en-US","potentialAction":[{"@type":"ReadAction","target":["https:\/\/clavreuil-wordpress.logiciel-arteo.fr\/en\/souvenirs-de-saint-petersbourg-collection-de-lithographies-representant-des-sujets-nationaux-des-equipages-de-ville-de-voyage-voitures-diverses-etc-dessines-dapres-nature-par-divers-artistes\/"]}]},{"@type":"ImageObject","inLanguage":"en-US","@id":"https:\/\/clavreuil-wordpress.logiciel-arteo.fr\/en\/souvenirs-de-saint-petersbourg-collection-de-lithographies-representant-des-sujets-nationaux-des-equipages-de-ville-de-voyage-voitures-diverses-etc-dessines-dapres-nature-par-divers-artistes\/#primaryimage","url":"https:\/\/clavreuil-wordpress.logiciel-arteo.fr\/wp-content\/uploads\/2024\/04\/alexander-orlowski-souvenirs-de-saint-petersbourg-collection-de-lithographies-representant-des-sujets-nationaux-des-equipages-de-ville-de-voyage-voitu.jpg","contentUrl":"https:\/\/clavreuil-wordpress.logiciel-arteo.fr\/wp-content\/uploads\/2024\/04\/alexander-orlowski-souvenirs-de-saint-petersbourg-collection-de-lithographies-representant-des-sujets-nationaux-des-equipages-de-ville-de-voyage-voitu.jpg","width":1870,"height":1380},{"@type":"BreadcrumbList","@id":"https:\/\/clavreuil-wordpress.logiciel-arteo.fr\/en\/souvenirs-de-saint-petersbourg-collection-de-lithographies-representant-des-sujets-nationaux-des-equipages-de-ville-de-voyage-voitures-diverses-etc-dessines-dapres-nature-par-divers-artistes\/#breadcrumb","itemListElement":[{"@type":"ListItem","position":1,"name":"Accueil","item":"https:\/\/clavreuil-wordpress.logiciel-arteo.fr\/"},{"@type":"ListItem","position":2,"name":"All our books","item":"https:\/\/clavreuil-wordpress.logiciel-arteo.fr\/en\/all-our-books\/"},{"@type":"ListItem","position":3,"name":"ORLOWSKI Alexander Souvenirs de Saint-P\u00e9tersbourg, Collection de lithographies..."}]},{"@type":"WebSite","@id":"https:\/\/clavreuil-wordpress.logiciel-arteo.fr\/#website","url":"https:\/\/clavreuil-wordpress.logiciel-arteo.fr\/","name":"Libairie Clavreuil","description":"","publisher":{"@id":"https:\/\/clavreuil-wordpress.logiciel-arteo.fr\/#organization"},"potentialAction":[{"@type":"SearchAction","target":{"@type":"EntryPoint","urlTemplate":"https:\/\/clavreuil-wordpress.logiciel-arteo.fr\/?s={search_term_string}"},"query-input":{"@type":"PropertyValueSpecification","valueRequired":true,"valueName":"search_term_string"}}],"inLanguage":"en-US"},{"@type":"Organization","@id":"https:\/\/clavreuil-wordpress.logiciel-arteo.fr\/#organization","name":"Libairie Clavreuil","url":"https:\/\/clavreuil-wordpress.logiciel-arteo.fr\/","logo":{"@type":"ImageObject","inLanguage":"en-US","@id":"https:\/\/clavreuil-wordpress.logiciel-arteo.fr\/#\/schema\/logo\/image\/","url":"https:\/\/clavreuil-wordpress.logiciel-arteo.fr\/wp-content\/uploads\/2021\/05\/LOGO_PNG_DATE-_gold.png","contentUrl":"https:\/\/clavreuil-wordpress.logiciel-arteo.fr\/wp-content\/uploads\/2021\/05\/LOGO_PNG_DATE-_gold.png","width":2083,"height":1917,"caption":"Libairie Clavreuil"},"image":{"@id":"https:\/\/clavreuil-wordpress.logiciel-arteo.fr\/#\/schema\/logo\/image\/"}}]}},"_links":{"self":[{"href":"https:\/\/clavreuil-wordpress.logiciel-arteo.fr\/en\/wp-json\/wp\/v2\/product\/72065","targetHints":{"allow":["GET"]}}],"collection":[{"href":"https:\/\/clavreuil-wordpress.logiciel-arteo.fr\/en\/wp-json\/wp\/v2\/product"}],"about":[{"href":"https:\/\/clavreuil-wordpress.logiciel-arteo.fr\/en\/wp-json\/wp\/v2\/types\/product"}],"replies":[{"embeddable":true,"href":"https:\/\/clavreuil-wordpress.logiciel-arteo.fr\/en\/wp-json\/wp\/v2\/comments?post=72065"}],"wp:featuredmedia":[{"embeddable":true,"href":"https:\/\/clavreuil-wordpress.logiciel-arteo.fr\/en\/wp-json\/wp\/v2\/media\/72052"}],"wp:attachment":[{"href":"https:\/\/clavreuil-wordpress.logiciel-arteo.fr\/en\/wp-json\/wp\/v2\/media?parent=72065"}],"wp:term":[{"taxonomy":"product_brand","embeddable":true,"href":"https:\/\/clavreuil-wordpress.logiciel-arteo.fr\/en\/wp-json\/wp\/v2\/product_brand?post=72065"},{"taxonomy":"product_cat","embeddable":true,"href":"https:\/\/clavreuil-wordpress.logiciel-arteo.fr\/en\/wp-json\/wp\/v2\/product_cat?post=72065"},{"taxonomy":"product_tag","embeddable":true,"href":"https:\/\/clavreuil-wordpress.logiciel-arteo.fr\/en\/wp-json\/wp\/v2\/product_tag?post=72065"}],"curies":[{"name":"wp","href":"https:\/\/api.w.org\/{rel}","templated":true}]}}