{"id":72116,"date":"2024-04-17T11:19:11","date_gmt":"2024-04-17T09:19:11","guid":{"rendered":"https:\/\/clavreuil-wordpress.logiciel-arteo.fr\/theorie-des-fonctions-analytiques-contenant-les-principes-du-calcul-differentiel-degages-de-toute-consideration-dinfiniment-petits-ou-devanouissans-de-limites-ou-de-fluxions-et-reduits-a-lana\/"},"modified":"2024-04-22T15:09:06","modified_gmt":"2024-04-22T13:09:06","slug":"theorie-des-fonctions-analytiques-contenant-les-principes-du-calcul-differentiel-degages-de-toute-consideration-dinfiniment-petits-ou-devanouissans-de-limites-ou-de-fluxions-et-reduits-a-lana","status":"publish","type":"product","link":"https:\/\/clavreuil-wordpress.logiciel-arteo.fr\/en\/theorie-des-fonctions-analytiques-contenant-les-principes-du-calcul-differentiel-degages-de-toute-consideration-dinfiniment-petits-ou-devanouissans-de-limites-ou-de-fluxions-et-reduits-a-lana\/","title":{"rendered":"LAGRANGE Joseph Th\u00e9orie des fonctions analytiques contenant les..."},"content":{"rendered":"<p><em>Riccardi, 3-4.<\/em><\/p>\n<p style=\"text-align:justify\">First edition.<\/p>\n<p style=\"text-align:justify\">Lagrange (1786-1813) took part in the creation of the<em> Ecole Polytechnique<\/em>, provisionally named <em>Ecole Centrale des Travaux Publics<\/em>, where he was the first professor of analysis. Napoleon I appointed him, along with Monge and Laplace, to the Conservative Senate. In this work, he attempted to eliminate the Leibnizian notion of infinities and the Newtonian notion of limit. Gilded prize inscription on first cover: &quot;Ecole Centrale du d&eacute;partement de la Loire Inf&eacute;rieure. Prix de l&#039;An dix&quot;.<\/p>\n<p style=\"text-align:justify\">A fine copy, slight wear to upper head of spine.<\/p>\n","protected":false},"excerpt":{"rendered":"<p style=\"text-align:justify\">4to (254 x 193 mm) 2 unn.ll., VIII, 276 pp., 4 unn.ll. Contemporary calf, gilt rules on covers, flat spine gilt.<\/p>\n","protected":false},"featured_media":72111,"comment_status":"open","ping_status":"closed","template":"","meta":{"_acf_changed":false},"product_brand":[],"product_cat":[550],"product_tag":[947,1331],"class_list":{"0":"post-72116","1":"product","2":"type-product","3":"status-publish","4":"has-post-thumbnail","6":"product_cat-science","7":"product_tag-algebra","8":"product_tag-geometry","9":"pa_auteur-joseph-lagrange-2","10":"pa_type-de-livre-printed-book","12":"first","13":"instock","14":"shipping-taxable","15":"purchasable","16":"product-type-simple"},"acf":[],"yoast_head":"<!-- This site is optimized with the Yoast SEO plugin v24.3 - https:\/\/yoast.com\/wordpress\/plugins\/seo\/ -->\n<title>LAGRANGE Joseph Th\u00e9orie des fonctions analytiques contenant les principes du calcul diff\u00e9rentiel, d\u00e9gag\u00e9s de toute consid\u00e9ration d&#039;infiniment petits ou d&#039;\u00e9vanouissans, de limites ou de fluxions, et r\u00e9duits \u00e0 l&#039;analyse alg\u00e9brique des quantit\u00e9s finies. - Libairie Clavreuil<\/title>\n<meta name=\"robots\" content=\"noindex, follow, max-snippet:-1, max-image-preview:large, max-video-preview:-1\" \/>\n<meta property=\"og:locale\" content=\"en_US\" \/>\n<meta property=\"og:type\" content=\"article\" \/>\n<meta property=\"og:title\" content=\"LAGRANGE Joseph Th\u00e9orie des fonctions analytiques contenant les principes du calcul diff\u00e9rentiel, d\u00e9gag\u00e9s de toute consid\u00e9ration d&#039;infiniment petits ou d&#039;\u00e9vanouissans, de limites ou de fluxions, et r\u00e9duits \u00e0 l&#039;analyse alg\u00e9brique des quantit\u00e9s finies. - Libairie Clavreuil\" \/>\n<meta property=\"og:description\" content=\"4to (254 x 193 mm) 2 unn.ll., VIII, 276 pp., 4 unn.ll. Contemporary calf, gilt rules on covers, flat spine gilt.\" \/>\n<meta property=\"og:url\" content=\"https:\/\/clavreuil-wordpress.logiciel-arteo.fr\/en\/theorie-des-fonctions-analytiques-contenant-les-principes-du-calcul-differentiel-degages-de-toute-consideration-dinfiniment-petits-ou-devanouissans-de-limites-ou-de-fluxions-et-reduits-a-lana\/\" \/>\n<meta property=\"og:site_name\" content=\"Libairie Clavreuil\" \/>\n<meta property=\"article:modified_time\" content=\"2024-04-22T13:09:06+00:00\" \/>\n<meta property=\"og:image\" content=\"https:\/\/clavreuil-wordpress.logiciel-arteo.fr\/wp-content\/uploads\/2024\/04\/joseph-lagrange-theorie-des-fonctions-analytiques-contenant-les-principes-du-calcul-differentiel-degages-de-toute-consideration-d-infiniment-petits-ou-scaled.jpg\" \/>\n\t<meta property=\"og:image:width\" content=\"1920\" \/>\n\t<meta property=\"og:image:height\" content=\"2560\" \/>\n\t<meta property=\"og:image:type\" content=\"image\/jpeg\" \/>\n<meta name=\"twitter:card\" content=\"summary_large_image\" \/>\n<script type=\"application\/ld+json\" class=\"yoast-schema-graph\">{\"@context\":\"https:\/\/schema.org\",\"@graph\":[{\"@type\":\"WebPage\",\"@id\":\"https:\/\/clavreuil-wordpress.logiciel-arteo.fr\/en\/theorie-des-fonctions-analytiques-contenant-les-principes-du-calcul-differentiel-degages-de-toute-consideration-dinfiniment-petits-ou-devanouissans-de-limites-ou-de-fluxions-et-reduits-a-lana\/\",\"url\":\"https:\/\/clavreuil-wordpress.logiciel-arteo.fr\/en\/theorie-des-fonctions-analytiques-contenant-les-principes-du-calcul-differentiel-degages-de-toute-consideration-dinfiniment-petits-ou-devanouissans-de-limites-ou-de-fluxions-et-reduits-a-lana\/\",\"name\":\"LAGRANGE Joseph Th\u00e9orie des fonctions analytiques contenant les principes du calcul diff\u00e9rentiel, d\u00e9gag\u00e9s de toute consid\u00e9ration d'infiniment petits ou d'\u00e9vanouissans, de limites ou de fluxions, et r\u00e9duits \u00e0 l'analyse alg\u00e9brique des quantit\u00e9s finies. - Libairie Clavreuil\",\"isPartOf\":{\"@id\":\"https:\/\/clavreuil-wordpress.logiciel-arteo.fr\/#website\"},\"primaryImageOfPage\":{\"@id\":\"https:\/\/clavreuil-wordpress.logiciel-arteo.fr\/en\/theorie-des-fonctions-analytiques-contenant-les-principes-du-calcul-differentiel-degages-de-toute-consideration-dinfiniment-petits-ou-devanouissans-de-limites-ou-de-fluxions-et-reduits-a-lana\/#primaryimage\"},\"image\":{\"@id\":\"https:\/\/clavreuil-wordpress.logiciel-arteo.fr\/en\/theorie-des-fonctions-analytiques-contenant-les-principes-du-calcul-differentiel-degages-de-toute-consideration-dinfiniment-petits-ou-devanouissans-de-limites-ou-de-fluxions-et-reduits-a-lana\/#primaryimage\"},\"thumbnailUrl\":\"https:\/\/clavreuil-wordpress.logiciel-arteo.fr\/wp-content\/uploads\/2024\/04\/joseph-lagrange-theorie-des-fonctions-analytiques-contenant-les-principes-du-calcul-differentiel-degages-de-toute-consideration-d-infiniment-petits-ou-scaled.jpg\",\"datePublished\":\"2024-04-17T09:19:11+00:00\",\"dateModified\":\"2024-04-22T13:09:06+00:00\",\"breadcrumb\":{\"@id\":\"https:\/\/clavreuil-wordpress.logiciel-arteo.fr\/en\/theorie-des-fonctions-analytiques-contenant-les-principes-du-calcul-differentiel-degages-de-toute-consideration-dinfiniment-petits-ou-devanouissans-de-limites-ou-de-fluxions-et-reduits-a-lana\/#breadcrumb\"},\"inLanguage\":\"en-US\",\"potentialAction\":[{\"@type\":\"ReadAction\",\"target\":[\"https:\/\/clavreuil-wordpress.logiciel-arteo.fr\/en\/theorie-des-fonctions-analytiques-contenant-les-principes-du-calcul-differentiel-degages-de-toute-consideration-dinfiniment-petits-ou-devanouissans-de-limites-ou-de-fluxions-et-reduits-a-lana\/\"]}]},{\"@type\":\"ImageObject\",\"inLanguage\":\"en-US\",\"@id\":\"https:\/\/clavreuil-wordpress.logiciel-arteo.fr\/en\/theorie-des-fonctions-analytiques-contenant-les-principes-du-calcul-differentiel-degages-de-toute-consideration-dinfiniment-petits-ou-devanouissans-de-limites-ou-de-fluxions-et-reduits-a-lana\/#primaryimage\",\"url\":\"https:\/\/clavreuil-wordpress.logiciel-arteo.fr\/wp-content\/uploads\/2024\/04\/joseph-lagrange-theorie-des-fonctions-analytiques-contenant-les-principes-du-calcul-differentiel-degages-de-toute-consideration-d-infiniment-petits-ou-scaled.jpg\",\"contentUrl\":\"https:\/\/clavreuil-wordpress.logiciel-arteo.fr\/wp-content\/uploads\/2024\/04\/joseph-lagrange-theorie-des-fonctions-analytiques-contenant-les-principes-du-calcul-differentiel-degages-de-toute-consideration-d-infiniment-petits-ou-scaled.jpg\",\"width\":1920,\"height\":2560},{\"@type\":\"BreadcrumbList\",\"@id\":\"https:\/\/clavreuil-wordpress.logiciel-arteo.fr\/en\/theorie-des-fonctions-analytiques-contenant-les-principes-du-calcul-differentiel-degages-de-toute-consideration-dinfiniment-petits-ou-devanouissans-de-limites-ou-de-fluxions-et-reduits-a-lana\/#breadcrumb\",\"itemListElement\":[{\"@type\":\"ListItem\",\"position\":1,\"name\":\"Accueil\",\"item\":\"https:\/\/clavreuil-wordpress.logiciel-arteo.fr\/\"},{\"@type\":\"ListItem\",\"position\":2,\"name\":\"All our books\",\"item\":\"https:\/\/clavreuil-wordpress.logiciel-arteo.fr\/en\/all-our-books\/\"},{\"@type\":\"ListItem\",\"position\":3,\"name\":\"LAGRANGE Joseph Th\u00e9orie des fonctions analytiques contenant les...\"}]},{\"@type\":\"WebSite\",\"@id\":\"https:\/\/clavreuil-wordpress.logiciel-arteo.fr\/#website\",\"url\":\"https:\/\/clavreuil-wordpress.logiciel-arteo.fr\/\",\"name\":\"Libairie Clavreuil\",\"description\":\"\",\"publisher\":{\"@id\":\"https:\/\/clavreuil-wordpress.logiciel-arteo.fr\/#organization\"},\"potentialAction\":[{\"@type\":\"SearchAction\",\"target\":{\"@type\":\"EntryPoint\",\"urlTemplate\":\"https:\/\/clavreuil-wordpress.logiciel-arteo.fr\/?s={search_term_string}\"},\"query-input\":{\"@type\":\"PropertyValueSpecification\",\"valueRequired\":true,\"valueName\":\"search_term_string\"}}],\"inLanguage\":\"en-US\"},{\"@type\":\"Organization\",\"@id\":\"https:\/\/clavreuil-wordpress.logiciel-arteo.fr\/#organization\",\"name\":\"Libairie Clavreuil\",\"url\":\"https:\/\/clavreuil-wordpress.logiciel-arteo.fr\/\",\"logo\":{\"@type\":\"ImageObject\",\"inLanguage\":\"en-US\",\"@id\":\"https:\/\/clavreuil-wordpress.logiciel-arteo.fr\/#\/schema\/logo\/image\/\",\"url\":\"https:\/\/clavreuil-wordpress.logiciel-arteo.fr\/wp-content\/uploads\/2021\/05\/LOGO_PNG_DATE-_gold.png\",\"contentUrl\":\"https:\/\/clavreuil-wordpress.logiciel-arteo.fr\/wp-content\/uploads\/2021\/05\/LOGO_PNG_DATE-_gold.png\",\"width\":2083,\"height\":1917,\"caption\":\"Libairie Clavreuil\"},\"image\":{\"@id\":\"https:\/\/clavreuil-wordpress.logiciel-arteo.fr\/#\/schema\/logo\/image\/\"}}]}<\/script>\n<!-- \/ Yoast SEO plugin. -->","yoast_head_json":{"title":"LAGRANGE Joseph Th\u00e9orie des fonctions analytiques contenant les principes du calcul diff\u00e9rentiel, d\u00e9gag\u00e9s de toute consid\u00e9ration d'infiniment petits ou d'\u00e9vanouissans, de limites ou de fluxions, et r\u00e9duits \u00e0 l'analyse alg\u00e9brique des quantit\u00e9s finies. - Libairie Clavreuil","robots":{"index":"noindex","follow":"follow","max-snippet":"max-snippet:-1","max-image-preview":"max-image-preview:large","max-video-preview":"max-video-preview:-1"},"og_locale":"en_US","og_type":"article","og_title":"LAGRANGE Joseph Th\u00e9orie des fonctions analytiques contenant les principes du calcul diff\u00e9rentiel, d\u00e9gag\u00e9s de toute consid\u00e9ration d'infiniment petits ou d'\u00e9vanouissans, de limites ou de fluxions, et r\u00e9duits \u00e0 l'analyse alg\u00e9brique des quantit\u00e9s finies. - Libairie Clavreuil","og_description":"4to (254 x 193 mm) 2 unn.ll., VIII, 276 pp., 4 unn.ll. Contemporary calf, gilt rules on covers, flat spine gilt.","og_url":"https:\/\/clavreuil-wordpress.logiciel-arteo.fr\/en\/theorie-des-fonctions-analytiques-contenant-les-principes-du-calcul-differentiel-degages-de-toute-consideration-dinfiniment-petits-ou-devanouissans-de-limites-ou-de-fluxions-et-reduits-a-lana\/","og_site_name":"Libairie Clavreuil","article_modified_time":"2024-04-22T13:09:06+00:00","og_image":[{"width":1920,"height":2560,"url":"https:\/\/clavreuil-wordpress.logiciel-arteo.fr\/wp-content\/uploads\/2024\/04\/joseph-lagrange-theorie-des-fonctions-analytiques-contenant-les-principes-du-calcul-differentiel-degages-de-toute-consideration-d-infiniment-petits-ou-scaled.jpg","type":"image\/jpeg"}],"twitter_card":"summary_large_image","schema":{"@context":"https:\/\/schema.org","@graph":[{"@type":"WebPage","@id":"https:\/\/clavreuil-wordpress.logiciel-arteo.fr\/en\/theorie-des-fonctions-analytiques-contenant-les-principes-du-calcul-differentiel-degages-de-toute-consideration-dinfiniment-petits-ou-devanouissans-de-limites-ou-de-fluxions-et-reduits-a-lana\/","url":"https:\/\/clavreuil-wordpress.logiciel-arteo.fr\/en\/theorie-des-fonctions-analytiques-contenant-les-principes-du-calcul-differentiel-degages-de-toute-consideration-dinfiniment-petits-ou-devanouissans-de-limites-ou-de-fluxions-et-reduits-a-lana\/","name":"LAGRANGE Joseph Th\u00e9orie des fonctions analytiques contenant les principes du calcul diff\u00e9rentiel, d\u00e9gag\u00e9s de toute consid\u00e9ration d'infiniment petits ou d'\u00e9vanouissans, de limites ou de fluxions, et r\u00e9duits \u00e0 l'analyse alg\u00e9brique des quantit\u00e9s finies. - Libairie Clavreuil","isPartOf":{"@id":"https:\/\/clavreuil-wordpress.logiciel-arteo.fr\/#website"},"primaryImageOfPage":{"@id":"https:\/\/clavreuil-wordpress.logiciel-arteo.fr\/en\/theorie-des-fonctions-analytiques-contenant-les-principes-du-calcul-differentiel-degages-de-toute-consideration-dinfiniment-petits-ou-devanouissans-de-limites-ou-de-fluxions-et-reduits-a-lana\/#primaryimage"},"image":{"@id":"https:\/\/clavreuil-wordpress.logiciel-arteo.fr\/en\/theorie-des-fonctions-analytiques-contenant-les-principes-du-calcul-differentiel-degages-de-toute-consideration-dinfiniment-petits-ou-devanouissans-de-limites-ou-de-fluxions-et-reduits-a-lana\/#primaryimage"},"thumbnailUrl":"https:\/\/clavreuil-wordpress.logiciel-arteo.fr\/wp-content\/uploads\/2024\/04\/joseph-lagrange-theorie-des-fonctions-analytiques-contenant-les-principes-du-calcul-differentiel-degages-de-toute-consideration-d-infiniment-petits-ou-scaled.jpg","datePublished":"2024-04-17T09:19:11+00:00","dateModified":"2024-04-22T13:09:06+00:00","breadcrumb":{"@id":"https:\/\/clavreuil-wordpress.logiciel-arteo.fr\/en\/theorie-des-fonctions-analytiques-contenant-les-principes-du-calcul-differentiel-degages-de-toute-consideration-dinfiniment-petits-ou-devanouissans-de-limites-ou-de-fluxions-et-reduits-a-lana\/#breadcrumb"},"inLanguage":"en-US","potentialAction":[{"@type":"ReadAction","target":["https:\/\/clavreuil-wordpress.logiciel-arteo.fr\/en\/theorie-des-fonctions-analytiques-contenant-les-principes-du-calcul-differentiel-degages-de-toute-consideration-dinfiniment-petits-ou-devanouissans-de-limites-ou-de-fluxions-et-reduits-a-lana\/"]}]},{"@type":"ImageObject","inLanguage":"en-US","@id":"https:\/\/clavreuil-wordpress.logiciel-arteo.fr\/en\/theorie-des-fonctions-analytiques-contenant-les-principes-du-calcul-differentiel-degages-de-toute-consideration-dinfiniment-petits-ou-devanouissans-de-limites-ou-de-fluxions-et-reduits-a-lana\/#primaryimage","url":"https:\/\/clavreuil-wordpress.logiciel-arteo.fr\/wp-content\/uploads\/2024\/04\/joseph-lagrange-theorie-des-fonctions-analytiques-contenant-les-principes-du-calcul-differentiel-degages-de-toute-consideration-d-infiniment-petits-ou-scaled.jpg","contentUrl":"https:\/\/clavreuil-wordpress.logiciel-arteo.fr\/wp-content\/uploads\/2024\/04\/joseph-lagrange-theorie-des-fonctions-analytiques-contenant-les-principes-du-calcul-differentiel-degages-de-toute-consideration-d-infiniment-petits-ou-scaled.jpg","width":1920,"height":2560},{"@type":"BreadcrumbList","@id":"https:\/\/clavreuil-wordpress.logiciel-arteo.fr\/en\/theorie-des-fonctions-analytiques-contenant-les-principes-du-calcul-differentiel-degages-de-toute-consideration-dinfiniment-petits-ou-devanouissans-de-limites-ou-de-fluxions-et-reduits-a-lana\/#breadcrumb","itemListElement":[{"@type":"ListItem","position":1,"name":"Accueil","item":"https:\/\/clavreuil-wordpress.logiciel-arteo.fr\/"},{"@type":"ListItem","position":2,"name":"All our books","item":"https:\/\/clavreuil-wordpress.logiciel-arteo.fr\/en\/all-our-books\/"},{"@type":"ListItem","position":3,"name":"LAGRANGE Joseph Th\u00e9orie des fonctions analytiques contenant les..."}]},{"@type":"WebSite","@id":"https:\/\/clavreuil-wordpress.logiciel-arteo.fr\/#website","url":"https:\/\/clavreuil-wordpress.logiciel-arteo.fr\/","name":"Libairie Clavreuil","description":"","publisher":{"@id":"https:\/\/clavreuil-wordpress.logiciel-arteo.fr\/#organization"},"potentialAction":[{"@type":"SearchAction","target":{"@type":"EntryPoint","urlTemplate":"https:\/\/clavreuil-wordpress.logiciel-arteo.fr\/?s={search_term_string}"},"query-input":{"@type":"PropertyValueSpecification","valueRequired":true,"valueName":"search_term_string"}}],"inLanguage":"en-US"},{"@type":"Organization","@id":"https:\/\/clavreuil-wordpress.logiciel-arteo.fr\/#organization","name":"Libairie Clavreuil","url":"https:\/\/clavreuil-wordpress.logiciel-arteo.fr\/","logo":{"@type":"ImageObject","inLanguage":"en-US","@id":"https:\/\/clavreuil-wordpress.logiciel-arteo.fr\/#\/schema\/logo\/image\/","url":"https:\/\/clavreuil-wordpress.logiciel-arteo.fr\/wp-content\/uploads\/2021\/05\/LOGO_PNG_DATE-_gold.png","contentUrl":"https:\/\/clavreuil-wordpress.logiciel-arteo.fr\/wp-content\/uploads\/2021\/05\/LOGO_PNG_DATE-_gold.png","width":2083,"height":1917,"caption":"Libairie Clavreuil"},"image":{"@id":"https:\/\/clavreuil-wordpress.logiciel-arteo.fr\/#\/schema\/logo\/image\/"}}]}},"_links":{"self":[{"href":"https:\/\/clavreuil-wordpress.logiciel-arteo.fr\/en\/wp-json\/wp\/v2\/product\/72116","targetHints":{"allow":["GET"]}}],"collection":[{"href":"https:\/\/clavreuil-wordpress.logiciel-arteo.fr\/en\/wp-json\/wp\/v2\/product"}],"about":[{"href":"https:\/\/clavreuil-wordpress.logiciel-arteo.fr\/en\/wp-json\/wp\/v2\/types\/product"}],"replies":[{"embeddable":true,"href":"https:\/\/clavreuil-wordpress.logiciel-arteo.fr\/en\/wp-json\/wp\/v2\/comments?post=72116"}],"wp:featuredmedia":[{"embeddable":true,"href":"https:\/\/clavreuil-wordpress.logiciel-arteo.fr\/en\/wp-json\/wp\/v2\/media\/72111"}],"wp:attachment":[{"href":"https:\/\/clavreuil-wordpress.logiciel-arteo.fr\/en\/wp-json\/wp\/v2\/media?parent=72116"}],"wp:term":[{"taxonomy":"product_brand","embeddable":true,"href":"https:\/\/clavreuil-wordpress.logiciel-arteo.fr\/en\/wp-json\/wp\/v2\/product_brand?post=72116"},{"taxonomy":"product_cat","embeddable":true,"href":"https:\/\/clavreuil-wordpress.logiciel-arteo.fr\/en\/wp-json\/wp\/v2\/product_cat?post=72116"},{"taxonomy":"product_tag","embeddable":true,"href":"https:\/\/clavreuil-wordpress.logiciel-arteo.fr\/en\/wp-json\/wp\/v2\/product_tag?post=72116"}],"curies":[{"name":"wp","href":"https:\/\/api.w.org\/{rel}","templated":true}]}}