{"id":72122,"date":"2024-04-17T11:19:48","date_gmt":"2024-04-17T09:19:48","guid":{"rendered":"https:\/\/clavreuil-wordpress.logiciel-arteo.fr\/theorie-generale-des-equations-algebriques-etienne-bezout\/"},"modified":"2024-04-22T11:31:03","modified_gmt":"2024-04-22T09:31:03","slug":"theorie-generale-des-equations-algebriques-etienne-bezout","status":"publish","type":"product","link":"https:\/\/clavreuil-wordpress.logiciel-arteo.fr\/en\/theorie-generale-des-equations-algebriques-etienne-bezout\/","title":{"rendered":"BEZOUT Etienne Th\u00e9orie g\u00e9n\u00e9rale des \u00e9quations alg\u00e9briques."},"content":{"rendered":"<p><em>D.S.B., II, pp. 111 sq.<\/em><\/p>\n<p style=\"text-align:justify\">First edition of the author&#039;s major work.<\/p>\n<p style=\"text-align:justify\">&quot;It was not until 1779 that Bezout published his <em>Th&eacute;orie des &eacute;quations alg&eacute;briques<\/em>, his major work on elimination theory. Its best-known achievement is the statement and proof of Bezout&#039;s theorem : &#039;The degree of the final equation resulting from any number of complete equations in the same number of unknowns, and of any degrees, is equal to the product of the degrees of the equations. &#039;Bezout, following Euler, defined a complete polynomial as one that contains each possible combination of the unknowns whose degree is more than the degree of the polynomial. Bezout also computed that the degree of the resultant equation is less that the product of the degrees for various systems of incomplete equations&#8230; The proof makes one marvel at the ingenuity of Bezout, who, like Euler, not only could manipulate formulas but also had the ability to choose those manipulations that would be fruitful&quot; (D.S.B.).<\/p>\n<p style=\"text-align:justify\">Fine copy, well preserved in its first binding.<\/p>\n","protected":false},"excerpt":{"rendered":"<p style=\"text-align:justify\">4to (252 x 198 mm), 2 unn.ll. (title and dedication leaf), XXVIII, 471 pp. Contemporary cats-paw calf, triple gilt fillet on covers, central coat of arms of Antoine-Jacques Amelot de Chaillou (OHR 1248), spine gilt with five raised bands, blue marbled edges.<\/p>\n","protected":false},"featured_media":72118,"comment_status":"open","ping_status":"closed","template":"","meta":{"_acf_changed":false},"product_brand":[],"product_cat":[550],"product_tag":[947,1270,1331],"class_list":{"0":"post-72122","1":"product","2":"type-product","3":"status-publish","4":"has-post-thumbnail","6":"product_cat-science","7":"product_tag-algebra","8":"product_tag-armoured","9":"product_tag-geometry","10":"pa_auteur-etienne-bezout-2","11":"pa_type-de-livre-printed-book","13":"first","14":"instock","15":"shipping-taxable","16":"purchasable","17":"product-type-simple"},"acf":[],"yoast_head":"<!-- This site is optimized with the Yoast SEO plugin v24.3 - https:\/\/yoast.com\/wordpress\/plugins\/seo\/ -->\n<title>BEZOUT Etienne Th\u00e9orie g\u00e9n\u00e9rale des \u00e9quations alg\u00e9briques. - Libairie Clavreuil<\/title>\n<meta name=\"robots\" content=\"noindex, follow, max-snippet:-1, max-image-preview:large, max-video-preview:-1\" \/>\n<meta property=\"og:locale\" content=\"en_US\" \/>\n<meta property=\"og:type\" content=\"article\" \/>\n<meta property=\"og:title\" content=\"BEZOUT Etienne Th\u00e9orie g\u00e9n\u00e9rale des \u00e9quations alg\u00e9briques. - Libairie Clavreuil\" \/>\n<meta property=\"og:description\" content=\"4to (252 x 198 mm), 2 unn.ll. (title and dedication leaf), XXVIII, 471 pp. Contemporary cats-paw calf, triple gilt fillet on covers, central coat of arms of Antoine-Jacques Amelot de Chaillou (OHR 1248), spine gilt with five raised bands, blue marbled edges.\" \/>\n<meta property=\"og:url\" content=\"https:\/\/clavreuil-wordpress.logiciel-arteo.fr\/en\/theorie-generale-des-equations-algebriques-etienne-bezout\/\" \/>\n<meta property=\"og:site_name\" content=\"Libairie Clavreuil\" \/>\n<meta property=\"article:modified_time\" content=\"2024-04-22T09:31:03+00:00\" \/>\n<meta property=\"og:image\" content=\"https:\/\/clavreuil-wordpress.logiciel-arteo.fr\/wp-content\/uploads\/2024\/04\/etienne-bezout-theorie-generale-des-equations-algebriques-4492-6578a113df0b4-scaled.jpg\" \/>\n\t<meta property=\"og:image:width\" content=\"1920\" \/>\n\t<meta property=\"og:image:height\" content=\"2560\" \/>\n\t<meta property=\"og:image:type\" content=\"image\/jpeg\" \/>\n<meta name=\"twitter:card\" content=\"summary_large_image\" \/>\n<meta name=\"twitter:label1\" content=\"Est. reading time\" \/>\n\t<meta name=\"twitter:data1\" content=\"1 minute\" \/>\n<script type=\"application\/ld+json\" class=\"yoast-schema-graph\">{\"@context\":\"https:\/\/schema.org\",\"@graph\":[{\"@type\":\"WebPage\",\"@id\":\"https:\/\/clavreuil-wordpress.logiciel-arteo.fr\/en\/theorie-generale-des-equations-algebriques-etienne-bezout\/\",\"url\":\"https:\/\/clavreuil-wordpress.logiciel-arteo.fr\/en\/theorie-generale-des-equations-algebriques-etienne-bezout\/\",\"name\":\"BEZOUT Etienne Th\u00e9orie g\u00e9n\u00e9rale des \u00e9quations alg\u00e9briques. - Libairie Clavreuil\",\"isPartOf\":{\"@id\":\"https:\/\/clavreuil-wordpress.logiciel-arteo.fr\/#website\"},\"primaryImageOfPage\":{\"@id\":\"https:\/\/clavreuil-wordpress.logiciel-arteo.fr\/en\/theorie-generale-des-equations-algebriques-etienne-bezout\/#primaryimage\"},\"image\":{\"@id\":\"https:\/\/clavreuil-wordpress.logiciel-arteo.fr\/en\/theorie-generale-des-equations-algebriques-etienne-bezout\/#primaryimage\"},\"thumbnailUrl\":\"https:\/\/clavreuil-wordpress.logiciel-arteo.fr\/wp-content\/uploads\/2024\/04\/etienne-bezout-theorie-generale-des-equations-algebriques-4492-6578a113df0b4-scaled.jpg\",\"datePublished\":\"2024-04-17T09:19:48+00:00\",\"dateModified\":\"2024-04-22T09:31:03+00:00\",\"breadcrumb\":{\"@id\":\"https:\/\/clavreuil-wordpress.logiciel-arteo.fr\/en\/theorie-generale-des-equations-algebriques-etienne-bezout\/#breadcrumb\"},\"inLanguage\":\"en-US\",\"potentialAction\":[{\"@type\":\"ReadAction\",\"target\":[\"https:\/\/clavreuil-wordpress.logiciel-arteo.fr\/en\/theorie-generale-des-equations-algebriques-etienne-bezout\/\"]}]},{\"@type\":\"ImageObject\",\"inLanguage\":\"en-US\",\"@id\":\"https:\/\/clavreuil-wordpress.logiciel-arteo.fr\/en\/theorie-generale-des-equations-algebriques-etienne-bezout\/#primaryimage\",\"url\":\"https:\/\/clavreuil-wordpress.logiciel-arteo.fr\/wp-content\/uploads\/2024\/04\/etienne-bezout-theorie-generale-des-equations-algebriques-4492-6578a113df0b4-scaled.jpg\",\"contentUrl\":\"https:\/\/clavreuil-wordpress.logiciel-arteo.fr\/wp-content\/uploads\/2024\/04\/etienne-bezout-theorie-generale-des-equations-algebriques-4492-6578a113df0b4-scaled.jpg\",\"width\":1920,\"height\":2560},{\"@type\":\"BreadcrumbList\",\"@id\":\"https:\/\/clavreuil-wordpress.logiciel-arteo.fr\/en\/theorie-generale-des-equations-algebriques-etienne-bezout\/#breadcrumb\",\"itemListElement\":[{\"@type\":\"ListItem\",\"position\":1,\"name\":\"Accueil\",\"item\":\"https:\/\/clavreuil-wordpress.logiciel-arteo.fr\/\"},{\"@type\":\"ListItem\",\"position\":2,\"name\":\"All our books\",\"item\":\"https:\/\/clavreuil-wordpress.logiciel-arteo.fr\/en\/all-our-books\/\"},{\"@type\":\"ListItem\",\"position\":3,\"name\":\"BEZOUT Etienne Th\u00e9orie g\u00e9n\u00e9rale des \u00e9quations alg\u00e9briques.\"}]},{\"@type\":\"WebSite\",\"@id\":\"https:\/\/clavreuil-wordpress.logiciel-arteo.fr\/#website\",\"url\":\"https:\/\/clavreuil-wordpress.logiciel-arteo.fr\/\",\"name\":\"Libairie Clavreuil\",\"description\":\"\",\"publisher\":{\"@id\":\"https:\/\/clavreuil-wordpress.logiciel-arteo.fr\/#organization\"},\"potentialAction\":[{\"@type\":\"SearchAction\",\"target\":{\"@type\":\"EntryPoint\",\"urlTemplate\":\"https:\/\/clavreuil-wordpress.logiciel-arteo.fr\/?s={search_term_string}\"},\"query-input\":{\"@type\":\"PropertyValueSpecification\",\"valueRequired\":true,\"valueName\":\"search_term_string\"}}],\"inLanguage\":\"en-US\"},{\"@type\":\"Organization\",\"@id\":\"https:\/\/clavreuil-wordpress.logiciel-arteo.fr\/#organization\",\"name\":\"Libairie Clavreuil\",\"url\":\"https:\/\/clavreuil-wordpress.logiciel-arteo.fr\/\",\"logo\":{\"@type\":\"ImageObject\",\"inLanguage\":\"en-US\",\"@id\":\"https:\/\/clavreuil-wordpress.logiciel-arteo.fr\/#\/schema\/logo\/image\/\",\"url\":\"https:\/\/clavreuil-wordpress.logiciel-arteo.fr\/wp-content\/uploads\/2021\/05\/LOGO_PNG_DATE-_gold.png\",\"contentUrl\":\"https:\/\/clavreuil-wordpress.logiciel-arteo.fr\/wp-content\/uploads\/2021\/05\/LOGO_PNG_DATE-_gold.png\",\"width\":2083,\"height\":1917,\"caption\":\"Libairie Clavreuil\"},\"image\":{\"@id\":\"https:\/\/clavreuil-wordpress.logiciel-arteo.fr\/#\/schema\/logo\/image\/\"}}]}<\/script>\n<!-- \/ Yoast SEO plugin. -->","yoast_head_json":{"title":"BEZOUT Etienne Th\u00e9orie g\u00e9n\u00e9rale des \u00e9quations alg\u00e9briques. - Libairie Clavreuil","robots":{"index":"noindex","follow":"follow","max-snippet":"max-snippet:-1","max-image-preview":"max-image-preview:large","max-video-preview":"max-video-preview:-1"},"og_locale":"en_US","og_type":"article","og_title":"BEZOUT Etienne Th\u00e9orie g\u00e9n\u00e9rale des \u00e9quations alg\u00e9briques. - Libairie Clavreuil","og_description":"4to (252 x 198 mm), 2 unn.ll. (title and dedication leaf), XXVIII, 471 pp. Contemporary cats-paw calf, triple gilt fillet on covers, central coat of arms of Antoine-Jacques Amelot de Chaillou (OHR 1248), spine gilt with five raised bands, blue marbled edges.","og_url":"https:\/\/clavreuil-wordpress.logiciel-arteo.fr\/en\/theorie-generale-des-equations-algebriques-etienne-bezout\/","og_site_name":"Libairie Clavreuil","article_modified_time":"2024-04-22T09:31:03+00:00","og_image":[{"width":1920,"height":2560,"url":"https:\/\/clavreuil-wordpress.logiciel-arteo.fr\/wp-content\/uploads\/2024\/04\/etienne-bezout-theorie-generale-des-equations-algebriques-4492-6578a113df0b4-scaled.jpg","type":"image\/jpeg"}],"twitter_card":"summary_large_image","twitter_misc":{"Est. reading time":"1 minute"},"schema":{"@context":"https:\/\/schema.org","@graph":[{"@type":"WebPage","@id":"https:\/\/clavreuil-wordpress.logiciel-arteo.fr\/en\/theorie-generale-des-equations-algebriques-etienne-bezout\/","url":"https:\/\/clavreuil-wordpress.logiciel-arteo.fr\/en\/theorie-generale-des-equations-algebriques-etienne-bezout\/","name":"BEZOUT Etienne Th\u00e9orie g\u00e9n\u00e9rale des \u00e9quations alg\u00e9briques. - Libairie Clavreuil","isPartOf":{"@id":"https:\/\/clavreuil-wordpress.logiciel-arteo.fr\/#website"},"primaryImageOfPage":{"@id":"https:\/\/clavreuil-wordpress.logiciel-arteo.fr\/en\/theorie-generale-des-equations-algebriques-etienne-bezout\/#primaryimage"},"image":{"@id":"https:\/\/clavreuil-wordpress.logiciel-arteo.fr\/en\/theorie-generale-des-equations-algebriques-etienne-bezout\/#primaryimage"},"thumbnailUrl":"https:\/\/clavreuil-wordpress.logiciel-arteo.fr\/wp-content\/uploads\/2024\/04\/etienne-bezout-theorie-generale-des-equations-algebriques-4492-6578a113df0b4-scaled.jpg","datePublished":"2024-04-17T09:19:48+00:00","dateModified":"2024-04-22T09:31:03+00:00","breadcrumb":{"@id":"https:\/\/clavreuil-wordpress.logiciel-arteo.fr\/en\/theorie-generale-des-equations-algebriques-etienne-bezout\/#breadcrumb"},"inLanguage":"en-US","potentialAction":[{"@type":"ReadAction","target":["https:\/\/clavreuil-wordpress.logiciel-arteo.fr\/en\/theorie-generale-des-equations-algebriques-etienne-bezout\/"]}]},{"@type":"ImageObject","inLanguage":"en-US","@id":"https:\/\/clavreuil-wordpress.logiciel-arteo.fr\/en\/theorie-generale-des-equations-algebriques-etienne-bezout\/#primaryimage","url":"https:\/\/clavreuil-wordpress.logiciel-arteo.fr\/wp-content\/uploads\/2024\/04\/etienne-bezout-theorie-generale-des-equations-algebriques-4492-6578a113df0b4-scaled.jpg","contentUrl":"https:\/\/clavreuil-wordpress.logiciel-arteo.fr\/wp-content\/uploads\/2024\/04\/etienne-bezout-theorie-generale-des-equations-algebriques-4492-6578a113df0b4-scaled.jpg","width":1920,"height":2560},{"@type":"BreadcrumbList","@id":"https:\/\/clavreuil-wordpress.logiciel-arteo.fr\/en\/theorie-generale-des-equations-algebriques-etienne-bezout\/#breadcrumb","itemListElement":[{"@type":"ListItem","position":1,"name":"Accueil","item":"https:\/\/clavreuil-wordpress.logiciel-arteo.fr\/"},{"@type":"ListItem","position":2,"name":"All our books","item":"https:\/\/clavreuil-wordpress.logiciel-arteo.fr\/en\/all-our-books\/"},{"@type":"ListItem","position":3,"name":"BEZOUT Etienne Th\u00e9orie g\u00e9n\u00e9rale des \u00e9quations alg\u00e9briques."}]},{"@type":"WebSite","@id":"https:\/\/clavreuil-wordpress.logiciel-arteo.fr\/#website","url":"https:\/\/clavreuil-wordpress.logiciel-arteo.fr\/","name":"Libairie Clavreuil","description":"","publisher":{"@id":"https:\/\/clavreuil-wordpress.logiciel-arteo.fr\/#organization"},"potentialAction":[{"@type":"SearchAction","target":{"@type":"EntryPoint","urlTemplate":"https:\/\/clavreuil-wordpress.logiciel-arteo.fr\/?s={search_term_string}"},"query-input":{"@type":"PropertyValueSpecification","valueRequired":true,"valueName":"search_term_string"}}],"inLanguage":"en-US"},{"@type":"Organization","@id":"https:\/\/clavreuil-wordpress.logiciel-arteo.fr\/#organization","name":"Libairie Clavreuil","url":"https:\/\/clavreuil-wordpress.logiciel-arteo.fr\/","logo":{"@type":"ImageObject","inLanguage":"en-US","@id":"https:\/\/clavreuil-wordpress.logiciel-arteo.fr\/#\/schema\/logo\/image\/","url":"https:\/\/clavreuil-wordpress.logiciel-arteo.fr\/wp-content\/uploads\/2021\/05\/LOGO_PNG_DATE-_gold.png","contentUrl":"https:\/\/clavreuil-wordpress.logiciel-arteo.fr\/wp-content\/uploads\/2021\/05\/LOGO_PNG_DATE-_gold.png","width":2083,"height":1917,"caption":"Libairie Clavreuil"},"image":{"@id":"https:\/\/clavreuil-wordpress.logiciel-arteo.fr\/#\/schema\/logo\/image\/"}}]}},"_links":{"self":[{"href":"https:\/\/clavreuil-wordpress.logiciel-arteo.fr\/en\/wp-json\/wp\/v2\/product\/72122","targetHints":{"allow":["GET"]}}],"collection":[{"href":"https:\/\/clavreuil-wordpress.logiciel-arteo.fr\/en\/wp-json\/wp\/v2\/product"}],"about":[{"href":"https:\/\/clavreuil-wordpress.logiciel-arteo.fr\/en\/wp-json\/wp\/v2\/types\/product"}],"replies":[{"embeddable":true,"href":"https:\/\/clavreuil-wordpress.logiciel-arteo.fr\/en\/wp-json\/wp\/v2\/comments?post=72122"}],"wp:featuredmedia":[{"embeddable":true,"href":"https:\/\/clavreuil-wordpress.logiciel-arteo.fr\/en\/wp-json\/wp\/v2\/media\/72118"}],"wp:attachment":[{"href":"https:\/\/clavreuil-wordpress.logiciel-arteo.fr\/en\/wp-json\/wp\/v2\/media?parent=72122"}],"wp:term":[{"taxonomy":"product_brand","embeddable":true,"href":"https:\/\/clavreuil-wordpress.logiciel-arteo.fr\/en\/wp-json\/wp\/v2\/product_brand?post=72122"},{"taxonomy":"product_cat","embeddable":true,"href":"https:\/\/clavreuil-wordpress.logiciel-arteo.fr\/en\/wp-json\/wp\/v2\/product_cat?post=72122"},{"taxonomy":"product_tag","embeddable":true,"href":"https:\/\/clavreuil-wordpress.logiciel-arteo.fr\/en\/wp-json\/wp\/v2\/product_tag?post=72122"}],"curies":[{"name":"wp","href":"https:\/\/api.w.org\/{rel}","templated":true}]}}