{"id":72164,"date":"2024-04-17T11:36:36","date_gmt":"2024-04-17T09:36:36","guid":{"rendered":"https:\/\/clavreuil-wordpress.logiciel-arteo.fr\/elemens-de-physique-theorique-et-experimentale-pour-servir-de-suite-a-la-description-et-lusage-dun-cabinet-de-physique-experimentale-joseph-aignan-sigaud-de-la-fond\/"},"modified":"2024-04-22T15:00:04","modified_gmt":"2024-04-22T13:00:04","slug":"elemens-de-physique-theorique-et-experimentale-pour-servir-de-suite-a-la-description-et-lusage-dun-cabinet-de-physique-experimentale-joseph-aignan-sigaud-de-la-fond","status":"publish","type":"product","link":"https:\/\/clavreuil-wordpress.logiciel-arteo.fr\/en\/elemens-de-physique-theorique-et-experimentale-pour-servir-de-suite-a-la-description-et-lusage-dun-cabinet-de-physique-experimentale-joseph-aignan-sigaud-de-la-fond\/","title":{"rendered":"SIGAUD DE LA FOND Joseph Aignan El\u00e9mens de..."},"content":{"rendered":"<p style=\"text-align:justify\"><em>D.S.B. p.427.<\/em><\/p>\n<p>Second enlarged edition by Rouland.<\/p>\n<p>A pupil of Nollet and a teacher of Fourcroy, Sigaud de la Fond was a professor of experimental physics who left his mark on his era. We owe him the substitution of glass for resin as an insulator in electrical machines, and numerous experiments on air and hydrogen.<\/p>\n","protected":false},"excerpt":{"rendered":"<p>4 volume 8vo (203 x 125mm) de 3 unn.l., XXXII- 635 pp. and 7 folding plates for the first volume ; 2 unn.l., 567 pp. and 10&nbsp;folding plates for the second volume&nbsp;; 2 unn.l., 576 pp., and 4 folding plates for the third volume&nbsp;; 2 unn.l., 622 pp. and 4 folding plates for the fourth volume. Contemporary pink boards, spine decorated with gilt fillets and number (<em>contemporary binding<\/em>).<\/p>\n","protected":false},"featured_media":72157,"comment_status":"open","ping_status":"closed","template":"","meta":{"_acf_changed":false},"product_brand":[],"product_cat":[550],"product_tag":[608,580,610],"class_list":{"0":"post-72164","1":"product","2":"type-product","3":"status-publish","4":"has-post-thumbnail","6":"product_cat-science","7":"product_tag-electricity","8":"product_tag-hydraulic","9":"product_tag-optical","10":"pa_auteur-joseph-aignan-sigaud-de-la-fond-2","11":"pa_type-de-livre-printed-book","13":"first","14":"instock","15":"shipping-taxable","16":"purchasable","17":"product-type-simple"},"acf":[],"yoast_head":"<!-- This site is optimized with the Yoast SEO plugin v24.3 - https:\/\/yoast.com\/wordpress\/plugins\/seo\/ -->\n<title>SIGAUD DE LA FOND Joseph Aignan El\u00e9mens de physique th\u00e9orique et exp\u00e9rimentale, pour servir de suite \u00e0 la Description et l&#039;usage d&#039;un Cabinet de Physique exp\u00e9rimentale. - Libairie Clavreuil<\/title>\n<meta name=\"robots\" content=\"noindex, follow, max-snippet:-1, max-image-preview:large, max-video-preview:-1\" \/>\n<meta property=\"og:locale\" content=\"en_US\" \/>\n<meta property=\"og:type\" content=\"article\" \/>\n<meta property=\"og:title\" content=\"SIGAUD DE LA FOND Joseph Aignan El\u00e9mens de physique th\u00e9orique et exp\u00e9rimentale, pour servir de suite \u00e0 la Description et l&#039;usage d&#039;un Cabinet de Physique exp\u00e9rimentale. - Libairie Clavreuil\" \/>\n<meta property=\"og:description\" content=\"4 volume 8vo (203 x 125mm) de 3 unn.l., XXXII- 635 pp. and 7 folding plates for the first volume ; 2 unn.l., 567 pp. and 10&nbsp;folding plates for the second volume&nbsp;; 2 unn.l., 576 pp., and 4 folding plates for the third volume&nbsp;; 2 unn.l., 622 pp. and 4 folding plates for the fourth volume. Contemporary pink boards, spine decorated with gilt fillets and number (contemporary binding).\" \/>\n<meta property=\"og:url\" content=\"https:\/\/clavreuil-wordpress.logiciel-arteo.fr\/en\/elemens-de-physique-theorique-et-experimentale-pour-servir-de-suite-a-la-description-et-lusage-dun-cabinet-de-physique-experimentale-joseph-aignan-sigaud-de-la-fond\/\" \/>\n<meta property=\"og:site_name\" content=\"Libairie Clavreuil\" \/>\n<meta property=\"article:modified_time\" content=\"2024-04-22T13:00:04+00:00\" \/>\n<meta property=\"og:image\" content=\"https:\/\/clavreuil-wordpress.logiciel-arteo.fr\/wp-content\/uploads\/2024\/04\/jean-rene-sigaud-de-la-fond-elemens-de-physique-theorique-et-experimentale-pour-servir-de-suite-a-la-description-et-l-usage-d-un-cabinet-de-physique-e-scaled.jpg\" \/>\n\t<meta property=\"og:image:width\" content=\"1920\" \/>\n\t<meta property=\"og:image:height\" content=\"2560\" \/>\n\t<meta property=\"og:image:type\" content=\"image\/jpeg\" \/>\n<meta name=\"twitter:card\" content=\"summary_large_image\" \/>\n<script type=\"application\/ld+json\" class=\"yoast-schema-graph\">{\"@context\":\"https:\/\/schema.org\",\"@graph\":[{\"@type\":\"WebPage\",\"@id\":\"https:\/\/clavreuil-wordpress.logiciel-arteo.fr\/en\/elemens-de-physique-theorique-et-experimentale-pour-servir-de-suite-a-la-description-et-lusage-dun-cabinet-de-physique-experimentale-joseph-aignan-sigaud-de-la-fond\/\",\"url\":\"https:\/\/clavreuil-wordpress.logiciel-arteo.fr\/en\/elemens-de-physique-theorique-et-experimentale-pour-servir-de-suite-a-la-description-et-lusage-dun-cabinet-de-physique-experimentale-joseph-aignan-sigaud-de-la-fond\/\",\"name\":\"SIGAUD DE LA FOND Joseph Aignan El\u00e9mens de physique th\u00e9orique et exp\u00e9rimentale, pour servir de suite \u00e0 la Description et l'usage d'un Cabinet de Physique exp\u00e9rimentale. - Libairie Clavreuil\",\"isPartOf\":{\"@id\":\"https:\/\/clavreuil-wordpress.logiciel-arteo.fr\/#website\"},\"primaryImageOfPage\":{\"@id\":\"https:\/\/clavreuil-wordpress.logiciel-arteo.fr\/en\/elemens-de-physique-theorique-et-experimentale-pour-servir-de-suite-a-la-description-et-lusage-dun-cabinet-de-physique-experimentale-joseph-aignan-sigaud-de-la-fond\/#primaryimage\"},\"image\":{\"@id\":\"https:\/\/clavreuil-wordpress.logiciel-arteo.fr\/en\/elemens-de-physique-theorique-et-experimentale-pour-servir-de-suite-a-la-description-et-lusage-dun-cabinet-de-physique-experimentale-joseph-aignan-sigaud-de-la-fond\/#primaryimage\"},\"thumbnailUrl\":\"https:\/\/clavreuil-wordpress.logiciel-arteo.fr\/wp-content\/uploads\/2024\/04\/jean-rene-sigaud-de-la-fond-elemens-de-physique-theorique-et-experimentale-pour-servir-de-suite-a-la-description-et-l-usage-d-un-cabinet-de-physique-e-scaled.jpg\",\"datePublished\":\"2024-04-17T09:36:36+00:00\",\"dateModified\":\"2024-04-22T13:00:04+00:00\",\"breadcrumb\":{\"@id\":\"https:\/\/clavreuil-wordpress.logiciel-arteo.fr\/en\/elemens-de-physique-theorique-et-experimentale-pour-servir-de-suite-a-la-description-et-lusage-dun-cabinet-de-physique-experimentale-joseph-aignan-sigaud-de-la-fond\/#breadcrumb\"},\"inLanguage\":\"en-US\",\"potentialAction\":[{\"@type\":\"ReadAction\",\"target\":[\"https:\/\/clavreuil-wordpress.logiciel-arteo.fr\/en\/elemens-de-physique-theorique-et-experimentale-pour-servir-de-suite-a-la-description-et-lusage-dun-cabinet-de-physique-experimentale-joseph-aignan-sigaud-de-la-fond\/\"]}]},{\"@type\":\"ImageObject\",\"inLanguage\":\"en-US\",\"@id\":\"https:\/\/clavreuil-wordpress.logiciel-arteo.fr\/en\/elemens-de-physique-theorique-et-experimentale-pour-servir-de-suite-a-la-description-et-lusage-dun-cabinet-de-physique-experimentale-joseph-aignan-sigaud-de-la-fond\/#primaryimage\",\"url\":\"https:\/\/clavreuil-wordpress.logiciel-arteo.fr\/wp-content\/uploads\/2024\/04\/jean-rene-sigaud-de-la-fond-elemens-de-physique-theorique-et-experimentale-pour-servir-de-suite-a-la-description-et-l-usage-d-un-cabinet-de-physique-e-scaled.jpg\",\"contentUrl\":\"https:\/\/clavreuil-wordpress.logiciel-arteo.fr\/wp-content\/uploads\/2024\/04\/jean-rene-sigaud-de-la-fond-elemens-de-physique-theorique-et-experimentale-pour-servir-de-suite-a-la-description-et-l-usage-d-un-cabinet-de-physique-e-scaled.jpg\",\"width\":1920,\"height\":2560},{\"@type\":\"BreadcrumbList\",\"@id\":\"https:\/\/clavreuil-wordpress.logiciel-arteo.fr\/en\/elemens-de-physique-theorique-et-experimentale-pour-servir-de-suite-a-la-description-et-lusage-dun-cabinet-de-physique-experimentale-joseph-aignan-sigaud-de-la-fond\/#breadcrumb\",\"itemListElement\":[{\"@type\":\"ListItem\",\"position\":1,\"name\":\"Accueil\",\"item\":\"https:\/\/clavreuil-wordpress.logiciel-arteo.fr\/\"},{\"@type\":\"ListItem\",\"position\":2,\"name\":\"All our books\",\"item\":\"https:\/\/clavreuil-wordpress.logiciel-arteo.fr\/en\/all-our-books\/\"},{\"@type\":\"ListItem\",\"position\":3,\"name\":\"SIGAUD DE LA FOND Joseph Aignan El\u00e9mens de...\"}]},{\"@type\":\"WebSite\",\"@id\":\"https:\/\/clavreuil-wordpress.logiciel-arteo.fr\/#website\",\"url\":\"https:\/\/clavreuil-wordpress.logiciel-arteo.fr\/\",\"name\":\"Libairie Clavreuil\",\"description\":\"\",\"publisher\":{\"@id\":\"https:\/\/clavreuil-wordpress.logiciel-arteo.fr\/#organization\"},\"potentialAction\":[{\"@type\":\"SearchAction\",\"target\":{\"@type\":\"EntryPoint\",\"urlTemplate\":\"https:\/\/clavreuil-wordpress.logiciel-arteo.fr\/?s={search_term_string}\"},\"query-input\":{\"@type\":\"PropertyValueSpecification\",\"valueRequired\":true,\"valueName\":\"search_term_string\"}}],\"inLanguage\":\"en-US\"},{\"@type\":\"Organization\",\"@id\":\"https:\/\/clavreuil-wordpress.logiciel-arteo.fr\/#organization\",\"name\":\"Libairie Clavreuil\",\"url\":\"https:\/\/clavreuil-wordpress.logiciel-arteo.fr\/\",\"logo\":{\"@type\":\"ImageObject\",\"inLanguage\":\"en-US\",\"@id\":\"https:\/\/clavreuil-wordpress.logiciel-arteo.fr\/#\/schema\/logo\/image\/\",\"url\":\"https:\/\/clavreuil-wordpress.logiciel-arteo.fr\/wp-content\/uploads\/2021\/05\/LOGO_PNG_DATE-_gold.png\",\"contentUrl\":\"https:\/\/clavreuil-wordpress.logiciel-arteo.fr\/wp-content\/uploads\/2021\/05\/LOGO_PNG_DATE-_gold.png\",\"width\":2083,\"height\":1917,\"caption\":\"Libairie Clavreuil\"},\"image\":{\"@id\":\"https:\/\/clavreuil-wordpress.logiciel-arteo.fr\/#\/schema\/logo\/image\/\"}}]}<\/script>\n<!-- \/ Yoast SEO plugin. -->","yoast_head_json":{"title":"SIGAUD DE LA FOND Joseph Aignan El\u00e9mens de physique th\u00e9orique et exp\u00e9rimentale, pour servir de suite \u00e0 la Description et l'usage d'un Cabinet de Physique exp\u00e9rimentale. - Libairie Clavreuil","robots":{"index":"noindex","follow":"follow","max-snippet":"max-snippet:-1","max-image-preview":"max-image-preview:large","max-video-preview":"max-video-preview:-1"},"og_locale":"en_US","og_type":"article","og_title":"SIGAUD DE LA FOND Joseph Aignan El\u00e9mens de physique th\u00e9orique et exp\u00e9rimentale, pour servir de suite \u00e0 la Description et l'usage d'un Cabinet de Physique exp\u00e9rimentale. - Libairie Clavreuil","og_description":"4 volume 8vo (203 x 125mm) de 3 unn.l., XXXII- 635 pp. and 7 folding plates for the first volume ; 2 unn.l., 567 pp. and 10&nbsp;folding plates for the second volume&nbsp;; 2 unn.l., 576 pp., and 4 folding plates for the third volume&nbsp;; 2 unn.l., 622 pp. and 4 folding plates for the fourth volume. Contemporary pink boards, spine decorated with gilt fillets and number (contemporary binding).","og_url":"https:\/\/clavreuil-wordpress.logiciel-arteo.fr\/en\/elemens-de-physique-theorique-et-experimentale-pour-servir-de-suite-a-la-description-et-lusage-dun-cabinet-de-physique-experimentale-joseph-aignan-sigaud-de-la-fond\/","og_site_name":"Libairie Clavreuil","article_modified_time":"2024-04-22T13:00:04+00:00","og_image":[{"width":1920,"height":2560,"url":"https:\/\/clavreuil-wordpress.logiciel-arteo.fr\/wp-content\/uploads\/2024\/04\/jean-rene-sigaud-de-la-fond-elemens-de-physique-theorique-et-experimentale-pour-servir-de-suite-a-la-description-et-l-usage-d-un-cabinet-de-physique-e-scaled.jpg","type":"image\/jpeg"}],"twitter_card":"summary_large_image","schema":{"@context":"https:\/\/schema.org","@graph":[{"@type":"WebPage","@id":"https:\/\/clavreuil-wordpress.logiciel-arteo.fr\/en\/elemens-de-physique-theorique-et-experimentale-pour-servir-de-suite-a-la-description-et-lusage-dun-cabinet-de-physique-experimentale-joseph-aignan-sigaud-de-la-fond\/","url":"https:\/\/clavreuil-wordpress.logiciel-arteo.fr\/en\/elemens-de-physique-theorique-et-experimentale-pour-servir-de-suite-a-la-description-et-lusage-dun-cabinet-de-physique-experimentale-joseph-aignan-sigaud-de-la-fond\/","name":"SIGAUD DE LA FOND Joseph Aignan El\u00e9mens de physique th\u00e9orique et exp\u00e9rimentale, pour servir de suite \u00e0 la Description et l'usage d'un Cabinet de Physique exp\u00e9rimentale. - Libairie Clavreuil","isPartOf":{"@id":"https:\/\/clavreuil-wordpress.logiciel-arteo.fr\/#website"},"primaryImageOfPage":{"@id":"https:\/\/clavreuil-wordpress.logiciel-arteo.fr\/en\/elemens-de-physique-theorique-et-experimentale-pour-servir-de-suite-a-la-description-et-lusage-dun-cabinet-de-physique-experimentale-joseph-aignan-sigaud-de-la-fond\/#primaryimage"},"image":{"@id":"https:\/\/clavreuil-wordpress.logiciel-arteo.fr\/en\/elemens-de-physique-theorique-et-experimentale-pour-servir-de-suite-a-la-description-et-lusage-dun-cabinet-de-physique-experimentale-joseph-aignan-sigaud-de-la-fond\/#primaryimage"},"thumbnailUrl":"https:\/\/clavreuil-wordpress.logiciel-arteo.fr\/wp-content\/uploads\/2024\/04\/jean-rene-sigaud-de-la-fond-elemens-de-physique-theorique-et-experimentale-pour-servir-de-suite-a-la-description-et-l-usage-d-un-cabinet-de-physique-e-scaled.jpg","datePublished":"2024-04-17T09:36:36+00:00","dateModified":"2024-04-22T13:00:04+00:00","breadcrumb":{"@id":"https:\/\/clavreuil-wordpress.logiciel-arteo.fr\/en\/elemens-de-physique-theorique-et-experimentale-pour-servir-de-suite-a-la-description-et-lusage-dun-cabinet-de-physique-experimentale-joseph-aignan-sigaud-de-la-fond\/#breadcrumb"},"inLanguage":"en-US","potentialAction":[{"@type":"ReadAction","target":["https:\/\/clavreuil-wordpress.logiciel-arteo.fr\/en\/elemens-de-physique-theorique-et-experimentale-pour-servir-de-suite-a-la-description-et-lusage-dun-cabinet-de-physique-experimentale-joseph-aignan-sigaud-de-la-fond\/"]}]},{"@type":"ImageObject","inLanguage":"en-US","@id":"https:\/\/clavreuil-wordpress.logiciel-arteo.fr\/en\/elemens-de-physique-theorique-et-experimentale-pour-servir-de-suite-a-la-description-et-lusage-dun-cabinet-de-physique-experimentale-joseph-aignan-sigaud-de-la-fond\/#primaryimage","url":"https:\/\/clavreuil-wordpress.logiciel-arteo.fr\/wp-content\/uploads\/2024\/04\/jean-rene-sigaud-de-la-fond-elemens-de-physique-theorique-et-experimentale-pour-servir-de-suite-a-la-description-et-l-usage-d-un-cabinet-de-physique-e-scaled.jpg","contentUrl":"https:\/\/clavreuil-wordpress.logiciel-arteo.fr\/wp-content\/uploads\/2024\/04\/jean-rene-sigaud-de-la-fond-elemens-de-physique-theorique-et-experimentale-pour-servir-de-suite-a-la-description-et-l-usage-d-un-cabinet-de-physique-e-scaled.jpg","width":1920,"height":2560},{"@type":"BreadcrumbList","@id":"https:\/\/clavreuil-wordpress.logiciel-arteo.fr\/en\/elemens-de-physique-theorique-et-experimentale-pour-servir-de-suite-a-la-description-et-lusage-dun-cabinet-de-physique-experimentale-joseph-aignan-sigaud-de-la-fond\/#breadcrumb","itemListElement":[{"@type":"ListItem","position":1,"name":"Accueil","item":"https:\/\/clavreuil-wordpress.logiciel-arteo.fr\/"},{"@type":"ListItem","position":2,"name":"All our books","item":"https:\/\/clavreuil-wordpress.logiciel-arteo.fr\/en\/all-our-books\/"},{"@type":"ListItem","position":3,"name":"SIGAUD DE LA FOND Joseph Aignan El\u00e9mens de..."}]},{"@type":"WebSite","@id":"https:\/\/clavreuil-wordpress.logiciel-arteo.fr\/#website","url":"https:\/\/clavreuil-wordpress.logiciel-arteo.fr\/","name":"Libairie Clavreuil","description":"","publisher":{"@id":"https:\/\/clavreuil-wordpress.logiciel-arteo.fr\/#organization"},"potentialAction":[{"@type":"SearchAction","target":{"@type":"EntryPoint","urlTemplate":"https:\/\/clavreuil-wordpress.logiciel-arteo.fr\/?s={search_term_string}"},"query-input":{"@type":"PropertyValueSpecification","valueRequired":true,"valueName":"search_term_string"}}],"inLanguage":"en-US"},{"@type":"Organization","@id":"https:\/\/clavreuil-wordpress.logiciel-arteo.fr\/#organization","name":"Libairie Clavreuil","url":"https:\/\/clavreuil-wordpress.logiciel-arteo.fr\/","logo":{"@type":"ImageObject","inLanguage":"en-US","@id":"https:\/\/clavreuil-wordpress.logiciel-arteo.fr\/#\/schema\/logo\/image\/","url":"https:\/\/clavreuil-wordpress.logiciel-arteo.fr\/wp-content\/uploads\/2021\/05\/LOGO_PNG_DATE-_gold.png","contentUrl":"https:\/\/clavreuil-wordpress.logiciel-arteo.fr\/wp-content\/uploads\/2021\/05\/LOGO_PNG_DATE-_gold.png","width":2083,"height":1917,"caption":"Libairie Clavreuil"},"image":{"@id":"https:\/\/clavreuil-wordpress.logiciel-arteo.fr\/#\/schema\/logo\/image\/"}}]}},"_links":{"self":[{"href":"https:\/\/clavreuil-wordpress.logiciel-arteo.fr\/en\/wp-json\/wp\/v2\/product\/72164","targetHints":{"allow":["GET"]}}],"collection":[{"href":"https:\/\/clavreuil-wordpress.logiciel-arteo.fr\/en\/wp-json\/wp\/v2\/product"}],"about":[{"href":"https:\/\/clavreuil-wordpress.logiciel-arteo.fr\/en\/wp-json\/wp\/v2\/types\/product"}],"replies":[{"embeddable":true,"href":"https:\/\/clavreuil-wordpress.logiciel-arteo.fr\/en\/wp-json\/wp\/v2\/comments?post=72164"}],"wp:featuredmedia":[{"embeddable":true,"href":"https:\/\/clavreuil-wordpress.logiciel-arteo.fr\/en\/wp-json\/wp\/v2\/media\/72157"}],"wp:attachment":[{"href":"https:\/\/clavreuil-wordpress.logiciel-arteo.fr\/en\/wp-json\/wp\/v2\/media?parent=72164"}],"wp:term":[{"taxonomy":"product_brand","embeddable":true,"href":"https:\/\/clavreuil-wordpress.logiciel-arteo.fr\/en\/wp-json\/wp\/v2\/product_brand?post=72164"},{"taxonomy":"product_cat","embeddable":true,"href":"https:\/\/clavreuil-wordpress.logiciel-arteo.fr\/en\/wp-json\/wp\/v2\/product_cat?post=72164"},{"taxonomy":"product_tag","embeddable":true,"href":"https:\/\/clavreuil-wordpress.logiciel-arteo.fr\/en\/wp-json\/wp\/v2\/product_tag?post=72164"}],"curies":[{"name":"wp","href":"https:\/\/api.w.org\/{rel}","templated":true}]}}