{"id":72178,"date":"2024-04-17T11:38:15","date_gmt":"2024-04-17T09:38:15","guid":{"rendered":"https:\/\/clavreuil-wordpress.logiciel-arteo.fr\/examen-et-refutation-des-elemens-de-la-philosophie-de-neuton-de-m-de-voltaire-avec-une-dissertation-sur-la-reflexion-la-refraction-de-la-lumiere-dedie-a-monseigneur-le-duc-de-chartres-jean-b\/"},"modified":"2024-04-22T15:22:38","modified_gmt":"2024-04-22T13:22:38","slug":"examen-et-refutation-des-elemens-de-la-philosophie-de-neuton-de-m-de-voltaire-avec-une-dissertation-sur-la-reflexion-la-refraction-de-la-lumiere-dedie-a-monseigneur-le-duc-de-chartres-jean-b","status":"publish","type":"product","link":"https:\/\/clavreuil-wordpress.logiciel-arteo.fr\/en\/examen-et-refutation-des-elemens-de-la-philosophie-de-neuton-de-m-de-voltaire-avec-une-dissertation-sur-la-reflexion-la-refraction-de-la-lumiere-dedie-a-monseigneur-le-duc-de-chartres-jean-b\/","title":{"rendered":"BANI\u00c8RES Jean Examen et r\u00e9futation des Elemens de..."},"content":{"rendered":"<p style=\"text-align:justify\"><em>Wallis, 44 ; Babson (cat.), 39.<\/em><\/p>\n<p style=\"text-align:justify\">First edition of the works by Voltaire refusing the Newtonian system.<\/p>\n<p style=\"text-align:justify\">The dissertation on reflection and refraction, inserted in the preface is numbered in roman numerals.<\/p>\n<p style=\"text-align:justify\">&quot;He defines light, explains its properties, measures distances, and feels that Newton&#039;s system is a very gratuitous supposition. He shows that there are indivisible atoms and these are the elements of light. He believes that the seven primary colours correspond with the seven tones of music&quot; (Babson).<\/p>\n<p style=\"text-align:justify\">The vignettes and 5 copper plates depicting scientific instruments are engraved by Scotin after Croisat.<\/p>\n<p style=\"text-align:justify\">From the library of &quot;J. Compain&quot; (blind-stamp on title).<\/p>\n","protected":false},"excerpt":{"rendered":"<p>8vo (192 x 123 mm) 2 unn.l., XCVIII pp., 5 nn.ll., 308 pp., 2 unn.l. and 5 engraved copper plates. Contemporary marbled calf, flat gilt spine, red morocco label, red edges (<em>contemporary binding<\/em>).<\/p>\n","protected":false},"featured_media":72173,"comment_status":"open","ping_status":"closed","template":"","meta":{"_acf_changed":false},"product_brand":[],"product_cat":[550],"product_tag":[610],"class_list":{"0":"post-72178","1":"product","2":"type-product","3":"status-publish","4":"has-post-thumbnail","6":"product_cat-science","7":"product_tag-optical","8":"pa_auteur-jean-banieres-2","9":"pa_type-de-livre-printed-book","11":"first","12":"instock","13":"shipping-taxable","14":"purchasable","15":"product-type-simple"},"acf":[],"yoast_head":"<!-- This site is optimized with the Yoast SEO plugin v24.3 - https:\/\/yoast.com\/wordpress\/plugins\/seo\/ -->\n<title>BANI\u00c8RES Jean Examen et r\u00e9futation des Elemens de la philosophie de Neuton de M. de Voltaire, avec une Dissertation sur la R\u00e9flexion &amp; la R\u00e9fraction de la Lumiere. Dedi\u00e9 \u00e0 Monseigneur le Duc de Chartres. - Libairie Clavreuil<\/title>\n<meta name=\"robots\" content=\"noindex, follow, max-snippet:-1, max-image-preview:large, max-video-preview:-1\" \/>\n<meta property=\"og:locale\" content=\"en_US\" \/>\n<meta property=\"og:type\" content=\"article\" \/>\n<meta property=\"og:title\" content=\"BANI\u00c8RES Jean Examen et r\u00e9futation des Elemens de la philosophie de Neuton de M. de Voltaire, avec une Dissertation sur la R\u00e9flexion &amp; la R\u00e9fraction de la Lumiere. Dedi\u00e9 \u00e0 Monseigneur le Duc de Chartres. - Libairie Clavreuil\" \/>\n<meta property=\"og:description\" content=\"8vo (192 x 123 mm) 2 unn.l., XCVIII pp., 5 nn.ll., 308 pp., 2 unn.l. and 5 engraved copper plates. Contemporary marbled calf, flat gilt spine, red morocco label, red edges (contemporary binding).\" \/>\n<meta property=\"og:url\" content=\"https:\/\/clavreuil-wordpress.logiciel-arteo.fr\/en\/examen-et-refutation-des-elemens-de-la-philosophie-de-neuton-de-m-de-voltaire-avec-une-dissertation-sur-la-reflexion-la-refraction-de-la-lumiere-dedie-a-monseigneur-le-duc-de-chartres-jean-b\/\" \/>\n<meta property=\"og:site_name\" content=\"Libairie Clavreuil\" \/>\n<meta property=\"article:modified_time\" content=\"2024-04-22T13:22:38+00:00\" \/>\n<meta property=\"og:image\" content=\"https:\/\/clavreuil-wordpress.logiciel-arteo.fr\/wp-content\/uploads\/2024\/04\/jean-banieres-examen-et-refutation-des-elemens-de-la-philosophie-de-neuton-de-m-de-voltaire-avec-une-dissertation-sur-la-reflexion-la-refraction-de-la-scaled.jpg\" \/>\n\t<meta property=\"og:image:width\" content=\"1920\" \/>\n\t<meta property=\"og:image:height\" content=\"2560\" \/>\n\t<meta property=\"og:image:type\" content=\"image\/jpeg\" \/>\n<meta name=\"twitter:card\" content=\"summary_large_image\" \/>\n<meta name=\"twitter:label1\" content=\"Est. reading time\" \/>\n\t<meta name=\"twitter:data1\" content=\"1 minute\" \/>\n<script type=\"application\/ld+json\" class=\"yoast-schema-graph\">{\"@context\":\"https:\/\/schema.org\",\"@graph\":[{\"@type\":\"WebPage\",\"@id\":\"https:\/\/clavreuil-wordpress.logiciel-arteo.fr\/en\/examen-et-refutation-des-elemens-de-la-philosophie-de-neuton-de-m-de-voltaire-avec-une-dissertation-sur-la-reflexion-la-refraction-de-la-lumiere-dedie-a-monseigneur-le-duc-de-chartres-jean-b\/\",\"url\":\"https:\/\/clavreuil-wordpress.logiciel-arteo.fr\/en\/examen-et-refutation-des-elemens-de-la-philosophie-de-neuton-de-m-de-voltaire-avec-une-dissertation-sur-la-reflexion-la-refraction-de-la-lumiere-dedie-a-monseigneur-le-duc-de-chartres-jean-b\/\",\"name\":\"BANI\u00c8RES Jean Examen et r\u00e9futation des Elemens de la philosophie de Neuton de M. de Voltaire, avec une Dissertation sur la R\u00e9flexion &amp; la R\u00e9fraction de la Lumiere. Dedi\u00e9 \u00e0 Monseigneur le Duc de Chartres. - Libairie Clavreuil\",\"isPartOf\":{\"@id\":\"https:\/\/clavreuil-wordpress.logiciel-arteo.fr\/#website\"},\"primaryImageOfPage\":{\"@id\":\"https:\/\/clavreuil-wordpress.logiciel-arteo.fr\/en\/examen-et-refutation-des-elemens-de-la-philosophie-de-neuton-de-m-de-voltaire-avec-une-dissertation-sur-la-reflexion-la-refraction-de-la-lumiere-dedie-a-monseigneur-le-duc-de-chartres-jean-b\/#primaryimage\"},\"image\":{\"@id\":\"https:\/\/clavreuil-wordpress.logiciel-arteo.fr\/en\/examen-et-refutation-des-elemens-de-la-philosophie-de-neuton-de-m-de-voltaire-avec-une-dissertation-sur-la-reflexion-la-refraction-de-la-lumiere-dedie-a-monseigneur-le-duc-de-chartres-jean-b\/#primaryimage\"},\"thumbnailUrl\":\"https:\/\/clavreuil-wordpress.logiciel-arteo.fr\/wp-content\/uploads\/2024\/04\/jean-banieres-examen-et-refutation-des-elemens-de-la-philosophie-de-neuton-de-m-de-voltaire-avec-une-dissertation-sur-la-reflexion-la-refraction-de-la-scaled.jpg\",\"datePublished\":\"2024-04-17T09:38:15+00:00\",\"dateModified\":\"2024-04-22T13:22:38+00:00\",\"breadcrumb\":{\"@id\":\"https:\/\/clavreuil-wordpress.logiciel-arteo.fr\/en\/examen-et-refutation-des-elemens-de-la-philosophie-de-neuton-de-m-de-voltaire-avec-une-dissertation-sur-la-reflexion-la-refraction-de-la-lumiere-dedie-a-monseigneur-le-duc-de-chartres-jean-b\/#breadcrumb\"},\"inLanguage\":\"en-US\",\"potentialAction\":[{\"@type\":\"ReadAction\",\"target\":[\"https:\/\/clavreuil-wordpress.logiciel-arteo.fr\/en\/examen-et-refutation-des-elemens-de-la-philosophie-de-neuton-de-m-de-voltaire-avec-une-dissertation-sur-la-reflexion-la-refraction-de-la-lumiere-dedie-a-monseigneur-le-duc-de-chartres-jean-b\/\"]}]},{\"@type\":\"ImageObject\",\"inLanguage\":\"en-US\",\"@id\":\"https:\/\/clavreuil-wordpress.logiciel-arteo.fr\/en\/examen-et-refutation-des-elemens-de-la-philosophie-de-neuton-de-m-de-voltaire-avec-une-dissertation-sur-la-reflexion-la-refraction-de-la-lumiere-dedie-a-monseigneur-le-duc-de-chartres-jean-b\/#primaryimage\",\"url\":\"https:\/\/clavreuil-wordpress.logiciel-arteo.fr\/wp-content\/uploads\/2024\/04\/jean-banieres-examen-et-refutation-des-elemens-de-la-philosophie-de-neuton-de-m-de-voltaire-avec-une-dissertation-sur-la-reflexion-la-refraction-de-la-scaled.jpg\",\"contentUrl\":\"https:\/\/clavreuil-wordpress.logiciel-arteo.fr\/wp-content\/uploads\/2024\/04\/jean-banieres-examen-et-refutation-des-elemens-de-la-philosophie-de-neuton-de-m-de-voltaire-avec-une-dissertation-sur-la-reflexion-la-refraction-de-la-scaled.jpg\",\"width\":1920,\"height\":2560},{\"@type\":\"BreadcrumbList\",\"@id\":\"https:\/\/clavreuil-wordpress.logiciel-arteo.fr\/en\/examen-et-refutation-des-elemens-de-la-philosophie-de-neuton-de-m-de-voltaire-avec-une-dissertation-sur-la-reflexion-la-refraction-de-la-lumiere-dedie-a-monseigneur-le-duc-de-chartres-jean-b\/#breadcrumb\",\"itemListElement\":[{\"@type\":\"ListItem\",\"position\":1,\"name\":\"Accueil\",\"item\":\"https:\/\/clavreuil-wordpress.logiciel-arteo.fr\/\"},{\"@type\":\"ListItem\",\"position\":2,\"name\":\"All our books\",\"item\":\"https:\/\/clavreuil-wordpress.logiciel-arteo.fr\/en\/all-our-books\/\"},{\"@type\":\"ListItem\",\"position\":3,\"name\":\"BANI\u00c8RES Jean Examen et r\u00e9futation des Elemens de...\"}]},{\"@type\":\"WebSite\",\"@id\":\"https:\/\/clavreuil-wordpress.logiciel-arteo.fr\/#website\",\"url\":\"https:\/\/clavreuil-wordpress.logiciel-arteo.fr\/\",\"name\":\"Libairie Clavreuil\",\"description\":\"\",\"publisher\":{\"@id\":\"https:\/\/clavreuil-wordpress.logiciel-arteo.fr\/#organization\"},\"potentialAction\":[{\"@type\":\"SearchAction\",\"target\":{\"@type\":\"EntryPoint\",\"urlTemplate\":\"https:\/\/clavreuil-wordpress.logiciel-arteo.fr\/?s={search_term_string}\"},\"query-input\":{\"@type\":\"PropertyValueSpecification\",\"valueRequired\":true,\"valueName\":\"search_term_string\"}}],\"inLanguage\":\"en-US\"},{\"@type\":\"Organization\",\"@id\":\"https:\/\/clavreuil-wordpress.logiciel-arteo.fr\/#organization\",\"name\":\"Libairie Clavreuil\",\"url\":\"https:\/\/clavreuil-wordpress.logiciel-arteo.fr\/\",\"logo\":{\"@type\":\"ImageObject\",\"inLanguage\":\"en-US\",\"@id\":\"https:\/\/clavreuil-wordpress.logiciel-arteo.fr\/#\/schema\/logo\/image\/\",\"url\":\"https:\/\/clavreuil-wordpress.logiciel-arteo.fr\/wp-content\/uploads\/2021\/05\/LOGO_PNG_DATE-_gold.png\",\"contentUrl\":\"https:\/\/clavreuil-wordpress.logiciel-arteo.fr\/wp-content\/uploads\/2021\/05\/LOGO_PNG_DATE-_gold.png\",\"width\":2083,\"height\":1917,\"caption\":\"Libairie Clavreuil\"},\"image\":{\"@id\":\"https:\/\/clavreuil-wordpress.logiciel-arteo.fr\/#\/schema\/logo\/image\/\"}}]}<\/script>\n<!-- \/ Yoast SEO plugin. -->","yoast_head_json":{"title":"BANI\u00c8RES Jean Examen et r\u00e9futation des Elemens de la philosophie de Neuton de M. de Voltaire, avec une Dissertation sur la R\u00e9flexion &amp; la R\u00e9fraction de la Lumiere. Dedi\u00e9 \u00e0 Monseigneur le Duc de Chartres. - Libairie Clavreuil","robots":{"index":"noindex","follow":"follow","max-snippet":"max-snippet:-1","max-image-preview":"max-image-preview:large","max-video-preview":"max-video-preview:-1"},"og_locale":"en_US","og_type":"article","og_title":"BANI\u00c8RES Jean Examen et r\u00e9futation des Elemens de la philosophie de Neuton de M. de Voltaire, avec une Dissertation sur la R\u00e9flexion &amp; la R\u00e9fraction de la Lumiere. Dedi\u00e9 \u00e0 Monseigneur le Duc de Chartres. - Libairie Clavreuil","og_description":"8vo (192 x 123 mm) 2 unn.l., XCVIII pp., 5 nn.ll., 308 pp., 2 unn.l. and 5 engraved copper plates. Contemporary marbled calf, flat gilt spine, red morocco label, red edges (contemporary binding).","og_url":"https:\/\/clavreuil-wordpress.logiciel-arteo.fr\/en\/examen-et-refutation-des-elemens-de-la-philosophie-de-neuton-de-m-de-voltaire-avec-une-dissertation-sur-la-reflexion-la-refraction-de-la-lumiere-dedie-a-monseigneur-le-duc-de-chartres-jean-b\/","og_site_name":"Libairie Clavreuil","article_modified_time":"2024-04-22T13:22:38+00:00","og_image":[{"width":1920,"height":2560,"url":"https:\/\/clavreuil-wordpress.logiciel-arteo.fr\/wp-content\/uploads\/2024\/04\/jean-banieres-examen-et-refutation-des-elemens-de-la-philosophie-de-neuton-de-m-de-voltaire-avec-une-dissertation-sur-la-reflexion-la-refraction-de-la-scaled.jpg","type":"image\/jpeg"}],"twitter_card":"summary_large_image","twitter_misc":{"Est. reading time":"1 minute"},"schema":{"@context":"https:\/\/schema.org","@graph":[{"@type":"WebPage","@id":"https:\/\/clavreuil-wordpress.logiciel-arteo.fr\/en\/examen-et-refutation-des-elemens-de-la-philosophie-de-neuton-de-m-de-voltaire-avec-une-dissertation-sur-la-reflexion-la-refraction-de-la-lumiere-dedie-a-monseigneur-le-duc-de-chartres-jean-b\/","url":"https:\/\/clavreuil-wordpress.logiciel-arteo.fr\/en\/examen-et-refutation-des-elemens-de-la-philosophie-de-neuton-de-m-de-voltaire-avec-une-dissertation-sur-la-reflexion-la-refraction-de-la-lumiere-dedie-a-monseigneur-le-duc-de-chartres-jean-b\/","name":"BANI\u00c8RES Jean Examen et r\u00e9futation des Elemens de la philosophie de Neuton de M. de Voltaire, avec une Dissertation sur la R\u00e9flexion &amp; la R\u00e9fraction de la Lumiere. Dedi\u00e9 \u00e0 Monseigneur le Duc de Chartres. - Libairie Clavreuil","isPartOf":{"@id":"https:\/\/clavreuil-wordpress.logiciel-arteo.fr\/#website"},"primaryImageOfPage":{"@id":"https:\/\/clavreuil-wordpress.logiciel-arteo.fr\/en\/examen-et-refutation-des-elemens-de-la-philosophie-de-neuton-de-m-de-voltaire-avec-une-dissertation-sur-la-reflexion-la-refraction-de-la-lumiere-dedie-a-monseigneur-le-duc-de-chartres-jean-b\/#primaryimage"},"image":{"@id":"https:\/\/clavreuil-wordpress.logiciel-arteo.fr\/en\/examen-et-refutation-des-elemens-de-la-philosophie-de-neuton-de-m-de-voltaire-avec-une-dissertation-sur-la-reflexion-la-refraction-de-la-lumiere-dedie-a-monseigneur-le-duc-de-chartres-jean-b\/#primaryimage"},"thumbnailUrl":"https:\/\/clavreuil-wordpress.logiciel-arteo.fr\/wp-content\/uploads\/2024\/04\/jean-banieres-examen-et-refutation-des-elemens-de-la-philosophie-de-neuton-de-m-de-voltaire-avec-une-dissertation-sur-la-reflexion-la-refraction-de-la-scaled.jpg","datePublished":"2024-04-17T09:38:15+00:00","dateModified":"2024-04-22T13:22:38+00:00","breadcrumb":{"@id":"https:\/\/clavreuil-wordpress.logiciel-arteo.fr\/en\/examen-et-refutation-des-elemens-de-la-philosophie-de-neuton-de-m-de-voltaire-avec-une-dissertation-sur-la-reflexion-la-refraction-de-la-lumiere-dedie-a-monseigneur-le-duc-de-chartres-jean-b\/#breadcrumb"},"inLanguage":"en-US","potentialAction":[{"@type":"ReadAction","target":["https:\/\/clavreuil-wordpress.logiciel-arteo.fr\/en\/examen-et-refutation-des-elemens-de-la-philosophie-de-neuton-de-m-de-voltaire-avec-une-dissertation-sur-la-reflexion-la-refraction-de-la-lumiere-dedie-a-monseigneur-le-duc-de-chartres-jean-b\/"]}]},{"@type":"ImageObject","inLanguage":"en-US","@id":"https:\/\/clavreuil-wordpress.logiciel-arteo.fr\/en\/examen-et-refutation-des-elemens-de-la-philosophie-de-neuton-de-m-de-voltaire-avec-une-dissertation-sur-la-reflexion-la-refraction-de-la-lumiere-dedie-a-monseigneur-le-duc-de-chartres-jean-b\/#primaryimage","url":"https:\/\/clavreuil-wordpress.logiciel-arteo.fr\/wp-content\/uploads\/2024\/04\/jean-banieres-examen-et-refutation-des-elemens-de-la-philosophie-de-neuton-de-m-de-voltaire-avec-une-dissertation-sur-la-reflexion-la-refraction-de-la-scaled.jpg","contentUrl":"https:\/\/clavreuil-wordpress.logiciel-arteo.fr\/wp-content\/uploads\/2024\/04\/jean-banieres-examen-et-refutation-des-elemens-de-la-philosophie-de-neuton-de-m-de-voltaire-avec-une-dissertation-sur-la-reflexion-la-refraction-de-la-scaled.jpg","width":1920,"height":2560},{"@type":"BreadcrumbList","@id":"https:\/\/clavreuil-wordpress.logiciel-arteo.fr\/en\/examen-et-refutation-des-elemens-de-la-philosophie-de-neuton-de-m-de-voltaire-avec-une-dissertation-sur-la-reflexion-la-refraction-de-la-lumiere-dedie-a-monseigneur-le-duc-de-chartres-jean-b\/#breadcrumb","itemListElement":[{"@type":"ListItem","position":1,"name":"Accueil","item":"https:\/\/clavreuil-wordpress.logiciel-arteo.fr\/"},{"@type":"ListItem","position":2,"name":"All our books","item":"https:\/\/clavreuil-wordpress.logiciel-arteo.fr\/en\/all-our-books\/"},{"@type":"ListItem","position":3,"name":"BANI\u00c8RES Jean Examen et r\u00e9futation des Elemens de..."}]},{"@type":"WebSite","@id":"https:\/\/clavreuil-wordpress.logiciel-arteo.fr\/#website","url":"https:\/\/clavreuil-wordpress.logiciel-arteo.fr\/","name":"Libairie Clavreuil","description":"","publisher":{"@id":"https:\/\/clavreuil-wordpress.logiciel-arteo.fr\/#organization"},"potentialAction":[{"@type":"SearchAction","target":{"@type":"EntryPoint","urlTemplate":"https:\/\/clavreuil-wordpress.logiciel-arteo.fr\/?s={search_term_string}"},"query-input":{"@type":"PropertyValueSpecification","valueRequired":true,"valueName":"search_term_string"}}],"inLanguage":"en-US"},{"@type":"Organization","@id":"https:\/\/clavreuil-wordpress.logiciel-arteo.fr\/#organization","name":"Libairie Clavreuil","url":"https:\/\/clavreuil-wordpress.logiciel-arteo.fr\/","logo":{"@type":"ImageObject","inLanguage":"en-US","@id":"https:\/\/clavreuil-wordpress.logiciel-arteo.fr\/#\/schema\/logo\/image\/","url":"https:\/\/clavreuil-wordpress.logiciel-arteo.fr\/wp-content\/uploads\/2021\/05\/LOGO_PNG_DATE-_gold.png","contentUrl":"https:\/\/clavreuil-wordpress.logiciel-arteo.fr\/wp-content\/uploads\/2021\/05\/LOGO_PNG_DATE-_gold.png","width":2083,"height":1917,"caption":"Libairie Clavreuil"},"image":{"@id":"https:\/\/clavreuil-wordpress.logiciel-arteo.fr\/#\/schema\/logo\/image\/"}}]}},"_links":{"self":[{"href":"https:\/\/clavreuil-wordpress.logiciel-arteo.fr\/en\/wp-json\/wp\/v2\/product\/72178","targetHints":{"allow":["GET"]}}],"collection":[{"href":"https:\/\/clavreuil-wordpress.logiciel-arteo.fr\/en\/wp-json\/wp\/v2\/product"}],"about":[{"href":"https:\/\/clavreuil-wordpress.logiciel-arteo.fr\/en\/wp-json\/wp\/v2\/types\/product"}],"replies":[{"embeddable":true,"href":"https:\/\/clavreuil-wordpress.logiciel-arteo.fr\/en\/wp-json\/wp\/v2\/comments?post=72178"}],"wp:featuredmedia":[{"embeddable":true,"href":"https:\/\/clavreuil-wordpress.logiciel-arteo.fr\/en\/wp-json\/wp\/v2\/media\/72173"}],"wp:attachment":[{"href":"https:\/\/clavreuil-wordpress.logiciel-arteo.fr\/en\/wp-json\/wp\/v2\/media?parent=72178"}],"wp:term":[{"taxonomy":"product_brand","embeddable":true,"href":"https:\/\/clavreuil-wordpress.logiciel-arteo.fr\/en\/wp-json\/wp\/v2\/product_brand?post=72178"},{"taxonomy":"product_cat","embeddable":true,"href":"https:\/\/clavreuil-wordpress.logiciel-arteo.fr\/en\/wp-json\/wp\/v2\/product_cat?post=72178"},{"taxonomy":"product_tag","embeddable":true,"href":"https:\/\/clavreuil-wordpress.logiciel-arteo.fr\/en\/wp-json\/wp\/v2\/product_tag?post=72178"}],"curies":[{"name":"wp","href":"https:\/\/api.w.org\/{rel}","templated":true}]}}