{"id":72206,"date":"2024-04-17T11:41:04","date_gmt":"2024-04-17T09:41:04","guid":{"rendered":"https:\/\/clavreuil-wordpress.logiciel-arteo.fr\/memoire-sur-quelques-nouvelles-proprietes-des-axes-permanens-de-rotation-des-corps-et-des-plans-directeurs-de-ces-axes-andre-marie-ampere\/"},"modified":"2024-04-22T15:06:35","modified_gmt":"2024-04-22T13:06:35","slug":"memoire-sur-quelques-nouvelles-proprietes-des-axes-permanens-de-rotation-des-corps-et-des-plans-directeurs-de-ces-axes-andre-marie-ampere","status":"publish","type":"product","link":"https:\/\/clavreuil-wordpress.logiciel-arteo.fr\/en\/memoire-sur-quelques-nouvelles-proprietes-des-axes-permanens-de-rotation-des-corps-et-des-plans-directeurs-de-ces-axes-andre-marie-ampere\/","title":{"rendered":"AMP\u00c8RE Andr\u00e9 Marie M\u00e9moire sur quelques nouvelles propri\u00e9t\u00e9s..."},"content":{"rendered":"<p style=\"text-align:justify\"><em>DSB, I, 139-146.<\/em><\/p>\n<p style=\"text-align:justify\">First separated edition.<\/p>\n<p>This Memoir, which first appeared in the collection of the Acad&eacute;mie des Sciences, has been enlarged here with &quot;corrections et additions qui me paroissent importantes&quot;, Amp&egrave;re states in a note on the back of the title. He refers to Euler&#039;s work on the same subject.<\/p>\n<p>Stamps of Jesuit colleges on the title.<\/p>\n<p>Minor worm damage restored in the margin of the last leaves.<\/p>\n","protected":false},"excerpt":{"rendered":"<p>4to (254 x 194 mm)&nbsp; 80 pp. Modern board.<\/p>\n","protected":false},"featured_media":72201,"comment_status":"open","ping_status":"closed","template":"","meta":{"_acf_changed":false},"product_brand":[],"product_cat":[550],"product_tag":[947,1331],"class_list":{"0":"post-72206","1":"product","2":"type-product","3":"status-publish","4":"has-post-thumbnail","6":"product_cat-science","7":"product_tag-algebra","8":"product_tag-geometry","9":"pa_auteur-andre-marie-ampere-2","10":"pa_type-de-livre-printed-book","12":"first","13":"instock","14":"shipping-taxable","15":"purchasable","16":"product-type-simple"},"acf":[],"yoast_head":"<!-- This site is optimized with the Yoast SEO plugin v24.3 - https:\/\/yoast.com\/wordpress\/plugins\/seo\/ -->\n<title>AMP\u00c8RE Andr\u00e9 Marie M\u00e9moire sur quelques nouvelles propri\u00e9t\u00e9s des axes permanens de rotation des corps et des plans directeurs de ces axes. - Libairie Clavreuil<\/title>\n<meta name=\"robots\" content=\"noindex, follow, max-snippet:-1, max-image-preview:large, max-video-preview:-1\" \/>\n<meta property=\"og:locale\" content=\"en_US\" \/>\n<meta property=\"og:type\" content=\"article\" \/>\n<meta property=\"og:title\" content=\"AMP\u00c8RE Andr\u00e9 Marie M\u00e9moire sur quelques nouvelles propri\u00e9t\u00e9s des axes permanens de rotation des corps et des plans directeurs de ces axes. - Libairie Clavreuil\" \/>\n<meta property=\"og:description\" content=\"4to (254 x 194 mm)&nbsp; 80 pp. Modern board.\" \/>\n<meta property=\"og:url\" content=\"https:\/\/clavreuil-wordpress.logiciel-arteo.fr\/en\/memoire-sur-quelques-nouvelles-proprietes-des-axes-permanens-de-rotation-des-corps-et-des-plans-directeurs-de-ces-axes-andre-marie-ampere\/\" \/>\n<meta property=\"og:site_name\" content=\"Libairie Clavreuil\" \/>\n<meta property=\"article:modified_time\" content=\"2024-04-22T13:06:35+00:00\" \/>\n<meta property=\"og:image\" content=\"https:\/\/clavreuil-wordpress.logiciel-arteo.fr\/wp-content\/uploads\/2024\/04\/andre-marie-ampere-memoire-sur-quelques-nouvelles-proprietes-des-axes-permanens-de-rotation-des-corps-et-des-plans-directeurs-de-ces-axes-2517-6579883-scaled.jpg\" \/>\n\t<meta property=\"og:image:width\" content=\"1868\" \/>\n\t<meta property=\"og:image:height\" content=\"2560\" \/>\n\t<meta property=\"og:image:type\" content=\"image\/jpeg\" \/>\n<meta name=\"twitter:card\" content=\"summary_large_image\" \/>\n<script type=\"application\/ld+json\" class=\"yoast-schema-graph\">{\"@context\":\"https:\/\/schema.org\",\"@graph\":[{\"@type\":\"WebPage\",\"@id\":\"https:\/\/clavreuil-wordpress.logiciel-arteo.fr\/en\/memoire-sur-quelques-nouvelles-proprietes-des-axes-permanens-de-rotation-des-corps-et-des-plans-directeurs-de-ces-axes-andre-marie-ampere\/\",\"url\":\"https:\/\/clavreuil-wordpress.logiciel-arteo.fr\/en\/memoire-sur-quelques-nouvelles-proprietes-des-axes-permanens-de-rotation-des-corps-et-des-plans-directeurs-de-ces-axes-andre-marie-ampere\/\",\"name\":\"AMP\u00c8RE Andr\u00e9 Marie M\u00e9moire sur quelques nouvelles propri\u00e9t\u00e9s des axes permanens de rotation des corps et des plans directeurs de ces axes. - Libairie Clavreuil\",\"isPartOf\":{\"@id\":\"https:\/\/clavreuil-wordpress.logiciel-arteo.fr\/#website\"},\"primaryImageOfPage\":{\"@id\":\"https:\/\/clavreuil-wordpress.logiciel-arteo.fr\/en\/memoire-sur-quelques-nouvelles-proprietes-des-axes-permanens-de-rotation-des-corps-et-des-plans-directeurs-de-ces-axes-andre-marie-ampere\/#primaryimage\"},\"image\":{\"@id\":\"https:\/\/clavreuil-wordpress.logiciel-arteo.fr\/en\/memoire-sur-quelques-nouvelles-proprietes-des-axes-permanens-de-rotation-des-corps-et-des-plans-directeurs-de-ces-axes-andre-marie-ampere\/#primaryimage\"},\"thumbnailUrl\":\"https:\/\/clavreuil-wordpress.logiciel-arteo.fr\/wp-content\/uploads\/2024\/04\/andre-marie-ampere-memoire-sur-quelques-nouvelles-proprietes-des-axes-permanens-de-rotation-des-corps-et-des-plans-directeurs-de-ces-axes-2517-6579883-scaled.jpg\",\"datePublished\":\"2024-04-17T09:41:04+00:00\",\"dateModified\":\"2024-04-22T13:06:35+00:00\",\"breadcrumb\":{\"@id\":\"https:\/\/clavreuil-wordpress.logiciel-arteo.fr\/en\/memoire-sur-quelques-nouvelles-proprietes-des-axes-permanens-de-rotation-des-corps-et-des-plans-directeurs-de-ces-axes-andre-marie-ampere\/#breadcrumb\"},\"inLanguage\":\"en-US\",\"potentialAction\":[{\"@type\":\"ReadAction\",\"target\":[\"https:\/\/clavreuil-wordpress.logiciel-arteo.fr\/en\/memoire-sur-quelques-nouvelles-proprietes-des-axes-permanens-de-rotation-des-corps-et-des-plans-directeurs-de-ces-axes-andre-marie-ampere\/\"]}]},{\"@type\":\"ImageObject\",\"inLanguage\":\"en-US\",\"@id\":\"https:\/\/clavreuil-wordpress.logiciel-arteo.fr\/en\/memoire-sur-quelques-nouvelles-proprietes-des-axes-permanens-de-rotation-des-corps-et-des-plans-directeurs-de-ces-axes-andre-marie-ampere\/#primaryimage\",\"url\":\"https:\/\/clavreuil-wordpress.logiciel-arteo.fr\/wp-content\/uploads\/2024\/04\/andre-marie-ampere-memoire-sur-quelques-nouvelles-proprietes-des-axes-permanens-de-rotation-des-corps-et-des-plans-directeurs-de-ces-axes-2517-6579883-scaled.jpg\",\"contentUrl\":\"https:\/\/clavreuil-wordpress.logiciel-arteo.fr\/wp-content\/uploads\/2024\/04\/andre-marie-ampere-memoire-sur-quelques-nouvelles-proprietes-des-axes-permanens-de-rotation-des-corps-et-des-plans-directeurs-de-ces-axes-2517-6579883-scaled.jpg\",\"width\":1868,\"height\":2560},{\"@type\":\"BreadcrumbList\",\"@id\":\"https:\/\/clavreuil-wordpress.logiciel-arteo.fr\/en\/memoire-sur-quelques-nouvelles-proprietes-des-axes-permanens-de-rotation-des-corps-et-des-plans-directeurs-de-ces-axes-andre-marie-ampere\/#breadcrumb\",\"itemListElement\":[{\"@type\":\"ListItem\",\"position\":1,\"name\":\"Accueil\",\"item\":\"https:\/\/clavreuil-wordpress.logiciel-arteo.fr\/\"},{\"@type\":\"ListItem\",\"position\":2,\"name\":\"All our books\",\"item\":\"https:\/\/clavreuil-wordpress.logiciel-arteo.fr\/en\/all-our-books\/\"},{\"@type\":\"ListItem\",\"position\":3,\"name\":\"AMP\u00c8RE Andr\u00e9 Marie M\u00e9moire sur quelques nouvelles propri\u00e9t\u00e9s...\"}]},{\"@type\":\"WebSite\",\"@id\":\"https:\/\/clavreuil-wordpress.logiciel-arteo.fr\/#website\",\"url\":\"https:\/\/clavreuil-wordpress.logiciel-arteo.fr\/\",\"name\":\"Libairie Clavreuil\",\"description\":\"\",\"publisher\":{\"@id\":\"https:\/\/clavreuil-wordpress.logiciel-arteo.fr\/#organization\"},\"potentialAction\":[{\"@type\":\"SearchAction\",\"target\":{\"@type\":\"EntryPoint\",\"urlTemplate\":\"https:\/\/clavreuil-wordpress.logiciel-arteo.fr\/?s={search_term_string}\"},\"query-input\":{\"@type\":\"PropertyValueSpecification\",\"valueRequired\":true,\"valueName\":\"search_term_string\"}}],\"inLanguage\":\"en-US\"},{\"@type\":\"Organization\",\"@id\":\"https:\/\/clavreuil-wordpress.logiciel-arteo.fr\/#organization\",\"name\":\"Libairie Clavreuil\",\"url\":\"https:\/\/clavreuil-wordpress.logiciel-arteo.fr\/\",\"logo\":{\"@type\":\"ImageObject\",\"inLanguage\":\"en-US\",\"@id\":\"https:\/\/clavreuil-wordpress.logiciel-arteo.fr\/#\/schema\/logo\/image\/\",\"url\":\"https:\/\/clavreuil-wordpress.logiciel-arteo.fr\/wp-content\/uploads\/2021\/05\/LOGO_PNG_DATE-_gold.png\",\"contentUrl\":\"https:\/\/clavreuil-wordpress.logiciel-arteo.fr\/wp-content\/uploads\/2021\/05\/LOGO_PNG_DATE-_gold.png\",\"width\":2083,\"height\":1917,\"caption\":\"Libairie Clavreuil\"},\"image\":{\"@id\":\"https:\/\/clavreuil-wordpress.logiciel-arteo.fr\/#\/schema\/logo\/image\/\"}}]}<\/script>\n<!-- \/ Yoast SEO plugin. -->","yoast_head_json":{"title":"AMP\u00c8RE Andr\u00e9 Marie M\u00e9moire sur quelques nouvelles propri\u00e9t\u00e9s des axes permanens de rotation des corps et des plans directeurs de ces axes. - Libairie Clavreuil","robots":{"index":"noindex","follow":"follow","max-snippet":"max-snippet:-1","max-image-preview":"max-image-preview:large","max-video-preview":"max-video-preview:-1"},"og_locale":"en_US","og_type":"article","og_title":"AMP\u00c8RE Andr\u00e9 Marie M\u00e9moire sur quelques nouvelles propri\u00e9t\u00e9s des axes permanens de rotation des corps et des plans directeurs de ces axes. - Libairie Clavreuil","og_description":"4to (254 x 194 mm)&nbsp; 80 pp. Modern board.","og_url":"https:\/\/clavreuil-wordpress.logiciel-arteo.fr\/en\/memoire-sur-quelques-nouvelles-proprietes-des-axes-permanens-de-rotation-des-corps-et-des-plans-directeurs-de-ces-axes-andre-marie-ampere\/","og_site_name":"Libairie Clavreuil","article_modified_time":"2024-04-22T13:06:35+00:00","og_image":[{"width":1868,"height":2560,"url":"https:\/\/clavreuil-wordpress.logiciel-arteo.fr\/wp-content\/uploads\/2024\/04\/andre-marie-ampere-memoire-sur-quelques-nouvelles-proprietes-des-axes-permanens-de-rotation-des-corps-et-des-plans-directeurs-de-ces-axes-2517-6579883-scaled.jpg","type":"image\/jpeg"}],"twitter_card":"summary_large_image","schema":{"@context":"https:\/\/schema.org","@graph":[{"@type":"WebPage","@id":"https:\/\/clavreuil-wordpress.logiciel-arteo.fr\/en\/memoire-sur-quelques-nouvelles-proprietes-des-axes-permanens-de-rotation-des-corps-et-des-plans-directeurs-de-ces-axes-andre-marie-ampere\/","url":"https:\/\/clavreuil-wordpress.logiciel-arteo.fr\/en\/memoire-sur-quelques-nouvelles-proprietes-des-axes-permanens-de-rotation-des-corps-et-des-plans-directeurs-de-ces-axes-andre-marie-ampere\/","name":"AMP\u00c8RE Andr\u00e9 Marie M\u00e9moire sur quelques nouvelles propri\u00e9t\u00e9s des axes permanens de rotation des corps et des plans directeurs de ces axes. - Libairie Clavreuil","isPartOf":{"@id":"https:\/\/clavreuil-wordpress.logiciel-arteo.fr\/#website"},"primaryImageOfPage":{"@id":"https:\/\/clavreuil-wordpress.logiciel-arteo.fr\/en\/memoire-sur-quelques-nouvelles-proprietes-des-axes-permanens-de-rotation-des-corps-et-des-plans-directeurs-de-ces-axes-andre-marie-ampere\/#primaryimage"},"image":{"@id":"https:\/\/clavreuil-wordpress.logiciel-arteo.fr\/en\/memoire-sur-quelques-nouvelles-proprietes-des-axes-permanens-de-rotation-des-corps-et-des-plans-directeurs-de-ces-axes-andre-marie-ampere\/#primaryimage"},"thumbnailUrl":"https:\/\/clavreuil-wordpress.logiciel-arteo.fr\/wp-content\/uploads\/2024\/04\/andre-marie-ampere-memoire-sur-quelques-nouvelles-proprietes-des-axes-permanens-de-rotation-des-corps-et-des-plans-directeurs-de-ces-axes-2517-6579883-scaled.jpg","datePublished":"2024-04-17T09:41:04+00:00","dateModified":"2024-04-22T13:06:35+00:00","breadcrumb":{"@id":"https:\/\/clavreuil-wordpress.logiciel-arteo.fr\/en\/memoire-sur-quelques-nouvelles-proprietes-des-axes-permanens-de-rotation-des-corps-et-des-plans-directeurs-de-ces-axes-andre-marie-ampere\/#breadcrumb"},"inLanguage":"en-US","potentialAction":[{"@type":"ReadAction","target":["https:\/\/clavreuil-wordpress.logiciel-arteo.fr\/en\/memoire-sur-quelques-nouvelles-proprietes-des-axes-permanens-de-rotation-des-corps-et-des-plans-directeurs-de-ces-axes-andre-marie-ampere\/"]}]},{"@type":"ImageObject","inLanguage":"en-US","@id":"https:\/\/clavreuil-wordpress.logiciel-arteo.fr\/en\/memoire-sur-quelques-nouvelles-proprietes-des-axes-permanens-de-rotation-des-corps-et-des-plans-directeurs-de-ces-axes-andre-marie-ampere\/#primaryimage","url":"https:\/\/clavreuil-wordpress.logiciel-arteo.fr\/wp-content\/uploads\/2024\/04\/andre-marie-ampere-memoire-sur-quelques-nouvelles-proprietes-des-axes-permanens-de-rotation-des-corps-et-des-plans-directeurs-de-ces-axes-2517-6579883-scaled.jpg","contentUrl":"https:\/\/clavreuil-wordpress.logiciel-arteo.fr\/wp-content\/uploads\/2024\/04\/andre-marie-ampere-memoire-sur-quelques-nouvelles-proprietes-des-axes-permanens-de-rotation-des-corps-et-des-plans-directeurs-de-ces-axes-2517-6579883-scaled.jpg","width":1868,"height":2560},{"@type":"BreadcrumbList","@id":"https:\/\/clavreuil-wordpress.logiciel-arteo.fr\/en\/memoire-sur-quelques-nouvelles-proprietes-des-axes-permanens-de-rotation-des-corps-et-des-plans-directeurs-de-ces-axes-andre-marie-ampere\/#breadcrumb","itemListElement":[{"@type":"ListItem","position":1,"name":"Accueil","item":"https:\/\/clavreuil-wordpress.logiciel-arteo.fr\/"},{"@type":"ListItem","position":2,"name":"All our books","item":"https:\/\/clavreuil-wordpress.logiciel-arteo.fr\/en\/all-our-books\/"},{"@type":"ListItem","position":3,"name":"AMP\u00c8RE Andr\u00e9 Marie M\u00e9moire sur quelques nouvelles propri\u00e9t\u00e9s..."}]},{"@type":"WebSite","@id":"https:\/\/clavreuil-wordpress.logiciel-arteo.fr\/#website","url":"https:\/\/clavreuil-wordpress.logiciel-arteo.fr\/","name":"Libairie Clavreuil","description":"","publisher":{"@id":"https:\/\/clavreuil-wordpress.logiciel-arteo.fr\/#organization"},"potentialAction":[{"@type":"SearchAction","target":{"@type":"EntryPoint","urlTemplate":"https:\/\/clavreuil-wordpress.logiciel-arteo.fr\/?s={search_term_string}"},"query-input":{"@type":"PropertyValueSpecification","valueRequired":true,"valueName":"search_term_string"}}],"inLanguage":"en-US"},{"@type":"Organization","@id":"https:\/\/clavreuil-wordpress.logiciel-arteo.fr\/#organization","name":"Libairie Clavreuil","url":"https:\/\/clavreuil-wordpress.logiciel-arteo.fr\/","logo":{"@type":"ImageObject","inLanguage":"en-US","@id":"https:\/\/clavreuil-wordpress.logiciel-arteo.fr\/#\/schema\/logo\/image\/","url":"https:\/\/clavreuil-wordpress.logiciel-arteo.fr\/wp-content\/uploads\/2021\/05\/LOGO_PNG_DATE-_gold.png","contentUrl":"https:\/\/clavreuil-wordpress.logiciel-arteo.fr\/wp-content\/uploads\/2021\/05\/LOGO_PNG_DATE-_gold.png","width":2083,"height":1917,"caption":"Libairie Clavreuil"},"image":{"@id":"https:\/\/clavreuil-wordpress.logiciel-arteo.fr\/#\/schema\/logo\/image\/"}}]}},"_links":{"self":[{"href":"https:\/\/clavreuil-wordpress.logiciel-arteo.fr\/en\/wp-json\/wp\/v2\/product\/72206","targetHints":{"allow":["GET"]}}],"collection":[{"href":"https:\/\/clavreuil-wordpress.logiciel-arteo.fr\/en\/wp-json\/wp\/v2\/product"}],"about":[{"href":"https:\/\/clavreuil-wordpress.logiciel-arteo.fr\/en\/wp-json\/wp\/v2\/types\/product"}],"replies":[{"embeddable":true,"href":"https:\/\/clavreuil-wordpress.logiciel-arteo.fr\/en\/wp-json\/wp\/v2\/comments?post=72206"}],"wp:featuredmedia":[{"embeddable":true,"href":"https:\/\/clavreuil-wordpress.logiciel-arteo.fr\/en\/wp-json\/wp\/v2\/media\/72201"}],"wp:attachment":[{"href":"https:\/\/clavreuil-wordpress.logiciel-arteo.fr\/en\/wp-json\/wp\/v2\/media?parent=72206"}],"wp:term":[{"taxonomy":"product_brand","embeddable":true,"href":"https:\/\/clavreuil-wordpress.logiciel-arteo.fr\/en\/wp-json\/wp\/v2\/product_brand?post=72206"},{"taxonomy":"product_cat","embeddable":true,"href":"https:\/\/clavreuil-wordpress.logiciel-arteo.fr\/en\/wp-json\/wp\/v2\/product_cat?post=72206"},{"taxonomy":"product_tag","embeddable":true,"href":"https:\/\/clavreuil-wordpress.logiciel-arteo.fr\/en\/wp-json\/wp\/v2\/product_tag?post=72206"}],"curies":[{"name":"wp","href":"https:\/\/api.w.org\/{rel}","templated":true}]}}