{"id":72282,"date":"2024-04-17T12:13:27","date_gmt":"2024-04-17T10:13:27","guid":{"rendered":"https:\/\/clavreuil-wordpress.logiciel-arteo.fr\/lecons-de-physique-experimentale-abbe-nollet\/"},"modified":"2024-04-22T15:31:14","modified_gmt":"2024-04-22T13:31:14","slug":"lecons-de-physique-experimentale-abbe-nollet","status":"publish","type":"product","link":"https:\/\/clavreuil-wordpress.logiciel-arteo.fr\/en\/lecons-de-physique-experimentale-abbe-nollet\/","title":{"rendered":"NOLLET Abb\u00e9 Le\u00e7ons de physique exp\u00e9rimentale."},"content":{"rendered":"<p><em>DSB, X, 147-148.<\/em><\/p>\n<p style=\"text-align:justify\">Complete set, illustrated with an engraved frntispiece and 116 egraved plates. Abb&eacute; Nollet&#039;s public lectures (1700-1770) helped popularize and disseminate physics discoveries in the mid-18th century.&nbsp;<\/p>\n<p style=\"text-align:justify\">&quot;With carefully orchestrated demonstrations performed on 350 different instruments, the abb&eacute; entertained his enthusiastic auditors as, in the spirit of the Enlightenment, he undertook to dispel their &#039;vulgar errors, extravagant fears and faith in the marvelous&#039;. These were not mere shows, as one sees from their expanded syllabus, the famous Le&ccedil;ons de physique&#8230; The presentations are lively, comprehensive, and up-to-date, with full directions for realizing the effects under study and excellent illustrations of apparatus&quot; (DSB).<\/p>\n<p style=\"text-align:justify\">This famous work, originally published in 1743, was very successful and was reprinted many times. The illustrations, both precise and suggestive, show the operations and numerous instruments described in the text. The frontispiece, depicting Abb&eacute; Nollet performing an experiment in the presence of a distinguished audience, is one of the first iconographic documents to establish science as an object of culture and mundaine social life. As is often the case, the six volumes, uniformly bound at the time, come from different editions: the sixth for volumes I to III, the third for volume IV, the second for volumes V and VI.<\/p>\n<p style=\"text-align:justify\">A very good copy, well preseved in its contemporary binding.<\/p>\n","protected":false},"excerpt":{"rendered":"<p style=\"text-align:justify\">6 volumes, 12mo (170 x 97 mm). Contemporary marbled calf, spine gilt with raised bands, spine labels in red and black morocco, red edges<\/p>\n","protected":false},"featured_media":72271,"comment_status":"open","ping_status":"closed","template":"","meta":{"_acf_changed":false},"product_brand":[],"product_cat":[550],"product_tag":[1335],"class_list":{"0":"post-72282","1":"product","2":"type-product","3":"status-publish","4":"has-post-thumbnail","6":"product_cat-science","7":"product_tag-physics","8":"pa_auteur-abbe-nollet-2","9":"pa_type-de-livre-printed-book","11":"first","12":"instock","13":"shipping-taxable","14":"purchasable","15":"product-type-simple"},"acf":[],"yoast_head":"<!-- This site is optimized with the Yoast SEO plugin v24.3 - https:\/\/yoast.com\/wordpress\/plugins\/seo\/ -->\n<title>NOLLET Abb\u00e9 Le\u00e7ons de physique exp\u00e9rimentale. - Libairie Clavreuil<\/title>\n<meta name=\"robots\" content=\"noindex, follow, max-snippet:-1, max-image-preview:large, max-video-preview:-1\" \/>\n<meta property=\"og:locale\" content=\"en_US\" \/>\n<meta property=\"og:type\" content=\"article\" \/>\n<meta property=\"og:title\" content=\"NOLLET Abb\u00e9 Le\u00e7ons de physique exp\u00e9rimentale. - Libairie Clavreuil\" \/>\n<meta property=\"og:description\" content=\"6 volumes, 12mo (170 x 97 mm). Contemporary marbled calf, spine gilt with raised bands, spine labels in red and black morocco, red edges\" \/>\n<meta property=\"og:url\" content=\"https:\/\/clavreuil-wordpress.logiciel-arteo.fr\/en\/lecons-de-physique-experimentale-abbe-nollet\/\" \/>\n<meta property=\"og:site_name\" content=\"Libairie Clavreuil\" \/>\n<meta property=\"article:modified_time\" content=\"2024-04-22T13:31:14+00:00\" \/>\n<meta property=\"og:image\" content=\"https:\/\/clavreuil-wordpress.logiciel-arteo.fr\/wp-content\/uploads\/2024\/04\/abbe-nollet-lecons-de-physique-experimentale-4251-6579939474316-scaled.jpg\" \/>\n\t<meta property=\"og:image:width\" content=\"1629\" \/>\n\t<meta property=\"og:image:height\" content=\"2560\" \/>\n\t<meta property=\"og:image:type\" content=\"image\/jpeg\" \/>\n<meta name=\"twitter:card\" content=\"summary_large_image\" \/>\n<meta name=\"twitter:label1\" content=\"Est. reading time\" \/>\n\t<meta name=\"twitter:data1\" content=\"1 minute\" \/>\n<script type=\"application\/ld+json\" class=\"yoast-schema-graph\">{\"@context\":\"https:\/\/schema.org\",\"@graph\":[{\"@type\":\"WebPage\",\"@id\":\"https:\/\/clavreuil-wordpress.logiciel-arteo.fr\/en\/lecons-de-physique-experimentale-abbe-nollet\/\",\"url\":\"https:\/\/clavreuil-wordpress.logiciel-arteo.fr\/en\/lecons-de-physique-experimentale-abbe-nollet\/\",\"name\":\"NOLLET Abb\u00e9 Le\u00e7ons de physique exp\u00e9rimentale. - Libairie Clavreuil\",\"isPartOf\":{\"@id\":\"https:\/\/clavreuil-wordpress.logiciel-arteo.fr\/#website\"},\"primaryImageOfPage\":{\"@id\":\"https:\/\/clavreuil-wordpress.logiciel-arteo.fr\/en\/lecons-de-physique-experimentale-abbe-nollet\/#primaryimage\"},\"image\":{\"@id\":\"https:\/\/clavreuil-wordpress.logiciel-arteo.fr\/en\/lecons-de-physique-experimentale-abbe-nollet\/#primaryimage\"},\"thumbnailUrl\":\"https:\/\/clavreuil-wordpress.logiciel-arteo.fr\/wp-content\/uploads\/2024\/04\/abbe-nollet-lecons-de-physique-experimentale-4251-6579939474316-scaled.jpg\",\"datePublished\":\"2024-04-17T10:13:27+00:00\",\"dateModified\":\"2024-04-22T13:31:14+00:00\",\"breadcrumb\":{\"@id\":\"https:\/\/clavreuil-wordpress.logiciel-arteo.fr\/en\/lecons-de-physique-experimentale-abbe-nollet\/#breadcrumb\"},\"inLanguage\":\"en-US\",\"potentialAction\":[{\"@type\":\"ReadAction\",\"target\":[\"https:\/\/clavreuil-wordpress.logiciel-arteo.fr\/en\/lecons-de-physique-experimentale-abbe-nollet\/\"]}]},{\"@type\":\"ImageObject\",\"inLanguage\":\"en-US\",\"@id\":\"https:\/\/clavreuil-wordpress.logiciel-arteo.fr\/en\/lecons-de-physique-experimentale-abbe-nollet\/#primaryimage\",\"url\":\"https:\/\/clavreuil-wordpress.logiciel-arteo.fr\/wp-content\/uploads\/2024\/04\/abbe-nollet-lecons-de-physique-experimentale-4251-6579939474316-scaled.jpg\",\"contentUrl\":\"https:\/\/clavreuil-wordpress.logiciel-arteo.fr\/wp-content\/uploads\/2024\/04\/abbe-nollet-lecons-de-physique-experimentale-4251-6579939474316-scaled.jpg\",\"width\":1629,\"height\":2560},{\"@type\":\"BreadcrumbList\",\"@id\":\"https:\/\/clavreuil-wordpress.logiciel-arteo.fr\/en\/lecons-de-physique-experimentale-abbe-nollet\/#breadcrumb\",\"itemListElement\":[{\"@type\":\"ListItem\",\"position\":1,\"name\":\"Accueil\",\"item\":\"https:\/\/clavreuil-wordpress.logiciel-arteo.fr\/\"},{\"@type\":\"ListItem\",\"position\":2,\"name\":\"All our books\",\"item\":\"https:\/\/clavreuil-wordpress.logiciel-arteo.fr\/en\/all-our-books\/\"},{\"@type\":\"ListItem\",\"position\":3,\"name\":\"NOLLET Abb\u00e9 Le\u00e7ons de physique exp\u00e9rimentale.\"}]},{\"@type\":\"WebSite\",\"@id\":\"https:\/\/clavreuil-wordpress.logiciel-arteo.fr\/#website\",\"url\":\"https:\/\/clavreuil-wordpress.logiciel-arteo.fr\/\",\"name\":\"Libairie Clavreuil\",\"description\":\"\",\"publisher\":{\"@id\":\"https:\/\/clavreuil-wordpress.logiciel-arteo.fr\/#organization\"},\"potentialAction\":[{\"@type\":\"SearchAction\",\"target\":{\"@type\":\"EntryPoint\",\"urlTemplate\":\"https:\/\/clavreuil-wordpress.logiciel-arteo.fr\/?s={search_term_string}\"},\"query-input\":{\"@type\":\"PropertyValueSpecification\",\"valueRequired\":true,\"valueName\":\"search_term_string\"}}],\"inLanguage\":\"en-US\"},{\"@type\":\"Organization\",\"@id\":\"https:\/\/clavreuil-wordpress.logiciel-arteo.fr\/#organization\",\"name\":\"Libairie Clavreuil\",\"url\":\"https:\/\/clavreuil-wordpress.logiciel-arteo.fr\/\",\"logo\":{\"@type\":\"ImageObject\",\"inLanguage\":\"en-US\",\"@id\":\"https:\/\/clavreuil-wordpress.logiciel-arteo.fr\/#\/schema\/logo\/image\/\",\"url\":\"https:\/\/clavreuil-wordpress.logiciel-arteo.fr\/wp-content\/uploads\/2021\/05\/LOGO_PNG_DATE-_gold.png\",\"contentUrl\":\"https:\/\/clavreuil-wordpress.logiciel-arteo.fr\/wp-content\/uploads\/2021\/05\/LOGO_PNG_DATE-_gold.png\",\"width\":2083,\"height\":1917,\"caption\":\"Libairie Clavreuil\"},\"image\":{\"@id\":\"https:\/\/clavreuil-wordpress.logiciel-arteo.fr\/#\/schema\/logo\/image\/\"}}]}<\/script>\n<!-- \/ Yoast SEO plugin. -->","yoast_head_json":{"title":"NOLLET Abb\u00e9 Le\u00e7ons de physique exp\u00e9rimentale. - Libairie Clavreuil","robots":{"index":"noindex","follow":"follow","max-snippet":"max-snippet:-1","max-image-preview":"max-image-preview:large","max-video-preview":"max-video-preview:-1"},"og_locale":"en_US","og_type":"article","og_title":"NOLLET Abb\u00e9 Le\u00e7ons de physique exp\u00e9rimentale. - Libairie Clavreuil","og_description":"6 volumes, 12mo (170 x 97 mm). Contemporary marbled calf, spine gilt with raised bands, spine labels in red and black morocco, red edges","og_url":"https:\/\/clavreuil-wordpress.logiciel-arteo.fr\/en\/lecons-de-physique-experimentale-abbe-nollet\/","og_site_name":"Libairie Clavreuil","article_modified_time":"2024-04-22T13:31:14+00:00","og_image":[{"width":1629,"height":2560,"url":"https:\/\/clavreuil-wordpress.logiciel-arteo.fr\/wp-content\/uploads\/2024\/04\/abbe-nollet-lecons-de-physique-experimentale-4251-6579939474316-scaled.jpg","type":"image\/jpeg"}],"twitter_card":"summary_large_image","twitter_misc":{"Est. reading time":"1 minute"},"schema":{"@context":"https:\/\/schema.org","@graph":[{"@type":"WebPage","@id":"https:\/\/clavreuil-wordpress.logiciel-arteo.fr\/en\/lecons-de-physique-experimentale-abbe-nollet\/","url":"https:\/\/clavreuil-wordpress.logiciel-arteo.fr\/en\/lecons-de-physique-experimentale-abbe-nollet\/","name":"NOLLET Abb\u00e9 Le\u00e7ons de physique exp\u00e9rimentale. - Libairie Clavreuil","isPartOf":{"@id":"https:\/\/clavreuil-wordpress.logiciel-arteo.fr\/#website"},"primaryImageOfPage":{"@id":"https:\/\/clavreuil-wordpress.logiciel-arteo.fr\/en\/lecons-de-physique-experimentale-abbe-nollet\/#primaryimage"},"image":{"@id":"https:\/\/clavreuil-wordpress.logiciel-arteo.fr\/en\/lecons-de-physique-experimentale-abbe-nollet\/#primaryimage"},"thumbnailUrl":"https:\/\/clavreuil-wordpress.logiciel-arteo.fr\/wp-content\/uploads\/2024\/04\/abbe-nollet-lecons-de-physique-experimentale-4251-6579939474316-scaled.jpg","datePublished":"2024-04-17T10:13:27+00:00","dateModified":"2024-04-22T13:31:14+00:00","breadcrumb":{"@id":"https:\/\/clavreuil-wordpress.logiciel-arteo.fr\/en\/lecons-de-physique-experimentale-abbe-nollet\/#breadcrumb"},"inLanguage":"en-US","potentialAction":[{"@type":"ReadAction","target":["https:\/\/clavreuil-wordpress.logiciel-arteo.fr\/en\/lecons-de-physique-experimentale-abbe-nollet\/"]}]},{"@type":"ImageObject","inLanguage":"en-US","@id":"https:\/\/clavreuil-wordpress.logiciel-arteo.fr\/en\/lecons-de-physique-experimentale-abbe-nollet\/#primaryimage","url":"https:\/\/clavreuil-wordpress.logiciel-arteo.fr\/wp-content\/uploads\/2024\/04\/abbe-nollet-lecons-de-physique-experimentale-4251-6579939474316-scaled.jpg","contentUrl":"https:\/\/clavreuil-wordpress.logiciel-arteo.fr\/wp-content\/uploads\/2024\/04\/abbe-nollet-lecons-de-physique-experimentale-4251-6579939474316-scaled.jpg","width":1629,"height":2560},{"@type":"BreadcrumbList","@id":"https:\/\/clavreuil-wordpress.logiciel-arteo.fr\/en\/lecons-de-physique-experimentale-abbe-nollet\/#breadcrumb","itemListElement":[{"@type":"ListItem","position":1,"name":"Accueil","item":"https:\/\/clavreuil-wordpress.logiciel-arteo.fr\/"},{"@type":"ListItem","position":2,"name":"All our books","item":"https:\/\/clavreuil-wordpress.logiciel-arteo.fr\/en\/all-our-books\/"},{"@type":"ListItem","position":3,"name":"NOLLET Abb\u00e9 Le\u00e7ons de physique exp\u00e9rimentale."}]},{"@type":"WebSite","@id":"https:\/\/clavreuil-wordpress.logiciel-arteo.fr\/#website","url":"https:\/\/clavreuil-wordpress.logiciel-arteo.fr\/","name":"Libairie Clavreuil","description":"","publisher":{"@id":"https:\/\/clavreuil-wordpress.logiciel-arteo.fr\/#organization"},"potentialAction":[{"@type":"SearchAction","target":{"@type":"EntryPoint","urlTemplate":"https:\/\/clavreuil-wordpress.logiciel-arteo.fr\/?s={search_term_string}"},"query-input":{"@type":"PropertyValueSpecification","valueRequired":true,"valueName":"search_term_string"}}],"inLanguage":"en-US"},{"@type":"Organization","@id":"https:\/\/clavreuil-wordpress.logiciel-arteo.fr\/#organization","name":"Libairie Clavreuil","url":"https:\/\/clavreuil-wordpress.logiciel-arteo.fr\/","logo":{"@type":"ImageObject","inLanguage":"en-US","@id":"https:\/\/clavreuil-wordpress.logiciel-arteo.fr\/#\/schema\/logo\/image\/","url":"https:\/\/clavreuil-wordpress.logiciel-arteo.fr\/wp-content\/uploads\/2021\/05\/LOGO_PNG_DATE-_gold.png","contentUrl":"https:\/\/clavreuil-wordpress.logiciel-arteo.fr\/wp-content\/uploads\/2021\/05\/LOGO_PNG_DATE-_gold.png","width":2083,"height":1917,"caption":"Libairie Clavreuil"},"image":{"@id":"https:\/\/clavreuil-wordpress.logiciel-arteo.fr\/#\/schema\/logo\/image\/"}}]}},"_links":{"self":[{"href":"https:\/\/clavreuil-wordpress.logiciel-arteo.fr\/en\/wp-json\/wp\/v2\/product\/72282","targetHints":{"allow":["GET"]}}],"collection":[{"href":"https:\/\/clavreuil-wordpress.logiciel-arteo.fr\/en\/wp-json\/wp\/v2\/product"}],"about":[{"href":"https:\/\/clavreuil-wordpress.logiciel-arteo.fr\/en\/wp-json\/wp\/v2\/types\/product"}],"replies":[{"embeddable":true,"href":"https:\/\/clavreuil-wordpress.logiciel-arteo.fr\/en\/wp-json\/wp\/v2\/comments?post=72282"}],"wp:featuredmedia":[{"embeddable":true,"href":"https:\/\/clavreuil-wordpress.logiciel-arteo.fr\/en\/wp-json\/wp\/v2\/media\/72271"}],"wp:attachment":[{"href":"https:\/\/clavreuil-wordpress.logiciel-arteo.fr\/en\/wp-json\/wp\/v2\/media?parent=72282"}],"wp:term":[{"taxonomy":"product_brand","embeddable":true,"href":"https:\/\/clavreuil-wordpress.logiciel-arteo.fr\/en\/wp-json\/wp\/v2\/product_brand?post=72282"},{"taxonomy":"product_cat","embeddable":true,"href":"https:\/\/clavreuil-wordpress.logiciel-arteo.fr\/en\/wp-json\/wp\/v2\/product_cat?post=72282"},{"taxonomy":"product_tag","embeddable":true,"href":"https:\/\/clavreuil-wordpress.logiciel-arteo.fr\/en\/wp-json\/wp\/v2\/product_tag?post=72282"}],"curies":[{"name":"wp","href":"https:\/\/api.w.org\/{rel}","templated":true}]}}