{"id":72292,"date":"2024-04-17T12:14:37","date_gmt":"2024-04-17T10:14:37","guid":{"rendered":"https:\/\/clavreuil-wordpress.logiciel-arteo.fr\/traittez-des-barometres-thermometres-et-notiometres-ou-hygrometres-joachim-dalence\/"},"modified":"2024-04-22T16:08:20","modified_gmt":"2024-04-22T14:08:20","slug":"traittez-des-barometres-thermometres-et-notiometres-ou-hygrometres-joachim-dalence","status":"publish","type":"product","link":"https:\/\/clavreuil-wordpress.logiciel-arteo.fr\/en\/traittez-des-barometres-thermometres-et-notiometres-ou-hygrometres-joachim-dalence\/","title":{"rendered":"DALENCE Joachim Traittez des barom\u00e8tres, thermom\u00e8tres et notiom\u00e8tres,..."},"content":{"rendered":"<p style=\"text-align:justify\"><em>DSB, III, p. 534.<\/em><\/p>\n<p style=\"text-align:justify\">First edition.<\/p>\n<p style=\"text-align:justify\">Joachim Dalenc&eacute; (or d&#039;Alenc&eacute;), who traveled in England and the Netherlands, was in contact with Huygens and Leibniz. According to the notice to readers, these measuring instruments &quot;have become so common, that all the curious have them&#8230; we thought they would be well pleased to have a kind of history of them, in which they would find all the experiments that have been made up to now&quot;. The 35 beautifully decorated baroque plates show devices invented by Dalenc&eacute; and experiments carried out.&nbsp;<\/p>\n<p style=\"text-align:justify\">&quot;His detailed description of the principal meteorological instruments of the period is enriched with several new ideas, such as calibration of the thermometric scale on the basis of two points of change of state. The point at which water freezes and &ndash; a much more contestable point &ndash; that at which butter melts&quot; (DSB). A fine copy bearing the coat of arms of Nicolas-Joseph Foucault, Marquis de Magny (Olivier, 1852), with his bookplate. Intendant of the kingdom for 32 years, Nicolas Foucault left interesting memoirs on administrative and literary history from 1641 to 1718. He had a remarkable library.<\/p>\n","protected":false},"excerpt":{"rendered":"<p style=\"text-align:justify\">12mo ( 147 x 90 mm) engraved frontispiece by Schoonebeek, 6 unn.ll., 139 pp., 2 unn.ll., 35 engraved plates. Contemporary polished calf, central coat of arms of de Nicolas-Joseph Foucault (OHR, 1852), spine gilt with raised bands, red morocco lettering piece, red edges (some wear to lower spine).<\/p>\n","protected":false},"featured_media":72283,"comment_status":"open","ping_status":"closed","template":"","meta":{"_acf_changed":false},"product_brand":[],"product_cat":[550],"product_tag":[580,1335,1315],"class_list":{"0":"post-72292","1":"product","2":"type-product","3":"status-publish","4":"has-post-thumbnail","6":"product_cat-science","7":"product_tag-hydraulic","8":"product_tag-physics","9":"product_tag-science","10":"pa_auteur-joachim-dalence-2","11":"pa_type-de-livre-printed-book","13":"first","14":"instock","15":"shipping-taxable","16":"purchasable","17":"product-type-simple"},"acf":[],"yoast_head":"<!-- This site is optimized with the Yoast SEO plugin v24.3 - https:\/\/yoast.com\/wordpress\/plugins\/seo\/ -->\n<title>DALENCE Joachim Traittez des barom\u00e8tres, thermom\u00e8tres et notiom\u00e8tres, ou hygrom\u00e8tres. - Libairie Clavreuil<\/title>\n<meta name=\"robots\" content=\"noindex, follow, max-snippet:-1, max-image-preview:large, max-video-preview:-1\" \/>\n<meta property=\"og:locale\" content=\"en_US\" \/>\n<meta property=\"og:type\" content=\"article\" \/>\n<meta property=\"og:title\" content=\"DALENCE Joachim Traittez des barom\u00e8tres, thermom\u00e8tres et notiom\u00e8tres, ou hygrom\u00e8tres. - Libairie Clavreuil\" \/>\n<meta property=\"og:description\" content=\"12mo ( 147 x 90 mm) engraved frontispiece by Schoonebeek, 6 unn.ll., 139 pp., 2 unn.ll., 35 engraved plates. Contemporary polished calf, central coat of arms of de Nicolas-Joseph Foucault (OHR, 1852), spine gilt with raised bands, red morocco lettering piece, red edges (some wear to lower spine).\" \/>\n<meta property=\"og:url\" content=\"https:\/\/clavreuil-wordpress.logiciel-arteo.fr\/en\/traittez-des-barometres-thermometres-et-notiometres-ou-hygrometres-joachim-dalence\/\" \/>\n<meta property=\"og:site_name\" content=\"Libairie Clavreuil\" \/>\n<meta property=\"article:modified_time\" content=\"2024-04-22T14:08:20+00:00\" \/>\n<meta property=\"og:image\" content=\"https:\/\/clavreuil-wordpress.logiciel-arteo.fr\/wp-content\/uploads\/2024\/04\/joachim-dalence-traittez-des-barometres-thermometres-et-notiometres-ou-hygrometres-8031-6579a860cc94b-scaled.jpg\" \/>\n\t<meta property=\"og:image:width\" content=\"1920\" \/>\n\t<meta property=\"og:image:height\" content=\"2560\" \/>\n\t<meta property=\"og:image:type\" content=\"image\/jpeg\" \/>\n<meta name=\"twitter:card\" content=\"summary_large_image\" \/>\n<meta name=\"twitter:label1\" content=\"Est. reading time\" \/>\n\t<meta name=\"twitter:data1\" content=\"1 minute\" \/>\n<script type=\"application\/ld+json\" class=\"yoast-schema-graph\">{\"@context\":\"https:\/\/schema.org\",\"@graph\":[{\"@type\":\"WebPage\",\"@id\":\"https:\/\/clavreuil-wordpress.logiciel-arteo.fr\/en\/traittez-des-barometres-thermometres-et-notiometres-ou-hygrometres-joachim-dalence\/\",\"url\":\"https:\/\/clavreuil-wordpress.logiciel-arteo.fr\/en\/traittez-des-barometres-thermometres-et-notiometres-ou-hygrometres-joachim-dalence\/\",\"name\":\"DALENCE Joachim Traittez des barom\u00e8tres, thermom\u00e8tres et notiom\u00e8tres, ou hygrom\u00e8tres. - Libairie Clavreuil\",\"isPartOf\":{\"@id\":\"https:\/\/clavreuil-wordpress.logiciel-arteo.fr\/#website\"},\"primaryImageOfPage\":{\"@id\":\"https:\/\/clavreuil-wordpress.logiciel-arteo.fr\/en\/traittez-des-barometres-thermometres-et-notiometres-ou-hygrometres-joachim-dalence\/#primaryimage\"},\"image\":{\"@id\":\"https:\/\/clavreuil-wordpress.logiciel-arteo.fr\/en\/traittez-des-barometres-thermometres-et-notiometres-ou-hygrometres-joachim-dalence\/#primaryimage\"},\"thumbnailUrl\":\"https:\/\/clavreuil-wordpress.logiciel-arteo.fr\/wp-content\/uploads\/2024\/04\/joachim-dalence-traittez-des-barometres-thermometres-et-notiometres-ou-hygrometres-8031-6579a860cc94b-scaled.jpg\",\"datePublished\":\"2024-04-17T10:14:37+00:00\",\"dateModified\":\"2024-04-22T14:08:20+00:00\",\"breadcrumb\":{\"@id\":\"https:\/\/clavreuil-wordpress.logiciel-arteo.fr\/en\/traittez-des-barometres-thermometres-et-notiometres-ou-hygrometres-joachim-dalence\/#breadcrumb\"},\"inLanguage\":\"en-US\",\"potentialAction\":[{\"@type\":\"ReadAction\",\"target\":[\"https:\/\/clavreuil-wordpress.logiciel-arteo.fr\/en\/traittez-des-barometres-thermometres-et-notiometres-ou-hygrometres-joachim-dalence\/\"]}]},{\"@type\":\"ImageObject\",\"inLanguage\":\"en-US\",\"@id\":\"https:\/\/clavreuil-wordpress.logiciel-arteo.fr\/en\/traittez-des-barometres-thermometres-et-notiometres-ou-hygrometres-joachim-dalence\/#primaryimage\",\"url\":\"https:\/\/clavreuil-wordpress.logiciel-arteo.fr\/wp-content\/uploads\/2024\/04\/joachim-dalence-traittez-des-barometres-thermometres-et-notiometres-ou-hygrometres-8031-6579a860cc94b-scaled.jpg\",\"contentUrl\":\"https:\/\/clavreuil-wordpress.logiciel-arteo.fr\/wp-content\/uploads\/2024\/04\/joachim-dalence-traittez-des-barometres-thermometres-et-notiometres-ou-hygrometres-8031-6579a860cc94b-scaled.jpg\",\"width\":1920,\"height\":2560},{\"@type\":\"BreadcrumbList\",\"@id\":\"https:\/\/clavreuil-wordpress.logiciel-arteo.fr\/en\/traittez-des-barometres-thermometres-et-notiometres-ou-hygrometres-joachim-dalence\/#breadcrumb\",\"itemListElement\":[{\"@type\":\"ListItem\",\"position\":1,\"name\":\"Accueil\",\"item\":\"https:\/\/clavreuil-wordpress.logiciel-arteo.fr\/\"},{\"@type\":\"ListItem\",\"position\":2,\"name\":\"All our books\",\"item\":\"https:\/\/clavreuil-wordpress.logiciel-arteo.fr\/en\/all-our-books\/\"},{\"@type\":\"ListItem\",\"position\":3,\"name\":\"DALENCE Joachim Traittez des barom\u00e8tres, thermom\u00e8tres et notiom\u00e8tres,...\"}]},{\"@type\":\"WebSite\",\"@id\":\"https:\/\/clavreuil-wordpress.logiciel-arteo.fr\/#website\",\"url\":\"https:\/\/clavreuil-wordpress.logiciel-arteo.fr\/\",\"name\":\"Libairie Clavreuil\",\"description\":\"\",\"publisher\":{\"@id\":\"https:\/\/clavreuil-wordpress.logiciel-arteo.fr\/#organization\"},\"potentialAction\":[{\"@type\":\"SearchAction\",\"target\":{\"@type\":\"EntryPoint\",\"urlTemplate\":\"https:\/\/clavreuil-wordpress.logiciel-arteo.fr\/?s={search_term_string}\"},\"query-input\":{\"@type\":\"PropertyValueSpecification\",\"valueRequired\":true,\"valueName\":\"search_term_string\"}}],\"inLanguage\":\"en-US\"},{\"@type\":\"Organization\",\"@id\":\"https:\/\/clavreuil-wordpress.logiciel-arteo.fr\/#organization\",\"name\":\"Libairie Clavreuil\",\"url\":\"https:\/\/clavreuil-wordpress.logiciel-arteo.fr\/\",\"logo\":{\"@type\":\"ImageObject\",\"inLanguage\":\"en-US\",\"@id\":\"https:\/\/clavreuil-wordpress.logiciel-arteo.fr\/#\/schema\/logo\/image\/\",\"url\":\"https:\/\/clavreuil-wordpress.logiciel-arteo.fr\/wp-content\/uploads\/2021\/05\/LOGO_PNG_DATE-_gold.png\",\"contentUrl\":\"https:\/\/clavreuil-wordpress.logiciel-arteo.fr\/wp-content\/uploads\/2021\/05\/LOGO_PNG_DATE-_gold.png\",\"width\":2083,\"height\":1917,\"caption\":\"Libairie Clavreuil\"},\"image\":{\"@id\":\"https:\/\/clavreuil-wordpress.logiciel-arteo.fr\/#\/schema\/logo\/image\/\"}}]}<\/script>\n<!-- \/ Yoast SEO plugin. -->","yoast_head_json":{"title":"DALENCE Joachim Traittez des barom\u00e8tres, thermom\u00e8tres et notiom\u00e8tres, ou hygrom\u00e8tres. - Libairie Clavreuil","robots":{"index":"noindex","follow":"follow","max-snippet":"max-snippet:-1","max-image-preview":"max-image-preview:large","max-video-preview":"max-video-preview:-1"},"og_locale":"en_US","og_type":"article","og_title":"DALENCE Joachim Traittez des barom\u00e8tres, thermom\u00e8tres et notiom\u00e8tres, ou hygrom\u00e8tres. - Libairie Clavreuil","og_description":"12mo ( 147 x 90 mm) engraved frontispiece by Schoonebeek, 6 unn.ll., 139 pp., 2 unn.ll., 35 engraved plates. Contemporary polished calf, central coat of arms of de Nicolas-Joseph Foucault (OHR, 1852), spine gilt with raised bands, red morocco lettering piece, red edges (some wear to lower spine).","og_url":"https:\/\/clavreuil-wordpress.logiciel-arteo.fr\/en\/traittez-des-barometres-thermometres-et-notiometres-ou-hygrometres-joachim-dalence\/","og_site_name":"Libairie Clavreuil","article_modified_time":"2024-04-22T14:08:20+00:00","og_image":[{"width":1920,"height":2560,"url":"https:\/\/clavreuil-wordpress.logiciel-arteo.fr\/wp-content\/uploads\/2024\/04\/joachim-dalence-traittez-des-barometres-thermometres-et-notiometres-ou-hygrometres-8031-6579a860cc94b-scaled.jpg","type":"image\/jpeg"}],"twitter_card":"summary_large_image","twitter_misc":{"Est. reading time":"1 minute"},"schema":{"@context":"https:\/\/schema.org","@graph":[{"@type":"WebPage","@id":"https:\/\/clavreuil-wordpress.logiciel-arteo.fr\/en\/traittez-des-barometres-thermometres-et-notiometres-ou-hygrometres-joachim-dalence\/","url":"https:\/\/clavreuil-wordpress.logiciel-arteo.fr\/en\/traittez-des-barometres-thermometres-et-notiometres-ou-hygrometres-joachim-dalence\/","name":"DALENCE Joachim Traittez des barom\u00e8tres, thermom\u00e8tres et notiom\u00e8tres, ou hygrom\u00e8tres. - Libairie Clavreuil","isPartOf":{"@id":"https:\/\/clavreuil-wordpress.logiciel-arteo.fr\/#website"},"primaryImageOfPage":{"@id":"https:\/\/clavreuil-wordpress.logiciel-arteo.fr\/en\/traittez-des-barometres-thermometres-et-notiometres-ou-hygrometres-joachim-dalence\/#primaryimage"},"image":{"@id":"https:\/\/clavreuil-wordpress.logiciel-arteo.fr\/en\/traittez-des-barometres-thermometres-et-notiometres-ou-hygrometres-joachim-dalence\/#primaryimage"},"thumbnailUrl":"https:\/\/clavreuil-wordpress.logiciel-arteo.fr\/wp-content\/uploads\/2024\/04\/joachim-dalence-traittez-des-barometres-thermometres-et-notiometres-ou-hygrometres-8031-6579a860cc94b-scaled.jpg","datePublished":"2024-04-17T10:14:37+00:00","dateModified":"2024-04-22T14:08:20+00:00","breadcrumb":{"@id":"https:\/\/clavreuil-wordpress.logiciel-arteo.fr\/en\/traittez-des-barometres-thermometres-et-notiometres-ou-hygrometres-joachim-dalence\/#breadcrumb"},"inLanguage":"en-US","potentialAction":[{"@type":"ReadAction","target":["https:\/\/clavreuil-wordpress.logiciel-arteo.fr\/en\/traittez-des-barometres-thermometres-et-notiometres-ou-hygrometres-joachim-dalence\/"]}]},{"@type":"ImageObject","inLanguage":"en-US","@id":"https:\/\/clavreuil-wordpress.logiciel-arteo.fr\/en\/traittez-des-barometres-thermometres-et-notiometres-ou-hygrometres-joachim-dalence\/#primaryimage","url":"https:\/\/clavreuil-wordpress.logiciel-arteo.fr\/wp-content\/uploads\/2024\/04\/joachim-dalence-traittez-des-barometres-thermometres-et-notiometres-ou-hygrometres-8031-6579a860cc94b-scaled.jpg","contentUrl":"https:\/\/clavreuil-wordpress.logiciel-arteo.fr\/wp-content\/uploads\/2024\/04\/joachim-dalence-traittez-des-barometres-thermometres-et-notiometres-ou-hygrometres-8031-6579a860cc94b-scaled.jpg","width":1920,"height":2560},{"@type":"BreadcrumbList","@id":"https:\/\/clavreuil-wordpress.logiciel-arteo.fr\/en\/traittez-des-barometres-thermometres-et-notiometres-ou-hygrometres-joachim-dalence\/#breadcrumb","itemListElement":[{"@type":"ListItem","position":1,"name":"Accueil","item":"https:\/\/clavreuil-wordpress.logiciel-arteo.fr\/"},{"@type":"ListItem","position":2,"name":"All our books","item":"https:\/\/clavreuil-wordpress.logiciel-arteo.fr\/en\/all-our-books\/"},{"@type":"ListItem","position":3,"name":"DALENCE Joachim Traittez des barom\u00e8tres, thermom\u00e8tres et notiom\u00e8tres,..."}]},{"@type":"WebSite","@id":"https:\/\/clavreuil-wordpress.logiciel-arteo.fr\/#website","url":"https:\/\/clavreuil-wordpress.logiciel-arteo.fr\/","name":"Libairie Clavreuil","description":"","publisher":{"@id":"https:\/\/clavreuil-wordpress.logiciel-arteo.fr\/#organization"},"potentialAction":[{"@type":"SearchAction","target":{"@type":"EntryPoint","urlTemplate":"https:\/\/clavreuil-wordpress.logiciel-arteo.fr\/?s={search_term_string}"},"query-input":{"@type":"PropertyValueSpecification","valueRequired":true,"valueName":"search_term_string"}}],"inLanguage":"en-US"},{"@type":"Organization","@id":"https:\/\/clavreuil-wordpress.logiciel-arteo.fr\/#organization","name":"Libairie Clavreuil","url":"https:\/\/clavreuil-wordpress.logiciel-arteo.fr\/","logo":{"@type":"ImageObject","inLanguage":"en-US","@id":"https:\/\/clavreuil-wordpress.logiciel-arteo.fr\/#\/schema\/logo\/image\/","url":"https:\/\/clavreuil-wordpress.logiciel-arteo.fr\/wp-content\/uploads\/2021\/05\/LOGO_PNG_DATE-_gold.png","contentUrl":"https:\/\/clavreuil-wordpress.logiciel-arteo.fr\/wp-content\/uploads\/2021\/05\/LOGO_PNG_DATE-_gold.png","width":2083,"height":1917,"caption":"Libairie Clavreuil"},"image":{"@id":"https:\/\/clavreuil-wordpress.logiciel-arteo.fr\/#\/schema\/logo\/image\/"}}]}},"_links":{"self":[{"href":"https:\/\/clavreuil-wordpress.logiciel-arteo.fr\/en\/wp-json\/wp\/v2\/product\/72292","targetHints":{"allow":["GET"]}}],"collection":[{"href":"https:\/\/clavreuil-wordpress.logiciel-arteo.fr\/en\/wp-json\/wp\/v2\/product"}],"about":[{"href":"https:\/\/clavreuil-wordpress.logiciel-arteo.fr\/en\/wp-json\/wp\/v2\/types\/product"}],"replies":[{"embeddable":true,"href":"https:\/\/clavreuil-wordpress.logiciel-arteo.fr\/en\/wp-json\/wp\/v2\/comments?post=72292"}],"wp:featuredmedia":[{"embeddable":true,"href":"https:\/\/clavreuil-wordpress.logiciel-arteo.fr\/en\/wp-json\/wp\/v2\/media\/72283"}],"wp:attachment":[{"href":"https:\/\/clavreuil-wordpress.logiciel-arteo.fr\/en\/wp-json\/wp\/v2\/media?parent=72292"}],"wp:term":[{"taxonomy":"product_brand","embeddable":true,"href":"https:\/\/clavreuil-wordpress.logiciel-arteo.fr\/en\/wp-json\/wp\/v2\/product_brand?post=72292"},{"taxonomy":"product_cat","embeddable":true,"href":"https:\/\/clavreuil-wordpress.logiciel-arteo.fr\/en\/wp-json\/wp\/v2\/product_cat?post=72292"},{"taxonomy":"product_tag","embeddable":true,"href":"https:\/\/clavreuil-wordpress.logiciel-arteo.fr\/en\/wp-json\/wp\/v2\/product_tag?post=72292"}],"curies":[{"name":"wp","href":"https:\/\/api.w.org\/{rel}","templated":true}]}}