{"id":72308,"date":"2024-04-17T15:41:58","date_gmt":"2024-04-17T13:41:58","guid":{"rendered":"https:\/\/clavreuil-wordpress.logiciel-arteo.fr\/de-laluminium-ses-proprietes-sa-fabrication-et-ses-applications-henri-etienne-sainte-claire-deville\/"},"modified":"2024-04-22T16:02:23","modified_gmt":"2024-04-22T14:02:23","slug":"de-laluminium-ses-proprietes-sa-fabrication-et-ses-applications-henri-etienne-sainte-claire-deville","status":"publish","type":"product","link":"https:\/\/clavreuil-wordpress.logiciel-arteo.fr\/en\/de-laluminium-ses-proprietes-sa-fabrication-et-ses-applications-henri-etienne-sainte-claire-deville\/","title":{"rendered":"DEVILLE Henri \u00c9tienne Sainte-Claire De l&#8217;Aluminium. Ses propri\u00e9t\u00e9s,..."},"content":{"rendered":"<p style=\"text-align:justify\"><em>Neville, I, 357; DSB, IV, 77.<\/em><\/p>\n<p style=\"text-align:justify\">First edition of this highly important work on the production of aluminium.<\/p>\n<p style=\"text-align:justify\">Deville (1818-1881), a native the island Saint-Thomas in the French Antilles, received his academic degree in 1843. In 1851 he became professor of chemistry at the &Eacute;coles nationale sup&eacute;rieure.<\/p>\n<p style=\"text-align:justify\">&quot;A milestone in the literature of chemical technology, in which the preparation of alumium on a large scale is described. It formed the starting point for the development of the first practical industrial production of aluminium, one of the lightest metals used in many facets of modern life&quot; (Neville).<\/p>\n<p style=\"text-align:justify\">Le large folding plate by Duclos depicts the apparatus used for the production<\/p>\n<p style=\"text-align:justify\">Some occasional foxing, else a fine copy.<\/p>\n","protected":false},"excerpt":{"rendered":"<p>8vo (213 x 133 mm) IX, 176 pp., 1 large engraved folding plate. Contemporary green sheep-backed boards, flat spine gilt, speckled edges.<\/p>\n","protected":false},"featured_media":72303,"comment_status":"open","ping_status":"closed","template":"","meta":{"_acf_changed":false},"product_brand":[],"product_cat":[550],"product_tag":[],"class_list":{"0":"post-72308","1":"product","2":"type-product","3":"status-publish","4":"has-post-thumbnail","6":"product_cat-science","7":"pa_auteur-henri-etienne-sainte-claire-deville-2","8":"pa_type-de-livre-printed-book","10":"first","11":"instock","12":"shipping-taxable","13":"purchasable","14":"product-type-simple"},"acf":[],"yoast_head":"<!-- This site is optimized with the Yoast SEO plugin v24.3 - https:\/\/yoast.com\/wordpress\/plugins\/seo\/ -->\n<title>DEVILLE Henri \u00c9tienne Sainte-Claire De l&#039;Aluminium. Ses propri\u00e9t\u00e9s, sa fabrication et ses applications. - Libairie Clavreuil<\/title>\n<meta name=\"robots\" content=\"noindex, follow, max-snippet:-1, max-image-preview:large, max-video-preview:-1\" \/>\n<meta property=\"og:locale\" content=\"en_US\" \/>\n<meta property=\"og:type\" content=\"article\" \/>\n<meta property=\"og:title\" content=\"DEVILLE Henri \u00c9tienne Sainte-Claire De l&#039;Aluminium. Ses propri\u00e9t\u00e9s, sa fabrication et ses applications. - Libairie Clavreuil\" \/>\n<meta property=\"og:description\" content=\"8vo (213 x 133 mm) IX, 176 pp., 1 large engraved folding plate. Contemporary green sheep-backed boards, flat spine gilt, speckled edges.\" \/>\n<meta property=\"og:url\" content=\"https:\/\/clavreuil-wordpress.logiciel-arteo.fr\/en\/de-laluminium-ses-proprietes-sa-fabrication-et-ses-applications-henri-etienne-sainte-claire-deville\/\" \/>\n<meta property=\"og:site_name\" content=\"Libairie Clavreuil\" \/>\n<meta property=\"article:modified_time\" content=\"2024-04-22T14:02:23+00:00\" \/>\n<meta property=\"og:image\" content=\"https:\/\/clavreuil-wordpress.logiciel-arteo.fr\/wp-content\/uploads\/2024\/04\/henri-etienne-sainte-claire-deville-de-l-aluminium-ses-proprietes-sa-fabrication-et-ses-applications-7415-6579f2162dc7f-scaled.jpg\" \/>\n\t<meta property=\"og:image:width\" content=\"1920\" \/>\n\t<meta property=\"og:image:height\" content=\"2560\" \/>\n\t<meta property=\"og:image:type\" content=\"image\/jpeg\" \/>\n<meta name=\"twitter:card\" content=\"summary_large_image\" \/>\n<meta name=\"twitter:label1\" content=\"Est. reading time\" \/>\n\t<meta name=\"twitter:data1\" content=\"1 minute\" \/>\n<script type=\"application\/ld+json\" class=\"yoast-schema-graph\">{\"@context\":\"https:\/\/schema.org\",\"@graph\":[{\"@type\":\"WebPage\",\"@id\":\"https:\/\/clavreuil-wordpress.logiciel-arteo.fr\/en\/de-laluminium-ses-proprietes-sa-fabrication-et-ses-applications-henri-etienne-sainte-claire-deville\/\",\"url\":\"https:\/\/clavreuil-wordpress.logiciel-arteo.fr\/en\/de-laluminium-ses-proprietes-sa-fabrication-et-ses-applications-henri-etienne-sainte-claire-deville\/\",\"name\":\"DEVILLE Henri \u00c9tienne Sainte-Claire De l'Aluminium. Ses propri\u00e9t\u00e9s, sa fabrication et ses applications. - Libairie Clavreuil\",\"isPartOf\":{\"@id\":\"https:\/\/clavreuil-wordpress.logiciel-arteo.fr\/#website\"},\"primaryImageOfPage\":{\"@id\":\"https:\/\/clavreuil-wordpress.logiciel-arteo.fr\/en\/de-laluminium-ses-proprietes-sa-fabrication-et-ses-applications-henri-etienne-sainte-claire-deville\/#primaryimage\"},\"image\":{\"@id\":\"https:\/\/clavreuil-wordpress.logiciel-arteo.fr\/en\/de-laluminium-ses-proprietes-sa-fabrication-et-ses-applications-henri-etienne-sainte-claire-deville\/#primaryimage\"},\"thumbnailUrl\":\"https:\/\/clavreuil-wordpress.logiciel-arteo.fr\/wp-content\/uploads\/2024\/04\/henri-etienne-sainte-claire-deville-de-l-aluminium-ses-proprietes-sa-fabrication-et-ses-applications-7415-6579f2162dc7f-scaled.jpg\",\"datePublished\":\"2024-04-17T13:41:58+00:00\",\"dateModified\":\"2024-04-22T14:02:23+00:00\",\"breadcrumb\":{\"@id\":\"https:\/\/clavreuil-wordpress.logiciel-arteo.fr\/en\/de-laluminium-ses-proprietes-sa-fabrication-et-ses-applications-henri-etienne-sainte-claire-deville\/#breadcrumb\"},\"inLanguage\":\"en-US\",\"potentialAction\":[{\"@type\":\"ReadAction\",\"target\":[\"https:\/\/clavreuil-wordpress.logiciel-arteo.fr\/en\/de-laluminium-ses-proprietes-sa-fabrication-et-ses-applications-henri-etienne-sainte-claire-deville\/\"]}]},{\"@type\":\"ImageObject\",\"inLanguage\":\"en-US\",\"@id\":\"https:\/\/clavreuil-wordpress.logiciel-arteo.fr\/en\/de-laluminium-ses-proprietes-sa-fabrication-et-ses-applications-henri-etienne-sainte-claire-deville\/#primaryimage\",\"url\":\"https:\/\/clavreuil-wordpress.logiciel-arteo.fr\/wp-content\/uploads\/2024\/04\/henri-etienne-sainte-claire-deville-de-l-aluminium-ses-proprietes-sa-fabrication-et-ses-applications-7415-6579f2162dc7f-scaled.jpg\",\"contentUrl\":\"https:\/\/clavreuil-wordpress.logiciel-arteo.fr\/wp-content\/uploads\/2024\/04\/henri-etienne-sainte-claire-deville-de-l-aluminium-ses-proprietes-sa-fabrication-et-ses-applications-7415-6579f2162dc7f-scaled.jpg\",\"width\":1920,\"height\":2560},{\"@type\":\"BreadcrumbList\",\"@id\":\"https:\/\/clavreuil-wordpress.logiciel-arteo.fr\/en\/de-laluminium-ses-proprietes-sa-fabrication-et-ses-applications-henri-etienne-sainte-claire-deville\/#breadcrumb\",\"itemListElement\":[{\"@type\":\"ListItem\",\"position\":1,\"name\":\"Accueil\",\"item\":\"https:\/\/clavreuil-wordpress.logiciel-arteo.fr\/\"},{\"@type\":\"ListItem\",\"position\":2,\"name\":\"All our books\",\"item\":\"https:\/\/clavreuil-wordpress.logiciel-arteo.fr\/en\/all-our-books\/\"},{\"@type\":\"ListItem\",\"position\":3,\"name\":\"DEVILLE Henri \u00c9tienne Sainte-Claire De l&#8217;Aluminium. Ses propri\u00e9t\u00e9s,...\"}]},{\"@type\":\"WebSite\",\"@id\":\"https:\/\/clavreuil-wordpress.logiciel-arteo.fr\/#website\",\"url\":\"https:\/\/clavreuil-wordpress.logiciel-arteo.fr\/\",\"name\":\"Libairie Clavreuil\",\"description\":\"\",\"publisher\":{\"@id\":\"https:\/\/clavreuil-wordpress.logiciel-arteo.fr\/#organization\"},\"potentialAction\":[{\"@type\":\"SearchAction\",\"target\":{\"@type\":\"EntryPoint\",\"urlTemplate\":\"https:\/\/clavreuil-wordpress.logiciel-arteo.fr\/?s={search_term_string}\"},\"query-input\":{\"@type\":\"PropertyValueSpecification\",\"valueRequired\":true,\"valueName\":\"search_term_string\"}}],\"inLanguage\":\"en-US\"},{\"@type\":\"Organization\",\"@id\":\"https:\/\/clavreuil-wordpress.logiciel-arteo.fr\/#organization\",\"name\":\"Libairie Clavreuil\",\"url\":\"https:\/\/clavreuil-wordpress.logiciel-arteo.fr\/\",\"logo\":{\"@type\":\"ImageObject\",\"inLanguage\":\"en-US\",\"@id\":\"https:\/\/clavreuil-wordpress.logiciel-arteo.fr\/#\/schema\/logo\/image\/\",\"url\":\"https:\/\/clavreuil-wordpress.logiciel-arteo.fr\/wp-content\/uploads\/2021\/05\/LOGO_PNG_DATE-_gold.png\",\"contentUrl\":\"https:\/\/clavreuil-wordpress.logiciel-arteo.fr\/wp-content\/uploads\/2021\/05\/LOGO_PNG_DATE-_gold.png\",\"width\":2083,\"height\":1917,\"caption\":\"Libairie Clavreuil\"},\"image\":{\"@id\":\"https:\/\/clavreuil-wordpress.logiciel-arteo.fr\/#\/schema\/logo\/image\/\"}}]}<\/script>\n<!-- \/ Yoast SEO plugin. -->","yoast_head_json":{"title":"DEVILLE Henri \u00c9tienne Sainte-Claire De l'Aluminium. Ses propri\u00e9t\u00e9s, sa fabrication et ses applications. - Libairie Clavreuil","robots":{"index":"noindex","follow":"follow","max-snippet":"max-snippet:-1","max-image-preview":"max-image-preview:large","max-video-preview":"max-video-preview:-1"},"og_locale":"en_US","og_type":"article","og_title":"DEVILLE Henri \u00c9tienne Sainte-Claire De l'Aluminium. Ses propri\u00e9t\u00e9s, sa fabrication et ses applications. - Libairie Clavreuil","og_description":"8vo (213 x 133 mm) IX, 176 pp., 1 large engraved folding plate. Contemporary green sheep-backed boards, flat spine gilt, speckled edges.","og_url":"https:\/\/clavreuil-wordpress.logiciel-arteo.fr\/en\/de-laluminium-ses-proprietes-sa-fabrication-et-ses-applications-henri-etienne-sainte-claire-deville\/","og_site_name":"Libairie Clavreuil","article_modified_time":"2024-04-22T14:02:23+00:00","og_image":[{"width":1920,"height":2560,"url":"https:\/\/clavreuil-wordpress.logiciel-arteo.fr\/wp-content\/uploads\/2024\/04\/henri-etienne-sainte-claire-deville-de-l-aluminium-ses-proprietes-sa-fabrication-et-ses-applications-7415-6579f2162dc7f-scaled.jpg","type":"image\/jpeg"}],"twitter_card":"summary_large_image","twitter_misc":{"Est. reading time":"1 minute"},"schema":{"@context":"https:\/\/schema.org","@graph":[{"@type":"WebPage","@id":"https:\/\/clavreuil-wordpress.logiciel-arteo.fr\/en\/de-laluminium-ses-proprietes-sa-fabrication-et-ses-applications-henri-etienne-sainte-claire-deville\/","url":"https:\/\/clavreuil-wordpress.logiciel-arteo.fr\/en\/de-laluminium-ses-proprietes-sa-fabrication-et-ses-applications-henri-etienne-sainte-claire-deville\/","name":"DEVILLE Henri \u00c9tienne Sainte-Claire De l'Aluminium. Ses propri\u00e9t\u00e9s, sa fabrication et ses applications. - Libairie Clavreuil","isPartOf":{"@id":"https:\/\/clavreuil-wordpress.logiciel-arteo.fr\/#website"},"primaryImageOfPage":{"@id":"https:\/\/clavreuil-wordpress.logiciel-arteo.fr\/en\/de-laluminium-ses-proprietes-sa-fabrication-et-ses-applications-henri-etienne-sainte-claire-deville\/#primaryimage"},"image":{"@id":"https:\/\/clavreuil-wordpress.logiciel-arteo.fr\/en\/de-laluminium-ses-proprietes-sa-fabrication-et-ses-applications-henri-etienne-sainte-claire-deville\/#primaryimage"},"thumbnailUrl":"https:\/\/clavreuil-wordpress.logiciel-arteo.fr\/wp-content\/uploads\/2024\/04\/henri-etienne-sainte-claire-deville-de-l-aluminium-ses-proprietes-sa-fabrication-et-ses-applications-7415-6579f2162dc7f-scaled.jpg","datePublished":"2024-04-17T13:41:58+00:00","dateModified":"2024-04-22T14:02:23+00:00","breadcrumb":{"@id":"https:\/\/clavreuil-wordpress.logiciel-arteo.fr\/en\/de-laluminium-ses-proprietes-sa-fabrication-et-ses-applications-henri-etienne-sainte-claire-deville\/#breadcrumb"},"inLanguage":"en-US","potentialAction":[{"@type":"ReadAction","target":["https:\/\/clavreuil-wordpress.logiciel-arteo.fr\/en\/de-laluminium-ses-proprietes-sa-fabrication-et-ses-applications-henri-etienne-sainte-claire-deville\/"]}]},{"@type":"ImageObject","inLanguage":"en-US","@id":"https:\/\/clavreuil-wordpress.logiciel-arteo.fr\/en\/de-laluminium-ses-proprietes-sa-fabrication-et-ses-applications-henri-etienne-sainte-claire-deville\/#primaryimage","url":"https:\/\/clavreuil-wordpress.logiciel-arteo.fr\/wp-content\/uploads\/2024\/04\/henri-etienne-sainte-claire-deville-de-l-aluminium-ses-proprietes-sa-fabrication-et-ses-applications-7415-6579f2162dc7f-scaled.jpg","contentUrl":"https:\/\/clavreuil-wordpress.logiciel-arteo.fr\/wp-content\/uploads\/2024\/04\/henri-etienne-sainte-claire-deville-de-l-aluminium-ses-proprietes-sa-fabrication-et-ses-applications-7415-6579f2162dc7f-scaled.jpg","width":1920,"height":2560},{"@type":"BreadcrumbList","@id":"https:\/\/clavreuil-wordpress.logiciel-arteo.fr\/en\/de-laluminium-ses-proprietes-sa-fabrication-et-ses-applications-henri-etienne-sainte-claire-deville\/#breadcrumb","itemListElement":[{"@type":"ListItem","position":1,"name":"Accueil","item":"https:\/\/clavreuil-wordpress.logiciel-arteo.fr\/"},{"@type":"ListItem","position":2,"name":"All our books","item":"https:\/\/clavreuil-wordpress.logiciel-arteo.fr\/en\/all-our-books\/"},{"@type":"ListItem","position":3,"name":"DEVILLE Henri \u00c9tienne Sainte-Claire De l&#8217;Aluminium. Ses propri\u00e9t\u00e9s,..."}]},{"@type":"WebSite","@id":"https:\/\/clavreuil-wordpress.logiciel-arteo.fr\/#website","url":"https:\/\/clavreuil-wordpress.logiciel-arteo.fr\/","name":"Libairie Clavreuil","description":"","publisher":{"@id":"https:\/\/clavreuil-wordpress.logiciel-arteo.fr\/#organization"},"potentialAction":[{"@type":"SearchAction","target":{"@type":"EntryPoint","urlTemplate":"https:\/\/clavreuil-wordpress.logiciel-arteo.fr\/?s={search_term_string}"},"query-input":{"@type":"PropertyValueSpecification","valueRequired":true,"valueName":"search_term_string"}}],"inLanguage":"en-US"},{"@type":"Organization","@id":"https:\/\/clavreuil-wordpress.logiciel-arteo.fr\/#organization","name":"Libairie Clavreuil","url":"https:\/\/clavreuil-wordpress.logiciel-arteo.fr\/","logo":{"@type":"ImageObject","inLanguage":"en-US","@id":"https:\/\/clavreuil-wordpress.logiciel-arteo.fr\/#\/schema\/logo\/image\/","url":"https:\/\/clavreuil-wordpress.logiciel-arteo.fr\/wp-content\/uploads\/2021\/05\/LOGO_PNG_DATE-_gold.png","contentUrl":"https:\/\/clavreuil-wordpress.logiciel-arteo.fr\/wp-content\/uploads\/2021\/05\/LOGO_PNG_DATE-_gold.png","width":2083,"height":1917,"caption":"Libairie Clavreuil"},"image":{"@id":"https:\/\/clavreuil-wordpress.logiciel-arteo.fr\/#\/schema\/logo\/image\/"}}]}},"_links":{"self":[{"href":"https:\/\/clavreuil-wordpress.logiciel-arteo.fr\/en\/wp-json\/wp\/v2\/product\/72308","targetHints":{"allow":["GET"]}}],"collection":[{"href":"https:\/\/clavreuil-wordpress.logiciel-arteo.fr\/en\/wp-json\/wp\/v2\/product"}],"about":[{"href":"https:\/\/clavreuil-wordpress.logiciel-arteo.fr\/en\/wp-json\/wp\/v2\/types\/product"}],"replies":[{"embeddable":true,"href":"https:\/\/clavreuil-wordpress.logiciel-arteo.fr\/en\/wp-json\/wp\/v2\/comments?post=72308"}],"wp:featuredmedia":[{"embeddable":true,"href":"https:\/\/clavreuil-wordpress.logiciel-arteo.fr\/en\/wp-json\/wp\/v2\/media\/72303"}],"wp:attachment":[{"href":"https:\/\/clavreuil-wordpress.logiciel-arteo.fr\/en\/wp-json\/wp\/v2\/media?parent=72308"}],"wp:term":[{"taxonomy":"product_brand","embeddable":true,"href":"https:\/\/clavreuil-wordpress.logiciel-arteo.fr\/en\/wp-json\/wp\/v2\/product_brand?post=72308"},{"taxonomy":"product_cat","embeddable":true,"href":"https:\/\/clavreuil-wordpress.logiciel-arteo.fr\/en\/wp-json\/wp\/v2\/product_cat?post=72308"},{"taxonomy":"product_tag","embeddable":true,"href":"https:\/\/clavreuil-wordpress.logiciel-arteo.fr\/en\/wp-json\/wp\/v2\/product_tag?post=72308"}],"curies":[{"name":"wp","href":"https:\/\/api.w.org\/{rel}","templated":true}]}}