{"id":72336,"date":"2024-04-17T15:44:51","date_gmt":"2024-04-17T13:44:51","guid":{"rendered":"https:\/\/clavreuil-wordpress.logiciel-arteo.fr\/lecons-de-chimie-appliquee-a-la-teinture-eugene-chevreul\/"},"modified":"2024-04-22T14:59:42","modified_gmt":"2024-04-22T12:59:42","slug":"lecons-de-chimie-appliquee-a-la-teinture-eugene-chevreul","status":"publish","type":"product","link":"https:\/\/clavreuil-wordpress.logiciel-arteo.fr\/en\/lecons-de-chimie-appliquee-a-la-teinture-eugene-chevreul\/","title":{"rendered":"CHEVREUL Eug\u00e8ne Le\u00e7ons de chimie appliqu\u00e9e \u00e0 la..."},"content":{"rendered":"<p style=\"text-align:justify\"><em>Cole, 275; Partington IV, pp.246-49; Ron, Bibl. Tinctoria, 206; Brunet I, 1841.<\/em><\/p>\n<p style=\"text-align:justify\">First edition.<\/p>\n<p style=\"text-align:justify\">Chevreul was director of the dyeing workshop at the Manufacture des Gobelins from 1824 to 1883.<\/p>\n<p style=\"text-align:justify\">&quot;Chevreul&#039;s immediate task at Gobelins was to work on the improvement of colour intensity and fatness in wools&#8230; His initial studies were on the chemical aspects of dyes and dyeing, attempting to place the art of dyeing on a more rational basis than the complicated and empirical procedures then employed. He embarked upon a thorough study of the properties of natural dyes&#8230; His two volumes <em>Le&ccedil;ons.<\/em>.. rendered an important service to the dye industry during the years prior to the advent of synthetic dyestuffs&quot; (D.S.B., III, pp.240-41).<\/p>\n<p>The three plates represent apparatus necessary for the preparation of certain chemical compounds for dyeing.<\/p>\n<p>A good copy, complete with all the required plates, gilt lettering &quot;L.C.&quot; on the spines.<\/p>\n","protected":false},"excerpt":{"rendered":"<p>2 volume 8vo (203 x 125 mm) 2 unn.l., 46pp., 46 pp., 20 pp., 31 pp., 47pp., 52pp., 62 pp., 51pp., 50pp., 59pp., 59pp., 56pp., 59pp., 88pp., 82pp., 1 unn.l of errata, 2 lithographed plates for the volume I ; 2unn.l., 80pp., 47pp., 52pp., 40pp., 112pp., 62pp., 62pp., 31pp., 87pp., 38pp., 95pp., 64pp., 71pp., 91 pp. wrongly numbered 99pp., 296pp., 1 unn.l. of errata, 1 lithographed plate for the volume II. Half green morocco (<em>contemporary binding<\/em>).<\/p>\n","protected":false},"featured_media":72331,"comment_status":"open","ping_status":"closed","template":"","meta":{"_acf_changed":false},"product_brand":[],"product_cat":[550],"product_tag":[1325],"class_list":{"0":"post-72336","1":"product","2":"type-product","3":"status-publish","4":"has-post-thumbnail","6":"product_cat-science","7":"product_tag-alchemy","8":"pa_auteur-eugene-chevreul-2","9":"pa_type-de-livre-printed-book","11":"first","12":"instock","13":"shipping-taxable","14":"purchasable","15":"product-type-simple"},"acf":[],"yoast_head":"<!-- This site is optimized with the Yoast SEO plugin v24.3 - https:\/\/yoast.com\/wordpress\/plugins\/seo\/ -->\n<title>CHEVREUL Eug\u00e8ne Le\u00e7ons de chimie appliqu\u00e9e \u00e0 la Teinture. - Libairie Clavreuil<\/title>\n<meta name=\"robots\" content=\"noindex, follow, max-snippet:-1, max-image-preview:large, max-video-preview:-1\" \/>\n<meta property=\"og:locale\" content=\"en_US\" \/>\n<meta property=\"og:type\" content=\"article\" \/>\n<meta property=\"og:title\" content=\"CHEVREUL Eug\u00e8ne Le\u00e7ons de chimie appliqu\u00e9e \u00e0 la Teinture. - Libairie Clavreuil\" \/>\n<meta property=\"og:description\" content=\"2 volume 8vo (203 x 125 mm) 2 unn.l., 46pp., 46 pp., 20 pp., 31 pp., 47pp., 52pp., 62 pp., 51pp., 50pp., 59pp., 59pp., 56pp., 59pp., 88pp., 82pp., 1 unn.l of errata, 2 lithographed plates for the volume I ; 2unn.l., 80pp., 47pp., 52pp., 40pp., 112pp., 62pp., 62pp., 31pp., 87pp., 38pp., 95pp., 64pp., 71pp., 91 pp. wrongly numbered 99pp., 296pp., 1 unn.l. of errata, 1 lithographed plate for the volume II. Half green morocco (contemporary binding).\" \/>\n<meta property=\"og:url\" content=\"https:\/\/clavreuil-wordpress.logiciel-arteo.fr\/en\/lecons-de-chimie-appliquee-a-la-teinture-eugene-chevreul\/\" \/>\n<meta property=\"og:site_name\" content=\"Libairie Clavreuil\" \/>\n<meta property=\"article:modified_time\" content=\"2024-04-22T12:59:42+00:00\" \/>\n<meta property=\"og:image\" content=\"https:\/\/clavreuil-wordpress.logiciel-arteo.fr\/wp-content\/uploads\/2024\/04\/eugene-chevreul-lecons-de-chimie-appliquee-a-la-teinture-2020-657accb7a3d6c-scaled.jpg\" \/>\n\t<meta property=\"og:image:width\" content=\"1920\" \/>\n\t<meta property=\"og:image:height\" content=\"2560\" \/>\n\t<meta property=\"og:image:type\" content=\"image\/jpeg\" \/>\n<meta name=\"twitter:card\" content=\"summary_large_image\" \/>\n<meta name=\"twitter:label1\" content=\"Est. reading time\" \/>\n\t<meta name=\"twitter:data1\" content=\"1 minute\" \/>\n<script type=\"application\/ld+json\" class=\"yoast-schema-graph\">{\"@context\":\"https:\/\/schema.org\",\"@graph\":[{\"@type\":\"WebPage\",\"@id\":\"https:\/\/clavreuil-wordpress.logiciel-arteo.fr\/en\/lecons-de-chimie-appliquee-a-la-teinture-eugene-chevreul\/\",\"url\":\"https:\/\/clavreuil-wordpress.logiciel-arteo.fr\/en\/lecons-de-chimie-appliquee-a-la-teinture-eugene-chevreul\/\",\"name\":\"CHEVREUL Eug\u00e8ne Le\u00e7ons de chimie appliqu\u00e9e \u00e0 la Teinture. - Libairie Clavreuil\",\"isPartOf\":{\"@id\":\"https:\/\/clavreuil-wordpress.logiciel-arteo.fr\/#website\"},\"primaryImageOfPage\":{\"@id\":\"https:\/\/clavreuil-wordpress.logiciel-arteo.fr\/en\/lecons-de-chimie-appliquee-a-la-teinture-eugene-chevreul\/#primaryimage\"},\"image\":{\"@id\":\"https:\/\/clavreuil-wordpress.logiciel-arteo.fr\/en\/lecons-de-chimie-appliquee-a-la-teinture-eugene-chevreul\/#primaryimage\"},\"thumbnailUrl\":\"https:\/\/clavreuil-wordpress.logiciel-arteo.fr\/wp-content\/uploads\/2024\/04\/eugene-chevreul-lecons-de-chimie-appliquee-a-la-teinture-2020-657accb7a3d6c-scaled.jpg\",\"datePublished\":\"2024-04-17T13:44:51+00:00\",\"dateModified\":\"2024-04-22T12:59:42+00:00\",\"breadcrumb\":{\"@id\":\"https:\/\/clavreuil-wordpress.logiciel-arteo.fr\/en\/lecons-de-chimie-appliquee-a-la-teinture-eugene-chevreul\/#breadcrumb\"},\"inLanguage\":\"en-US\",\"potentialAction\":[{\"@type\":\"ReadAction\",\"target\":[\"https:\/\/clavreuil-wordpress.logiciel-arteo.fr\/en\/lecons-de-chimie-appliquee-a-la-teinture-eugene-chevreul\/\"]}]},{\"@type\":\"ImageObject\",\"inLanguage\":\"en-US\",\"@id\":\"https:\/\/clavreuil-wordpress.logiciel-arteo.fr\/en\/lecons-de-chimie-appliquee-a-la-teinture-eugene-chevreul\/#primaryimage\",\"url\":\"https:\/\/clavreuil-wordpress.logiciel-arteo.fr\/wp-content\/uploads\/2024\/04\/eugene-chevreul-lecons-de-chimie-appliquee-a-la-teinture-2020-657accb7a3d6c-scaled.jpg\",\"contentUrl\":\"https:\/\/clavreuil-wordpress.logiciel-arteo.fr\/wp-content\/uploads\/2024\/04\/eugene-chevreul-lecons-de-chimie-appliquee-a-la-teinture-2020-657accb7a3d6c-scaled.jpg\",\"width\":1920,\"height\":2560},{\"@type\":\"BreadcrumbList\",\"@id\":\"https:\/\/clavreuil-wordpress.logiciel-arteo.fr\/en\/lecons-de-chimie-appliquee-a-la-teinture-eugene-chevreul\/#breadcrumb\",\"itemListElement\":[{\"@type\":\"ListItem\",\"position\":1,\"name\":\"Accueil\",\"item\":\"https:\/\/clavreuil-wordpress.logiciel-arteo.fr\/\"},{\"@type\":\"ListItem\",\"position\":2,\"name\":\"All our books\",\"item\":\"https:\/\/clavreuil-wordpress.logiciel-arteo.fr\/en\/all-our-books\/\"},{\"@type\":\"ListItem\",\"position\":3,\"name\":\"CHEVREUL Eug\u00e8ne Le\u00e7ons de chimie appliqu\u00e9e \u00e0 la...\"}]},{\"@type\":\"WebSite\",\"@id\":\"https:\/\/clavreuil-wordpress.logiciel-arteo.fr\/#website\",\"url\":\"https:\/\/clavreuil-wordpress.logiciel-arteo.fr\/\",\"name\":\"Libairie Clavreuil\",\"description\":\"\",\"publisher\":{\"@id\":\"https:\/\/clavreuil-wordpress.logiciel-arteo.fr\/#organization\"},\"potentialAction\":[{\"@type\":\"SearchAction\",\"target\":{\"@type\":\"EntryPoint\",\"urlTemplate\":\"https:\/\/clavreuil-wordpress.logiciel-arteo.fr\/?s={search_term_string}\"},\"query-input\":{\"@type\":\"PropertyValueSpecification\",\"valueRequired\":true,\"valueName\":\"search_term_string\"}}],\"inLanguage\":\"en-US\"},{\"@type\":\"Organization\",\"@id\":\"https:\/\/clavreuil-wordpress.logiciel-arteo.fr\/#organization\",\"name\":\"Libairie Clavreuil\",\"url\":\"https:\/\/clavreuil-wordpress.logiciel-arteo.fr\/\",\"logo\":{\"@type\":\"ImageObject\",\"inLanguage\":\"en-US\",\"@id\":\"https:\/\/clavreuil-wordpress.logiciel-arteo.fr\/#\/schema\/logo\/image\/\",\"url\":\"https:\/\/clavreuil-wordpress.logiciel-arteo.fr\/wp-content\/uploads\/2021\/05\/LOGO_PNG_DATE-_gold.png\",\"contentUrl\":\"https:\/\/clavreuil-wordpress.logiciel-arteo.fr\/wp-content\/uploads\/2021\/05\/LOGO_PNG_DATE-_gold.png\",\"width\":2083,\"height\":1917,\"caption\":\"Libairie Clavreuil\"},\"image\":{\"@id\":\"https:\/\/clavreuil-wordpress.logiciel-arteo.fr\/#\/schema\/logo\/image\/\"}}]}<\/script>\n<!-- \/ Yoast SEO plugin. -->","yoast_head_json":{"title":"CHEVREUL Eug\u00e8ne Le\u00e7ons de chimie appliqu\u00e9e \u00e0 la Teinture. - Libairie Clavreuil","robots":{"index":"noindex","follow":"follow","max-snippet":"max-snippet:-1","max-image-preview":"max-image-preview:large","max-video-preview":"max-video-preview:-1"},"og_locale":"en_US","og_type":"article","og_title":"CHEVREUL Eug\u00e8ne Le\u00e7ons de chimie appliqu\u00e9e \u00e0 la Teinture. - Libairie Clavreuil","og_description":"2 volume 8vo (203 x 125 mm) 2 unn.l., 46pp., 46 pp., 20 pp., 31 pp., 47pp., 52pp., 62 pp., 51pp., 50pp., 59pp., 59pp., 56pp., 59pp., 88pp., 82pp., 1 unn.l of errata, 2 lithographed plates for the volume I ; 2unn.l., 80pp., 47pp., 52pp., 40pp., 112pp., 62pp., 62pp., 31pp., 87pp., 38pp., 95pp., 64pp., 71pp., 91 pp. wrongly numbered 99pp., 296pp., 1 unn.l. of errata, 1 lithographed plate for the volume II. Half green morocco (contemporary binding).","og_url":"https:\/\/clavreuil-wordpress.logiciel-arteo.fr\/en\/lecons-de-chimie-appliquee-a-la-teinture-eugene-chevreul\/","og_site_name":"Libairie Clavreuil","article_modified_time":"2024-04-22T12:59:42+00:00","og_image":[{"width":1920,"height":2560,"url":"https:\/\/clavreuil-wordpress.logiciel-arteo.fr\/wp-content\/uploads\/2024\/04\/eugene-chevreul-lecons-de-chimie-appliquee-a-la-teinture-2020-657accb7a3d6c-scaled.jpg","type":"image\/jpeg"}],"twitter_card":"summary_large_image","twitter_misc":{"Est. reading time":"1 minute"},"schema":{"@context":"https:\/\/schema.org","@graph":[{"@type":"WebPage","@id":"https:\/\/clavreuil-wordpress.logiciel-arteo.fr\/en\/lecons-de-chimie-appliquee-a-la-teinture-eugene-chevreul\/","url":"https:\/\/clavreuil-wordpress.logiciel-arteo.fr\/en\/lecons-de-chimie-appliquee-a-la-teinture-eugene-chevreul\/","name":"CHEVREUL Eug\u00e8ne Le\u00e7ons de chimie appliqu\u00e9e \u00e0 la Teinture. - Libairie Clavreuil","isPartOf":{"@id":"https:\/\/clavreuil-wordpress.logiciel-arteo.fr\/#website"},"primaryImageOfPage":{"@id":"https:\/\/clavreuil-wordpress.logiciel-arteo.fr\/en\/lecons-de-chimie-appliquee-a-la-teinture-eugene-chevreul\/#primaryimage"},"image":{"@id":"https:\/\/clavreuil-wordpress.logiciel-arteo.fr\/en\/lecons-de-chimie-appliquee-a-la-teinture-eugene-chevreul\/#primaryimage"},"thumbnailUrl":"https:\/\/clavreuil-wordpress.logiciel-arteo.fr\/wp-content\/uploads\/2024\/04\/eugene-chevreul-lecons-de-chimie-appliquee-a-la-teinture-2020-657accb7a3d6c-scaled.jpg","datePublished":"2024-04-17T13:44:51+00:00","dateModified":"2024-04-22T12:59:42+00:00","breadcrumb":{"@id":"https:\/\/clavreuil-wordpress.logiciel-arteo.fr\/en\/lecons-de-chimie-appliquee-a-la-teinture-eugene-chevreul\/#breadcrumb"},"inLanguage":"en-US","potentialAction":[{"@type":"ReadAction","target":["https:\/\/clavreuil-wordpress.logiciel-arteo.fr\/en\/lecons-de-chimie-appliquee-a-la-teinture-eugene-chevreul\/"]}]},{"@type":"ImageObject","inLanguage":"en-US","@id":"https:\/\/clavreuil-wordpress.logiciel-arteo.fr\/en\/lecons-de-chimie-appliquee-a-la-teinture-eugene-chevreul\/#primaryimage","url":"https:\/\/clavreuil-wordpress.logiciel-arteo.fr\/wp-content\/uploads\/2024\/04\/eugene-chevreul-lecons-de-chimie-appliquee-a-la-teinture-2020-657accb7a3d6c-scaled.jpg","contentUrl":"https:\/\/clavreuil-wordpress.logiciel-arteo.fr\/wp-content\/uploads\/2024\/04\/eugene-chevreul-lecons-de-chimie-appliquee-a-la-teinture-2020-657accb7a3d6c-scaled.jpg","width":1920,"height":2560},{"@type":"BreadcrumbList","@id":"https:\/\/clavreuil-wordpress.logiciel-arteo.fr\/en\/lecons-de-chimie-appliquee-a-la-teinture-eugene-chevreul\/#breadcrumb","itemListElement":[{"@type":"ListItem","position":1,"name":"Accueil","item":"https:\/\/clavreuil-wordpress.logiciel-arteo.fr\/"},{"@type":"ListItem","position":2,"name":"All our books","item":"https:\/\/clavreuil-wordpress.logiciel-arteo.fr\/en\/all-our-books\/"},{"@type":"ListItem","position":3,"name":"CHEVREUL Eug\u00e8ne Le\u00e7ons de chimie appliqu\u00e9e \u00e0 la..."}]},{"@type":"WebSite","@id":"https:\/\/clavreuil-wordpress.logiciel-arteo.fr\/#website","url":"https:\/\/clavreuil-wordpress.logiciel-arteo.fr\/","name":"Libairie Clavreuil","description":"","publisher":{"@id":"https:\/\/clavreuil-wordpress.logiciel-arteo.fr\/#organization"},"potentialAction":[{"@type":"SearchAction","target":{"@type":"EntryPoint","urlTemplate":"https:\/\/clavreuil-wordpress.logiciel-arteo.fr\/?s={search_term_string}"},"query-input":{"@type":"PropertyValueSpecification","valueRequired":true,"valueName":"search_term_string"}}],"inLanguage":"en-US"},{"@type":"Organization","@id":"https:\/\/clavreuil-wordpress.logiciel-arteo.fr\/#organization","name":"Libairie Clavreuil","url":"https:\/\/clavreuil-wordpress.logiciel-arteo.fr\/","logo":{"@type":"ImageObject","inLanguage":"en-US","@id":"https:\/\/clavreuil-wordpress.logiciel-arteo.fr\/#\/schema\/logo\/image\/","url":"https:\/\/clavreuil-wordpress.logiciel-arteo.fr\/wp-content\/uploads\/2021\/05\/LOGO_PNG_DATE-_gold.png","contentUrl":"https:\/\/clavreuil-wordpress.logiciel-arteo.fr\/wp-content\/uploads\/2021\/05\/LOGO_PNG_DATE-_gold.png","width":2083,"height":1917,"caption":"Libairie Clavreuil"},"image":{"@id":"https:\/\/clavreuil-wordpress.logiciel-arteo.fr\/#\/schema\/logo\/image\/"}}]}},"_links":{"self":[{"href":"https:\/\/clavreuil-wordpress.logiciel-arteo.fr\/en\/wp-json\/wp\/v2\/product\/72336","targetHints":{"allow":["GET"]}}],"collection":[{"href":"https:\/\/clavreuil-wordpress.logiciel-arteo.fr\/en\/wp-json\/wp\/v2\/product"}],"about":[{"href":"https:\/\/clavreuil-wordpress.logiciel-arteo.fr\/en\/wp-json\/wp\/v2\/types\/product"}],"replies":[{"embeddable":true,"href":"https:\/\/clavreuil-wordpress.logiciel-arteo.fr\/en\/wp-json\/wp\/v2\/comments?post=72336"}],"wp:featuredmedia":[{"embeddable":true,"href":"https:\/\/clavreuil-wordpress.logiciel-arteo.fr\/en\/wp-json\/wp\/v2\/media\/72331"}],"wp:attachment":[{"href":"https:\/\/clavreuil-wordpress.logiciel-arteo.fr\/en\/wp-json\/wp\/v2\/media?parent=72336"}],"wp:term":[{"taxonomy":"product_brand","embeddable":true,"href":"https:\/\/clavreuil-wordpress.logiciel-arteo.fr\/en\/wp-json\/wp\/v2\/product_brand?post=72336"},{"taxonomy":"product_cat","embeddable":true,"href":"https:\/\/clavreuil-wordpress.logiciel-arteo.fr\/en\/wp-json\/wp\/v2\/product_cat?post=72336"},{"taxonomy":"product_tag","embeddable":true,"href":"https:\/\/clavreuil-wordpress.logiciel-arteo.fr\/en\/wp-json\/wp\/v2\/product_tag?post=72336"}],"curies":[{"name":"wp","href":"https:\/\/api.w.org\/{rel}","templated":true}]}}