{"id":72348,"date":"2024-04-17T15:46:03","date_gmt":"2024-04-17T13:46:03","guid":{"rendered":"https:\/\/clavreuil-wordpress.logiciel-arteo.fr\/traite-elementaire-de-chimie-presente-dans-un-ordre-nouveau-dapres-les-decouvertes-modernes-seconde-edition-antoine-laurent-de-lavoisier\/"},"modified":"2024-04-22T15:37:10","modified_gmt":"2024-04-22T13:37:10","slug":"traite-elementaire-de-chimie-presente-dans-un-ordre-nouveau-dapres-les-decouvertes-modernes-seconde-edition-antoine-laurent-de-lavoisier","status":"publish","type":"product","link":"https:\/\/clavreuil-wordpress.logiciel-arteo.fr\/en\/traite-elementaire-de-chimie-presente-dans-un-ordre-nouveau-dapres-les-decouvertes-modernes-seconde-edition-antoine-laurent-de-lavoisier\/","title":{"rendered":"LAVOISIER Antoine-Laurent de Trait\u00e9 \u00e9l\u00e9mentaire de Chimie, pr\u00e9sent\u00e9..."},"content":{"rendered":"<p style=\"text-align:justify\"><em>Duveen et Klickstein, 157 ; PMM, 238 (pour l&#039;&eacute;dition de Paris 1789).<\/em><\/p>\n<p>The authorised second edition.<\/p>\n<p>Like the original 1789 edition, the plates bear the signature of Madame Lavoisier.<\/p>\n<p style=\"text-align:justify\">&quot;Although it does not show any material changes in the text nor any additions, all the errata are here corrected, and the plates are the original ones with Madame Lavoisier&#039;s signature. It is difficult to explain now the reasons why this edition was put out in the same year, but it might be assumed that Lavoisier and Cuchet wanted to counteract the distribution of the books which had been fraudoulously issued by printing an authoritative edition&quot; (Duveen &amp; Klickstein).<\/p>\n<p style=\"text-align:justify\">Nice copy.<\/p>\n","protected":false},"excerpt":{"rendered":"<p>2 volume 8vo (186 x 115 mm)&nbsp; XLIV, 322 pp., 2 tables, 13 folding copper engraved plates for the tome I; VIII et 331 pp.&nbsp; for the tome II. Red morocco, double gilt filet on covers, flat spine, gilt edges (<em>bound in style)<\/em>.<\/p>\n","protected":false},"featured_media":72343,"comment_status":"open","ping_status":"closed","template":"","meta":{"_acf_changed":false},"product_brand":[],"product_cat":[15],"product_tag":[1324,1233],"class_list":{"0":"post-72348","1":"product","2":"type-product","3":"status-publish","4":"has-post-thumbnail","6":"product_cat-uncategorized","7":"product_tag-chemistry","8":"product_tag-pmm-2","9":"pa_auteur-antoine-laurent-de-lavoisier-2","10":"pa_type-de-livre-printed-book","12":"first","13":"instock","14":"shipping-taxable","15":"purchasable","16":"product-type-simple"},"acf":[],"yoast_head":"<!-- This site is optimized with the Yoast SEO plugin v24.3 - https:\/\/yoast.com\/wordpress\/plugins\/seo\/ -->\n<title>LAVOISIER Antoine-Laurent de Trait\u00e9 \u00e9l\u00e9mentaire de Chimie, pr\u00e9sent\u00e9 dans un ordre nouveau d&#039;apr\u00e8s les d\u00e9couvertes modernes. Seconde \u00e9dition. - Libairie Clavreuil<\/title>\n<meta name=\"robots\" content=\"noindex, follow, max-snippet:-1, max-image-preview:large, max-video-preview:-1\" \/>\n<meta property=\"og:locale\" content=\"en_US\" \/>\n<meta property=\"og:type\" content=\"article\" \/>\n<meta property=\"og:title\" content=\"LAVOISIER Antoine-Laurent de Trait\u00e9 \u00e9l\u00e9mentaire de Chimie, pr\u00e9sent\u00e9 dans un ordre nouveau d&#039;apr\u00e8s les d\u00e9couvertes modernes. Seconde \u00e9dition. - Libairie Clavreuil\" \/>\n<meta property=\"og:description\" content=\"2 volume 8vo (186 x 115 mm)&nbsp; XLIV, 322 pp., 2 tables, 13 folding copper engraved plates for the tome I; VIII et 331 pp.&nbsp; for the tome II. Red morocco, double gilt filet on covers, flat spine, gilt edges (bound in style).\" \/>\n<meta property=\"og:url\" content=\"https:\/\/clavreuil-wordpress.logiciel-arteo.fr\/en\/traite-elementaire-de-chimie-presente-dans-un-ordre-nouveau-dapres-les-decouvertes-modernes-seconde-edition-antoine-laurent-de-lavoisier\/\" \/>\n<meta property=\"og:site_name\" content=\"Libairie Clavreuil\" \/>\n<meta property=\"article:modified_time\" content=\"2024-04-22T13:37:10+00:00\" \/>\n<meta property=\"og:image\" content=\"https:\/\/clavreuil-wordpress.logiciel-arteo.fr\/wp-content\/uploads\/2024\/04\/antoine-laurent-de-lavoisier-traite-elementaire-de-chimie-presente-dans-un-ordre-nouveau-d-apres-les-decouvertes-modernes-seconde-edition-4695-657b333-scaled.jpg\" \/>\n\t<meta property=\"og:image:width\" content=\"1920\" \/>\n\t<meta property=\"og:image:height\" content=\"2560\" \/>\n\t<meta property=\"og:image:type\" content=\"image\/jpeg\" \/>\n<meta name=\"twitter:card\" content=\"summary_large_image\" \/>\n<meta name=\"twitter:label1\" content=\"Est. reading time\" \/>\n\t<meta name=\"twitter:data1\" content=\"1 minute\" \/>\n<script type=\"application\/ld+json\" class=\"yoast-schema-graph\">{\"@context\":\"https:\/\/schema.org\",\"@graph\":[{\"@type\":\"WebPage\",\"@id\":\"https:\/\/clavreuil-wordpress.logiciel-arteo.fr\/en\/traite-elementaire-de-chimie-presente-dans-un-ordre-nouveau-dapres-les-decouvertes-modernes-seconde-edition-antoine-laurent-de-lavoisier\/\",\"url\":\"https:\/\/clavreuil-wordpress.logiciel-arteo.fr\/en\/traite-elementaire-de-chimie-presente-dans-un-ordre-nouveau-dapres-les-decouvertes-modernes-seconde-edition-antoine-laurent-de-lavoisier\/\",\"name\":\"LAVOISIER Antoine-Laurent de Trait\u00e9 \u00e9l\u00e9mentaire de Chimie, pr\u00e9sent\u00e9 dans un ordre nouveau d'apr\u00e8s les d\u00e9couvertes modernes. Seconde \u00e9dition. - Libairie Clavreuil\",\"isPartOf\":{\"@id\":\"https:\/\/clavreuil-wordpress.logiciel-arteo.fr\/#website\"},\"primaryImageOfPage\":{\"@id\":\"https:\/\/clavreuil-wordpress.logiciel-arteo.fr\/en\/traite-elementaire-de-chimie-presente-dans-un-ordre-nouveau-dapres-les-decouvertes-modernes-seconde-edition-antoine-laurent-de-lavoisier\/#primaryimage\"},\"image\":{\"@id\":\"https:\/\/clavreuil-wordpress.logiciel-arteo.fr\/en\/traite-elementaire-de-chimie-presente-dans-un-ordre-nouveau-dapres-les-decouvertes-modernes-seconde-edition-antoine-laurent-de-lavoisier\/#primaryimage\"},\"thumbnailUrl\":\"https:\/\/clavreuil-wordpress.logiciel-arteo.fr\/wp-content\/uploads\/2024\/04\/antoine-laurent-de-lavoisier-traite-elementaire-de-chimie-presente-dans-un-ordre-nouveau-d-apres-les-decouvertes-modernes-seconde-edition-4695-657b333-scaled.jpg\",\"datePublished\":\"2024-04-17T13:46:03+00:00\",\"dateModified\":\"2024-04-22T13:37:10+00:00\",\"breadcrumb\":{\"@id\":\"https:\/\/clavreuil-wordpress.logiciel-arteo.fr\/en\/traite-elementaire-de-chimie-presente-dans-un-ordre-nouveau-dapres-les-decouvertes-modernes-seconde-edition-antoine-laurent-de-lavoisier\/#breadcrumb\"},\"inLanguage\":\"en-US\",\"potentialAction\":[{\"@type\":\"ReadAction\",\"target\":[\"https:\/\/clavreuil-wordpress.logiciel-arteo.fr\/en\/traite-elementaire-de-chimie-presente-dans-un-ordre-nouveau-dapres-les-decouvertes-modernes-seconde-edition-antoine-laurent-de-lavoisier\/\"]}]},{\"@type\":\"ImageObject\",\"inLanguage\":\"en-US\",\"@id\":\"https:\/\/clavreuil-wordpress.logiciel-arteo.fr\/en\/traite-elementaire-de-chimie-presente-dans-un-ordre-nouveau-dapres-les-decouvertes-modernes-seconde-edition-antoine-laurent-de-lavoisier\/#primaryimage\",\"url\":\"https:\/\/clavreuil-wordpress.logiciel-arteo.fr\/wp-content\/uploads\/2024\/04\/antoine-laurent-de-lavoisier-traite-elementaire-de-chimie-presente-dans-un-ordre-nouveau-d-apres-les-decouvertes-modernes-seconde-edition-4695-657b333-scaled.jpg\",\"contentUrl\":\"https:\/\/clavreuil-wordpress.logiciel-arteo.fr\/wp-content\/uploads\/2024\/04\/antoine-laurent-de-lavoisier-traite-elementaire-de-chimie-presente-dans-un-ordre-nouveau-d-apres-les-decouvertes-modernes-seconde-edition-4695-657b333-scaled.jpg\",\"width\":1920,\"height\":2560},{\"@type\":\"BreadcrumbList\",\"@id\":\"https:\/\/clavreuil-wordpress.logiciel-arteo.fr\/en\/traite-elementaire-de-chimie-presente-dans-un-ordre-nouveau-dapres-les-decouvertes-modernes-seconde-edition-antoine-laurent-de-lavoisier\/#breadcrumb\",\"itemListElement\":[{\"@type\":\"ListItem\",\"position\":1,\"name\":\"Accueil\",\"item\":\"https:\/\/clavreuil-wordpress.logiciel-arteo.fr\/\"},{\"@type\":\"ListItem\",\"position\":2,\"name\":\"All our books\",\"item\":\"https:\/\/clavreuil-wordpress.logiciel-arteo.fr\/en\/all-our-books\/\"},{\"@type\":\"ListItem\",\"position\":3,\"name\":\"LAVOISIER Antoine-Laurent de Trait\u00e9 \u00e9l\u00e9mentaire de Chimie, pr\u00e9sent\u00e9...\"}]},{\"@type\":\"WebSite\",\"@id\":\"https:\/\/clavreuil-wordpress.logiciel-arteo.fr\/#website\",\"url\":\"https:\/\/clavreuil-wordpress.logiciel-arteo.fr\/\",\"name\":\"Libairie Clavreuil\",\"description\":\"\",\"publisher\":{\"@id\":\"https:\/\/clavreuil-wordpress.logiciel-arteo.fr\/#organization\"},\"potentialAction\":[{\"@type\":\"SearchAction\",\"target\":{\"@type\":\"EntryPoint\",\"urlTemplate\":\"https:\/\/clavreuil-wordpress.logiciel-arteo.fr\/?s={search_term_string}\"},\"query-input\":{\"@type\":\"PropertyValueSpecification\",\"valueRequired\":true,\"valueName\":\"search_term_string\"}}],\"inLanguage\":\"en-US\"},{\"@type\":\"Organization\",\"@id\":\"https:\/\/clavreuil-wordpress.logiciel-arteo.fr\/#organization\",\"name\":\"Libairie Clavreuil\",\"url\":\"https:\/\/clavreuil-wordpress.logiciel-arteo.fr\/\",\"logo\":{\"@type\":\"ImageObject\",\"inLanguage\":\"en-US\",\"@id\":\"https:\/\/clavreuil-wordpress.logiciel-arteo.fr\/#\/schema\/logo\/image\/\",\"url\":\"https:\/\/clavreuil-wordpress.logiciel-arteo.fr\/wp-content\/uploads\/2021\/05\/LOGO_PNG_DATE-_gold.png\",\"contentUrl\":\"https:\/\/clavreuil-wordpress.logiciel-arteo.fr\/wp-content\/uploads\/2021\/05\/LOGO_PNG_DATE-_gold.png\",\"width\":2083,\"height\":1917,\"caption\":\"Libairie Clavreuil\"},\"image\":{\"@id\":\"https:\/\/clavreuil-wordpress.logiciel-arteo.fr\/#\/schema\/logo\/image\/\"}}]}<\/script>\n<!-- \/ Yoast SEO plugin. -->","yoast_head_json":{"title":"LAVOISIER Antoine-Laurent de Trait\u00e9 \u00e9l\u00e9mentaire de Chimie, pr\u00e9sent\u00e9 dans un ordre nouveau d'apr\u00e8s les d\u00e9couvertes modernes. Seconde \u00e9dition. - Libairie Clavreuil","robots":{"index":"noindex","follow":"follow","max-snippet":"max-snippet:-1","max-image-preview":"max-image-preview:large","max-video-preview":"max-video-preview:-1"},"og_locale":"en_US","og_type":"article","og_title":"LAVOISIER Antoine-Laurent de Trait\u00e9 \u00e9l\u00e9mentaire de Chimie, pr\u00e9sent\u00e9 dans un ordre nouveau d'apr\u00e8s les d\u00e9couvertes modernes. Seconde \u00e9dition. - Libairie Clavreuil","og_description":"2 volume 8vo (186 x 115 mm)&nbsp; XLIV, 322 pp., 2 tables, 13 folding copper engraved plates for the tome I; VIII et 331 pp.&nbsp; for the tome II. Red morocco, double gilt filet on covers, flat spine, gilt edges (bound in style).","og_url":"https:\/\/clavreuil-wordpress.logiciel-arteo.fr\/en\/traite-elementaire-de-chimie-presente-dans-un-ordre-nouveau-dapres-les-decouvertes-modernes-seconde-edition-antoine-laurent-de-lavoisier\/","og_site_name":"Libairie Clavreuil","article_modified_time":"2024-04-22T13:37:10+00:00","og_image":[{"width":1920,"height":2560,"url":"https:\/\/clavreuil-wordpress.logiciel-arteo.fr\/wp-content\/uploads\/2024\/04\/antoine-laurent-de-lavoisier-traite-elementaire-de-chimie-presente-dans-un-ordre-nouveau-d-apres-les-decouvertes-modernes-seconde-edition-4695-657b333-scaled.jpg","type":"image\/jpeg"}],"twitter_card":"summary_large_image","twitter_misc":{"Est. reading time":"1 minute"},"schema":{"@context":"https:\/\/schema.org","@graph":[{"@type":"WebPage","@id":"https:\/\/clavreuil-wordpress.logiciel-arteo.fr\/en\/traite-elementaire-de-chimie-presente-dans-un-ordre-nouveau-dapres-les-decouvertes-modernes-seconde-edition-antoine-laurent-de-lavoisier\/","url":"https:\/\/clavreuil-wordpress.logiciel-arteo.fr\/en\/traite-elementaire-de-chimie-presente-dans-un-ordre-nouveau-dapres-les-decouvertes-modernes-seconde-edition-antoine-laurent-de-lavoisier\/","name":"LAVOISIER Antoine-Laurent de Trait\u00e9 \u00e9l\u00e9mentaire de Chimie, pr\u00e9sent\u00e9 dans un ordre nouveau d'apr\u00e8s les d\u00e9couvertes modernes. Seconde \u00e9dition. - Libairie Clavreuil","isPartOf":{"@id":"https:\/\/clavreuil-wordpress.logiciel-arteo.fr\/#website"},"primaryImageOfPage":{"@id":"https:\/\/clavreuil-wordpress.logiciel-arteo.fr\/en\/traite-elementaire-de-chimie-presente-dans-un-ordre-nouveau-dapres-les-decouvertes-modernes-seconde-edition-antoine-laurent-de-lavoisier\/#primaryimage"},"image":{"@id":"https:\/\/clavreuil-wordpress.logiciel-arteo.fr\/en\/traite-elementaire-de-chimie-presente-dans-un-ordre-nouveau-dapres-les-decouvertes-modernes-seconde-edition-antoine-laurent-de-lavoisier\/#primaryimage"},"thumbnailUrl":"https:\/\/clavreuil-wordpress.logiciel-arteo.fr\/wp-content\/uploads\/2024\/04\/antoine-laurent-de-lavoisier-traite-elementaire-de-chimie-presente-dans-un-ordre-nouveau-d-apres-les-decouvertes-modernes-seconde-edition-4695-657b333-scaled.jpg","datePublished":"2024-04-17T13:46:03+00:00","dateModified":"2024-04-22T13:37:10+00:00","breadcrumb":{"@id":"https:\/\/clavreuil-wordpress.logiciel-arteo.fr\/en\/traite-elementaire-de-chimie-presente-dans-un-ordre-nouveau-dapres-les-decouvertes-modernes-seconde-edition-antoine-laurent-de-lavoisier\/#breadcrumb"},"inLanguage":"en-US","potentialAction":[{"@type":"ReadAction","target":["https:\/\/clavreuil-wordpress.logiciel-arteo.fr\/en\/traite-elementaire-de-chimie-presente-dans-un-ordre-nouveau-dapres-les-decouvertes-modernes-seconde-edition-antoine-laurent-de-lavoisier\/"]}]},{"@type":"ImageObject","inLanguage":"en-US","@id":"https:\/\/clavreuil-wordpress.logiciel-arteo.fr\/en\/traite-elementaire-de-chimie-presente-dans-un-ordre-nouveau-dapres-les-decouvertes-modernes-seconde-edition-antoine-laurent-de-lavoisier\/#primaryimage","url":"https:\/\/clavreuil-wordpress.logiciel-arteo.fr\/wp-content\/uploads\/2024\/04\/antoine-laurent-de-lavoisier-traite-elementaire-de-chimie-presente-dans-un-ordre-nouveau-d-apres-les-decouvertes-modernes-seconde-edition-4695-657b333-scaled.jpg","contentUrl":"https:\/\/clavreuil-wordpress.logiciel-arteo.fr\/wp-content\/uploads\/2024\/04\/antoine-laurent-de-lavoisier-traite-elementaire-de-chimie-presente-dans-un-ordre-nouveau-d-apres-les-decouvertes-modernes-seconde-edition-4695-657b333-scaled.jpg","width":1920,"height":2560},{"@type":"BreadcrumbList","@id":"https:\/\/clavreuil-wordpress.logiciel-arteo.fr\/en\/traite-elementaire-de-chimie-presente-dans-un-ordre-nouveau-dapres-les-decouvertes-modernes-seconde-edition-antoine-laurent-de-lavoisier\/#breadcrumb","itemListElement":[{"@type":"ListItem","position":1,"name":"Accueil","item":"https:\/\/clavreuil-wordpress.logiciel-arteo.fr\/"},{"@type":"ListItem","position":2,"name":"All our books","item":"https:\/\/clavreuil-wordpress.logiciel-arteo.fr\/en\/all-our-books\/"},{"@type":"ListItem","position":3,"name":"LAVOISIER Antoine-Laurent de Trait\u00e9 \u00e9l\u00e9mentaire de Chimie, pr\u00e9sent\u00e9..."}]},{"@type":"WebSite","@id":"https:\/\/clavreuil-wordpress.logiciel-arteo.fr\/#website","url":"https:\/\/clavreuil-wordpress.logiciel-arteo.fr\/","name":"Libairie Clavreuil","description":"","publisher":{"@id":"https:\/\/clavreuil-wordpress.logiciel-arteo.fr\/#organization"},"potentialAction":[{"@type":"SearchAction","target":{"@type":"EntryPoint","urlTemplate":"https:\/\/clavreuil-wordpress.logiciel-arteo.fr\/?s={search_term_string}"},"query-input":{"@type":"PropertyValueSpecification","valueRequired":true,"valueName":"search_term_string"}}],"inLanguage":"en-US"},{"@type":"Organization","@id":"https:\/\/clavreuil-wordpress.logiciel-arteo.fr\/#organization","name":"Libairie Clavreuil","url":"https:\/\/clavreuil-wordpress.logiciel-arteo.fr\/","logo":{"@type":"ImageObject","inLanguage":"en-US","@id":"https:\/\/clavreuil-wordpress.logiciel-arteo.fr\/#\/schema\/logo\/image\/","url":"https:\/\/clavreuil-wordpress.logiciel-arteo.fr\/wp-content\/uploads\/2021\/05\/LOGO_PNG_DATE-_gold.png","contentUrl":"https:\/\/clavreuil-wordpress.logiciel-arteo.fr\/wp-content\/uploads\/2021\/05\/LOGO_PNG_DATE-_gold.png","width":2083,"height":1917,"caption":"Libairie Clavreuil"},"image":{"@id":"https:\/\/clavreuil-wordpress.logiciel-arteo.fr\/#\/schema\/logo\/image\/"}}]}},"_links":{"self":[{"href":"https:\/\/clavreuil-wordpress.logiciel-arteo.fr\/en\/wp-json\/wp\/v2\/product\/72348","targetHints":{"allow":["GET"]}}],"collection":[{"href":"https:\/\/clavreuil-wordpress.logiciel-arteo.fr\/en\/wp-json\/wp\/v2\/product"}],"about":[{"href":"https:\/\/clavreuil-wordpress.logiciel-arteo.fr\/en\/wp-json\/wp\/v2\/types\/product"}],"replies":[{"embeddable":true,"href":"https:\/\/clavreuil-wordpress.logiciel-arteo.fr\/en\/wp-json\/wp\/v2\/comments?post=72348"}],"wp:featuredmedia":[{"embeddable":true,"href":"https:\/\/clavreuil-wordpress.logiciel-arteo.fr\/en\/wp-json\/wp\/v2\/media\/72343"}],"wp:attachment":[{"href":"https:\/\/clavreuil-wordpress.logiciel-arteo.fr\/en\/wp-json\/wp\/v2\/media?parent=72348"}],"wp:term":[{"taxonomy":"product_brand","embeddable":true,"href":"https:\/\/clavreuil-wordpress.logiciel-arteo.fr\/en\/wp-json\/wp\/v2\/product_brand?post=72348"},{"taxonomy":"product_cat","embeddable":true,"href":"https:\/\/clavreuil-wordpress.logiciel-arteo.fr\/en\/wp-json\/wp\/v2\/product_cat?post=72348"},{"taxonomy":"product_tag","embeddable":true,"href":"https:\/\/clavreuil-wordpress.logiciel-arteo.fr\/en\/wp-json\/wp\/v2\/product_tag?post=72348"}],"curies":[{"name":"wp","href":"https:\/\/api.w.org\/{rel}","templated":true}]}}