{"id":72360,"date":"2024-04-17T15:47:25","date_gmt":"2024-04-17T13:47:25","guid":{"rendered":"https:\/\/clavreuil-wordpress.logiciel-arteo.fr\/traite-elementaire-de-chimie-presente-dans-un-ordre-nouveau-et-dapres-les-decouvertes-modernes-antoine-laurent-de-lavoisier-2\/"},"modified":"2024-04-22T15:22:16","modified_gmt":"2024-04-22T13:22:16","slug":"traite-elementaire-de-chimie-presente-dans-un-ordre-nouveau-et-dapres-les-decouvertes-modernes-antoine-laurent-de-lavoisier-2","status":"publish","type":"product","link":"https:\/\/clavreuil-wordpress.logiciel-arteo.fr\/en\/traite-elementaire-de-chimie-presente-dans-un-ordre-nouveau-et-dapres-les-decouvertes-modernes-antoine-laurent-de-lavoisier-2\/","title":{"rendered":"LAVOISIER Antoine-Laurent de Trait\u00e9 \u00e9l\u00e9mentaire de Chimie, pr\u00e9sent\u00e9..."},"content":{"rendered":"<p style=\"text-align:justify\"><em>Duveen et Klickstein, 154; PMM, 238; Horblit, 64; Dibner, 43.<\/em><\/p>\n<p style=\"text-align:justify\">First edition, second issue. This is the so-called second issue of the first edition in two volumes.<\/p>\n<p style=\"text-align:justify\">The first &quot;trial&quot; issue is in one volume, arranges material slightly differently and is known in only two or three copies. This second issue contains ten tables and several extracts from the registers of the Acad&eacute;mie des Sciences and other learned societies, not included in the single volume issue &#8211; making this in fact the first complete edition.<\/p>\n<p style=\"text-align:justify\">Lavoisier&#039;s revolutionary work outlined in this book had as much impact on chemistry as the French upheaval of the same year had on politics. This is a fundamental work in the history of modern chemistry containing a number of foundational ideas necessary to the progress of chemistry. Several critical ideas that appear in this book laid the firm foundation for Lavoisier&#039;s claim to the title as &quot;the father of modern chemistry&quot;: (1) his use of accurate measurement for chemical research by using a balance with weight determinations being made at every possible stage of chemical change, (2) his experimental research on combustion which established that oxygen was the component in air that combined with metals during combustion and his naming of the resulting substances &quot;oxides&quot;, (3) his exposition of the law of the conservation of mass, proving that matter remains constant thoughout all chemical change and (4) his definitive reform of chemical nomenclature, whereby every substance was named by an aggregate of its component elements.<\/p>\n<p style=\"text-align:justify\">In addition, Lavoisier finally established the modern conception of elements as substances which cannot be further decomposed. In this work, he identified twenty three such elements &#8211; all of which are still recognized as such today. The broadest and most significant effect of Lavoisier&#039;s treatise was that it once and for all put to rest the phlogiston theory (that had mislead scientists for over a century) and destroyed any residual belief in alchemy.<\/p>\n<p style=\"text-align:justify\">A fine copy in &nbsp;good condition.<\/p>\n","protected":false},"excerpt":{"rendered":"<p>2 volumes 8vo (197 x 122 mm) XLIV, 322 pp., 2 folding tables for volume I ; VIII, pp. 324 to 653, 1 unn.l., 13 engraved plates for volume II. Contemporary marbled sheep, spine gilt with raised bands, red edges (expertly rebacked).<\/p>\n","protected":false},"featured_media":72357,"comment_status":"open","ping_status":"closed","template":"","meta":{"_acf_changed":false},"product_brand":[],"product_cat":[15],"product_tag":[1324,1326,1233],"class_list":{"0":"post-72360","1":"product","2":"type-product","3":"status-publish","4":"has-post-thumbnail","6":"product_cat-uncategorized","7":"product_tag-chemistry","8":"product_tag-general-chemistry","9":"product_tag-pmm-2","10":"pa_auteur-antoine-laurent-de-lavoisier-2","11":"pa_type-de-livre-printed-book","13":"first","14":"instock","15":"shipping-taxable","16":"purchasable","17":"product-type-simple"},"acf":[],"yoast_head":"<!-- This site is optimized with the Yoast SEO plugin v24.3 - https:\/\/yoast.com\/wordpress\/plugins\/seo\/ -->\n<title>LAVOISIER Antoine-Laurent de Trait\u00e9 \u00e9l\u00e9mentaire de Chimie, pr\u00e9sent\u00e9 dans un ordre nouveau, et d&#039;apr\u00e8s les d\u00e9couvertes modernes. - Libairie Clavreuil<\/title>\n<meta name=\"robots\" content=\"noindex, follow, max-snippet:-1, max-image-preview:large, max-video-preview:-1\" \/>\n<meta property=\"og:locale\" content=\"en_US\" \/>\n<meta property=\"og:type\" content=\"article\" \/>\n<meta property=\"og:title\" content=\"LAVOISIER Antoine-Laurent de Trait\u00e9 \u00e9l\u00e9mentaire de Chimie, pr\u00e9sent\u00e9 dans un ordre nouveau, et d&#039;apr\u00e8s les d\u00e9couvertes modernes. - Libairie Clavreuil\" \/>\n<meta property=\"og:description\" content=\"2 volumes 8vo (197 x 122 mm) XLIV, 322 pp., 2 folding tables for volume I ; VIII, pp. 324 to 653, 1 unn.l., 13 engraved plates for volume II. Contemporary marbled sheep, spine gilt with raised bands, red edges (expertly rebacked).\" \/>\n<meta property=\"og:url\" content=\"https:\/\/clavreuil-wordpress.logiciel-arteo.fr\/en\/traite-elementaire-de-chimie-presente-dans-un-ordre-nouveau-et-dapres-les-decouvertes-modernes-antoine-laurent-de-lavoisier-2\/\" \/>\n<meta property=\"og:site_name\" content=\"Libairie Clavreuil\" \/>\n<meta property=\"article:modified_time\" content=\"2024-04-22T13:22:16+00:00\" \/>\n<meta property=\"og:image\" content=\"https:\/\/clavreuil-wordpress.logiciel-arteo.fr\/wp-content\/uploads\/2024\/04\/antoine-laurent-de-lavoisier-traite-elementaire-de-chimie-presente-dans-un-ordre-nouveau-et-d-apres-les-decouvertes-modernes-3796-657b369646cc6-scaled.jpg\" \/>\n\t<meta property=\"og:image:width\" content=\"1560\" \/>\n\t<meta property=\"og:image:height\" content=\"2560\" \/>\n\t<meta property=\"og:image:type\" content=\"image\/jpeg\" \/>\n<meta name=\"twitter:card\" content=\"summary_large_image\" \/>\n<meta name=\"twitter:label1\" content=\"Est. reading time\" \/>\n\t<meta name=\"twitter:data1\" content=\"2 minutes\" \/>\n<script type=\"application\/ld+json\" class=\"yoast-schema-graph\">{\"@context\":\"https:\/\/schema.org\",\"@graph\":[{\"@type\":\"WebPage\",\"@id\":\"https:\/\/clavreuil-wordpress.logiciel-arteo.fr\/en\/traite-elementaire-de-chimie-presente-dans-un-ordre-nouveau-et-dapres-les-decouvertes-modernes-antoine-laurent-de-lavoisier-2\/\",\"url\":\"https:\/\/clavreuil-wordpress.logiciel-arteo.fr\/en\/traite-elementaire-de-chimie-presente-dans-un-ordre-nouveau-et-dapres-les-decouvertes-modernes-antoine-laurent-de-lavoisier-2\/\",\"name\":\"LAVOISIER Antoine-Laurent de Trait\u00e9 \u00e9l\u00e9mentaire de Chimie, pr\u00e9sent\u00e9 dans un ordre nouveau, et d'apr\u00e8s les d\u00e9couvertes modernes. - Libairie Clavreuil\",\"isPartOf\":{\"@id\":\"https:\/\/clavreuil-wordpress.logiciel-arteo.fr\/#website\"},\"primaryImageOfPage\":{\"@id\":\"https:\/\/clavreuil-wordpress.logiciel-arteo.fr\/en\/traite-elementaire-de-chimie-presente-dans-un-ordre-nouveau-et-dapres-les-decouvertes-modernes-antoine-laurent-de-lavoisier-2\/#primaryimage\"},\"image\":{\"@id\":\"https:\/\/clavreuil-wordpress.logiciel-arteo.fr\/en\/traite-elementaire-de-chimie-presente-dans-un-ordre-nouveau-et-dapres-les-decouvertes-modernes-antoine-laurent-de-lavoisier-2\/#primaryimage\"},\"thumbnailUrl\":\"https:\/\/clavreuil-wordpress.logiciel-arteo.fr\/wp-content\/uploads\/2024\/04\/antoine-laurent-de-lavoisier-traite-elementaire-de-chimie-presente-dans-un-ordre-nouveau-et-d-apres-les-decouvertes-modernes-3796-657b369646cc6-scaled.jpg\",\"datePublished\":\"2024-04-17T13:47:25+00:00\",\"dateModified\":\"2024-04-22T13:22:16+00:00\",\"breadcrumb\":{\"@id\":\"https:\/\/clavreuil-wordpress.logiciel-arteo.fr\/en\/traite-elementaire-de-chimie-presente-dans-un-ordre-nouveau-et-dapres-les-decouvertes-modernes-antoine-laurent-de-lavoisier-2\/#breadcrumb\"},\"inLanguage\":\"en-US\",\"potentialAction\":[{\"@type\":\"ReadAction\",\"target\":[\"https:\/\/clavreuil-wordpress.logiciel-arteo.fr\/en\/traite-elementaire-de-chimie-presente-dans-un-ordre-nouveau-et-dapres-les-decouvertes-modernes-antoine-laurent-de-lavoisier-2\/\"]}]},{\"@type\":\"ImageObject\",\"inLanguage\":\"en-US\",\"@id\":\"https:\/\/clavreuil-wordpress.logiciel-arteo.fr\/en\/traite-elementaire-de-chimie-presente-dans-un-ordre-nouveau-et-dapres-les-decouvertes-modernes-antoine-laurent-de-lavoisier-2\/#primaryimage\",\"url\":\"https:\/\/clavreuil-wordpress.logiciel-arteo.fr\/wp-content\/uploads\/2024\/04\/antoine-laurent-de-lavoisier-traite-elementaire-de-chimie-presente-dans-un-ordre-nouveau-et-d-apres-les-decouvertes-modernes-3796-657b369646cc6-scaled.jpg\",\"contentUrl\":\"https:\/\/clavreuil-wordpress.logiciel-arteo.fr\/wp-content\/uploads\/2024\/04\/antoine-laurent-de-lavoisier-traite-elementaire-de-chimie-presente-dans-un-ordre-nouveau-et-d-apres-les-decouvertes-modernes-3796-657b369646cc6-scaled.jpg\",\"width\":1560,\"height\":2560},{\"@type\":\"BreadcrumbList\",\"@id\":\"https:\/\/clavreuil-wordpress.logiciel-arteo.fr\/en\/traite-elementaire-de-chimie-presente-dans-un-ordre-nouveau-et-dapres-les-decouvertes-modernes-antoine-laurent-de-lavoisier-2\/#breadcrumb\",\"itemListElement\":[{\"@type\":\"ListItem\",\"position\":1,\"name\":\"Accueil\",\"item\":\"https:\/\/clavreuil-wordpress.logiciel-arteo.fr\/\"},{\"@type\":\"ListItem\",\"position\":2,\"name\":\"All our books\",\"item\":\"https:\/\/clavreuil-wordpress.logiciel-arteo.fr\/en\/all-our-books\/\"},{\"@type\":\"ListItem\",\"position\":3,\"name\":\"LAVOISIER Antoine-Laurent de Trait\u00e9 \u00e9l\u00e9mentaire de Chimie, pr\u00e9sent\u00e9...\"}]},{\"@type\":\"WebSite\",\"@id\":\"https:\/\/clavreuil-wordpress.logiciel-arteo.fr\/#website\",\"url\":\"https:\/\/clavreuil-wordpress.logiciel-arteo.fr\/\",\"name\":\"Libairie Clavreuil\",\"description\":\"\",\"publisher\":{\"@id\":\"https:\/\/clavreuil-wordpress.logiciel-arteo.fr\/#organization\"},\"potentialAction\":[{\"@type\":\"SearchAction\",\"target\":{\"@type\":\"EntryPoint\",\"urlTemplate\":\"https:\/\/clavreuil-wordpress.logiciel-arteo.fr\/?s={search_term_string}\"},\"query-input\":{\"@type\":\"PropertyValueSpecification\",\"valueRequired\":true,\"valueName\":\"search_term_string\"}}],\"inLanguage\":\"en-US\"},{\"@type\":\"Organization\",\"@id\":\"https:\/\/clavreuil-wordpress.logiciel-arteo.fr\/#organization\",\"name\":\"Libairie Clavreuil\",\"url\":\"https:\/\/clavreuil-wordpress.logiciel-arteo.fr\/\",\"logo\":{\"@type\":\"ImageObject\",\"inLanguage\":\"en-US\",\"@id\":\"https:\/\/clavreuil-wordpress.logiciel-arteo.fr\/#\/schema\/logo\/image\/\",\"url\":\"https:\/\/clavreuil-wordpress.logiciel-arteo.fr\/wp-content\/uploads\/2021\/05\/LOGO_PNG_DATE-_gold.png\",\"contentUrl\":\"https:\/\/clavreuil-wordpress.logiciel-arteo.fr\/wp-content\/uploads\/2021\/05\/LOGO_PNG_DATE-_gold.png\",\"width\":2083,\"height\":1917,\"caption\":\"Libairie Clavreuil\"},\"image\":{\"@id\":\"https:\/\/clavreuil-wordpress.logiciel-arteo.fr\/#\/schema\/logo\/image\/\"}}]}<\/script>\n<!-- \/ Yoast SEO plugin. -->","yoast_head_json":{"title":"LAVOISIER Antoine-Laurent de Trait\u00e9 \u00e9l\u00e9mentaire de Chimie, pr\u00e9sent\u00e9 dans un ordre nouveau, et d'apr\u00e8s les d\u00e9couvertes modernes. - Libairie Clavreuil","robots":{"index":"noindex","follow":"follow","max-snippet":"max-snippet:-1","max-image-preview":"max-image-preview:large","max-video-preview":"max-video-preview:-1"},"og_locale":"en_US","og_type":"article","og_title":"LAVOISIER Antoine-Laurent de Trait\u00e9 \u00e9l\u00e9mentaire de Chimie, pr\u00e9sent\u00e9 dans un ordre nouveau, et d'apr\u00e8s les d\u00e9couvertes modernes. - Libairie Clavreuil","og_description":"2 volumes 8vo (197 x 122 mm) XLIV, 322 pp., 2 folding tables for volume I ; VIII, pp. 324 to 653, 1 unn.l., 13 engraved plates for volume II. Contemporary marbled sheep, spine gilt with raised bands, red edges (expertly rebacked).","og_url":"https:\/\/clavreuil-wordpress.logiciel-arteo.fr\/en\/traite-elementaire-de-chimie-presente-dans-un-ordre-nouveau-et-dapres-les-decouvertes-modernes-antoine-laurent-de-lavoisier-2\/","og_site_name":"Libairie Clavreuil","article_modified_time":"2024-04-22T13:22:16+00:00","og_image":[{"width":1560,"height":2560,"url":"https:\/\/clavreuil-wordpress.logiciel-arteo.fr\/wp-content\/uploads\/2024\/04\/antoine-laurent-de-lavoisier-traite-elementaire-de-chimie-presente-dans-un-ordre-nouveau-et-d-apres-les-decouvertes-modernes-3796-657b369646cc6-scaled.jpg","type":"image\/jpeg"}],"twitter_card":"summary_large_image","twitter_misc":{"Est. reading time":"2 minutes"},"schema":{"@context":"https:\/\/schema.org","@graph":[{"@type":"WebPage","@id":"https:\/\/clavreuil-wordpress.logiciel-arteo.fr\/en\/traite-elementaire-de-chimie-presente-dans-un-ordre-nouveau-et-dapres-les-decouvertes-modernes-antoine-laurent-de-lavoisier-2\/","url":"https:\/\/clavreuil-wordpress.logiciel-arteo.fr\/en\/traite-elementaire-de-chimie-presente-dans-un-ordre-nouveau-et-dapres-les-decouvertes-modernes-antoine-laurent-de-lavoisier-2\/","name":"LAVOISIER Antoine-Laurent de Trait\u00e9 \u00e9l\u00e9mentaire de Chimie, pr\u00e9sent\u00e9 dans un ordre nouveau, et d'apr\u00e8s les d\u00e9couvertes modernes. - Libairie Clavreuil","isPartOf":{"@id":"https:\/\/clavreuil-wordpress.logiciel-arteo.fr\/#website"},"primaryImageOfPage":{"@id":"https:\/\/clavreuil-wordpress.logiciel-arteo.fr\/en\/traite-elementaire-de-chimie-presente-dans-un-ordre-nouveau-et-dapres-les-decouvertes-modernes-antoine-laurent-de-lavoisier-2\/#primaryimage"},"image":{"@id":"https:\/\/clavreuil-wordpress.logiciel-arteo.fr\/en\/traite-elementaire-de-chimie-presente-dans-un-ordre-nouveau-et-dapres-les-decouvertes-modernes-antoine-laurent-de-lavoisier-2\/#primaryimage"},"thumbnailUrl":"https:\/\/clavreuil-wordpress.logiciel-arteo.fr\/wp-content\/uploads\/2024\/04\/antoine-laurent-de-lavoisier-traite-elementaire-de-chimie-presente-dans-un-ordre-nouveau-et-d-apres-les-decouvertes-modernes-3796-657b369646cc6-scaled.jpg","datePublished":"2024-04-17T13:47:25+00:00","dateModified":"2024-04-22T13:22:16+00:00","breadcrumb":{"@id":"https:\/\/clavreuil-wordpress.logiciel-arteo.fr\/en\/traite-elementaire-de-chimie-presente-dans-un-ordre-nouveau-et-dapres-les-decouvertes-modernes-antoine-laurent-de-lavoisier-2\/#breadcrumb"},"inLanguage":"en-US","potentialAction":[{"@type":"ReadAction","target":["https:\/\/clavreuil-wordpress.logiciel-arteo.fr\/en\/traite-elementaire-de-chimie-presente-dans-un-ordre-nouveau-et-dapres-les-decouvertes-modernes-antoine-laurent-de-lavoisier-2\/"]}]},{"@type":"ImageObject","inLanguage":"en-US","@id":"https:\/\/clavreuil-wordpress.logiciel-arteo.fr\/en\/traite-elementaire-de-chimie-presente-dans-un-ordre-nouveau-et-dapres-les-decouvertes-modernes-antoine-laurent-de-lavoisier-2\/#primaryimage","url":"https:\/\/clavreuil-wordpress.logiciel-arteo.fr\/wp-content\/uploads\/2024\/04\/antoine-laurent-de-lavoisier-traite-elementaire-de-chimie-presente-dans-un-ordre-nouveau-et-d-apres-les-decouvertes-modernes-3796-657b369646cc6-scaled.jpg","contentUrl":"https:\/\/clavreuil-wordpress.logiciel-arteo.fr\/wp-content\/uploads\/2024\/04\/antoine-laurent-de-lavoisier-traite-elementaire-de-chimie-presente-dans-un-ordre-nouveau-et-d-apres-les-decouvertes-modernes-3796-657b369646cc6-scaled.jpg","width":1560,"height":2560},{"@type":"BreadcrumbList","@id":"https:\/\/clavreuil-wordpress.logiciel-arteo.fr\/en\/traite-elementaire-de-chimie-presente-dans-un-ordre-nouveau-et-dapres-les-decouvertes-modernes-antoine-laurent-de-lavoisier-2\/#breadcrumb","itemListElement":[{"@type":"ListItem","position":1,"name":"Accueil","item":"https:\/\/clavreuil-wordpress.logiciel-arteo.fr\/"},{"@type":"ListItem","position":2,"name":"All our books","item":"https:\/\/clavreuil-wordpress.logiciel-arteo.fr\/en\/all-our-books\/"},{"@type":"ListItem","position":3,"name":"LAVOISIER Antoine-Laurent de Trait\u00e9 \u00e9l\u00e9mentaire de Chimie, pr\u00e9sent\u00e9..."}]},{"@type":"WebSite","@id":"https:\/\/clavreuil-wordpress.logiciel-arteo.fr\/#website","url":"https:\/\/clavreuil-wordpress.logiciel-arteo.fr\/","name":"Libairie Clavreuil","description":"","publisher":{"@id":"https:\/\/clavreuil-wordpress.logiciel-arteo.fr\/#organization"},"potentialAction":[{"@type":"SearchAction","target":{"@type":"EntryPoint","urlTemplate":"https:\/\/clavreuil-wordpress.logiciel-arteo.fr\/?s={search_term_string}"},"query-input":{"@type":"PropertyValueSpecification","valueRequired":true,"valueName":"search_term_string"}}],"inLanguage":"en-US"},{"@type":"Organization","@id":"https:\/\/clavreuil-wordpress.logiciel-arteo.fr\/#organization","name":"Libairie Clavreuil","url":"https:\/\/clavreuil-wordpress.logiciel-arteo.fr\/","logo":{"@type":"ImageObject","inLanguage":"en-US","@id":"https:\/\/clavreuil-wordpress.logiciel-arteo.fr\/#\/schema\/logo\/image\/","url":"https:\/\/clavreuil-wordpress.logiciel-arteo.fr\/wp-content\/uploads\/2021\/05\/LOGO_PNG_DATE-_gold.png","contentUrl":"https:\/\/clavreuil-wordpress.logiciel-arteo.fr\/wp-content\/uploads\/2021\/05\/LOGO_PNG_DATE-_gold.png","width":2083,"height":1917,"caption":"Libairie Clavreuil"},"image":{"@id":"https:\/\/clavreuil-wordpress.logiciel-arteo.fr\/#\/schema\/logo\/image\/"}}]}},"_links":{"self":[{"href":"https:\/\/clavreuil-wordpress.logiciel-arteo.fr\/en\/wp-json\/wp\/v2\/product\/72360","targetHints":{"allow":["GET"]}}],"collection":[{"href":"https:\/\/clavreuil-wordpress.logiciel-arteo.fr\/en\/wp-json\/wp\/v2\/product"}],"about":[{"href":"https:\/\/clavreuil-wordpress.logiciel-arteo.fr\/en\/wp-json\/wp\/v2\/types\/product"}],"replies":[{"embeddable":true,"href":"https:\/\/clavreuil-wordpress.logiciel-arteo.fr\/en\/wp-json\/wp\/v2\/comments?post=72360"}],"wp:featuredmedia":[{"embeddable":true,"href":"https:\/\/clavreuil-wordpress.logiciel-arteo.fr\/en\/wp-json\/wp\/v2\/media\/72357"}],"wp:attachment":[{"href":"https:\/\/clavreuil-wordpress.logiciel-arteo.fr\/en\/wp-json\/wp\/v2\/media?parent=72360"}],"wp:term":[{"taxonomy":"product_brand","embeddable":true,"href":"https:\/\/clavreuil-wordpress.logiciel-arteo.fr\/en\/wp-json\/wp\/v2\/product_brand?post=72360"},{"taxonomy":"product_cat","embeddable":true,"href":"https:\/\/clavreuil-wordpress.logiciel-arteo.fr\/en\/wp-json\/wp\/v2\/product_cat?post=72360"},{"taxonomy":"product_tag","embeddable":true,"href":"https:\/\/clavreuil-wordpress.logiciel-arteo.fr\/en\/wp-json\/wp\/v2\/product_tag?post=72360"}],"curies":[{"name":"wp","href":"https:\/\/api.w.org\/{rel}","templated":true}]}}