{"id":72368,"date":"2024-04-17T15:47:56","date_gmt":"2024-04-17T13:47:56","guid":{"rendered":"https:\/\/clavreuil-wordpress.logiciel-arteo.fr\/traite-elementaire-de-physique-ouvrage-destine-pour-lenseignement-dans-les-lycees-nationaux-abbe-rene-just-hauy\/"},"modified":"2024-04-22T15:38:13","modified_gmt":"2024-04-22T13:38:13","slug":"traite-elementaire-de-physique-ouvrage-destine-pour-lenseignement-dans-les-lycees-nationaux-abbe-rene-just-hauy","status":"publish","type":"product","link":"https:\/\/clavreuil-wordpress.logiciel-arteo.fr\/en\/traite-elementaire-de-physique-ouvrage-destine-pour-lenseignement-dans-les-lycees-nationaux-abbe-rene-just-hauy\/","title":{"rendered":"HA\u00dcY abb\u00e9 Ren\u00e9-Just Trait\u00e9 \u00e9l\u00e9mentaire de physique. Ouvrage..."},"content":{"rendered":"<p style=\"text-align:justify\"><em>Gartrell, 242 ; Wheatland, 111 ; Neville, I, 603. See Wheeler-Gift, 684 (only the English translation, London 1807).<\/em><\/p>\n<p style=\"text-align:justify\">First edition of this important handbook, written on request by Napoleon.<\/p>\n<p style=\"text-align:justify\">&quot;Napol&eacute;on ordered [Ha&uuml;y] to write a textbook of physics for the newly instituted lyc&eacute;es. This book was outstanding for its clear, methodical exposition of physics, although mathematical treatment of problems was again lacking. Like most of his contemporaries, Ha&uuml;y adhered to Newton&#039;s corpuscular theory of light and to the theory that heat was caused by a &#039;caloric matter&#039;. His own contribution to physics consisted in his researches on double refraction on crystals, on pyrolectricity in crystals (especially tourmaline and boracite), and on piezoelectricity. Ha&uuml;y&#039;s Trait&eacute; de physique brought him appointment to the Legion of Honor in 1803&quot; (DSB). &quot;There are large sections on electricity and magnetism, and this work is also of some chemical interest. The book is divided into 905 paragraphs, each covering a specific topic&quot; (Neville).<\/p>\n<p style=\"text-align:justify\">The 24 engraved and numbered plates show a variety of experiments.<\/p>\n<p style=\"text-align:justify\">Light waterstain to volume I, else fine and broadmargined with the deckle edges preserved.<\/p>\n","protected":false},"excerpt":{"rendered":"<p>2 volumes, 8vo (215 x 137 mm) 3 unn.ll., XXIV, 426 pp. for volume I ; 2 nn.ll., III, 447 pp. for volume II. Original wrappers, entirely uncut.<\/p>\n","protected":false},"featured_media":72361,"comment_status":"open","ping_status":"closed","template":"","meta":{"_acf_changed":false},"product_brand":[],"product_cat":[15],"product_tag":[608,580,610],"class_list":{"0":"post-72368","1":"product","2":"type-product","3":"status-publish","4":"has-post-thumbnail","6":"product_cat-uncategorized","7":"product_tag-electricity","8":"product_tag-hydraulic","9":"product_tag-optical","10":"pa_auteur-abbe-rene-just-hauy-2","11":"pa_type-de-livre-printed-book","13":"first","14":"instock","15":"shipping-taxable","16":"purchasable","17":"product-type-simple"},"acf":[],"yoast_head":"<!-- This site is optimized with the Yoast SEO plugin v24.3 - https:\/\/yoast.com\/wordpress\/plugins\/seo\/ -->\n<title>HA\u00dcY abb\u00e9 Ren\u00e9-Just Trait\u00e9 \u00e9l\u00e9mentaire de physique. Ouvrage destin\u00e9 pour l&#039;enseignement dans les lyc\u00e9es nationaux. - Libairie Clavreuil<\/title>\n<meta name=\"robots\" content=\"noindex, follow, max-snippet:-1, max-image-preview:large, max-video-preview:-1\" \/>\n<meta property=\"og:locale\" content=\"en_US\" \/>\n<meta property=\"og:type\" content=\"article\" \/>\n<meta property=\"og:title\" content=\"HA\u00dcY abb\u00e9 Ren\u00e9-Just Trait\u00e9 \u00e9l\u00e9mentaire de physique. Ouvrage destin\u00e9 pour l&#039;enseignement dans les lyc\u00e9es nationaux. - Libairie Clavreuil\" \/>\n<meta property=\"og:description\" content=\"2 volumes, 8vo (215 x 137 mm) 3 unn.ll., XXIV, 426 pp. for volume I ; 2 nn.ll., III, 447 pp. for volume II. Original wrappers, entirely uncut.\" \/>\n<meta property=\"og:url\" content=\"https:\/\/clavreuil-wordpress.logiciel-arteo.fr\/en\/traite-elementaire-de-physique-ouvrage-destine-pour-lenseignement-dans-les-lycees-nationaux-abbe-rene-just-hauy\/\" \/>\n<meta property=\"og:site_name\" content=\"Libairie Clavreuil\" \/>\n<meta property=\"article:modified_time\" content=\"2024-04-22T13:38:13+00:00\" \/>\n<meta property=\"og:image\" content=\"https:\/\/clavreuil-wordpress.logiciel-arteo.fr\/wp-content\/uploads\/2024\/04\/abbe-rene-just-hauey-traite-elementaire-de-physique-ouvrage-destine-pour-l-enseignement-dans-les-lycees-nationaux-4786-657b3a86b3428-scaled.jpg\" \/>\n\t<meta property=\"og:image:width\" content=\"1920\" \/>\n\t<meta property=\"og:image:height\" content=\"2560\" \/>\n\t<meta property=\"og:image:type\" content=\"image\/jpeg\" \/>\n<meta name=\"twitter:card\" content=\"summary_large_image\" \/>\n<meta name=\"twitter:label1\" content=\"Est. reading time\" \/>\n\t<meta name=\"twitter:data1\" content=\"1 minute\" \/>\n<script type=\"application\/ld+json\" class=\"yoast-schema-graph\">{\"@context\":\"https:\/\/schema.org\",\"@graph\":[{\"@type\":\"WebPage\",\"@id\":\"https:\/\/clavreuil-wordpress.logiciel-arteo.fr\/en\/traite-elementaire-de-physique-ouvrage-destine-pour-lenseignement-dans-les-lycees-nationaux-abbe-rene-just-hauy\/\",\"url\":\"https:\/\/clavreuil-wordpress.logiciel-arteo.fr\/en\/traite-elementaire-de-physique-ouvrage-destine-pour-lenseignement-dans-les-lycees-nationaux-abbe-rene-just-hauy\/\",\"name\":\"HA\u00dcY abb\u00e9 Ren\u00e9-Just Trait\u00e9 \u00e9l\u00e9mentaire de physique. Ouvrage destin\u00e9 pour l'enseignement dans les lyc\u00e9es nationaux. - Libairie Clavreuil\",\"isPartOf\":{\"@id\":\"https:\/\/clavreuil-wordpress.logiciel-arteo.fr\/#website\"},\"primaryImageOfPage\":{\"@id\":\"https:\/\/clavreuil-wordpress.logiciel-arteo.fr\/en\/traite-elementaire-de-physique-ouvrage-destine-pour-lenseignement-dans-les-lycees-nationaux-abbe-rene-just-hauy\/#primaryimage\"},\"image\":{\"@id\":\"https:\/\/clavreuil-wordpress.logiciel-arteo.fr\/en\/traite-elementaire-de-physique-ouvrage-destine-pour-lenseignement-dans-les-lycees-nationaux-abbe-rene-just-hauy\/#primaryimage\"},\"thumbnailUrl\":\"https:\/\/clavreuil-wordpress.logiciel-arteo.fr\/wp-content\/uploads\/2024\/04\/abbe-rene-just-hauey-traite-elementaire-de-physique-ouvrage-destine-pour-l-enseignement-dans-les-lycees-nationaux-4786-657b3a86b3428-scaled.jpg\",\"datePublished\":\"2024-04-17T13:47:56+00:00\",\"dateModified\":\"2024-04-22T13:38:13+00:00\",\"breadcrumb\":{\"@id\":\"https:\/\/clavreuil-wordpress.logiciel-arteo.fr\/en\/traite-elementaire-de-physique-ouvrage-destine-pour-lenseignement-dans-les-lycees-nationaux-abbe-rene-just-hauy\/#breadcrumb\"},\"inLanguage\":\"en-US\",\"potentialAction\":[{\"@type\":\"ReadAction\",\"target\":[\"https:\/\/clavreuil-wordpress.logiciel-arteo.fr\/en\/traite-elementaire-de-physique-ouvrage-destine-pour-lenseignement-dans-les-lycees-nationaux-abbe-rene-just-hauy\/\"]}]},{\"@type\":\"ImageObject\",\"inLanguage\":\"en-US\",\"@id\":\"https:\/\/clavreuil-wordpress.logiciel-arteo.fr\/en\/traite-elementaire-de-physique-ouvrage-destine-pour-lenseignement-dans-les-lycees-nationaux-abbe-rene-just-hauy\/#primaryimage\",\"url\":\"https:\/\/clavreuil-wordpress.logiciel-arteo.fr\/wp-content\/uploads\/2024\/04\/abbe-rene-just-hauey-traite-elementaire-de-physique-ouvrage-destine-pour-l-enseignement-dans-les-lycees-nationaux-4786-657b3a86b3428-scaled.jpg\",\"contentUrl\":\"https:\/\/clavreuil-wordpress.logiciel-arteo.fr\/wp-content\/uploads\/2024\/04\/abbe-rene-just-hauey-traite-elementaire-de-physique-ouvrage-destine-pour-l-enseignement-dans-les-lycees-nationaux-4786-657b3a86b3428-scaled.jpg\",\"width\":1920,\"height\":2560},{\"@type\":\"BreadcrumbList\",\"@id\":\"https:\/\/clavreuil-wordpress.logiciel-arteo.fr\/en\/traite-elementaire-de-physique-ouvrage-destine-pour-lenseignement-dans-les-lycees-nationaux-abbe-rene-just-hauy\/#breadcrumb\",\"itemListElement\":[{\"@type\":\"ListItem\",\"position\":1,\"name\":\"Accueil\",\"item\":\"https:\/\/clavreuil-wordpress.logiciel-arteo.fr\/\"},{\"@type\":\"ListItem\",\"position\":2,\"name\":\"All our books\",\"item\":\"https:\/\/clavreuil-wordpress.logiciel-arteo.fr\/en\/all-our-books\/\"},{\"@type\":\"ListItem\",\"position\":3,\"name\":\"HA\u00dcY abb\u00e9 Ren\u00e9-Just Trait\u00e9 \u00e9l\u00e9mentaire de physique. Ouvrage...\"}]},{\"@type\":\"WebSite\",\"@id\":\"https:\/\/clavreuil-wordpress.logiciel-arteo.fr\/#website\",\"url\":\"https:\/\/clavreuil-wordpress.logiciel-arteo.fr\/\",\"name\":\"Libairie Clavreuil\",\"description\":\"\",\"publisher\":{\"@id\":\"https:\/\/clavreuil-wordpress.logiciel-arteo.fr\/#organization\"},\"potentialAction\":[{\"@type\":\"SearchAction\",\"target\":{\"@type\":\"EntryPoint\",\"urlTemplate\":\"https:\/\/clavreuil-wordpress.logiciel-arteo.fr\/?s={search_term_string}\"},\"query-input\":{\"@type\":\"PropertyValueSpecification\",\"valueRequired\":true,\"valueName\":\"search_term_string\"}}],\"inLanguage\":\"en-US\"},{\"@type\":\"Organization\",\"@id\":\"https:\/\/clavreuil-wordpress.logiciel-arteo.fr\/#organization\",\"name\":\"Libairie Clavreuil\",\"url\":\"https:\/\/clavreuil-wordpress.logiciel-arteo.fr\/\",\"logo\":{\"@type\":\"ImageObject\",\"inLanguage\":\"en-US\",\"@id\":\"https:\/\/clavreuil-wordpress.logiciel-arteo.fr\/#\/schema\/logo\/image\/\",\"url\":\"https:\/\/clavreuil-wordpress.logiciel-arteo.fr\/wp-content\/uploads\/2021\/05\/LOGO_PNG_DATE-_gold.png\",\"contentUrl\":\"https:\/\/clavreuil-wordpress.logiciel-arteo.fr\/wp-content\/uploads\/2021\/05\/LOGO_PNG_DATE-_gold.png\",\"width\":2083,\"height\":1917,\"caption\":\"Libairie Clavreuil\"},\"image\":{\"@id\":\"https:\/\/clavreuil-wordpress.logiciel-arteo.fr\/#\/schema\/logo\/image\/\"}}]}<\/script>\n<!-- \/ Yoast SEO plugin. -->","yoast_head_json":{"title":"HA\u00dcY abb\u00e9 Ren\u00e9-Just Trait\u00e9 \u00e9l\u00e9mentaire de physique. Ouvrage destin\u00e9 pour l'enseignement dans les lyc\u00e9es nationaux. - Libairie Clavreuil","robots":{"index":"noindex","follow":"follow","max-snippet":"max-snippet:-1","max-image-preview":"max-image-preview:large","max-video-preview":"max-video-preview:-1"},"og_locale":"en_US","og_type":"article","og_title":"HA\u00dcY abb\u00e9 Ren\u00e9-Just Trait\u00e9 \u00e9l\u00e9mentaire de physique. Ouvrage destin\u00e9 pour l'enseignement dans les lyc\u00e9es nationaux. - Libairie Clavreuil","og_description":"2 volumes, 8vo (215 x 137 mm) 3 unn.ll., XXIV, 426 pp. for volume I ; 2 nn.ll., III, 447 pp. for volume II. Original wrappers, entirely uncut.","og_url":"https:\/\/clavreuil-wordpress.logiciel-arteo.fr\/en\/traite-elementaire-de-physique-ouvrage-destine-pour-lenseignement-dans-les-lycees-nationaux-abbe-rene-just-hauy\/","og_site_name":"Libairie Clavreuil","article_modified_time":"2024-04-22T13:38:13+00:00","og_image":[{"width":1920,"height":2560,"url":"https:\/\/clavreuil-wordpress.logiciel-arteo.fr\/wp-content\/uploads\/2024\/04\/abbe-rene-just-hauey-traite-elementaire-de-physique-ouvrage-destine-pour-l-enseignement-dans-les-lycees-nationaux-4786-657b3a86b3428-scaled.jpg","type":"image\/jpeg"}],"twitter_card":"summary_large_image","twitter_misc":{"Est. reading time":"1 minute"},"schema":{"@context":"https:\/\/schema.org","@graph":[{"@type":"WebPage","@id":"https:\/\/clavreuil-wordpress.logiciel-arteo.fr\/en\/traite-elementaire-de-physique-ouvrage-destine-pour-lenseignement-dans-les-lycees-nationaux-abbe-rene-just-hauy\/","url":"https:\/\/clavreuil-wordpress.logiciel-arteo.fr\/en\/traite-elementaire-de-physique-ouvrage-destine-pour-lenseignement-dans-les-lycees-nationaux-abbe-rene-just-hauy\/","name":"HA\u00dcY abb\u00e9 Ren\u00e9-Just Trait\u00e9 \u00e9l\u00e9mentaire de physique. Ouvrage destin\u00e9 pour l'enseignement dans les lyc\u00e9es nationaux. - Libairie Clavreuil","isPartOf":{"@id":"https:\/\/clavreuil-wordpress.logiciel-arteo.fr\/#website"},"primaryImageOfPage":{"@id":"https:\/\/clavreuil-wordpress.logiciel-arteo.fr\/en\/traite-elementaire-de-physique-ouvrage-destine-pour-lenseignement-dans-les-lycees-nationaux-abbe-rene-just-hauy\/#primaryimage"},"image":{"@id":"https:\/\/clavreuil-wordpress.logiciel-arteo.fr\/en\/traite-elementaire-de-physique-ouvrage-destine-pour-lenseignement-dans-les-lycees-nationaux-abbe-rene-just-hauy\/#primaryimage"},"thumbnailUrl":"https:\/\/clavreuil-wordpress.logiciel-arteo.fr\/wp-content\/uploads\/2024\/04\/abbe-rene-just-hauey-traite-elementaire-de-physique-ouvrage-destine-pour-l-enseignement-dans-les-lycees-nationaux-4786-657b3a86b3428-scaled.jpg","datePublished":"2024-04-17T13:47:56+00:00","dateModified":"2024-04-22T13:38:13+00:00","breadcrumb":{"@id":"https:\/\/clavreuil-wordpress.logiciel-arteo.fr\/en\/traite-elementaire-de-physique-ouvrage-destine-pour-lenseignement-dans-les-lycees-nationaux-abbe-rene-just-hauy\/#breadcrumb"},"inLanguage":"en-US","potentialAction":[{"@type":"ReadAction","target":["https:\/\/clavreuil-wordpress.logiciel-arteo.fr\/en\/traite-elementaire-de-physique-ouvrage-destine-pour-lenseignement-dans-les-lycees-nationaux-abbe-rene-just-hauy\/"]}]},{"@type":"ImageObject","inLanguage":"en-US","@id":"https:\/\/clavreuil-wordpress.logiciel-arteo.fr\/en\/traite-elementaire-de-physique-ouvrage-destine-pour-lenseignement-dans-les-lycees-nationaux-abbe-rene-just-hauy\/#primaryimage","url":"https:\/\/clavreuil-wordpress.logiciel-arteo.fr\/wp-content\/uploads\/2024\/04\/abbe-rene-just-hauey-traite-elementaire-de-physique-ouvrage-destine-pour-l-enseignement-dans-les-lycees-nationaux-4786-657b3a86b3428-scaled.jpg","contentUrl":"https:\/\/clavreuil-wordpress.logiciel-arteo.fr\/wp-content\/uploads\/2024\/04\/abbe-rene-just-hauey-traite-elementaire-de-physique-ouvrage-destine-pour-l-enseignement-dans-les-lycees-nationaux-4786-657b3a86b3428-scaled.jpg","width":1920,"height":2560},{"@type":"BreadcrumbList","@id":"https:\/\/clavreuil-wordpress.logiciel-arteo.fr\/en\/traite-elementaire-de-physique-ouvrage-destine-pour-lenseignement-dans-les-lycees-nationaux-abbe-rene-just-hauy\/#breadcrumb","itemListElement":[{"@type":"ListItem","position":1,"name":"Accueil","item":"https:\/\/clavreuil-wordpress.logiciel-arteo.fr\/"},{"@type":"ListItem","position":2,"name":"All our books","item":"https:\/\/clavreuil-wordpress.logiciel-arteo.fr\/en\/all-our-books\/"},{"@type":"ListItem","position":3,"name":"HA\u00dcY abb\u00e9 Ren\u00e9-Just Trait\u00e9 \u00e9l\u00e9mentaire de physique. Ouvrage..."}]},{"@type":"WebSite","@id":"https:\/\/clavreuil-wordpress.logiciel-arteo.fr\/#website","url":"https:\/\/clavreuil-wordpress.logiciel-arteo.fr\/","name":"Libairie Clavreuil","description":"","publisher":{"@id":"https:\/\/clavreuil-wordpress.logiciel-arteo.fr\/#organization"},"potentialAction":[{"@type":"SearchAction","target":{"@type":"EntryPoint","urlTemplate":"https:\/\/clavreuil-wordpress.logiciel-arteo.fr\/?s={search_term_string}"},"query-input":{"@type":"PropertyValueSpecification","valueRequired":true,"valueName":"search_term_string"}}],"inLanguage":"en-US"},{"@type":"Organization","@id":"https:\/\/clavreuil-wordpress.logiciel-arteo.fr\/#organization","name":"Libairie Clavreuil","url":"https:\/\/clavreuil-wordpress.logiciel-arteo.fr\/","logo":{"@type":"ImageObject","inLanguage":"en-US","@id":"https:\/\/clavreuil-wordpress.logiciel-arteo.fr\/#\/schema\/logo\/image\/","url":"https:\/\/clavreuil-wordpress.logiciel-arteo.fr\/wp-content\/uploads\/2021\/05\/LOGO_PNG_DATE-_gold.png","contentUrl":"https:\/\/clavreuil-wordpress.logiciel-arteo.fr\/wp-content\/uploads\/2021\/05\/LOGO_PNG_DATE-_gold.png","width":2083,"height":1917,"caption":"Libairie Clavreuil"},"image":{"@id":"https:\/\/clavreuil-wordpress.logiciel-arteo.fr\/#\/schema\/logo\/image\/"}}]}},"_links":{"self":[{"href":"https:\/\/clavreuil-wordpress.logiciel-arteo.fr\/en\/wp-json\/wp\/v2\/product\/72368","targetHints":{"allow":["GET"]}}],"collection":[{"href":"https:\/\/clavreuil-wordpress.logiciel-arteo.fr\/en\/wp-json\/wp\/v2\/product"}],"about":[{"href":"https:\/\/clavreuil-wordpress.logiciel-arteo.fr\/en\/wp-json\/wp\/v2\/types\/product"}],"replies":[{"embeddable":true,"href":"https:\/\/clavreuil-wordpress.logiciel-arteo.fr\/en\/wp-json\/wp\/v2\/comments?post=72368"}],"wp:featuredmedia":[{"embeddable":true,"href":"https:\/\/clavreuil-wordpress.logiciel-arteo.fr\/en\/wp-json\/wp\/v2\/media\/72361"}],"wp:attachment":[{"href":"https:\/\/clavreuil-wordpress.logiciel-arteo.fr\/en\/wp-json\/wp\/v2\/media?parent=72368"}],"wp:term":[{"taxonomy":"product_brand","embeddable":true,"href":"https:\/\/clavreuil-wordpress.logiciel-arteo.fr\/en\/wp-json\/wp\/v2\/product_brand?post=72368"},{"taxonomy":"product_cat","embeddable":true,"href":"https:\/\/clavreuil-wordpress.logiciel-arteo.fr\/en\/wp-json\/wp\/v2\/product_cat?post=72368"},{"taxonomy":"product_tag","embeddable":true,"href":"https:\/\/clavreuil-wordpress.logiciel-arteo.fr\/en\/wp-json\/wp\/v2\/product_tag?post=72368"}],"curies":[{"name":"wp","href":"https:\/\/api.w.org\/{rel}","templated":true}]}}