{"id":72428,"date":"2024-04-17T16:31:53","date_gmt":"2024-04-17T14:31:53","guid":{"rendered":"https:\/\/clavreuil-wordpress.logiciel-arteo.fr\/lhistoire-naturelle-eclaircie-dans-une-de-ses-parties-principales-loryctologie-qui-traite-des-terres-des-pierres-des-metaux-des-mineraux-et-autres-fossiles-antoine-joseph-dezallier-dargenv\/"},"modified":"2024-04-22T15:49:38","modified_gmt":"2024-04-22T13:49:38","slug":"lhistoire-naturelle-eclaircie-dans-une-de-ses-parties-principales-loryctologie-qui-traite-des-terres-des-pierres-des-metaux-des-mineraux-et-autres-fossiles-antoine-joseph-dezallier-dargenv","status":"publish","type":"product","link":"https:\/\/clavreuil-wordpress.logiciel-arteo.fr\/en\/lhistoire-naturelle-eclaircie-dans-une-de-ses-parties-principales-loryctologie-qui-traite-des-terres-des-pierres-des-metaux-des-mineraux-et-autres-fossiles-antoine-joseph-dezallier-dargenv\/","title":{"rendered":"DEZALLIER d&#8217;ARGENVILLE Antoine Joseph L&#8217;Histoire naturelle \u00e9claircie dans..."},"content":{"rendered":"<p><em>Neville, 358; Hoover, 264; Sinkankas, 1680.<\/em><\/p>\n<p style=\"text-align:justify\">First edition. &quot;A scarce work, illustrated with very fine plates. The author, a naturalist, contributed a number of works in the field of natural history based on his studies and travels through France, Italy, and England. Certain portions of this work are of direct chemical interest, not cited by the usual chemical bibliographies&quot; (Neville).<\/p>\n<p style=\"text-align:justify\">&quot;One of the author&#039;s famous and popular treatises on natural history subjects, this one describing all classes of mineral substances according to a system devised by him in which they are divided into two broad groups: (1) substances occurring naturally in the Earth&#039;s crust, and (2) those which do not. The first group is further subdivided into earths, stones, salts, sulphurs (igneous products), metals and ores, while the second encompasses mineralized or fossilized materials originally of animal or vegetable origin and products of the sea as corals etc. which appear to be stoney in nature. All of this is preceded by a first text part in which a large section is devoted to brief criticism of earlier works bearing upon the matters treated&quot; (Sinkankas).<\/p>\n<p style=\"text-align:justify\">Fine, well preserved copy.&nbsp;<\/p>\n","protected":false},"excerpt":{"rendered":"<p style=\"text-align:justify\">4to (293 x 214 mm) 4 nn.ll., XVI, 560 pp., 1 nn.l. (errata), 26 numbered engraved plates including allegorical frontispiece. Contemporary marbled calf, spine gilt with raised bands, red edges.<\/p>\n","protected":false},"featured_media":72415,"comment_status":"open","ping_status":"closed","template":"","meta":{"_acf_changed":false},"product_brand":[],"product_cat":[540],"product_tag":[572,578,1333,1334],"class_list":{"0":"post-72428","1":"product","2":"type-product","3":"status-publish","4":"has-post-thumbnail","6":"product_cat-natural-history","7":"product_tag-gemmology","8":"product_tag-geology","9":"product_tag-metallurgy","10":"product_tag-vulcanology","11":"pa_auteur-antoine-joseph-dezallier-dargenville-2","12":"pa_type-de-livre-printed-book","14":"first","15":"instock","16":"shipping-taxable","17":"purchasable","18":"product-type-simple"},"acf":[],"yoast_head":"<!-- This site is optimized with the Yoast SEO plugin v24.3 - https:\/\/yoast.com\/wordpress\/plugins\/seo\/ -->\n<title>DEZALLIER d&#039;ARGENVILLE Antoine Joseph L&#039;Histoire naturelle \u00e9claircie dans une de ses parties principales, l&#039;Oryctologie, qui traite des terres, des pierres, des m\u00e9taux, des min\u00e9raux, et autres fossiles. - Libairie Clavreuil<\/title>\n<meta name=\"robots\" content=\"noindex, follow, max-snippet:-1, max-image-preview:large, max-video-preview:-1\" \/>\n<meta property=\"og:locale\" content=\"en_US\" \/>\n<meta property=\"og:type\" content=\"article\" \/>\n<meta property=\"og:title\" content=\"DEZALLIER d&#039;ARGENVILLE Antoine Joseph L&#039;Histoire naturelle \u00e9claircie dans une de ses parties principales, l&#039;Oryctologie, qui traite des terres, des pierres, des m\u00e9taux, des min\u00e9raux, et autres fossiles. - Libairie Clavreuil\" \/>\n<meta property=\"og:description\" content=\"4to (293 x 214 mm) 4 nn.ll., XVI, 560 pp., 1 nn.l. (errata), 26 numbered engraved plates including allegorical frontispiece. Contemporary marbled calf, spine gilt with raised bands, red edges.\" \/>\n<meta property=\"og:url\" content=\"https:\/\/clavreuil-wordpress.logiciel-arteo.fr\/en\/lhistoire-naturelle-eclaircie-dans-une-de-ses-parties-principales-loryctologie-qui-traite-des-terres-des-pierres-des-metaux-des-mineraux-et-autres-fossiles-antoine-joseph-dezallier-dargenv\/\" \/>\n<meta property=\"og:site_name\" content=\"Libairie Clavreuil\" \/>\n<meta property=\"article:modified_time\" content=\"2024-04-22T13:49:38+00:00\" \/>\n<meta property=\"og:image\" content=\"https:\/\/clavreuil-wordpress.logiciel-arteo.fr\/wp-content\/uploads\/2024\/04\/antoine-joseph-dezallier-d-argenville-l-histoire-naturelle-eclaircie-dans-une-de-ses-parties-principales-l-oryctologie-qui-traite-des-terres-des-pierr.jpg\" \/>\n\t<meta property=\"og:image:width\" content=\"1907\" \/>\n\t<meta property=\"og:image:height\" content=\"2543\" \/>\n\t<meta property=\"og:image:type\" content=\"image\/jpeg\" \/>\n<meta name=\"twitter:card\" content=\"summary_large_image\" \/>\n<meta name=\"twitter:label1\" content=\"Est. reading time\" \/>\n\t<meta name=\"twitter:data1\" content=\"1 minute\" \/>\n<script type=\"application\/ld+json\" class=\"yoast-schema-graph\">{\"@context\":\"https:\/\/schema.org\",\"@graph\":[{\"@type\":\"WebPage\",\"@id\":\"https:\/\/clavreuil-wordpress.logiciel-arteo.fr\/en\/lhistoire-naturelle-eclaircie-dans-une-de-ses-parties-principales-loryctologie-qui-traite-des-terres-des-pierres-des-metaux-des-mineraux-et-autres-fossiles-antoine-joseph-dezallier-dargenv\/\",\"url\":\"https:\/\/clavreuil-wordpress.logiciel-arteo.fr\/en\/lhistoire-naturelle-eclaircie-dans-une-de-ses-parties-principales-loryctologie-qui-traite-des-terres-des-pierres-des-metaux-des-mineraux-et-autres-fossiles-antoine-joseph-dezallier-dargenv\/\",\"name\":\"DEZALLIER d'ARGENVILLE Antoine Joseph L'Histoire naturelle \u00e9claircie dans une de ses parties principales, l'Oryctologie, qui traite des terres, des pierres, des m\u00e9taux, des min\u00e9raux, et autres fossiles. - Libairie Clavreuil\",\"isPartOf\":{\"@id\":\"https:\/\/clavreuil-wordpress.logiciel-arteo.fr\/#website\"},\"primaryImageOfPage\":{\"@id\":\"https:\/\/clavreuil-wordpress.logiciel-arteo.fr\/en\/lhistoire-naturelle-eclaircie-dans-une-de-ses-parties-principales-loryctologie-qui-traite-des-terres-des-pierres-des-metaux-des-mineraux-et-autres-fossiles-antoine-joseph-dezallier-dargenv\/#primaryimage\"},\"image\":{\"@id\":\"https:\/\/clavreuil-wordpress.logiciel-arteo.fr\/en\/lhistoire-naturelle-eclaircie-dans-une-de-ses-parties-principales-loryctologie-qui-traite-des-terres-des-pierres-des-metaux-des-mineraux-et-autres-fossiles-antoine-joseph-dezallier-dargenv\/#primaryimage\"},\"thumbnailUrl\":\"https:\/\/clavreuil-wordpress.logiciel-arteo.fr\/wp-content\/uploads\/2024\/04\/antoine-joseph-dezallier-d-argenville-l-histoire-naturelle-eclaircie-dans-une-de-ses-parties-principales-l-oryctologie-qui-traite-des-terres-des-pierr.jpg\",\"datePublished\":\"2024-04-17T14:31:53+00:00\",\"dateModified\":\"2024-04-22T13:49:38+00:00\",\"breadcrumb\":{\"@id\":\"https:\/\/clavreuil-wordpress.logiciel-arteo.fr\/en\/lhistoire-naturelle-eclaircie-dans-une-de-ses-parties-principales-loryctologie-qui-traite-des-terres-des-pierres-des-metaux-des-mineraux-et-autres-fossiles-antoine-joseph-dezallier-dargenv\/#breadcrumb\"},\"inLanguage\":\"en-US\",\"potentialAction\":[{\"@type\":\"ReadAction\",\"target\":[\"https:\/\/clavreuil-wordpress.logiciel-arteo.fr\/en\/lhistoire-naturelle-eclaircie-dans-une-de-ses-parties-principales-loryctologie-qui-traite-des-terres-des-pierres-des-metaux-des-mineraux-et-autres-fossiles-antoine-joseph-dezallier-dargenv\/\"]}]},{\"@type\":\"ImageObject\",\"inLanguage\":\"en-US\",\"@id\":\"https:\/\/clavreuil-wordpress.logiciel-arteo.fr\/en\/lhistoire-naturelle-eclaircie-dans-une-de-ses-parties-principales-loryctologie-qui-traite-des-terres-des-pierres-des-metaux-des-mineraux-et-autres-fossiles-antoine-joseph-dezallier-dargenv\/#primaryimage\",\"url\":\"https:\/\/clavreuil-wordpress.logiciel-arteo.fr\/wp-content\/uploads\/2024\/04\/antoine-joseph-dezallier-d-argenville-l-histoire-naturelle-eclaircie-dans-une-de-ses-parties-principales-l-oryctologie-qui-traite-des-terres-des-pierr.jpg\",\"contentUrl\":\"https:\/\/clavreuil-wordpress.logiciel-arteo.fr\/wp-content\/uploads\/2024\/04\/antoine-joseph-dezallier-d-argenville-l-histoire-naturelle-eclaircie-dans-une-de-ses-parties-principales-l-oryctologie-qui-traite-des-terres-des-pierr.jpg\",\"width\":1907,\"height\":2543},{\"@type\":\"BreadcrumbList\",\"@id\":\"https:\/\/clavreuil-wordpress.logiciel-arteo.fr\/en\/lhistoire-naturelle-eclaircie-dans-une-de-ses-parties-principales-loryctologie-qui-traite-des-terres-des-pierres-des-metaux-des-mineraux-et-autres-fossiles-antoine-joseph-dezallier-dargenv\/#breadcrumb\",\"itemListElement\":[{\"@type\":\"ListItem\",\"position\":1,\"name\":\"Accueil\",\"item\":\"https:\/\/clavreuil-wordpress.logiciel-arteo.fr\/\"},{\"@type\":\"ListItem\",\"position\":2,\"name\":\"All our books\",\"item\":\"https:\/\/clavreuil-wordpress.logiciel-arteo.fr\/en\/all-our-books\/\"},{\"@type\":\"ListItem\",\"position\":3,\"name\":\"DEZALLIER d&#8217;ARGENVILLE Antoine Joseph L&#8217;Histoire naturelle \u00e9claircie dans...\"}]},{\"@type\":\"WebSite\",\"@id\":\"https:\/\/clavreuil-wordpress.logiciel-arteo.fr\/#website\",\"url\":\"https:\/\/clavreuil-wordpress.logiciel-arteo.fr\/\",\"name\":\"Libairie Clavreuil\",\"description\":\"\",\"publisher\":{\"@id\":\"https:\/\/clavreuil-wordpress.logiciel-arteo.fr\/#organization\"},\"potentialAction\":[{\"@type\":\"SearchAction\",\"target\":{\"@type\":\"EntryPoint\",\"urlTemplate\":\"https:\/\/clavreuil-wordpress.logiciel-arteo.fr\/?s={search_term_string}\"},\"query-input\":{\"@type\":\"PropertyValueSpecification\",\"valueRequired\":true,\"valueName\":\"search_term_string\"}}],\"inLanguage\":\"en-US\"},{\"@type\":\"Organization\",\"@id\":\"https:\/\/clavreuil-wordpress.logiciel-arteo.fr\/#organization\",\"name\":\"Libairie Clavreuil\",\"url\":\"https:\/\/clavreuil-wordpress.logiciel-arteo.fr\/\",\"logo\":{\"@type\":\"ImageObject\",\"inLanguage\":\"en-US\",\"@id\":\"https:\/\/clavreuil-wordpress.logiciel-arteo.fr\/#\/schema\/logo\/image\/\",\"url\":\"https:\/\/clavreuil-wordpress.logiciel-arteo.fr\/wp-content\/uploads\/2021\/05\/LOGO_PNG_DATE-_gold.png\",\"contentUrl\":\"https:\/\/clavreuil-wordpress.logiciel-arteo.fr\/wp-content\/uploads\/2021\/05\/LOGO_PNG_DATE-_gold.png\",\"width\":2083,\"height\":1917,\"caption\":\"Libairie Clavreuil\"},\"image\":{\"@id\":\"https:\/\/clavreuil-wordpress.logiciel-arteo.fr\/#\/schema\/logo\/image\/\"}}]}<\/script>\n<!-- \/ Yoast SEO plugin. -->","yoast_head_json":{"title":"DEZALLIER d'ARGENVILLE Antoine Joseph L'Histoire naturelle \u00e9claircie dans une de ses parties principales, l'Oryctologie, qui traite des terres, des pierres, des m\u00e9taux, des min\u00e9raux, et autres fossiles. - Libairie Clavreuil","robots":{"index":"noindex","follow":"follow","max-snippet":"max-snippet:-1","max-image-preview":"max-image-preview:large","max-video-preview":"max-video-preview:-1"},"og_locale":"en_US","og_type":"article","og_title":"DEZALLIER d'ARGENVILLE Antoine Joseph L'Histoire naturelle \u00e9claircie dans une de ses parties principales, l'Oryctologie, qui traite des terres, des pierres, des m\u00e9taux, des min\u00e9raux, et autres fossiles. - Libairie Clavreuil","og_description":"4to (293 x 214 mm) 4 nn.ll., XVI, 560 pp., 1 nn.l. (errata), 26 numbered engraved plates including allegorical frontispiece. Contemporary marbled calf, spine gilt with raised bands, red edges.","og_url":"https:\/\/clavreuil-wordpress.logiciel-arteo.fr\/en\/lhistoire-naturelle-eclaircie-dans-une-de-ses-parties-principales-loryctologie-qui-traite-des-terres-des-pierres-des-metaux-des-mineraux-et-autres-fossiles-antoine-joseph-dezallier-dargenv\/","og_site_name":"Libairie Clavreuil","article_modified_time":"2024-04-22T13:49:38+00:00","og_image":[{"width":1907,"height":2543,"url":"https:\/\/clavreuil-wordpress.logiciel-arteo.fr\/wp-content\/uploads\/2024\/04\/antoine-joseph-dezallier-d-argenville-l-histoire-naturelle-eclaircie-dans-une-de-ses-parties-principales-l-oryctologie-qui-traite-des-terres-des-pierr.jpg","type":"image\/jpeg"}],"twitter_card":"summary_large_image","twitter_misc":{"Est. reading time":"1 minute"},"schema":{"@context":"https:\/\/schema.org","@graph":[{"@type":"WebPage","@id":"https:\/\/clavreuil-wordpress.logiciel-arteo.fr\/en\/lhistoire-naturelle-eclaircie-dans-une-de-ses-parties-principales-loryctologie-qui-traite-des-terres-des-pierres-des-metaux-des-mineraux-et-autres-fossiles-antoine-joseph-dezallier-dargenv\/","url":"https:\/\/clavreuil-wordpress.logiciel-arteo.fr\/en\/lhistoire-naturelle-eclaircie-dans-une-de-ses-parties-principales-loryctologie-qui-traite-des-terres-des-pierres-des-metaux-des-mineraux-et-autres-fossiles-antoine-joseph-dezallier-dargenv\/","name":"DEZALLIER d'ARGENVILLE Antoine Joseph L'Histoire naturelle \u00e9claircie dans une de ses parties principales, l'Oryctologie, qui traite des terres, des pierres, des m\u00e9taux, des min\u00e9raux, et autres fossiles. - Libairie Clavreuil","isPartOf":{"@id":"https:\/\/clavreuil-wordpress.logiciel-arteo.fr\/#website"},"primaryImageOfPage":{"@id":"https:\/\/clavreuil-wordpress.logiciel-arteo.fr\/en\/lhistoire-naturelle-eclaircie-dans-une-de-ses-parties-principales-loryctologie-qui-traite-des-terres-des-pierres-des-metaux-des-mineraux-et-autres-fossiles-antoine-joseph-dezallier-dargenv\/#primaryimage"},"image":{"@id":"https:\/\/clavreuil-wordpress.logiciel-arteo.fr\/en\/lhistoire-naturelle-eclaircie-dans-une-de-ses-parties-principales-loryctologie-qui-traite-des-terres-des-pierres-des-metaux-des-mineraux-et-autres-fossiles-antoine-joseph-dezallier-dargenv\/#primaryimage"},"thumbnailUrl":"https:\/\/clavreuil-wordpress.logiciel-arteo.fr\/wp-content\/uploads\/2024\/04\/antoine-joseph-dezallier-d-argenville-l-histoire-naturelle-eclaircie-dans-une-de-ses-parties-principales-l-oryctologie-qui-traite-des-terres-des-pierr.jpg","datePublished":"2024-04-17T14:31:53+00:00","dateModified":"2024-04-22T13:49:38+00:00","breadcrumb":{"@id":"https:\/\/clavreuil-wordpress.logiciel-arteo.fr\/en\/lhistoire-naturelle-eclaircie-dans-une-de-ses-parties-principales-loryctologie-qui-traite-des-terres-des-pierres-des-metaux-des-mineraux-et-autres-fossiles-antoine-joseph-dezallier-dargenv\/#breadcrumb"},"inLanguage":"en-US","potentialAction":[{"@type":"ReadAction","target":["https:\/\/clavreuil-wordpress.logiciel-arteo.fr\/en\/lhistoire-naturelle-eclaircie-dans-une-de-ses-parties-principales-loryctologie-qui-traite-des-terres-des-pierres-des-metaux-des-mineraux-et-autres-fossiles-antoine-joseph-dezallier-dargenv\/"]}]},{"@type":"ImageObject","inLanguage":"en-US","@id":"https:\/\/clavreuil-wordpress.logiciel-arteo.fr\/en\/lhistoire-naturelle-eclaircie-dans-une-de-ses-parties-principales-loryctologie-qui-traite-des-terres-des-pierres-des-metaux-des-mineraux-et-autres-fossiles-antoine-joseph-dezallier-dargenv\/#primaryimage","url":"https:\/\/clavreuil-wordpress.logiciel-arteo.fr\/wp-content\/uploads\/2024\/04\/antoine-joseph-dezallier-d-argenville-l-histoire-naturelle-eclaircie-dans-une-de-ses-parties-principales-l-oryctologie-qui-traite-des-terres-des-pierr.jpg","contentUrl":"https:\/\/clavreuil-wordpress.logiciel-arteo.fr\/wp-content\/uploads\/2024\/04\/antoine-joseph-dezallier-d-argenville-l-histoire-naturelle-eclaircie-dans-une-de-ses-parties-principales-l-oryctologie-qui-traite-des-terres-des-pierr.jpg","width":1907,"height":2543},{"@type":"BreadcrumbList","@id":"https:\/\/clavreuil-wordpress.logiciel-arteo.fr\/en\/lhistoire-naturelle-eclaircie-dans-une-de-ses-parties-principales-loryctologie-qui-traite-des-terres-des-pierres-des-metaux-des-mineraux-et-autres-fossiles-antoine-joseph-dezallier-dargenv\/#breadcrumb","itemListElement":[{"@type":"ListItem","position":1,"name":"Accueil","item":"https:\/\/clavreuil-wordpress.logiciel-arteo.fr\/"},{"@type":"ListItem","position":2,"name":"All our books","item":"https:\/\/clavreuil-wordpress.logiciel-arteo.fr\/en\/all-our-books\/"},{"@type":"ListItem","position":3,"name":"DEZALLIER d&#8217;ARGENVILLE Antoine Joseph L&#8217;Histoire naturelle \u00e9claircie dans..."}]},{"@type":"WebSite","@id":"https:\/\/clavreuil-wordpress.logiciel-arteo.fr\/#website","url":"https:\/\/clavreuil-wordpress.logiciel-arteo.fr\/","name":"Libairie Clavreuil","description":"","publisher":{"@id":"https:\/\/clavreuil-wordpress.logiciel-arteo.fr\/#organization"},"potentialAction":[{"@type":"SearchAction","target":{"@type":"EntryPoint","urlTemplate":"https:\/\/clavreuil-wordpress.logiciel-arteo.fr\/?s={search_term_string}"},"query-input":{"@type":"PropertyValueSpecification","valueRequired":true,"valueName":"search_term_string"}}],"inLanguage":"en-US"},{"@type":"Organization","@id":"https:\/\/clavreuil-wordpress.logiciel-arteo.fr\/#organization","name":"Libairie Clavreuil","url":"https:\/\/clavreuil-wordpress.logiciel-arteo.fr\/","logo":{"@type":"ImageObject","inLanguage":"en-US","@id":"https:\/\/clavreuil-wordpress.logiciel-arteo.fr\/#\/schema\/logo\/image\/","url":"https:\/\/clavreuil-wordpress.logiciel-arteo.fr\/wp-content\/uploads\/2021\/05\/LOGO_PNG_DATE-_gold.png","contentUrl":"https:\/\/clavreuil-wordpress.logiciel-arteo.fr\/wp-content\/uploads\/2021\/05\/LOGO_PNG_DATE-_gold.png","width":2083,"height":1917,"caption":"Libairie Clavreuil"},"image":{"@id":"https:\/\/clavreuil-wordpress.logiciel-arteo.fr\/#\/schema\/logo\/image\/"}}]}},"_links":{"self":[{"href":"https:\/\/clavreuil-wordpress.logiciel-arteo.fr\/en\/wp-json\/wp\/v2\/product\/72428","targetHints":{"allow":["GET"]}}],"collection":[{"href":"https:\/\/clavreuil-wordpress.logiciel-arteo.fr\/en\/wp-json\/wp\/v2\/product"}],"about":[{"href":"https:\/\/clavreuil-wordpress.logiciel-arteo.fr\/en\/wp-json\/wp\/v2\/types\/product"}],"replies":[{"embeddable":true,"href":"https:\/\/clavreuil-wordpress.logiciel-arteo.fr\/en\/wp-json\/wp\/v2\/comments?post=72428"}],"wp:featuredmedia":[{"embeddable":true,"href":"https:\/\/clavreuil-wordpress.logiciel-arteo.fr\/en\/wp-json\/wp\/v2\/media\/72415"}],"wp:attachment":[{"href":"https:\/\/clavreuil-wordpress.logiciel-arteo.fr\/en\/wp-json\/wp\/v2\/media?parent=72428"}],"wp:term":[{"taxonomy":"product_brand","embeddable":true,"href":"https:\/\/clavreuil-wordpress.logiciel-arteo.fr\/en\/wp-json\/wp\/v2\/product_brand?post=72428"},{"taxonomy":"product_cat","embeddable":true,"href":"https:\/\/clavreuil-wordpress.logiciel-arteo.fr\/en\/wp-json\/wp\/v2\/product_cat?post=72428"},{"taxonomy":"product_tag","embeddable":true,"href":"https:\/\/clavreuil-wordpress.logiciel-arteo.fr\/en\/wp-json\/wp\/v2\/product_tag?post=72428"}],"curies":[{"name":"wp","href":"https:\/\/api.w.org\/{rel}","templated":true}]}}