{"id":72484,"date":"2024-04-17T16:37:44","date_gmt":"2024-04-17T14:37:44","guid":{"rendered":"https:\/\/clavreuil-wordpress.logiciel-arteo.fr\/traite-analytique-des-sections-coniques-et-de-leur-usage-pour-la-resolution-des-equations-ouvrage-posthume-guillaume-francois-antoine-marquis-de-lhospital\/"},"modified":"2024-04-22T15:30:08","modified_gmt":"2024-04-22T13:30:08","slug":"traite-analytique-des-sections-coniques-et-de-leur-usage-pour-la-resolution-des-equations-ouvrage-posthume-guillaume-francois-antoine-marquis-de-lhospital","status":"publish","type":"product","link":"https:\/\/clavreuil-wordpress.logiciel-arteo.fr\/en\/traite-analytique-des-sections-coniques-et-de-leur-usage-pour-la-resolution-des-equations-ouvrage-posthume-guillaume-francois-antoine-marquis-de-lhospital\/","title":{"rendered":"L&#8217;HOSPITAL Guillaume Fran\u00e7ois Antoine, marquis de Trait\u00e9 analytique..."},"content":{"rendered":"<p><em>Sotheran, I, 2600 ; DSB, VIII, 304-305 (donne par erreur la date de 1720)<\/em>.<\/p>\n<p>First edition.<\/p>\n<p>This important treatise, which in the author&#039;s mind was an extension of Descartes&#039; Geometry, remained the standard work on the subject for over a century. It was published after the death of the Marquis de l&#039;H&ocirc;pital in 1704.<\/p>\n<p>&quot;L&#039;Hospital was a major figure in the early development of the calculus on the continent of Europe. He advanced his cause not only by his scientific works but also by his many contacts, including correspondence with Leibniz, with Jean Bernoulli, and with Huygens. Fontenelle tells us that it was he who introduced Huygens to the new calculus&quot; (DSB).<\/p>\n<p>The book is lavishly illustrated with a total of 33 engraved folding plates (including on unnumbered one at page 415) depicting geometrical figures.<\/p>\n<p>Very good copy, albeit some occasional foxing.<\/p>\n","protected":false},"excerpt":{"rendered":"<p style=\"text-align:justify\">4to (250 x 181 mm) 1 un.l., 459 pp., 1 un.l., 32 numbered engraved folding plates, and another one not-numbered.&nbsp; (total of 33 plates). Contemporary speckled sheep, spine gilt with raised bands (slightly restored).<\/p>\n","protected":false},"featured_media":72479,"comment_status":"open","ping_status":"closed","template":"","meta":{"_acf_changed":false},"product_brand":[],"product_cat":[550],"product_tag":[947,1331],"class_list":{"0":"post-72484","1":"product","2":"type-product","3":"status-publish","4":"has-post-thumbnail","6":"product_cat-science","7":"product_tag-algebra","8":"product_tag-geometry","9":"pa_auteur-guillaume-francois-antoine-marquis-de-lhospital-2","10":"pa_type-de-livre-printed-book","12":"first","13":"instock","14":"shipping-taxable","15":"purchasable","16":"product-type-simple"},"acf":[],"yoast_head":"<!-- This site is optimized with the Yoast SEO plugin v24.3 - https:\/\/yoast.com\/wordpress\/plugins\/seo\/ -->\n<title>L&#039;HOSPITAL Guillaume Fran\u00e7ois Antoine, marquis de Trait\u00e9 analytique des sections coniques et de leur usage pour la r\u00e9solution des \u00e9quations. Ouvrage posthume. - Libairie Clavreuil<\/title>\n<meta name=\"robots\" content=\"noindex, follow, max-snippet:-1, max-image-preview:large, max-video-preview:-1\" \/>\n<meta property=\"og:locale\" content=\"en_US\" \/>\n<meta property=\"og:type\" content=\"article\" \/>\n<meta property=\"og:title\" content=\"L&#039;HOSPITAL Guillaume Fran\u00e7ois Antoine, marquis de Trait\u00e9 analytique des sections coniques et de leur usage pour la r\u00e9solution des \u00e9quations. Ouvrage posthume. - Libairie Clavreuil\" \/>\n<meta property=\"og:description\" content=\"4to (250 x 181 mm) 1 un.l., 459 pp., 1 un.l., 32 numbered engraved folding plates, and another one not-numbered.&nbsp; (total of 33 plates). Contemporary speckled sheep, spine gilt with raised bands (slightly restored).\" \/>\n<meta property=\"og:url\" content=\"https:\/\/clavreuil-wordpress.logiciel-arteo.fr\/en\/traite-analytique-des-sections-coniques-et-de-leur-usage-pour-la-resolution-des-equations-ouvrage-posthume-guillaume-francois-antoine-marquis-de-lhospital\/\" \/>\n<meta property=\"og:site_name\" content=\"Libairie Clavreuil\" \/>\n<meta property=\"article:modified_time\" content=\"2024-04-22T13:30:08+00:00\" \/>\n<meta property=\"og:image\" content=\"https:\/\/clavreuil-wordpress.logiciel-arteo.fr\/wp-content\/uploads\/2024\/04\/guillaume-francois-antoine-marquis-de-l-hospital-traite-analytique-des-sections-coniques-et-de-leur-usage-pour-la-resolution-des-equations-ouvrage-pos-scaled.jpg\" \/>\n\t<meta property=\"og:image:width\" content=\"1920\" \/>\n\t<meta property=\"og:image:height\" content=\"2560\" \/>\n\t<meta property=\"og:image:type\" content=\"image\/jpeg\" \/>\n<meta name=\"twitter:card\" content=\"summary_large_image\" \/>\n<meta name=\"twitter:label1\" content=\"Est. reading time\" \/>\n\t<meta name=\"twitter:data1\" content=\"1 minute\" \/>\n<script type=\"application\/ld+json\" class=\"yoast-schema-graph\">{\"@context\":\"https:\/\/schema.org\",\"@graph\":[{\"@type\":\"WebPage\",\"@id\":\"https:\/\/clavreuil-wordpress.logiciel-arteo.fr\/en\/traite-analytique-des-sections-coniques-et-de-leur-usage-pour-la-resolution-des-equations-ouvrage-posthume-guillaume-francois-antoine-marquis-de-lhospital\/\",\"url\":\"https:\/\/clavreuil-wordpress.logiciel-arteo.fr\/en\/traite-analytique-des-sections-coniques-et-de-leur-usage-pour-la-resolution-des-equations-ouvrage-posthume-guillaume-francois-antoine-marquis-de-lhospital\/\",\"name\":\"L'HOSPITAL Guillaume Fran\u00e7ois Antoine, marquis de Trait\u00e9 analytique des sections coniques et de leur usage pour la r\u00e9solution des \u00e9quations. Ouvrage posthume. - Libairie Clavreuil\",\"isPartOf\":{\"@id\":\"https:\/\/clavreuil-wordpress.logiciel-arteo.fr\/#website\"},\"primaryImageOfPage\":{\"@id\":\"https:\/\/clavreuil-wordpress.logiciel-arteo.fr\/en\/traite-analytique-des-sections-coniques-et-de-leur-usage-pour-la-resolution-des-equations-ouvrage-posthume-guillaume-francois-antoine-marquis-de-lhospital\/#primaryimage\"},\"image\":{\"@id\":\"https:\/\/clavreuil-wordpress.logiciel-arteo.fr\/en\/traite-analytique-des-sections-coniques-et-de-leur-usage-pour-la-resolution-des-equations-ouvrage-posthume-guillaume-francois-antoine-marquis-de-lhospital\/#primaryimage\"},\"thumbnailUrl\":\"https:\/\/clavreuil-wordpress.logiciel-arteo.fr\/wp-content\/uploads\/2024\/04\/guillaume-francois-antoine-marquis-de-l-hospital-traite-analytique-des-sections-coniques-et-de-leur-usage-pour-la-resolution-des-equations-ouvrage-pos-scaled.jpg\",\"datePublished\":\"2024-04-17T14:37:44+00:00\",\"dateModified\":\"2024-04-22T13:30:08+00:00\",\"breadcrumb\":{\"@id\":\"https:\/\/clavreuil-wordpress.logiciel-arteo.fr\/en\/traite-analytique-des-sections-coniques-et-de-leur-usage-pour-la-resolution-des-equations-ouvrage-posthume-guillaume-francois-antoine-marquis-de-lhospital\/#breadcrumb\"},\"inLanguage\":\"en-US\",\"potentialAction\":[{\"@type\":\"ReadAction\",\"target\":[\"https:\/\/clavreuil-wordpress.logiciel-arteo.fr\/en\/traite-analytique-des-sections-coniques-et-de-leur-usage-pour-la-resolution-des-equations-ouvrage-posthume-guillaume-francois-antoine-marquis-de-lhospital\/\"]}]},{\"@type\":\"ImageObject\",\"inLanguage\":\"en-US\",\"@id\":\"https:\/\/clavreuil-wordpress.logiciel-arteo.fr\/en\/traite-analytique-des-sections-coniques-et-de-leur-usage-pour-la-resolution-des-equations-ouvrage-posthume-guillaume-francois-antoine-marquis-de-lhospital\/#primaryimage\",\"url\":\"https:\/\/clavreuil-wordpress.logiciel-arteo.fr\/wp-content\/uploads\/2024\/04\/guillaume-francois-antoine-marquis-de-l-hospital-traite-analytique-des-sections-coniques-et-de-leur-usage-pour-la-resolution-des-equations-ouvrage-pos-scaled.jpg\",\"contentUrl\":\"https:\/\/clavreuil-wordpress.logiciel-arteo.fr\/wp-content\/uploads\/2024\/04\/guillaume-francois-antoine-marquis-de-l-hospital-traite-analytique-des-sections-coniques-et-de-leur-usage-pour-la-resolution-des-equations-ouvrage-pos-scaled.jpg\",\"width\":1920,\"height\":2560},{\"@type\":\"BreadcrumbList\",\"@id\":\"https:\/\/clavreuil-wordpress.logiciel-arteo.fr\/en\/traite-analytique-des-sections-coniques-et-de-leur-usage-pour-la-resolution-des-equations-ouvrage-posthume-guillaume-francois-antoine-marquis-de-lhospital\/#breadcrumb\",\"itemListElement\":[{\"@type\":\"ListItem\",\"position\":1,\"name\":\"Accueil\",\"item\":\"https:\/\/clavreuil-wordpress.logiciel-arteo.fr\/\"},{\"@type\":\"ListItem\",\"position\":2,\"name\":\"All our books\",\"item\":\"https:\/\/clavreuil-wordpress.logiciel-arteo.fr\/en\/all-our-books\/\"},{\"@type\":\"ListItem\",\"position\":3,\"name\":\"L&#8217;HOSPITAL Guillaume Fran\u00e7ois Antoine, marquis de Trait\u00e9 analytique...\"}]},{\"@type\":\"WebSite\",\"@id\":\"https:\/\/clavreuil-wordpress.logiciel-arteo.fr\/#website\",\"url\":\"https:\/\/clavreuil-wordpress.logiciel-arteo.fr\/\",\"name\":\"Libairie Clavreuil\",\"description\":\"\",\"publisher\":{\"@id\":\"https:\/\/clavreuil-wordpress.logiciel-arteo.fr\/#organization\"},\"potentialAction\":[{\"@type\":\"SearchAction\",\"target\":{\"@type\":\"EntryPoint\",\"urlTemplate\":\"https:\/\/clavreuil-wordpress.logiciel-arteo.fr\/?s={search_term_string}\"},\"query-input\":{\"@type\":\"PropertyValueSpecification\",\"valueRequired\":true,\"valueName\":\"search_term_string\"}}],\"inLanguage\":\"en-US\"},{\"@type\":\"Organization\",\"@id\":\"https:\/\/clavreuil-wordpress.logiciel-arteo.fr\/#organization\",\"name\":\"Libairie Clavreuil\",\"url\":\"https:\/\/clavreuil-wordpress.logiciel-arteo.fr\/\",\"logo\":{\"@type\":\"ImageObject\",\"inLanguage\":\"en-US\",\"@id\":\"https:\/\/clavreuil-wordpress.logiciel-arteo.fr\/#\/schema\/logo\/image\/\",\"url\":\"https:\/\/clavreuil-wordpress.logiciel-arteo.fr\/wp-content\/uploads\/2021\/05\/LOGO_PNG_DATE-_gold.png\",\"contentUrl\":\"https:\/\/clavreuil-wordpress.logiciel-arteo.fr\/wp-content\/uploads\/2021\/05\/LOGO_PNG_DATE-_gold.png\",\"width\":2083,\"height\":1917,\"caption\":\"Libairie Clavreuil\"},\"image\":{\"@id\":\"https:\/\/clavreuil-wordpress.logiciel-arteo.fr\/#\/schema\/logo\/image\/\"}}]}<\/script>\n<!-- \/ Yoast SEO plugin. -->","yoast_head_json":{"title":"L'HOSPITAL Guillaume Fran\u00e7ois Antoine, marquis de Trait\u00e9 analytique des sections coniques et de leur usage pour la r\u00e9solution des \u00e9quations. Ouvrage posthume. - Libairie Clavreuil","robots":{"index":"noindex","follow":"follow","max-snippet":"max-snippet:-1","max-image-preview":"max-image-preview:large","max-video-preview":"max-video-preview:-1"},"og_locale":"en_US","og_type":"article","og_title":"L'HOSPITAL Guillaume Fran\u00e7ois Antoine, marquis de Trait\u00e9 analytique des sections coniques et de leur usage pour la r\u00e9solution des \u00e9quations. Ouvrage posthume. - Libairie Clavreuil","og_description":"4to (250 x 181 mm) 1 un.l., 459 pp., 1 un.l., 32 numbered engraved folding plates, and another one not-numbered.&nbsp; (total of 33 plates). Contemporary speckled sheep, spine gilt with raised bands (slightly restored).","og_url":"https:\/\/clavreuil-wordpress.logiciel-arteo.fr\/en\/traite-analytique-des-sections-coniques-et-de-leur-usage-pour-la-resolution-des-equations-ouvrage-posthume-guillaume-francois-antoine-marquis-de-lhospital\/","og_site_name":"Libairie Clavreuil","article_modified_time":"2024-04-22T13:30:08+00:00","og_image":[{"width":1920,"height":2560,"url":"https:\/\/clavreuil-wordpress.logiciel-arteo.fr\/wp-content\/uploads\/2024\/04\/guillaume-francois-antoine-marquis-de-l-hospital-traite-analytique-des-sections-coniques-et-de-leur-usage-pour-la-resolution-des-equations-ouvrage-pos-scaled.jpg","type":"image\/jpeg"}],"twitter_card":"summary_large_image","twitter_misc":{"Est. reading time":"1 minute"},"schema":{"@context":"https:\/\/schema.org","@graph":[{"@type":"WebPage","@id":"https:\/\/clavreuil-wordpress.logiciel-arteo.fr\/en\/traite-analytique-des-sections-coniques-et-de-leur-usage-pour-la-resolution-des-equations-ouvrage-posthume-guillaume-francois-antoine-marquis-de-lhospital\/","url":"https:\/\/clavreuil-wordpress.logiciel-arteo.fr\/en\/traite-analytique-des-sections-coniques-et-de-leur-usage-pour-la-resolution-des-equations-ouvrage-posthume-guillaume-francois-antoine-marquis-de-lhospital\/","name":"L'HOSPITAL Guillaume Fran\u00e7ois Antoine, marquis de Trait\u00e9 analytique des sections coniques et de leur usage pour la r\u00e9solution des \u00e9quations. Ouvrage posthume. - Libairie Clavreuil","isPartOf":{"@id":"https:\/\/clavreuil-wordpress.logiciel-arteo.fr\/#website"},"primaryImageOfPage":{"@id":"https:\/\/clavreuil-wordpress.logiciel-arteo.fr\/en\/traite-analytique-des-sections-coniques-et-de-leur-usage-pour-la-resolution-des-equations-ouvrage-posthume-guillaume-francois-antoine-marquis-de-lhospital\/#primaryimage"},"image":{"@id":"https:\/\/clavreuil-wordpress.logiciel-arteo.fr\/en\/traite-analytique-des-sections-coniques-et-de-leur-usage-pour-la-resolution-des-equations-ouvrage-posthume-guillaume-francois-antoine-marquis-de-lhospital\/#primaryimage"},"thumbnailUrl":"https:\/\/clavreuil-wordpress.logiciel-arteo.fr\/wp-content\/uploads\/2024\/04\/guillaume-francois-antoine-marquis-de-l-hospital-traite-analytique-des-sections-coniques-et-de-leur-usage-pour-la-resolution-des-equations-ouvrage-pos-scaled.jpg","datePublished":"2024-04-17T14:37:44+00:00","dateModified":"2024-04-22T13:30:08+00:00","breadcrumb":{"@id":"https:\/\/clavreuil-wordpress.logiciel-arteo.fr\/en\/traite-analytique-des-sections-coniques-et-de-leur-usage-pour-la-resolution-des-equations-ouvrage-posthume-guillaume-francois-antoine-marquis-de-lhospital\/#breadcrumb"},"inLanguage":"en-US","potentialAction":[{"@type":"ReadAction","target":["https:\/\/clavreuil-wordpress.logiciel-arteo.fr\/en\/traite-analytique-des-sections-coniques-et-de-leur-usage-pour-la-resolution-des-equations-ouvrage-posthume-guillaume-francois-antoine-marquis-de-lhospital\/"]}]},{"@type":"ImageObject","inLanguage":"en-US","@id":"https:\/\/clavreuil-wordpress.logiciel-arteo.fr\/en\/traite-analytique-des-sections-coniques-et-de-leur-usage-pour-la-resolution-des-equations-ouvrage-posthume-guillaume-francois-antoine-marquis-de-lhospital\/#primaryimage","url":"https:\/\/clavreuil-wordpress.logiciel-arteo.fr\/wp-content\/uploads\/2024\/04\/guillaume-francois-antoine-marquis-de-l-hospital-traite-analytique-des-sections-coniques-et-de-leur-usage-pour-la-resolution-des-equations-ouvrage-pos-scaled.jpg","contentUrl":"https:\/\/clavreuil-wordpress.logiciel-arteo.fr\/wp-content\/uploads\/2024\/04\/guillaume-francois-antoine-marquis-de-l-hospital-traite-analytique-des-sections-coniques-et-de-leur-usage-pour-la-resolution-des-equations-ouvrage-pos-scaled.jpg","width":1920,"height":2560},{"@type":"BreadcrumbList","@id":"https:\/\/clavreuil-wordpress.logiciel-arteo.fr\/en\/traite-analytique-des-sections-coniques-et-de-leur-usage-pour-la-resolution-des-equations-ouvrage-posthume-guillaume-francois-antoine-marquis-de-lhospital\/#breadcrumb","itemListElement":[{"@type":"ListItem","position":1,"name":"Accueil","item":"https:\/\/clavreuil-wordpress.logiciel-arteo.fr\/"},{"@type":"ListItem","position":2,"name":"All our books","item":"https:\/\/clavreuil-wordpress.logiciel-arteo.fr\/en\/all-our-books\/"},{"@type":"ListItem","position":3,"name":"L&#8217;HOSPITAL Guillaume Fran\u00e7ois Antoine, marquis de Trait\u00e9 analytique..."}]},{"@type":"WebSite","@id":"https:\/\/clavreuil-wordpress.logiciel-arteo.fr\/#website","url":"https:\/\/clavreuil-wordpress.logiciel-arteo.fr\/","name":"Libairie Clavreuil","description":"","publisher":{"@id":"https:\/\/clavreuil-wordpress.logiciel-arteo.fr\/#organization"},"potentialAction":[{"@type":"SearchAction","target":{"@type":"EntryPoint","urlTemplate":"https:\/\/clavreuil-wordpress.logiciel-arteo.fr\/?s={search_term_string}"},"query-input":{"@type":"PropertyValueSpecification","valueRequired":true,"valueName":"search_term_string"}}],"inLanguage":"en-US"},{"@type":"Organization","@id":"https:\/\/clavreuil-wordpress.logiciel-arteo.fr\/#organization","name":"Libairie Clavreuil","url":"https:\/\/clavreuil-wordpress.logiciel-arteo.fr\/","logo":{"@type":"ImageObject","inLanguage":"en-US","@id":"https:\/\/clavreuil-wordpress.logiciel-arteo.fr\/#\/schema\/logo\/image\/","url":"https:\/\/clavreuil-wordpress.logiciel-arteo.fr\/wp-content\/uploads\/2021\/05\/LOGO_PNG_DATE-_gold.png","contentUrl":"https:\/\/clavreuil-wordpress.logiciel-arteo.fr\/wp-content\/uploads\/2021\/05\/LOGO_PNG_DATE-_gold.png","width":2083,"height":1917,"caption":"Libairie Clavreuil"},"image":{"@id":"https:\/\/clavreuil-wordpress.logiciel-arteo.fr\/#\/schema\/logo\/image\/"}}]}},"_links":{"self":[{"href":"https:\/\/clavreuil-wordpress.logiciel-arteo.fr\/en\/wp-json\/wp\/v2\/product\/72484","targetHints":{"allow":["GET"]}}],"collection":[{"href":"https:\/\/clavreuil-wordpress.logiciel-arteo.fr\/en\/wp-json\/wp\/v2\/product"}],"about":[{"href":"https:\/\/clavreuil-wordpress.logiciel-arteo.fr\/en\/wp-json\/wp\/v2\/types\/product"}],"replies":[{"embeddable":true,"href":"https:\/\/clavreuil-wordpress.logiciel-arteo.fr\/en\/wp-json\/wp\/v2\/comments?post=72484"}],"wp:featuredmedia":[{"embeddable":true,"href":"https:\/\/clavreuil-wordpress.logiciel-arteo.fr\/en\/wp-json\/wp\/v2\/media\/72479"}],"wp:attachment":[{"href":"https:\/\/clavreuil-wordpress.logiciel-arteo.fr\/en\/wp-json\/wp\/v2\/media?parent=72484"}],"wp:term":[{"taxonomy":"product_brand","embeddable":true,"href":"https:\/\/clavreuil-wordpress.logiciel-arteo.fr\/en\/wp-json\/wp\/v2\/product_brand?post=72484"},{"taxonomy":"product_cat","embeddable":true,"href":"https:\/\/clavreuil-wordpress.logiciel-arteo.fr\/en\/wp-json\/wp\/v2\/product_cat?post=72484"},{"taxonomy":"product_tag","embeddable":true,"href":"https:\/\/clavreuil-wordpress.logiciel-arteo.fr\/en\/wp-json\/wp\/v2\/product_tag?post=72484"}],"curies":[{"name":"wp","href":"https:\/\/api.w.org\/{rel}","templated":true}]}}