{"id":72510,"date":"2024-04-17T17:48:19","date_gmt":"2024-04-17T15:48:19","guid":{"rendered":"https:\/\/clavreuil-wordpress.logiciel-arteo.fr\/dictionnaire-elementaire-de-botanique-ou-exposition-par-ordre-alphabetique-des-preceptes-de-la-botanique-et-de-tous-les-termes-tant-francois-que-latins-consacres-a-letude-de-cette-science-pier\/"},"modified":"2024-04-22T15:42:40","modified_gmt":"2024-04-22T13:42:40","slug":"dictionnaire-elementaire-de-botanique-ou-exposition-par-ordre-alphabetique-des-preceptes-de-la-botanique-et-de-tous-les-termes-tant-francois-que-latins-consacres-a-letude-de-cette-science-pier","status":"publish","type":"product","link":"https:\/\/clavreuil-wordpress.logiciel-arteo.fr\/en\/dictionnaire-elementaire-de-botanique-ou-exposition-par-ordre-alphabetique-des-preceptes-de-la-botanique-et-de-tous-les-termes-tant-francois-que-latins-consacres-a-letude-de-cette-science-pier\/","title":{"rendered":"BULLIARD Pierre Dictionnaire \u00e9l\u00e9mentaire de botanique, ou exposition..."},"content":{"rendered":"<p style=\"text-align:justify\"><em>Pritzel, 1355.<\/em><\/p>\n<p style=\"text-align:justify\">New edition, revised and corrected &quot;avec le plus grand soin d&#039;apr&egrave;s les indications de l&#039;auteur et autres c&eacute;l&egrave;bres botanistes&quot;.<\/p>\n<p style=\"text-align:justify\">Pierre Bulliard (1752-1793) began his studies in Langres, and continued them in Clairvaux and Paris. His <em>Dictionarire<\/em> made a major contribution to the new classification system established by Linnaeus.<\/p>\n<p style=\"text-align:justify\">The first two plates show the system established by Tournefort, then that of Linn&eacute;; the others show details of planes (flowers, foliage, bark, etc.).<\/p>\n<p style=\"text-align:justify\">A good copy, entirely uncut.<\/p>\n","protected":false},"excerpt":{"rendered":"<p>Folio (359 x 235 mm) XII, 242 pp., 4 ff. unn.l., 10 engraved plates (1 in blackand white and 9 colored). Pink board, flat spine (<em>temporary publisher binding<\/em>).<\/p>\n","protected":false},"featured_media":72499,"comment_status":"open","ping_status":"closed","template":"","meta":{"_acf_changed":false},"product_brand":[],"product_cat":[532],"product_tag":[590],"class_list":{"0":"post-72510","1":"product","2":"type-product","3":"status-publish","4":"has-post-thumbnail","6":"product_cat-botanical","7":"product_tag-botanical","8":"pa_auteur-pierre-bulliard-2","9":"pa_type-de-livre-printed-book","11":"first","12":"instock","13":"shipping-taxable","14":"purchasable","15":"product-type-simple"},"acf":[],"yoast_head":"<!-- This site is optimized with the Yoast SEO plugin v24.3 - https:\/\/yoast.com\/wordpress\/plugins\/seo\/ -->\n<title>BULLIARD Pierre Dictionnaire \u00e9l\u00e9mentaire de botanique, ou exposition par ordre alphab\u00e9tique, des pr\u00e9ceptes de la botanique, et de tous les termes, tant fran\u00e7ois que latins, consacr\u00e9s \u00e0 l&#039;\u00e9tude de cette science. - Libairie Clavreuil<\/title>\n<meta name=\"robots\" content=\"noindex, follow, max-snippet:-1, max-image-preview:large, max-video-preview:-1\" \/>\n<meta property=\"og:locale\" content=\"en_US\" \/>\n<meta property=\"og:type\" content=\"article\" \/>\n<meta property=\"og:title\" content=\"BULLIARD Pierre Dictionnaire \u00e9l\u00e9mentaire de botanique, ou exposition par ordre alphab\u00e9tique, des pr\u00e9ceptes de la botanique, et de tous les termes, tant fran\u00e7ois que latins, consacr\u00e9s \u00e0 l&#039;\u00e9tude de cette science. - Libairie Clavreuil\" \/>\n<meta property=\"og:description\" content=\"Folio (359 x 235 mm) XII, 242 pp., 4 ff. unn.l., 10 engraved plates (1 in blackand white and 9 colored). Pink board, flat spine (temporary publisher binding).\" \/>\n<meta property=\"og:url\" content=\"https:\/\/clavreuil-wordpress.logiciel-arteo.fr\/en\/dictionnaire-elementaire-de-botanique-ou-exposition-par-ordre-alphabetique-des-preceptes-de-la-botanique-et-de-tous-les-termes-tant-francois-que-latins-consacres-a-letude-de-cette-science-pier\/\" \/>\n<meta property=\"og:site_name\" content=\"Libairie Clavreuil\" \/>\n<meta property=\"article:modified_time\" content=\"2024-04-22T13:42:40+00:00\" \/>\n<meta property=\"og:image\" content=\"https:\/\/clavreuil-wordpress.logiciel-arteo.fr\/wp-content\/uploads\/2024\/04\/pierre-bulliard-dictionnaire-elementaire-de-botanique-ou-exposition-par-ordre-alphabetique-des-preceptes-de-la-botanique-et-de-tous-les-termes-tant-fr-scaled.jpg\" \/>\n\t<meta property=\"og:image:width\" content=\"1921\" \/>\n\t<meta property=\"og:image:height\" content=\"2560\" \/>\n\t<meta property=\"og:image:type\" content=\"image\/jpeg\" \/>\n<meta name=\"twitter:card\" content=\"summary_large_image\" \/>\n<script type=\"application\/ld+json\" class=\"yoast-schema-graph\">{\"@context\":\"https:\/\/schema.org\",\"@graph\":[{\"@type\":\"WebPage\",\"@id\":\"https:\/\/clavreuil-wordpress.logiciel-arteo.fr\/en\/dictionnaire-elementaire-de-botanique-ou-exposition-par-ordre-alphabetique-des-preceptes-de-la-botanique-et-de-tous-les-termes-tant-francois-que-latins-consacres-a-letude-de-cette-science-pier\/\",\"url\":\"https:\/\/clavreuil-wordpress.logiciel-arteo.fr\/en\/dictionnaire-elementaire-de-botanique-ou-exposition-par-ordre-alphabetique-des-preceptes-de-la-botanique-et-de-tous-les-termes-tant-francois-que-latins-consacres-a-letude-de-cette-science-pier\/\",\"name\":\"BULLIARD Pierre Dictionnaire \u00e9l\u00e9mentaire de botanique, ou exposition par ordre alphab\u00e9tique, des pr\u00e9ceptes de la botanique, et de tous les termes, tant fran\u00e7ois que latins, consacr\u00e9s \u00e0 l'\u00e9tude de cette science. - Libairie Clavreuil\",\"isPartOf\":{\"@id\":\"https:\/\/clavreuil-wordpress.logiciel-arteo.fr\/#website\"},\"primaryImageOfPage\":{\"@id\":\"https:\/\/clavreuil-wordpress.logiciel-arteo.fr\/en\/dictionnaire-elementaire-de-botanique-ou-exposition-par-ordre-alphabetique-des-preceptes-de-la-botanique-et-de-tous-les-termes-tant-francois-que-latins-consacres-a-letude-de-cette-science-pier\/#primaryimage\"},\"image\":{\"@id\":\"https:\/\/clavreuil-wordpress.logiciel-arteo.fr\/en\/dictionnaire-elementaire-de-botanique-ou-exposition-par-ordre-alphabetique-des-preceptes-de-la-botanique-et-de-tous-les-termes-tant-francois-que-latins-consacres-a-letude-de-cette-science-pier\/#primaryimage\"},\"thumbnailUrl\":\"https:\/\/clavreuil-wordpress.logiciel-arteo.fr\/wp-content\/uploads\/2024\/04\/pierre-bulliard-dictionnaire-elementaire-de-botanique-ou-exposition-par-ordre-alphabetique-des-preceptes-de-la-botanique-et-de-tous-les-termes-tant-fr-scaled.jpg\",\"datePublished\":\"2024-04-17T15:48:19+00:00\",\"dateModified\":\"2024-04-22T13:42:40+00:00\",\"breadcrumb\":{\"@id\":\"https:\/\/clavreuil-wordpress.logiciel-arteo.fr\/en\/dictionnaire-elementaire-de-botanique-ou-exposition-par-ordre-alphabetique-des-preceptes-de-la-botanique-et-de-tous-les-termes-tant-francois-que-latins-consacres-a-letude-de-cette-science-pier\/#breadcrumb\"},\"inLanguage\":\"en-US\",\"potentialAction\":[{\"@type\":\"ReadAction\",\"target\":[\"https:\/\/clavreuil-wordpress.logiciel-arteo.fr\/en\/dictionnaire-elementaire-de-botanique-ou-exposition-par-ordre-alphabetique-des-preceptes-de-la-botanique-et-de-tous-les-termes-tant-francois-que-latins-consacres-a-letude-de-cette-science-pier\/\"]}]},{\"@type\":\"ImageObject\",\"inLanguage\":\"en-US\",\"@id\":\"https:\/\/clavreuil-wordpress.logiciel-arteo.fr\/en\/dictionnaire-elementaire-de-botanique-ou-exposition-par-ordre-alphabetique-des-preceptes-de-la-botanique-et-de-tous-les-termes-tant-francois-que-latins-consacres-a-letude-de-cette-science-pier\/#primaryimage\",\"url\":\"https:\/\/clavreuil-wordpress.logiciel-arteo.fr\/wp-content\/uploads\/2024\/04\/pierre-bulliard-dictionnaire-elementaire-de-botanique-ou-exposition-par-ordre-alphabetique-des-preceptes-de-la-botanique-et-de-tous-les-termes-tant-fr-scaled.jpg\",\"contentUrl\":\"https:\/\/clavreuil-wordpress.logiciel-arteo.fr\/wp-content\/uploads\/2024\/04\/pierre-bulliard-dictionnaire-elementaire-de-botanique-ou-exposition-par-ordre-alphabetique-des-preceptes-de-la-botanique-et-de-tous-les-termes-tant-fr-scaled.jpg\",\"width\":1921,\"height\":2560},{\"@type\":\"BreadcrumbList\",\"@id\":\"https:\/\/clavreuil-wordpress.logiciel-arteo.fr\/en\/dictionnaire-elementaire-de-botanique-ou-exposition-par-ordre-alphabetique-des-preceptes-de-la-botanique-et-de-tous-les-termes-tant-francois-que-latins-consacres-a-letude-de-cette-science-pier\/#breadcrumb\",\"itemListElement\":[{\"@type\":\"ListItem\",\"position\":1,\"name\":\"Accueil\",\"item\":\"https:\/\/clavreuil-wordpress.logiciel-arteo.fr\/\"},{\"@type\":\"ListItem\",\"position\":2,\"name\":\"All our books\",\"item\":\"https:\/\/clavreuil-wordpress.logiciel-arteo.fr\/en\/all-our-books\/\"},{\"@type\":\"ListItem\",\"position\":3,\"name\":\"BULLIARD Pierre Dictionnaire \u00e9l\u00e9mentaire de botanique, ou exposition...\"}]},{\"@type\":\"WebSite\",\"@id\":\"https:\/\/clavreuil-wordpress.logiciel-arteo.fr\/#website\",\"url\":\"https:\/\/clavreuil-wordpress.logiciel-arteo.fr\/\",\"name\":\"Libairie Clavreuil\",\"description\":\"\",\"publisher\":{\"@id\":\"https:\/\/clavreuil-wordpress.logiciel-arteo.fr\/#organization\"},\"potentialAction\":[{\"@type\":\"SearchAction\",\"target\":{\"@type\":\"EntryPoint\",\"urlTemplate\":\"https:\/\/clavreuil-wordpress.logiciel-arteo.fr\/?s={search_term_string}\"},\"query-input\":{\"@type\":\"PropertyValueSpecification\",\"valueRequired\":true,\"valueName\":\"search_term_string\"}}],\"inLanguage\":\"en-US\"},{\"@type\":\"Organization\",\"@id\":\"https:\/\/clavreuil-wordpress.logiciel-arteo.fr\/#organization\",\"name\":\"Libairie Clavreuil\",\"url\":\"https:\/\/clavreuil-wordpress.logiciel-arteo.fr\/\",\"logo\":{\"@type\":\"ImageObject\",\"inLanguage\":\"en-US\",\"@id\":\"https:\/\/clavreuil-wordpress.logiciel-arteo.fr\/#\/schema\/logo\/image\/\",\"url\":\"https:\/\/clavreuil-wordpress.logiciel-arteo.fr\/wp-content\/uploads\/2021\/05\/LOGO_PNG_DATE-_gold.png\",\"contentUrl\":\"https:\/\/clavreuil-wordpress.logiciel-arteo.fr\/wp-content\/uploads\/2021\/05\/LOGO_PNG_DATE-_gold.png\",\"width\":2083,\"height\":1917,\"caption\":\"Libairie Clavreuil\"},\"image\":{\"@id\":\"https:\/\/clavreuil-wordpress.logiciel-arteo.fr\/#\/schema\/logo\/image\/\"}}]}<\/script>\n<!-- \/ Yoast SEO plugin. -->","yoast_head_json":{"title":"BULLIARD Pierre Dictionnaire \u00e9l\u00e9mentaire de botanique, ou exposition par ordre alphab\u00e9tique, des pr\u00e9ceptes de la botanique, et de tous les termes, tant fran\u00e7ois que latins, consacr\u00e9s \u00e0 l'\u00e9tude de cette science. - Libairie Clavreuil","robots":{"index":"noindex","follow":"follow","max-snippet":"max-snippet:-1","max-image-preview":"max-image-preview:large","max-video-preview":"max-video-preview:-1"},"og_locale":"en_US","og_type":"article","og_title":"BULLIARD Pierre Dictionnaire \u00e9l\u00e9mentaire de botanique, ou exposition par ordre alphab\u00e9tique, des pr\u00e9ceptes de la botanique, et de tous les termes, tant fran\u00e7ois que latins, consacr\u00e9s \u00e0 l'\u00e9tude de cette science. - Libairie Clavreuil","og_description":"Folio (359 x 235 mm) XII, 242 pp., 4 ff. unn.l., 10 engraved plates (1 in blackand white and 9 colored). Pink board, flat spine (temporary publisher binding).","og_url":"https:\/\/clavreuil-wordpress.logiciel-arteo.fr\/en\/dictionnaire-elementaire-de-botanique-ou-exposition-par-ordre-alphabetique-des-preceptes-de-la-botanique-et-de-tous-les-termes-tant-francois-que-latins-consacres-a-letude-de-cette-science-pier\/","og_site_name":"Libairie Clavreuil","article_modified_time":"2024-04-22T13:42:40+00:00","og_image":[{"width":1921,"height":2560,"url":"https:\/\/clavreuil-wordpress.logiciel-arteo.fr\/wp-content\/uploads\/2024\/04\/pierre-bulliard-dictionnaire-elementaire-de-botanique-ou-exposition-par-ordre-alphabetique-des-preceptes-de-la-botanique-et-de-tous-les-termes-tant-fr-scaled.jpg","type":"image\/jpeg"}],"twitter_card":"summary_large_image","schema":{"@context":"https:\/\/schema.org","@graph":[{"@type":"WebPage","@id":"https:\/\/clavreuil-wordpress.logiciel-arteo.fr\/en\/dictionnaire-elementaire-de-botanique-ou-exposition-par-ordre-alphabetique-des-preceptes-de-la-botanique-et-de-tous-les-termes-tant-francois-que-latins-consacres-a-letude-de-cette-science-pier\/","url":"https:\/\/clavreuil-wordpress.logiciel-arteo.fr\/en\/dictionnaire-elementaire-de-botanique-ou-exposition-par-ordre-alphabetique-des-preceptes-de-la-botanique-et-de-tous-les-termes-tant-francois-que-latins-consacres-a-letude-de-cette-science-pier\/","name":"BULLIARD Pierre Dictionnaire \u00e9l\u00e9mentaire de botanique, ou exposition par ordre alphab\u00e9tique, des pr\u00e9ceptes de la botanique, et de tous les termes, tant fran\u00e7ois que latins, consacr\u00e9s \u00e0 l'\u00e9tude de cette science. - Libairie Clavreuil","isPartOf":{"@id":"https:\/\/clavreuil-wordpress.logiciel-arteo.fr\/#website"},"primaryImageOfPage":{"@id":"https:\/\/clavreuil-wordpress.logiciel-arteo.fr\/en\/dictionnaire-elementaire-de-botanique-ou-exposition-par-ordre-alphabetique-des-preceptes-de-la-botanique-et-de-tous-les-termes-tant-francois-que-latins-consacres-a-letude-de-cette-science-pier\/#primaryimage"},"image":{"@id":"https:\/\/clavreuil-wordpress.logiciel-arteo.fr\/en\/dictionnaire-elementaire-de-botanique-ou-exposition-par-ordre-alphabetique-des-preceptes-de-la-botanique-et-de-tous-les-termes-tant-francois-que-latins-consacres-a-letude-de-cette-science-pier\/#primaryimage"},"thumbnailUrl":"https:\/\/clavreuil-wordpress.logiciel-arteo.fr\/wp-content\/uploads\/2024\/04\/pierre-bulliard-dictionnaire-elementaire-de-botanique-ou-exposition-par-ordre-alphabetique-des-preceptes-de-la-botanique-et-de-tous-les-termes-tant-fr-scaled.jpg","datePublished":"2024-04-17T15:48:19+00:00","dateModified":"2024-04-22T13:42:40+00:00","breadcrumb":{"@id":"https:\/\/clavreuil-wordpress.logiciel-arteo.fr\/en\/dictionnaire-elementaire-de-botanique-ou-exposition-par-ordre-alphabetique-des-preceptes-de-la-botanique-et-de-tous-les-termes-tant-francois-que-latins-consacres-a-letude-de-cette-science-pier\/#breadcrumb"},"inLanguage":"en-US","potentialAction":[{"@type":"ReadAction","target":["https:\/\/clavreuil-wordpress.logiciel-arteo.fr\/en\/dictionnaire-elementaire-de-botanique-ou-exposition-par-ordre-alphabetique-des-preceptes-de-la-botanique-et-de-tous-les-termes-tant-francois-que-latins-consacres-a-letude-de-cette-science-pier\/"]}]},{"@type":"ImageObject","inLanguage":"en-US","@id":"https:\/\/clavreuil-wordpress.logiciel-arteo.fr\/en\/dictionnaire-elementaire-de-botanique-ou-exposition-par-ordre-alphabetique-des-preceptes-de-la-botanique-et-de-tous-les-termes-tant-francois-que-latins-consacres-a-letude-de-cette-science-pier\/#primaryimage","url":"https:\/\/clavreuil-wordpress.logiciel-arteo.fr\/wp-content\/uploads\/2024\/04\/pierre-bulliard-dictionnaire-elementaire-de-botanique-ou-exposition-par-ordre-alphabetique-des-preceptes-de-la-botanique-et-de-tous-les-termes-tant-fr-scaled.jpg","contentUrl":"https:\/\/clavreuil-wordpress.logiciel-arteo.fr\/wp-content\/uploads\/2024\/04\/pierre-bulliard-dictionnaire-elementaire-de-botanique-ou-exposition-par-ordre-alphabetique-des-preceptes-de-la-botanique-et-de-tous-les-termes-tant-fr-scaled.jpg","width":1921,"height":2560},{"@type":"BreadcrumbList","@id":"https:\/\/clavreuil-wordpress.logiciel-arteo.fr\/en\/dictionnaire-elementaire-de-botanique-ou-exposition-par-ordre-alphabetique-des-preceptes-de-la-botanique-et-de-tous-les-termes-tant-francois-que-latins-consacres-a-letude-de-cette-science-pier\/#breadcrumb","itemListElement":[{"@type":"ListItem","position":1,"name":"Accueil","item":"https:\/\/clavreuil-wordpress.logiciel-arteo.fr\/"},{"@type":"ListItem","position":2,"name":"All our books","item":"https:\/\/clavreuil-wordpress.logiciel-arteo.fr\/en\/all-our-books\/"},{"@type":"ListItem","position":3,"name":"BULLIARD Pierre Dictionnaire \u00e9l\u00e9mentaire de botanique, ou exposition..."}]},{"@type":"WebSite","@id":"https:\/\/clavreuil-wordpress.logiciel-arteo.fr\/#website","url":"https:\/\/clavreuil-wordpress.logiciel-arteo.fr\/","name":"Libairie Clavreuil","description":"","publisher":{"@id":"https:\/\/clavreuil-wordpress.logiciel-arteo.fr\/#organization"},"potentialAction":[{"@type":"SearchAction","target":{"@type":"EntryPoint","urlTemplate":"https:\/\/clavreuil-wordpress.logiciel-arteo.fr\/?s={search_term_string}"},"query-input":{"@type":"PropertyValueSpecification","valueRequired":true,"valueName":"search_term_string"}}],"inLanguage":"en-US"},{"@type":"Organization","@id":"https:\/\/clavreuil-wordpress.logiciel-arteo.fr\/#organization","name":"Libairie Clavreuil","url":"https:\/\/clavreuil-wordpress.logiciel-arteo.fr\/","logo":{"@type":"ImageObject","inLanguage":"en-US","@id":"https:\/\/clavreuil-wordpress.logiciel-arteo.fr\/#\/schema\/logo\/image\/","url":"https:\/\/clavreuil-wordpress.logiciel-arteo.fr\/wp-content\/uploads\/2021\/05\/LOGO_PNG_DATE-_gold.png","contentUrl":"https:\/\/clavreuil-wordpress.logiciel-arteo.fr\/wp-content\/uploads\/2021\/05\/LOGO_PNG_DATE-_gold.png","width":2083,"height":1917,"caption":"Libairie Clavreuil"},"image":{"@id":"https:\/\/clavreuil-wordpress.logiciel-arteo.fr\/#\/schema\/logo\/image\/"}}]}},"_links":{"self":[{"href":"https:\/\/clavreuil-wordpress.logiciel-arteo.fr\/en\/wp-json\/wp\/v2\/product\/72510","targetHints":{"allow":["GET"]}}],"collection":[{"href":"https:\/\/clavreuil-wordpress.logiciel-arteo.fr\/en\/wp-json\/wp\/v2\/product"}],"about":[{"href":"https:\/\/clavreuil-wordpress.logiciel-arteo.fr\/en\/wp-json\/wp\/v2\/types\/product"}],"replies":[{"embeddable":true,"href":"https:\/\/clavreuil-wordpress.logiciel-arteo.fr\/en\/wp-json\/wp\/v2\/comments?post=72510"}],"wp:featuredmedia":[{"embeddable":true,"href":"https:\/\/clavreuil-wordpress.logiciel-arteo.fr\/en\/wp-json\/wp\/v2\/media\/72499"}],"wp:attachment":[{"href":"https:\/\/clavreuil-wordpress.logiciel-arteo.fr\/en\/wp-json\/wp\/v2\/media?parent=72510"}],"wp:term":[{"taxonomy":"product_brand","embeddable":true,"href":"https:\/\/clavreuil-wordpress.logiciel-arteo.fr\/en\/wp-json\/wp\/v2\/product_brand?post=72510"},{"taxonomy":"product_cat","embeddable":true,"href":"https:\/\/clavreuil-wordpress.logiciel-arteo.fr\/en\/wp-json\/wp\/v2\/product_cat?post=72510"},{"taxonomy":"product_tag","embeddable":true,"href":"https:\/\/clavreuil-wordpress.logiciel-arteo.fr\/en\/wp-json\/wp\/v2\/product_tag?post=72510"}],"curies":[{"name":"wp","href":"https:\/\/api.w.org\/{rel}","templated":true}]}}