{"id":72524,"date":"2024-04-17T17:49:05","date_gmt":"2024-04-17T15:49:05","guid":{"rendered":"https:\/\/clavreuil-wordpress.logiciel-arteo.fr\/ornithologie-ou-methode-contenant-la-division-des-oiseaux-en-ordres-sections-genres-especes-et-leurs-varietes-a-laquelle-on-a-joint-une-description-exacte-de-chaque-espece-mathurin-jacques-brisso\/"},"modified":"2024-04-22T15:44:32","modified_gmt":"2024-04-22T13:44:32","slug":"ornithologie-ou-methode-contenant-la-division-des-oiseaux-en-ordres-sections-genres-especes-et-leurs-varietes-a-laquelle-on-a-joint-une-description-exacte-de-chaque-espece-mathurin-jacques-brisso","status":"publish","type":"product","link":"https:\/\/clavreuil-wordpress.logiciel-arteo.fr\/en\/ornithologie-ou-methode-contenant-la-division-des-oiseaux-en-ordres-sections-genres-especes-et-leurs-varietes-a-laquelle-on-a-joint-une-description-exacte-de-chaque-espece-mathurin-jacques-brisso\/","title":{"rendered":"BRISSON Mathurin-Jacques Ornithologie ou m\u00e9thode contenant la division..."},"content":{"rendered":"<p style=\"text-align:justify\"><em>Nissen, 145; Anker, 69; Ronsil, 391; Zimmer, I, 94.<\/em><\/p>\n<p style=\"text-align:justify\">First edition of the best ornithological manual of the 18th century describing 1336 species in Latin and French.<\/p>\n<p style=\"text-align:justify\">&quot;Brisson did not use the binomial system and his systematical classification of the birds differed from that of Linnaeus, surpassing it and being less superficial. The description of the species are careful&quot; (Anker). &nbsp;<\/p>\n<p style=\"text-align:justify\">&quot;One of the early systematic treatises on birds by a contemporary of Linn&eacute;. Detailed descriptions are given in genera and species of a large number of birds. While the author is not consistently binominal and frequently uses a descriptive phrase in place of a specific name, many of his generic names are proposed in strict accordance with the modern canons of nomenclature&quot; (Zimmer).<\/p>\n<p style=\"text-align:justify\">Very good copy, complete with its 261 plates, the 6 engraved frontispieces, and the supplement bound in at the end of the last volume.<\/p>\n","protected":false},"excerpt":{"rendered":"<p style=\"text-align:justify\">6 volumes, 4to (259 x 200 mm), illustrated with &nbsp;261 ornithological plates engraved after Martinet. Contemporary mottled sheep, spines gilt with raised bands, marbled edges.<\/p>\n","protected":false},"featured_media":72511,"comment_status":"open","ping_status":"closed","template":"","meta":{"_acf_changed":false},"product_brand":[],"product_cat":[540],"product_tag":[],"class_list":{"0":"post-72524","1":"product","2":"type-product","3":"status-publish","4":"has-post-thumbnail","6":"product_cat-natural-history","7":"pa_auteur-mathurin-jacques-brisson-2","8":"pa_type-de-livre-printed-book","10":"first","11":"instock","12":"shipping-taxable","13":"purchasable","14":"product-type-simple"},"acf":[],"yoast_head":"<!-- This site is optimized with the Yoast SEO plugin v24.3 - https:\/\/yoast.com\/wordpress\/plugins\/seo\/ -->\n<title>BRISSON Mathurin-Jacques Ornithologie ou m\u00e9thode contenant la division des oiseaux en ordres, sections, genres, esp\u00e8ces et leurs vari\u00e9t\u00e9s. A laquelle on a joint une description exacte de chaque esp\u00e8ce. - Libairie Clavreuil<\/title>\n<meta name=\"robots\" content=\"noindex, follow, max-snippet:-1, max-image-preview:large, max-video-preview:-1\" \/>\n<meta property=\"og:locale\" content=\"en_US\" \/>\n<meta property=\"og:type\" content=\"article\" \/>\n<meta property=\"og:title\" content=\"BRISSON Mathurin-Jacques Ornithologie ou m\u00e9thode contenant la division des oiseaux en ordres, sections, genres, esp\u00e8ces et leurs vari\u00e9t\u00e9s. A laquelle on a joint une description exacte de chaque esp\u00e8ce. - Libairie Clavreuil\" \/>\n<meta property=\"og:description\" content=\"6 volumes, 4to (259 x 200 mm), illustrated with &nbsp;261 ornithological plates engraved after Martinet. Contemporary mottled sheep, spines gilt with raised bands, marbled edges.\" \/>\n<meta property=\"og:url\" content=\"https:\/\/clavreuil-wordpress.logiciel-arteo.fr\/en\/ornithologie-ou-methode-contenant-la-division-des-oiseaux-en-ordres-sections-genres-especes-et-leurs-varietes-a-laquelle-on-a-joint-une-description-exacte-de-chaque-espece-mathurin-jacques-brisso\/\" \/>\n<meta property=\"og:site_name\" content=\"Libairie Clavreuil\" \/>\n<meta property=\"article:modified_time\" content=\"2024-04-22T13:44:32+00:00\" \/>\n<meta property=\"og:image\" content=\"https:\/\/clavreuil-wordpress.logiciel-arteo.fr\/wp-content\/uploads\/2024\/04\/mathurin-jacques-brisson-ornithologie-ou-methode-contenant-la-division-des-oiseaux-en-ordres-sections-genres-especes-et-leurs-varietes-a-laquelle-on-a.jpg\" \/>\n\t<meta property=\"og:image:width\" content=\"1077\" \/>\n\t<meta property=\"og:image:height\" content=\"1544\" \/>\n\t<meta property=\"og:image:type\" content=\"image\/jpeg\" \/>\n<meta name=\"twitter:card\" content=\"summary_large_image\" \/>\n<meta name=\"twitter:label1\" content=\"Est. reading time\" \/>\n\t<meta name=\"twitter:data1\" content=\"1 minute\" \/>\n<script type=\"application\/ld+json\" class=\"yoast-schema-graph\">{\"@context\":\"https:\/\/schema.org\",\"@graph\":[{\"@type\":\"WebPage\",\"@id\":\"https:\/\/clavreuil-wordpress.logiciel-arteo.fr\/en\/ornithologie-ou-methode-contenant-la-division-des-oiseaux-en-ordres-sections-genres-especes-et-leurs-varietes-a-laquelle-on-a-joint-une-description-exacte-de-chaque-espece-mathurin-jacques-brisso\/\",\"url\":\"https:\/\/clavreuil-wordpress.logiciel-arteo.fr\/en\/ornithologie-ou-methode-contenant-la-division-des-oiseaux-en-ordres-sections-genres-especes-et-leurs-varietes-a-laquelle-on-a-joint-une-description-exacte-de-chaque-espece-mathurin-jacques-brisso\/\",\"name\":\"BRISSON Mathurin-Jacques Ornithologie ou m\u00e9thode contenant la division des oiseaux en ordres, sections, genres, esp\u00e8ces et leurs vari\u00e9t\u00e9s. A laquelle on a joint une description exacte de chaque esp\u00e8ce. - Libairie Clavreuil\",\"isPartOf\":{\"@id\":\"https:\/\/clavreuil-wordpress.logiciel-arteo.fr\/#website\"},\"primaryImageOfPage\":{\"@id\":\"https:\/\/clavreuil-wordpress.logiciel-arteo.fr\/en\/ornithologie-ou-methode-contenant-la-division-des-oiseaux-en-ordres-sections-genres-especes-et-leurs-varietes-a-laquelle-on-a-joint-une-description-exacte-de-chaque-espece-mathurin-jacques-brisso\/#primaryimage\"},\"image\":{\"@id\":\"https:\/\/clavreuil-wordpress.logiciel-arteo.fr\/en\/ornithologie-ou-methode-contenant-la-division-des-oiseaux-en-ordres-sections-genres-especes-et-leurs-varietes-a-laquelle-on-a-joint-une-description-exacte-de-chaque-espece-mathurin-jacques-brisso\/#primaryimage\"},\"thumbnailUrl\":\"https:\/\/clavreuil-wordpress.logiciel-arteo.fr\/wp-content\/uploads\/2024\/04\/mathurin-jacques-brisson-ornithologie-ou-methode-contenant-la-division-des-oiseaux-en-ordres-sections-genres-especes-et-leurs-varietes-a-laquelle-on-a.jpg\",\"datePublished\":\"2024-04-17T15:49:05+00:00\",\"dateModified\":\"2024-04-22T13:44:32+00:00\",\"breadcrumb\":{\"@id\":\"https:\/\/clavreuil-wordpress.logiciel-arteo.fr\/en\/ornithologie-ou-methode-contenant-la-division-des-oiseaux-en-ordres-sections-genres-especes-et-leurs-varietes-a-laquelle-on-a-joint-une-description-exacte-de-chaque-espece-mathurin-jacques-brisso\/#breadcrumb\"},\"inLanguage\":\"en-US\",\"potentialAction\":[{\"@type\":\"ReadAction\",\"target\":[\"https:\/\/clavreuil-wordpress.logiciel-arteo.fr\/en\/ornithologie-ou-methode-contenant-la-division-des-oiseaux-en-ordres-sections-genres-especes-et-leurs-varietes-a-laquelle-on-a-joint-une-description-exacte-de-chaque-espece-mathurin-jacques-brisso\/\"]}]},{\"@type\":\"ImageObject\",\"inLanguage\":\"en-US\",\"@id\":\"https:\/\/clavreuil-wordpress.logiciel-arteo.fr\/en\/ornithologie-ou-methode-contenant-la-division-des-oiseaux-en-ordres-sections-genres-especes-et-leurs-varietes-a-laquelle-on-a-joint-une-description-exacte-de-chaque-espece-mathurin-jacques-brisso\/#primaryimage\",\"url\":\"https:\/\/clavreuil-wordpress.logiciel-arteo.fr\/wp-content\/uploads\/2024\/04\/mathurin-jacques-brisson-ornithologie-ou-methode-contenant-la-division-des-oiseaux-en-ordres-sections-genres-especes-et-leurs-varietes-a-laquelle-on-a.jpg\",\"contentUrl\":\"https:\/\/clavreuil-wordpress.logiciel-arteo.fr\/wp-content\/uploads\/2024\/04\/mathurin-jacques-brisson-ornithologie-ou-methode-contenant-la-division-des-oiseaux-en-ordres-sections-genres-especes-et-leurs-varietes-a-laquelle-on-a.jpg\",\"width\":1077,\"height\":1544},{\"@type\":\"BreadcrumbList\",\"@id\":\"https:\/\/clavreuil-wordpress.logiciel-arteo.fr\/en\/ornithologie-ou-methode-contenant-la-division-des-oiseaux-en-ordres-sections-genres-especes-et-leurs-varietes-a-laquelle-on-a-joint-une-description-exacte-de-chaque-espece-mathurin-jacques-brisso\/#breadcrumb\",\"itemListElement\":[{\"@type\":\"ListItem\",\"position\":1,\"name\":\"Accueil\",\"item\":\"https:\/\/clavreuil-wordpress.logiciel-arteo.fr\/\"},{\"@type\":\"ListItem\",\"position\":2,\"name\":\"All our books\",\"item\":\"https:\/\/clavreuil-wordpress.logiciel-arteo.fr\/en\/all-our-books\/\"},{\"@type\":\"ListItem\",\"position\":3,\"name\":\"BRISSON Mathurin-Jacques Ornithologie ou m\u00e9thode contenant la division...\"}]},{\"@type\":\"WebSite\",\"@id\":\"https:\/\/clavreuil-wordpress.logiciel-arteo.fr\/#website\",\"url\":\"https:\/\/clavreuil-wordpress.logiciel-arteo.fr\/\",\"name\":\"Libairie Clavreuil\",\"description\":\"\",\"publisher\":{\"@id\":\"https:\/\/clavreuil-wordpress.logiciel-arteo.fr\/#organization\"},\"potentialAction\":[{\"@type\":\"SearchAction\",\"target\":{\"@type\":\"EntryPoint\",\"urlTemplate\":\"https:\/\/clavreuil-wordpress.logiciel-arteo.fr\/?s={search_term_string}\"},\"query-input\":{\"@type\":\"PropertyValueSpecification\",\"valueRequired\":true,\"valueName\":\"search_term_string\"}}],\"inLanguage\":\"en-US\"},{\"@type\":\"Organization\",\"@id\":\"https:\/\/clavreuil-wordpress.logiciel-arteo.fr\/#organization\",\"name\":\"Libairie Clavreuil\",\"url\":\"https:\/\/clavreuil-wordpress.logiciel-arteo.fr\/\",\"logo\":{\"@type\":\"ImageObject\",\"inLanguage\":\"en-US\",\"@id\":\"https:\/\/clavreuil-wordpress.logiciel-arteo.fr\/#\/schema\/logo\/image\/\",\"url\":\"https:\/\/clavreuil-wordpress.logiciel-arteo.fr\/wp-content\/uploads\/2021\/05\/LOGO_PNG_DATE-_gold.png\",\"contentUrl\":\"https:\/\/clavreuil-wordpress.logiciel-arteo.fr\/wp-content\/uploads\/2021\/05\/LOGO_PNG_DATE-_gold.png\",\"width\":2083,\"height\":1917,\"caption\":\"Libairie Clavreuil\"},\"image\":{\"@id\":\"https:\/\/clavreuil-wordpress.logiciel-arteo.fr\/#\/schema\/logo\/image\/\"}}]}<\/script>\n<!-- \/ Yoast SEO plugin. -->","yoast_head_json":{"title":"BRISSON Mathurin-Jacques Ornithologie ou m\u00e9thode contenant la division des oiseaux en ordres, sections, genres, esp\u00e8ces et leurs vari\u00e9t\u00e9s. A laquelle on a joint une description exacte de chaque esp\u00e8ce. - Libairie Clavreuil","robots":{"index":"noindex","follow":"follow","max-snippet":"max-snippet:-1","max-image-preview":"max-image-preview:large","max-video-preview":"max-video-preview:-1"},"og_locale":"en_US","og_type":"article","og_title":"BRISSON Mathurin-Jacques Ornithologie ou m\u00e9thode contenant la division des oiseaux en ordres, sections, genres, esp\u00e8ces et leurs vari\u00e9t\u00e9s. A laquelle on a joint une description exacte de chaque esp\u00e8ce. - Libairie Clavreuil","og_description":"6 volumes, 4to (259 x 200 mm), illustrated with &nbsp;261 ornithological plates engraved after Martinet. Contemporary mottled sheep, spines gilt with raised bands, marbled edges.","og_url":"https:\/\/clavreuil-wordpress.logiciel-arteo.fr\/en\/ornithologie-ou-methode-contenant-la-division-des-oiseaux-en-ordres-sections-genres-especes-et-leurs-varietes-a-laquelle-on-a-joint-une-description-exacte-de-chaque-espece-mathurin-jacques-brisso\/","og_site_name":"Libairie Clavreuil","article_modified_time":"2024-04-22T13:44:32+00:00","og_image":[{"width":1077,"height":1544,"url":"https:\/\/clavreuil-wordpress.logiciel-arteo.fr\/wp-content\/uploads\/2024\/04\/mathurin-jacques-brisson-ornithologie-ou-methode-contenant-la-division-des-oiseaux-en-ordres-sections-genres-especes-et-leurs-varietes-a-laquelle-on-a.jpg","type":"image\/jpeg"}],"twitter_card":"summary_large_image","twitter_misc":{"Est. reading time":"1 minute"},"schema":{"@context":"https:\/\/schema.org","@graph":[{"@type":"WebPage","@id":"https:\/\/clavreuil-wordpress.logiciel-arteo.fr\/en\/ornithologie-ou-methode-contenant-la-division-des-oiseaux-en-ordres-sections-genres-especes-et-leurs-varietes-a-laquelle-on-a-joint-une-description-exacte-de-chaque-espece-mathurin-jacques-brisso\/","url":"https:\/\/clavreuil-wordpress.logiciel-arteo.fr\/en\/ornithologie-ou-methode-contenant-la-division-des-oiseaux-en-ordres-sections-genres-especes-et-leurs-varietes-a-laquelle-on-a-joint-une-description-exacte-de-chaque-espece-mathurin-jacques-brisso\/","name":"BRISSON Mathurin-Jacques Ornithologie ou m\u00e9thode contenant la division des oiseaux en ordres, sections, genres, esp\u00e8ces et leurs vari\u00e9t\u00e9s. A laquelle on a joint une description exacte de chaque esp\u00e8ce. - Libairie Clavreuil","isPartOf":{"@id":"https:\/\/clavreuil-wordpress.logiciel-arteo.fr\/#website"},"primaryImageOfPage":{"@id":"https:\/\/clavreuil-wordpress.logiciel-arteo.fr\/en\/ornithologie-ou-methode-contenant-la-division-des-oiseaux-en-ordres-sections-genres-especes-et-leurs-varietes-a-laquelle-on-a-joint-une-description-exacte-de-chaque-espece-mathurin-jacques-brisso\/#primaryimage"},"image":{"@id":"https:\/\/clavreuil-wordpress.logiciel-arteo.fr\/en\/ornithologie-ou-methode-contenant-la-division-des-oiseaux-en-ordres-sections-genres-especes-et-leurs-varietes-a-laquelle-on-a-joint-une-description-exacte-de-chaque-espece-mathurin-jacques-brisso\/#primaryimage"},"thumbnailUrl":"https:\/\/clavreuil-wordpress.logiciel-arteo.fr\/wp-content\/uploads\/2024\/04\/mathurin-jacques-brisson-ornithologie-ou-methode-contenant-la-division-des-oiseaux-en-ordres-sections-genres-especes-et-leurs-varietes-a-laquelle-on-a.jpg","datePublished":"2024-04-17T15:49:05+00:00","dateModified":"2024-04-22T13:44:32+00:00","breadcrumb":{"@id":"https:\/\/clavreuil-wordpress.logiciel-arteo.fr\/en\/ornithologie-ou-methode-contenant-la-division-des-oiseaux-en-ordres-sections-genres-especes-et-leurs-varietes-a-laquelle-on-a-joint-une-description-exacte-de-chaque-espece-mathurin-jacques-brisso\/#breadcrumb"},"inLanguage":"en-US","potentialAction":[{"@type":"ReadAction","target":["https:\/\/clavreuil-wordpress.logiciel-arteo.fr\/en\/ornithologie-ou-methode-contenant-la-division-des-oiseaux-en-ordres-sections-genres-especes-et-leurs-varietes-a-laquelle-on-a-joint-une-description-exacte-de-chaque-espece-mathurin-jacques-brisso\/"]}]},{"@type":"ImageObject","inLanguage":"en-US","@id":"https:\/\/clavreuil-wordpress.logiciel-arteo.fr\/en\/ornithologie-ou-methode-contenant-la-division-des-oiseaux-en-ordres-sections-genres-especes-et-leurs-varietes-a-laquelle-on-a-joint-une-description-exacte-de-chaque-espece-mathurin-jacques-brisso\/#primaryimage","url":"https:\/\/clavreuil-wordpress.logiciel-arteo.fr\/wp-content\/uploads\/2024\/04\/mathurin-jacques-brisson-ornithologie-ou-methode-contenant-la-division-des-oiseaux-en-ordres-sections-genres-especes-et-leurs-varietes-a-laquelle-on-a.jpg","contentUrl":"https:\/\/clavreuil-wordpress.logiciel-arteo.fr\/wp-content\/uploads\/2024\/04\/mathurin-jacques-brisson-ornithologie-ou-methode-contenant-la-division-des-oiseaux-en-ordres-sections-genres-especes-et-leurs-varietes-a-laquelle-on-a.jpg","width":1077,"height":1544},{"@type":"BreadcrumbList","@id":"https:\/\/clavreuil-wordpress.logiciel-arteo.fr\/en\/ornithologie-ou-methode-contenant-la-division-des-oiseaux-en-ordres-sections-genres-especes-et-leurs-varietes-a-laquelle-on-a-joint-une-description-exacte-de-chaque-espece-mathurin-jacques-brisso\/#breadcrumb","itemListElement":[{"@type":"ListItem","position":1,"name":"Accueil","item":"https:\/\/clavreuil-wordpress.logiciel-arteo.fr\/"},{"@type":"ListItem","position":2,"name":"All our books","item":"https:\/\/clavreuil-wordpress.logiciel-arteo.fr\/en\/all-our-books\/"},{"@type":"ListItem","position":3,"name":"BRISSON Mathurin-Jacques Ornithologie ou m\u00e9thode contenant la division..."}]},{"@type":"WebSite","@id":"https:\/\/clavreuil-wordpress.logiciel-arteo.fr\/#website","url":"https:\/\/clavreuil-wordpress.logiciel-arteo.fr\/","name":"Libairie Clavreuil","description":"","publisher":{"@id":"https:\/\/clavreuil-wordpress.logiciel-arteo.fr\/#organization"},"potentialAction":[{"@type":"SearchAction","target":{"@type":"EntryPoint","urlTemplate":"https:\/\/clavreuil-wordpress.logiciel-arteo.fr\/?s={search_term_string}"},"query-input":{"@type":"PropertyValueSpecification","valueRequired":true,"valueName":"search_term_string"}}],"inLanguage":"en-US"},{"@type":"Organization","@id":"https:\/\/clavreuil-wordpress.logiciel-arteo.fr\/#organization","name":"Libairie Clavreuil","url":"https:\/\/clavreuil-wordpress.logiciel-arteo.fr\/","logo":{"@type":"ImageObject","inLanguage":"en-US","@id":"https:\/\/clavreuil-wordpress.logiciel-arteo.fr\/#\/schema\/logo\/image\/","url":"https:\/\/clavreuil-wordpress.logiciel-arteo.fr\/wp-content\/uploads\/2021\/05\/LOGO_PNG_DATE-_gold.png","contentUrl":"https:\/\/clavreuil-wordpress.logiciel-arteo.fr\/wp-content\/uploads\/2021\/05\/LOGO_PNG_DATE-_gold.png","width":2083,"height":1917,"caption":"Libairie Clavreuil"},"image":{"@id":"https:\/\/clavreuil-wordpress.logiciel-arteo.fr\/#\/schema\/logo\/image\/"}}]}},"_links":{"self":[{"href":"https:\/\/clavreuil-wordpress.logiciel-arteo.fr\/en\/wp-json\/wp\/v2\/product\/72524","targetHints":{"allow":["GET"]}}],"collection":[{"href":"https:\/\/clavreuil-wordpress.logiciel-arteo.fr\/en\/wp-json\/wp\/v2\/product"}],"about":[{"href":"https:\/\/clavreuil-wordpress.logiciel-arteo.fr\/en\/wp-json\/wp\/v2\/types\/product"}],"replies":[{"embeddable":true,"href":"https:\/\/clavreuil-wordpress.logiciel-arteo.fr\/en\/wp-json\/wp\/v2\/comments?post=72524"}],"wp:featuredmedia":[{"embeddable":true,"href":"https:\/\/clavreuil-wordpress.logiciel-arteo.fr\/en\/wp-json\/wp\/v2\/media\/72511"}],"wp:attachment":[{"href":"https:\/\/clavreuil-wordpress.logiciel-arteo.fr\/en\/wp-json\/wp\/v2\/media?parent=72524"}],"wp:term":[{"taxonomy":"product_brand","embeddable":true,"href":"https:\/\/clavreuil-wordpress.logiciel-arteo.fr\/en\/wp-json\/wp\/v2\/product_brand?post=72524"},{"taxonomy":"product_cat","embeddable":true,"href":"https:\/\/clavreuil-wordpress.logiciel-arteo.fr\/en\/wp-json\/wp\/v2\/product_cat?post=72524"},{"taxonomy":"product_tag","embeddable":true,"href":"https:\/\/clavreuil-wordpress.logiciel-arteo.fr\/en\/wp-json\/wp\/v2\/product_tag?post=72524"}],"curies":[{"name":"wp","href":"https:\/\/api.w.org\/{rel}","templated":true}]}}