{"id":72558,"date":"2024-04-17T17:50:40","date_gmt":"2024-04-17T15:50:40","guid":{"rendered":"https:\/\/clavreuil-wordpress.logiciel-arteo.fr\/phytologie-universelle-ou-histoire-naturelle-et-methodique-des-plantes-de-leurs-proprietes-de-leurs-vertus-et-de-leur-culture-nicolas-jolyclerc\/"},"modified":"2024-04-22T16:15:20","modified_gmt":"2024-04-22T14:15:20","slug":"phytologie-universelle-ou-histoire-naturelle-et-methodique-des-plantes-de-leurs-proprietes-de-leurs-vertus-et-de-leur-culture-nicolas-jolyclerc","status":"publish","type":"product","link":"https:\/\/clavreuil-wordpress.logiciel-arteo.fr\/en\/phytologie-universelle-ou-histoire-naturelle-et-methodique-des-plantes-de-leurs-proprietes-de-leurs-vertus-et-de-leur-culture-nicolas-jolyclerc\/","title":{"rendered":"JOLYCLERC Nicolas Phytologie universelle, ou Histoire naturelle et..."},"content":{"rendered":"<p><em>Stafleu-Cowan, 3388 (detailing the plates after the Plesch copy missing plate 244bis); Sitwell, Great Flower Books, 107 (indicating only 638 plates); Pritzel, 4466 (erroneous plate collation).<\/em><br \/>\n&nbsp;<\/p>\n<p>First edition of the descriptive text by C. Nicolas Jolyclerc (1746-1818). A very rare copy with the complete suite of 657 plates engraved and coloured at the time.<\/p>\n<p>Stafleu-Cowan indicates that this edition was available with or without the plates and gives its description only according to the Arpad-Plesch copy, incomplete with plate 244bis in volume IV. Sitwell mentions only 638 plates and most probably misses plates 639-640, published with the last issue and illustrating soda. Pritzel is also mistaken and mentions &#039;an atlas of more than 700 plates&#039;.<\/p>\n<p>Jolyclerc (1746-1817) was a French botanist and science writer, a professor of natural history and the first French translator of Linnaeus. He first studied botany as a child with the Benedictines, but left the Church after the Revolution to teach natural history, first in Tulle and then in Beauvois. La Phytologie Universelle is considered to be one of the finest plant books of the late eighteenth century.<br \/>\n&ldquo;Published with or without plates. We have seen no copy with plates and refer to the notes by Collins (Sotheby 406) on the former Plesch copy. This has 656 plates which are reissues from the botanical plates in Garsault&rdquo; (Stafleu-Cowan).<\/p>\n<p>Magnificent copy, well preserved in a fine binding by the great binder Boz&eacute;rian.<\/p>\n","protected":false},"excerpt":{"rendered":"<p>5 parts in 8 volumes, &nbsp;8vo (203 x 123 mm) XVI, 496 pp., engraved and colored plates 1-86, 46bis, 48bis, 74bis for volume I ; 3 nn.ll. (half-title, title, list of plates), 273 pp., plates 87-178, 116bis, 117bis, 117ter, 117 quater for volume II ; 3 nn.ll. (half-title, title, list of plates), pp. 274-551, plates 179-241, 196bis for volume III ; 3 nn.ll. (half-title, title, list of plates), 271 pp., plates 242-332, 244bis, 305bis for volume IV ; 3 nn.ll. (half-title, title, list of plates), pp. [271]-525, plates 333-426, 337bis, 355bis, 355ter, 355quater, 417bis for volume V ; 3 nn.ll. (half-title, title, list of plates ), 271 pp., plates 427-517, 504bis for volume VI ; 3 nn.ll. (half-title, title, list of plates ), pp. [271]-534, plates 518-597, 561bis for volume VII ; 2 nn.ll. (half-title, title), 504 pp., plates 598-640 for volume VIII. Illustrated with a total of 657 engraved and finely handcoloured plates. Contemporary red straight grained morocco by Boz&eacute;rian, covers within triple gilt decorative border, flat spine gilt, inner gilt rule, blue silk endpapers, gilt edges.<\/p>\n","protected":false},"featured_media":72539,"comment_status":"open","ping_status":"closed","template":"","meta":{"_acf_changed":false},"product_brand":[],"product_cat":[532],"product_tag":[590],"class_list":{"0":"post-72558","1":"product","2":"type-product","3":"status-publish","4":"has-post-thumbnail","6":"product_cat-botanical","7":"product_tag-botanical","8":"pa_auteur-nicolas-jolyclerc-2","9":"pa_type-de-livre-printed-book","11":"first","12":"instock","13":"shipping-taxable","14":"purchasable","15":"product-type-simple"},"acf":[],"yoast_head":"<!-- This site is optimized with the Yoast SEO plugin v24.3 - https:\/\/yoast.com\/wordpress\/plugins\/seo\/ -->\n<title>JOLYCLERC Nicolas Phytologie universelle, ou Histoire naturelle et m\u00e9thodique des plantes, de leurs propri\u00e9t\u00e9s, de leurs vertus et de leur culture. - Libairie Clavreuil<\/title>\n<meta name=\"robots\" content=\"noindex, follow, max-snippet:-1, max-image-preview:large, max-video-preview:-1\" \/>\n<meta property=\"og:locale\" content=\"en_US\" \/>\n<meta property=\"og:type\" content=\"article\" \/>\n<meta property=\"og:title\" content=\"JOLYCLERC Nicolas Phytologie universelle, ou Histoire naturelle et m\u00e9thodique des plantes, de leurs propri\u00e9t\u00e9s, de leurs vertus et de leur culture. - Libairie Clavreuil\" \/>\n<meta property=\"og:description\" content=\"5 parts in 8 volumes, &nbsp;8vo (203 x 123 mm) XVI, 496 pp., engraved and colored plates 1-86, 46bis, 48bis, 74bis for volume I ; 3 nn.ll. (half-title, title, list of plates), 273 pp., plates 87-178, 116bis, 117bis, 117ter, 117 quater for volume II ; 3 nn.ll. (half-title, title, list of plates), pp. 274-551, plates 179-241, 196bis for volume III ; 3 nn.ll. (half-title, title, list of plates), 271 pp., plates 242-332, 244bis, 305bis for volume IV ; 3 nn.ll. (half-title, title, list of plates), pp. [271]-525, plates 333-426, 337bis, 355bis, 355ter, 355quater, 417bis for volume V ; 3 nn.ll. (half-title, title, list of plates ), 271 pp., plates 427-517, 504bis for volume VI ; 3 nn.ll. (half-title, title, list of plates ), pp. [271]-534, plates 518-597, 561bis for volume VII ; 2 nn.ll. (half-title, title), 504 pp., plates 598-640 for volume VIII. Illustrated with a total of 657 engraved and finely handcoloured plates. Contemporary red straight grained morocco by Boz&eacute;rian, covers within triple gilt decorative border, flat spine gilt, inner gilt rule, blue silk endpapers, gilt edges.\" \/>\n<meta property=\"og:url\" content=\"https:\/\/clavreuil-wordpress.logiciel-arteo.fr\/en\/phytologie-universelle-ou-histoire-naturelle-et-methodique-des-plantes-de-leurs-proprietes-de-leurs-vertus-et-de-leur-culture-nicolas-jolyclerc\/\" \/>\n<meta property=\"og:site_name\" content=\"Libairie Clavreuil\" \/>\n<meta property=\"article:modified_time\" content=\"2024-04-22T14:15:20+00:00\" \/>\n<meta property=\"og:image\" content=\"https:\/\/clavreuil-wordpress.logiciel-arteo.fr\/wp-content\/uploads\/2024\/04\/nicolas-jolyclerc-phytologie-universelle-ou-histoire-naturelle-et-methodique-des-plantes-de-leurs-proprietes-de-leurs-vertus-et-de-leur-culture-9372-6.jpg\" \/>\n\t<meta property=\"og:image:width\" content=\"1250\" \/>\n\t<meta property=\"og:image:height\" content=\"1793\" \/>\n\t<meta property=\"og:image:type\" content=\"image\/jpeg\" \/>\n<meta name=\"twitter:card\" content=\"summary_large_image\" \/>\n<meta name=\"twitter:label1\" content=\"Est. reading time\" \/>\n\t<meta name=\"twitter:data1\" content=\"1 minute\" \/>\n<script type=\"application\/ld+json\" class=\"yoast-schema-graph\">{\"@context\":\"https:\/\/schema.org\",\"@graph\":[{\"@type\":\"WebPage\",\"@id\":\"https:\/\/clavreuil-wordpress.logiciel-arteo.fr\/en\/phytologie-universelle-ou-histoire-naturelle-et-methodique-des-plantes-de-leurs-proprietes-de-leurs-vertus-et-de-leur-culture-nicolas-jolyclerc\/\",\"url\":\"https:\/\/clavreuil-wordpress.logiciel-arteo.fr\/en\/phytologie-universelle-ou-histoire-naturelle-et-methodique-des-plantes-de-leurs-proprietes-de-leurs-vertus-et-de-leur-culture-nicolas-jolyclerc\/\",\"name\":\"JOLYCLERC Nicolas Phytologie universelle, ou Histoire naturelle et m\u00e9thodique des plantes, de leurs propri\u00e9t\u00e9s, de leurs vertus et de leur culture. - Libairie Clavreuil\",\"isPartOf\":{\"@id\":\"https:\/\/clavreuil-wordpress.logiciel-arteo.fr\/#website\"},\"primaryImageOfPage\":{\"@id\":\"https:\/\/clavreuil-wordpress.logiciel-arteo.fr\/en\/phytologie-universelle-ou-histoire-naturelle-et-methodique-des-plantes-de-leurs-proprietes-de-leurs-vertus-et-de-leur-culture-nicolas-jolyclerc\/#primaryimage\"},\"image\":{\"@id\":\"https:\/\/clavreuil-wordpress.logiciel-arteo.fr\/en\/phytologie-universelle-ou-histoire-naturelle-et-methodique-des-plantes-de-leurs-proprietes-de-leurs-vertus-et-de-leur-culture-nicolas-jolyclerc\/#primaryimage\"},\"thumbnailUrl\":\"https:\/\/clavreuil-wordpress.logiciel-arteo.fr\/wp-content\/uploads\/2024\/04\/nicolas-jolyclerc-phytologie-universelle-ou-histoire-naturelle-et-methodique-des-plantes-de-leurs-proprietes-de-leurs-vertus-et-de-leur-culture-9372-6.jpg\",\"datePublished\":\"2024-04-17T15:50:40+00:00\",\"dateModified\":\"2024-04-22T14:15:20+00:00\",\"breadcrumb\":{\"@id\":\"https:\/\/clavreuil-wordpress.logiciel-arteo.fr\/en\/phytologie-universelle-ou-histoire-naturelle-et-methodique-des-plantes-de-leurs-proprietes-de-leurs-vertus-et-de-leur-culture-nicolas-jolyclerc\/#breadcrumb\"},\"inLanguage\":\"en-US\",\"potentialAction\":[{\"@type\":\"ReadAction\",\"target\":[\"https:\/\/clavreuil-wordpress.logiciel-arteo.fr\/en\/phytologie-universelle-ou-histoire-naturelle-et-methodique-des-plantes-de-leurs-proprietes-de-leurs-vertus-et-de-leur-culture-nicolas-jolyclerc\/\"]}]},{\"@type\":\"ImageObject\",\"inLanguage\":\"en-US\",\"@id\":\"https:\/\/clavreuil-wordpress.logiciel-arteo.fr\/en\/phytologie-universelle-ou-histoire-naturelle-et-methodique-des-plantes-de-leurs-proprietes-de-leurs-vertus-et-de-leur-culture-nicolas-jolyclerc\/#primaryimage\",\"url\":\"https:\/\/clavreuil-wordpress.logiciel-arteo.fr\/wp-content\/uploads\/2024\/04\/nicolas-jolyclerc-phytologie-universelle-ou-histoire-naturelle-et-methodique-des-plantes-de-leurs-proprietes-de-leurs-vertus-et-de-leur-culture-9372-6.jpg\",\"contentUrl\":\"https:\/\/clavreuil-wordpress.logiciel-arteo.fr\/wp-content\/uploads\/2024\/04\/nicolas-jolyclerc-phytologie-universelle-ou-histoire-naturelle-et-methodique-des-plantes-de-leurs-proprietes-de-leurs-vertus-et-de-leur-culture-9372-6.jpg\",\"width\":1250,\"height\":1793},{\"@type\":\"BreadcrumbList\",\"@id\":\"https:\/\/clavreuil-wordpress.logiciel-arteo.fr\/en\/phytologie-universelle-ou-histoire-naturelle-et-methodique-des-plantes-de-leurs-proprietes-de-leurs-vertus-et-de-leur-culture-nicolas-jolyclerc\/#breadcrumb\",\"itemListElement\":[{\"@type\":\"ListItem\",\"position\":1,\"name\":\"Accueil\",\"item\":\"https:\/\/clavreuil-wordpress.logiciel-arteo.fr\/\"},{\"@type\":\"ListItem\",\"position\":2,\"name\":\"All our books\",\"item\":\"https:\/\/clavreuil-wordpress.logiciel-arteo.fr\/en\/all-our-books\/\"},{\"@type\":\"ListItem\",\"position\":3,\"name\":\"JOLYCLERC Nicolas Phytologie universelle, ou Histoire naturelle et...\"}]},{\"@type\":\"WebSite\",\"@id\":\"https:\/\/clavreuil-wordpress.logiciel-arteo.fr\/#website\",\"url\":\"https:\/\/clavreuil-wordpress.logiciel-arteo.fr\/\",\"name\":\"Libairie Clavreuil\",\"description\":\"\",\"publisher\":{\"@id\":\"https:\/\/clavreuil-wordpress.logiciel-arteo.fr\/#organization\"},\"potentialAction\":[{\"@type\":\"SearchAction\",\"target\":{\"@type\":\"EntryPoint\",\"urlTemplate\":\"https:\/\/clavreuil-wordpress.logiciel-arteo.fr\/?s={search_term_string}\"},\"query-input\":{\"@type\":\"PropertyValueSpecification\",\"valueRequired\":true,\"valueName\":\"search_term_string\"}}],\"inLanguage\":\"en-US\"},{\"@type\":\"Organization\",\"@id\":\"https:\/\/clavreuil-wordpress.logiciel-arteo.fr\/#organization\",\"name\":\"Libairie Clavreuil\",\"url\":\"https:\/\/clavreuil-wordpress.logiciel-arteo.fr\/\",\"logo\":{\"@type\":\"ImageObject\",\"inLanguage\":\"en-US\",\"@id\":\"https:\/\/clavreuil-wordpress.logiciel-arteo.fr\/#\/schema\/logo\/image\/\",\"url\":\"https:\/\/clavreuil-wordpress.logiciel-arteo.fr\/wp-content\/uploads\/2021\/05\/LOGO_PNG_DATE-_gold.png\",\"contentUrl\":\"https:\/\/clavreuil-wordpress.logiciel-arteo.fr\/wp-content\/uploads\/2021\/05\/LOGO_PNG_DATE-_gold.png\",\"width\":2083,\"height\":1917,\"caption\":\"Libairie Clavreuil\"},\"image\":{\"@id\":\"https:\/\/clavreuil-wordpress.logiciel-arteo.fr\/#\/schema\/logo\/image\/\"}}]}<\/script>\n<!-- \/ Yoast SEO plugin. -->","yoast_head_json":{"title":"JOLYCLERC Nicolas Phytologie universelle, ou Histoire naturelle et m\u00e9thodique des plantes, de leurs propri\u00e9t\u00e9s, de leurs vertus et de leur culture. - Libairie Clavreuil","robots":{"index":"noindex","follow":"follow","max-snippet":"max-snippet:-1","max-image-preview":"max-image-preview:large","max-video-preview":"max-video-preview:-1"},"og_locale":"en_US","og_type":"article","og_title":"JOLYCLERC Nicolas Phytologie universelle, ou Histoire naturelle et m\u00e9thodique des plantes, de leurs propri\u00e9t\u00e9s, de leurs vertus et de leur culture. - Libairie Clavreuil","og_description":"5 parts in 8 volumes, &nbsp;8vo (203 x 123 mm) XVI, 496 pp., engraved and colored plates 1-86, 46bis, 48bis, 74bis for volume I ; 3 nn.ll. (half-title, title, list of plates), 273 pp., plates 87-178, 116bis, 117bis, 117ter, 117 quater for volume II ; 3 nn.ll. (half-title, title, list of plates), pp. 274-551, plates 179-241, 196bis for volume III ; 3 nn.ll. (half-title, title, list of plates), 271 pp., plates 242-332, 244bis, 305bis for volume IV ; 3 nn.ll. (half-title, title, list of plates), pp. [271]-525, plates 333-426, 337bis, 355bis, 355ter, 355quater, 417bis for volume V ; 3 nn.ll. (half-title, title, list of plates ), 271 pp., plates 427-517, 504bis for volume VI ; 3 nn.ll. (half-title, title, list of plates ), pp. [271]-534, plates 518-597, 561bis for volume VII ; 2 nn.ll. (half-title, title), 504 pp., plates 598-640 for volume VIII. Illustrated with a total of 657 engraved and finely handcoloured plates. Contemporary red straight grained morocco by Boz&eacute;rian, covers within triple gilt decorative border, flat spine gilt, inner gilt rule, blue silk endpapers, gilt edges.","og_url":"https:\/\/clavreuil-wordpress.logiciel-arteo.fr\/en\/phytologie-universelle-ou-histoire-naturelle-et-methodique-des-plantes-de-leurs-proprietes-de-leurs-vertus-et-de-leur-culture-nicolas-jolyclerc\/","og_site_name":"Libairie Clavreuil","article_modified_time":"2024-04-22T14:15:20+00:00","og_image":[{"width":1250,"height":1793,"url":"https:\/\/clavreuil-wordpress.logiciel-arteo.fr\/wp-content\/uploads\/2024\/04\/nicolas-jolyclerc-phytologie-universelle-ou-histoire-naturelle-et-methodique-des-plantes-de-leurs-proprietes-de-leurs-vertus-et-de-leur-culture-9372-6.jpg","type":"image\/jpeg"}],"twitter_card":"summary_large_image","twitter_misc":{"Est. reading time":"1 minute"},"schema":{"@context":"https:\/\/schema.org","@graph":[{"@type":"WebPage","@id":"https:\/\/clavreuil-wordpress.logiciel-arteo.fr\/en\/phytologie-universelle-ou-histoire-naturelle-et-methodique-des-plantes-de-leurs-proprietes-de-leurs-vertus-et-de-leur-culture-nicolas-jolyclerc\/","url":"https:\/\/clavreuil-wordpress.logiciel-arteo.fr\/en\/phytologie-universelle-ou-histoire-naturelle-et-methodique-des-plantes-de-leurs-proprietes-de-leurs-vertus-et-de-leur-culture-nicolas-jolyclerc\/","name":"JOLYCLERC Nicolas Phytologie universelle, ou Histoire naturelle et m\u00e9thodique des plantes, de leurs propri\u00e9t\u00e9s, de leurs vertus et de leur culture. - Libairie Clavreuil","isPartOf":{"@id":"https:\/\/clavreuil-wordpress.logiciel-arteo.fr\/#website"},"primaryImageOfPage":{"@id":"https:\/\/clavreuil-wordpress.logiciel-arteo.fr\/en\/phytologie-universelle-ou-histoire-naturelle-et-methodique-des-plantes-de-leurs-proprietes-de-leurs-vertus-et-de-leur-culture-nicolas-jolyclerc\/#primaryimage"},"image":{"@id":"https:\/\/clavreuil-wordpress.logiciel-arteo.fr\/en\/phytologie-universelle-ou-histoire-naturelle-et-methodique-des-plantes-de-leurs-proprietes-de-leurs-vertus-et-de-leur-culture-nicolas-jolyclerc\/#primaryimage"},"thumbnailUrl":"https:\/\/clavreuil-wordpress.logiciel-arteo.fr\/wp-content\/uploads\/2024\/04\/nicolas-jolyclerc-phytologie-universelle-ou-histoire-naturelle-et-methodique-des-plantes-de-leurs-proprietes-de-leurs-vertus-et-de-leur-culture-9372-6.jpg","datePublished":"2024-04-17T15:50:40+00:00","dateModified":"2024-04-22T14:15:20+00:00","breadcrumb":{"@id":"https:\/\/clavreuil-wordpress.logiciel-arteo.fr\/en\/phytologie-universelle-ou-histoire-naturelle-et-methodique-des-plantes-de-leurs-proprietes-de-leurs-vertus-et-de-leur-culture-nicolas-jolyclerc\/#breadcrumb"},"inLanguage":"en-US","potentialAction":[{"@type":"ReadAction","target":["https:\/\/clavreuil-wordpress.logiciel-arteo.fr\/en\/phytologie-universelle-ou-histoire-naturelle-et-methodique-des-plantes-de-leurs-proprietes-de-leurs-vertus-et-de-leur-culture-nicolas-jolyclerc\/"]}]},{"@type":"ImageObject","inLanguage":"en-US","@id":"https:\/\/clavreuil-wordpress.logiciel-arteo.fr\/en\/phytologie-universelle-ou-histoire-naturelle-et-methodique-des-plantes-de-leurs-proprietes-de-leurs-vertus-et-de-leur-culture-nicolas-jolyclerc\/#primaryimage","url":"https:\/\/clavreuil-wordpress.logiciel-arteo.fr\/wp-content\/uploads\/2024\/04\/nicolas-jolyclerc-phytologie-universelle-ou-histoire-naturelle-et-methodique-des-plantes-de-leurs-proprietes-de-leurs-vertus-et-de-leur-culture-9372-6.jpg","contentUrl":"https:\/\/clavreuil-wordpress.logiciel-arteo.fr\/wp-content\/uploads\/2024\/04\/nicolas-jolyclerc-phytologie-universelle-ou-histoire-naturelle-et-methodique-des-plantes-de-leurs-proprietes-de-leurs-vertus-et-de-leur-culture-9372-6.jpg","width":1250,"height":1793},{"@type":"BreadcrumbList","@id":"https:\/\/clavreuil-wordpress.logiciel-arteo.fr\/en\/phytologie-universelle-ou-histoire-naturelle-et-methodique-des-plantes-de-leurs-proprietes-de-leurs-vertus-et-de-leur-culture-nicolas-jolyclerc\/#breadcrumb","itemListElement":[{"@type":"ListItem","position":1,"name":"Accueil","item":"https:\/\/clavreuil-wordpress.logiciel-arteo.fr\/"},{"@type":"ListItem","position":2,"name":"All our books","item":"https:\/\/clavreuil-wordpress.logiciel-arteo.fr\/en\/all-our-books\/"},{"@type":"ListItem","position":3,"name":"JOLYCLERC Nicolas Phytologie universelle, ou Histoire naturelle et..."}]},{"@type":"WebSite","@id":"https:\/\/clavreuil-wordpress.logiciel-arteo.fr\/#website","url":"https:\/\/clavreuil-wordpress.logiciel-arteo.fr\/","name":"Libairie Clavreuil","description":"","publisher":{"@id":"https:\/\/clavreuil-wordpress.logiciel-arteo.fr\/#organization"},"potentialAction":[{"@type":"SearchAction","target":{"@type":"EntryPoint","urlTemplate":"https:\/\/clavreuil-wordpress.logiciel-arteo.fr\/?s={search_term_string}"},"query-input":{"@type":"PropertyValueSpecification","valueRequired":true,"valueName":"search_term_string"}}],"inLanguage":"en-US"},{"@type":"Organization","@id":"https:\/\/clavreuil-wordpress.logiciel-arteo.fr\/#organization","name":"Libairie Clavreuil","url":"https:\/\/clavreuil-wordpress.logiciel-arteo.fr\/","logo":{"@type":"ImageObject","inLanguage":"en-US","@id":"https:\/\/clavreuil-wordpress.logiciel-arteo.fr\/#\/schema\/logo\/image\/","url":"https:\/\/clavreuil-wordpress.logiciel-arteo.fr\/wp-content\/uploads\/2021\/05\/LOGO_PNG_DATE-_gold.png","contentUrl":"https:\/\/clavreuil-wordpress.logiciel-arteo.fr\/wp-content\/uploads\/2021\/05\/LOGO_PNG_DATE-_gold.png","width":2083,"height":1917,"caption":"Libairie Clavreuil"},"image":{"@id":"https:\/\/clavreuil-wordpress.logiciel-arteo.fr\/#\/schema\/logo\/image\/"}}]}},"_links":{"self":[{"href":"https:\/\/clavreuil-wordpress.logiciel-arteo.fr\/en\/wp-json\/wp\/v2\/product\/72558","targetHints":{"allow":["GET"]}}],"collection":[{"href":"https:\/\/clavreuil-wordpress.logiciel-arteo.fr\/en\/wp-json\/wp\/v2\/product"}],"about":[{"href":"https:\/\/clavreuil-wordpress.logiciel-arteo.fr\/en\/wp-json\/wp\/v2\/types\/product"}],"replies":[{"embeddable":true,"href":"https:\/\/clavreuil-wordpress.logiciel-arteo.fr\/en\/wp-json\/wp\/v2\/comments?post=72558"}],"wp:featuredmedia":[{"embeddable":true,"href":"https:\/\/clavreuil-wordpress.logiciel-arteo.fr\/en\/wp-json\/wp\/v2\/media\/72539"}],"wp:attachment":[{"href":"https:\/\/clavreuil-wordpress.logiciel-arteo.fr\/en\/wp-json\/wp\/v2\/media?parent=72558"}],"wp:term":[{"taxonomy":"product_brand","embeddable":true,"href":"https:\/\/clavreuil-wordpress.logiciel-arteo.fr\/en\/wp-json\/wp\/v2\/product_brand?post=72558"},{"taxonomy":"product_cat","embeddable":true,"href":"https:\/\/clavreuil-wordpress.logiciel-arteo.fr\/en\/wp-json\/wp\/v2\/product_cat?post=72558"},{"taxonomy":"product_tag","embeddable":true,"href":"https:\/\/clavreuil-wordpress.logiciel-arteo.fr\/en\/wp-json\/wp\/v2\/product_tag?post=72558"}],"curies":[{"name":"wp","href":"https:\/\/api.w.org\/{rel}","templated":true}]}}