{"id":72578,"date":"2024-04-17T18:23:56","date_gmt":"2024-04-17T16:23:56","guid":{"rendered":"https:\/\/clavreuil-wordpress.logiciel-arteo.fr\/la-langue-des-calculs-ouvrage-posthume-et-elementaire-imprime-sur-les-manuscrits-de-lauteur-dans-lequel-des-observations-faites-sur-les-commencemens-et-les-progres-de-cette-langue-demontrent-le\/"},"modified":"2024-04-22T15:13:59","modified_gmt":"2024-04-22T13:13:59","slug":"la-langue-des-calculs-ouvrage-posthume-et-elementaire-imprime-sur-les-manuscrits-de-lauteur-dans-lequel-des-observations-faites-sur-les-commencemens-et-les-progres-de-cette-langue-demontrent-le","status":"publish","type":"product","link":"https:\/\/clavreuil-wordpress.logiciel-arteo.fr\/en\/la-langue-des-calculs-ouvrage-posthume-et-elementaire-imprime-sur-les-manuscrits-de-lauteur-dans-lequel-des-observations-faites-sur-les-commencemens-et-les-progres-de-cette-langue-demontrent-le\/","title":{"rendered":"CONDILLAC abb\u00e9 Etienne Bonnot de La Langue des..."},"content":{"rendered":"<p style=\"text-align:justify\"><em>En fran&ccedil;ais dans le texte, n&deg; 178 (note).<\/em><\/p>\n<p style=\"text-align:justify\">First edition.<\/p>\n<p style=\"text-align:justify\">The thought of Condillac (1715-1780) had a profound effect on the end of the 18<sup>th<\/sup> century: &quot;Toute langue est une m&eacute;thode analytique, et toute m&eacute;thode analytique est une langue&#8230; les analyses atteignent &agrave; une pr&eacute;cision d&#039;autant plus grande, que les langues sont mieux faites&#8230; L&#039;analyse fait les po&egrave;tes comme elle fait les math&eacute;maticiens.&quot;<\/p>\n<p style=\"text-align:justify\">Minor damage to the headpiece, but a good copy.<\/p>\n","protected":false},"excerpt":{"rendered":"<p>8vo (193 x 114 mm) 2 unn.l. et 484 pp. Sheep, flat spine gilt (<em>contemporary binding<\/em>).<\/p>\n","protected":false},"featured_media":72571,"comment_status":"open","ping_status":"closed","template":"","meta":{"_acf_changed":false},"product_brand":[],"product_cat":[550],"product_tag":[947],"class_list":{"0":"post-72578","1":"product","2":"type-product","3":"status-publish","4":"has-post-thumbnail","6":"product_cat-science","7":"product_tag-algebra","8":"pa_auteur-abbe-etienne-bonnot-de-condillac-2","9":"pa_type-de-livre-printed-book","11":"first","12":"instock","13":"shipping-taxable","14":"purchasable","15":"product-type-simple"},"acf":[],"yoast_head":"<!-- This site is optimized with the Yoast SEO plugin v24.3 - https:\/\/yoast.com\/wordpress\/plugins\/seo\/ -->\n<title>CONDILLAC abb\u00e9 Etienne Bonnot de La Langue des calculs, ouvrage posthume et \u00e9l\u00e9mentaire, imprim\u00e9 sur les manuscrits de l&#039;auteur. Dans lequel des observations, faites sur les commencemens et les progr\u00e8s de cette langue, d\u00e9montrent les vices des langues vulgaires, et font voir comment on pourroit, dans toutes les sciences, r\u00e9duire l&#039;art de raisonner \u00e0 une langue bien faite. - Libairie Clavreuil<\/title>\n<meta name=\"robots\" content=\"noindex, follow, max-snippet:-1, max-image-preview:large, max-video-preview:-1\" \/>\n<meta property=\"og:locale\" content=\"en_US\" \/>\n<meta property=\"og:type\" content=\"article\" \/>\n<meta property=\"og:title\" content=\"CONDILLAC abb\u00e9 Etienne Bonnot de La Langue des calculs, ouvrage posthume et \u00e9l\u00e9mentaire, imprim\u00e9 sur les manuscrits de l&#039;auteur. Dans lequel des observations, faites sur les commencemens et les progr\u00e8s de cette langue, d\u00e9montrent les vices des langues vulgaires, et font voir comment on pourroit, dans toutes les sciences, r\u00e9duire l&#039;art de raisonner \u00e0 une langue bien faite. - Libairie Clavreuil\" \/>\n<meta property=\"og:description\" content=\"8vo (193 x 114 mm) 2 unn.l. et 484 pp. Sheep, flat spine gilt (contemporary binding).\" \/>\n<meta property=\"og:url\" content=\"https:\/\/clavreuil-wordpress.logiciel-arteo.fr\/en\/la-langue-des-calculs-ouvrage-posthume-et-elementaire-imprime-sur-les-manuscrits-de-lauteur-dans-lequel-des-observations-faites-sur-les-commencemens-et-les-progres-de-cette-langue-demontrent-le\/\" \/>\n<meta property=\"og:site_name\" content=\"Libairie Clavreuil\" \/>\n<meta property=\"article:modified_time\" content=\"2024-04-22T13:13:59+00:00\" \/>\n<meta property=\"og:image\" content=\"https:\/\/clavreuil-wordpress.logiciel-arteo.fr\/wp-content\/uploads\/2024\/04\/abbe-etienne-bonnot-de-condillac-la-langue-des-calculs-ouvrage-posthume-et-elementaire-imprime-sur-les-manuscrits-de-l-auteur-dans-lequel-des-observat-scaled.jpg\" \/>\n\t<meta property=\"og:image:width\" content=\"1920\" \/>\n\t<meta property=\"og:image:height\" content=\"2560\" \/>\n\t<meta property=\"og:image:type\" content=\"image\/jpeg\" \/>\n<meta name=\"twitter:card\" content=\"summary_large_image\" \/>\n<script type=\"application\/ld+json\" class=\"yoast-schema-graph\">{\"@context\":\"https:\/\/schema.org\",\"@graph\":[{\"@type\":\"WebPage\",\"@id\":\"https:\/\/clavreuil-wordpress.logiciel-arteo.fr\/en\/la-langue-des-calculs-ouvrage-posthume-et-elementaire-imprime-sur-les-manuscrits-de-lauteur-dans-lequel-des-observations-faites-sur-les-commencemens-et-les-progres-de-cette-langue-demontrent-le\/\",\"url\":\"https:\/\/clavreuil-wordpress.logiciel-arteo.fr\/en\/la-langue-des-calculs-ouvrage-posthume-et-elementaire-imprime-sur-les-manuscrits-de-lauteur-dans-lequel-des-observations-faites-sur-les-commencemens-et-les-progres-de-cette-langue-demontrent-le\/\",\"name\":\"CONDILLAC abb\u00e9 Etienne Bonnot de La Langue des calculs, ouvrage posthume et \u00e9l\u00e9mentaire, imprim\u00e9 sur les manuscrits de l'auteur. Dans lequel des observations, faites sur les commencemens et les progr\u00e8s de cette langue, d\u00e9montrent les vices des langues vulgaires, et font voir comment on pourroit, dans toutes les sciences, r\u00e9duire l'art de raisonner \u00e0 une langue bien faite. - Libairie Clavreuil\",\"isPartOf\":{\"@id\":\"https:\/\/clavreuil-wordpress.logiciel-arteo.fr\/#website\"},\"primaryImageOfPage\":{\"@id\":\"https:\/\/clavreuil-wordpress.logiciel-arteo.fr\/en\/la-langue-des-calculs-ouvrage-posthume-et-elementaire-imprime-sur-les-manuscrits-de-lauteur-dans-lequel-des-observations-faites-sur-les-commencemens-et-les-progres-de-cette-langue-demontrent-le\/#primaryimage\"},\"image\":{\"@id\":\"https:\/\/clavreuil-wordpress.logiciel-arteo.fr\/en\/la-langue-des-calculs-ouvrage-posthume-et-elementaire-imprime-sur-les-manuscrits-de-lauteur-dans-lequel-des-observations-faites-sur-les-commencemens-et-les-progres-de-cette-langue-demontrent-le\/#primaryimage\"},\"thumbnailUrl\":\"https:\/\/clavreuil-wordpress.logiciel-arteo.fr\/wp-content\/uploads\/2024\/04\/abbe-etienne-bonnot-de-condillac-la-langue-des-calculs-ouvrage-posthume-et-elementaire-imprime-sur-les-manuscrits-de-l-auteur-dans-lequel-des-observat-scaled.jpg\",\"datePublished\":\"2024-04-17T16:23:56+00:00\",\"dateModified\":\"2024-04-22T13:13:59+00:00\",\"breadcrumb\":{\"@id\":\"https:\/\/clavreuil-wordpress.logiciel-arteo.fr\/en\/la-langue-des-calculs-ouvrage-posthume-et-elementaire-imprime-sur-les-manuscrits-de-lauteur-dans-lequel-des-observations-faites-sur-les-commencemens-et-les-progres-de-cette-langue-demontrent-le\/#breadcrumb\"},\"inLanguage\":\"en-US\",\"potentialAction\":[{\"@type\":\"ReadAction\",\"target\":[\"https:\/\/clavreuil-wordpress.logiciel-arteo.fr\/en\/la-langue-des-calculs-ouvrage-posthume-et-elementaire-imprime-sur-les-manuscrits-de-lauteur-dans-lequel-des-observations-faites-sur-les-commencemens-et-les-progres-de-cette-langue-demontrent-le\/\"]}]},{\"@type\":\"ImageObject\",\"inLanguage\":\"en-US\",\"@id\":\"https:\/\/clavreuil-wordpress.logiciel-arteo.fr\/en\/la-langue-des-calculs-ouvrage-posthume-et-elementaire-imprime-sur-les-manuscrits-de-lauteur-dans-lequel-des-observations-faites-sur-les-commencemens-et-les-progres-de-cette-langue-demontrent-le\/#primaryimage\",\"url\":\"https:\/\/clavreuil-wordpress.logiciel-arteo.fr\/wp-content\/uploads\/2024\/04\/abbe-etienne-bonnot-de-condillac-la-langue-des-calculs-ouvrage-posthume-et-elementaire-imprime-sur-les-manuscrits-de-l-auteur-dans-lequel-des-observat-scaled.jpg\",\"contentUrl\":\"https:\/\/clavreuil-wordpress.logiciel-arteo.fr\/wp-content\/uploads\/2024\/04\/abbe-etienne-bonnot-de-condillac-la-langue-des-calculs-ouvrage-posthume-et-elementaire-imprime-sur-les-manuscrits-de-l-auteur-dans-lequel-des-observat-scaled.jpg\",\"width\":1920,\"height\":2560},{\"@type\":\"BreadcrumbList\",\"@id\":\"https:\/\/clavreuil-wordpress.logiciel-arteo.fr\/en\/la-langue-des-calculs-ouvrage-posthume-et-elementaire-imprime-sur-les-manuscrits-de-lauteur-dans-lequel-des-observations-faites-sur-les-commencemens-et-les-progres-de-cette-langue-demontrent-le\/#breadcrumb\",\"itemListElement\":[{\"@type\":\"ListItem\",\"position\":1,\"name\":\"Accueil\",\"item\":\"https:\/\/clavreuil-wordpress.logiciel-arteo.fr\/\"},{\"@type\":\"ListItem\",\"position\":2,\"name\":\"All our books\",\"item\":\"https:\/\/clavreuil-wordpress.logiciel-arteo.fr\/en\/all-our-books\/\"},{\"@type\":\"ListItem\",\"position\":3,\"name\":\"CONDILLAC abb\u00e9 Etienne Bonnot de La Langue des...\"}]},{\"@type\":\"WebSite\",\"@id\":\"https:\/\/clavreuil-wordpress.logiciel-arteo.fr\/#website\",\"url\":\"https:\/\/clavreuil-wordpress.logiciel-arteo.fr\/\",\"name\":\"Libairie Clavreuil\",\"description\":\"\",\"publisher\":{\"@id\":\"https:\/\/clavreuil-wordpress.logiciel-arteo.fr\/#organization\"},\"potentialAction\":[{\"@type\":\"SearchAction\",\"target\":{\"@type\":\"EntryPoint\",\"urlTemplate\":\"https:\/\/clavreuil-wordpress.logiciel-arteo.fr\/?s={search_term_string}\"},\"query-input\":{\"@type\":\"PropertyValueSpecification\",\"valueRequired\":true,\"valueName\":\"search_term_string\"}}],\"inLanguage\":\"en-US\"},{\"@type\":\"Organization\",\"@id\":\"https:\/\/clavreuil-wordpress.logiciel-arteo.fr\/#organization\",\"name\":\"Libairie Clavreuil\",\"url\":\"https:\/\/clavreuil-wordpress.logiciel-arteo.fr\/\",\"logo\":{\"@type\":\"ImageObject\",\"inLanguage\":\"en-US\",\"@id\":\"https:\/\/clavreuil-wordpress.logiciel-arteo.fr\/#\/schema\/logo\/image\/\",\"url\":\"https:\/\/clavreuil-wordpress.logiciel-arteo.fr\/wp-content\/uploads\/2021\/05\/LOGO_PNG_DATE-_gold.png\",\"contentUrl\":\"https:\/\/clavreuil-wordpress.logiciel-arteo.fr\/wp-content\/uploads\/2021\/05\/LOGO_PNG_DATE-_gold.png\",\"width\":2083,\"height\":1917,\"caption\":\"Libairie Clavreuil\"},\"image\":{\"@id\":\"https:\/\/clavreuil-wordpress.logiciel-arteo.fr\/#\/schema\/logo\/image\/\"}}]}<\/script>\n<!-- \/ Yoast SEO plugin. -->","yoast_head_json":{"title":"CONDILLAC abb\u00e9 Etienne Bonnot de La Langue des calculs, ouvrage posthume et \u00e9l\u00e9mentaire, imprim\u00e9 sur les manuscrits de l'auteur. Dans lequel des observations, faites sur les commencemens et les progr\u00e8s de cette langue, d\u00e9montrent les vices des langues vulgaires, et font voir comment on pourroit, dans toutes les sciences, r\u00e9duire l'art de raisonner \u00e0 une langue bien faite. - Libairie Clavreuil","robots":{"index":"noindex","follow":"follow","max-snippet":"max-snippet:-1","max-image-preview":"max-image-preview:large","max-video-preview":"max-video-preview:-1"},"og_locale":"en_US","og_type":"article","og_title":"CONDILLAC abb\u00e9 Etienne Bonnot de La Langue des calculs, ouvrage posthume et \u00e9l\u00e9mentaire, imprim\u00e9 sur les manuscrits de l'auteur. Dans lequel des observations, faites sur les commencemens et les progr\u00e8s de cette langue, d\u00e9montrent les vices des langues vulgaires, et font voir comment on pourroit, dans toutes les sciences, r\u00e9duire l'art de raisonner \u00e0 une langue bien faite. - Libairie Clavreuil","og_description":"8vo (193 x 114 mm) 2 unn.l. et 484 pp. Sheep, flat spine gilt (contemporary binding).","og_url":"https:\/\/clavreuil-wordpress.logiciel-arteo.fr\/en\/la-langue-des-calculs-ouvrage-posthume-et-elementaire-imprime-sur-les-manuscrits-de-lauteur-dans-lequel-des-observations-faites-sur-les-commencemens-et-les-progres-de-cette-langue-demontrent-le\/","og_site_name":"Libairie Clavreuil","article_modified_time":"2024-04-22T13:13:59+00:00","og_image":[{"width":1920,"height":2560,"url":"https:\/\/clavreuil-wordpress.logiciel-arteo.fr\/wp-content\/uploads\/2024\/04\/abbe-etienne-bonnot-de-condillac-la-langue-des-calculs-ouvrage-posthume-et-elementaire-imprime-sur-les-manuscrits-de-l-auteur-dans-lequel-des-observat-scaled.jpg","type":"image\/jpeg"}],"twitter_card":"summary_large_image","schema":{"@context":"https:\/\/schema.org","@graph":[{"@type":"WebPage","@id":"https:\/\/clavreuil-wordpress.logiciel-arteo.fr\/en\/la-langue-des-calculs-ouvrage-posthume-et-elementaire-imprime-sur-les-manuscrits-de-lauteur-dans-lequel-des-observations-faites-sur-les-commencemens-et-les-progres-de-cette-langue-demontrent-le\/","url":"https:\/\/clavreuil-wordpress.logiciel-arteo.fr\/en\/la-langue-des-calculs-ouvrage-posthume-et-elementaire-imprime-sur-les-manuscrits-de-lauteur-dans-lequel-des-observations-faites-sur-les-commencemens-et-les-progres-de-cette-langue-demontrent-le\/","name":"CONDILLAC abb\u00e9 Etienne Bonnot de La Langue des calculs, ouvrage posthume et \u00e9l\u00e9mentaire, imprim\u00e9 sur les manuscrits de l'auteur. Dans lequel des observations, faites sur les commencemens et les progr\u00e8s de cette langue, d\u00e9montrent les vices des langues vulgaires, et font voir comment on pourroit, dans toutes les sciences, r\u00e9duire l'art de raisonner \u00e0 une langue bien faite. - Libairie Clavreuil","isPartOf":{"@id":"https:\/\/clavreuil-wordpress.logiciel-arteo.fr\/#website"},"primaryImageOfPage":{"@id":"https:\/\/clavreuil-wordpress.logiciel-arteo.fr\/en\/la-langue-des-calculs-ouvrage-posthume-et-elementaire-imprime-sur-les-manuscrits-de-lauteur-dans-lequel-des-observations-faites-sur-les-commencemens-et-les-progres-de-cette-langue-demontrent-le\/#primaryimage"},"image":{"@id":"https:\/\/clavreuil-wordpress.logiciel-arteo.fr\/en\/la-langue-des-calculs-ouvrage-posthume-et-elementaire-imprime-sur-les-manuscrits-de-lauteur-dans-lequel-des-observations-faites-sur-les-commencemens-et-les-progres-de-cette-langue-demontrent-le\/#primaryimage"},"thumbnailUrl":"https:\/\/clavreuil-wordpress.logiciel-arteo.fr\/wp-content\/uploads\/2024\/04\/abbe-etienne-bonnot-de-condillac-la-langue-des-calculs-ouvrage-posthume-et-elementaire-imprime-sur-les-manuscrits-de-l-auteur-dans-lequel-des-observat-scaled.jpg","datePublished":"2024-04-17T16:23:56+00:00","dateModified":"2024-04-22T13:13:59+00:00","breadcrumb":{"@id":"https:\/\/clavreuil-wordpress.logiciel-arteo.fr\/en\/la-langue-des-calculs-ouvrage-posthume-et-elementaire-imprime-sur-les-manuscrits-de-lauteur-dans-lequel-des-observations-faites-sur-les-commencemens-et-les-progres-de-cette-langue-demontrent-le\/#breadcrumb"},"inLanguage":"en-US","potentialAction":[{"@type":"ReadAction","target":["https:\/\/clavreuil-wordpress.logiciel-arteo.fr\/en\/la-langue-des-calculs-ouvrage-posthume-et-elementaire-imprime-sur-les-manuscrits-de-lauteur-dans-lequel-des-observations-faites-sur-les-commencemens-et-les-progres-de-cette-langue-demontrent-le\/"]}]},{"@type":"ImageObject","inLanguage":"en-US","@id":"https:\/\/clavreuil-wordpress.logiciel-arteo.fr\/en\/la-langue-des-calculs-ouvrage-posthume-et-elementaire-imprime-sur-les-manuscrits-de-lauteur-dans-lequel-des-observations-faites-sur-les-commencemens-et-les-progres-de-cette-langue-demontrent-le\/#primaryimage","url":"https:\/\/clavreuil-wordpress.logiciel-arteo.fr\/wp-content\/uploads\/2024\/04\/abbe-etienne-bonnot-de-condillac-la-langue-des-calculs-ouvrage-posthume-et-elementaire-imprime-sur-les-manuscrits-de-l-auteur-dans-lequel-des-observat-scaled.jpg","contentUrl":"https:\/\/clavreuil-wordpress.logiciel-arteo.fr\/wp-content\/uploads\/2024\/04\/abbe-etienne-bonnot-de-condillac-la-langue-des-calculs-ouvrage-posthume-et-elementaire-imprime-sur-les-manuscrits-de-l-auteur-dans-lequel-des-observat-scaled.jpg","width":1920,"height":2560},{"@type":"BreadcrumbList","@id":"https:\/\/clavreuil-wordpress.logiciel-arteo.fr\/en\/la-langue-des-calculs-ouvrage-posthume-et-elementaire-imprime-sur-les-manuscrits-de-lauteur-dans-lequel-des-observations-faites-sur-les-commencemens-et-les-progres-de-cette-langue-demontrent-le\/#breadcrumb","itemListElement":[{"@type":"ListItem","position":1,"name":"Accueil","item":"https:\/\/clavreuil-wordpress.logiciel-arteo.fr\/"},{"@type":"ListItem","position":2,"name":"All our books","item":"https:\/\/clavreuil-wordpress.logiciel-arteo.fr\/en\/all-our-books\/"},{"@type":"ListItem","position":3,"name":"CONDILLAC abb\u00e9 Etienne Bonnot de La Langue des..."}]},{"@type":"WebSite","@id":"https:\/\/clavreuil-wordpress.logiciel-arteo.fr\/#website","url":"https:\/\/clavreuil-wordpress.logiciel-arteo.fr\/","name":"Libairie Clavreuil","description":"","publisher":{"@id":"https:\/\/clavreuil-wordpress.logiciel-arteo.fr\/#organization"},"potentialAction":[{"@type":"SearchAction","target":{"@type":"EntryPoint","urlTemplate":"https:\/\/clavreuil-wordpress.logiciel-arteo.fr\/?s={search_term_string}"},"query-input":{"@type":"PropertyValueSpecification","valueRequired":true,"valueName":"search_term_string"}}],"inLanguage":"en-US"},{"@type":"Organization","@id":"https:\/\/clavreuil-wordpress.logiciel-arteo.fr\/#organization","name":"Libairie Clavreuil","url":"https:\/\/clavreuil-wordpress.logiciel-arteo.fr\/","logo":{"@type":"ImageObject","inLanguage":"en-US","@id":"https:\/\/clavreuil-wordpress.logiciel-arteo.fr\/#\/schema\/logo\/image\/","url":"https:\/\/clavreuil-wordpress.logiciel-arteo.fr\/wp-content\/uploads\/2021\/05\/LOGO_PNG_DATE-_gold.png","contentUrl":"https:\/\/clavreuil-wordpress.logiciel-arteo.fr\/wp-content\/uploads\/2021\/05\/LOGO_PNG_DATE-_gold.png","width":2083,"height":1917,"caption":"Libairie Clavreuil"},"image":{"@id":"https:\/\/clavreuil-wordpress.logiciel-arteo.fr\/#\/schema\/logo\/image\/"}}]}},"_links":{"self":[{"href":"https:\/\/clavreuil-wordpress.logiciel-arteo.fr\/en\/wp-json\/wp\/v2\/product\/72578","targetHints":{"allow":["GET"]}}],"collection":[{"href":"https:\/\/clavreuil-wordpress.logiciel-arteo.fr\/en\/wp-json\/wp\/v2\/product"}],"about":[{"href":"https:\/\/clavreuil-wordpress.logiciel-arteo.fr\/en\/wp-json\/wp\/v2\/types\/product"}],"replies":[{"embeddable":true,"href":"https:\/\/clavreuil-wordpress.logiciel-arteo.fr\/en\/wp-json\/wp\/v2\/comments?post=72578"}],"wp:featuredmedia":[{"embeddable":true,"href":"https:\/\/clavreuil-wordpress.logiciel-arteo.fr\/en\/wp-json\/wp\/v2\/media\/72571"}],"wp:attachment":[{"href":"https:\/\/clavreuil-wordpress.logiciel-arteo.fr\/en\/wp-json\/wp\/v2\/media?parent=72578"}],"wp:term":[{"taxonomy":"product_brand","embeddable":true,"href":"https:\/\/clavreuil-wordpress.logiciel-arteo.fr\/en\/wp-json\/wp\/v2\/product_brand?post=72578"},{"taxonomy":"product_cat","embeddable":true,"href":"https:\/\/clavreuil-wordpress.logiciel-arteo.fr\/en\/wp-json\/wp\/v2\/product_cat?post=72578"},{"taxonomy":"product_tag","embeddable":true,"href":"https:\/\/clavreuil-wordpress.logiciel-arteo.fr\/en\/wp-json\/wp\/v2\/product_tag?post=72578"}],"curies":[{"name":"wp","href":"https:\/\/api.w.org\/{rel}","templated":true}]}}