{"id":72592,"date":"2024-04-17T18:25:20","date_gmt":"2024-04-17T16:25:20","guid":{"rendered":"https:\/\/clavreuil-wordpress.logiciel-arteo.fr\/nouveaux-elemens-de-geometrie-contenant-outre-un-ordre-tout-nouveau-de-nouvelles-demonstrations-des-propositions-les-plus-communes-de-nouveaux-moyens-de-faire-voir-quelles-lignes-sont-incommen\/"},"modified":"2024-04-22T15:11:24","modified_gmt":"2024-04-22T13:11:24","slug":"nouveaux-elemens-de-geometrie-contenant-outre-un-ordre-tout-nouveau-de-nouvelles-demonstrations-des-propositions-les-plus-communes-de-nouveaux-moyens-de-faire-voir-quelles-lignes-sont-incommen","status":"publish","type":"product","link":"https:\/\/clavreuil-wordpress.logiciel-arteo.fr\/en\/nouveaux-elemens-de-geometrie-contenant-outre-un-ordre-tout-nouveau-de-nouvelles-demonstrations-des-propositions-les-plus-communes-de-nouveaux-moyens-de-faire-voir-quelles-lignes-sont-incommen\/","title":{"rendered":"ARNAULD Antoine Nouveaux \u00e9l\u00e9mens de g\u00e9om\u00e9trie contenant, outre..."},"content":{"rendered":"<p style=\"text-align:justify\"><em>DSB., I, p. 291.<\/em><\/p>\n<p style=\"text-align:justify\">First edition.<\/p>\n<p style=\"text-align:justify\">This work contains Pascal&#039;s solution to the problem of magic squares. Written with a pedagogical aim, these<em> Nouveaux El&eacute;mens<\/em> are characterised by a clear and precise exposition of Euclid&#039;s geometry, whose theorems are presented in a new order, in the light of contemporary authors, and under Pascal&#039;s influence. Pascal, a great friend of Arnauld, had published his<em> Lettres Provinciales<\/em> to defend him from an accusation of heresy.<\/p>\n<p>The problem relating to magic squares, solved by Fermat and Pascal, consisted in arranging the first integers in a square in such a way that the sum of the digits contained in each vertical, horizontal or diagonal row was always the same. Pascal&#039;s research on this subject has not come down to us directly, but he gave the results to his friend Arnauld, who published them as an appendix to his <em>G&eacute;om&eacute;trie<\/em>.<\/p>\n<p>Light waterstain, pages 199 and 251 have been inserted a second time after page 338.<\/p>\n","protected":false},"excerpt":{"rendered":"<p>4to (237 x 174 mm) 12 unn.l., 340 pp., 4 engraved plates. Calf, gilt spine with raised band (<em>contemporary binding<\/em>).<\/p>\n","protected":false},"featured_media":72585,"comment_status":"open","ping_status":"closed","template":"","meta":{"_acf_changed":false},"product_brand":[],"product_cat":[550],"product_tag":[947,1331],"class_list":{"0":"post-72592","1":"product","2":"type-product","3":"status-publish","4":"has-post-thumbnail","6":"product_cat-science","7":"product_tag-algebra","8":"product_tag-geometry","9":"pa_auteur-antoine-arnauld-2","10":"pa_type-de-livre-printed-book","12":"first","13":"instock","14":"shipping-taxable","15":"purchasable","16":"product-type-simple"},"acf":[],"yoast_head":"<!-- This site is optimized with the Yoast SEO plugin v24.3 - https:\/\/yoast.com\/wordpress\/plugins\/seo\/ -->\n<title>ARNAULD Antoine Nouveaux \u00e9l\u00e9mens de g\u00e9om\u00e9trie contenant, outre un ordre tout nouveau &amp; de nouvelles d\u00e9monstrations des propositions les plus communes, de nouveaux moyens de faire voir quelles lignes sont incommensurables, de nouvelles mesures des angles, dont on ne s&#039;\u00e9toit point encore avis\u00e9, et de nouvelles mani\u00e8res de trouver &amp; de d\u00e9montrer la proportion des lignes. - Libairie Clavreuil<\/title>\n<meta name=\"robots\" content=\"noindex, follow, max-snippet:-1, max-image-preview:large, max-video-preview:-1\" \/>\n<meta property=\"og:locale\" content=\"en_US\" \/>\n<meta property=\"og:type\" content=\"article\" \/>\n<meta property=\"og:title\" content=\"ARNAULD Antoine Nouveaux \u00e9l\u00e9mens de g\u00e9om\u00e9trie contenant, outre un ordre tout nouveau &amp; de nouvelles d\u00e9monstrations des propositions les plus communes, de nouveaux moyens de faire voir quelles lignes sont incommensurables, de nouvelles mesures des angles, dont on ne s&#039;\u00e9toit point encore avis\u00e9, et de nouvelles mani\u00e8res de trouver &amp; de d\u00e9montrer la proportion des lignes. - Libairie Clavreuil\" \/>\n<meta property=\"og:description\" content=\"4to (237 x 174 mm) 12 unn.l., 340 pp., 4 engraved plates. Calf, gilt spine with raised band (contemporary binding).\" \/>\n<meta property=\"og:url\" content=\"https:\/\/clavreuil-wordpress.logiciel-arteo.fr\/en\/nouveaux-elemens-de-geometrie-contenant-outre-un-ordre-tout-nouveau-de-nouvelles-demonstrations-des-propositions-les-plus-communes-de-nouveaux-moyens-de-faire-voir-quelles-lignes-sont-incommen\/\" \/>\n<meta property=\"og:site_name\" content=\"Libairie Clavreuil\" \/>\n<meta property=\"article:modified_time\" content=\"2024-04-22T13:11:24+00:00\" \/>\n<meta property=\"og:image\" content=\"https:\/\/clavreuil-wordpress.logiciel-arteo.fr\/wp-content\/uploads\/2024\/04\/pierre-arnauld-nouveaux-elemens-de-geometrie-contenant-outre-un-ordre-tout-nouveau-de-nouvelles-demonstrations-des-propositions-les-plus-communes-de-n-scaled.jpg\" \/>\n\t<meta property=\"og:image:width\" content=\"1813\" \/>\n\t<meta property=\"og:image:height\" content=\"2560\" \/>\n\t<meta property=\"og:image:type\" content=\"image\/jpeg\" \/>\n<meta name=\"twitter:card\" content=\"summary_large_image\" \/>\n<meta name=\"twitter:label1\" content=\"Est. reading time\" \/>\n\t<meta name=\"twitter:data1\" content=\"1 minute\" \/>\n<script type=\"application\/ld+json\" class=\"yoast-schema-graph\">{\"@context\":\"https:\/\/schema.org\",\"@graph\":[{\"@type\":\"WebPage\",\"@id\":\"https:\/\/clavreuil-wordpress.logiciel-arteo.fr\/en\/nouveaux-elemens-de-geometrie-contenant-outre-un-ordre-tout-nouveau-de-nouvelles-demonstrations-des-propositions-les-plus-communes-de-nouveaux-moyens-de-faire-voir-quelles-lignes-sont-incommen\/\",\"url\":\"https:\/\/clavreuil-wordpress.logiciel-arteo.fr\/en\/nouveaux-elemens-de-geometrie-contenant-outre-un-ordre-tout-nouveau-de-nouvelles-demonstrations-des-propositions-les-plus-communes-de-nouveaux-moyens-de-faire-voir-quelles-lignes-sont-incommen\/\",\"name\":\"ARNAULD Antoine Nouveaux \u00e9l\u00e9mens de g\u00e9om\u00e9trie contenant, outre un ordre tout nouveau &amp; de nouvelles d\u00e9monstrations des propositions les plus communes, de nouveaux moyens de faire voir quelles lignes sont incommensurables, de nouvelles mesures des angles, dont on ne s'\u00e9toit point encore avis\u00e9, et de nouvelles mani\u00e8res de trouver &amp; de d\u00e9montrer la proportion des lignes. - Libairie Clavreuil\",\"isPartOf\":{\"@id\":\"https:\/\/clavreuil-wordpress.logiciel-arteo.fr\/#website\"},\"primaryImageOfPage\":{\"@id\":\"https:\/\/clavreuil-wordpress.logiciel-arteo.fr\/en\/nouveaux-elemens-de-geometrie-contenant-outre-un-ordre-tout-nouveau-de-nouvelles-demonstrations-des-propositions-les-plus-communes-de-nouveaux-moyens-de-faire-voir-quelles-lignes-sont-incommen\/#primaryimage\"},\"image\":{\"@id\":\"https:\/\/clavreuil-wordpress.logiciel-arteo.fr\/en\/nouveaux-elemens-de-geometrie-contenant-outre-un-ordre-tout-nouveau-de-nouvelles-demonstrations-des-propositions-les-plus-communes-de-nouveaux-moyens-de-faire-voir-quelles-lignes-sont-incommen\/#primaryimage\"},\"thumbnailUrl\":\"https:\/\/clavreuil-wordpress.logiciel-arteo.fr\/wp-content\/uploads\/2024\/04\/pierre-arnauld-nouveaux-elemens-de-geometrie-contenant-outre-un-ordre-tout-nouveau-de-nouvelles-demonstrations-des-propositions-les-plus-communes-de-n-scaled.jpg\",\"datePublished\":\"2024-04-17T16:25:20+00:00\",\"dateModified\":\"2024-04-22T13:11:24+00:00\",\"breadcrumb\":{\"@id\":\"https:\/\/clavreuil-wordpress.logiciel-arteo.fr\/en\/nouveaux-elemens-de-geometrie-contenant-outre-un-ordre-tout-nouveau-de-nouvelles-demonstrations-des-propositions-les-plus-communes-de-nouveaux-moyens-de-faire-voir-quelles-lignes-sont-incommen\/#breadcrumb\"},\"inLanguage\":\"en-US\",\"potentialAction\":[{\"@type\":\"ReadAction\",\"target\":[\"https:\/\/clavreuil-wordpress.logiciel-arteo.fr\/en\/nouveaux-elemens-de-geometrie-contenant-outre-un-ordre-tout-nouveau-de-nouvelles-demonstrations-des-propositions-les-plus-communes-de-nouveaux-moyens-de-faire-voir-quelles-lignes-sont-incommen\/\"]}]},{\"@type\":\"ImageObject\",\"inLanguage\":\"en-US\",\"@id\":\"https:\/\/clavreuil-wordpress.logiciel-arteo.fr\/en\/nouveaux-elemens-de-geometrie-contenant-outre-un-ordre-tout-nouveau-de-nouvelles-demonstrations-des-propositions-les-plus-communes-de-nouveaux-moyens-de-faire-voir-quelles-lignes-sont-incommen\/#primaryimage\",\"url\":\"https:\/\/clavreuil-wordpress.logiciel-arteo.fr\/wp-content\/uploads\/2024\/04\/pierre-arnauld-nouveaux-elemens-de-geometrie-contenant-outre-un-ordre-tout-nouveau-de-nouvelles-demonstrations-des-propositions-les-plus-communes-de-n-scaled.jpg\",\"contentUrl\":\"https:\/\/clavreuil-wordpress.logiciel-arteo.fr\/wp-content\/uploads\/2024\/04\/pierre-arnauld-nouveaux-elemens-de-geometrie-contenant-outre-un-ordre-tout-nouveau-de-nouvelles-demonstrations-des-propositions-les-plus-communes-de-n-scaled.jpg\",\"width\":1813,\"height\":2560},{\"@type\":\"BreadcrumbList\",\"@id\":\"https:\/\/clavreuil-wordpress.logiciel-arteo.fr\/en\/nouveaux-elemens-de-geometrie-contenant-outre-un-ordre-tout-nouveau-de-nouvelles-demonstrations-des-propositions-les-plus-communes-de-nouveaux-moyens-de-faire-voir-quelles-lignes-sont-incommen\/#breadcrumb\",\"itemListElement\":[{\"@type\":\"ListItem\",\"position\":1,\"name\":\"Accueil\",\"item\":\"https:\/\/clavreuil-wordpress.logiciel-arteo.fr\/\"},{\"@type\":\"ListItem\",\"position\":2,\"name\":\"All our books\",\"item\":\"https:\/\/clavreuil-wordpress.logiciel-arteo.fr\/en\/all-our-books\/\"},{\"@type\":\"ListItem\",\"position\":3,\"name\":\"ARNAULD Antoine Nouveaux \u00e9l\u00e9mens de g\u00e9om\u00e9trie contenant, outre...\"}]},{\"@type\":\"WebSite\",\"@id\":\"https:\/\/clavreuil-wordpress.logiciel-arteo.fr\/#website\",\"url\":\"https:\/\/clavreuil-wordpress.logiciel-arteo.fr\/\",\"name\":\"Libairie Clavreuil\",\"description\":\"\",\"publisher\":{\"@id\":\"https:\/\/clavreuil-wordpress.logiciel-arteo.fr\/#organization\"},\"potentialAction\":[{\"@type\":\"SearchAction\",\"target\":{\"@type\":\"EntryPoint\",\"urlTemplate\":\"https:\/\/clavreuil-wordpress.logiciel-arteo.fr\/?s={search_term_string}\"},\"query-input\":{\"@type\":\"PropertyValueSpecification\",\"valueRequired\":true,\"valueName\":\"search_term_string\"}}],\"inLanguage\":\"en-US\"},{\"@type\":\"Organization\",\"@id\":\"https:\/\/clavreuil-wordpress.logiciel-arteo.fr\/#organization\",\"name\":\"Libairie Clavreuil\",\"url\":\"https:\/\/clavreuil-wordpress.logiciel-arteo.fr\/\",\"logo\":{\"@type\":\"ImageObject\",\"inLanguage\":\"en-US\",\"@id\":\"https:\/\/clavreuil-wordpress.logiciel-arteo.fr\/#\/schema\/logo\/image\/\",\"url\":\"https:\/\/clavreuil-wordpress.logiciel-arteo.fr\/wp-content\/uploads\/2021\/05\/LOGO_PNG_DATE-_gold.png\",\"contentUrl\":\"https:\/\/clavreuil-wordpress.logiciel-arteo.fr\/wp-content\/uploads\/2021\/05\/LOGO_PNG_DATE-_gold.png\",\"width\":2083,\"height\":1917,\"caption\":\"Libairie Clavreuil\"},\"image\":{\"@id\":\"https:\/\/clavreuil-wordpress.logiciel-arteo.fr\/#\/schema\/logo\/image\/\"}}]}<\/script>\n<!-- \/ Yoast SEO plugin. -->","yoast_head_json":{"title":"ARNAULD Antoine Nouveaux \u00e9l\u00e9mens de g\u00e9om\u00e9trie contenant, outre un ordre tout nouveau &amp; de nouvelles d\u00e9monstrations des propositions les plus communes, de nouveaux moyens de faire voir quelles lignes sont incommensurables, de nouvelles mesures des angles, dont on ne s'\u00e9toit point encore avis\u00e9, et de nouvelles mani\u00e8res de trouver &amp; de d\u00e9montrer la proportion des lignes. - Libairie Clavreuil","robots":{"index":"noindex","follow":"follow","max-snippet":"max-snippet:-1","max-image-preview":"max-image-preview:large","max-video-preview":"max-video-preview:-1"},"og_locale":"en_US","og_type":"article","og_title":"ARNAULD Antoine Nouveaux \u00e9l\u00e9mens de g\u00e9om\u00e9trie contenant, outre un ordre tout nouveau &amp; de nouvelles d\u00e9monstrations des propositions les plus communes, de nouveaux moyens de faire voir quelles lignes sont incommensurables, de nouvelles mesures des angles, dont on ne s'\u00e9toit point encore avis\u00e9, et de nouvelles mani\u00e8res de trouver &amp; de d\u00e9montrer la proportion des lignes. - Libairie Clavreuil","og_description":"4to (237 x 174 mm) 12 unn.l., 340 pp., 4 engraved plates. Calf, gilt spine with raised band (contemporary binding).","og_url":"https:\/\/clavreuil-wordpress.logiciel-arteo.fr\/en\/nouveaux-elemens-de-geometrie-contenant-outre-un-ordre-tout-nouveau-de-nouvelles-demonstrations-des-propositions-les-plus-communes-de-nouveaux-moyens-de-faire-voir-quelles-lignes-sont-incommen\/","og_site_name":"Libairie Clavreuil","article_modified_time":"2024-04-22T13:11:24+00:00","og_image":[{"width":1813,"height":2560,"url":"https:\/\/clavreuil-wordpress.logiciel-arteo.fr\/wp-content\/uploads\/2024\/04\/pierre-arnauld-nouveaux-elemens-de-geometrie-contenant-outre-un-ordre-tout-nouveau-de-nouvelles-demonstrations-des-propositions-les-plus-communes-de-n-scaled.jpg","type":"image\/jpeg"}],"twitter_card":"summary_large_image","twitter_misc":{"Est. reading time":"1 minute"},"schema":{"@context":"https:\/\/schema.org","@graph":[{"@type":"WebPage","@id":"https:\/\/clavreuil-wordpress.logiciel-arteo.fr\/en\/nouveaux-elemens-de-geometrie-contenant-outre-un-ordre-tout-nouveau-de-nouvelles-demonstrations-des-propositions-les-plus-communes-de-nouveaux-moyens-de-faire-voir-quelles-lignes-sont-incommen\/","url":"https:\/\/clavreuil-wordpress.logiciel-arteo.fr\/en\/nouveaux-elemens-de-geometrie-contenant-outre-un-ordre-tout-nouveau-de-nouvelles-demonstrations-des-propositions-les-plus-communes-de-nouveaux-moyens-de-faire-voir-quelles-lignes-sont-incommen\/","name":"ARNAULD Antoine Nouveaux \u00e9l\u00e9mens de g\u00e9om\u00e9trie contenant, outre un ordre tout nouveau &amp; de nouvelles d\u00e9monstrations des propositions les plus communes, de nouveaux moyens de faire voir quelles lignes sont incommensurables, de nouvelles mesures des angles, dont on ne s'\u00e9toit point encore avis\u00e9, et de nouvelles mani\u00e8res de trouver &amp; de d\u00e9montrer la proportion des lignes. - Libairie Clavreuil","isPartOf":{"@id":"https:\/\/clavreuil-wordpress.logiciel-arteo.fr\/#website"},"primaryImageOfPage":{"@id":"https:\/\/clavreuil-wordpress.logiciel-arteo.fr\/en\/nouveaux-elemens-de-geometrie-contenant-outre-un-ordre-tout-nouveau-de-nouvelles-demonstrations-des-propositions-les-plus-communes-de-nouveaux-moyens-de-faire-voir-quelles-lignes-sont-incommen\/#primaryimage"},"image":{"@id":"https:\/\/clavreuil-wordpress.logiciel-arteo.fr\/en\/nouveaux-elemens-de-geometrie-contenant-outre-un-ordre-tout-nouveau-de-nouvelles-demonstrations-des-propositions-les-plus-communes-de-nouveaux-moyens-de-faire-voir-quelles-lignes-sont-incommen\/#primaryimage"},"thumbnailUrl":"https:\/\/clavreuil-wordpress.logiciel-arteo.fr\/wp-content\/uploads\/2024\/04\/pierre-arnauld-nouveaux-elemens-de-geometrie-contenant-outre-un-ordre-tout-nouveau-de-nouvelles-demonstrations-des-propositions-les-plus-communes-de-n-scaled.jpg","datePublished":"2024-04-17T16:25:20+00:00","dateModified":"2024-04-22T13:11:24+00:00","breadcrumb":{"@id":"https:\/\/clavreuil-wordpress.logiciel-arteo.fr\/en\/nouveaux-elemens-de-geometrie-contenant-outre-un-ordre-tout-nouveau-de-nouvelles-demonstrations-des-propositions-les-plus-communes-de-nouveaux-moyens-de-faire-voir-quelles-lignes-sont-incommen\/#breadcrumb"},"inLanguage":"en-US","potentialAction":[{"@type":"ReadAction","target":["https:\/\/clavreuil-wordpress.logiciel-arteo.fr\/en\/nouveaux-elemens-de-geometrie-contenant-outre-un-ordre-tout-nouveau-de-nouvelles-demonstrations-des-propositions-les-plus-communes-de-nouveaux-moyens-de-faire-voir-quelles-lignes-sont-incommen\/"]}]},{"@type":"ImageObject","inLanguage":"en-US","@id":"https:\/\/clavreuil-wordpress.logiciel-arteo.fr\/en\/nouveaux-elemens-de-geometrie-contenant-outre-un-ordre-tout-nouveau-de-nouvelles-demonstrations-des-propositions-les-plus-communes-de-nouveaux-moyens-de-faire-voir-quelles-lignes-sont-incommen\/#primaryimage","url":"https:\/\/clavreuil-wordpress.logiciel-arteo.fr\/wp-content\/uploads\/2024\/04\/pierre-arnauld-nouveaux-elemens-de-geometrie-contenant-outre-un-ordre-tout-nouveau-de-nouvelles-demonstrations-des-propositions-les-plus-communes-de-n-scaled.jpg","contentUrl":"https:\/\/clavreuil-wordpress.logiciel-arteo.fr\/wp-content\/uploads\/2024\/04\/pierre-arnauld-nouveaux-elemens-de-geometrie-contenant-outre-un-ordre-tout-nouveau-de-nouvelles-demonstrations-des-propositions-les-plus-communes-de-n-scaled.jpg","width":1813,"height":2560},{"@type":"BreadcrumbList","@id":"https:\/\/clavreuil-wordpress.logiciel-arteo.fr\/en\/nouveaux-elemens-de-geometrie-contenant-outre-un-ordre-tout-nouveau-de-nouvelles-demonstrations-des-propositions-les-plus-communes-de-nouveaux-moyens-de-faire-voir-quelles-lignes-sont-incommen\/#breadcrumb","itemListElement":[{"@type":"ListItem","position":1,"name":"Accueil","item":"https:\/\/clavreuil-wordpress.logiciel-arteo.fr\/"},{"@type":"ListItem","position":2,"name":"All our books","item":"https:\/\/clavreuil-wordpress.logiciel-arteo.fr\/en\/all-our-books\/"},{"@type":"ListItem","position":3,"name":"ARNAULD Antoine Nouveaux \u00e9l\u00e9mens de g\u00e9om\u00e9trie contenant, outre..."}]},{"@type":"WebSite","@id":"https:\/\/clavreuil-wordpress.logiciel-arteo.fr\/#website","url":"https:\/\/clavreuil-wordpress.logiciel-arteo.fr\/","name":"Libairie Clavreuil","description":"","publisher":{"@id":"https:\/\/clavreuil-wordpress.logiciel-arteo.fr\/#organization"},"potentialAction":[{"@type":"SearchAction","target":{"@type":"EntryPoint","urlTemplate":"https:\/\/clavreuil-wordpress.logiciel-arteo.fr\/?s={search_term_string}"},"query-input":{"@type":"PropertyValueSpecification","valueRequired":true,"valueName":"search_term_string"}}],"inLanguage":"en-US"},{"@type":"Organization","@id":"https:\/\/clavreuil-wordpress.logiciel-arteo.fr\/#organization","name":"Libairie Clavreuil","url":"https:\/\/clavreuil-wordpress.logiciel-arteo.fr\/","logo":{"@type":"ImageObject","inLanguage":"en-US","@id":"https:\/\/clavreuil-wordpress.logiciel-arteo.fr\/#\/schema\/logo\/image\/","url":"https:\/\/clavreuil-wordpress.logiciel-arteo.fr\/wp-content\/uploads\/2021\/05\/LOGO_PNG_DATE-_gold.png","contentUrl":"https:\/\/clavreuil-wordpress.logiciel-arteo.fr\/wp-content\/uploads\/2021\/05\/LOGO_PNG_DATE-_gold.png","width":2083,"height":1917,"caption":"Libairie Clavreuil"},"image":{"@id":"https:\/\/clavreuil-wordpress.logiciel-arteo.fr\/#\/schema\/logo\/image\/"}}]}},"_links":{"self":[{"href":"https:\/\/clavreuil-wordpress.logiciel-arteo.fr\/en\/wp-json\/wp\/v2\/product\/72592","targetHints":{"allow":["GET"]}}],"collection":[{"href":"https:\/\/clavreuil-wordpress.logiciel-arteo.fr\/en\/wp-json\/wp\/v2\/product"}],"about":[{"href":"https:\/\/clavreuil-wordpress.logiciel-arteo.fr\/en\/wp-json\/wp\/v2\/types\/product"}],"replies":[{"embeddable":true,"href":"https:\/\/clavreuil-wordpress.logiciel-arteo.fr\/en\/wp-json\/wp\/v2\/comments?post=72592"}],"wp:featuredmedia":[{"embeddable":true,"href":"https:\/\/clavreuil-wordpress.logiciel-arteo.fr\/en\/wp-json\/wp\/v2\/media\/72585"}],"wp:attachment":[{"href":"https:\/\/clavreuil-wordpress.logiciel-arteo.fr\/en\/wp-json\/wp\/v2\/media?parent=72592"}],"wp:term":[{"taxonomy":"product_brand","embeddable":true,"href":"https:\/\/clavreuil-wordpress.logiciel-arteo.fr\/en\/wp-json\/wp\/v2\/product_brand?post=72592"},{"taxonomy":"product_cat","embeddable":true,"href":"https:\/\/clavreuil-wordpress.logiciel-arteo.fr\/en\/wp-json\/wp\/v2\/product_cat?post=72592"},{"taxonomy":"product_tag","embeddable":true,"href":"https:\/\/clavreuil-wordpress.logiciel-arteo.fr\/en\/wp-json\/wp\/v2\/product_tag?post=72592"}],"curies":[{"name":"wp","href":"https:\/\/api.w.org\/{rel}","templated":true}]}}