{"id":72606,"date":"2024-04-17T18:26:30","date_gmt":"2024-04-17T16:26:30","guid":{"rendered":"https:\/\/clavreuil-wordpress.logiciel-arteo.fr\/oeuvres-comprenant-tous-les-traitez-de-cet-auteur-tant-ceux-qui-avaient-deja-paru-separement-que-ceux-qui-navaient-pas-encore-ete-publies-edme-mariotte\/"},"modified":"2024-04-22T15:05:29","modified_gmt":"2024-04-22T13:05:29","slug":"oeuvres-comprenant-tous-les-traitez-de-cet-auteur-tant-ceux-qui-avaient-deja-paru-separement-que-ceux-qui-navaient-pas-encore-ete-publies-edme-mariotte","status":"publish","type":"product","link":"https:\/\/clavreuil-wordpress.logiciel-arteo.fr\/en\/oeuvres-comprenant-tous-les-traitez-de-cet-auteur-tant-ceux-qui-avaient-deja-paru-separement-que-ceux-qui-navaient-pas-encore-ete-publies-edme-mariotte\/","title":{"rendered":"MARIOTTE Edme Oeuvres, comprenant tous les Traitez de..."},"content":{"rendered":"<p style=\"text-align:justify\"><em>Roberts &amp; Trent, p. 217-218; DSB, IX, 114-122.<\/em><\/p>\n<p style=\"text-align:justify\">First collected edition and very uncommon, containing &quot;most of Mariotte&#039;s published papers, together with the previously unpublished Trait&eacute; du mouvement des pendules, which Huygens possessed in manuscript form and had given to the University of Leyden&quot; (Roberts &amp; Trent).<\/p>\n<p style=\"text-align:justify\">Mariotte wrote on a variety of subjects including physics, botany, mechanics, colors theory and logic.<\/p>\n<p style=\"text-align:justify\">Volume II contains his important work on hydraulics (<em>Trait&eacute; du mouvement des eaux<\/em>).<\/p>\n<p style=\"text-align:justify\">Nicely bound copy, some quires browned including the title pages.<\/p>\n","protected":false},"excerpt":{"rendered":"<p>2 volumes, 4to (249 x 190 mm) 6 unn.ll., 320 pp., 13 engraved plates for volume I; 2 unn.ll., pp.322 to 701, 17 unn.ll., 13 engraved plates for volume II. Contemporary polished calf, spine gilt.<\/p>\n","protected":false},"featured_media":72597,"comment_status":"open","ping_status":"closed","template":"","meta":{"_acf_changed":false},"product_brand":[],"product_cat":[550],"product_tag":[],"class_list":{"0":"post-72606","1":"product","2":"type-product","3":"status-publish","4":"has-post-thumbnail","6":"product_cat-science","7":"pa_auteur-edme-mariotte-2","8":"pa_type-de-livre-printed-book","10":"first","11":"instock","12":"shipping-taxable","13":"purchasable","14":"product-type-simple"},"acf":[],"yoast_head":"<!-- This site is optimized with the Yoast SEO plugin v24.3 - https:\/\/yoast.com\/wordpress\/plugins\/seo\/ -->\n<title>MARIOTTE Edme Oeuvres, comprenant tous les Traitez de cet Auteur, tant ceux qui avaient d\u00e9j\u00e0 paru s\u00e9par\u00e9ment, que ceux qui n&#039;avaient pas encore \u00e9t\u00e9 publi\u00e9s. - Libairie Clavreuil<\/title>\n<meta name=\"robots\" content=\"noindex, follow, max-snippet:-1, max-image-preview:large, max-video-preview:-1\" \/>\n<meta property=\"og:locale\" content=\"en_US\" \/>\n<meta property=\"og:type\" content=\"article\" \/>\n<meta property=\"og:title\" content=\"MARIOTTE Edme Oeuvres, comprenant tous les Traitez de cet Auteur, tant ceux qui avaient d\u00e9j\u00e0 paru s\u00e9par\u00e9ment, que ceux qui n&#039;avaient pas encore \u00e9t\u00e9 publi\u00e9s. - Libairie Clavreuil\" \/>\n<meta property=\"og:description\" content=\"2 volumes, 4to (249 x 190 mm) 6 unn.ll., 320 pp., 13 engraved plates for volume I; 2 unn.ll., pp.322 to 701, 17 unn.ll., 13 engraved plates for volume II. Contemporary polished calf, spine gilt.\" \/>\n<meta property=\"og:url\" content=\"https:\/\/clavreuil-wordpress.logiciel-arteo.fr\/en\/oeuvres-comprenant-tous-les-traitez-de-cet-auteur-tant-ceux-qui-avaient-deja-paru-separement-que-ceux-qui-navaient-pas-encore-ete-publies-edme-mariotte\/\" \/>\n<meta property=\"og:site_name\" content=\"Libairie Clavreuil\" \/>\n<meta property=\"article:modified_time\" content=\"2024-04-22T13:05:29+00:00\" \/>\n<meta property=\"og:image\" content=\"https:\/\/clavreuil-wordpress.logiciel-arteo.fr\/wp-content\/uploads\/2024\/04\/edme-mariotte-oeuvres-comprenant-tous-les-traitez-de-cet-auteur-tant-ceux-qui-avaient-deja-paru-separement-que-ceux-qui-n-avaient-pas-encore-ete-publi-scaled.jpg\" \/>\n\t<meta property=\"og:image:width\" content=\"1963\" \/>\n\t<meta property=\"og:image:height\" content=\"2560\" \/>\n\t<meta property=\"og:image:type\" content=\"image\/jpeg\" \/>\n<meta name=\"twitter:card\" content=\"summary_large_image\" \/>\n<script type=\"application\/ld+json\" class=\"yoast-schema-graph\">{\"@context\":\"https:\/\/schema.org\",\"@graph\":[{\"@type\":\"WebPage\",\"@id\":\"https:\/\/clavreuil-wordpress.logiciel-arteo.fr\/en\/oeuvres-comprenant-tous-les-traitez-de-cet-auteur-tant-ceux-qui-avaient-deja-paru-separement-que-ceux-qui-navaient-pas-encore-ete-publies-edme-mariotte\/\",\"url\":\"https:\/\/clavreuil-wordpress.logiciel-arteo.fr\/en\/oeuvres-comprenant-tous-les-traitez-de-cet-auteur-tant-ceux-qui-avaient-deja-paru-separement-que-ceux-qui-navaient-pas-encore-ete-publies-edme-mariotte\/\",\"name\":\"MARIOTTE Edme Oeuvres, comprenant tous les Traitez de cet Auteur, tant ceux qui avaient d\u00e9j\u00e0 paru s\u00e9par\u00e9ment, que ceux qui n'avaient pas encore \u00e9t\u00e9 publi\u00e9s. - Libairie Clavreuil\",\"isPartOf\":{\"@id\":\"https:\/\/clavreuil-wordpress.logiciel-arteo.fr\/#website\"},\"primaryImageOfPage\":{\"@id\":\"https:\/\/clavreuil-wordpress.logiciel-arteo.fr\/en\/oeuvres-comprenant-tous-les-traitez-de-cet-auteur-tant-ceux-qui-avaient-deja-paru-separement-que-ceux-qui-navaient-pas-encore-ete-publies-edme-mariotte\/#primaryimage\"},\"image\":{\"@id\":\"https:\/\/clavreuil-wordpress.logiciel-arteo.fr\/en\/oeuvres-comprenant-tous-les-traitez-de-cet-auteur-tant-ceux-qui-avaient-deja-paru-separement-que-ceux-qui-navaient-pas-encore-ete-publies-edme-mariotte\/#primaryimage\"},\"thumbnailUrl\":\"https:\/\/clavreuil-wordpress.logiciel-arteo.fr\/wp-content\/uploads\/2024\/04\/edme-mariotte-oeuvres-comprenant-tous-les-traitez-de-cet-auteur-tant-ceux-qui-avaient-deja-paru-separement-que-ceux-qui-n-avaient-pas-encore-ete-publi-scaled.jpg\",\"datePublished\":\"2024-04-17T16:26:30+00:00\",\"dateModified\":\"2024-04-22T13:05:29+00:00\",\"breadcrumb\":{\"@id\":\"https:\/\/clavreuil-wordpress.logiciel-arteo.fr\/en\/oeuvres-comprenant-tous-les-traitez-de-cet-auteur-tant-ceux-qui-avaient-deja-paru-separement-que-ceux-qui-navaient-pas-encore-ete-publies-edme-mariotte\/#breadcrumb\"},\"inLanguage\":\"en-US\",\"potentialAction\":[{\"@type\":\"ReadAction\",\"target\":[\"https:\/\/clavreuil-wordpress.logiciel-arteo.fr\/en\/oeuvres-comprenant-tous-les-traitez-de-cet-auteur-tant-ceux-qui-avaient-deja-paru-separement-que-ceux-qui-navaient-pas-encore-ete-publies-edme-mariotte\/\"]}]},{\"@type\":\"ImageObject\",\"inLanguage\":\"en-US\",\"@id\":\"https:\/\/clavreuil-wordpress.logiciel-arteo.fr\/en\/oeuvres-comprenant-tous-les-traitez-de-cet-auteur-tant-ceux-qui-avaient-deja-paru-separement-que-ceux-qui-navaient-pas-encore-ete-publies-edme-mariotte\/#primaryimage\",\"url\":\"https:\/\/clavreuil-wordpress.logiciel-arteo.fr\/wp-content\/uploads\/2024\/04\/edme-mariotte-oeuvres-comprenant-tous-les-traitez-de-cet-auteur-tant-ceux-qui-avaient-deja-paru-separement-que-ceux-qui-n-avaient-pas-encore-ete-publi-scaled.jpg\",\"contentUrl\":\"https:\/\/clavreuil-wordpress.logiciel-arteo.fr\/wp-content\/uploads\/2024\/04\/edme-mariotte-oeuvres-comprenant-tous-les-traitez-de-cet-auteur-tant-ceux-qui-avaient-deja-paru-separement-que-ceux-qui-n-avaient-pas-encore-ete-publi-scaled.jpg\",\"width\":1963,\"height\":2560},{\"@type\":\"BreadcrumbList\",\"@id\":\"https:\/\/clavreuil-wordpress.logiciel-arteo.fr\/en\/oeuvres-comprenant-tous-les-traitez-de-cet-auteur-tant-ceux-qui-avaient-deja-paru-separement-que-ceux-qui-navaient-pas-encore-ete-publies-edme-mariotte\/#breadcrumb\",\"itemListElement\":[{\"@type\":\"ListItem\",\"position\":1,\"name\":\"Accueil\",\"item\":\"https:\/\/clavreuil-wordpress.logiciel-arteo.fr\/\"},{\"@type\":\"ListItem\",\"position\":2,\"name\":\"All our books\",\"item\":\"https:\/\/clavreuil-wordpress.logiciel-arteo.fr\/en\/all-our-books\/\"},{\"@type\":\"ListItem\",\"position\":3,\"name\":\"MARIOTTE Edme Oeuvres, comprenant tous les Traitez de...\"}]},{\"@type\":\"WebSite\",\"@id\":\"https:\/\/clavreuil-wordpress.logiciel-arteo.fr\/#website\",\"url\":\"https:\/\/clavreuil-wordpress.logiciel-arteo.fr\/\",\"name\":\"Libairie Clavreuil\",\"description\":\"\",\"publisher\":{\"@id\":\"https:\/\/clavreuil-wordpress.logiciel-arteo.fr\/#organization\"},\"potentialAction\":[{\"@type\":\"SearchAction\",\"target\":{\"@type\":\"EntryPoint\",\"urlTemplate\":\"https:\/\/clavreuil-wordpress.logiciel-arteo.fr\/?s={search_term_string}\"},\"query-input\":{\"@type\":\"PropertyValueSpecification\",\"valueRequired\":true,\"valueName\":\"search_term_string\"}}],\"inLanguage\":\"en-US\"},{\"@type\":\"Organization\",\"@id\":\"https:\/\/clavreuil-wordpress.logiciel-arteo.fr\/#organization\",\"name\":\"Libairie Clavreuil\",\"url\":\"https:\/\/clavreuil-wordpress.logiciel-arteo.fr\/\",\"logo\":{\"@type\":\"ImageObject\",\"inLanguage\":\"en-US\",\"@id\":\"https:\/\/clavreuil-wordpress.logiciel-arteo.fr\/#\/schema\/logo\/image\/\",\"url\":\"https:\/\/clavreuil-wordpress.logiciel-arteo.fr\/wp-content\/uploads\/2021\/05\/LOGO_PNG_DATE-_gold.png\",\"contentUrl\":\"https:\/\/clavreuil-wordpress.logiciel-arteo.fr\/wp-content\/uploads\/2021\/05\/LOGO_PNG_DATE-_gold.png\",\"width\":2083,\"height\":1917,\"caption\":\"Libairie Clavreuil\"},\"image\":{\"@id\":\"https:\/\/clavreuil-wordpress.logiciel-arteo.fr\/#\/schema\/logo\/image\/\"}}]}<\/script>\n<!-- \/ Yoast SEO plugin. -->","yoast_head_json":{"title":"MARIOTTE Edme Oeuvres, comprenant tous les Traitez de cet Auteur, tant ceux qui avaient d\u00e9j\u00e0 paru s\u00e9par\u00e9ment, que ceux qui n'avaient pas encore \u00e9t\u00e9 publi\u00e9s. - Libairie Clavreuil","robots":{"index":"noindex","follow":"follow","max-snippet":"max-snippet:-1","max-image-preview":"max-image-preview:large","max-video-preview":"max-video-preview:-1"},"og_locale":"en_US","og_type":"article","og_title":"MARIOTTE Edme Oeuvres, comprenant tous les Traitez de cet Auteur, tant ceux qui avaient d\u00e9j\u00e0 paru s\u00e9par\u00e9ment, que ceux qui n'avaient pas encore \u00e9t\u00e9 publi\u00e9s. - Libairie Clavreuil","og_description":"2 volumes, 4to (249 x 190 mm) 6 unn.ll., 320 pp., 13 engraved plates for volume I; 2 unn.ll., pp.322 to 701, 17 unn.ll., 13 engraved plates for volume II. Contemporary polished calf, spine gilt.","og_url":"https:\/\/clavreuil-wordpress.logiciel-arteo.fr\/en\/oeuvres-comprenant-tous-les-traitez-de-cet-auteur-tant-ceux-qui-avaient-deja-paru-separement-que-ceux-qui-navaient-pas-encore-ete-publies-edme-mariotte\/","og_site_name":"Libairie Clavreuil","article_modified_time":"2024-04-22T13:05:29+00:00","og_image":[{"width":1963,"height":2560,"url":"https:\/\/clavreuil-wordpress.logiciel-arteo.fr\/wp-content\/uploads\/2024\/04\/edme-mariotte-oeuvres-comprenant-tous-les-traitez-de-cet-auteur-tant-ceux-qui-avaient-deja-paru-separement-que-ceux-qui-n-avaient-pas-encore-ete-publi-scaled.jpg","type":"image\/jpeg"}],"twitter_card":"summary_large_image","schema":{"@context":"https:\/\/schema.org","@graph":[{"@type":"WebPage","@id":"https:\/\/clavreuil-wordpress.logiciel-arteo.fr\/en\/oeuvres-comprenant-tous-les-traitez-de-cet-auteur-tant-ceux-qui-avaient-deja-paru-separement-que-ceux-qui-navaient-pas-encore-ete-publies-edme-mariotte\/","url":"https:\/\/clavreuil-wordpress.logiciel-arteo.fr\/en\/oeuvres-comprenant-tous-les-traitez-de-cet-auteur-tant-ceux-qui-avaient-deja-paru-separement-que-ceux-qui-navaient-pas-encore-ete-publies-edme-mariotte\/","name":"MARIOTTE Edme Oeuvres, comprenant tous les Traitez de cet Auteur, tant ceux qui avaient d\u00e9j\u00e0 paru s\u00e9par\u00e9ment, que ceux qui n'avaient pas encore \u00e9t\u00e9 publi\u00e9s. - Libairie Clavreuil","isPartOf":{"@id":"https:\/\/clavreuil-wordpress.logiciel-arteo.fr\/#website"},"primaryImageOfPage":{"@id":"https:\/\/clavreuil-wordpress.logiciel-arteo.fr\/en\/oeuvres-comprenant-tous-les-traitez-de-cet-auteur-tant-ceux-qui-avaient-deja-paru-separement-que-ceux-qui-navaient-pas-encore-ete-publies-edme-mariotte\/#primaryimage"},"image":{"@id":"https:\/\/clavreuil-wordpress.logiciel-arteo.fr\/en\/oeuvres-comprenant-tous-les-traitez-de-cet-auteur-tant-ceux-qui-avaient-deja-paru-separement-que-ceux-qui-navaient-pas-encore-ete-publies-edme-mariotte\/#primaryimage"},"thumbnailUrl":"https:\/\/clavreuil-wordpress.logiciel-arteo.fr\/wp-content\/uploads\/2024\/04\/edme-mariotte-oeuvres-comprenant-tous-les-traitez-de-cet-auteur-tant-ceux-qui-avaient-deja-paru-separement-que-ceux-qui-n-avaient-pas-encore-ete-publi-scaled.jpg","datePublished":"2024-04-17T16:26:30+00:00","dateModified":"2024-04-22T13:05:29+00:00","breadcrumb":{"@id":"https:\/\/clavreuil-wordpress.logiciel-arteo.fr\/en\/oeuvres-comprenant-tous-les-traitez-de-cet-auteur-tant-ceux-qui-avaient-deja-paru-separement-que-ceux-qui-navaient-pas-encore-ete-publies-edme-mariotte\/#breadcrumb"},"inLanguage":"en-US","potentialAction":[{"@type":"ReadAction","target":["https:\/\/clavreuil-wordpress.logiciel-arteo.fr\/en\/oeuvres-comprenant-tous-les-traitez-de-cet-auteur-tant-ceux-qui-avaient-deja-paru-separement-que-ceux-qui-navaient-pas-encore-ete-publies-edme-mariotte\/"]}]},{"@type":"ImageObject","inLanguage":"en-US","@id":"https:\/\/clavreuil-wordpress.logiciel-arteo.fr\/en\/oeuvres-comprenant-tous-les-traitez-de-cet-auteur-tant-ceux-qui-avaient-deja-paru-separement-que-ceux-qui-navaient-pas-encore-ete-publies-edme-mariotte\/#primaryimage","url":"https:\/\/clavreuil-wordpress.logiciel-arteo.fr\/wp-content\/uploads\/2024\/04\/edme-mariotte-oeuvres-comprenant-tous-les-traitez-de-cet-auteur-tant-ceux-qui-avaient-deja-paru-separement-que-ceux-qui-n-avaient-pas-encore-ete-publi-scaled.jpg","contentUrl":"https:\/\/clavreuil-wordpress.logiciel-arteo.fr\/wp-content\/uploads\/2024\/04\/edme-mariotte-oeuvres-comprenant-tous-les-traitez-de-cet-auteur-tant-ceux-qui-avaient-deja-paru-separement-que-ceux-qui-n-avaient-pas-encore-ete-publi-scaled.jpg","width":1963,"height":2560},{"@type":"BreadcrumbList","@id":"https:\/\/clavreuil-wordpress.logiciel-arteo.fr\/en\/oeuvres-comprenant-tous-les-traitez-de-cet-auteur-tant-ceux-qui-avaient-deja-paru-separement-que-ceux-qui-navaient-pas-encore-ete-publies-edme-mariotte\/#breadcrumb","itemListElement":[{"@type":"ListItem","position":1,"name":"Accueil","item":"https:\/\/clavreuil-wordpress.logiciel-arteo.fr\/"},{"@type":"ListItem","position":2,"name":"All our books","item":"https:\/\/clavreuil-wordpress.logiciel-arteo.fr\/en\/all-our-books\/"},{"@type":"ListItem","position":3,"name":"MARIOTTE Edme Oeuvres, comprenant tous les Traitez de..."}]},{"@type":"WebSite","@id":"https:\/\/clavreuil-wordpress.logiciel-arteo.fr\/#website","url":"https:\/\/clavreuil-wordpress.logiciel-arteo.fr\/","name":"Libairie Clavreuil","description":"","publisher":{"@id":"https:\/\/clavreuil-wordpress.logiciel-arteo.fr\/#organization"},"potentialAction":[{"@type":"SearchAction","target":{"@type":"EntryPoint","urlTemplate":"https:\/\/clavreuil-wordpress.logiciel-arteo.fr\/?s={search_term_string}"},"query-input":{"@type":"PropertyValueSpecification","valueRequired":true,"valueName":"search_term_string"}}],"inLanguage":"en-US"},{"@type":"Organization","@id":"https:\/\/clavreuil-wordpress.logiciel-arteo.fr\/#organization","name":"Libairie Clavreuil","url":"https:\/\/clavreuil-wordpress.logiciel-arteo.fr\/","logo":{"@type":"ImageObject","inLanguage":"en-US","@id":"https:\/\/clavreuil-wordpress.logiciel-arteo.fr\/#\/schema\/logo\/image\/","url":"https:\/\/clavreuil-wordpress.logiciel-arteo.fr\/wp-content\/uploads\/2021\/05\/LOGO_PNG_DATE-_gold.png","contentUrl":"https:\/\/clavreuil-wordpress.logiciel-arteo.fr\/wp-content\/uploads\/2021\/05\/LOGO_PNG_DATE-_gold.png","width":2083,"height":1917,"caption":"Libairie Clavreuil"},"image":{"@id":"https:\/\/clavreuil-wordpress.logiciel-arteo.fr\/#\/schema\/logo\/image\/"}}]}},"_links":{"self":[{"href":"https:\/\/clavreuil-wordpress.logiciel-arteo.fr\/en\/wp-json\/wp\/v2\/product\/72606","targetHints":{"allow":["GET"]}}],"collection":[{"href":"https:\/\/clavreuil-wordpress.logiciel-arteo.fr\/en\/wp-json\/wp\/v2\/product"}],"about":[{"href":"https:\/\/clavreuil-wordpress.logiciel-arteo.fr\/en\/wp-json\/wp\/v2\/types\/product"}],"replies":[{"embeddable":true,"href":"https:\/\/clavreuil-wordpress.logiciel-arteo.fr\/en\/wp-json\/wp\/v2\/comments?post=72606"}],"wp:featuredmedia":[{"embeddable":true,"href":"https:\/\/clavreuil-wordpress.logiciel-arteo.fr\/en\/wp-json\/wp\/v2\/media\/72597"}],"wp:attachment":[{"href":"https:\/\/clavreuil-wordpress.logiciel-arteo.fr\/en\/wp-json\/wp\/v2\/media?parent=72606"}],"wp:term":[{"taxonomy":"product_brand","embeddable":true,"href":"https:\/\/clavreuil-wordpress.logiciel-arteo.fr\/en\/wp-json\/wp\/v2\/product_brand?post=72606"},{"taxonomy":"product_cat","embeddable":true,"href":"https:\/\/clavreuil-wordpress.logiciel-arteo.fr\/en\/wp-json\/wp\/v2\/product_cat?post=72606"},{"taxonomy":"product_tag","embeddable":true,"href":"https:\/\/clavreuil-wordpress.logiciel-arteo.fr\/en\/wp-json\/wp\/v2\/product_tag?post=72606"}],"curies":[{"name":"wp","href":"https:\/\/api.w.org\/{rel}","templated":true}]}}