{"id":72614,"date":"2024-04-17T18:27:52","date_gmt":"2024-04-17T16:27:52","guid":{"rendered":"https:\/\/clavreuil-wordpress.logiciel-arteo.fr\/recreations-mathematiques-et-physiques-qui-contiennent-plusieurs-problemes-darithmetiques-de-geometrie-de-musique-doptique-de-gnomonique-de-cosmographie-de-mecanique-de-pyrotechnie\/"},"modified":"2024-04-22T14:43:41","modified_gmt":"2024-04-22T12:43:41","slug":"recreations-mathematiques-et-physiques-qui-contiennent-plusieurs-problemes-darithmetiques-de-geometrie-de-musique-doptique-de-gnomonique-de-cosmographie-de-mecanique-de-pyrotechnie","status":"publish","type":"product","link":"https:\/\/clavreuil-wordpress.logiciel-arteo.fr\/en\/recreations-mathematiques-et-physiques-qui-contiennent-plusieurs-problemes-darithmetiques-de-geometrie-de-musique-doptique-de-gnomonique-de-cosmographie-de-mecanique-de-pyrotechnie\/","title":{"rendered":"OZANAM Jacques R\u00e9cr\u00e9ations math\u00e9matiques et physiques, qui contiennent..."},"content":{"rendered":"<p>New edition, revised, corrected &amp; enlarged.<\/p>\n","protected":false},"excerpt":{"rendered":"<p>4 volume 8vo (193 x 120 mm)&nbsp; 8 unn.l, 460 pp., 10 unn.l. for the volume 1; 2 unn.l., 462 pp., 7 unn.l. for the volume 2; 1 unn.l., 482 pp., 6 unn.l. for the volume 3; 4 unn.l., 446 pp., 3 unn.l. for the volume 4. Sheep, gilt spine with raised band, label title piece in red morocco (contemporary binding).<\/p>\n","protected":false},"featured_media":72609,"comment_status":"open","ping_status":"closed","template":"","meta":{"_acf_changed":false},"product_brand":[],"product_cat":[550],"product_tag":[947,1331],"class_list":{"0":"post-72614","1":"product","2":"type-product","3":"status-publish","4":"has-post-thumbnail","6":"product_cat-science","7":"product_tag-algebra","8":"product_tag-geometry","9":"pa_auteur-jacques-ozanam-2","10":"pa_type-de-livre-printed-book","12":"first","13":"instock","14":"shipping-taxable","15":"purchasable","16":"product-type-simple"},"acf":[],"yoast_head":"<!-- This site is optimized with the Yoast SEO plugin v24.3 - https:\/\/yoast.com\/wordpress\/plugins\/seo\/ -->\n<title>OZANAM Jacques R\u00e9cr\u00e9ations math\u00e9matiques et physiques, qui contiennent Plusieurs Probl\u00e8mes d&#039;Arithm\u00e9tiques, de G\u00e9om\u00e9trie, de Musique, d&#039;Optique, de Gnomonique, de Cosmographie, de M\u00e9canique, de Pyrotechnie, &amp; de Physique. Avec un Trait\u00e9 des Horloges Elementaires. - Libairie Clavreuil<\/title>\n<meta name=\"robots\" content=\"noindex, follow, max-snippet:-1, max-image-preview:large, max-video-preview:-1\" \/>\n<meta property=\"og:locale\" content=\"en_US\" \/>\n<meta property=\"og:type\" content=\"article\" \/>\n<meta property=\"og:title\" content=\"OZANAM Jacques R\u00e9cr\u00e9ations math\u00e9matiques et physiques, qui contiennent Plusieurs Probl\u00e8mes d&#039;Arithm\u00e9tiques, de G\u00e9om\u00e9trie, de Musique, d&#039;Optique, de Gnomonique, de Cosmographie, de M\u00e9canique, de Pyrotechnie, &amp; de Physique. Avec un Trait\u00e9 des Horloges Elementaires. - Libairie Clavreuil\" \/>\n<meta property=\"og:description\" content=\"4 volume 8vo (193 x 120 mm)&nbsp; 8 unn.l, 460 pp., 10 unn.l. for the volume 1; 2 unn.l., 462 pp., 7 unn.l. for the volume 2; 1 unn.l., 482 pp., 6 unn.l. for the volume 3; 4 unn.l., 446 pp., 3 unn.l. for the volume 4. Sheep, gilt spine with raised band, label title piece in red morocco (contemporary binding).\" \/>\n<meta property=\"og:url\" content=\"https:\/\/clavreuil-wordpress.logiciel-arteo.fr\/en\/recreations-mathematiques-et-physiques-qui-contiennent-plusieurs-problemes-darithmetiques-de-geometrie-de-musique-doptique-de-gnomonique-de-cosmographie-de-mecanique-de-pyrotechnie\/\" \/>\n<meta property=\"og:site_name\" content=\"Libairie Clavreuil\" \/>\n<meta property=\"article:modified_time\" content=\"2024-04-22T12:43:41+00:00\" \/>\n<meta property=\"og:image\" content=\"https:\/\/clavreuil-wordpress.logiciel-arteo.fr\/wp-content\/uploads\/2024\/04\/jacques-ozanam-recreations-mathematiques-et-physiques-qui-contiennent-plusieurs-problemes-d-arithmetiques-de-geometrie-de-musique-d-optique-de-gnomoni-scaled.jpg\" \/>\n\t<meta property=\"og:image:width\" content=\"1759\" \/>\n\t<meta property=\"og:image:height\" content=\"2560\" \/>\n\t<meta property=\"og:image:type\" content=\"image\/jpeg\" \/>\n<meta name=\"twitter:card\" content=\"summary_large_image\" \/>\n<script type=\"application\/ld+json\" class=\"yoast-schema-graph\">{\"@context\":\"https:\/\/schema.org\",\"@graph\":[{\"@type\":\"WebPage\",\"@id\":\"https:\/\/clavreuil-wordpress.logiciel-arteo.fr\/en\/recreations-mathematiques-et-physiques-qui-contiennent-plusieurs-problemes-darithmetiques-de-geometrie-de-musique-doptique-de-gnomonique-de-cosmographie-de-mecanique-de-pyrotechnie\/\",\"url\":\"https:\/\/clavreuil-wordpress.logiciel-arteo.fr\/en\/recreations-mathematiques-et-physiques-qui-contiennent-plusieurs-problemes-darithmetiques-de-geometrie-de-musique-doptique-de-gnomonique-de-cosmographie-de-mecanique-de-pyrotechnie\/\",\"name\":\"OZANAM Jacques R\u00e9cr\u00e9ations math\u00e9matiques et physiques, qui contiennent Plusieurs Probl\u00e8mes d'Arithm\u00e9tiques, de G\u00e9om\u00e9trie, de Musique, d'Optique, de Gnomonique, de Cosmographie, de M\u00e9canique, de Pyrotechnie, &amp; de Physique. Avec un Trait\u00e9 des Horloges Elementaires. - Libairie Clavreuil\",\"isPartOf\":{\"@id\":\"https:\/\/clavreuil-wordpress.logiciel-arteo.fr\/#website\"},\"primaryImageOfPage\":{\"@id\":\"https:\/\/clavreuil-wordpress.logiciel-arteo.fr\/en\/recreations-mathematiques-et-physiques-qui-contiennent-plusieurs-problemes-darithmetiques-de-geometrie-de-musique-doptique-de-gnomonique-de-cosmographie-de-mecanique-de-pyrotechnie\/#primaryimage\"},\"image\":{\"@id\":\"https:\/\/clavreuil-wordpress.logiciel-arteo.fr\/en\/recreations-mathematiques-et-physiques-qui-contiennent-plusieurs-problemes-darithmetiques-de-geometrie-de-musique-doptique-de-gnomonique-de-cosmographie-de-mecanique-de-pyrotechnie\/#primaryimage\"},\"thumbnailUrl\":\"https:\/\/clavreuil-wordpress.logiciel-arteo.fr\/wp-content\/uploads\/2024\/04\/jacques-ozanam-recreations-mathematiques-et-physiques-qui-contiennent-plusieurs-problemes-d-arithmetiques-de-geometrie-de-musique-d-optique-de-gnomoni-scaled.jpg\",\"datePublished\":\"2024-04-17T16:27:52+00:00\",\"dateModified\":\"2024-04-22T12:43:41+00:00\",\"breadcrumb\":{\"@id\":\"https:\/\/clavreuil-wordpress.logiciel-arteo.fr\/en\/recreations-mathematiques-et-physiques-qui-contiennent-plusieurs-problemes-darithmetiques-de-geometrie-de-musique-doptique-de-gnomonique-de-cosmographie-de-mecanique-de-pyrotechnie\/#breadcrumb\"},\"inLanguage\":\"en-US\",\"potentialAction\":[{\"@type\":\"ReadAction\",\"target\":[\"https:\/\/clavreuil-wordpress.logiciel-arteo.fr\/en\/recreations-mathematiques-et-physiques-qui-contiennent-plusieurs-problemes-darithmetiques-de-geometrie-de-musique-doptique-de-gnomonique-de-cosmographie-de-mecanique-de-pyrotechnie\/\"]}]},{\"@type\":\"ImageObject\",\"inLanguage\":\"en-US\",\"@id\":\"https:\/\/clavreuil-wordpress.logiciel-arteo.fr\/en\/recreations-mathematiques-et-physiques-qui-contiennent-plusieurs-problemes-darithmetiques-de-geometrie-de-musique-doptique-de-gnomonique-de-cosmographie-de-mecanique-de-pyrotechnie\/#primaryimage\",\"url\":\"https:\/\/clavreuil-wordpress.logiciel-arteo.fr\/wp-content\/uploads\/2024\/04\/jacques-ozanam-recreations-mathematiques-et-physiques-qui-contiennent-plusieurs-problemes-d-arithmetiques-de-geometrie-de-musique-d-optique-de-gnomoni-scaled.jpg\",\"contentUrl\":\"https:\/\/clavreuil-wordpress.logiciel-arteo.fr\/wp-content\/uploads\/2024\/04\/jacques-ozanam-recreations-mathematiques-et-physiques-qui-contiennent-plusieurs-problemes-d-arithmetiques-de-geometrie-de-musique-d-optique-de-gnomoni-scaled.jpg\",\"width\":1759,\"height\":2560},{\"@type\":\"BreadcrumbList\",\"@id\":\"https:\/\/clavreuil-wordpress.logiciel-arteo.fr\/en\/recreations-mathematiques-et-physiques-qui-contiennent-plusieurs-problemes-darithmetiques-de-geometrie-de-musique-doptique-de-gnomonique-de-cosmographie-de-mecanique-de-pyrotechnie\/#breadcrumb\",\"itemListElement\":[{\"@type\":\"ListItem\",\"position\":1,\"name\":\"Accueil\",\"item\":\"https:\/\/clavreuil-wordpress.logiciel-arteo.fr\/\"},{\"@type\":\"ListItem\",\"position\":2,\"name\":\"All our books\",\"item\":\"https:\/\/clavreuil-wordpress.logiciel-arteo.fr\/en\/all-our-books\/\"},{\"@type\":\"ListItem\",\"position\":3,\"name\":\"OZANAM Jacques R\u00e9cr\u00e9ations math\u00e9matiques et physiques, qui contiennent...\"}]},{\"@type\":\"WebSite\",\"@id\":\"https:\/\/clavreuil-wordpress.logiciel-arteo.fr\/#website\",\"url\":\"https:\/\/clavreuil-wordpress.logiciel-arteo.fr\/\",\"name\":\"Libairie Clavreuil\",\"description\":\"\",\"publisher\":{\"@id\":\"https:\/\/clavreuil-wordpress.logiciel-arteo.fr\/#organization\"},\"potentialAction\":[{\"@type\":\"SearchAction\",\"target\":{\"@type\":\"EntryPoint\",\"urlTemplate\":\"https:\/\/clavreuil-wordpress.logiciel-arteo.fr\/?s={search_term_string}\"},\"query-input\":{\"@type\":\"PropertyValueSpecification\",\"valueRequired\":true,\"valueName\":\"search_term_string\"}}],\"inLanguage\":\"en-US\"},{\"@type\":\"Organization\",\"@id\":\"https:\/\/clavreuil-wordpress.logiciel-arteo.fr\/#organization\",\"name\":\"Libairie Clavreuil\",\"url\":\"https:\/\/clavreuil-wordpress.logiciel-arteo.fr\/\",\"logo\":{\"@type\":\"ImageObject\",\"inLanguage\":\"en-US\",\"@id\":\"https:\/\/clavreuil-wordpress.logiciel-arteo.fr\/#\/schema\/logo\/image\/\",\"url\":\"https:\/\/clavreuil-wordpress.logiciel-arteo.fr\/wp-content\/uploads\/2021\/05\/LOGO_PNG_DATE-_gold.png\",\"contentUrl\":\"https:\/\/clavreuil-wordpress.logiciel-arteo.fr\/wp-content\/uploads\/2021\/05\/LOGO_PNG_DATE-_gold.png\",\"width\":2083,\"height\":1917,\"caption\":\"Libairie Clavreuil\"},\"image\":{\"@id\":\"https:\/\/clavreuil-wordpress.logiciel-arteo.fr\/#\/schema\/logo\/image\/\"}}]}<\/script>\n<!-- \/ Yoast SEO plugin. -->","yoast_head_json":{"title":"OZANAM Jacques R\u00e9cr\u00e9ations math\u00e9matiques et physiques, qui contiennent Plusieurs Probl\u00e8mes d'Arithm\u00e9tiques, de G\u00e9om\u00e9trie, de Musique, d'Optique, de Gnomonique, de Cosmographie, de M\u00e9canique, de Pyrotechnie, &amp; de Physique. Avec un Trait\u00e9 des Horloges Elementaires. - Libairie Clavreuil","robots":{"index":"noindex","follow":"follow","max-snippet":"max-snippet:-1","max-image-preview":"max-image-preview:large","max-video-preview":"max-video-preview:-1"},"og_locale":"en_US","og_type":"article","og_title":"OZANAM Jacques R\u00e9cr\u00e9ations math\u00e9matiques et physiques, qui contiennent Plusieurs Probl\u00e8mes d'Arithm\u00e9tiques, de G\u00e9om\u00e9trie, de Musique, d'Optique, de Gnomonique, de Cosmographie, de M\u00e9canique, de Pyrotechnie, &amp; de Physique. Avec un Trait\u00e9 des Horloges Elementaires. - Libairie Clavreuil","og_description":"4 volume 8vo (193 x 120 mm)&nbsp; 8 unn.l, 460 pp., 10 unn.l. for the volume 1; 2 unn.l., 462 pp., 7 unn.l. for the volume 2; 1 unn.l., 482 pp., 6 unn.l. for the volume 3; 4 unn.l., 446 pp., 3 unn.l. for the volume 4. Sheep, gilt spine with raised band, label title piece in red morocco (contemporary binding).","og_url":"https:\/\/clavreuil-wordpress.logiciel-arteo.fr\/en\/recreations-mathematiques-et-physiques-qui-contiennent-plusieurs-problemes-darithmetiques-de-geometrie-de-musique-doptique-de-gnomonique-de-cosmographie-de-mecanique-de-pyrotechnie\/","og_site_name":"Libairie Clavreuil","article_modified_time":"2024-04-22T12:43:41+00:00","og_image":[{"width":1759,"height":2560,"url":"https:\/\/clavreuil-wordpress.logiciel-arteo.fr\/wp-content\/uploads\/2024\/04\/jacques-ozanam-recreations-mathematiques-et-physiques-qui-contiennent-plusieurs-problemes-d-arithmetiques-de-geometrie-de-musique-d-optique-de-gnomoni-scaled.jpg","type":"image\/jpeg"}],"twitter_card":"summary_large_image","schema":{"@context":"https:\/\/schema.org","@graph":[{"@type":"WebPage","@id":"https:\/\/clavreuil-wordpress.logiciel-arteo.fr\/en\/recreations-mathematiques-et-physiques-qui-contiennent-plusieurs-problemes-darithmetiques-de-geometrie-de-musique-doptique-de-gnomonique-de-cosmographie-de-mecanique-de-pyrotechnie\/","url":"https:\/\/clavreuil-wordpress.logiciel-arteo.fr\/en\/recreations-mathematiques-et-physiques-qui-contiennent-plusieurs-problemes-darithmetiques-de-geometrie-de-musique-doptique-de-gnomonique-de-cosmographie-de-mecanique-de-pyrotechnie\/","name":"OZANAM Jacques R\u00e9cr\u00e9ations math\u00e9matiques et physiques, qui contiennent Plusieurs Probl\u00e8mes d'Arithm\u00e9tiques, de G\u00e9om\u00e9trie, de Musique, d'Optique, de Gnomonique, de Cosmographie, de M\u00e9canique, de Pyrotechnie, &amp; de Physique. Avec un Trait\u00e9 des Horloges Elementaires. - Libairie Clavreuil","isPartOf":{"@id":"https:\/\/clavreuil-wordpress.logiciel-arteo.fr\/#website"},"primaryImageOfPage":{"@id":"https:\/\/clavreuil-wordpress.logiciel-arteo.fr\/en\/recreations-mathematiques-et-physiques-qui-contiennent-plusieurs-problemes-darithmetiques-de-geometrie-de-musique-doptique-de-gnomonique-de-cosmographie-de-mecanique-de-pyrotechnie\/#primaryimage"},"image":{"@id":"https:\/\/clavreuil-wordpress.logiciel-arteo.fr\/en\/recreations-mathematiques-et-physiques-qui-contiennent-plusieurs-problemes-darithmetiques-de-geometrie-de-musique-doptique-de-gnomonique-de-cosmographie-de-mecanique-de-pyrotechnie\/#primaryimage"},"thumbnailUrl":"https:\/\/clavreuil-wordpress.logiciel-arteo.fr\/wp-content\/uploads\/2024\/04\/jacques-ozanam-recreations-mathematiques-et-physiques-qui-contiennent-plusieurs-problemes-d-arithmetiques-de-geometrie-de-musique-d-optique-de-gnomoni-scaled.jpg","datePublished":"2024-04-17T16:27:52+00:00","dateModified":"2024-04-22T12:43:41+00:00","breadcrumb":{"@id":"https:\/\/clavreuil-wordpress.logiciel-arteo.fr\/en\/recreations-mathematiques-et-physiques-qui-contiennent-plusieurs-problemes-darithmetiques-de-geometrie-de-musique-doptique-de-gnomonique-de-cosmographie-de-mecanique-de-pyrotechnie\/#breadcrumb"},"inLanguage":"en-US","potentialAction":[{"@type":"ReadAction","target":["https:\/\/clavreuil-wordpress.logiciel-arteo.fr\/en\/recreations-mathematiques-et-physiques-qui-contiennent-plusieurs-problemes-darithmetiques-de-geometrie-de-musique-doptique-de-gnomonique-de-cosmographie-de-mecanique-de-pyrotechnie\/"]}]},{"@type":"ImageObject","inLanguage":"en-US","@id":"https:\/\/clavreuil-wordpress.logiciel-arteo.fr\/en\/recreations-mathematiques-et-physiques-qui-contiennent-plusieurs-problemes-darithmetiques-de-geometrie-de-musique-doptique-de-gnomonique-de-cosmographie-de-mecanique-de-pyrotechnie\/#primaryimage","url":"https:\/\/clavreuil-wordpress.logiciel-arteo.fr\/wp-content\/uploads\/2024\/04\/jacques-ozanam-recreations-mathematiques-et-physiques-qui-contiennent-plusieurs-problemes-d-arithmetiques-de-geometrie-de-musique-d-optique-de-gnomoni-scaled.jpg","contentUrl":"https:\/\/clavreuil-wordpress.logiciel-arteo.fr\/wp-content\/uploads\/2024\/04\/jacques-ozanam-recreations-mathematiques-et-physiques-qui-contiennent-plusieurs-problemes-d-arithmetiques-de-geometrie-de-musique-d-optique-de-gnomoni-scaled.jpg","width":1759,"height":2560},{"@type":"BreadcrumbList","@id":"https:\/\/clavreuil-wordpress.logiciel-arteo.fr\/en\/recreations-mathematiques-et-physiques-qui-contiennent-plusieurs-problemes-darithmetiques-de-geometrie-de-musique-doptique-de-gnomonique-de-cosmographie-de-mecanique-de-pyrotechnie\/#breadcrumb","itemListElement":[{"@type":"ListItem","position":1,"name":"Accueil","item":"https:\/\/clavreuil-wordpress.logiciel-arteo.fr\/"},{"@type":"ListItem","position":2,"name":"All our books","item":"https:\/\/clavreuil-wordpress.logiciel-arteo.fr\/en\/all-our-books\/"},{"@type":"ListItem","position":3,"name":"OZANAM Jacques R\u00e9cr\u00e9ations math\u00e9matiques et physiques, qui contiennent..."}]},{"@type":"WebSite","@id":"https:\/\/clavreuil-wordpress.logiciel-arteo.fr\/#website","url":"https:\/\/clavreuil-wordpress.logiciel-arteo.fr\/","name":"Libairie Clavreuil","description":"","publisher":{"@id":"https:\/\/clavreuil-wordpress.logiciel-arteo.fr\/#organization"},"potentialAction":[{"@type":"SearchAction","target":{"@type":"EntryPoint","urlTemplate":"https:\/\/clavreuil-wordpress.logiciel-arteo.fr\/?s={search_term_string}"},"query-input":{"@type":"PropertyValueSpecification","valueRequired":true,"valueName":"search_term_string"}}],"inLanguage":"en-US"},{"@type":"Organization","@id":"https:\/\/clavreuil-wordpress.logiciel-arteo.fr\/#organization","name":"Libairie Clavreuil","url":"https:\/\/clavreuil-wordpress.logiciel-arteo.fr\/","logo":{"@type":"ImageObject","inLanguage":"en-US","@id":"https:\/\/clavreuil-wordpress.logiciel-arteo.fr\/#\/schema\/logo\/image\/","url":"https:\/\/clavreuil-wordpress.logiciel-arteo.fr\/wp-content\/uploads\/2021\/05\/LOGO_PNG_DATE-_gold.png","contentUrl":"https:\/\/clavreuil-wordpress.logiciel-arteo.fr\/wp-content\/uploads\/2021\/05\/LOGO_PNG_DATE-_gold.png","width":2083,"height":1917,"caption":"Libairie Clavreuil"},"image":{"@id":"https:\/\/clavreuil-wordpress.logiciel-arteo.fr\/#\/schema\/logo\/image\/"}}]}},"_links":{"self":[{"href":"https:\/\/clavreuil-wordpress.logiciel-arteo.fr\/en\/wp-json\/wp\/v2\/product\/72614","targetHints":{"allow":["GET"]}}],"collection":[{"href":"https:\/\/clavreuil-wordpress.logiciel-arteo.fr\/en\/wp-json\/wp\/v2\/product"}],"about":[{"href":"https:\/\/clavreuil-wordpress.logiciel-arteo.fr\/en\/wp-json\/wp\/v2\/types\/product"}],"replies":[{"embeddable":true,"href":"https:\/\/clavreuil-wordpress.logiciel-arteo.fr\/en\/wp-json\/wp\/v2\/comments?post=72614"}],"wp:featuredmedia":[{"embeddable":true,"href":"https:\/\/clavreuil-wordpress.logiciel-arteo.fr\/en\/wp-json\/wp\/v2\/media\/72609"}],"wp:attachment":[{"href":"https:\/\/clavreuil-wordpress.logiciel-arteo.fr\/en\/wp-json\/wp\/v2\/media?parent=72614"}],"wp:term":[{"taxonomy":"product_brand","embeddable":true,"href":"https:\/\/clavreuil-wordpress.logiciel-arteo.fr\/en\/wp-json\/wp\/v2\/product_brand?post=72614"},{"taxonomy":"product_cat","embeddable":true,"href":"https:\/\/clavreuil-wordpress.logiciel-arteo.fr\/en\/wp-json\/wp\/v2\/product_cat?post=72614"},{"taxonomy":"product_tag","embeddable":true,"href":"https:\/\/clavreuil-wordpress.logiciel-arteo.fr\/en\/wp-json\/wp\/v2\/product_tag?post=72614"}],"curies":[{"name":"wp","href":"https:\/\/api.w.org\/{rel}","templated":true}]}}