{"id":72620,"date":"2024-04-17T18:28:32","date_gmt":"2024-04-17T16:28:32","guid":{"rendered":"https:\/\/clavreuil-wordpress.logiciel-arteo.fr\/recreations-physiques-economiques-et-chimiques-johann-georg-model\/"},"modified":"2024-04-22T15:19:01","modified_gmt":"2024-04-22T13:19:01","slug":"recreations-physiques-economiques-et-chimiques-johann-georg-model","status":"publish","type":"product","link":"https:\/\/clavreuil-wordpress.logiciel-arteo.fr\/en\/recreations-physiques-economiques-et-chimiques-johann-georg-model\/","title":{"rendered":"MODEL Johann Georg R\u00e9cr\u00e9ations physiques, \u00e9conomiques et chimiques."},"content":{"rendered":"<p><em>Cole, 946; see Duveen, 407 (for the first edition, St. Petersburg ca. 1762). Not in Vicaire.<\/em><\/p>\n<p>First edition of this French translation by Parmentier.<\/p>\n<p>A member of the Russian Academy of Sciences at St. Petersburg, Johann Georg Model (1711-1775) had published not less than 32 dissertations or letters in Russian scientific journals, all present in this volume, translated and annotated by Parmentier: &quot;The added material frequently occupies more space than the original article&quot; (Cole). The articles concern research on salts, borax, mineral waters, alongside a <em>Dissertation sur la falsification des vins et sur la Distillation de l&#039;eau-de-vie<\/em>.<\/p>\n<p>Good copy. With the book plates of Alex. Brongniart, and Per vinum J. Galleron Dujardin.<\/p>\n","protected":false},"excerpt":{"rendered":"<p>2 volumes, 8vo (191 x 117 mm) 1 unn.l., XLVIII, 496 pp. for volume I; 2 unn.ll., 586 pp., 1 unn.l. for volume II. Contemporary calf-backed marbled boards, flat spines gilt (<em>expertly rebacked in style<\/em>).<\/p>\n","protected":false},"featured_media":72615,"comment_status":"open","ping_status":"closed","template":"","meta":{"_acf_changed":false},"product_brand":[],"product_cat":[550],"product_tag":[1229],"class_list":{"0":"post-72620","1":"product","2":"type-product","3":"status-publish","4":"has-post-thumbnail","6":"product_cat-science","7":"product_tag-oenology","8":"pa_auteur-johann-georg-model-2","9":"pa_type-de-livre-printed-book","11":"first","12":"instock","13":"shipping-taxable","14":"purchasable","15":"product-type-simple"},"acf":[],"yoast_head":"<!-- This site is optimized with the Yoast SEO plugin v24.3 - https:\/\/yoast.com\/wordpress\/plugins\/seo\/ -->\n<title>MODEL Johann Georg R\u00e9cr\u00e9ations physiques, \u00e9conomiques et chimiques. - Libairie Clavreuil<\/title>\n<meta name=\"robots\" content=\"noindex, follow, max-snippet:-1, max-image-preview:large, max-video-preview:-1\" \/>\n<meta property=\"og:locale\" content=\"en_US\" \/>\n<meta property=\"og:type\" content=\"article\" \/>\n<meta property=\"og:title\" content=\"MODEL Johann Georg R\u00e9cr\u00e9ations physiques, \u00e9conomiques et chimiques. - Libairie Clavreuil\" \/>\n<meta property=\"og:description\" content=\"2 volumes, 8vo (191 x 117 mm) 1 unn.l., XLVIII, 496 pp. for volume I; 2 unn.ll., 586 pp., 1 unn.l. for volume II. Contemporary calf-backed marbled boards, flat spines gilt (expertly rebacked in style).\" \/>\n<meta property=\"og:url\" content=\"https:\/\/clavreuil-wordpress.logiciel-arteo.fr\/en\/recreations-physiques-economiques-et-chimiques-johann-georg-model\/\" \/>\n<meta property=\"og:site_name\" content=\"Libairie Clavreuil\" \/>\n<meta property=\"article:modified_time\" content=\"2024-04-22T13:19:01+00:00\" \/>\n<meta property=\"og:image\" content=\"https:\/\/clavreuil-wordpress.logiciel-arteo.fr\/wp-content\/uploads\/2024\/04\/johann-georg-model-recreations-physiques-economiques-et-chimiques-3625-657c5c6cd963e-scaled.jpg\" \/>\n\t<meta property=\"og:image:width\" content=\"1920\" \/>\n\t<meta property=\"og:image:height\" content=\"2560\" \/>\n\t<meta property=\"og:image:type\" content=\"image\/jpeg\" \/>\n<meta name=\"twitter:card\" content=\"summary_large_image\" \/>\n<meta name=\"twitter:label1\" content=\"Est. reading time\" \/>\n\t<meta name=\"twitter:data1\" content=\"1 minute\" \/>\n<script type=\"application\/ld+json\" class=\"yoast-schema-graph\">{\"@context\":\"https:\/\/schema.org\",\"@graph\":[{\"@type\":\"WebPage\",\"@id\":\"https:\/\/clavreuil-wordpress.logiciel-arteo.fr\/en\/recreations-physiques-economiques-et-chimiques-johann-georg-model\/\",\"url\":\"https:\/\/clavreuil-wordpress.logiciel-arteo.fr\/en\/recreations-physiques-economiques-et-chimiques-johann-georg-model\/\",\"name\":\"MODEL Johann Georg R\u00e9cr\u00e9ations physiques, \u00e9conomiques et chimiques. - Libairie Clavreuil\",\"isPartOf\":{\"@id\":\"https:\/\/clavreuil-wordpress.logiciel-arteo.fr\/#website\"},\"primaryImageOfPage\":{\"@id\":\"https:\/\/clavreuil-wordpress.logiciel-arteo.fr\/en\/recreations-physiques-economiques-et-chimiques-johann-georg-model\/#primaryimage\"},\"image\":{\"@id\":\"https:\/\/clavreuil-wordpress.logiciel-arteo.fr\/en\/recreations-physiques-economiques-et-chimiques-johann-georg-model\/#primaryimage\"},\"thumbnailUrl\":\"https:\/\/clavreuil-wordpress.logiciel-arteo.fr\/wp-content\/uploads\/2024\/04\/johann-georg-model-recreations-physiques-economiques-et-chimiques-3625-657c5c6cd963e-scaled.jpg\",\"datePublished\":\"2024-04-17T16:28:32+00:00\",\"dateModified\":\"2024-04-22T13:19:01+00:00\",\"breadcrumb\":{\"@id\":\"https:\/\/clavreuil-wordpress.logiciel-arteo.fr\/en\/recreations-physiques-economiques-et-chimiques-johann-georg-model\/#breadcrumb\"},\"inLanguage\":\"en-US\",\"potentialAction\":[{\"@type\":\"ReadAction\",\"target\":[\"https:\/\/clavreuil-wordpress.logiciel-arteo.fr\/en\/recreations-physiques-economiques-et-chimiques-johann-georg-model\/\"]}]},{\"@type\":\"ImageObject\",\"inLanguage\":\"en-US\",\"@id\":\"https:\/\/clavreuil-wordpress.logiciel-arteo.fr\/en\/recreations-physiques-economiques-et-chimiques-johann-georg-model\/#primaryimage\",\"url\":\"https:\/\/clavreuil-wordpress.logiciel-arteo.fr\/wp-content\/uploads\/2024\/04\/johann-georg-model-recreations-physiques-economiques-et-chimiques-3625-657c5c6cd963e-scaled.jpg\",\"contentUrl\":\"https:\/\/clavreuil-wordpress.logiciel-arteo.fr\/wp-content\/uploads\/2024\/04\/johann-georg-model-recreations-physiques-economiques-et-chimiques-3625-657c5c6cd963e-scaled.jpg\",\"width\":1920,\"height\":2560},{\"@type\":\"BreadcrumbList\",\"@id\":\"https:\/\/clavreuil-wordpress.logiciel-arteo.fr\/en\/recreations-physiques-economiques-et-chimiques-johann-georg-model\/#breadcrumb\",\"itemListElement\":[{\"@type\":\"ListItem\",\"position\":1,\"name\":\"Accueil\",\"item\":\"https:\/\/clavreuil-wordpress.logiciel-arteo.fr\/\"},{\"@type\":\"ListItem\",\"position\":2,\"name\":\"All our books\",\"item\":\"https:\/\/clavreuil-wordpress.logiciel-arteo.fr\/en\/all-our-books\/\"},{\"@type\":\"ListItem\",\"position\":3,\"name\":\"MODEL Johann Georg R\u00e9cr\u00e9ations physiques, \u00e9conomiques et chimiques.\"}]},{\"@type\":\"WebSite\",\"@id\":\"https:\/\/clavreuil-wordpress.logiciel-arteo.fr\/#website\",\"url\":\"https:\/\/clavreuil-wordpress.logiciel-arteo.fr\/\",\"name\":\"Libairie Clavreuil\",\"description\":\"\",\"publisher\":{\"@id\":\"https:\/\/clavreuil-wordpress.logiciel-arteo.fr\/#organization\"},\"potentialAction\":[{\"@type\":\"SearchAction\",\"target\":{\"@type\":\"EntryPoint\",\"urlTemplate\":\"https:\/\/clavreuil-wordpress.logiciel-arteo.fr\/?s={search_term_string}\"},\"query-input\":{\"@type\":\"PropertyValueSpecification\",\"valueRequired\":true,\"valueName\":\"search_term_string\"}}],\"inLanguage\":\"en-US\"},{\"@type\":\"Organization\",\"@id\":\"https:\/\/clavreuil-wordpress.logiciel-arteo.fr\/#organization\",\"name\":\"Libairie Clavreuil\",\"url\":\"https:\/\/clavreuil-wordpress.logiciel-arteo.fr\/\",\"logo\":{\"@type\":\"ImageObject\",\"inLanguage\":\"en-US\",\"@id\":\"https:\/\/clavreuil-wordpress.logiciel-arteo.fr\/#\/schema\/logo\/image\/\",\"url\":\"https:\/\/clavreuil-wordpress.logiciel-arteo.fr\/wp-content\/uploads\/2021\/05\/LOGO_PNG_DATE-_gold.png\",\"contentUrl\":\"https:\/\/clavreuil-wordpress.logiciel-arteo.fr\/wp-content\/uploads\/2021\/05\/LOGO_PNG_DATE-_gold.png\",\"width\":2083,\"height\":1917,\"caption\":\"Libairie Clavreuil\"},\"image\":{\"@id\":\"https:\/\/clavreuil-wordpress.logiciel-arteo.fr\/#\/schema\/logo\/image\/\"}}]}<\/script>\n<!-- \/ Yoast SEO plugin. -->","yoast_head_json":{"title":"MODEL Johann Georg R\u00e9cr\u00e9ations physiques, \u00e9conomiques et chimiques. - Libairie Clavreuil","robots":{"index":"noindex","follow":"follow","max-snippet":"max-snippet:-1","max-image-preview":"max-image-preview:large","max-video-preview":"max-video-preview:-1"},"og_locale":"en_US","og_type":"article","og_title":"MODEL Johann Georg R\u00e9cr\u00e9ations physiques, \u00e9conomiques et chimiques. - Libairie Clavreuil","og_description":"2 volumes, 8vo (191 x 117 mm) 1 unn.l., XLVIII, 496 pp. for volume I; 2 unn.ll., 586 pp., 1 unn.l. for volume II. Contemporary calf-backed marbled boards, flat spines gilt (expertly rebacked in style).","og_url":"https:\/\/clavreuil-wordpress.logiciel-arteo.fr\/en\/recreations-physiques-economiques-et-chimiques-johann-georg-model\/","og_site_name":"Libairie Clavreuil","article_modified_time":"2024-04-22T13:19:01+00:00","og_image":[{"width":1920,"height":2560,"url":"https:\/\/clavreuil-wordpress.logiciel-arteo.fr\/wp-content\/uploads\/2024\/04\/johann-georg-model-recreations-physiques-economiques-et-chimiques-3625-657c5c6cd963e-scaled.jpg","type":"image\/jpeg"}],"twitter_card":"summary_large_image","twitter_misc":{"Est. reading time":"1 minute"},"schema":{"@context":"https:\/\/schema.org","@graph":[{"@type":"WebPage","@id":"https:\/\/clavreuil-wordpress.logiciel-arteo.fr\/en\/recreations-physiques-economiques-et-chimiques-johann-georg-model\/","url":"https:\/\/clavreuil-wordpress.logiciel-arteo.fr\/en\/recreations-physiques-economiques-et-chimiques-johann-georg-model\/","name":"MODEL Johann Georg R\u00e9cr\u00e9ations physiques, \u00e9conomiques et chimiques. - Libairie Clavreuil","isPartOf":{"@id":"https:\/\/clavreuil-wordpress.logiciel-arteo.fr\/#website"},"primaryImageOfPage":{"@id":"https:\/\/clavreuil-wordpress.logiciel-arteo.fr\/en\/recreations-physiques-economiques-et-chimiques-johann-georg-model\/#primaryimage"},"image":{"@id":"https:\/\/clavreuil-wordpress.logiciel-arteo.fr\/en\/recreations-physiques-economiques-et-chimiques-johann-georg-model\/#primaryimage"},"thumbnailUrl":"https:\/\/clavreuil-wordpress.logiciel-arteo.fr\/wp-content\/uploads\/2024\/04\/johann-georg-model-recreations-physiques-economiques-et-chimiques-3625-657c5c6cd963e-scaled.jpg","datePublished":"2024-04-17T16:28:32+00:00","dateModified":"2024-04-22T13:19:01+00:00","breadcrumb":{"@id":"https:\/\/clavreuil-wordpress.logiciel-arteo.fr\/en\/recreations-physiques-economiques-et-chimiques-johann-georg-model\/#breadcrumb"},"inLanguage":"en-US","potentialAction":[{"@type":"ReadAction","target":["https:\/\/clavreuil-wordpress.logiciel-arteo.fr\/en\/recreations-physiques-economiques-et-chimiques-johann-georg-model\/"]}]},{"@type":"ImageObject","inLanguage":"en-US","@id":"https:\/\/clavreuil-wordpress.logiciel-arteo.fr\/en\/recreations-physiques-economiques-et-chimiques-johann-georg-model\/#primaryimage","url":"https:\/\/clavreuil-wordpress.logiciel-arteo.fr\/wp-content\/uploads\/2024\/04\/johann-georg-model-recreations-physiques-economiques-et-chimiques-3625-657c5c6cd963e-scaled.jpg","contentUrl":"https:\/\/clavreuil-wordpress.logiciel-arteo.fr\/wp-content\/uploads\/2024\/04\/johann-georg-model-recreations-physiques-economiques-et-chimiques-3625-657c5c6cd963e-scaled.jpg","width":1920,"height":2560},{"@type":"BreadcrumbList","@id":"https:\/\/clavreuil-wordpress.logiciel-arteo.fr\/en\/recreations-physiques-economiques-et-chimiques-johann-georg-model\/#breadcrumb","itemListElement":[{"@type":"ListItem","position":1,"name":"Accueil","item":"https:\/\/clavreuil-wordpress.logiciel-arteo.fr\/"},{"@type":"ListItem","position":2,"name":"All our books","item":"https:\/\/clavreuil-wordpress.logiciel-arteo.fr\/en\/all-our-books\/"},{"@type":"ListItem","position":3,"name":"MODEL Johann Georg R\u00e9cr\u00e9ations physiques, \u00e9conomiques et chimiques."}]},{"@type":"WebSite","@id":"https:\/\/clavreuil-wordpress.logiciel-arteo.fr\/#website","url":"https:\/\/clavreuil-wordpress.logiciel-arteo.fr\/","name":"Libairie Clavreuil","description":"","publisher":{"@id":"https:\/\/clavreuil-wordpress.logiciel-arteo.fr\/#organization"},"potentialAction":[{"@type":"SearchAction","target":{"@type":"EntryPoint","urlTemplate":"https:\/\/clavreuil-wordpress.logiciel-arteo.fr\/?s={search_term_string}"},"query-input":{"@type":"PropertyValueSpecification","valueRequired":true,"valueName":"search_term_string"}}],"inLanguage":"en-US"},{"@type":"Organization","@id":"https:\/\/clavreuil-wordpress.logiciel-arteo.fr\/#organization","name":"Libairie Clavreuil","url":"https:\/\/clavreuil-wordpress.logiciel-arteo.fr\/","logo":{"@type":"ImageObject","inLanguage":"en-US","@id":"https:\/\/clavreuil-wordpress.logiciel-arteo.fr\/#\/schema\/logo\/image\/","url":"https:\/\/clavreuil-wordpress.logiciel-arteo.fr\/wp-content\/uploads\/2021\/05\/LOGO_PNG_DATE-_gold.png","contentUrl":"https:\/\/clavreuil-wordpress.logiciel-arteo.fr\/wp-content\/uploads\/2021\/05\/LOGO_PNG_DATE-_gold.png","width":2083,"height":1917,"caption":"Libairie Clavreuil"},"image":{"@id":"https:\/\/clavreuil-wordpress.logiciel-arteo.fr\/#\/schema\/logo\/image\/"}}]}},"_links":{"self":[{"href":"https:\/\/clavreuil-wordpress.logiciel-arteo.fr\/en\/wp-json\/wp\/v2\/product\/72620","targetHints":{"allow":["GET"]}}],"collection":[{"href":"https:\/\/clavreuil-wordpress.logiciel-arteo.fr\/en\/wp-json\/wp\/v2\/product"}],"about":[{"href":"https:\/\/clavreuil-wordpress.logiciel-arteo.fr\/en\/wp-json\/wp\/v2\/types\/product"}],"replies":[{"embeddable":true,"href":"https:\/\/clavreuil-wordpress.logiciel-arteo.fr\/en\/wp-json\/wp\/v2\/comments?post=72620"}],"wp:featuredmedia":[{"embeddable":true,"href":"https:\/\/clavreuil-wordpress.logiciel-arteo.fr\/en\/wp-json\/wp\/v2\/media\/72615"}],"wp:attachment":[{"href":"https:\/\/clavreuil-wordpress.logiciel-arteo.fr\/en\/wp-json\/wp\/v2\/media?parent=72620"}],"wp:term":[{"taxonomy":"product_brand","embeddable":true,"href":"https:\/\/clavreuil-wordpress.logiciel-arteo.fr\/en\/wp-json\/wp\/v2\/product_brand?post=72620"},{"taxonomy":"product_cat","embeddable":true,"href":"https:\/\/clavreuil-wordpress.logiciel-arteo.fr\/en\/wp-json\/wp\/v2\/product_cat?post=72620"},{"taxonomy":"product_tag","embeddable":true,"href":"https:\/\/clavreuil-wordpress.logiciel-arteo.fr\/en\/wp-json\/wp\/v2\/product_tag?post=72620"}],"curies":[{"name":"wp","href":"https:\/\/api.w.org\/{rel}","templated":true}]}}