{"id":72626,"date":"2024-04-17T18:29:11","date_gmt":"2024-04-17T16:29:11","guid":{"rendered":"https:\/\/clavreuil-wordpress.logiciel-arteo.fr\/traites-de-calcul-differentiel-et-de-calcul-integral-abbe-charles-bossut\/"},"modified":"2024-04-22T15:09:51","modified_gmt":"2024-04-22T13:09:51","slug":"traites-de-calcul-differentiel-et-de-calcul-integral-abbe-charles-bossut","status":"publish","type":"product","link":"https:\/\/clavreuil-wordpress.logiciel-arteo.fr\/en\/traites-de-calcul-differentiel-et-de-calcul-integral-abbe-charles-bossut\/","title":{"rendered":"BOSSUT abb\u00e9 Charles Trait\u00e9s de calcul diff\u00e9rentiel et..."},"content":{"rendered":"<p style=\"text-align:justify\"><em>DSB, II, 334-35.<\/em><\/p>\n<p style=\"text-align:justify\">First edition.<\/p>\n<p style=\"text-align:justify\">Importante introduction de 80 pp. sur l&#039;histoire du sujet &agrave; partir de Leibniz. Les ouvrages de l&#039;abb&eacute; Charles Bossut (1730-1814), membre de l&#039;Acad&eacute;mie des Sciences, correspondant des acad&eacute;mies de Berlin et de Bologne et membre honoraire de l&#039;Acad&eacute;mie de Saint-P&eacute;tersbourg, servirent de base &agrave; l&#039;enseignement prodigu&eacute; au Coll&egrave;ge de France, aux Ecoles des Mines, du G&eacute;nie, des Ponts-et-Chauss&eacute;es, etc.<\/p>\n<p style=\"text-align:justify\">Bon exemplaire, petits trous de vers &agrave; la reliure.<\/p>\n","protected":false},"excerpt":{"rendered":"<p>2 volume 8vo (200 x 125 mm) de 2 unn.l., LXXX, 520 pp., 3 unn.l. and 6 plates for the volume I; 2 unn.l., 564 pp., 3 unn.l. et 2 plates for the volume II. Half sheep with corners (<em>contemporary binding<\/em>).<\/p>\n","protected":false},"featured_media":72621,"comment_status":"open","ping_status":"closed","template":"","meta":{"_acf_changed":false},"product_brand":[],"product_cat":[550],"product_tag":[947],"class_list":{"0":"post-72626","1":"product","2":"type-product","3":"status-publish","4":"has-post-thumbnail","6":"product_cat-science","7":"product_tag-algebra","8":"pa_auteur-abbe-charles-bossut-2","9":"pa_type-de-livre-printed-book","11":"first","12":"instock","13":"shipping-taxable","14":"purchasable","15":"product-type-simple"},"acf":[],"yoast_head":"<!-- This site is optimized with the Yoast SEO plugin v24.3 - https:\/\/yoast.com\/wordpress\/plugins\/seo\/ -->\n<title>BOSSUT abb\u00e9 Charles Trait\u00e9s de calcul diff\u00e9rentiel et de calcul int\u00e9gral. - Libairie Clavreuil<\/title>\n<meta name=\"robots\" content=\"noindex, follow, max-snippet:-1, max-image-preview:large, max-video-preview:-1\" \/>\n<meta property=\"og:locale\" content=\"en_US\" \/>\n<meta property=\"og:type\" content=\"article\" \/>\n<meta property=\"og:title\" content=\"BOSSUT abb\u00e9 Charles Trait\u00e9s de calcul diff\u00e9rentiel et de calcul int\u00e9gral. - Libairie Clavreuil\" \/>\n<meta property=\"og:description\" content=\"2 volume 8vo (200 x 125 mm) de 2 unn.l., LXXX, 520 pp., 3 unn.l. and 6 plates for the volume I; 2 unn.l., 564 pp., 3 unn.l. et 2 plates for the volume II. Half sheep with corners (contemporary binding).\" \/>\n<meta property=\"og:url\" content=\"https:\/\/clavreuil-wordpress.logiciel-arteo.fr\/en\/traites-de-calcul-differentiel-et-de-calcul-integral-abbe-charles-bossut\/\" \/>\n<meta property=\"og:site_name\" content=\"Libairie Clavreuil\" \/>\n<meta property=\"article:modified_time\" content=\"2024-04-22T13:09:51+00:00\" \/>\n<meta property=\"og:image\" content=\"https:\/\/clavreuil-wordpress.logiciel-arteo.fr\/wp-content\/uploads\/2024\/04\/abbe-charles-bossut-traites-de-calcul-differentiel-et-de-calcul-integral-2729-657c661a03c94-scaled.jpg\" \/>\n\t<meta property=\"og:image:width\" content=\"1920\" \/>\n\t<meta property=\"og:image:height\" content=\"2560\" \/>\n\t<meta property=\"og:image:type\" content=\"image\/jpeg\" \/>\n<meta name=\"twitter:card\" content=\"summary_large_image\" \/>\n<script type=\"application\/ld+json\" class=\"yoast-schema-graph\">{\"@context\":\"https:\/\/schema.org\",\"@graph\":[{\"@type\":\"WebPage\",\"@id\":\"https:\/\/clavreuil-wordpress.logiciel-arteo.fr\/en\/traites-de-calcul-differentiel-et-de-calcul-integral-abbe-charles-bossut\/\",\"url\":\"https:\/\/clavreuil-wordpress.logiciel-arteo.fr\/en\/traites-de-calcul-differentiel-et-de-calcul-integral-abbe-charles-bossut\/\",\"name\":\"BOSSUT abb\u00e9 Charles Trait\u00e9s de calcul diff\u00e9rentiel et de calcul int\u00e9gral. - Libairie Clavreuil\",\"isPartOf\":{\"@id\":\"https:\/\/clavreuil-wordpress.logiciel-arteo.fr\/#website\"},\"primaryImageOfPage\":{\"@id\":\"https:\/\/clavreuil-wordpress.logiciel-arteo.fr\/en\/traites-de-calcul-differentiel-et-de-calcul-integral-abbe-charles-bossut\/#primaryimage\"},\"image\":{\"@id\":\"https:\/\/clavreuil-wordpress.logiciel-arteo.fr\/en\/traites-de-calcul-differentiel-et-de-calcul-integral-abbe-charles-bossut\/#primaryimage\"},\"thumbnailUrl\":\"https:\/\/clavreuil-wordpress.logiciel-arteo.fr\/wp-content\/uploads\/2024\/04\/abbe-charles-bossut-traites-de-calcul-differentiel-et-de-calcul-integral-2729-657c661a03c94-scaled.jpg\",\"datePublished\":\"2024-04-17T16:29:11+00:00\",\"dateModified\":\"2024-04-22T13:09:51+00:00\",\"breadcrumb\":{\"@id\":\"https:\/\/clavreuil-wordpress.logiciel-arteo.fr\/en\/traites-de-calcul-differentiel-et-de-calcul-integral-abbe-charles-bossut\/#breadcrumb\"},\"inLanguage\":\"en-US\",\"potentialAction\":[{\"@type\":\"ReadAction\",\"target\":[\"https:\/\/clavreuil-wordpress.logiciel-arteo.fr\/en\/traites-de-calcul-differentiel-et-de-calcul-integral-abbe-charles-bossut\/\"]}]},{\"@type\":\"ImageObject\",\"inLanguage\":\"en-US\",\"@id\":\"https:\/\/clavreuil-wordpress.logiciel-arteo.fr\/en\/traites-de-calcul-differentiel-et-de-calcul-integral-abbe-charles-bossut\/#primaryimage\",\"url\":\"https:\/\/clavreuil-wordpress.logiciel-arteo.fr\/wp-content\/uploads\/2024\/04\/abbe-charles-bossut-traites-de-calcul-differentiel-et-de-calcul-integral-2729-657c661a03c94-scaled.jpg\",\"contentUrl\":\"https:\/\/clavreuil-wordpress.logiciel-arteo.fr\/wp-content\/uploads\/2024\/04\/abbe-charles-bossut-traites-de-calcul-differentiel-et-de-calcul-integral-2729-657c661a03c94-scaled.jpg\",\"width\":1920,\"height\":2560},{\"@type\":\"BreadcrumbList\",\"@id\":\"https:\/\/clavreuil-wordpress.logiciel-arteo.fr\/en\/traites-de-calcul-differentiel-et-de-calcul-integral-abbe-charles-bossut\/#breadcrumb\",\"itemListElement\":[{\"@type\":\"ListItem\",\"position\":1,\"name\":\"Accueil\",\"item\":\"https:\/\/clavreuil-wordpress.logiciel-arteo.fr\/\"},{\"@type\":\"ListItem\",\"position\":2,\"name\":\"All our books\",\"item\":\"https:\/\/clavreuil-wordpress.logiciel-arteo.fr\/en\/all-our-books\/\"},{\"@type\":\"ListItem\",\"position\":3,\"name\":\"BOSSUT abb\u00e9 Charles Trait\u00e9s de calcul diff\u00e9rentiel et...\"}]},{\"@type\":\"WebSite\",\"@id\":\"https:\/\/clavreuil-wordpress.logiciel-arteo.fr\/#website\",\"url\":\"https:\/\/clavreuil-wordpress.logiciel-arteo.fr\/\",\"name\":\"Libairie Clavreuil\",\"description\":\"\",\"publisher\":{\"@id\":\"https:\/\/clavreuil-wordpress.logiciel-arteo.fr\/#organization\"},\"potentialAction\":[{\"@type\":\"SearchAction\",\"target\":{\"@type\":\"EntryPoint\",\"urlTemplate\":\"https:\/\/clavreuil-wordpress.logiciel-arteo.fr\/?s={search_term_string}\"},\"query-input\":{\"@type\":\"PropertyValueSpecification\",\"valueRequired\":true,\"valueName\":\"search_term_string\"}}],\"inLanguage\":\"en-US\"},{\"@type\":\"Organization\",\"@id\":\"https:\/\/clavreuil-wordpress.logiciel-arteo.fr\/#organization\",\"name\":\"Libairie Clavreuil\",\"url\":\"https:\/\/clavreuil-wordpress.logiciel-arteo.fr\/\",\"logo\":{\"@type\":\"ImageObject\",\"inLanguage\":\"en-US\",\"@id\":\"https:\/\/clavreuil-wordpress.logiciel-arteo.fr\/#\/schema\/logo\/image\/\",\"url\":\"https:\/\/clavreuil-wordpress.logiciel-arteo.fr\/wp-content\/uploads\/2021\/05\/LOGO_PNG_DATE-_gold.png\",\"contentUrl\":\"https:\/\/clavreuil-wordpress.logiciel-arteo.fr\/wp-content\/uploads\/2021\/05\/LOGO_PNG_DATE-_gold.png\",\"width\":2083,\"height\":1917,\"caption\":\"Libairie Clavreuil\"},\"image\":{\"@id\":\"https:\/\/clavreuil-wordpress.logiciel-arteo.fr\/#\/schema\/logo\/image\/\"}}]}<\/script>\n<!-- \/ Yoast SEO plugin. -->","yoast_head_json":{"title":"BOSSUT abb\u00e9 Charles Trait\u00e9s de calcul diff\u00e9rentiel et de calcul int\u00e9gral. - Libairie Clavreuil","robots":{"index":"noindex","follow":"follow","max-snippet":"max-snippet:-1","max-image-preview":"max-image-preview:large","max-video-preview":"max-video-preview:-1"},"og_locale":"en_US","og_type":"article","og_title":"BOSSUT abb\u00e9 Charles Trait\u00e9s de calcul diff\u00e9rentiel et de calcul int\u00e9gral. - Libairie Clavreuil","og_description":"2 volume 8vo (200 x 125 mm) de 2 unn.l., LXXX, 520 pp., 3 unn.l. and 6 plates for the volume I; 2 unn.l., 564 pp., 3 unn.l. et 2 plates for the volume II. Half sheep with corners (contemporary binding).","og_url":"https:\/\/clavreuil-wordpress.logiciel-arteo.fr\/en\/traites-de-calcul-differentiel-et-de-calcul-integral-abbe-charles-bossut\/","og_site_name":"Libairie Clavreuil","article_modified_time":"2024-04-22T13:09:51+00:00","og_image":[{"width":1920,"height":2560,"url":"https:\/\/clavreuil-wordpress.logiciel-arteo.fr\/wp-content\/uploads\/2024\/04\/abbe-charles-bossut-traites-de-calcul-differentiel-et-de-calcul-integral-2729-657c661a03c94-scaled.jpg","type":"image\/jpeg"}],"twitter_card":"summary_large_image","schema":{"@context":"https:\/\/schema.org","@graph":[{"@type":"WebPage","@id":"https:\/\/clavreuil-wordpress.logiciel-arteo.fr\/en\/traites-de-calcul-differentiel-et-de-calcul-integral-abbe-charles-bossut\/","url":"https:\/\/clavreuil-wordpress.logiciel-arteo.fr\/en\/traites-de-calcul-differentiel-et-de-calcul-integral-abbe-charles-bossut\/","name":"BOSSUT abb\u00e9 Charles Trait\u00e9s de calcul diff\u00e9rentiel et de calcul int\u00e9gral. - Libairie Clavreuil","isPartOf":{"@id":"https:\/\/clavreuil-wordpress.logiciel-arteo.fr\/#website"},"primaryImageOfPage":{"@id":"https:\/\/clavreuil-wordpress.logiciel-arteo.fr\/en\/traites-de-calcul-differentiel-et-de-calcul-integral-abbe-charles-bossut\/#primaryimage"},"image":{"@id":"https:\/\/clavreuil-wordpress.logiciel-arteo.fr\/en\/traites-de-calcul-differentiel-et-de-calcul-integral-abbe-charles-bossut\/#primaryimage"},"thumbnailUrl":"https:\/\/clavreuil-wordpress.logiciel-arteo.fr\/wp-content\/uploads\/2024\/04\/abbe-charles-bossut-traites-de-calcul-differentiel-et-de-calcul-integral-2729-657c661a03c94-scaled.jpg","datePublished":"2024-04-17T16:29:11+00:00","dateModified":"2024-04-22T13:09:51+00:00","breadcrumb":{"@id":"https:\/\/clavreuil-wordpress.logiciel-arteo.fr\/en\/traites-de-calcul-differentiel-et-de-calcul-integral-abbe-charles-bossut\/#breadcrumb"},"inLanguage":"en-US","potentialAction":[{"@type":"ReadAction","target":["https:\/\/clavreuil-wordpress.logiciel-arteo.fr\/en\/traites-de-calcul-differentiel-et-de-calcul-integral-abbe-charles-bossut\/"]}]},{"@type":"ImageObject","inLanguage":"en-US","@id":"https:\/\/clavreuil-wordpress.logiciel-arteo.fr\/en\/traites-de-calcul-differentiel-et-de-calcul-integral-abbe-charles-bossut\/#primaryimage","url":"https:\/\/clavreuil-wordpress.logiciel-arteo.fr\/wp-content\/uploads\/2024\/04\/abbe-charles-bossut-traites-de-calcul-differentiel-et-de-calcul-integral-2729-657c661a03c94-scaled.jpg","contentUrl":"https:\/\/clavreuil-wordpress.logiciel-arteo.fr\/wp-content\/uploads\/2024\/04\/abbe-charles-bossut-traites-de-calcul-differentiel-et-de-calcul-integral-2729-657c661a03c94-scaled.jpg","width":1920,"height":2560},{"@type":"BreadcrumbList","@id":"https:\/\/clavreuil-wordpress.logiciel-arteo.fr\/en\/traites-de-calcul-differentiel-et-de-calcul-integral-abbe-charles-bossut\/#breadcrumb","itemListElement":[{"@type":"ListItem","position":1,"name":"Accueil","item":"https:\/\/clavreuil-wordpress.logiciel-arteo.fr\/"},{"@type":"ListItem","position":2,"name":"All our books","item":"https:\/\/clavreuil-wordpress.logiciel-arteo.fr\/en\/all-our-books\/"},{"@type":"ListItem","position":3,"name":"BOSSUT abb\u00e9 Charles Trait\u00e9s de calcul diff\u00e9rentiel et..."}]},{"@type":"WebSite","@id":"https:\/\/clavreuil-wordpress.logiciel-arteo.fr\/#website","url":"https:\/\/clavreuil-wordpress.logiciel-arteo.fr\/","name":"Libairie Clavreuil","description":"","publisher":{"@id":"https:\/\/clavreuil-wordpress.logiciel-arteo.fr\/#organization"},"potentialAction":[{"@type":"SearchAction","target":{"@type":"EntryPoint","urlTemplate":"https:\/\/clavreuil-wordpress.logiciel-arteo.fr\/?s={search_term_string}"},"query-input":{"@type":"PropertyValueSpecification","valueRequired":true,"valueName":"search_term_string"}}],"inLanguage":"en-US"},{"@type":"Organization","@id":"https:\/\/clavreuil-wordpress.logiciel-arteo.fr\/#organization","name":"Libairie Clavreuil","url":"https:\/\/clavreuil-wordpress.logiciel-arteo.fr\/","logo":{"@type":"ImageObject","inLanguage":"en-US","@id":"https:\/\/clavreuil-wordpress.logiciel-arteo.fr\/#\/schema\/logo\/image\/","url":"https:\/\/clavreuil-wordpress.logiciel-arteo.fr\/wp-content\/uploads\/2021\/05\/LOGO_PNG_DATE-_gold.png","contentUrl":"https:\/\/clavreuil-wordpress.logiciel-arteo.fr\/wp-content\/uploads\/2021\/05\/LOGO_PNG_DATE-_gold.png","width":2083,"height":1917,"caption":"Libairie Clavreuil"},"image":{"@id":"https:\/\/clavreuil-wordpress.logiciel-arteo.fr\/#\/schema\/logo\/image\/"}}]}},"_links":{"self":[{"href":"https:\/\/clavreuil-wordpress.logiciel-arteo.fr\/en\/wp-json\/wp\/v2\/product\/72626","targetHints":{"allow":["GET"]}}],"collection":[{"href":"https:\/\/clavreuil-wordpress.logiciel-arteo.fr\/en\/wp-json\/wp\/v2\/product"}],"about":[{"href":"https:\/\/clavreuil-wordpress.logiciel-arteo.fr\/en\/wp-json\/wp\/v2\/types\/product"}],"replies":[{"embeddable":true,"href":"https:\/\/clavreuil-wordpress.logiciel-arteo.fr\/en\/wp-json\/wp\/v2\/comments?post=72626"}],"wp:featuredmedia":[{"embeddable":true,"href":"https:\/\/clavreuil-wordpress.logiciel-arteo.fr\/en\/wp-json\/wp\/v2\/media\/72621"}],"wp:attachment":[{"href":"https:\/\/clavreuil-wordpress.logiciel-arteo.fr\/en\/wp-json\/wp\/v2\/media?parent=72626"}],"wp:term":[{"taxonomy":"product_brand","embeddable":true,"href":"https:\/\/clavreuil-wordpress.logiciel-arteo.fr\/en\/wp-json\/wp\/v2\/product_brand?post=72626"},{"taxonomy":"product_cat","embeddable":true,"href":"https:\/\/clavreuil-wordpress.logiciel-arteo.fr\/en\/wp-json\/wp\/v2\/product_cat?post=72626"},{"taxonomy":"product_tag","embeddable":true,"href":"https:\/\/clavreuil-wordpress.logiciel-arteo.fr\/en\/wp-json\/wp\/v2\/product_tag?post=72626"}],"curies":[{"name":"wp","href":"https:\/\/api.w.org\/{rel}","templated":true}]}}