{"id":72630,"date":"2024-04-17T18:46:25","date_gmt":"2024-04-17T16:46:25","guid":{"rendered":"https:\/\/clavreuil-wordpress.logiciel-arteo.fr\/le-regne-animal-distribue-dapres-son-organisation-pour-servir-de-base-a-lhistoire-naturelle-des-animaux-et-dintroduction-a-lanatomie-comparee-georges-cuvier\/"},"modified":"2024-04-22T15:32:51","modified_gmt":"2024-04-22T13:32:51","slug":"le-regne-animal-distribue-dapres-son-organisation-pour-servir-de-base-a-lhistoire-naturelle-des-animaux-et-dintroduction-a-lanatomie-comparee-georges-cuvier","status":"publish","type":"product","link":"https:\/\/clavreuil-wordpress.logiciel-arteo.fr\/en\/le-regne-animal-distribue-dapres-son-organisation-pour-servir-de-base-a-lhistoire-naturelle-des-animaux-et-dintroduction-a-lanatomie-comparee-georges-cuvier\/","title":{"rendered":"CUVIER Georges Le R\u00e8gne animal distribu\u00e9 d&#8217;apr\u00e8s son..."},"content":{"rendered":"<p style=\"text-align:justify\"><em>Nissen, ZBI, 1013 ; Nissen, IVB, 213 (note) ; Ronsil p. 700 ; PMM 276 ; Garrison-Morton 327 (&quot;Cuvier&#039;s most comprehensive work&quot;).<\/em><\/p>\n<p style=\"text-align:justify\">First edition.<\/p>\n<p style=\"text-align:justify\">&Eacute;dition originale. Georges Cuvier (1769-1832) gives here the sequel to his magnum opus <em>Recherches sur les ossement fossiles<\/em>, published five years earlier in 1812. The <em>R&egrave;gne Animal<\/em>&nbsp;provides the first scientific basis for comparative anatomy.<\/p>\n<p style=\"text-align:justify\">&quot;[Cuvier&#039;s] powers of observation, description and classification were considerable and provided indispensable data for further investigation. By this means, notably in The Animal kingdom, he laid the foundations of comparative anatomy, just as in Researches on Fossil Remains&#8230; It is in his classification of the animal kingdom into four main groups, Vertebrata, Mollusca, Articulata, and Radiata, that he so notably succeeded in giving a lead that has been followed by all of his successors&quot; (PMM).<\/p>\n<p style=\"text-align:justify\">Good copy, preserved in an elegant binding.<\/p>\n","protected":false},"excerpt":{"rendered":"<p style=\"text-align:justify\">4 volumes, 8vo (205 x 127 mm) XXXVII, 540 pp. for volume I; XVIII, 532 pp. for volume II; XXIX, 653 pp. for volume III; VIII, 255 pp. for volume IV, 15 copper plates engraved by Pierron and Louvet after Laurillard. Contemporary tree-calf, doulbe gilt filet on covers, flat spines gilt, marbled edges (slightly rubbed, one head of spine nicked).<\/p>\n","protected":false},"featured_media":72627,"comment_status":"open","ping_status":"closed","template":"","meta":{"_acf_changed":false},"product_brand":[],"product_cat":[540],"product_tag":[1348,1347,1346,1345,1344,1343,1342,1233],"class_list":{"0":"post-72630","1":"product","2":"type-product","3":"status-publish","4":"has-post-thumbnail","6":"product_cat-natural-history","7":"product_tag-apiculture-2","8":"product_tag-conchyliology","9":"product_tag-darwinism","10":"product_tag-entomology","11":"product_tag-erpetology","12":"product_tag-ichtiology","13":"product_tag-ornithology","14":"product_tag-pmm-2","15":"pa_auteur-georges-cuvier-2","16":"pa_type-de-livre-printed-book","18":"first","19":"instock","20":"shipping-taxable","21":"purchasable","22":"product-type-simple"},"acf":[],"yoast_head":"<!-- This site is optimized with the Yoast SEO plugin v24.3 - https:\/\/yoast.com\/wordpress\/plugins\/seo\/ -->\n<title>CUVIER Georges Le R\u00e8gne animal distribu\u00e9 d&#039;apr\u00e8s son organisation pour servir de base \u00e0 l&#039;histoire naturelle des animaux et d&#039;introduction \u00e0 l&#039;anatomie compar\u00e9e. - Libairie Clavreuil<\/title>\n<meta name=\"robots\" content=\"noindex, follow, max-snippet:-1, max-image-preview:large, max-video-preview:-1\" \/>\n<meta property=\"og:locale\" content=\"en_US\" \/>\n<meta property=\"og:type\" content=\"article\" \/>\n<meta property=\"og:title\" content=\"CUVIER Georges Le R\u00e8gne animal distribu\u00e9 d&#039;apr\u00e8s son organisation pour servir de base \u00e0 l&#039;histoire naturelle des animaux et d&#039;introduction \u00e0 l&#039;anatomie compar\u00e9e. - Libairie Clavreuil\" \/>\n<meta property=\"og:description\" content=\"4 volumes, 8vo (205 x 127 mm) XXXVII, 540 pp. for volume I; XVIII, 532 pp. for volume II; XXIX, 653 pp. for volume III; VIII, 255 pp. for volume IV, 15 copper plates engraved by Pierron and Louvet after Laurillard. Contemporary tree-calf, doulbe gilt filet on covers, flat spines gilt, marbled edges (slightly rubbed, one head of spine nicked).\" \/>\n<meta property=\"og:url\" content=\"https:\/\/clavreuil-wordpress.logiciel-arteo.fr\/en\/le-regne-animal-distribue-dapres-son-organisation-pour-servir-de-base-a-lhistoire-naturelle-des-animaux-et-dintroduction-a-lanatomie-comparee-georges-cuvier\/\" \/>\n<meta property=\"og:site_name\" content=\"Libairie Clavreuil\" \/>\n<meta property=\"article:modified_time\" content=\"2024-04-22T13:32:51+00:00\" \/>\n<meta property=\"og:image\" content=\"https:\/\/clavreuil-wordpress.logiciel-arteo.fr\/wp-content\/uploads\/2024\/04\/georges-cuvier-le-regne-animal-distribue-d-apres-son-organisation-pour-servir-de-base-a-l-histoire-naturelle-des-animaux-et-d-introduction-a-l-anatomi-scaled.jpg\" \/>\n\t<meta property=\"og:image:width\" content=\"1920\" \/>\n\t<meta property=\"og:image:height\" content=\"2560\" \/>\n\t<meta property=\"og:image:type\" content=\"image\/jpeg\" \/>\n<meta name=\"twitter:card\" content=\"summary_large_image\" \/>\n<meta name=\"twitter:label1\" content=\"Est. reading time\" \/>\n\t<meta name=\"twitter:data1\" content=\"1 minute\" \/>\n<script type=\"application\/ld+json\" class=\"yoast-schema-graph\">{\"@context\":\"https:\/\/schema.org\",\"@graph\":[{\"@type\":\"WebPage\",\"@id\":\"https:\/\/clavreuil-wordpress.logiciel-arteo.fr\/en\/le-regne-animal-distribue-dapres-son-organisation-pour-servir-de-base-a-lhistoire-naturelle-des-animaux-et-dintroduction-a-lanatomie-comparee-georges-cuvier\/\",\"url\":\"https:\/\/clavreuil-wordpress.logiciel-arteo.fr\/en\/le-regne-animal-distribue-dapres-son-organisation-pour-servir-de-base-a-lhistoire-naturelle-des-animaux-et-dintroduction-a-lanatomie-comparee-georges-cuvier\/\",\"name\":\"CUVIER Georges Le R\u00e8gne animal distribu\u00e9 d'apr\u00e8s son organisation pour servir de base \u00e0 l'histoire naturelle des animaux et d'introduction \u00e0 l'anatomie compar\u00e9e. - Libairie Clavreuil\",\"isPartOf\":{\"@id\":\"https:\/\/clavreuil-wordpress.logiciel-arteo.fr\/#website\"},\"primaryImageOfPage\":{\"@id\":\"https:\/\/clavreuil-wordpress.logiciel-arteo.fr\/en\/le-regne-animal-distribue-dapres-son-organisation-pour-servir-de-base-a-lhistoire-naturelle-des-animaux-et-dintroduction-a-lanatomie-comparee-georges-cuvier\/#primaryimage\"},\"image\":{\"@id\":\"https:\/\/clavreuil-wordpress.logiciel-arteo.fr\/en\/le-regne-animal-distribue-dapres-son-organisation-pour-servir-de-base-a-lhistoire-naturelle-des-animaux-et-dintroduction-a-lanatomie-comparee-georges-cuvier\/#primaryimage\"},\"thumbnailUrl\":\"https:\/\/clavreuil-wordpress.logiciel-arteo.fr\/wp-content\/uploads\/2024\/04\/georges-cuvier-le-regne-animal-distribue-d-apres-son-organisation-pour-servir-de-base-a-l-histoire-naturelle-des-animaux-et-d-introduction-a-l-anatomi-scaled.jpg\",\"datePublished\":\"2024-04-17T16:46:25+00:00\",\"dateModified\":\"2024-04-22T13:32:51+00:00\",\"breadcrumb\":{\"@id\":\"https:\/\/clavreuil-wordpress.logiciel-arteo.fr\/en\/le-regne-animal-distribue-dapres-son-organisation-pour-servir-de-base-a-lhistoire-naturelle-des-animaux-et-dintroduction-a-lanatomie-comparee-georges-cuvier\/#breadcrumb\"},\"inLanguage\":\"en-US\",\"potentialAction\":[{\"@type\":\"ReadAction\",\"target\":[\"https:\/\/clavreuil-wordpress.logiciel-arteo.fr\/en\/le-regne-animal-distribue-dapres-son-organisation-pour-servir-de-base-a-lhistoire-naturelle-des-animaux-et-dintroduction-a-lanatomie-comparee-georges-cuvier\/\"]}]},{\"@type\":\"ImageObject\",\"inLanguage\":\"en-US\",\"@id\":\"https:\/\/clavreuil-wordpress.logiciel-arteo.fr\/en\/le-regne-animal-distribue-dapres-son-organisation-pour-servir-de-base-a-lhistoire-naturelle-des-animaux-et-dintroduction-a-lanatomie-comparee-georges-cuvier\/#primaryimage\",\"url\":\"https:\/\/clavreuil-wordpress.logiciel-arteo.fr\/wp-content\/uploads\/2024\/04\/georges-cuvier-le-regne-animal-distribue-d-apres-son-organisation-pour-servir-de-base-a-l-histoire-naturelle-des-animaux-et-d-introduction-a-l-anatomi-scaled.jpg\",\"contentUrl\":\"https:\/\/clavreuil-wordpress.logiciel-arteo.fr\/wp-content\/uploads\/2024\/04\/georges-cuvier-le-regne-animal-distribue-d-apres-son-organisation-pour-servir-de-base-a-l-histoire-naturelle-des-animaux-et-d-introduction-a-l-anatomi-scaled.jpg\",\"width\":1920,\"height\":2560},{\"@type\":\"BreadcrumbList\",\"@id\":\"https:\/\/clavreuil-wordpress.logiciel-arteo.fr\/en\/le-regne-animal-distribue-dapres-son-organisation-pour-servir-de-base-a-lhistoire-naturelle-des-animaux-et-dintroduction-a-lanatomie-comparee-georges-cuvier\/#breadcrumb\",\"itemListElement\":[{\"@type\":\"ListItem\",\"position\":1,\"name\":\"Accueil\",\"item\":\"https:\/\/clavreuil-wordpress.logiciel-arteo.fr\/\"},{\"@type\":\"ListItem\",\"position\":2,\"name\":\"All our books\",\"item\":\"https:\/\/clavreuil-wordpress.logiciel-arteo.fr\/en\/all-our-books\/\"},{\"@type\":\"ListItem\",\"position\":3,\"name\":\"CUVIER Georges Le R\u00e8gne animal distribu\u00e9 d&#8217;apr\u00e8s son...\"}]},{\"@type\":\"WebSite\",\"@id\":\"https:\/\/clavreuil-wordpress.logiciel-arteo.fr\/#website\",\"url\":\"https:\/\/clavreuil-wordpress.logiciel-arteo.fr\/\",\"name\":\"Libairie Clavreuil\",\"description\":\"\",\"publisher\":{\"@id\":\"https:\/\/clavreuil-wordpress.logiciel-arteo.fr\/#organization\"},\"potentialAction\":[{\"@type\":\"SearchAction\",\"target\":{\"@type\":\"EntryPoint\",\"urlTemplate\":\"https:\/\/clavreuil-wordpress.logiciel-arteo.fr\/?s={search_term_string}\"},\"query-input\":{\"@type\":\"PropertyValueSpecification\",\"valueRequired\":true,\"valueName\":\"search_term_string\"}}],\"inLanguage\":\"en-US\"},{\"@type\":\"Organization\",\"@id\":\"https:\/\/clavreuil-wordpress.logiciel-arteo.fr\/#organization\",\"name\":\"Libairie Clavreuil\",\"url\":\"https:\/\/clavreuil-wordpress.logiciel-arteo.fr\/\",\"logo\":{\"@type\":\"ImageObject\",\"inLanguage\":\"en-US\",\"@id\":\"https:\/\/clavreuil-wordpress.logiciel-arteo.fr\/#\/schema\/logo\/image\/\",\"url\":\"https:\/\/clavreuil-wordpress.logiciel-arteo.fr\/wp-content\/uploads\/2021\/05\/LOGO_PNG_DATE-_gold.png\",\"contentUrl\":\"https:\/\/clavreuil-wordpress.logiciel-arteo.fr\/wp-content\/uploads\/2021\/05\/LOGO_PNG_DATE-_gold.png\",\"width\":2083,\"height\":1917,\"caption\":\"Libairie Clavreuil\"},\"image\":{\"@id\":\"https:\/\/clavreuil-wordpress.logiciel-arteo.fr\/#\/schema\/logo\/image\/\"}}]}<\/script>\n<!-- \/ Yoast SEO plugin. -->","yoast_head_json":{"title":"CUVIER Georges Le R\u00e8gne animal distribu\u00e9 d'apr\u00e8s son organisation pour servir de base \u00e0 l'histoire naturelle des animaux et d'introduction \u00e0 l'anatomie compar\u00e9e. - Libairie Clavreuil","robots":{"index":"noindex","follow":"follow","max-snippet":"max-snippet:-1","max-image-preview":"max-image-preview:large","max-video-preview":"max-video-preview:-1"},"og_locale":"en_US","og_type":"article","og_title":"CUVIER Georges Le R\u00e8gne animal distribu\u00e9 d'apr\u00e8s son organisation pour servir de base \u00e0 l'histoire naturelle des animaux et d'introduction \u00e0 l'anatomie compar\u00e9e. - Libairie Clavreuil","og_description":"4 volumes, 8vo (205 x 127 mm) XXXVII, 540 pp. for volume I; XVIII, 532 pp. for volume II; XXIX, 653 pp. for volume III; VIII, 255 pp. for volume IV, 15 copper plates engraved by Pierron and Louvet after Laurillard. Contemporary tree-calf, doulbe gilt filet on covers, flat spines gilt, marbled edges (slightly rubbed, one head of spine nicked).","og_url":"https:\/\/clavreuil-wordpress.logiciel-arteo.fr\/en\/le-regne-animal-distribue-dapres-son-organisation-pour-servir-de-base-a-lhistoire-naturelle-des-animaux-et-dintroduction-a-lanatomie-comparee-georges-cuvier\/","og_site_name":"Libairie Clavreuil","article_modified_time":"2024-04-22T13:32:51+00:00","og_image":[{"width":1920,"height":2560,"url":"https:\/\/clavreuil-wordpress.logiciel-arteo.fr\/wp-content\/uploads\/2024\/04\/georges-cuvier-le-regne-animal-distribue-d-apres-son-organisation-pour-servir-de-base-a-l-histoire-naturelle-des-animaux-et-d-introduction-a-l-anatomi-scaled.jpg","type":"image\/jpeg"}],"twitter_card":"summary_large_image","twitter_misc":{"Est. reading time":"1 minute"},"schema":{"@context":"https:\/\/schema.org","@graph":[{"@type":"WebPage","@id":"https:\/\/clavreuil-wordpress.logiciel-arteo.fr\/en\/le-regne-animal-distribue-dapres-son-organisation-pour-servir-de-base-a-lhistoire-naturelle-des-animaux-et-dintroduction-a-lanatomie-comparee-georges-cuvier\/","url":"https:\/\/clavreuil-wordpress.logiciel-arteo.fr\/en\/le-regne-animal-distribue-dapres-son-organisation-pour-servir-de-base-a-lhistoire-naturelle-des-animaux-et-dintroduction-a-lanatomie-comparee-georges-cuvier\/","name":"CUVIER Georges Le R\u00e8gne animal distribu\u00e9 d'apr\u00e8s son organisation pour servir de base \u00e0 l'histoire naturelle des animaux et d'introduction \u00e0 l'anatomie compar\u00e9e. - Libairie Clavreuil","isPartOf":{"@id":"https:\/\/clavreuil-wordpress.logiciel-arteo.fr\/#website"},"primaryImageOfPage":{"@id":"https:\/\/clavreuil-wordpress.logiciel-arteo.fr\/en\/le-regne-animal-distribue-dapres-son-organisation-pour-servir-de-base-a-lhistoire-naturelle-des-animaux-et-dintroduction-a-lanatomie-comparee-georges-cuvier\/#primaryimage"},"image":{"@id":"https:\/\/clavreuil-wordpress.logiciel-arteo.fr\/en\/le-regne-animal-distribue-dapres-son-organisation-pour-servir-de-base-a-lhistoire-naturelle-des-animaux-et-dintroduction-a-lanatomie-comparee-georges-cuvier\/#primaryimage"},"thumbnailUrl":"https:\/\/clavreuil-wordpress.logiciel-arteo.fr\/wp-content\/uploads\/2024\/04\/georges-cuvier-le-regne-animal-distribue-d-apres-son-organisation-pour-servir-de-base-a-l-histoire-naturelle-des-animaux-et-d-introduction-a-l-anatomi-scaled.jpg","datePublished":"2024-04-17T16:46:25+00:00","dateModified":"2024-04-22T13:32:51+00:00","breadcrumb":{"@id":"https:\/\/clavreuil-wordpress.logiciel-arteo.fr\/en\/le-regne-animal-distribue-dapres-son-organisation-pour-servir-de-base-a-lhistoire-naturelle-des-animaux-et-dintroduction-a-lanatomie-comparee-georges-cuvier\/#breadcrumb"},"inLanguage":"en-US","potentialAction":[{"@type":"ReadAction","target":["https:\/\/clavreuil-wordpress.logiciel-arteo.fr\/en\/le-regne-animal-distribue-dapres-son-organisation-pour-servir-de-base-a-lhistoire-naturelle-des-animaux-et-dintroduction-a-lanatomie-comparee-georges-cuvier\/"]}]},{"@type":"ImageObject","inLanguage":"en-US","@id":"https:\/\/clavreuil-wordpress.logiciel-arteo.fr\/en\/le-regne-animal-distribue-dapres-son-organisation-pour-servir-de-base-a-lhistoire-naturelle-des-animaux-et-dintroduction-a-lanatomie-comparee-georges-cuvier\/#primaryimage","url":"https:\/\/clavreuil-wordpress.logiciel-arteo.fr\/wp-content\/uploads\/2024\/04\/georges-cuvier-le-regne-animal-distribue-d-apres-son-organisation-pour-servir-de-base-a-l-histoire-naturelle-des-animaux-et-d-introduction-a-l-anatomi-scaled.jpg","contentUrl":"https:\/\/clavreuil-wordpress.logiciel-arteo.fr\/wp-content\/uploads\/2024\/04\/georges-cuvier-le-regne-animal-distribue-d-apres-son-organisation-pour-servir-de-base-a-l-histoire-naturelle-des-animaux-et-d-introduction-a-l-anatomi-scaled.jpg","width":1920,"height":2560},{"@type":"BreadcrumbList","@id":"https:\/\/clavreuil-wordpress.logiciel-arteo.fr\/en\/le-regne-animal-distribue-dapres-son-organisation-pour-servir-de-base-a-lhistoire-naturelle-des-animaux-et-dintroduction-a-lanatomie-comparee-georges-cuvier\/#breadcrumb","itemListElement":[{"@type":"ListItem","position":1,"name":"Accueil","item":"https:\/\/clavreuil-wordpress.logiciel-arteo.fr\/"},{"@type":"ListItem","position":2,"name":"All our books","item":"https:\/\/clavreuil-wordpress.logiciel-arteo.fr\/en\/all-our-books\/"},{"@type":"ListItem","position":3,"name":"CUVIER Georges Le R\u00e8gne animal distribu\u00e9 d&#8217;apr\u00e8s son..."}]},{"@type":"WebSite","@id":"https:\/\/clavreuil-wordpress.logiciel-arteo.fr\/#website","url":"https:\/\/clavreuil-wordpress.logiciel-arteo.fr\/","name":"Libairie Clavreuil","description":"","publisher":{"@id":"https:\/\/clavreuil-wordpress.logiciel-arteo.fr\/#organization"},"potentialAction":[{"@type":"SearchAction","target":{"@type":"EntryPoint","urlTemplate":"https:\/\/clavreuil-wordpress.logiciel-arteo.fr\/?s={search_term_string}"},"query-input":{"@type":"PropertyValueSpecification","valueRequired":true,"valueName":"search_term_string"}}],"inLanguage":"en-US"},{"@type":"Organization","@id":"https:\/\/clavreuil-wordpress.logiciel-arteo.fr\/#organization","name":"Libairie Clavreuil","url":"https:\/\/clavreuil-wordpress.logiciel-arteo.fr\/","logo":{"@type":"ImageObject","inLanguage":"en-US","@id":"https:\/\/clavreuil-wordpress.logiciel-arteo.fr\/#\/schema\/logo\/image\/","url":"https:\/\/clavreuil-wordpress.logiciel-arteo.fr\/wp-content\/uploads\/2021\/05\/LOGO_PNG_DATE-_gold.png","contentUrl":"https:\/\/clavreuil-wordpress.logiciel-arteo.fr\/wp-content\/uploads\/2021\/05\/LOGO_PNG_DATE-_gold.png","width":2083,"height":1917,"caption":"Libairie Clavreuil"},"image":{"@id":"https:\/\/clavreuil-wordpress.logiciel-arteo.fr\/#\/schema\/logo\/image\/"}}]}},"_links":{"self":[{"href":"https:\/\/clavreuil-wordpress.logiciel-arteo.fr\/en\/wp-json\/wp\/v2\/product\/72630","targetHints":{"allow":["GET"]}}],"collection":[{"href":"https:\/\/clavreuil-wordpress.logiciel-arteo.fr\/en\/wp-json\/wp\/v2\/product"}],"about":[{"href":"https:\/\/clavreuil-wordpress.logiciel-arteo.fr\/en\/wp-json\/wp\/v2\/types\/product"}],"replies":[{"embeddable":true,"href":"https:\/\/clavreuil-wordpress.logiciel-arteo.fr\/en\/wp-json\/wp\/v2\/comments?post=72630"}],"wp:featuredmedia":[{"embeddable":true,"href":"https:\/\/clavreuil-wordpress.logiciel-arteo.fr\/en\/wp-json\/wp\/v2\/media\/72627"}],"wp:attachment":[{"href":"https:\/\/clavreuil-wordpress.logiciel-arteo.fr\/en\/wp-json\/wp\/v2\/media?parent=72630"}],"wp:term":[{"taxonomy":"product_brand","embeddable":true,"href":"https:\/\/clavreuil-wordpress.logiciel-arteo.fr\/en\/wp-json\/wp\/v2\/product_brand?post=72630"},{"taxonomy":"product_cat","embeddable":true,"href":"https:\/\/clavreuil-wordpress.logiciel-arteo.fr\/en\/wp-json\/wp\/v2\/product_cat?post=72630"},{"taxonomy":"product_tag","embeddable":true,"href":"https:\/\/clavreuil-wordpress.logiciel-arteo.fr\/en\/wp-json\/wp\/v2\/product_tag?post=72630"}],"curies":[{"name":"wp","href":"https:\/\/api.w.org\/{rel}","templated":true}]}}