{"id":72646,"date":"2024-04-17T18:47:01","date_gmt":"2024-04-17T16:47:01","guid":{"rendered":"https:\/\/clavreuil-wordpress.logiciel-arteo.fr\/notions-elementaires-de-botanique-et-flore-de-bourgogne-ou-catalogue-des-plantes-naturelles-a-cette-province-de-celles-quon-y-cultive-le-plus-communement-avec-lindication-du-sol-ou-ell\/"},"modified":"2024-04-17T18:50:18","modified_gmt":"2024-04-17T16:50:18","slug":"notions-elementaires-de-botanique-et-flore-de-bourgogne-ou-catalogue-des-plantes-naturelles-a-cette-province-de-celles-quon-y-cultive-le-plus-communement-avec-lindication-du-sol-ou-ell","status":"publish","type":"product","link":"https:\/\/clavreuil-wordpress.logiciel-arteo.fr\/en\/notions-elementaires-de-botanique-et-flore-de-bourgogne-ou-catalogue-des-plantes-naturelles-a-cette-province-de-celles-quon-y-cultive-le-plus-communement-avec-lindication-du-sol-ou-ell\/","title":{"rendered":"Notions \u00e9l\u00e9mentaires de Botanique. [Et:] Flore de Bourgogne..."},"content":{"rendered":"<p><em>Stafleu-Cowan, 1596 &amp; 1597 (without the wall chart).<\/em><\/p>\n<p>First edition of both titles. Unique copies, printed on large paper (as indicated on the front fly leaf of each title).<\/p>\n<p>The title page of the first volume of <em>Flore de Bourgogne<\/em> is decorated with a vignette depicting an apple and a pear, the other volume bears military emblems. Each volume has a sub-title, respectively <em>Catalogue des plantes naturelles &agrave; cette province<\/em> (volume I), and <em>Flore de Bourgogne ou propri&eacute;t&eacute;s des plantes de cette province, relativement &agrave; la m&eacute;decine, &agrave; l&#039;agriculture &amp; aux arts<\/em> (volume II).<\/p>\n<p>Exceptionnal copies<\/p>\n<p>Both titles are present in unique issues, as indicated on the fly-leaf for each title. The handwritten notes read that these are unique copies, pulled by the printer Fantin for his own use. The regular issue having much shorter margins. These books have been purchased directly from Frantin&#039;s son, soon after his father&#039;s death, (&quot;cet exemplaire est le seul que M. Frantin l&#039;imprimeur ait tir&eacute; en Grand papier, pour lui, les autres sont &agrave; marges beaucoup plus r&eacute;duites. Il m&#039;a &eacute;t&eacute; vendu par le fils Frantin apr&egrave;s la mort du p&egrave;re, broch&eacute;&quot;).<\/p>\n<p>The books are completed by the excessively rare large engraved wall chart (1538 x 1498 mm), assembled from 7 copper plates.<\/p>\n<p>The wall chart is headed by a large allegorical scene and bear the title &#039;Carte de Bourgogne&#039;, followed by the the classification of the flora of the French region Burgundy, animated with small images of engraved flowers and other plant. Ths wall chart was desrtined as an educational tool for teachers.<\/p>\n<p>This chart was not part of the edition and was apparently printed a very few numbers. One large chapter of &Eacute;l&eacute;m&eacute;ns de botanique is entirely devoted to its description, covering pages 302 to 368. The chart is unknown to Stafleu.<\/p>\n<p>Wall chart sympathetically cleaned.<\/p>\n<p>Provenance : contemporary manuscript note indicating the uniqueness of this issu of the printed books<\/p>\n","protected":false},"excerpt":{"rendered":"<p style=\"text-align:justify\">3 volumes, large 8vo (218 x 142 mm) 368, XCII pp., 2 unn.ll. (errata and privil&egrave;ge) for <em>&Eacute;l&eacute;m&eacute;ns de botanique<\/em>; 2 unn.ll., VIII, 520, LXXVIII pp., for <em>Flore de Bourgogne<\/em>, volume I; XIV, 290, LXXX for <em>Flore de Bourgogne<\/em>, volume II. Uniformly bound in contemporary red morocco, triple gilt filet on covers, spines gilt with raised bands, gilt edges. The wall-chart (<em>Carte de Botanique<\/em>), assembled from 7 copper plates, laid into modern red morocco backed slipcase, bound in style (790 x 680 mm).<\/p>\n","protected":false},"featured_media":72631,"comment_status":"open","ping_status":"closed","template":"","meta":{"_acf_changed":false},"product_brand":[],"product_cat":[532],"product_tag":[590],"class_list":{"0":"post-72646","1":"product","2":"type-product","3":"status-publish","4":"has-post-thumbnail","6":"product_cat-botanical","7":"product_tag-botanical","8":"pa_auteur-jean-francois-durande-2","9":"pa_type-de-livre-printed-book","11":"first","12":"instock","13":"shipping-taxable","14":"purchasable","15":"product-type-simple"},"acf":[],"yoast_head":"<!-- This site is optimized with the Yoast SEO plugin v24.3 - https:\/\/yoast.com\/wordpress\/plugins\/seo\/ -->\n<title>Notions \u00e9l\u00e9mentaires de Botanique. [Et:] Flore de Bourgogne ou catalogue des plantes naturelles \u00e0 cette Province, &amp; de celles qu&#039;on y cultive le plus commun\u00e9ment, avec l&#039;indication du sol o\u00f9 elles croissent, du temps de leur floraison, &amp; de la couleur de leurs fleurs. Jean Fran\u00e7ois DURANDE - Libairie Clavreuil<\/title>\n<meta name=\"robots\" content=\"noindex, follow, max-snippet:-1, max-image-preview:large, max-video-preview:-1\" \/>\n<meta property=\"og:locale\" content=\"en_US\" \/>\n<meta property=\"og:type\" content=\"article\" \/>\n<meta property=\"og:title\" content=\"Notions \u00e9l\u00e9mentaires de Botanique. [Et:] Flore de Bourgogne ou catalogue des plantes naturelles \u00e0 cette Province, &amp; de celles qu&#039;on y cultive le plus commun\u00e9ment, avec l&#039;indication du sol o\u00f9 elles croissent, du temps de leur floraison, &amp; de la couleur de leurs fleurs. Jean Fran\u00e7ois DURANDE - Libairie Clavreuil\" \/>\n<meta property=\"og:description\" content=\"3 volumes, large 8vo (218 x 142 mm) 368, XCII pp., 2 unn.ll. (errata and privil&egrave;ge) for &Eacute;l&eacute;m&eacute;ns de botanique; 2 unn.ll., VIII, 520, LXXVIII pp., for Flore de Bourgogne, volume I; XIV, 290, LXXX for Flore de Bourgogne, volume II. Uniformly bound in contemporary red morocco, triple gilt filet on covers, spines gilt with raised bands, gilt edges. The wall-chart (Carte de Botanique), assembled from 7 copper plates, laid into modern red morocco backed slipcase, bound in style (790 x 680 mm).\" \/>\n<meta property=\"og:url\" content=\"https:\/\/clavreuil-wordpress.logiciel-arteo.fr\/en\/notions-elementaires-de-botanique-et-flore-de-bourgogne-ou-catalogue-des-plantes-naturelles-a-cette-province-de-celles-quon-y-cultive-le-plus-communement-avec-lindication-du-sol-ou-ell\/\" \/>\n<meta property=\"og:site_name\" content=\"Libairie Clavreuil\" \/>\n<meta property=\"article:modified_time\" content=\"2024-04-17T16:50:18+00:00\" \/>\n<meta property=\"og:image\" content=\"https:\/\/clavreuil-wordpress.logiciel-arteo.fr\/wp-content\/uploads\/2024\/04\/jean-francois-durande-notions-elementaires-de-botanique-et-flore-de-bourgogne-ou-catalogue-des-plantes-naturelles-a-cette-province-de-celles-qu-on-y-c-scaled.jpg\" \/>\n\t<meta property=\"og:image:width\" content=\"1721\" \/>\n\t<meta property=\"og:image:height\" content=\"2560\" \/>\n\t<meta property=\"og:image:type\" content=\"image\/jpeg\" \/>\n<meta name=\"twitter:card\" content=\"summary_large_image\" \/>\n<meta name=\"twitter:label1\" content=\"Est. reading time\" \/>\n\t<meta name=\"twitter:data1\" content=\"2 minutes\" \/>\n<script type=\"application\/ld+json\" class=\"yoast-schema-graph\">{\"@context\":\"https:\/\/schema.org\",\"@graph\":[{\"@type\":\"WebPage\",\"@id\":\"https:\/\/clavreuil-wordpress.logiciel-arteo.fr\/en\/notions-elementaires-de-botanique-et-flore-de-bourgogne-ou-catalogue-des-plantes-naturelles-a-cette-province-de-celles-quon-y-cultive-le-plus-communement-avec-lindication-du-sol-ou-ell\/\",\"url\":\"https:\/\/clavreuil-wordpress.logiciel-arteo.fr\/en\/notions-elementaires-de-botanique-et-flore-de-bourgogne-ou-catalogue-des-plantes-naturelles-a-cette-province-de-celles-quon-y-cultive-le-plus-communement-avec-lindication-du-sol-ou-ell\/\",\"name\":\"Notions \u00e9l\u00e9mentaires de Botanique. [Et:] Flore de Bourgogne ou catalogue des plantes naturelles \u00e0 cette Province, &amp; de celles qu'on y cultive le plus commun\u00e9ment, avec l'indication du sol o\u00f9 elles croissent, du temps de leur floraison, &amp; de la couleur de leurs fleurs. Jean Fran\u00e7ois DURANDE - Libairie Clavreuil\",\"isPartOf\":{\"@id\":\"https:\/\/clavreuil-wordpress.logiciel-arteo.fr\/#website\"},\"primaryImageOfPage\":{\"@id\":\"https:\/\/clavreuil-wordpress.logiciel-arteo.fr\/en\/notions-elementaires-de-botanique-et-flore-de-bourgogne-ou-catalogue-des-plantes-naturelles-a-cette-province-de-celles-quon-y-cultive-le-plus-communement-avec-lindication-du-sol-ou-ell\/#primaryimage\"},\"image\":{\"@id\":\"https:\/\/clavreuil-wordpress.logiciel-arteo.fr\/en\/notions-elementaires-de-botanique-et-flore-de-bourgogne-ou-catalogue-des-plantes-naturelles-a-cette-province-de-celles-quon-y-cultive-le-plus-communement-avec-lindication-du-sol-ou-ell\/#primaryimage\"},\"thumbnailUrl\":\"https:\/\/clavreuil-wordpress.logiciel-arteo.fr\/wp-content\/uploads\/2024\/04\/jean-francois-durande-notions-elementaires-de-botanique-et-flore-de-bourgogne-ou-catalogue-des-plantes-naturelles-a-cette-province-de-celles-qu-on-y-c-scaled.jpg\",\"datePublished\":\"2024-04-17T16:47:01+00:00\",\"dateModified\":\"2024-04-17T16:50:18+00:00\",\"breadcrumb\":{\"@id\":\"https:\/\/clavreuil-wordpress.logiciel-arteo.fr\/en\/notions-elementaires-de-botanique-et-flore-de-bourgogne-ou-catalogue-des-plantes-naturelles-a-cette-province-de-celles-quon-y-cultive-le-plus-communement-avec-lindication-du-sol-ou-ell\/#breadcrumb\"},\"inLanguage\":\"en-US\",\"potentialAction\":[{\"@type\":\"ReadAction\",\"target\":[\"https:\/\/clavreuil-wordpress.logiciel-arteo.fr\/en\/notions-elementaires-de-botanique-et-flore-de-bourgogne-ou-catalogue-des-plantes-naturelles-a-cette-province-de-celles-quon-y-cultive-le-plus-communement-avec-lindication-du-sol-ou-ell\/\"]}]},{\"@type\":\"ImageObject\",\"inLanguage\":\"en-US\",\"@id\":\"https:\/\/clavreuil-wordpress.logiciel-arteo.fr\/en\/notions-elementaires-de-botanique-et-flore-de-bourgogne-ou-catalogue-des-plantes-naturelles-a-cette-province-de-celles-quon-y-cultive-le-plus-communement-avec-lindication-du-sol-ou-ell\/#primaryimage\",\"url\":\"https:\/\/clavreuil-wordpress.logiciel-arteo.fr\/wp-content\/uploads\/2024\/04\/jean-francois-durande-notions-elementaires-de-botanique-et-flore-de-bourgogne-ou-catalogue-des-plantes-naturelles-a-cette-province-de-celles-qu-on-y-c-scaled.jpg\",\"contentUrl\":\"https:\/\/clavreuil-wordpress.logiciel-arteo.fr\/wp-content\/uploads\/2024\/04\/jean-francois-durande-notions-elementaires-de-botanique-et-flore-de-bourgogne-ou-catalogue-des-plantes-naturelles-a-cette-province-de-celles-qu-on-y-c-scaled.jpg\",\"width\":1721,\"height\":2560},{\"@type\":\"BreadcrumbList\",\"@id\":\"https:\/\/clavreuil-wordpress.logiciel-arteo.fr\/en\/notions-elementaires-de-botanique-et-flore-de-bourgogne-ou-catalogue-des-plantes-naturelles-a-cette-province-de-celles-quon-y-cultive-le-plus-communement-avec-lindication-du-sol-ou-ell\/#breadcrumb\",\"itemListElement\":[{\"@type\":\"ListItem\",\"position\":1,\"name\":\"Accueil\",\"item\":\"https:\/\/clavreuil-wordpress.logiciel-arteo.fr\/\"},{\"@type\":\"ListItem\",\"position\":2,\"name\":\"All our books\",\"item\":\"https:\/\/clavreuil-wordpress.logiciel-arteo.fr\/en\/all-our-books\/\"},{\"@type\":\"ListItem\",\"position\":3,\"name\":\"Notions \u00e9l\u00e9mentaires de Botanique. [Et:] Flore de Bourgogne...\"}]},{\"@type\":\"WebSite\",\"@id\":\"https:\/\/clavreuil-wordpress.logiciel-arteo.fr\/#website\",\"url\":\"https:\/\/clavreuil-wordpress.logiciel-arteo.fr\/\",\"name\":\"Libairie Clavreuil\",\"description\":\"\",\"publisher\":{\"@id\":\"https:\/\/clavreuil-wordpress.logiciel-arteo.fr\/#organization\"},\"potentialAction\":[{\"@type\":\"SearchAction\",\"target\":{\"@type\":\"EntryPoint\",\"urlTemplate\":\"https:\/\/clavreuil-wordpress.logiciel-arteo.fr\/?s={search_term_string}\"},\"query-input\":{\"@type\":\"PropertyValueSpecification\",\"valueRequired\":true,\"valueName\":\"search_term_string\"}}],\"inLanguage\":\"en-US\"},{\"@type\":\"Organization\",\"@id\":\"https:\/\/clavreuil-wordpress.logiciel-arteo.fr\/#organization\",\"name\":\"Libairie Clavreuil\",\"url\":\"https:\/\/clavreuil-wordpress.logiciel-arteo.fr\/\",\"logo\":{\"@type\":\"ImageObject\",\"inLanguage\":\"en-US\",\"@id\":\"https:\/\/clavreuil-wordpress.logiciel-arteo.fr\/#\/schema\/logo\/image\/\",\"url\":\"https:\/\/clavreuil-wordpress.logiciel-arteo.fr\/wp-content\/uploads\/2021\/05\/LOGO_PNG_DATE-_gold.png\",\"contentUrl\":\"https:\/\/clavreuil-wordpress.logiciel-arteo.fr\/wp-content\/uploads\/2021\/05\/LOGO_PNG_DATE-_gold.png\",\"width\":2083,\"height\":1917,\"caption\":\"Libairie Clavreuil\"},\"image\":{\"@id\":\"https:\/\/clavreuil-wordpress.logiciel-arteo.fr\/#\/schema\/logo\/image\/\"}}]}<\/script>\n<!-- \/ Yoast SEO plugin. -->","yoast_head_json":{"title":"Notions \u00e9l\u00e9mentaires de Botanique. [Et:] Flore de Bourgogne ou catalogue des plantes naturelles \u00e0 cette Province, &amp; de celles qu'on y cultive le plus commun\u00e9ment, avec l'indication du sol o\u00f9 elles croissent, du temps de leur floraison, &amp; de la couleur de leurs fleurs. Jean Fran\u00e7ois DURANDE - Libairie Clavreuil","robots":{"index":"noindex","follow":"follow","max-snippet":"max-snippet:-1","max-image-preview":"max-image-preview:large","max-video-preview":"max-video-preview:-1"},"og_locale":"en_US","og_type":"article","og_title":"Notions \u00e9l\u00e9mentaires de Botanique. [Et:] Flore de Bourgogne ou catalogue des plantes naturelles \u00e0 cette Province, &amp; de celles qu'on y cultive le plus commun\u00e9ment, avec l'indication du sol o\u00f9 elles croissent, du temps de leur floraison, &amp; de la couleur de leurs fleurs. Jean Fran\u00e7ois DURANDE - Libairie Clavreuil","og_description":"3 volumes, large 8vo (218 x 142 mm) 368, XCII pp., 2 unn.ll. (errata and privil&egrave;ge) for &Eacute;l&eacute;m&eacute;ns de botanique; 2 unn.ll., VIII, 520, LXXVIII pp., for Flore de Bourgogne, volume I; XIV, 290, LXXX for Flore de Bourgogne, volume II. Uniformly bound in contemporary red morocco, triple gilt filet on covers, spines gilt with raised bands, gilt edges. The wall-chart (Carte de Botanique), assembled from 7 copper plates, laid into modern red morocco backed slipcase, bound in style (790 x 680 mm).","og_url":"https:\/\/clavreuil-wordpress.logiciel-arteo.fr\/en\/notions-elementaires-de-botanique-et-flore-de-bourgogne-ou-catalogue-des-plantes-naturelles-a-cette-province-de-celles-quon-y-cultive-le-plus-communement-avec-lindication-du-sol-ou-ell\/","og_site_name":"Libairie Clavreuil","article_modified_time":"2024-04-17T16:50:18+00:00","og_image":[{"width":1721,"height":2560,"url":"https:\/\/clavreuil-wordpress.logiciel-arteo.fr\/wp-content\/uploads\/2024\/04\/jean-francois-durande-notions-elementaires-de-botanique-et-flore-de-bourgogne-ou-catalogue-des-plantes-naturelles-a-cette-province-de-celles-qu-on-y-c-scaled.jpg","type":"image\/jpeg"}],"twitter_card":"summary_large_image","twitter_misc":{"Est. reading time":"2 minutes"},"schema":{"@context":"https:\/\/schema.org","@graph":[{"@type":"WebPage","@id":"https:\/\/clavreuil-wordpress.logiciel-arteo.fr\/en\/notions-elementaires-de-botanique-et-flore-de-bourgogne-ou-catalogue-des-plantes-naturelles-a-cette-province-de-celles-quon-y-cultive-le-plus-communement-avec-lindication-du-sol-ou-ell\/","url":"https:\/\/clavreuil-wordpress.logiciel-arteo.fr\/en\/notions-elementaires-de-botanique-et-flore-de-bourgogne-ou-catalogue-des-plantes-naturelles-a-cette-province-de-celles-quon-y-cultive-le-plus-communement-avec-lindication-du-sol-ou-ell\/","name":"Notions \u00e9l\u00e9mentaires de Botanique. [Et:] Flore de Bourgogne ou catalogue des plantes naturelles \u00e0 cette Province, &amp; de celles qu'on y cultive le plus commun\u00e9ment, avec l'indication du sol o\u00f9 elles croissent, du temps de leur floraison, &amp; de la couleur de leurs fleurs. Jean Fran\u00e7ois DURANDE - Libairie Clavreuil","isPartOf":{"@id":"https:\/\/clavreuil-wordpress.logiciel-arteo.fr\/#website"},"primaryImageOfPage":{"@id":"https:\/\/clavreuil-wordpress.logiciel-arteo.fr\/en\/notions-elementaires-de-botanique-et-flore-de-bourgogne-ou-catalogue-des-plantes-naturelles-a-cette-province-de-celles-quon-y-cultive-le-plus-communement-avec-lindication-du-sol-ou-ell\/#primaryimage"},"image":{"@id":"https:\/\/clavreuil-wordpress.logiciel-arteo.fr\/en\/notions-elementaires-de-botanique-et-flore-de-bourgogne-ou-catalogue-des-plantes-naturelles-a-cette-province-de-celles-quon-y-cultive-le-plus-communement-avec-lindication-du-sol-ou-ell\/#primaryimage"},"thumbnailUrl":"https:\/\/clavreuil-wordpress.logiciel-arteo.fr\/wp-content\/uploads\/2024\/04\/jean-francois-durande-notions-elementaires-de-botanique-et-flore-de-bourgogne-ou-catalogue-des-plantes-naturelles-a-cette-province-de-celles-qu-on-y-c-scaled.jpg","datePublished":"2024-04-17T16:47:01+00:00","dateModified":"2024-04-17T16:50:18+00:00","breadcrumb":{"@id":"https:\/\/clavreuil-wordpress.logiciel-arteo.fr\/en\/notions-elementaires-de-botanique-et-flore-de-bourgogne-ou-catalogue-des-plantes-naturelles-a-cette-province-de-celles-quon-y-cultive-le-plus-communement-avec-lindication-du-sol-ou-ell\/#breadcrumb"},"inLanguage":"en-US","potentialAction":[{"@type":"ReadAction","target":["https:\/\/clavreuil-wordpress.logiciel-arteo.fr\/en\/notions-elementaires-de-botanique-et-flore-de-bourgogne-ou-catalogue-des-plantes-naturelles-a-cette-province-de-celles-quon-y-cultive-le-plus-communement-avec-lindication-du-sol-ou-ell\/"]}]},{"@type":"ImageObject","inLanguage":"en-US","@id":"https:\/\/clavreuil-wordpress.logiciel-arteo.fr\/en\/notions-elementaires-de-botanique-et-flore-de-bourgogne-ou-catalogue-des-plantes-naturelles-a-cette-province-de-celles-quon-y-cultive-le-plus-communement-avec-lindication-du-sol-ou-ell\/#primaryimage","url":"https:\/\/clavreuil-wordpress.logiciel-arteo.fr\/wp-content\/uploads\/2024\/04\/jean-francois-durande-notions-elementaires-de-botanique-et-flore-de-bourgogne-ou-catalogue-des-plantes-naturelles-a-cette-province-de-celles-qu-on-y-c-scaled.jpg","contentUrl":"https:\/\/clavreuil-wordpress.logiciel-arteo.fr\/wp-content\/uploads\/2024\/04\/jean-francois-durande-notions-elementaires-de-botanique-et-flore-de-bourgogne-ou-catalogue-des-plantes-naturelles-a-cette-province-de-celles-qu-on-y-c-scaled.jpg","width":1721,"height":2560},{"@type":"BreadcrumbList","@id":"https:\/\/clavreuil-wordpress.logiciel-arteo.fr\/en\/notions-elementaires-de-botanique-et-flore-de-bourgogne-ou-catalogue-des-plantes-naturelles-a-cette-province-de-celles-quon-y-cultive-le-plus-communement-avec-lindication-du-sol-ou-ell\/#breadcrumb","itemListElement":[{"@type":"ListItem","position":1,"name":"Accueil","item":"https:\/\/clavreuil-wordpress.logiciel-arteo.fr\/"},{"@type":"ListItem","position":2,"name":"All our books","item":"https:\/\/clavreuil-wordpress.logiciel-arteo.fr\/en\/all-our-books\/"},{"@type":"ListItem","position":3,"name":"Notions \u00e9l\u00e9mentaires de Botanique. [Et:] Flore de Bourgogne..."}]},{"@type":"WebSite","@id":"https:\/\/clavreuil-wordpress.logiciel-arteo.fr\/#website","url":"https:\/\/clavreuil-wordpress.logiciel-arteo.fr\/","name":"Libairie Clavreuil","description":"","publisher":{"@id":"https:\/\/clavreuil-wordpress.logiciel-arteo.fr\/#organization"},"potentialAction":[{"@type":"SearchAction","target":{"@type":"EntryPoint","urlTemplate":"https:\/\/clavreuil-wordpress.logiciel-arteo.fr\/?s={search_term_string}"},"query-input":{"@type":"PropertyValueSpecification","valueRequired":true,"valueName":"search_term_string"}}],"inLanguage":"en-US"},{"@type":"Organization","@id":"https:\/\/clavreuil-wordpress.logiciel-arteo.fr\/#organization","name":"Libairie Clavreuil","url":"https:\/\/clavreuil-wordpress.logiciel-arteo.fr\/","logo":{"@type":"ImageObject","inLanguage":"en-US","@id":"https:\/\/clavreuil-wordpress.logiciel-arteo.fr\/#\/schema\/logo\/image\/","url":"https:\/\/clavreuil-wordpress.logiciel-arteo.fr\/wp-content\/uploads\/2021\/05\/LOGO_PNG_DATE-_gold.png","contentUrl":"https:\/\/clavreuil-wordpress.logiciel-arteo.fr\/wp-content\/uploads\/2021\/05\/LOGO_PNG_DATE-_gold.png","width":2083,"height":1917,"caption":"Libairie Clavreuil"},"image":{"@id":"https:\/\/clavreuil-wordpress.logiciel-arteo.fr\/#\/schema\/logo\/image\/"}}]}},"_links":{"self":[{"href":"https:\/\/clavreuil-wordpress.logiciel-arteo.fr\/en\/wp-json\/wp\/v2\/product\/72646","targetHints":{"allow":["GET"]}}],"collection":[{"href":"https:\/\/clavreuil-wordpress.logiciel-arteo.fr\/en\/wp-json\/wp\/v2\/product"}],"about":[{"href":"https:\/\/clavreuil-wordpress.logiciel-arteo.fr\/en\/wp-json\/wp\/v2\/types\/product"}],"replies":[{"embeddable":true,"href":"https:\/\/clavreuil-wordpress.logiciel-arteo.fr\/en\/wp-json\/wp\/v2\/comments?post=72646"}],"wp:featuredmedia":[{"embeddable":true,"href":"https:\/\/clavreuil-wordpress.logiciel-arteo.fr\/en\/wp-json\/wp\/v2\/media\/72631"}],"wp:attachment":[{"href":"https:\/\/clavreuil-wordpress.logiciel-arteo.fr\/en\/wp-json\/wp\/v2\/media?parent=72646"}],"wp:term":[{"taxonomy":"product_brand","embeddable":true,"href":"https:\/\/clavreuil-wordpress.logiciel-arteo.fr\/en\/wp-json\/wp\/v2\/product_brand?post=72646"},{"taxonomy":"product_cat","embeddable":true,"href":"https:\/\/clavreuil-wordpress.logiciel-arteo.fr\/en\/wp-json\/wp\/v2\/product_cat?post=72646"},{"taxonomy":"product_tag","embeddable":true,"href":"https:\/\/clavreuil-wordpress.logiciel-arteo.fr\/en\/wp-json\/wp\/v2\/product_tag?post=72646"}],"curies":[{"name":"wp","href":"https:\/\/api.w.org\/{rel}","templated":true}]}}