{"id":72690,"date":"2024-04-17T19:01:52","date_gmt":"2024-04-17T17:01:52","guid":{"rendered":"https:\/\/clavreuil-wordpress.logiciel-arteo.fr\/lecons-danatomie-comparee-recueillies-et-publiees-par-m-dumeril-seconde-edition-corrigee-et-augmentee-revu-par-m-g-cuvier-georges-cuvier\/"},"modified":"2024-04-22T15:32:27","modified_gmt":"2024-04-22T13:32:27","slug":"lecons-danatomie-comparee-recueillies-et-publiees-par-m-dumeril-seconde-edition-corrigee-et-augmentee-revu-par-m-g-cuvier-georges-cuvier","status":"publish","type":"product","link":"https:\/\/clavreuil-wordpress.logiciel-arteo.fr\/en\/lecons-danatomie-comparee-recueillies-et-publiees-par-m-dumeril-seconde-edition-corrigee-et-augmentee-revu-par-m-g-cuvier-georges-cuvier\/","title":{"rendered":"CUVIER Georges Le\u00e7ons d&#8217;anatomie compar\u00e9e, recueillies et publi\u00e9es..."},"content":{"rendered":"<p style=\"text-align:justify\"><em>Nissen, ZBI, 1008; for the first edition see Horblit, 20a, Norman, 565, and Garrison-Morton, 311; &quot;Cuvier ranks with von Baer as one of the founders of modern morphology&quot;.<\/em><\/p>\n<p style=\"text-align:justify\">Second edition, revised and enlarged by Frederic Cuvier, George Cuvier&#039;s younger brother.<\/p>\n<p style=\"text-align:justify\">Later additions and correction were made by Laurillart. Initially published without plates this special copy includes a complete set of the 52 plates of the first edition added in a matching binding (bound at the time).<\/p>\n<p style=\"text-align:justify\">Fine copy, well bound, the first volume still bears the binder&#039;s note on the title-page &#039;Mr. Cuvier&#039;.<\/p>\n","protected":false},"excerpt":{"rendered":"<p>8 in 9 volumes, and an atlas, 8vo (205 x 128 mm) XXXIII, 587 pp.for the volume I; VIII, 726 pp. for the volume II; 2 unn.l., IV, 760 pp. for the volume III; XXVII (wrongly numbered XXII), 628 pp. for the volume IV\/1; 2unn.l., 691 pp. for the volume IV\/2; VIII, 503 pp., 1 folding chart for the volume&nbsp;V; VII, 559 pp., 1 folding chart, 2 unn.l (errata volume IV\/1) for the volume VI; VIII, 656 pp. for the volume VII; XII, 848 pp. for the volume VIII; atlasbeing part of the volume VII of the first edition with pp. 297-368, 52 engraved plates. Contemporary red morocco backed boards, spines with raised bands, gilt in compartments.<\/p>\n","protected":false},"featured_media":72679,"comment_status":"open","ping_status":"closed","template":"","meta":{"_acf_changed":false},"product_brand":[],"product_cat":[540],"product_tag":[1272,1275,1264,1340],"class_list":{"0":"post-72690","1":"product","2":"type-product","3":"status-publish","4":"has-post-thumbnail","6":"product_cat-natural-history","7":"product_tag-anatomy","8":"product_tag-general-anatomy","9":"product_tag-inscription","10":"product_tag-zoology","11":"pa_auteur-georges-cuvier-2","12":"pa_type-de-livre-printed-book","14":"first","15":"instock","16":"shipping-taxable","17":"purchasable","18":"product-type-simple"},"acf":[],"yoast_head":"<!-- This site is optimized with the Yoast SEO plugin v24.3 - https:\/\/yoast.com\/wordpress\/plugins\/seo\/ -->\n<title>CUVIER Georges Le\u00e7ons d&#039;anatomie compar\u00e9e, recueillies et publi\u00e9es par M. Dum\u00e9ril. Seconde \u00e9dition, corrig\u00e9e et augment\u00e9e. Revu par M. G. Cuvier. - Libairie Clavreuil<\/title>\n<meta name=\"robots\" content=\"noindex, follow, max-snippet:-1, max-image-preview:large, max-video-preview:-1\" \/>\n<meta property=\"og:locale\" content=\"en_US\" \/>\n<meta property=\"og:type\" content=\"article\" \/>\n<meta property=\"og:title\" content=\"CUVIER Georges Le\u00e7ons d&#039;anatomie compar\u00e9e, recueillies et publi\u00e9es par M. Dum\u00e9ril. Seconde \u00e9dition, corrig\u00e9e et augment\u00e9e. Revu par M. G. Cuvier. - Libairie Clavreuil\" \/>\n<meta property=\"og:description\" content=\"8 in 9 volumes, and an atlas, 8vo (205 x 128 mm) XXXIII, 587 pp.for the volume I; VIII, 726 pp. for the volume II; 2 unn.l., IV, 760 pp. for the volume III; XXVII (wrongly numbered XXII), 628 pp. for the volume IV\/1; 2unn.l., 691 pp. for the volume IV\/2; VIII, 503 pp., 1 folding chart for the volume&nbsp;V; VII, 559 pp., 1 folding chart, 2 unn.l (errata volume IV\/1) for the volume VI; VIII, 656 pp. for the volume VII; XII, 848 pp. for the volume VIII; atlasbeing part of the volume VII of the first edition with pp. 297-368, 52 engraved plates. Contemporary red morocco backed boards, spines with raised bands, gilt in compartments.\" \/>\n<meta property=\"og:url\" content=\"https:\/\/clavreuil-wordpress.logiciel-arteo.fr\/en\/lecons-danatomie-comparee-recueillies-et-publiees-par-m-dumeril-seconde-edition-corrigee-et-augmentee-revu-par-m-g-cuvier-georges-cuvier\/\" \/>\n<meta property=\"og:site_name\" content=\"Libairie Clavreuil\" \/>\n<meta property=\"article:modified_time\" content=\"2024-04-22T13:32:27+00:00\" \/>\n<meta property=\"og:image\" content=\"https:\/\/clavreuil-wordpress.logiciel-arteo.fr\/wp-content\/uploads\/2024\/04\/georges-cuvier-lecons-d-anatomie-comparee-recueillies-et-publiees-par-m-dumeril-seconde-edition-corrigee-et-augmentee-revu-par-m-g-cuvier-4280-657c6bd-scaled.jpg\" \/>\n\t<meta property=\"og:image:width\" content=\"1744\" \/>\n\t<meta property=\"og:image:height\" content=\"2560\" \/>\n\t<meta property=\"og:image:type\" content=\"image\/jpeg\" \/>\n<meta name=\"twitter:card\" content=\"summary_large_image\" \/>\n<script type=\"application\/ld+json\" class=\"yoast-schema-graph\">{\"@context\":\"https:\/\/schema.org\",\"@graph\":[{\"@type\":\"WebPage\",\"@id\":\"https:\/\/clavreuil-wordpress.logiciel-arteo.fr\/en\/lecons-danatomie-comparee-recueillies-et-publiees-par-m-dumeril-seconde-edition-corrigee-et-augmentee-revu-par-m-g-cuvier-georges-cuvier\/\",\"url\":\"https:\/\/clavreuil-wordpress.logiciel-arteo.fr\/en\/lecons-danatomie-comparee-recueillies-et-publiees-par-m-dumeril-seconde-edition-corrigee-et-augmentee-revu-par-m-g-cuvier-georges-cuvier\/\",\"name\":\"CUVIER Georges Le\u00e7ons d'anatomie compar\u00e9e, recueillies et publi\u00e9es par M. Dum\u00e9ril. Seconde \u00e9dition, corrig\u00e9e et augment\u00e9e. Revu par M. G. Cuvier. - Libairie Clavreuil\",\"isPartOf\":{\"@id\":\"https:\/\/clavreuil-wordpress.logiciel-arteo.fr\/#website\"},\"primaryImageOfPage\":{\"@id\":\"https:\/\/clavreuil-wordpress.logiciel-arteo.fr\/en\/lecons-danatomie-comparee-recueillies-et-publiees-par-m-dumeril-seconde-edition-corrigee-et-augmentee-revu-par-m-g-cuvier-georges-cuvier\/#primaryimage\"},\"image\":{\"@id\":\"https:\/\/clavreuil-wordpress.logiciel-arteo.fr\/en\/lecons-danatomie-comparee-recueillies-et-publiees-par-m-dumeril-seconde-edition-corrigee-et-augmentee-revu-par-m-g-cuvier-georges-cuvier\/#primaryimage\"},\"thumbnailUrl\":\"https:\/\/clavreuil-wordpress.logiciel-arteo.fr\/wp-content\/uploads\/2024\/04\/georges-cuvier-lecons-d-anatomie-comparee-recueillies-et-publiees-par-m-dumeril-seconde-edition-corrigee-et-augmentee-revu-par-m-g-cuvier-4280-657c6bd-scaled.jpg\",\"datePublished\":\"2024-04-17T17:01:52+00:00\",\"dateModified\":\"2024-04-22T13:32:27+00:00\",\"breadcrumb\":{\"@id\":\"https:\/\/clavreuil-wordpress.logiciel-arteo.fr\/en\/lecons-danatomie-comparee-recueillies-et-publiees-par-m-dumeril-seconde-edition-corrigee-et-augmentee-revu-par-m-g-cuvier-georges-cuvier\/#breadcrumb\"},\"inLanguage\":\"en-US\",\"potentialAction\":[{\"@type\":\"ReadAction\",\"target\":[\"https:\/\/clavreuil-wordpress.logiciel-arteo.fr\/en\/lecons-danatomie-comparee-recueillies-et-publiees-par-m-dumeril-seconde-edition-corrigee-et-augmentee-revu-par-m-g-cuvier-georges-cuvier\/\"]}]},{\"@type\":\"ImageObject\",\"inLanguage\":\"en-US\",\"@id\":\"https:\/\/clavreuil-wordpress.logiciel-arteo.fr\/en\/lecons-danatomie-comparee-recueillies-et-publiees-par-m-dumeril-seconde-edition-corrigee-et-augmentee-revu-par-m-g-cuvier-georges-cuvier\/#primaryimage\",\"url\":\"https:\/\/clavreuil-wordpress.logiciel-arteo.fr\/wp-content\/uploads\/2024\/04\/georges-cuvier-lecons-d-anatomie-comparee-recueillies-et-publiees-par-m-dumeril-seconde-edition-corrigee-et-augmentee-revu-par-m-g-cuvier-4280-657c6bd-scaled.jpg\",\"contentUrl\":\"https:\/\/clavreuil-wordpress.logiciel-arteo.fr\/wp-content\/uploads\/2024\/04\/georges-cuvier-lecons-d-anatomie-comparee-recueillies-et-publiees-par-m-dumeril-seconde-edition-corrigee-et-augmentee-revu-par-m-g-cuvier-4280-657c6bd-scaled.jpg\",\"width\":1744,\"height\":2560},{\"@type\":\"BreadcrumbList\",\"@id\":\"https:\/\/clavreuil-wordpress.logiciel-arteo.fr\/en\/lecons-danatomie-comparee-recueillies-et-publiees-par-m-dumeril-seconde-edition-corrigee-et-augmentee-revu-par-m-g-cuvier-georges-cuvier\/#breadcrumb\",\"itemListElement\":[{\"@type\":\"ListItem\",\"position\":1,\"name\":\"Accueil\",\"item\":\"https:\/\/clavreuil-wordpress.logiciel-arteo.fr\/\"},{\"@type\":\"ListItem\",\"position\":2,\"name\":\"All our books\",\"item\":\"https:\/\/clavreuil-wordpress.logiciel-arteo.fr\/en\/all-our-books\/\"},{\"@type\":\"ListItem\",\"position\":3,\"name\":\"CUVIER Georges Le\u00e7ons d&#8217;anatomie compar\u00e9e, recueillies et publi\u00e9es...\"}]},{\"@type\":\"WebSite\",\"@id\":\"https:\/\/clavreuil-wordpress.logiciel-arteo.fr\/#website\",\"url\":\"https:\/\/clavreuil-wordpress.logiciel-arteo.fr\/\",\"name\":\"Libairie Clavreuil\",\"description\":\"\",\"publisher\":{\"@id\":\"https:\/\/clavreuil-wordpress.logiciel-arteo.fr\/#organization\"},\"potentialAction\":[{\"@type\":\"SearchAction\",\"target\":{\"@type\":\"EntryPoint\",\"urlTemplate\":\"https:\/\/clavreuil-wordpress.logiciel-arteo.fr\/?s={search_term_string}\"},\"query-input\":{\"@type\":\"PropertyValueSpecification\",\"valueRequired\":true,\"valueName\":\"search_term_string\"}}],\"inLanguage\":\"en-US\"},{\"@type\":\"Organization\",\"@id\":\"https:\/\/clavreuil-wordpress.logiciel-arteo.fr\/#organization\",\"name\":\"Libairie Clavreuil\",\"url\":\"https:\/\/clavreuil-wordpress.logiciel-arteo.fr\/\",\"logo\":{\"@type\":\"ImageObject\",\"inLanguage\":\"en-US\",\"@id\":\"https:\/\/clavreuil-wordpress.logiciel-arteo.fr\/#\/schema\/logo\/image\/\",\"url\":\"https:\/\/clavreuil-wordpress.logiciel-arteo.fr\/wp-content\/uploads\/2021\/05\/LOGO_PNG_DATE-_gold.png\",\"contentUrl\":\"https:\/\/clavreuil-wordpress.logiciel-arteo.fr\/wp-content\/uploads\/2021\/05\/LOGO_PNG_DATE-_gold.png\",\"width\":2083,\"height\":1917,\"caption\":\"Libairie Clavreuil\"},\"image\":{\"@id\":\"https:\/\/clavreuil-wordpress.logiciel-arteo.fr\/#\/schema\/logo\/image\/\"}}]}<\/script>\n<!-- \/ Yoast SEO plugin. -->","yoast_head_json":{"title":"CUVIER Georges Le\u00e7ons d'anatomie compar\u00e9e, recueillies et publi\u00e9es par M. Dum\u00e9ril. Seconde \u00e9dition, corrig\u00e9e et augment\u00e9e. Revu par M. G. Cuvier. - Libairie Clavreuil","robots":{"index":"noindex","follow":"follow","max-snippet":"max-snippet:-1","max-image-preview":"max-image-preview:large","max-video-preview":"max-video-preview:-1"},"og_locale":"en_US","og_type":"article","og_title":"CUVIER Georges Le\u00e7ons d'anatomie compar\u00e9e, recueillies et publi\u00e9es par M. Dum\u00e9ril. Seconde \u00e9dition, corrig\u00e9e et augment\u00e9e. Revu par M. G. Cuvier. - Libairie Clavreuil","og_description":"8 in 9 volumes, and an atlas, 8vo (205 x 128 mm) XXXIII, 587 pp.for the volume I; VIII, 726 pp. for the volume II; 2 unn.l., IV, 760 pp. for the volume III; XXVII (wrongly numbered XXII), 628 pp. for the volume IV\/1; 2unn.l., 691 pp. for the volume IV\/2; VIII, 503 pp., 1 folding chart for the volume&nbsp;V; VII, 559 pp., 1 folding chart, 2 unn.l (errata volume IV\/1) for the volume VI; VIII, 656 pp. for the volume VII; XII, 848 pp. for the volume VIII; atlasbeing part of the volume VII of the first edition with pp. 297-368, 52 engraved plates. Contemporary red morocco backed boards, spines with raised bands, gilt in compartments.","og_url":"https:\/\/clavreuil-wordpress.logiciel-arteo.fr\/en\/lecons-danatomie-comparee-recueillies-et-publiees-par-m-dumeril-seconde-edition-corrigee-et-augmentee-revu-par-m-g-cuvier-georges-cuvier\/","og_site_name":"Libairie Clavreuil","article_modified_time":"2024-04-22T13:32:27+00:00","og_image":[{"width":1744,"height":2560,"url":"https:\/\/clavreuil-wordpress.logiciel-arteo.fr\/wp-content\/uploads\/2024\/04\/georges-cuvier-lecons-d-anatomie-comparee-recueillies-et-publiees-par-m-dumeril-seconde-edition-corrigee-et-augmentee-revu-par-m-g-cuvier-4280-657c6bd-scaled.jpg","type":"image\/jpeg"}],"twitter_card":"summary_large_image","schema":{"@context":"https:\/\/schema.org","@graph":[{"@type":"WebPage","@id":"https:\/\/clavreuil-wordpress.logiciel-arteo.fr\/en\/lecons-danatomie-comparee-recueillies-et-publiees-par-m-dumeril-seconde-edition-corrigee-et-augmentee-revu-par-m-g-cuvier-georges-cuvier\/","url":"https:\/\/clavreuil-wordpress.logiciel-arteo.fr\/en\/lecons-danatomie-comparee-recueillies-et-publiees-par-m-dumeril-seconde-edition-corrigee-et-augmentee-revu-par-m-g-cuvier-georges-cuvier\/","name":"CUVIER Georges Le\u00e7ons d'anatomie compar\u00e9e, recueillies et publi\u00e9es par M. Dum\u00e9ril. Seconde \u00e9dition, corrig\u00e9e et augment\u00e9e. Revu par M. G. Cuvier. - Libairie Clavreuil","isPartOf":{"@id":"https:\/\/clavreuil-wordpress.logiciel-arteo.fr\/#website"},"primaryImageOfPage":{"@id":"https:\/\/clavreuil-wordpress.logiciel-arteo.fr\/en\/lecons-danatomie-comparee-recueillies-et-publiees-par-m-dumeril-seconde-edition-corrigee-et-augmentee-revu-par-m-g-cuvier-georges-cuvier\/#primaryimage"},"image":{"@id":"https:\/\/clavreuil-wordpress.logiciel-arteo.fr\/en\/lecons-danatomie-comparee-recueillies-et-publiees-par-m-dumeril-seconde-edition-corrigee-et-augmentee-revu-par-m-g-cuvier-georges-cuvier\/#primaryimage"},"thumbnailUrl":"https:\/\/clavreuil-wordpress.logiciel-arteo.fr\/wp-content\/uploads\/2024\/04\/georges-cuvier-lecons-d-anatomie-comparee-recueillies-et-publiees-par-m-dumeril-seconde-edition-corrigee-et-augmentee-revu-par-m-g-cuvier-4280-657c6bd-scaled.jpg","datePublished":"2024-04-17T17:01:52+00:00","dateModified":"2024-04-22T13:32:27+00:00","breadcrumb":{"@id":"https:\/\/clavreuil-wordpress.logiciel-arteo.fr\/en\/lecons-danatomie-comparee-recueillies-et-publiees-par-m-dumeril-seconde-edition-corrigee-et-augmentee-revu-par-m-g-cuvier-georges-cuvier\/#breadcrumb"},"inLanguage":"en-US","potentialAction":[{"@type":"ReadAction","target":["https:\/\/clavreuil-wordpress.logiciel-arteo.fr\/en\/lecons-danatomie-comparee-recueillies-et-publiees-par-m-dumeril-seconde-edition-corrigee-et-augmentee-revu-par-m-g-cuvier-georges-cuvier\/"]}]},{"@type":"ImageObject","inLanguage":"en-US","@id":"https:\/\/clavreuil-wordpress.logiciel-arteo.fr\/en\/lecons-danatomie-comparee-recueillies-et-publiees-par-m-dumeril-seconde-edition-corrigee-et-augmentee-revu-par-m-g-cuvier-georges-cuvier\/#primaryimage","url":"https:\/\/clavreuil-wordpress.logiciel-arteo.fr\/wp-content\/uploads\/2024\/04\/georges-cuvier-lecons-d-anatomie-comparee-recueillies-et-publiees-par-m-dumeril-seconde-edition-corrigee-et-augmentee-revu-par-m-g-cuvier-4280-657c6bd-scaled.jpg","contentUrl":"https:\/\/clavreuil-wordpress.logiciel-arteo.fr\/wp-content\/uploads\/2024\/04\/georges-cuvier-lecons-d-anatomie-comparee-recueillies-et-publiees-par-m-dumeril-seconde-edition-corrigee-et-augmentee-revu-par-m-g-cuvier-4280-657c6bd-scaled.jpg","width":1744,"height":2560},{"@type":"BreadcrumbList","@id":"https:\/\/clavreuil-wordpress.logiciel-arteo.fr\/en\/lecons-danatomie-comparee-recueillies-et-publiees-par-m-dumeril-seconde-edition-corrigee-et-augmentee-revu-par-m-g-cuvier-georges-cuvier\/#breadcrumb","itemListElement":[{"@type":"ListItem","position":1,"name":"Accueil","item":"https:\/\/clavreuil-wordpress.logiciel-arteo.fr\/"},{"@type":"ListItem","position":2,"name":"All our books","item":"https:\/\/clavreuil-wordpress.logiciel-arteo.fr\/en\/all-our-books\/"},{"@type":"ListItem","position":3,"name":"CUVIER Georges Le\u00e7ons d&#8217;anatomie compar\u00e9e, recueillies et publi\u00e9es..."}]},{"@type":"WebSite","@id":"https:\/\/clavreuil-wordpress.logiciel-arteo.fr\/#website","url":"https:\/\/clavreuil-wordpress.logiciel-arteo.fr\/","name":"Libairie Clavreuil","description":"","publisher":{"@id":"https:\/\/clavreuil-wordpress.logiciel-arteo.fr\/#organization"},"potentialAction":[{"@type":"SearchAction","target":{"@type":"EntryPoint","urlTemplate":"https:\/\/clavreuil-wordpress.logiciel-arteo.fr\/?s={search_term_string}"},"query-input":{"@type":"PropertyValueSpecification","valueRequired":true,"valueName":"search_term_string"}}],"inLanguage":"en-US"},{"@type":"Organization","@id":"https:\/\/clavreuil-wordpress.logiciel-arteo.fr\/#organization","name":"Libairie Clavreuil","url":"https:\/\/clavreuil-wordpress.logiciel-arteo.fr\/","logo":{"@type":"ImageObject","inLanguage":"en-US","@id":"https:\/\/clavreuil-wordpress.logiciel-arteo.fr\/#\/schema\/logo\/image\/","url":"https:\/\/clavreuil-wordpress.logiciel-arteo.fr\/wp-content\/uploads\/2021\/05\/LOGO_PNG_DATE-_gold.png","contentUrl":"https:\/\/clavreuil-wordpress.logiciel-arteo.fr\/wp-content\/uploads\/2021\/05\/LOGO_PNG_DATE-_gold.png","width":2083,"height":1917,"caption":"Libairie Clavreuil"},"image":{"@id":"https:\/\/clavreuil-wordpress.logiciel-arteo.fr\/#\/schema\/logo\/image\/"}}]}},"_links":{"self":[{"href":"https:\/\/clavreuil-wordpress.logiciel-arteo.fr\/en\/wp-json\/wp\/v2\/product\/72690","targetHints":{"allow":["GET"]}}],"collection":[{"href":"https:\/\/clavreuil-wordpress.logiciel-arteo.fr\/en\/wp-json\/wp\/v2\/product"}],"about":[{"href":"https:\/\/clavreuil-wordpress.logiciel-arteo.fr\/en\/wp-json\/wp\/v2\/types\/product"}],"replies":[{"embeddable":true,"href":"https:\/\/clavreuil-wordpress.logiciel-arteo.fr\/en\/wp-json\/wp\/v2\/comments?post=72690"}],"wp:featuredmedia":[{"embeddable":true,"href":"https:\/\/clavreuil-wordpress.logiciel-arteo.fr\/en\/wp-json\/wp\/v2\/media\/72679"}],"wp:attachment":[{"href":"https:\/\/clavreuil-wordpress.logiciel-arteo.fr\/en\/wp-json\/wp\/v2\/media?parent=72690"}],"wp:term":[{"taxonomy":"product_brand","embeddable":true,"href":"https:\/\/clavreuil-wordpress.logiciel-arteo.fr\/en\/wp-json\/wp\/v2\/product_brand?post=72690"},{"taxonomy":"product_cat","embeddable":true,"href":"https:\/\/clavreuil-wordpress.logiciel-arteo.fr\/en\/wp-json\/wp\/v2\/product_cat?post=72690"},{"taxonomy":"product_tag","embeddable":true,"href":"https:\/\/clavreuil-wordpress.logiciel-arteo.fr\/en\/wp-json\/wp\/v2\/product_tag?post=72690"}],"curies":[{"name":"wp","href":"https:\/\/api.w.org\/{rel}","templated":true}]}}