{"id":72706,"date":"2024-04-17T19:03:14","date_gmt":"2024-04-17T17:03:14","guid":{"rendered":"https:\/\/clavreuil-wordpress.logiciel-arteo.fr\/memoires-pour-servir-a-lhistoire-dun-genre-de-polypes-deau-douce-a-bras-en-forme-de-cornes-abraham-trembley\/"},"modified":"2024-04-22T15:58:26","modified_gmt":"2024-04-22T13:58:26","slug":"memoires-pour-servir-a-lhistoire-dun-genre-de-polypes-deau-douce-a-bras-en-forme-de-cornes-abraham-trembley","status":"publish","type":"product","link":"https:\/\/clavreuil-wordpress.logiciel-arteo.fr\/en\/memoires-pour-servir-a-lhistoire-dun-genre-de-polypes-deau-douce-a-bras-en-forme-de-cornes-abraham-trembley\/","title":{"rendered":"TREMBLEY Abraham M\u00e9moires, pour servir \u00e0 l&#8217;histoire d&#8217;un..."},"content":{"rendered":"<p style=\"text-align:justify\"><em>Garrison-Morton, 307; Nissen, ZBI, 4163.<\/em><\/p>\n<p style=\"text-align:justify\">First edition.<\/p>\n<p style=\"text-align:justify\">It was in these memoirs that Abraham Tremblay (1710-1784) describes his discovery of the the hydra, a freshwater polyp that he observed for more than three years as tutor to the son of an earl who owned an estate with a pond and streams. His observations and experiments are meticulously recorded with a particularly enlightened mind.<\/p>\n<p style=\"text-align:justify\">After mistaking the hydra for a plant, Tremblay realised that he was dealing with an animal that could move with its tentacles (the horns) and that was photosensitive, instinctively moving towards the brightest spot. Through a series of intelligent experiments, he found that the hydra had the power to regenerate itself through cell division, and finally that the hydra could reproduce asexually.<\/p>\n<p style=\"text-align:justify\">Tremblay&#039;s studies were well received by his contemporaries, but were soon forgotten, certainly because they competed with R&eacute;aumur&#039;s work. Modern zoology rehabilitated the importance of his work and the quality of his experiments.<\/p>\n<p style=\"text-align:justify\">&quot;Trembley discovered the hydra and was the first to observe in it asexual reproduction, regeneration, and photosensitivity in an animal without eyes. His experiments were of great importance in the study of regeneration of lost parts. He was the first to make permanent grafts and to witness cell-division&quot; (Garrison-Morton).<\/p>\n<p style=\"text-align:justify\">Finely illustrated, the work is adorned with 4 engraved vignettes by Pronk and 4 culs-de-lampe, and 13 folding engraved plates, the first 4 by J. van Schley, a pupil of Bernard Picart, the others by P. Lyonet.<\/p>\n<p style=\"text-align:justify\">The study consists of 4 separate memoirs, the first of which contains a description of polyps, the second describes their food, the cause of their colour, etc., the third discusses the generation of polyps, and finally the fourth and last with descriptions of the operations and their results.<\/p>\n<p style=\"text-align:justify\">Good copy.<\/p>\n","protected":false},"excerpt":{"rendered":"<p>4to (242 x 197 mm) XV, 324 pp., 1 unn.l. (binder&#039;s instructions), 13 engraved plates. Contemporary calf-backed boards, spine gilt with raised bands, speckled edges (spine expertly restored).<\/p>\n","protected":false},"featured_media":72695,"comment_status":"open","ping_status":"closed","template":"","meta":{"_acf_changed":false},"product_brand":[],"product_cat":[540],"product_tag":[1347],"class_list":{"0":"post-72706","1":"product","2":"type-product","3":"status-publish","4":"has-post-thumbnail","6":"product_cat-natural-history","7":"product_tag-conchyliology","8":"pa_auteur-abraham-trembley-2","9":"pa_type-de-livre-printed-book","11":"first","12":"instock","13":"shipping-taxable","14":"purchasable","15":"product-type-simple"},"acf":[],"yoast_head":"<!-- This site is optimized with the Yoast SEO plugin v24.3 - https:\/\/yoast.com\/wordpress\/plugins\/seo\/ -->\n<title>TREMBLEY Abraham M\u00e9moires, pour servir \u00e0 l&#039;histoire d&#039;un genre de polypes d&#039;eau douce, \u00e0 bras en forme de cornes. - Libairie Clavreuil<\/title>\n<meta name=\"robots\" content=\"noindex, follow, max-snippet:-1, max-image-preview:large, max-video-preview:-1\" \/>\n<meta property=\"og:locale\" content=\"en_US\" \/>\n<meta property=\"og:type\" content=\"article\" \/>\n<meta property=\"og:title\" content=\"TREMBLEY Abraham M\u00e9moires, pour servir \u00e0 l&#039;histoire d&#039;un genre de polypes d&#039;eau douce, \u00e0 bras en forme de cornes. - Libairie Clavreuil\" \/>\n<meta property=\"og:description\" content=\"4to (242 x 197 mm) XV, 324 pp., 1 unn.l. (binder&#039;s instructions), 13 engraved plates. Contemporary calf-backed boards, spine gilt with raised bands, speckled edges (spine expertly restored).\" \/>\n<meta property=\"og:url\" content=\"https:\/\/clavreuil-wordpress.logiciel-arteo.fr\/en\/memoires-pour-servir-a-lhistoire-dun-genre-de-polypes-deau-douce-a-bras-en-forme-de-cornes-abraham-trembley\/\" \/>\n<meta property=\"og:site_name\" content=\"Libairie Clavreuil\" \/>\n<meta property=\"article:modified_time\" content=\"2024-04-22T13:58:26+00:00\" \/>\n<meta property=\"og:image\" content=\"https:\/\/clavreuil-wordpress.logiciel-arteo.fr\/wp-content\/uploads\/2024\/04\/abraham-trembley-memoires-pour-servir-a-l-histoire-d-un-genre-de-polypes-d-eau-douce-a-bras-en-forme-de-cornes-7138-657c6d6865745-scaled.jpg\" \/>\n\t<meta property=\"og:image:width\" content=\"2129\" \/>\n\t<meta property=\"og:image:height\" content=\"2560\" \/>\n\t<meta property=\"og:image:type\" content=\"image\/jpeg\" \/>\n<meta name=\"twitter:card\" content=\"summary_large_image\" \/>\n<meta name=\"twitter:label1\" content=\"Est. reading time\" \/>\n\t<meta name=\"twitter:data1\" content=\"1 minute\" \/>\n<script type=\"application\/ld+json\" class=\"yoast-schema-graph\">{\"@context\":\"https:\/\/schema.org\",\"@graph\":[{\"@type\":\"WebPage\",\"@id\":\"https:\/\/clavreuil-wordpress.logiciel-arteo.fr\/en\/memoires-pour-servir-a-lhistoire-dun-genre-de-polypes-deau-douce-a-bras-en-forme-de-cornes-abraham-trembley\/\",\"url\":\"https:\/\/clavreuil-wordpress.logiciel-arteo.fr\/en\/memoires-pour-servir-a-lhistoire-dun-genre-de-polypes-deau-douce-a-bras-en-forme-de-cornes-abraham-trembley\/\",\"name\":\"TREMBLEY Abraham M\u00e9moires, pour servir \u00e0 l'histoire d'un genre de polypes d'eau douce, \u00e0 bras en forme de cornes. - Libairie Clavreuil\",\"isPartOf\":{\"@id\":\"https:\/\/clavreuil-wordpress.logiciel-arteo.fr\/#website\"},\"primaryImageOfPage\":{\"@id\":\"https:\/\/clavreuil-wordpress.logiciel-arteo.fr\/en\/memoires-pour-servir-a-lhistoire-dun-genre-de-polypes-deau-douce-a-bras-en-forme-de-cornes-abraham-trembley\/#primaryimage\"},\"image\":{\"@id\":\"https:\/\/clavreuil-wordpress.logiciel-arteo.fr\/en\/memoires-pour-servir-a-lhistoire-dun-genre-de-polypes-deau-douce-a-bras-en-forme-de-cornes-abraham-trembley\/#primaryimage\"},\"thumbnailUrl\":\"https:\/\/clavreuil-wordpress.logiciel-arteo.fr\/wp-content\/uploads\/2024\/04\/abraham-trembley-memoires-pour-servir-a-l-histoire-d-un-genre-de-polypes-d-eau-douce-a-bras-en-forme-de-cornes-7138-657c6d6865745-scaled.jpg\",\"datePublished\":\"2024-04-17T17:03:14+00:00\",\"dateModified\":\"2024-04-22T13:58:26+00:00\",\"breadcrumb\":{\"@id\":\"https:\/\/clavreuil-wordpress.logiciel-arteo.fr\/en\/memoires-pour-servir-a-lhistoire-dun-genre-de-polypes-deau-douce-a-bras-en-forme-de-cornes-abraham-trembley\/#breadcrumb\"},\"inLanguage\":\"en-US\",\"potentialAction\":[{\"@type\":\"ReadAction\",\"target\":[\"https:\/\/clavreuil-wordpress.logiciel-arteo.fr\/en\/memoires-pour-servir-a-lhistoire-dun-genre-de-polypes-deau-douce-a-bras-en-forme-de-cornes-abraham-trembley\/\"]}]},{\"@type\":\"ImageObject\",\"inLanguage\":\"en-US\",\"@id\":\"https:\/\/clavreuil-wordpress.logiciel-arteo.fr\/en\/memoires-pour-servir-a-lhistoire-dun-genre-de-polypes-deau-douce-a-bras-en-forme-de-cornes-abraham-trembley\/#primaryimage\",\"url\":\"https:\/\/clavreuil-wordpress.logiciel-arteo.fr\/wp-content\/uploads\/2024\/04\/abraham-trembley-memoires-pour-servir-a-l-histoire-d-un-genre-de-polypes-d-eau-douce-a-bras-en-forme-de-cornes-7138-657c6d6865745-scaled.jpg\",\"contentUrl\":\"https:\/\/clavreuil-wordpress.logiciel-arteo.fr\/wp-content\/uploads\/2024\/04\/abraham-trembley-memoires-pour-servir-a-l-histoire-d-un-genre-de-polypes-d-eau-douce-a-bras-en-forme-de-cornes-7138-657c6d6865745-scaled.jpg\",\"width\":2129,\"height\":2560},{\"@type\":\"BreadcrumbList\",\"@id\":\"https:\/\/clavreuil-wordpress.logiciel-arteo.fr\/en\/memoires-pour-servir-a-lhistoire-dun-genre-de-polypes-deau-douce-a-bras-en-forme-de-cornes-abraham-trembley\/#breadcrumb\",\"itemListElement\":[{\"@type\":\"ListItem\",\"position\":1,\"name\":\"Accueil\",\"item\":\"https:\/\/clavreuil-wordpress.logiciel-arteo.fr\/\"},{\"@type\":\"ListItem\",\"position\":2,\"name\":\"All our books\",\"item\":\"https:\/\/clavreuil-wordpress.logiciel-arteo.fr\/en\/all-our-books\/\"},{\"@type\":\"ListItem\",\"position\":3,\"name\":\"TREMBLEY Abraham M\u00e9moires, pour servir \u00e0 l&#8217;histoire d&#8217;un...\"}]},{\"@type\":\"WebSite\",\"@id\":\"https:\/\/clavreuil-wordpress.logiciel-arteo.fr\/#website\",\"url\":\"https:\/\/clavreuil-wordpress.logiciel-arteo.fr\/\",\"name\":\"Libairie Clavreuil\",\"description\":\"\",\"publisher\":{\"@id\":\"https:\/\/clavreuil-wordpress.logiciel-arteo.fr\/#organization\"},\"potentialAction\":[{\"@type\":\"SearchAction\",\"target\":{\"@type\":\"EntryPoint\",\"urlTemplate\":\"https:\/\/clavreuil-wordpress.logiciel-arteo.fr\/?s={search_term_string}\"},\"query-input\":{\"@type\":\"PropertyValueSpecification\",\"valueRequired\":true,\"valueName\":\"search_term_string\"}}],\"inLanguage\":\"en-US\"},{\"@type\":\"Organization\",\"@id\":\"https:\/\/clavreuil-wordpress.logiciel-arteo.fr\/#organization\",\"name\":\"Libairie Clavreuil\",\"url\":\"https:\/\/clavreuil-wordpress.logiciel-arteo.fr\/\",\"logo\":{\"@type\":\"ImageObject\",\"inLanguage\":\"en-US\",\"@id\":\"https:\/\/clavreuil-wordpress.logiciel-arteo.fr\/#\/schema\/logo\/image\/\",\"url\":\"https:\/\/clavreuil-wordpress.logiciel-arteo.fr\/wp-content\/uploads\/2021\/05\/LOGO_PNG_DATE-_gold.png\",\"contentUrl\":\"https:\/\/clavreuil-wordpress.logiciel-arteo.fr\/wp-content\/uploads\/2021\/05\/LOGO_PNG_DATE-_gold.png\",\"width\":2083,\"height\":1917,\"caption\":\"Libairie Clavreuil\"},\"image\":{\"@id\":\"https:\/\/clavreuil-wordpress.logiciel-arteo.fr\/#\/schema\/logo\/image\/\"}}]}<\/script>\n<!-- \/ Yoast SEO plugin. -->","yoast_head_json":{"title":"TREMBLEY Abraham M\u00e9moires, pour servir \u00e0 l'histoire d'un genre de polypes d'eau douce, \u00e0 bras en forme de cornes. - Libairie Clavreuil","robots":{"index":"noindex","follow":"follow","max-snippet":"max-snippet:-1","max-image-preview":"max-image-preview:large","max-video-preview":"max-video-preview:-1"},"og_locale":"en_US","og_type":"article","og_title":"TREMBLEY Abraham M\u00e9moires, pour servir \u00e0 l'histoire d'un genre de polypes d'eau douce, \u00e0 bras en forme de cornes. - Libairie Clavreuil","og_description":"4to (242 x 197 mm) XV, 324 pp., 1 unn.l. (binder&#039;s instructions), 13 engraved plates. Contemporary calf-backed boards, spine gilt with raised bands, speckled edges (spine expertly restored).","og_url":"https:\/\/clavreuil-wordpress.logiciel-arteo.fr\/en\/memoires-pour-servir-a-lhistoire-dun-genre-de-polypes-deau-douce-a-bras-en-forme-de-cornes-abraham-trembley\/","og_site_name":"Libairie Clavreuil","article_modified_time":"2024-04-22T13:58:26+00:00","og_image":[{"width":2129,"height":2560,"url":"https:\/\/clavreuil-wordpress.logiciel-arteo.fr\/wp-content\/uploads\/2024\/04\/abraham-trembley-memoires-pour-servir-a-l-histoire-d-un-genre-de-polypes-d-eau-douce-a-bras-en-forme-de-cornes-7138-657c6d6865745-scaled.jpg","type":"image\/jpeg"}],"twitter_card":"summary_large_image","twitter_misc":{"Est. reading time":"1 minute"},"schema":{"@context":"https:\/\/schema.org","@graph":[{"@type":"WebPage","@id":"https:\/\/clavreuil-wordpress.logiciel-arteo.fr\/en\/memoires-pour-servir-a-lhistoire-dun-genre-de-polypes-deau-douce-a-bras-en-forme-de-cornes-abraham-trembley\/","url":"https:\/\/clavreuil-wordpress.logiciel-arteo.fr\/en\/memoires-pour-servir-a-lhistoire-dun-genre-de-polypes-deau-douce-a-bras-en-forme-de-cornes-abraham-trembley\/","name":"TREMBLEY Abraham M\u00e9moires, pour servir \u00e0 l'histoire d'un genre de polypes d'eau douce, \u00e0 bras en forme de cornes. - Libairie Clavreuil","isPartOf":{"@id":"https:\/\/clavreuil-wordpress.logiciel-arteo.fr\/#website"},"primaryImageOfPage":{"@id":"https:\/\/clavreuil-wordpress.logiciel-arteo.fr\/en\/memoires-pour-servir-a-lhistoire-dun-genre-de-polypes-deau-douce-a-bras-en-forme-de-cornes-abraham-trembley\/#primaryimage"},"image":{"@id":"https:\/\/clavreuil-wordpress.logiciel-arteo.fr\/en\/memoires-pour-servir-a-lhistoire-dun-genre-de-polypes-deau-douce-a-bras-en-forme-de-cornes-abraham-trembley\/#primaryimage"},"thumbnailUrl":"https:\/\/clavreuil-wordpress.logiciel-arteo.fr\/wp-content\/uploads\/2024\/04\/abraham-trembley-memoires-pour-servir-a-l-histoire-d-un-genre-de-polypes-d-eau-douce-a-bras-en-forme-de-cornes-7138-657c6d6865745-scaled.jpg","datePublished":"2024-04-17T17:03:14+00:00","dateModified":"2024-04-22T13:58:26+00:00","breadcrumb":{"@id":"https:\/\/clavreuil-wordpress.logiciel-arteo.fr\/en\/memoires-pour-servir-a-lhistoire-dun-genre-de-polypes-deau-douce-a-bras-en-forme-de-cornes-abraham-trembley\/#breadcrumb"},"inLanguage":"en-US","potentialAction":[{"@type":"ReadAction","target":["https:\/\/clavreuil-wordpress.logiciel-arteo.fr\/en\/memoires-pour-servir-a-lhistoire-dun-genre-de-polypes-deau-douce-a-bras-en-forme-de-cornes-abraham-trembley\/"]}]},{"@type":"ImageObject","inLanguage":"en-US","@id":"https:\/\/clavreuil-wordpress.logiciel-arteo.fr\/en\/memoires-pour-servir-a-lhistoire-dun-genre-de-polypes-deau-douce-a-bras-en-forme-de-cornes-abraham-trembley\/#primaryimage","url":"https:\/\/clavreuil-wordpress.logiciel-arteo.fr\/wp-content\/uploads\/2024\/04\/abraham-trembley-memoires-pour-servir-a-l-histoire-d-un-genre-de-polypes-d-eau-douce-a-bras-en-forme-de-cornes-7138-657c6d6865745-scaled.jpg","contentUrl":"https:\/\/clavreuil-wordpress.logiciel-arteo.fr\/wp-content\/uploads\/2024\/04\/abraham-trembley-memoires-pour-servir-a-l-histoire-d-un-genre-de-polypes-d-eau-douce-a-bras-en-forme-de-cornes-7138-657c6d6865745-scaled.jpg","width":2129,"height":2560},{"@type":"BreadcrumbList","@id":"https:\/\/clavreuil-wordpress.logiciel-arteo.fr\/en\/memoires-pour-servir-a-lhistoire-dun-genre-de-polypes-deau-douce-a-bras-en-forme-de-cornes-abraham-trembley\/#breadcrumb","itemListElement":[{"@type":"ListItem","position":1,"name":"Accueil","item":"https:\/\/clavreuil-wordpress.logiciel-arteo.fr\/"},{"@type":"ListItem","position":2,"name":"All our books","item":"https:\/\/clavreuil-wordpress.logiciel-arteo.fr\/en\/all-our-books\/"},{"@type":"ListItem","position":3,"name":"TREMBLEY Abraham M\u00e9moires, pour servir \u00e0 l&#8217;histoire d&#8217;un..."}]},{"@type":"WebSite","@id":"https:\/\/clavreuil-wordpress.logiciel-arteo.fr\/#website","url":"https:\/\/clavreuil-wordpress.logiciel-arteo.fr\/","name":"Libairie Clavreuil","description":"","publisher":{"@id":"https:\/\/clavreuil-wordpress.logiciel-arteo.fr\/#organization"},"potentialAction":[{"@type":"SearchAction","target":{"@type":"EntryPoint","urlTemplate":"https:\/\/clavreuil-wordpress.logiciel-arteo.fr\/?s={search_term_string}"},"query-input":{"@type":"PropertyValueSpecification","valueRequired":true,"valueName":"search_term_string"}}],"inLanguage":"en-US"},{"@type":"Organization","@id":"https:\/\/clavreuil-wordpress.logiciel-arteo.fr\/#organization","name":"Libairie Clavreuil","url":"https:\/\/clavreuil-wordpress.logiciel-arteo.fr\/","logo":{"@type":"ImageObject","inLanguage":"en-US","@id":"https:\/\/clavreuil-wordpress.logiciel-arteo.fr\/#\/schema\/logo\/image\/","url":"https:\/\/clavreuil-wordpress.logiciel-arteo.fr\/wp-content\/uploads\/2021\/05\/LOGO_PNG_DATE-_gold.png","contentUrl":"https:\/\/clavreuil-wordpress.logiciel-arteo.fr\/wp-content\/uploads\/2021\/05\/LOGO_PNG_DATE-_gold.png","width":2083,"height":1917,"caption":"Libairie Clavreuil"},"image":{"@id":"https:\/\/clavreuil-wordpress.logiciel-arteo.fr\/#\/schema\/logo\/image\/"}}]}},"_links":{"self":[{"href":"https:\/\/clavreuil-wordpress.logiciel-arteo.fr\/en\/wp-json\/wp\/v2\/product\/72706","targetHints":{"allow":["GET"]}}],"collection":[{"href":"https:\/\/clavreuil-wordpress.logiciel-arteo.fr\/en\/wp-json\/wp\/v2\/product"}],"about":[{"href":"https:\/\/clavreuil-wordpress.logiciel-arteo.fr\/en\/wp-json\/wp\/v2\/types\/product"}],"replies":[{"embeddable":true,"href":"https:\/\/clavreuil-wordpress.logiciel-arteo.fr\/en\/wp-json\/wp\/v2\/comments?post=72706"}],"wp:featuredmedia":[{"embeddable":true,"href":"https:\/\/clavreuil-wordpress.logiciel-arteo.fr\/en\/wp-json\/wp\/v2\/media\/72695"}],"wp:attachment":[{"href":"https:\/\/clavreuil-wordpress.logiciel-arteo.fr\/en\/wp-json\/wp\/v2\/media?parent=72706"}],"wp:term":[{"taxonomy":"product_brand","embeddable":true,"href":"https:\/\/clavreuil-wordpress.logiciel-arteo.fr\/en\/wp-json\/wp\/v2\/product_brand?post=72706"},{"taxonomy":"product_cat","embeddable":true,"href":"https:\/\/clavreuil-wordpress.logiciel-arteo.fr\/en\/wp-json\/wp\/v2\/product_cat?post=72706"},{"taxonomy":"product_tag","embeddable":true,"href":"https:\/\/clavreuil-wordpress.logiciel-arteo.fr\/en\/wp-json\/wp\/v2\/product_tag?post=72706"}],"curies":[{"name":"wp","href":"https:\/\/api.w.org\/{rel}","templated":true}]}}