{"id":72878,"date":"2024-04-18T11:14:30","date_gmt":"2024-04-18T09:14:30","guid":{"rendered":"https:\/\/clavreuil-wordpress.logiciel-arteo.fr\/memoire-sur-lemploi-de-lepaisseur-dans-la-theorie-des-surfaces-elastiques-sophie-germain\/"},"modified":"2024-04-22T16:09:07","modified_gmt":"2024-04-22T14:09:07","slug":"memoire-sur-lemploi-de-lepaisseur-dans-la-theorie-des-surfaces-elastiques-sophie-germain","status":"publish","type":"product","link":"https:\/\/clavreuil-wordpress.logiciel-arteo.fr\/en\/memoire-sur-lemploi-de-lepaisseur-dans-la-theorie-des-surfaces-elastiques-sophie-germain\/","title":{"rendered":"GERMAIN Sophie M\u00e9moire sur l&#8217;emploi de l&#8217;\u00e9paisseur dans..."},"content":{"rendered":"<p style=\"text-align:justify\"><em>DSB, V, 375-376.<\/em><\/p>\n<p>First edition, posthumous.<\/p>\n<p>Offprint from : <em>Journal de Math&eacute;matiques pures et appliqu&eacute;es<\/em>, 3rd series, volume VI, 1880.<\/p>\n<p>Sophie Germain (1776-1831) was the most famous French mathematician of the 19<sup>th<\/sup> century. She kept up an important correspondence with Legendre and Gauss.<\/p>\n<p style=\"text-align:justify\">&quot;Sophie Germain, France&#039;s greatest female mathematician prior to the present era&#8230; After teaching herself Latin and Greek, she read Newton and Euler despite her parent&#039;s opposition to a career in mathematics&#8230; Correspondence with great scholars became the means by which she obtained her higher education in mathematics, literature, biology, and philosophy&hellip;One of Sophie Germain&rsquo;s theorems is related to the baffling and still unsolved problem of obtaining a general proof of &lsquo;Fermat&rsquo;s last theorem&rsquo;&hellip; Parallel with and subsequent to her pure mathematical research she also made contributions to the applied mathematics of acoustics and elasticity&rdquo; (DSB).<\/p>\n<p style=\"text-align:justify\">&quot;The appearance in print of Sophie Germain&rsquo;s M&eacute;moire sur l&rsquo;emploi de l&rsquo;&eacute;paisseur dans la th&eacute;orie des surfaces &eacute;lastiques (Paris, Gauthier-Villars, 1880) followed Stupuy&rsquo;s publication of her &OElig;uvres philosophiques in 1879. The cover page of Sophie Germain&rsquo;s manuscript, which until 1879 had been closeted away Prony&rsquo;s papers in the Archives de l&rsquo;&Eacute;cole des Ponts et Chauss&eacute;es, indicates that Poisson alone had perused the work. Her manuscript is now held at the Archives of the Academy of Sciences, Paris&quot; (Bucciarelli, An Essay in the History of the Theory of Elasticity, p. 141).<\/p>\n<p style=\"text-align:justify\">Publisher&#039;s inscription on cover &quot;[&agrave;] Monsieur le baron de Blainvilliers, conseiller &agrave; la cour des comptes, hommage de l&#039;&eacute;diteur&quot;.<\/p>\n<p style=\"text-align:justify\">Some missing part on cover, and top cover detached.<\/p>\n","protected":false},"excerpt":{"rendered":"<p>4to (285 x 225 mm) 64 pp. Blue wrappers.<\/p>\n","protected":false},"featured_media":72875,"comment_status":"open","ping_status":"closed","template":"","meta":{"_acf_changed":false},"product_brand":[],"product_cat":[550],"product_tag":[1330],"class_list":{"0":"post-72878","1":"product","2":"type-product","3":"status-publish","4":"has-post-thumbnail","6":"product_cat-science","7":"product_tag-mathematics","8":"pa_auteur-sophie-germain-2","9":"pa_type-de-livre-printed-book","11":"first","12":"instock","13":"shipping-taxable","14":"purchasable","15":"product-type-simple"},"acf":[],"yoast_head":"<!-- This site is optimized with the Yoast SEO plugin v24.3 - https:\/\/yoast.com\/wordpress\/plugins\/seo\/ -->\n<title>GERMAIN Sophie M\u00e9moire sur l&#039;emploi de l&#039;\u00e9paisseur dans la th\u00e9orie des surfaces \u00e9lastiques. - Libairie Clavreuil<\/title>\n<meta name=\"robots\" content=\"noindex, follow, max-snippet:-1, max-image-preview:large, max-video-preview:-1\" \/>\n<meta property=\"og:locale\" content=\"en_US\" \/>\n<meta property=\"og:type\" content=\"article\" \/>\n<meta property=\"og:title\" content=\"GERMAIN Sophie M\u00e9moire sur l&#039;emploi de l&#039;\u00e9paisseur dans la th\u00e9orie des surfaces \u00e9lastiques. - Libairie Clavreuil\" \/>\n<meta property=\"og:description\" content=\"4to (285 x 225 mm) 64 pp. Blue wrappers.\" \/>\n<meta property=\"og:url\" content=\"https:\/\/clavreuil-wordpress.logiciel-arteo.fr\/en\/memoire-sur-lemploi-de-lepaisseur-dans-la-theorie-des-surfaces-elastiques-sophie-germain\/\" \/>\n<meta property=\"og:site_name\" content=\"Libairie Clavreuil\" \/>\n<meta property=\"article:modified_time\" content=\"2024-04-22T14:09:07+00:00\" \/>\n<meta property=\"og:image\" content=\"https:\/\/clavreuil-wordpress.logiciel-arteo.fr\/wp-content\/uploads\/2024\/04\/sophie-germain-memoire-sur-l-emploi-de-l-epaisseur-dans-la-theorie-des-surfaces-elastiques-8060-657da4d37428e-scaled.jpg\" \/>\n\t<meta property=\"og:image:width\" content=\"1920\" \/>\n\t<meta property=\"og:image:height\" content=\"2560\" \/>\n\t<meta property=\"og:image:type\" content=\"image\/jpeg\" \/>\n<meta name=\"twitter:card\" content=\"summary_large_image\" \/>\n<meta name=\"twitter:label1\" content=\"Est. reading time\" \/>\n\t<meta name=\"twitter:data1\" content=\"1 minute\" \/>\n<script type=\"application\/ld+json\" class=\"yoast-schema-graph\">{\"@context\":\"https:\/\/schema.org\",\"@graph\":[{\"@type\":\"WebPage\",\"@id\":\"https:\/\/clavreuil-wordpress.logiciel-arteo.fr\/en\/memoire-sur-lemploi-de-lepaisseur-dans-la-theorie-des-surfaces-elastiques-sophie-germain\/\",\"url\":\"https:\/\/clavreuil-wordpress.logiciel-arteo.fr\/en\/memoire-sur-lemploi-de-lepaisseur-dans-la-theorie-des-surfaces-elastiques-sophie-germain\/\",\"name\":\"GERMAIN Sophie M\u00e9moire sur l'emploi de l'\u00e9paisseur dans la th\u00e9orie des surfaces \u00e9lastiques. - Libairie Clavreuil\",\"isPartOf\":{\"@id\":\"https:\/\/clavreuil-wordpress.logiciel-arteo.fr\/#website\"},\"primaryImageOfPage\":{\"@id\":\"https:\/\/clavreuil-wordpress.logiciel-arteo.fr\/en\/memoire-sur-lemploi-de-lepaisseur-dans-la-theorie-des-surfaces-elastiques-sophie-germain\/#primaryimage\"},\"image\":{\"@id\":\"https:\/\/clavreuil-wordpress.logiciel-arteo.fr\/en\/memoire-sur-lemploi-de-lepaisseur-dans-la-theorie-des-surfaces-elastiques-sophie-germain\/#primaryimage\"},\"thumbnailUrl\":\"https:\/\/clavreuil-wordpress.logiciel-arteo.fr\/wp-content\/uploads\/2024\/04\/sophie-germain-memoire-sur-l-emploi-de-l-epaisseur-dans-la-theorie-des-surfaces-elastiques-8060-657da4d37428e-scaled.jpg\",\"datePublished\":\"2024-04-18T09:14:30+00:00\",\"dateModified\":\"2024-04-22T14:09:07+00:00\",\"breadcrumb\":{\"@id\":\"https:\/\/clavreuil-wordpress.logiciel-arteo.fr\/en\/memoire-sur-lemploi-de-lepaisseur-dans-la-theorie-des-surfaces-elastiques-sophie-germain\/#breadcrumb\"},\"inLanguage\":\"en-US\",\"potentialAction\":[{\"@type\":\"ReadAction\",\"target\":[\"https:\/\/clavreuil-wordpress.logiciel-arteo.fr\/en\/memoire-sur-lemploi-de-lepaisseur-dans-la-theorie-des-surfaces-elastiques-sophie-germain\/\"]}]},{\"@type\":\"ImageObject\",\"inLanguage\":\"en-US\",\"@id\":\"https:\/\/clavreuil-wordpress.logiciel-arteo.fr\/en\/memoire-sur-lemploi-de-lepaisseur-dans-la-theorie-des-surfaces-elastiques-sophie-germain\/#primaryimage\",\"url\":\"https:\/\/clavreuil-wordpress.logiciel-arteo.fr\/wp-content\/uploads\/2024\/04\/sophie-germain-memoire-sur-l-emploi-de-l-epaisseur-dans-la-theorie-des-surfaces-elastiques-8060-657da4d37428e-scaled.jpg\",\"contentUrl\":\"https:\/\/clavreuil-wordpress.logiciel-arteo.fr\/wp-content\/uploads\/2024\/04\/sophie-germain-memoire-sur-l-emploi-de-l-epaisseur-dans-la-theorie-des-surfaces-elastiques-8060-657da4d37428e-scaled.jpg\",\"width\":1920,\"height\":2560},{\"@type\":\"BreadcrumbList\",\"@id\":\"https:\/\/clavreuil-wordpress.logiciel-arteo.fr\/en\/memoire-sur-lemploi-de-lepaisseur-dans-la-theorie-des-surfaces-elastiques-sophie-germain\/#breadcrumb\",\"itemListElement\":[{\"@type\":\"ListItem\",\"position\":1,\"name\":\"Accueil\",\"item\":\"https:\/\/clavreuil-wordpress.logiciel-arteo.fr\/\"},{\"@type\":\"ListItem\",\"position\":2,\"name\":\"All our books\",\"item\":\"https:\/\/clavreuil-wordpress.logiciel-arteo.fr\/en\/all-our-books\/\"},{\"@type\":\"ListItem\",\"position\":3,\"name\":\"GERMAIN Sophie M\u00e9moire sur l&#8217;emploi de l&#8217;\u00e9paisseur dans...\"}]},{\"@type\":\"WebSite\",\"@id\":\"https:\/\/clavreuil-wordpress.logiciel-arteo.fr\/#website\",\"url\":\"https:\/\/clavreuil-wordpress.logiciel-arteo.fr\/\",\"name\":\"Libairie Clavreuil\",\"description\":\"\",\"publisher\":{\"@id\":\"https:\/\/clavreuil-wordpress.logiciel-arteo.fr\/#organization\"},\"potentialAction\":[{\"@type\":\"SearchAction\",\"target\":{\"@type\":\"EntryPoint\",\"urlTemplate\":\"https:\/\/clavreuil-wordpress.logiciel-arteo.fr\/?s={search_term_string}\"},\"query-input\":{\"@type\":\"PropertyValueSpecification\",\"valueRequired\":true,\"valueName\":\"search_term_string\"}}],\"inLanguage\":\"en-US\"},{\"@type\":\"Organization\",\"@id\":\"https:\/\/clavreuil-wordpress.logiciel-arteo.fr\/#organization\",\"name\":\"Libairie Clavreuil\",\"url\":\"https:\/\/clavreuil-wordpress.logiciel-arteo.fr\/\",\"logo\":{\"@type\":\"ImageObject\",\"inLanguage\":\"en-US\",\"@id\":\"https:\/\/clavreuil-wordpress.logiciel-arteo.fr\/#\/schema\/logo\/image\/\",\"url\":\"https:\/\/clavreuil-wordpress.logiciel-arteo.fr\/wp-content\/uploads\/2021\/05\/LOGO_PNG_DATE-_gold.png\",\"contentUrl\":\"https:\/\/clavreuil-wordpress.logiciel-arteo.fr\/wp-content\/uploads\/2021\/05\/LOGO_PNG_DATE-_gold.png\",\"width\":2083,\"height\":1917,\"caption\":\"Libairie Clavreuil\"},\"image\":{\"@id\":\"https:\/\/clavreuil-wordpress.logiciel-arteo.fr\/#\/schema\/logo\/image\/\"}}]}<\/script>\n<!-- \/ Yoast SEO plugin. -->","yoast_head_json":{"title":"GERMAIN Sophie M\u00e9moire sur l'emploi de l'\u00e9paisseur dans la th\u00e9orie des surfaces \u00e9lastiques. - Libairie Clavreuil","robots":{"index":"noindex","follow":"follow","max-snippet":"max-snippet:-1","max-image-preview":"max-image-preview:large","max-video-preview":"max-video-preview:-1"},"og_locale":"en_US","og_type":"article","og_title":"GERMAIN Sophie M\u00e9moire sur l'emploi de l'\u00e9paisseur dans la th\u00e9orie des surfaces \u00e9lastiques. - Libairie Clavreuil","og_description":"4to (285 x 225 mm) 64 pp. Blue wrappers.","og_url":"https:\/\/clavreuil-wordpress.logiciel-arteo.fr\/en\/memoire-sur-lemploi-de-lepaisseur-dans-la-theorie-des-surfaces-elastiques-sophie-germain\/","og_site_name":"Libairie Clavreuil","article_modified_time":"2024-04-22T14:09:07+00:00","og_image":[{"width":1920,"height":2560,"url":"https:\/\/clavreuil-wordpress.logiciel-arteo.fr\/wp-content\/uploads\/2024\/04\/sophie-germain-memoire-sur-l-emploi-de-l-epaisseur-dans-la-theorie-des-surfaces-elastiques-8060-657da4d37428e-scaled.jpg","type":"image\/jpeg"}],"twitter_card":"summary_large_image","twitter_misc":{"Est. reading time":"1 minute"},"schema":{"@context":"https:\/\/schema.org","@graph":[{"@type":"WebPage","@id":"https:\/\/clavreuil-wordpress.logiciel-arteo.fr\/en\/memoire-sur-lemploi-de-lepaisseur-dans-la-theorie-des-surfaces-elastiques-sophie-germain\/","url":"https:\/\/clavreuil-wordpress.logiciel-arteo.fr\/en\/memoire-sur-lemploi-de-lepaisseur-dans-la-theorie-des-surfaces-elastiques-sophie-germain\/","name":"GERMAIN Sophie M\u00e9moire sur l'emploi de l'\u00e9paisseur dans la th\u00e9orie des surfaces \u00e9lastiques. - Libairie Clavreuil","isPartOf":{"@id":"https:\/\/clavreuil-wordpress.logiciel-arteo.fr\/#website"},"primaryImageOfPage":{"@id":"https:\/\/clavreuil-wordpress.logiciel-arteo.fr\/en\/memoire-sur-lemploi-de-lepaisseur-dans-la-theorie-des-surfaces-elastiques-sophie-germain\/#primaryimage"},"image":{"@id":"https:\/\/clavreuil-wordpress.logiciel-arteo.fr\/en\/memoire-sur-lemploi-de-lepaisseur-dans-la-theorie-des-surfaces-elastiques-sophie-germain\/#primaryimage"},"thumbnailUrl":"https:\/\/clavreuil-wordpress.logiciel-arteo.fr\/wp-content\/uploads\/2024\/04\/sophie-germain-memoire-sur-l-emploi-de-l-epaisseur-dans-la-theorie-des-surfaces-elastiques-8060-657da4d37428e-scaled.jpg","datePublished":"2024-04-18T09:14:30+00:00","dateModified":"2024-04-22T14:09:07+00:00","breadcrumb":{"@id":"https:\/\/clavreuil-wordpress.logiciel-arteo.fr\/en\/memoire-sur-lemploi-de-lepaisseur-dans-la-theorie-des-surfaces-elastiques-sophie-germain\/#breadcrumb"},"inLanguage":"en-US","potentialAction":[{"@type":"ReadAction","target":["https:\/\/clavreuil-wordpress.logiciel-arteo.fr\/en\/memoire-sur-lemploi-de-lepaisseur-dans-la-theorie-des-surfaces-elastiques-sophie-germain\/"]}]},{"@type":"ImageObject","inLanguage":"en-US","@id":"https:\/\/clavreuil-wordpress.logiciel-arteo.fr\/en\/memoire-sur-lemploi-de-lepaisseur-dans-la-theorie-des-surfaces-elastiques-sophie-germain\/#primaryimage","url":"https:\/\/clavreuil-wordpress.logiciel-arteo.fr\/wp-content\/uploads\/2024\/04\/sophie-germain-memoire-sur-l-emploi-de-l-epaisseur-dans-la-theorie-des-surfaces-elastiques-8060-657da4d37428e-scaled.jpg","contentUrl":"https:\/\/clavreuil-wordpress.logiciel-arteo.fr\/wp-content\/uploads\/2024\/04\/sophie-germain-memoire-sur-l-emploi-de-l-epaisseur-dans-la-theorie-des-surfaces-elastiques-8060-657da4d37428e-scaled.jpg","width":1920,"height":2560},{"@type":"BreadcrumbList","@id":"https:\/\/clavreuil-wordpress.logiciel-arteo.fr\/en\/memoire-sur-lemploi-de-lepaisseur-dans-la-theorie-des-surfaces-elastiques-sophie-germain\/#breadcrumb","itemListElement":[{"@type":"ListItem","position":1,"name":"Accueil","item":"https:\/\/clavreuil-wordpress.logiciel-arteo.fr\/"},{"@type":"ListItem","position":2,"name":"All our books","item":"https:\/\/clavreuil-wordpress.logiciel-arteo.fr\/en\/all-our-books\/"},{"@type":"ListItem","position":3,"name":"GERMAIN Sophie M\u00e9moire sur l&#8217;emploi de l&#8217;\u00e9paisseur dans..."}]},{"@type":"WebSite","@id":"https:\/\/clavreuil-wordpress.logiciel-arteo.fr\/#website","url":"https:\/\/clavreuil-wordpress.logiciel-arteo.fr\/","name":"Libairie Clavreuil","description":"","publisher":{"@id":"https:\/\/clavreuil-wordpress.logiciel-arteo.fr\/#organization"},"potentialAction":[{"@type":"SearchAction","target":{"@type":"EntryPoint","urlTemplate":"https:\/\/clavreuil-wordpress.logiciel-arteo.fr\/?s={search_term_string}"},"query-input":{"@type":"PropertyValueSpecification","valueRequired":true,"valueName":"search_term_string"}}],"inLanguage":"en-US"},{"@type":"Organization","@id":"https:\/\/clavreuil-wordpress.logiciel-arteo.fr\/#organization","name":"Libairie Clavreuil","url":"https:\/\/clavreuil-wordpress.logiciel-arteo.fr\/","logo":{"@type":"ImageObject","inLanguage":"en-US","@id":"https:\/\/clavreuil-wordpress.logiciel-arteo.fr\/#\/schema\/logo\/image\/","url":"https:\/\/clavreuil-wordpress.logiciel-arteo.fr\/wp-content\/uploads\/2021\/05\/LOGO_PNG_DATE-_gold.png","contentUrl":"https:\/\/clavreuil-wordpress.logiciel-arteo.fr\/wp-content\/uploads\/2021\/05\/LOGO_PNG_DATE-_gold.png","width":2083,"height":1917,"caption":"Libairie Clavreuil"},"image":{"@id":"https:\/\/clavreuil-wordpress.logiciel-arteo.fr\/#\/schema\/logo\/image\/"}}]}},"_links":{"self":[{"href":"https:\/\/clavreuil-wordpress.logiciel-arteo.fr\/en\/wp-json\/wp\/v2\/product\/72878","targetHints":{"allow":["GET"]}}],"collection":[{"href":"https:\/\/clavreuil-wordpress.logiciel-arteo.fr\/en\/wp-json\/wp\/v2\/product"}],"about":[{"href":"https:\/\/clavreuil-wordpress.logiciel-arteo.fr\/en\/wp-json\/wp\/v2\/types\/product"}],"replies":[{"embeddable":true,"href":"https:\/\/clavreuil-wordpress.logiciel-arteo.fr\/en\/wp-json\/wp\/v2\/comments?post=72878"}],"wp:featuredmedia":[{"embeddable":true,"href":"https:\/\/clavreuil-wordpress.logiciel-arteo.fr\/en\/wp-json\/wp\/v2\/media\/72875"}],"wp:attachment":[{"href":"https:\/\/clavreuil-wordpress.logiciel-arteo.fr\/en\/wp-json\/wp\/v2\/media?parent=72878"}],"wp:term":[{"taxonomy":"product_brand","embeddable":true,"href":"https:\/\/clavreuil-wordpress.logiciel-arteo.fr\/en\/wp-json\/wp\/v2\/product_brand?post=72878"},{"taxonomy":"product_cat","embeddable":true,"href":"https:\/\/clavreuil-wordpress.logiciel-arteo.fr\/en\/wp-json\/wp\/v2\/product_cat?post=72878"},{"taxonomy":"product_tag","embeddable":true,"href":"https:\/\/clavreuil-wordpress.logiciel-arteo.fr\/en\/wp-json\/wp\/v2\/product_tag?post=72878"}],"curies":[{"name":"wp","href":"https:\/\/api.w.org\/{rel}","templated":true}]}}