{"id":72910,"date":"2024-04-18T11:18:11","date_gmt":"2024-04-18T09:18:11","guid":{"rendered":"https:\/\/clavreuil-wordpress.logiciel-arteo.fr\/traite-doptique-traduit-de-langlais-et-considerablement-augmentee-william-smith\/"},"modified":"2024-04-22T16:05:58","modified_gmt":"2024-04-22T14:05:58","slug":"traite-doptique-traduit-de-langlais-et-considerablement-augmentee-william-smith","status":"publish","type":"product","link":"https:\/\/clavreuil-wordpress.logiciel-arteo.fr\/en\/traite-doptique-traduit-de-langlais-et-considerablement-augmentee-william-smith\/","title":{"rendered":"SMITH William Trait\u00e9 d&#8217;optique. Traduit de l&#8217;anglais et..."},"content":{"rendered":"<p style=\"text-align:justify\"><em>DSB, XII, 477 ; Becker Collection, 216 (for the first edition in 1738). Wolf, History of Science, II, p. 171.<\/em><\/p>\n<p style=\"text-align:justify\">First edition of Nicolas-Claude Duval le Roy&#039;s translation, published the same year as the one by P&eacute;z&eacute;nas, and better, according to Qu&eacute;rard&nbsp;&quot;&agrave; cause des augmentations consid&eacute;rables que Duval a faites au trait&eacute;&quot;.<\/p>\n<p style=\"text-align:justify\">It is supplemented by <em>Remarques nouvelles sur les lunettes achromatiques<\/em> and a description of the Heliostat. The text is divided into three parts entitled <em>Exposition simple &amp; facile de l&#039;optique<\/em> ; <em>L&#039;Optique trait&eacute;e&#8230; &agrave; l&#039;aide de la g&eacute;om&eacute;trie &amp; du calcul<\/em> ; <em>De la mani&egrave;re de tailler les verres &amp; les miroirs des t&eacute;lescopes<\/em>.<\/p>\n<p style=\"text-align:justify\">The work, based essentially on Newton&#039;s theories, is richly illustrated with 67 fold-out engraved plates showing calculations and instruments. Smith&#039;s optics course, based on Newton&#039;s optics, was&nbsp;&quot;probably the most influencial optical text book of the eighteenth century&#8230; In turn, its popularity helped to establish the eighteenth-century conviction that light is particulate&quot; (DSB).<\/p>\n<p style=\"text-align:justify\">&quot;Of the four books [pour l&#039;&eacute;dition originale] the first deals in a non-technical manner with the fundamental experiments in optics, while the second provides a more formal treatment of the geometrical theory of the subject. Smith studied the problem of spherical aberrations in greater generality than his predecessors, Barrow and Huygens. The third book describes apparatus fro grinding and polishing lenses and specula, and it gives a complete account of the construction, adjustment, and use of the principal optical instruments, while the fourth book gives a history of telescopic discoveries in the heavens&rdquo; (Wolf).<\/p>\n<p style=\"text-align:justify\">A good copy, with some minor damage to the binding.<\/p>\n","protected":false},"excerpt":{"rendered":"<p>Large 4to (250 x 195 mm) XIII pp., 1 unn.l., 739 pp., 1 unn.l., 67 engraved folding plates Marbled calf, spine gilt with raised bands, red edges (<em>contemporary binding<\/em>).<\/p>\n","protected":false},"featured_media":72903,"comment_status":"open","ping_status":"closed","template":"","meta":{"_acf_changed":false},"product_brand":[],"product_cat":[550],"product_tag":[610],"class_list":{"0":"post-72910","1":"product","2":"type-product","3":"status-publish","4":"has-post-thumbnail","6":"product_cat-science","7":"product_tag-optical","8":"pa_auteur-william-smith-2","9":"pa_type-de-livre-printed-book","11":"first","12":"instock","13":"shipping-taxable","14":"purchasable","15":"product-type-simple"},"acf":[],"yoast_head":"<!-- This site is optimized with the Yoast SEO plugin v24.3 - https:\/\/yoast.com\/wordpress\/plugins\/seo\/ -->\n<title>SMITH William Trait\u00e9 d&#039;optique. Traduit de l&#039;anglais et consid\u00e9rablement augment\u00e9e. - Libairie Clavreuil<\/title>\n<meta name=\"robots\" content=\"noindex, follow, max-snippet:-1, max-image-preview:large, max-video-preview:-1\" \/>\n<meta property=\"og:locale\" content=\"en_US\" \/>\n<meta property=\"og:type\" content=\"article\" \/>\n<meta property=\"og:title\" content=\"SMITH William Trait\u00e9 d&#039;optique. Traduit de l&#039;anglais et consid\u00e9rablement augment\u00e9e. - Libairie Clavreuil\" \/>\n<meta property=\"og:description\" content=\"Large 4to (250 x 195 mm) XIII pp., 1 unn.l., 739 pp., 1 unn.l., 67 engraved folding plates Marbled calf, spine gilt with raised bands, red edges (contemporary binding).\" \/>\n<meta property=\"og:url\" content=\"https:\/\/clavreuil-wordpress.logiciel-arteo.fr\/en\/traite-doptique-traduit-de-langlais-et-considerablement-augmentee-william-smith\/\" \/>\n<meta property=\"og:site_name\" content=\"Libairie Clavreuil\" \/>\n<meta property=\"article:modified_time\" content=\"2024-04-22T14:05:58+00:00\" \/>\n<meta property=\"og:image\" content=\"https:\/\/clavreuil-wordpress.logiciel-arteo.fr\/wp-content\/uploads\/2024\/04\/william-smith-traite-d-optique-traduit-de-l-anglais-et-considerablement-augmentee-7687-657db5477eb64-scaled.jpg\" \/>\n\t<meta property=\"og:image:width\" content=\"1982\" \/>\n\t<meta property=\"og:image:height\" content=\"2560\" \/>\n\t<meta property=\"og:image:type\" content=\"image\/jpeg\" \/>\n<meta name=\"twitter:card\" content=\"summary_large_image\" \/>\n<meta name=\"twitter:label1\" content=\"Est. reading time\" \/>\n\t<meta name=\"twitter:data1\" content=\"1 minute\" \/>\n<script type=\"application\/ld+json\" class=\"yoast-schema-graph\">{\"@context\":\"https:\/\/schema.org\",\"@graph\":[{\"@type\":\"WebPage\",\"@id\":\"https:\/\/clavreuil-wordpress.logiciel-arteo.fr\/en\/traite-doptique-traduit-de-langlais-et-considerablement-augmentee-william-smith\/\",\"url\":\"https:\/\/clavreuil-wordpress.logiciel-arteo.fr\/en\/traite-doptique-traduit-de-langlais-et-considerablement-augmentee-william-smith\/\",\"name\":\"SMITH William Trait\u00e9 d'optique. Traduit de l'anglais et consid\u00e9rablement augment\u00e9e. - Libairie Clavreuil\",\"isPartOf\":{\"@id\":\"https:\/\/clavreuil-wordpress.logiciel-arteo.fr\/#website\"},\"primaryImageOfPage\":{\"@id\":\"https:\/\/clavreuil-wordpress.logiciel-arteo.fr\/en\/traite-doptique-traduit-de-langlais-et-considerablement-augmentee-william-smith\/#primaryimage\"},\"image\":{\"@id\":\"https:\/\/clavreuil-wordpress.logiciel-arteo.fr\/en\/traite-doptique-traduit-de-langlais-et-considerablement-augmentee-william-smith\/#primaryimage\"},\"thumbnailUrl\":\"https:\/\/clavreuil-wordpress.logiciel-arteo.fr\/wp-content\/uploads\/2024\/04\/william-smith-traite-d-optique-traduit-de-l-anglais-et-considerablement-augmentee-7687-657db5477eb64-scaled.jpg\",\"datePublished\":\"2024-04-18T09:18:11+00:00\",\"dateModified\":\"2024-04-22T14:05:58+00:00\",\"breadcrumb\":{\"@id\":\"https:\/\/clavreuil-wordpress.logiciel-arteo.fr\/en\/traite-doptique-traduit-de-langlais-et-considerablement-augmentee-william-smith\/#breadcrumb\"},\"inLanguage\":\"en-US\",\"potentialAction\":[{\"@type\":\"ReadAction\",\"target\":[\"https:\/\/clavreuil-wordpress.logiciel-arteo.fr\/en\/traite-doptique-traduit-de-langlais-et-considerablement-augmentee-william-smith\/\"]}]},{\"@type\":\"ImageObject\",\"inLanguage\":\"en-US\",\"@id\":\"https:\/\/clavreuil-wordpress.logiciel-arteo.fr\/en\/traite-doptique-traduit-de-langlais-et-considerablement-augmentee-william-smith\/#primaryimage\",\"url\":\"https:\/\/clavreuil-wordpress.logiciel-arteo.fr\/wp-content\/uploads\/2024\/04\/william-smith-traite-d-optique-traduit-de-l-anglais-et-considerablement-augmentee-7687-657db5477eb64-scaled.jpg\",\"contentUrl\":\"https:\/\/clavreuil-wordpress.logiciel-arteo.fr\/wp-content\/uploads\/2024\/04\/william-smith-traite-d-optique-traduit-de-l-anglais-et-considerablement-augmentee-7687-657db5477eb64-scaled.jpg\",\"width\":1982,\"height\":2560},{\"@type\":\"BreadcrumbList\",\"@id\":\"https:\/\/clavreuil-wordpress.logiciel-arteo.fr\/en\/traite-doptique-traduit-de-langlais-et-considerablement-augmentee-william-smith\/#breadcrumb\",\"itemListElement\":[{\"@type\":\"ListItem\",\"position\":1,\"name\":\"Accueil\",\"item\":\"https:\/\/clavreuil-wordpress.logiciel-arteo.fr\/\"},{\"@type\":\"ListItem\",\"position\":2,\"name\":\"All our books\",\"item\":\"https:\/\/clavreuil-wordpress.logiciel-arteo.fr\/en\/all-our-books\/\"},{\"@type\":\"ListItem\",\"position\":3,\"name\":\"SMITH William Trait\u00e9 d&#8217;optique. Traduit de l&#8217;anglais et...\"}]},{\"@type\":\"WebSite\",\"@id\":\"https:\/\/clavreuil-wordpress.logiciel-arteo.fr\/#website\",\"url\":\"https:\/\/clavreuil-wordpress.logiciel-arteo.fr\/\",\"name\":\"Libairie Clavreuil\",\"description\":\"\",\"publisher\":{\"@id\":\"https:\/\/clavreuil-wordpress.logiciel-arteo.fr\/#organization\"},\"potentialAction\":[{\"@type\":\"SearchAction\",\"target\":{\"@type\":\"EntryPoint\",\"urlTemplate\":\"https:\/\/clavreuil-wordpress.logiciel-arteo.fr\/?s={search_term_string}\"},\"query-input\":{\"@type\":\"PropertyValueSpecification\",\"valueRequired\":true,\"valueName\":\"search_term_string\"}}],\"inLanguage\":\"en-US\"},{\"@type\":\"Organization\",\"@id\":\"https:\/\/clavreuil-wordpress.logiciel-arteo.fr\/#organization\",\"name\":\"Libairie Clavreuil\",\"url\":\"https:\/\/clavreuil-wordpress.logiciel-arteo.fr\/\",\"logo\":{\"@type\":\"ImageObject\",\"inLanguage\":\"en-US\",\"@id\":\"https:\/\/clavreuil-wordpress.logiciel-arteo.fr\/#\/schema\/logo\/image\/\",\"url\":\"https:\/\/clavreuil-wordpress.logiciel-arteo.fr\/wp-content\/uploads\/2021\/05\/LOGO_PNG_DATE-_gold.png\",\"contentUrl\":\"https:\/\/clavreuil-wordpress.logiciel-arteo.fr\/wp-content\/uploads\/2021\/05\/LOGO_PNG_DATE-_gold.png\",\"width\":2083,\"height\":1917,\"caption\":\"Libairie Clavreuil\"},\"image\":{\"@id\":\"https:\/\/clavreuil-wordpress.logiciel-arteo.fr\/#\/schema\/logo\/image\/\"}}]}<\/script>\n<!-- \/ Yoast SEO plugin. -->","yoast_head_json":{"title":"SMITH William Trait\u00e9 d'optique. Traduit de l'anglais et consid\u00e9rablement augment\u00e9e. - Libairie Clavreuil","robots":{"index":"noindex","follow":"follow","max-snippet":"max-snippet:-1","max-image-preview":"max-image-preview:large","max-video-preview":"max-video-preview:-1"},"og_locale":"en_US","og_type":"article","og_title":"SMITH William Trait\u00e9 d'optique. Traduit de l'anglais et consid\u00e9rablement augment\u00e9e. - Libairie Clavreuil","og_description":"Large 4to (250 x 195 mm) XIII pp., 1 unn.l., 739 pp., 1 unn.l., 67 engraved folding plates Marbled calf, spine gilt with raised bands, red edges (contemporary binding).","og_url":"https:\/\/clavreuil-wordpress.logiciel-arteo.fr\/en\/traite-doptique-traduit-de-langlais-et-considerablement-augmentee-william-smith\/","og_site_name":"Libairie Clavreuil","article_modified_time":"2024-04-22T14:05:58+00:00","og_image":[{"width":1982,"height":2560,"url":"https:\/\/clavreuil-wordpress.logiciel-arteo.fr\/wp-content\/uploads\/2024\/04\/william-smith-traite-d-optique-traduit-de-l-anglais-et-considerablement-augmentee-7687-657db5477eb64-scaled.jpg","type":"image\/jpeg"}],"twitter_card":"summary_large_image","twitter_misc":{"Est. reading time":"1 minute"},"schema":{"@context":"https:\/\/schema.org","@graph":[{"@type":"WebPage","@id":"https:\/\/clavreuil-wordpress.logiciel-arteo.fr\/en\/traite-doptique-traduit-de-langlais-et-considerablement-augmentee-william-smith\/","url":"https:\/\/clavreuil-wordpress.logiciel-arteo.fr\/en\/traite-doptique-traduit-de-langlais-et-considerablement-augmentee-william-smith\/","name":"SMITH William Trait\u00e9 d'optique. Traduit de l'anglais et consid\u00e9rablement augment\u00e9e. - Libairie Clavreuil","isPartOf":{"@id":"https:\/\/clavreuil-wordpress.logiciel-arteo.fr\/#website"},"primaryImageOfPage":{"@id":"https:\/\/clavreuil-wordpress.logiciel-arteo.fr\/en\/traite-doptique-traduit-de-langlais-et-considerablement-augmentee-william-smith\/#primaryimage"},"image":{"@id":"https:\/\/clavreuil-wordpress.logiciel-arteo.fr\/en\/traite-doptique-traduit-de-langlais-et-considerablement-augmentee-william-smith\/#primaryimage"},"thumbnailUrl":"https:\/\/clavreuil-wordpress.logiciel-arteo.fr\/wp-content\/uploads\/2024\/04\/william-smith-traite-d-optique-traduit-de-l-anglais-et-considerablement-augmentee-7687-657db5477eb64-scaled.jpg","datePublished":"2024-04-18T09:18:11+00:00","dateModified":"2024-04-22T14:05:58+00:00","breadcrumb":{"@id":"https:\/\/clavreuil-wordpress.logiciel-arteo.fr\/en\/traite-doptique-traduit-de-langlais-et-considerablement-augmentee-william-smith\/#breadcrumb"},"inLanguage":"en-US","potentialAction":[{"@type":"ReadAction","target":["https:\/\/clavreuil-wordpress.logiciel-arteo.fr\/en\/traite-doptique-traduit-de-langlais-et-considerablement-augmentee-william-smith\/"]}]},{"@type":"ImageObject","inLanguage":"en-US","@id":"https:\/\/clavreuil-wordpress.logiciel-arteo.fr\/en\/traite-doptique-traduit-de-langlais-et-considerablement-augmentee-william-smith\/#primaryimage","url":"https:\/\/clavreuil-wordpress.logiciel-arteo.fr\/wp-content\/uploads\/2024\/04\/william-smith-traite-d-optique-traduit-de-l-anglais-et-considerablement-augmentee-7687-657db5477eb64-scaled.jpg","contentUrl":"https:\/\/clavreuil-wordpress.logiciel-arteo.fr\/wp-content\/uploads\/2024\/04\/william-smith-traite-d-optique-traduit-de-l-anglais-et-considerablement-augmentee-7687-657db5477eb64-scaled.jpg","width":1982,"height":2560},{"@type":"BreadcrumbList","@id":"https:\/\/clavreuil-wordpress.logiciel-arteo.fr\/en\/traite-doptique-traduit-de-langlais-et-considerablement-augmentee-william-smith\/#breadcrumb","itemListElement":[{"@type":"ListItem","position":1,"name":"Accueil","item":"https:\/\/clavreuil-wordpress.logiciel-arteo.fr\/"},{"@type":"ListItem","position":2,"name":"All our books","item":"https:\/\/clavreuil-wordpress.logiciel-arteo.fr\/en\/all-our-books\/"},{"@type":"ListItem","position":3,"name":"SMITH William Trait\u00e9 d&#8217;optique. Traduit de l&#8217;anglais et..."}]},{"@type":"WebSite","@id":"https:\/\/clavreuil-wordpress.logiciel-arteo.fr\/#website","url":"https:\/\/clavreuil-wordpress.logiciel-arteo.fr\/","name":"Libairie Clavreuil","description":"","publisher":{"@id":"https:\/\/clavreuil-wordpress.logiciel-arteo.fr\/#organization"},"potentialAction":[{"@type":"SearchAction","target":{"@type":"EntryPoint","urlTemplate":"https:\/\/clavreuil-wordpress.logiciel-arteo.fr\/?s={search_term_string}"},"query-input":{"@type":"PropertyValueSpecification","valueRequired":true,"valueName":"search_term_string"}}],"inLanguage":"en-US"},{"@type":"Organization","@id":"https:\/\/clavreuil-wordpress.logiciel-arteo.fr\/#organization","name":"Libairie Clavreuil","url":"https:\/\/clavreuil-wordpress.logiciel-arteo.fr\/","logo":{"@type":"ImageObject","inLanguage":"en-US","@id":"https:\/\/clavreuil-wordpress.logiciel-arteo.fr\/#\/schema\/logo\/image\/","url":"https:\/\/clavreuil-wordpress.logiciel-arteo.fr\/wp-content\/uploads\/2021\/05\/LOGO_PNG_DATE-_gold.png","contentUrl":"https:\/\/clavreuil-wordpress.logiciel-arteo.fr\/wp-content\/uploads\/2021\/05\/LOGO_PNG_DATE-_gold.png","width":2083,"height":1917,"caption":"Libairie Clavreuil"},"image":{"@id":"https:\/\/clavreuil-wordpress.logiciel-arteo.fr\/#\/schema\/logo\/image\/"}}]}},"_links":{"self":[{"href":"https:\/\/clavreuil-wordpress.logiciel-arteo.fr\/en\/wp-json\/wp\/v2\/product\/72910","targetHints":{"allow":["GET"]}}],"collection":[{"href":"https:\/\/clavreuil-wordpress.logiciel-arteo.fr\/en\/wp-json\/wp\/v2\/product"}],"about":[{"href":"https:\/\/clavreuil-wordpress.logiciel-arteo.fr\/en\/wp-json\/wp\/v2\/types\/product"}],"replies":[{"embeddable":true,"href":"https:\/\/clavreuil-wordpress.logiciel-arteo.fr\/en\/wp-json\/wp\/v2\/comments?post=72910"}],"wp:featuredmedia":[{"embeddable":true,"href":"https:\/\/clavreuil-wordpress.logiciel-arteo.fr\/en\/wp-json\/wp\/v2\/media\/72903"}],"wp:attachment":[{"href":"https:\/\/clavreuil-wordpress.logiciel-arteo.fr\/en\/wp-json\/wp\/v2\/media?parent=72910"}],"wp:term":[{"taxonomy":"product_brand","embeddable":true,"href":"https:\/\/clavreuil-wordpress.logiciel-arteo.fr\/en\/wp-json\/wp\/v2\/product_brand?post=72910"},{"taxonomy":"product_cat","embeddable":true,"href":"https:\/\/clavreuil-wordpress.logiciel-arteo.fr\/en\/wp-json\/wp\/v2\/product_cat?post=72910"},{"taxonomy":"product_tag","embeddable":true,"href":"https:\/\/clavreuil-wordpress.logiciel-arteo.fr\/en\/wp-json\/wp\/v2\/product_tag?post=72910"}],"curies":[{"name":"wp","href":"https:\/\/api.w.org\/{rel}","templated":true}]}}