{"id":72914,"date":"2024-04-18T11:19:01","date_gmt":"2024-04-18T09:19:01","guid":{"rendered":"https:\/\/clavreuil-wordpress.logiciel-arteo.fr\/traite-pratique-de-lelevage-de-tous-les-pigeons-en-general-decrit-et-edite-sous-les-noms-des-50-principaux-colombophiles-et-aviculteurs-francais-belges-anglais-etc-contenant-les-descriptions-de\/"},"modified":"2024-04-22T15:48:05","modified_gmt":"2024-04-22T13:48:05","slug":"traite-pratique-de-lelevage-de-tous-les-pigeons-en-general-decrit-et-edite-sous-les-noms-des-50-principaux-colombophiles-et-aviculteurs-francais-belges-anglais-etc-contenant-les-descriptions-de","status":"publish","type":"product","link":"https:\/\/clavreuil-wordpress.logiciel-arteo.fr\/en\/traite-pratique-de-lelevage-de-tous-les-pigeons-en-general-decrit-et-edite-sous-les-noms-des-50-principaux-colombophiles-et-aviculteurs-francais-belges-anglais-etc-contenant-les-descriptions-de\/","title":{"rendered":"DE BOEVE Richard. Trait\u00e9 pratique de l&#8217;\u00e9levage de..."},"content":{"rendered":"<p style=\"text-align:justify\">First edition of this classic treatise on racing pigeons.<\/p>\n<p style=\"text-align:justify\">It is divided into 4 chapters: installation of the loft, racing pigeons (10 are described, including military racing pigeons), aviary pigeons (90 variations), and diseases and remedies.<\/p>\n<p style=\"text-align:justify\">In the preface, Robert Fontaine praises this book, which &quot;doit servir de guide aux amateurs pour la recherche du type id&eacute;al&quot; et il poursuit que &quot;avec ce vademecum, tout le monde pourra arriver &agrave; conna&icirc;tre les sujets dignes de pouvoir &ecirc;tre expos&eacute;s avec succ&egrave;s. L&#039;ouvrage contient en plus l&#039;installation des colombiers, l&#039;alimentation, le moyen d&#039;obtenir de beaux sujets par les accouplement, l&#039;incubation, et.etc. les maladies et les rem&egrave;des; tout cela est trait&eacute; d&#039;une mani&egrave;re tr&egrave;s pratique&quot;.<\/p>\n<p style=\"text-align:justify\">Binding stained, otherwise a good copy.<\/p>\n<p style=\"text-align:justify\">Blind stamp (La France Arienne) on title.<\/p>\n","protected":false},"excerpt":{"rendered":"<p>Large 8vo (269 x 169 mm) 153 pp., 5 illustrations by the author. Black buckram (<em>contemporary binding<\/em>).<\/p>\n","protected":false},"featured_media":72911,"comment_status":"open","ping_status":"closed","template":"","meta":{"_acf_changed":false},"product_brand":[],"product_cat":[540],"product_tag":[1342],"class_list":{"0":"post-72914","1":"product","2":"type-product","3":"status-publish","4":"has-post-thumbnail","6":"product_cat-natural-history","7":"product_tag-ornithology","8":"pa_auteur-richard-de-boeve-2","9":"pa_type-de-livre-printed-book","11":"first","12":"instock","13":"shipping-taxable","14":"purchasable","15":"product-type-simple"},"acf":[],"yoast_head":"<!-- This site is optimized with the Yoast SEO plugin v24.3 - https:\/\/yoast.com\/wordpress\/plugins\/seo\/ -->\n<title>DE BOEVE Richard. Trait\u00e9 pratique de l&#039;\u00e9levage de tous les pigeons en g\u00e9n\u00e9ral d\u00e9crit et \u00e9dit\u00e9 sous les noms des 50 principaux colombophiles et aviculteurs fran\u00e7ais, belges, anglais, etc. contenant les descriptions de toutes les races de Pigeons Voyageurs et de fantaisie. - Libairie Clavreuil<\/title>\n<meta name=\"robots\" content=\"noindex, follow, max-snippet:-1, max-image-preview:large, max-video-preview:-1\" \/>\n<meta property=\"og:locale\" content=\"en_US\" \/>\n<meta property=\"og:type\" content=\"article\" \/>\n<meta property=\"og:title\" content=\"DE BOEVE Richard. Trait\u00e9 pratique de l&#039;\u00e9levage de tous les pigeons en g\u00e9n\u00e9ral d\u00e9crit et \u00e9dit\u00e9 sous les noms des 50 principaux colombophiles et aviculteurs fran\u00e7ais, belges, anglais, etc. contenant les descriptions de toutes les races de Pigeons Voyageurs et de fantaisie. - Libairie Clavreuil\" \/>\n<meta property=\"og:description\" content=\"Large 8vo (269 x 169 mm) 153 pp., 5 illustrations by the author. Black buckram (contemporary binding).\" \/>\n<meta property=\"og:url\" content=\"https:\/\/clavreuil-wordpress.logiciel-arteo.fr\/en\/traite-pratique-de-lelevage-de-tous-les-pigeons-en-general-decrit-et-edite-sous-les-noms-des-50-principaux-colombophiles-et-aviculteurs-francais-belges-anglais-etc-contenant-les-descriptions-de\/\" \/>\n<meta property=\"og:site_name\" content=\"Libairie Clavreuil\" \/>\n<meta property=\"article:modified_time\" content=\"2024-04-22T13:48:05+00:00\" \/>\n<meta property=\"og:image\" content=\"https:\/\/clavreuil-wordpress.logiciel-arteo.fr\/wp-content\/uploads\/2024\/04\/richard-de-boeve-traite-pratique-de-l-elevage-de-tous-les-pigeons-en-general-decrit-et-edite-sous-les-noms-des-50-principaux-colombophiles-et-aviculte-scaled.jpg\" \/>\n\t<meta property=\"og:image:width\" content=\"1920\" \/>\n\t<meta property=\"og:image:height\" content=\"2560\" \/>\n\t<meta property=\"og:image:type\" content=\"image\/jpeg\" \/>\n<meta name=\"twitter:card\" content=\"summary_large_image\" \/>\n<meta name=\"twitter:label1\" content=\"Est. reading time\" \/>\n\t<meta name=\"twitter:data1\" content=\"1 minute\" \/>\n<script type=\"application\/ld+json\" class=\"yoast-schema-graph\">{\"@context\":\"https:\/\/schema.org\",\"@graph\":[{\"@type\":\"WebPage\",\"@id\":\"https:\/\/clavreuil-wordpress.logiciel-arteo.fr\/en\/traite-pratique-de-lelevage-de-tous-les-pigeons-en-general-decrit-et-edite-sous-les-noms-des-50-principaux-colombophiles-et-aviculteurs-francais-belges-anglais-etc-contenant-les-descriptions-de\/\",\"url\":\"https:\/\/clavreuil-wordpress.logiciel-arteo.fr\/en\/traite-pratique-de-lelevage-de-tous-les-pigeons-en-general-decrit-et-edite-sous-les-noms-des-50-principaux-colombophiles-et-aviculteurs-francais-belges-anglais-etc-contenant-les-descriptions-de\/\",\"name\":\"DE BOEVE Richard. Trait\u00e9 pratique de l'\u00e9levage de tous les pigeons en g\u00e9n\u00e9ral d\u00e9crit et \u00e9dit\u00e9 sous les noms des 50 principaux colombophiles et aviculteurs fran\u00e7ais, belges, anglais, etc. contenant les descriptions de toutes les races de Pigeons Voyageurs et de fantaisie. - Libairie Clavreuil\",\"isPartOf\":{\"@id\":\"https:\/\/clavreuil-wordpress.logiciel-arteo.fr\/#website\"},\"primaryImageOfPage\":{\"@id\":\"https:\/\/clavreuil-wordpress.logiciel-arteo.fr\/en\/traite-pratique-de-lelevage-de-tous-les-pigeons-en-general-decrit-et-edite-sous-les-noms-des-50-principaux-colombophiles-et-aviculteurs-francais-belges-anglais-etc-contenant-les-descriptions-de\/#primaryimage\"},\"image\":{\"@id\":\"https:\/\/clavreuil-wordpress.logiciel-arteo.fr\/en\/traite-pratique-de-lelevage-de-tous-les-pigeons-en-general-decrit-et-edite-sous-les-noms-des-50-principaux-colombophiles-et-aviculteurs-francais-belges-anglais-etc-contenant-les-descriptions-de\/#primaryimage\"},\"thumbnailUrl\":\"https:\/\/clavreuil-wordpress.logiciel-arteo.fr\/wp-content\/uploads\/2024\/04\/richard-de-boeve-traite-pratique-de-l-elevage-de-tous-les-pigeons-en-general-decrit-et-edite-sous-les-noms-des-50-principaux-colombophiles-et-aviculte-scaled.jpg\",\"datePublished\":\"2024-04-18T09:19:01+00:00\",\"dateModified\":\"2024-04-22T13:48:05+00:00\",\"breadcrumb\":{\"@id\":\"https:\/\/clavreuil-wordpress.logiciel-arteo.fr\/en\/traite-pratique-de-lelevage-de-tous-les-pigeons-en-general-decrit-et-edite-sous-les-noms-des-50-principaux-colombophiles-et-aviculteurs-francais-belges-anglais-etc-contenant-les-descriptions-de\/#breadcrumb\"},\"inLanguage\":\"en-US\",\"potentialAction\":[{\"@type\":\"ReadAction\",\"target\":[\"https:\/\/clavreuil-wordpress.logiciel-arteo.fr\/en\/traite-pratique-de-lelevage-de-tous-les-pigeons-en-general-decrit-et-edite-sous-les-noms-des-50-principaux-colombophiles-et-aviculteurs-francais-belges-anglais-etc-contenant-les-descriptions-de\/\"]}]},{\"@type\":\"ImageObject\",\"inLanguage\":\"en-US\",\"@id\":\"https:\/\/clavreuil-wordpress.logiciel-arteo.fr\/en\/traite-pratique-de-lelevage-de-tous-les-pigeons-en-general-decrit-et-edite-sous-les-noms-des-50-principaux-colombophiles-et-aviculteurs-francais-belges-anglais-etc-contenant-les-descriptions-de\/#primaryimage\",\"url\":\"https:\/\/clavreuil-wordpress.logiciel-arteo.fr\/wp-content\/uploads\/2024\/04\/richard-de-boeve-traite-pratique-de-l-elevage-de-tous-les-pigeons-en-general-decrit-et-edite-sous-les-noms-des-50-principaux-colombophiles-et-aviculte-scaled.jpg\",\"contentUrl\":\"https:\/\/clavreuil-wordpress.logiciel-arteo.fr\/wp-content\/uploads\/2024\/04\/richard-de-boeve-traite-pratique-de-l-elevage-de-tous-les-pigeons-en-general-decrit-et-edite-sous-les-noms-des-50-principaux-colombophiles-et-aviculte-scaled.jpg\",\"width\":1920,\"height\":2560},{\"@type\":\"BreadcrumbList\",\"@id\":\"https:\/\/clavreuil-wordpress.logiciel-arteo.fr\/en\/traite-pratique-de-lelevage-de-tous-les-pigeons-en-general-decrit-et-edite-sous-les-noms-des-50-principaux-colombophiles-et-aviculteurs-francais-belges-anglais-etc-contenant-les-descriptions-de\/#breadcrumb\",\"itemListElement\":[{\"@type\":\"ListItem\",\"position\":1,\"name\":\"Accueil\",\"item\":\"https:\/\/clavreuil-wordpress.logiciel-arteo.fr\/\"},{\"@type\":\"ListItem\",\"position\":2,\"name\":\"All our books\",\"item\":\"https:\/\/clavreuil-wordpress.logiciel-arteo.fr\/en\/all-our-books\/\"},{\"@type\":\"ListItem\",\"position\":3,\"name\":\"DE BOEVE Richard. Trait\u00e9 pratique de l&#8217;\u00e9levage de...\"}]},{\"@type\":\"WebSite\",\"@id\":\"https:\/\/clavreuil-wordpress.logiciel-arteo.fr\/#website\",\"url\":\"https:\/\/clavreuil-wordpress.logiciel-arteo.fr\/\",\"name\":\"Libairie Clavreuil\",\"description\":\"\",\"publisher\":{\"@id\":\"https:\/\/clavreuil-wordpress.logiciel-arteo.fr\/#organization\"},\"potentialAction\":[{\"@type\":\"SearchAction\",\"target\":{\"@type\":\"EntryPoint\",\"urlTemplate\":\"https:\/\/clavreuil-wordpress.logiciel-arteo.fr\/?s={search_term_string}\"},\"query-input\":{\"@type\":\"PropertyValueSpecification\",\"valueRequired\":true,\"valueName\":\"search_term_string\"}}],\"inLanguage\":\"en-US\"},{\"@type\":\"Organization\",\"@id\":\"https:\/\/clavreuil-wordpress.logiciel-arteo.fr\/#organization\",\"name\":\"Libairie Clavreuil\",\"url\":\"https:\/\/clavreuil-wordpress.logiciel-arteo.fr\/\",\"logo\":{\"@type\":\"ImageObject\",\"inLanguage\":\"en-US\",\"@id\":\"https:\/\/clavreuil-wordpress.logiciel-arteo.fr\/#\/schema\/logo\/image\/\",\"url\":\"https:\/\/clavreuil-wordpress.logiciel-arteo.fr\/wp-content\/uploads\/2021\/05\/LOGO_PNG_DATE-_gold.png\",\"contentUrl\":\"https:\/\/clavreuil-wordpress.logiciel-arteo.fr\/wp-content\/uploads\/2021\/05\/LOGO_PNG_DATE-_gold.png\",\"width\":2083,\"height\":1917,\"caption\":\"Libairie Clavreuil\"},\"image\":{\"@id\":\"https:\/\/clavreuil-wordpress.logiciel-arteo.fr\/#\/schema\/logo\/image\/\"}}]}<\/script>\n<!-- \/ Yoast SEO plugin. -->","yoast_head_json":{"title":"DE BOEVE Richard. Trait\u00e9 pratique de l'\u00e9levage de tous les pigeons en g\u00e9n\u00e9ral d\u00e9crit et \u00e9dit\u00e9 sous les noms des 50 principaux colombophiles et aviculteurs fran\u00e7ais, belges, anglais, etc. contenant les descriptions de toutes les races de Pigeons Voyageurs et de fantaisie. - Libairie Clavreuil","robots":{"index":"noindex","follow":"follow","max-snippet":"max-snippet:-1","max-image-preview":"max-image-preview:large","max-video-preview":"max-video-preview:-1"},"og_locale":"en_US","og_type":"article","og_title":"DE BOEVE Richard. Trait\u00e9 pratique de l'\u00e9levage de tous les pigeons en g\u00e9n\u00e9ral d\u00e9crit et \u00e9dit\u00e9 sous les noms des 50 principaux colombophiles et aviculteurs fran\u00e7ais, belges, anglais, etc. contenant les descriptions de toutes les races de Pigeons Voyageurs et de fantaisie. - Libairie Clavreuil","og_description":"Large 8vo (269 x 169 mm) 153 pp., 5 illustrations by the author. Black buckram (contemporary binding).","og_url":"https:\/\/clavreuil-wordpress.logiciel-arteo.fr\/en\/traite-pratique-de-lelevage-de-tous-les-pigeons-en-general-decrit-et-edite-sous-les-noms-des-50-principaux-colombophiles-et-aviculteurs-francais-belges-anglais-etc-contenant-les-descriptions-de\/","og_site_name":"Libairie Clavreuil","article_modified_time":"2024-04-22T13:48:05+00:00","og_image":[{"width":1920,"height":2560,"url":"https:\/\/clavreuil-wordpress.logiciel-arteo.fr\/wp-content\/uploads\/2024\/04\/richard-de-boeve-traite-pratique-de-l-elevage-de-tous-les-pigeons-en-general-decrit-et-edite-sous-les-noms-des-50-principaux-colombophiles-et-aviculte-scaled.jpg","type":"image\/jpeg"}],"twitter_card":"summary_large_image","twitter_misc":{"Est. reading time":"1 minute"},"schema":{"@context":"https:\/\/schema.org","@graph":[{"@type":"WebPage","@id":"https:\/\/clavreuil-wordpress.logiciel-arteo.fr\/en\/traite-pratique-de-lelevage-de-tous-les-pigeons-en-general-decrit-et-edite-sous-les-noms-des-50-principaux-colombophiles-et-aviculteurs-francais-belges-anglais-etc-contenant-les-descriptions-de\/","url":"https:\/\/clavreuil-wordpress.logiciel-arteo.fr\/en\/traite-pratique-de-lelevage-de-tous-les-pigeons-en-general-decrit-et-edite-sous-les-noms-des-50-principaux-colombophiles-et-aviculteurs-francais-belges-anglais-etc-contenant-les-descriptions-de\/","name":"DE BOEVE Richard. Trait\u00e9 pratique de l'\u00e9levage de tous les pigeons en g\u00e9n\u00e9ral d\u00e9crit et \u00e9dit\u00e9 sous les noms des 50 principaux colombophiles et aviculteurs fran\u00e7ais, belges, anglais, etc. contenant les descriptions de toutes les races de Pigeons Voyageurs et de fantaisie. - Libairie Clavreuil","isPartOf":{"@id":"https:\/\/clavreuil-wordpress.logiciel-arteo.fr\/#website"},"primaryImageOfPage":{"@id":"https:\/\/clavreuil-wordpress.logiciel-arteo.fr\/en\/traite-pratique-de-lelevage-de-tous-les-pigeons-en-general-decrit-et-edite-sous-les-noms-des-50-principaux-colombophiles-et-aviculteurs-francais-belges-anglais-etc-contenant-les-descriptions-de\/#primaryimage"},"image":{"@id":"https:\/\/clavreuil-wordpress.logiciel-arteo.fr\/en\/traite-pratique-de-lelevage-de-tous-les-pigeons-en-general-decrit-et-edite-sous-les-noms-des-50-principaux-colombophiles-et-aviculteurs-francais-belges-anglais-etc-contenant-les-descriptions-de\/#primaryimage"},"thumbnailUrl":"https:\/\/clavreuil-wordpress.logiciel-arteo.fr\/wp-content\/uploads\/2024\/04\/richard-de-boeve-traite-pratique-de-l-elevage-de-tous-les-pigeons-en-general-decrit-et-edite-sous-les-noms-des-50-principaux-colombophiles-et-aviculte-scaled.jpg","datePublished":"2024-04-18T09:19:01+00:00","dateModified":"2024-04-22T13:48:05+00:00","breadcrumb":{"@id":"https:\/\/clavreuil-wordpress.logiciel-arteo.fr\/en\/traite-pratique-de-lelevage-de-tous-les-pigeons-en-general-decrit-et-edite-sous-les-noms-des-50-principaux-colombophiles-et-aviculteurs-francais-belges-anglais-etc-contenant-les-descriptions-de\/#breadcrumb"},"inLanguage":"en-US","potentialAction":[{"@type":"ReadAction","target":["https:\/\/clavreuil-wordpress.logiciel-arteo.fr\/en\/traite-pratique-de-lelevage-de-tous-les-pigeons-en-general-decrit-et-edite-sous-les-noms-des-50-principaux-colombophiles-et-aviculteurs-francais-belges-anglais-etc-contenant-les-descriptions-de\/"]}]},{"@type":"ImageObject","inLanguage":"en-US","@id":"https:\/\/clavreuil-wordpress.logiciel-arteo.fr\/en\/traite-pratique-de-lelevage-de-tous-les-pigeons-en-general-decrit-et-edite-sous-les-noms-des-50-principaux-colombophiles-et-aviculteurs-francais-belges-anglais-etc-contenant-les-descriptions-de\/#primaryimage","url":"https:\/\/clavreuil-wordpress.logiciel-arteo.fr\/wp-content\/uploads\/2024\/04\/richard-de-boeve-traite-pratique-de-l-elevage-de-tous-les-pigeons-en-general-decrit-et-edite-sous-les-noms-des-50-principaux-colombophiles-et-aviculte-scaled.jpg","contentUrl":"https:\/\/clavreuil-wordpress.logiciel-arteo.fr\/wp-content\/uploads\/2024\/04\/richard-de-boeve-traite-pratique-de-l-elevage-de-tous-les-pigeons-en-general-decrit-et-edite-sous-les-noms-des-50-principaux-colombophiles-et-aviculte-scaled.jpg","width":1920,"height":2560},{"@type":"BreadcrumbList","@id":"https:\/\/clavreuil-wordpress.logiciel-arteo.fr\/en\/traite-pratique-de-lelevage-de-tous-les-pigeons-en-general-decrit-et-edite-sous-les-noms-des-50-principaux-colombophiles-et-aviculteurs-francais-belges-anglais-etc-contenant-les-descriptions-de\/#breadcrumb","itemListElement":[{"@type":"ListItem","position":1,"name":"Accueil","item":"https:\/\/clavreuil-wordpress.logiciel-arteo.fr\/"},{"@type":"ListItem","position":2,"name":"All our books","item":"https:\/\/clavreuil-wordpress.logiciel-arteo.fr\/en\/all-our-books\/"},{"@type":"ListItem","position":3,"name":"DE BOEVE Richard. Trait\u00e9 pratique de l&#8217;\u00e9levage de..."}]},{"@type":"WebSite","@id":"https:\/\/clavreuil-wordpress.logiciel-arteo.fr\/#website","url":"https:\/\/clavreuil-wordpress.logiciel-arteo.fr\/","name":"Libairie Clavreuil","description":"","publisher":{"@id":"https:\/\/clavreuil-wordpress.logiciel-arteo.fr\/#organization"},"potentialAction":[{"@type":"SearchAction","target":{"@type":"EntryPoint","urlTemplate":"https:\/\/clavreuil-wordpress.logiciel-arteo.fr\/?s={search_term_string}"},"query-input":{"@type":"PropertyValueSpecification","valueRequired":true,"valueName":"search_term_string"}}],"inLanguage":"en-US"},{"@type":"Organization","@id":"https:\/\/clavreuil-wordpress.logiciel-arteo.fr\/#organization","name":"Libairie Clavreuil","url":"https:\/\/clavreuil-wordpress.logiciel-arteo.fr\/","logo":{"@type":"ImageObject","inLanguage":"en-US","@id":"https:\/\/clavreuil-wordpress.logiciel-arteo.fr\/#\/schema\/logo\/image\/","url":"https:\/\/clavreuil-wordpress.logiciel-arteo.fr\/wp-content\/uploads\/2021\/05\/LOGO_PNG_DATE-_gold.png","contentUrl":"https:\/\/clavreuil-wordpress.logiciel-arteo.fr\/wp-content\/uploads\/2021\/05\/LOGO_PNG_DATE-_gold.png","width":2083,"height":1917,"caption":"Libairie Clavreuil"},"image":{"@id":"https:\/\/clavreuil-wordpress.logiciel-arteo.fr\/#\/schema\/logo\/image\/"}}]}},"_links":{"self":[{"href":"https:\/\/clavreuil-wordpress.logiciel-arteo.fr\/en\/wp-json\/wp\/v2\/product\/72914","targetHints":{"allow":["GET"]}}],"collection":[{"href":"https:\/\/clavreuil-wordpress.logiciel-arteo.fr\/en\/wp-json\/wp\/v2\/product"}],"about":[{"href":"https:\/\/clavreuil-wordpress.logiciel-arteo.fr\/en\/wp-json\/wp\/v2\/types\/product"}],"replies":[{"embeddable":true,"href":"https:\/\/clavreuil-wordpress.logiciel-arteo.fr\/en\/wp-json\/wp\/v2\/comments?post=72914"}],"wp:featuredmedia":[{"embeddable":true,"href":"https:\/\/clavreuil-wordpress.logiciel-arteo.fr\/en\/wp-json\/wp\/v2\/media\/72911"}],"wp:attachment":[{"href":"https:\/\/clavreuil-wordpress.logiciel-arteo.fr\/en\/wp-json\/wp\/v2\/media?parent=72914"}],"wp:term":[{"taxonomy":"product_brand","embeddable":true,"href":"https:\/\/clavreuil-wordpress.logiciel-arteo.fr\/en\/wp-json\/wp\/v2\/product_brand?post=72914"},{"taxonomy":"product_cat","embeddable":true,"href":"https:\/\/clavreuil-wordpress.logiciel-arteo.fr\/en\/wp-json\/wp\/v2\/product_cat?post=72914"},{"taxonomy":"product_tag","embeddable":true,"href":"https:\/\/clavreuil-wordpress.logiciel-arteo.fr\/en\/wp-json\/wp\/v2\/product_tag?post=72914"}],"curies":[{"name":"wp","href":"https:\/\/api.w.org\/{rel}","templated":true}]}}