{"id":72968,"date":"2024-04-18T11:50:15","date_gmt":"2024-04-18T09:50:15","guid":{"rendered":"https:\/\/clavreuil-wordpress.logiciel-arteo.fr\/histoire-de-lastronomie-ancienne-seconde-edition-histoire-de-lastronomie-moderne-depuis-la-fondation-de-lecole-dalexandrie-jusqua-lepoque-de-m-d-cc-xxx-nouvelle-edition-bailly\/"},"modified":"2024-04-22T15:33:37","modified_gmt":"2024-04-22T13:33:37","slug":"histoire-de-lastronomie-ancienne-seconde-edition-histoire-de-lastronomie-moderne-depuis-la-fondation-de-lecole-dalexandrie-jusqua-lepoque-de-m-d-cc-xxx-nouvelle-edition-bailly","status":"publish","type":"product","link":"https:\/\/clavreuil-wordpress.logiciel-arteo.fr\/en\/histoire-de-lastronomie-ancienne-seconde-edition-histoire-de-lastronomie-moderne-depuis-la-fondation-de-lecole-dalexandrie-jusqua-lepoque-de-m-d-cc-xxx-nouvelle-edition-bailly\/","title":{"rendered":"BAILLY Histoire de l&#8217;astronomie ancienne. Seconde \u00e9dition. &#8211;..."},"content":{"rendered":"<p style=\"text-align:justify\"><em>Ferguson, I, 22-23.<\/em><\/p>\n<p style=\"text-align:justify\">Highly important edition of texts on astronomy.<\/p>\n<p style=\"text-align:justify\">The first volume contains notably the &quot;Liste des manuscrits orientaux concernant l&#039;astronomie, qui se trouvent dans quelques-unes des principales biblioth&egrave;ques de l&#039;Europe&quot;.<\/p>\n<p style=\"text-align:justify\">&quot;Having moved to his father&#039;s house in Chaillot; Bailly (1736-1793) turned his attention to literary pursuits. These were given direction by his scientific activity as shown in the four-volume history of astronomy that he published between 1775 and 1782. These tomes represent his most lasting achievement and were responsible for additional honors. In 1783 he was elected to the Acad&eacute;mie Fran&ccedil;aise, and two years later he was named to the Acad&eacute;mie des Inscriptions et Belles Lettres. This made him a triple academician, the only Frenchman besides Bernard de Fontenelle to achieve his distinction&quot; (D.S.B.).<\/p>\n<p style=\"text-align:justify\">Fine copy, nicely bound.<\/p>\n","protected":false},"excerpt":{"rendered":"<p style=\"text-align:justify\">4 volumes, 4to (251 x 189 mm). Astronomie moderne : XVI, 728 pp., 13 engraved plates for volume I ; 2 unn.ll., 751 pp., 5 engraved plates for volume II; 2 unn.ll., 415 pp. for volume III. Astronomie ancienne : XXIV, 527 pp., 3 engraved plates . Contemporary marbled sheep, gilt filet on covers, spine labels in red and black.<\/p>\n","protected":false},"featured_media":72963,"comment_status":"open","ping_status":"closed","template":"","meta":{"_acf_changed":false},"product_brand":[],"product_cat":[550],"product_tag":[1316],"class_list":{"0":"post-72968","1":"product","2":"type-product","3":"status-publish","4":"has-post-thumbnail","6":"product_cat-science","7":"product_tag-astronomy","8":"pa_auteur-bailly-2","9":"pa_type-de-livre-printed-book","11":"first","12":"instock","13":"shipping-taxable","14":"purchasable","15":"product-type-simple"},"acf":[],"yoast_head":"<!-- This site is optimized with the Yoast SEO plugin v24.3 - https:\/\/yoast.com\/wordpress\/plugins\/seo\/ -->\n<title>BAILLY  Histoire de l&#039;astronomie ancienne. Seconde \u00e9dition. - Histoire de l&#039;astronomie moderne depuis la fondation de l&#039;\u00e9cole d&#039;Alexandrie jusqu&#039;\u00e0 l&#039;\u00e9poque de M.D.CC.XXX. Nouvelle \u00e9dition. - Libairie Clavreuil<\/title>\n<meta name=\"robots\" content=\"noindex, follow, max-snippet:-1, max-image-preview:large, max-video-preview:-1\" \/>\n<meta property=\"og:locale\" content=\"en_US\" \/>\n<meta property=\"og:type\" content=\"article\" \/>\n<meta property=\"og:title\" content=\"BAILLY  Histoire de l&#039;astronomie ancienne. Seconde \u00e9dition. - Histoire de l&#039;astronomie moderne depuis la fondation de l&#039;\u00e9cole d&#039;Alexandrie jusqu&#039;\u00e0 l&#039;\u00e9poque de M.D.CC.XXX. Nouvelle \u00e9dition. - Libairie Clavreuil\" \/>\n<meta property=\"og:description\" content=\"4 volumes, 4to (251 x 189 mm). Astronomie moderne : XVI, 728 pp., 13 engraved plates for volume I ; 2 unn.ll., 751 pp., 5 engraved plates for volume II; 2 unn.ll., 415 pp. for volume III. Astronomie ancienne : XXIV, 527 pp., 3 engraved plates . Contemporary marbled sheep, gilt filet on covers, spine labels in red and black.\" \/>\n<meta property=\"og:url\" content=\"https:\/\/clavreuil-wordpress.logiciel-arteo.fr\/en\/histoire-de-lastronomie-ancienne-seconde-edition-histoire-de-lastronomie-moderne-depuis-la-fondation-de-lecole-dalexandrie-jusqua-lepoque-de-m-d-cc-xxx-nouvelle-edition-bailly\/\" \/>\n<meta property=\"og:site_name\" content=\"Libairie Clavreuil\" \/>\n<meta property=\"article:modified_time\" content=\"2024-04-22T13:33:37+00:00\" \/>\n<meta property=\"og:image\" content=\"https:\/\/clavreuil-wordpress.logiciel-arteo.fr\/wp-content\/uploads\/2024\/04\/bailly-histoire-de-l-astronomie-ancienne-seconde-edition-histoire-de-l-astronomie-moderne-depuis-la-fondation-de-l-ecole-d-alexandrie-jusqu-a-l-epoque-scaled.jpg\" \/>\n\t<meta property=\"og:image:width\" content=\"1920\" \/>\n\t<meta property=\"og:image:height\" content=\"2560\" \/>\n\t<meta property=\"og:image:type\" content=\"image\/jpeg\" \/>\n<meta name=\"twitter:card\" content=\"summary_large_image\" \/>\n<meta name=\"twitter:label1\" content=\"Est. reading time\" \/>\n\t<meta name=\"twitter:data1\" content=\"1 minute\" \/>\n<script type=\"application\/ld+json\" class=\"yoast-schema-graph\">{\"@context\":\"https:\/\/schema.org\",\"@graph\":[{\"@type\":\"WebPage\",\"@id\":\"https:\/\/clavreuil-wordpress.logiciel-arteo.fr\/en\/histoire-de-lastronomie-ancienne-seconde-edition-histoire-de-lastronomie-moderne-depuis-la-fondation-de-lecole-dalexandrie-jusqua-lepoque-de-m-d-cc-xxx-nouvelle-edition-bailly\/\",\"url\":\"https:\/\/clavreuil-wordpress.logiciel-arteo.fr\/en\/histoire-de-lastronomie-ancienne-seconde-edition-histoire-de-lastronomie-moderne-depuis-la-fondation-de-lecole-dalexandrie-jusqua-lepoque-de-m-d-cc-xxx-nouvelle-edition-bailly\/\",\"name\":\"BAILLY Histoire de l'astronomie ancienne. Seconde \u00e9dition. - Histoire de l'astronomie moderne depuis la fondation de l'\u00e9cole d'Alexandrie jusqu'\u00e0 l'\u00e9poque de M.D.CC.XXX. Nouvelle \u00e9dition. - Libairie Clavreuil\",\"isPartOf\":{\"@id\":\"https:\/\/clavreuil-wordpress.logiciel-arteo.fr\/#website\"},\"primaryImageOfPage\":{\"@id\":\"https:\/\/clavreuil-wordpress.logiciel-arteo.fr\/en\/histoire-de-lastronomie-ancienne-seconde-edition-histoire-de-lastronomie-moderne-depuis-la-fondation-de-lecole-dalexandrie-jusqua-lepoque-de-m-d-cc-xxx-nouvelle-edition-bailly\/#primaryimage\"},\"image\":{\"@id\":\"https:\/\/clavreuil-wordpress.logiciel-arteo.fr\/en\/histoire-de-lastronomie-ancienne-seconde-edition-histoire-de-lastronomie-moderne-depuis-la-fondation-de-lecole-dalexandrie-jusqua-lepoque-de-m-d-cc-xxx-nouvelle-edition-bailly\/#primaryimage\"},\"thumbnailUrl\":\"https:\/\/clavreuil-wordpress.logiciel-arteo.fr\/wp-content\/uploads\/2024\/04\/bailly-histoire-de-l-astronomie-ancienne-seconde-edition-histoire-de-l-astronomie-moderne-depuis-la-fondation-de-l-ecole-d-alexandrie-jusqu-a-l-epoque-scaled.jpg\",\"datePublished\":\"2024-04-18T09:50:15+00:00\",\"dateModified\":\"2024-04-22T13:33:37+00:00\",\"breadcrumb\":{\"@id\":\"https:\/\/clavreuil-wordpress.logiciel-arteo.fr\/en\/histoire-de-lastronomie-ancienne-seconde-edition-histoire-de-lastronomie-moderne-depuis-la-fondation-de-lecole-dalexandrie-jusqua-lepoque-de-m-d-cc-xxx-nouvelle-edition-bailly\/#breadcrumb\"},\"inLanguage\":\"en-US\",\"potentialAction\":[{\"@type\":\"ReadAction\",\"target\":[\"https:\/\/clavreuil-wordpress.logiciel-arteo.fr\/en\/histoire-de-lastronomie-ancienne-seconde-edition-histoire-de-lastronomie-moderne-depuis-la-fondation-de-lecole-dalexandrie-jusqua-lepoque-de-m-d-cc-xxx-nouvelle-edition-bailly\/\"]}]},{\"@type\":\"ImageObject\",\"inLanguage\":\"en-US\",\"@id\":\"https:\/\/clavreuil-wordpress.logiciel-arteo.fr\/en\/histoire-de-lastronomie-ancienne-seconde-edition-histoire-de-lastronomie-moderne-depuis-la-fondation-de-lecole-dalexandrie-jusqua-lepoque-de-m-d-cc-xxx-nouvelle-edition-bailly\/#primaryimage\",\"url\":\"https:\/\/clavreuil-wordpress.logiciel-arteo.fr\/wp-content\/uploads\/2024\/04\/bailly-histoire-de-l-astronomie-ancienne-seconde-edition-histoire-de-l-astronomie-moderne-depuis-la-fondation-de-l-ecole-d-alexandrie-jusqu-a-l-epoque-scaled.jpg\",\"contentUrl\":\"https:\/\/clavreuil-wordpress.logiciel-arteo.fr\/wp-content\/uploads\/2024\/04\/bailly-histoire-de-l-astronomie-ancienne-seconde-edition-histoire-de-l-astronomie-moderne-depuis-la-fondation-de-l-ecole-d-alexandrie-jusqu-a-l-epoque-scaled.jpg\",\"width\":1920,\"height\":2560},{\"@type\":\"BreadcrumbList\",\"@id\":\"https:\/\/clavreuil-wordpress.logiciel-arteo.fr\/en\/histoire-de-lastronomie-ancienne-seconde-edition-histoire-de-lastronomie-moderne-depuis-la-fondation-de-lecole-dalexandrie-jusqua-lepoque-de-m-d-cc-xxx-nouvelle-edition-bailly\/#breadcrumb\",\"itemListElement\":[{\"@type\":\"ListItem\",\"position\":1,\"name\":\"Accueil\",\"item\":\"https:\/\/clavreuil-wordpress.logiciel-arteo.fr\/\"},{\"@type\":\"ListItem\",\"position\":2,\"name\":\"All our books\",\"item\":\"https:\/\/clavreuil-wordpress.logiciel-arteo.fr\/en\/all-our-books\/\"},{\"@type\":\"ListItem\",\"position\":3,\"name\":\"BAILLY Histoire de l&#8217;astronomie ancienne. Seconde \u00e9dition. &#8211;...\"}]},{\"@type\":\"WebSite\",\"@id\":\"https:\/\/clavreuil-wordpress.logiciel-arteo.fr\/#website\",\"url\":\"https:\/\/clavreuil-wordpress.logiciel-arteo.fr\/\",\"name\":\"Libairie Clavreuil\",\"description\":\"\",\"publisher\":{\"@id\":\"https:\/\/clavreuil-wordpress.logiciel-arteo.fr\/#organization\"},\"potentialAction\":[{\"@type\":\"SearchAction\",\"target\":{\"@type\":\"EntryPoint\",\"urlTemplate\":\"https:\/\/clavreuil-wordpress.logiciel-arteo.fr\/?s={search_term_string}\"},\"query-input\":{\"@type\":\"PropertyValueSpecification\",\"valueRequired\":true,\"valueName\":\"search_term_string\"}}],\"inLanguage\":\"en-US\"},{\"@type\":\"Organization\",\"@id\":\"https:\/\/clavreuil-wordpress.logiciel-arteo.fr\/#organization\",\"name\":\"Libairie Clavreuil\",\"url\":\"https:\/\/clavreuil-wordpress.logiciel-arteo.fr\/\",\"logo\":{\"@type\":\"ImageObject\",\"inLanguage\":\"en-US\",\"@id\":\"https:\/\/clavreuil-wordpress.logiciel-arteo.fr\/#\/schema\/logo\/image\/\",\"url\":\"https:\/\/clavreuil-wordpress.logiciel-arteo.fr\/wp-content\/uploads\/2021\/05\/LOGO_PNG_DATE-_gold.png\",\"contentUrl\":\"https:\/\/clavreuil-wordpress.logiciel-arteo.fr\/wp-content\/uploads\/2021\/05\/LOGO_PNG_DATE-_gold.png\",\"width\":2083,\"height\":1917,\"caption\":\"Libairie Clavreuil\"},\"image\":{\"@id\":\"https:\/\/clavreuil-wordpress.logiciel-arteo.fr\/#\/schema\/logo\/image\/\"}}]}<\/script>\n<!-- \/ Yoast SEO plugin. -->","yoast_head_json":{"title":"BAILLY  Histoire de l'astronomie ancienne. Seconde \u00e9dition. - Histoire de l'astronomie moderne depuis la fondation de l'\u00e9cole d'Alexandrie jusqu'\u00e0 l'\u00e9poque de M.D.CC.XXX. Nouvelle \u00e9dition. - Libairie Clavreuil","robots":{"index":"noindex","follow":"follow","max-snippet":"max-snippet:-1","max-image-preview":"max-image-preview:large","max-video-preview":"max-video-preview:-1"},"og_locale":"en_US","og_type":"article","og_title":"BAILLY  Histoire de l'astronomie ancienne. Seconde \u00e9dition. - Histoire de l'astronomie moderne depuis la fondation de l'\u00e9cole d'Alexandrie jusqu'\u00e0 l'\u00e9poque de M.D.CC.XXX. Nouvelle \u00e9dition. - Libairie Clavreuil","og_description":"4 volumes, 4to (251 x 189 mm). Astronomie moderne : XVI, 728 pp., 13 engraved plates for volume I ; 2 unn.ll., 751 pp., 5 engraved plates for volume II; 2 unn.ll., 415 pp. for volume III. Astronomie ancienne : XXIV, 527 pp., 3 engraved plates . Contemporary marbled sheep, gilt filet on covers, spine labels in red and black.","og_url":"https:\/\/clavreuil-wordpress.logiciel-arteo.fr\/en\/histoire-de-lastronomie-ancienne-seconde-edition-histoire-de-lastronomie-moderne-depuis-la-fondation-de-lecole-dalexandrie-jusqua-lepoque-de-m-d-cc-xxx-nouvelle-edition-bailly\/","og_site_name":"Libairie Clavreuil","article_modified_time":"2024-04-22T13:33:37+00:00","og_image":[{"width":1920,"height":2560,"url":"https:\/\/clavreuil-wordpress.logiciel-arteo.fr\/wp-content\/uploads\/2024\/04\/bailly-histoire-de-l-astronomie-ancienne-seconde-edition-histoire-de-l-astronomie-moderne-depuis-la-fondation-de-l-ecole-d-alexandrie-jusqu-a-l-epoque-scaled.jpg","type":"image\/jpeg"}],"twitter_card":"summary_large_image","twitter_misc":{"Est. reading time":"1 minute"},"schema":{"@context":"https:\/\/schema.org","@graph":[{"@type":"WebPage","@id":"https:\/\/clavreuil-wordpress.logiciel-arteo.fr\/en\/histoire-de-lastronomie-ancienne-seconde-edition-histoire-de-lastronomie-moderne-depuis-la-fondation-de-lecole-dalexandrie-jusqua-lepoque-de-m-d-cc-xxx-nouvelle-edition-bailly\/","url":"https:\/\/clavreuil-wordpress.logiciel-arteo.fr\/en\/histoire-de-lastronomie-ancienne-seconde-edition-histoire-de-lastronomie-moderne-depuis-la-fondation-de-lecole-dalexandrie-jusqua-lepoque-de-m-d-cc-xxx-nouvelle-edition-bailly\/","name":"BAILLY Histoire de l'astronomie ancienne. Seconde \u00e9dition. - Histoire de l'astronomie moderne depuis la fondation de l'\u00e9cole d'Alexandrie jusqu'\u00e0 l'\u00e9poque de M.D.CC.XXX. Nouvelle \u00e9dition. - Libairie Clavreuil","isPartOf":{"@id":"https:\/\/clavreuil-wordpress.logiciel-arteo.fr\/#website"},"primaryImageOfPage":{"@id":"https:\/\/clavreuil-wordpress.logiciel-arteo.fr\/en\/histoire-de-lastronomie-ancienne-seconde-edition-histoire-de-lastronomie-moderne-depuis-la-fondation-de-lecole-dalexandrie-jusqua-lepoque-de-m-d-cc-xxx-nouvelle-edition-bailly\/#primaryimage"},"image":{"@id":"https:\/\/clavreuil-wordpress.logiciel-arteo.fr\/en\/histoire-de-lastronomie-ancienne-seconde-edition-histoire-de-lastronomie-moderne-depuis-la-fondation-de-lecole-dalexandrie-jusqua-lepoque-de-m-d-cc-xxx-nouvelle-edition-bailly\/#primaryimage"},"thumbnailUrl":"https:\/\/clavreuil-wordpress.logiciel-arteo.fr\/wp-content\/uploads\/2024\/04\/bailly-histoire-de-l-astronomie-ancienne-seconde-edition-histoire-de-l-astronomie-moderne-depuis-la-fondation-de-l-ecole-d-alexandrie-jusqu-a-l-epoque-scaled.jpg","datePublished":"2024-04-18T09:50:15+00:00","dateModified":"2024-04-22T13:33:37+00:00","breadcrumb":{"@id":"https:\/\/clavreuil-wordpress.logiciel-arteo.fr\/en\/histoire-de-lastronomie-ancienne-seconde-edition-histoire-de-lastronomie-moderne-depuis-la-fondation-de-lecole-dalexandrie-jusqua-lepoque-de-m-d-cc-xxx-nouvelle-edition-bailly\/#breadcrumb"},"inLanguage":"en-US","potentialAction":[{"@type":"ReadAction","target":["https:\/\/clavreuil-wordpress.logiciel-arteo.fr\/en\/histoire-de-lastronomie-ancienne-seconde-edition-histoire-de-lastronomie-moderne-depuis-la-fondation-de-lecole-dalexandrie-jusqua-lepoque-de-m-d-cc-xxx-nouvelle-edition-bailly\/"]}]},{"@type":"ImageObject","inLanguage":"en-US","@id":"https:\/\/clavreuil-wordpress.logiciel-arteo.fr\/en\/histoire-de-lastronomie-ancienne-seconde-edition-histoire-de-lastronomie-moderne-depuis-la-fondation-de-lecole-dalexandrie-jusqua-lepoque-de-m-d-cc-xxx-nouvelle-edition-bailly\/#primaryimage","url":"https:\/\/clavreuil-wordpress.logiciel-arteo.fr\/wp-content\/uploads\/2024\/04\/bailly-histoire-de-l-astronomie-ancienne-seconde-edition-histoire-de-l-astronomie-moderne-depuis-la-fondation-de-l-ecole-d-alexandrie-jusqu-a-l-epoque-scaled.jpg","contentUrl":"https:\/\/clavreuil-wordpress.logiciel-arteo.fr\/wp-content\/uploads\/2024\/04\/bailly-histoire-de-l-astronomie-ancienne-seconde-edition-histoire-de-l-astronomie-moderne-depuis-la-fondation-de-l-ecole-d-alexandrie-jusqu-a-l-epoque-scaled.jpg","width":1920,"height":2560},{"@type":"BreadcrumbList","@id":"https:\/\/clavreuil-wordpress.logiciel-arteo.fr\/en\/histoire-de-lastronomie-ancienne-seconde-edition-histoire-de-lastronomie-moderne-depuis-la-fondation-de-lecole-dalexandrie-jusqua-lepoque-de-m-d-cc-xxx-nouvelle-edition-bailly\/#breadcrumb","itemListElement":[{"@type":"ListItem","position":1,"name":"Accueil","item":"https:\/\/clavreuil-wordpress.logiciel-arteo.fr\/"},{"@type":"ListItem","position":2,"name":"All our books","item":"https:\/\/clavreuil-wordpress.logiciel-arteo.fr\/en\/all-our-books\/"},{"@type":"ListItem","position":3,"name":"BAILLY Histoire de l&#8217;astronomie ancienne. Seconde \u00e9dition. &#8211;..."}]},{"@type":"WebSite","@id":"https:\/\/clavreuil-wordpress.logiciel-arteo.fr\/#website","url":"https:\/\/clavreuil-wordpress.logiciel-arteo.fr\/","name":"Libairie Clavreuil","description":"","publisher":{"@id":"https:\/\/clavreuil-wordpress.logiciel-arteo.fr\/#organization"},"potentialAction":[{"@type":"SearchAction","target":{"@type":"EntryPoint","urlTemplate":"https:\/\/clavreuil-wordpress.logiciel-arteo.fr\/?s={search_term_string}"},"query-input":{"@type":"PropertyValueSpecification","valueRequired":true,"valueName":"search_term_string"}}],"inLanguage":"en-US"},{"@type":"Organization","@id":"https:\/\/clavreuil-wordpress.logiciel-arteo.fr\/#organization","name":"Libairie Clavreuil","url":"https:\/\/clavreuil-wordpress.logiciel-arteo.fr\/","logo":{"@type":"ImageObject","inLanguage":"en-US","@id":"https:\/\/clavreuil-wordpress.logiciel-arteo.fr\/#\/schema\/logo\/image\/","url":"https:\/\/clavreuil-wordpress.logiciel-arteo.fr\/wp-content\/uploads\/2021\/05\/LOGO_PNG_DATE-_gold.png","contentUrl":"https:\/\/clavreuil-wordpress.logiciel-arteo.fr\/wp-content\/uploads\/2021\/05\/LOGO_PNG_DATE-_gold.png","width":2083,"height":1917,"caption":"Libairie Clavreuil"},"image":{"@id":"https:\/\/clavreuil-wordpress.logiciel-arteo.fr\/#\/schema\/logo\/image\/"}}]}},"_links":{"self":[{"href":"https:\/\/clavreuil-wordpress.logiciel-arteo.fr\/en\/wp-json\/wp\/v2\/product\/72968","targetHints":{"allow":["GET"]}}],"collection":[{"href":"https:\/\/clavreuil-wordpress.logiciel-arteo.fr\/en\/wp-json\/wp\/v2\/product"}],"about":[{"href":"https:\/\/clavreuil-wordpress.logiciel-arteo.fr\/en\/wp-json\/wp\/v2\/types\/product"}],"replies":[{"embeddable":true,"href":"https:\/\/clavreuil-wordpress.logiciel-arteo.fr\/en\/wp-json\/wp\/v2\/comments?post=72968"}],"wp:featuredmedia":[{"embeddable":true,"href":"https:\/\/clavreuil-wordpress.logiciel-arteo.fr\/en\/wp-json\/wp\/v2\/media\/72963"}],"wp:attachment":[{"href":"https:\/\/clavreuil-wordpress.logiciel-arteo.fr\/en\/wp-json\/wp\/v2\/media?parent=72968"}],"wp:term":[{"taxonomy":"product_brand","embeddable":true,"href":"https:\/\/clavreuil-wordpress.logiciel-arteo.fr\/en\/wp-json\/wp\/v2\/product_brand?post=72968"},{"taxonomy":"product_cat","embeddable":true,"href":"https:\/\/clavreuil-wordpress.logiciel-arteo.fr\/en\/wp-json\/wp\/v2\/product_cat?post=72968"},{"taxonomy":"product_tag","embeddable":true,"href":"https:\/\/clavreuil-wordpress.logiciel-arteo.fr\/en\/wp-json\/wp\/v2\/product_tag?post=72968"}],"curies":[{"name":"wp","href":"https:\/\/api.w.org\/{rel}","templated":true}]}}