{"id":73127,"date":"2024-04-18T12:49:30","date_gmt":"2024-04-18T10:49:30","guid":{"rendered":"https:\/\/clavreuil-wordpress.logiciel-arteo.fr\/traite-de-lhorlogerie-mechanique-et-pratique-approuve-par-lacademie-royale-des-sciences-thiout-laine\/"},"modified":"2024-04-22T15:16:32","modified_gmt":"2024-04-22T13:16:32","slug":"traite-de-lhorlogerie-mechanique-et-pratique-approuve-par-lacademie-royale-des-sciences-thiout-laine","status":"publish","type":"product","link":"https:\/\/clavreuil-wordpress.logiciel-arteo.fr\/en\/traite-de-lhorlogerie-mechanique-et-pratique-approuve-par-lacademie-royale-des-sciences-thiout-laine\/","title":{"rendered":"THIOUT l&#8217;a\u00een\u00e9 Trait\u00e9 de l&#8217;horlogerie m\u00e9chanique et pratique,..."},"content":{"rendered":"<p><em>Poggendorff, II, 1095.<\/em><\/p>\n<p>First edition.<\/p>\n<p>One of the principal works on 18th century clock making, abundantly illustrated with 91 engraved folding plates including a verge escapement powered by a spring encased in a barrel, and a regulation based on a cone-shaped fuse. The work by the Parisian master clock maker is dedicated to the Duke of Orleans<\/p>\n<p>The privilege is signed by Thiout himself.<\/p>\n<p>Some occasional foxing, some light restorations to the bindings.<\/p>\n","protected":false},"excerpt":{"rendered":"<p>2 volumes, 4to (247 x 190 mm) 13 unn.ll., 175 pp., 1 nn.l., 50 engraved plates for volume I; 1 un.l., pp. 178 to 400, 41 engraved plates for volume II. Contemporary calf, spine gilt with raised bands, red edges (some expert restorations to spine and hinges).<\/p>\n","protected":false},"featured_media":73118,"comment_status":"open","ping_status":"closed","template":"","meta":{"_acf_changed":false},"product_brand":[],"product_cat":[550],"product_tag":[1264,1329,1318],"class_list":{"0":"post-73127","1":"product","2":"type-product","3":"status-publish","4":"has-post-thumbnail","6":"product_cat-science","7":"product_tag-inscription","8":"product_tag-technology","9":"product_tag-watchmaking","10":"pa_auteur-thiout-laine-2","11":"pa_type-de-livre-printed-book","13":"first","14":"instock","15":"shipping-taxable","16":"purchasable","17":"product-type-simple"},"acf":[],"yoast_head":"<!-- This site is optimized with the Yoast SEO plugin v24.3 - https:\/\/yoast.com\/wordpress\/plugins\/seo\/ -->\n<title>THIOUT l&#039;a\u00een\u00e9  Trait\u00e9 de l&#039;horlogerie m\u00e9chanique et pratique, approuv\u00e9 par l&#039;Acad\u00e9mie royale des Sciences. - Libairie Clavreuil<\/title>\n<meta name=\"robots\" content=\"noindex, follow, max-snippet:-1, max-image-preview:large, max-video-preview:-1\" \/>\n<meta property=\"og:locale\" content=\"en_US\" \/>\n<meta property=\"og:type\" content=\"article\" \/>\n<meta property=\"og:title\" content=\"THIOUT l&#039;a\u00een\u00e9  Trait\u00e9 de l&#039;horlogerie m\u00e9chanique et pratique, approuv\u00e9 par l&#039;Acad\u00e9mie royale des Sciences. - Libairie Clavreuil\" \/>\n<meta property=\"og:description\" content=\"2 volumes, 4to (247 x 190 mm) 13 unn.ll., 175 pp., 1 nn.l., 50 engraved plates for volume I; 1 un.l., pp. 178 to 400, 41 engraved plates for volume II. Contemporary calf, spine gilt with raised bands, red edges (some expert restorations to spine and hinges).\" \/>\n<meta property=\"og:url\" content=\"https:\/\/clavreuil-wordpress.logiciel-arteo.fr\/en\/traite-de-lhorlogerie-mechanique-et-pratique-approuve-par-lacademie-royale-des-sciences-thiout-laine\/\" \/>\n<meta property=\"og:site_name\" content=\"Libairie Clavreuil\" \/>\n<meta property=\"article:modified_time\" content=\"2024-04-22T13:16:32+00:00\" \/>\n<meta property=\"og:image\" content=\"https:\/\/clavreuil-wordpress.logiciel-arteo.fr\/wp-content\/uploads\/2024\/04\/thiout-l-aine-traite-de-l-horlogerie-mechanique-et-pratique-approuve-par-l-academie-royale-des-sciences-3309-65841c83c0a25-scaled.jpg\" \/>\n\t<meta property=\"og:image:width\" content=\"1920\" \/>\n\t<meta property=\"og:image:height\" content=\"2560\" \/>\n\t<meta property=\"og:image:type\" content=\"image\/jpeg\" \/>\n<meta name=\"twitter:card\" content=\"summary_large_image\" \/>\n<script type=\"application\/ld+json\" class=\"yoast-schema-graph\">{\"@context\":\"https:\/\/schema.org\",\"@graph\":[{\"@type\":\"WebPage\",\"@id\":\"https:\/\/clavreuil-wordpress.logiciel-arteo.fr\/en\/traite-de-lhorlogerie-mechanique-et-pratique-approuve-par-lacademie-royale-des-sciences-thiout-laine\/\",\"url\":\"https:\/\/clavreuil-wordpress.logiciel-arteo.fr\/en\/traite-de-lhorlogerie-mechanique-et-pratique-approuve-par-lacademie-royale-des-sciences-thiout-laine\/\",\"name\":\"THIOUT l'a\u00een\u00e9 Trait\u00e9 de l'horlogerie m\u00e9chanique et pratique, approuv\u00e9 par l'Acad\u00e9mie royale des Sciences. - Libairie Clavreuil\",\"isPartOf\":{\"@id\":\"https:\/\/clavreuil-wordpress.logiciel-arteo.fr\/#website\"},\"primaryImageOfPage\":{\"@id\":\"https:\/\/clavreuil-wordpress.logiciel-arteo.fr\/en\/traite-de-lhorlogerie-mechanique-et-pratique-approuve-par-lacademie-royale-des-sciences-thiout-laine\/#primaryimage\"},\"image\":{\"@id\":\"https:\/\/clavreuil-wordpress.logiciel-arteo.fr\/en\/traite-de-lhorlogerie-mechanique-et-pratique-approuve-par-lacademie-royale-des-sciences-thiout-laine\/#primaryimage\"},\"thumbnailUrl\":\"https:\/\/clavreuil-wordpress.logiciel-arteo.fr\/wp-content\/uploads\/2024\/04\/thiout-l-aine-traite-de-l-horlogerie-mechanique-et-pratique-approuve-par-l-academie-royale-des-sciences-3309-65841c83c0a25-scaled.jpg\",\"datePublished\":\"2024-04-18T10:49:30+00:00\",\"dateModified\":\"2024-04-22T13:16:32+00:00\",\"breadcrumb\":{\"@id\":\"https:\/\/clavreuil-wordpress.logiciel-arteo.fr\/en\/traite-de-lhorlogerie-mechanique-et-pratique-approuve-par-lacademie-royale-des-sciences-thiout-laine\/#breadcrumb\"},\"inLanguage\":\"en-US\",\"potentialAction\":[{\"@type\":\"ReadAction\",\"target\":[\"https:\/\/clavreuil-wordpress.logiciel-arteo.fr\/en\/traite-de-lhorlogerie-mechanique-et-pratique-approuve-par-lacademie-royale-des-sciences-thiout-laine\/\"]}]},{\"@type\":\"ImageObject\",\"inLanguage\":\"en-US\",\"@id\":\"https:\/\/clavreuil-wordpress.logiciel-arteo.fr\/en\/traite-de-lhorlogerie-mechanique-et-pratique-approuve-par-lacademie-royale-des-sciences-thiout-laine\/#primaryimage\",\"url\":\"https:\/\/clavreuil-wordpress.logiciel-arteo.fr\/wp-content\/uploads\/2024\/04\/thiout-l-aine-traite-de-l-horlogerie-mechanique-et-pratique-approuve-par-l-academie-royale-des-sciences-3309-65841c83c0a25-scaled.jpg\",\"contentUrl\":\"https:\/\/clavreuil-wordpress.logiciel-arteo.fr\/wp-content\/uploads\/2024\/04\/thiout-l-aine-traite-de-l-horlogerie-mechanique-et-pratique-approuve-par-l-academie-royale-des-sciences-3309-65841c83c0a25-scaled.jpg\",\"width\":1920,\"height\":2560},{\"@type\":\"BreadcrumbList\",\"@id\":\"https:\/\/clavreuil-wordpress.logiciel-arteo.fr\/en\/traite-de-lhorlogerie-mechanique-et-pratique-approuve-par-lacademie-royale-des-sciences-thiout-laine\/#breadcrumb\",\"itemListElement\":[{\"@type\":\"ListItem\",\"position\":1,\"name\":\"Accueil\",\"item\":\"https:\/\/clavreuil-wordpress.logiciel-arteo.fr\/\"},{\"@type\":\"ListItem\",\"position\":2,\"name\":\"All our books\",\"item\":\"https:\/\/clavreuil-wordpress.logiciel-arteo.fr\/en\/all-our-books\/\"},{\"@type\":\"ListItem\",\"position\":3,\"name\":\"THIOUT l&#8217;a\u00een\u00e9 Trait\u00e9 de l&#8217;horlogerie m\u00e9chanique et pratique,...\"}]},{\"@type\":\"WebSite\",\"@id\":\"https:\/\/clavreuil-wordpress.logiciel-arteo.fr\/#website\",\"url\":\"https:\/\/clavreuil-wordpress.logiciel-arteo.fr\/\",\"name\":\"Libairie Clavreuil\",\"description\":\"\",\"publisher\":{\"@id\":\"https:\/\/clavreuil-wordpress.logiciel-arteo.fr\/#organization\"},\"potentialAction\":[{\"@type\":\"SearchAction\",\"target\":{\"@type\":\"EntryPoint\",\"urlTemplate\":\"https:\/\/clavreuil-wordpress.logiciel-arteo.fr\/?s={search_term_string}\"},\"query-input\":{\"@type\":\"PropertyValueSpecification\",\"valueRequired\":true,\"valueName\":\"search_term_string\"}}],\"inLanguage\":\"en-US\"},{\"@type\":\"Organization\",\"@id\":\"https:\/\/clavreuil-wordpress.logiciel-arteo.fr\/#organization\",\"name\":\"Libairie Clavreuil\",\"url\":\"https:\/\/clavreuil-wordpress.logiciel-arteo.fr\/\",\"logo\":{\"@type\":\"ImageObject\",\"inLanguage\":\"en-US\",\"@id\":\"https:\/\/clavreuil-wordpress.logiciel-arteo.fr\/#\/schema\/logo\/image\/\",\"url\":\"https:\/\/clavreuil-wordpress.logiciel-arteo.fr\/wp-content\/uploads\/2021\/05\/LOGO_PNG_DATE-_gold.png\",\"contentUrl\":\"https:\/\/clavreuil-wordpress.logiciel-arteo.fr\/wp-content\/uploads\/2021\/05\/LOGO_PNG_DATE-_gold.png\",\"width\":2083,\"height\":1917,\"caption\":\"Libairie Clavreuil\"},\"image\":{\"@id\":\"https:\/\/clavreuil-wordpress.logiciel-arteo.fr\/#\/schema\/logo\/image\/\"}}]}<\/script>\n<!-- \/ Yoast SEO plugin. -->","yoast_head_json":{"title":"THIOUT l'a\u00een\u00e9  Trait\u00e9 de l'horlogerie m\u00e9chanique et pratique, approuv\u00e9 par l'Acad\u00e9mie royale des Sciences. - Libairie Clavreuil","robots":{"index":"noindex","follow":"follow","max-snippet":"max-snippet:-1","max-image-preview":"max-image-preview:large","max-video-preview":"max-video-preview:-1"},"og_locale":"en_US","og_type":"article","og_title":"THIOUT l'a\u00een\u00e9  Trait\u00e9 de l'horlogerie m\u00e9chanique et pratique, approuv\u00e9 par l'Acad\u00e9mie royale des Sciences. - Libairie Clavreuil","og_description":"2 volumes, 4to (247 x 190 mm) 13 unn.ll., 175 pp., 1 nn.l., 50 engraved plates for volume I; 1 un.l., pp. 178 to 400, 41 engraved plates for volume II. Contemporary calf, spine gilt with raised bands, red edges (some expert restorations to spine and hinges).","og_url":"https:\/\/clavreuil-wordpress.logiciel-arteo.fr\/en\/traite-de-lhorlogerie-mechanique-et-pratique-approuve-par-lacademie-royale-des-sciences-thiout-laine\/","og_site_name":"Libairie Clavreuil","article_modified_time":"2024-04-22T13:16:32+00:00","og_image":[{"width":1920,"height":2560,"url":"https:\/\/clavreuil-wordpress.logiciel-arteo.fr\/wp-content\/uploads\/2024\/04\/thiout-l-aine-traite-de-l-horlogerie-mechanique-et-pratique-approuve-par-l-academie-royale-des-sciences-3309-65841c83c0a25-scaled.jpg","type":"image\/jpeg"}],"twitter_card":"summary_large_image","schema":{"@context":"https:\/\/schema.org","@graph":[{"@type":"WebPage","@id":"https:\/\/clavreuil-wordpress.logiciel-arteo.fr\/en\/traite-de-lhorlogerie-mechanique-et-pratique-approuve-par-lacademie-royale-des-sciences-thiout-laine\/","url":"https:\/\/clavreuil-wordpress.logiciel-arteo.fr\/en\/traite-de-lhorlogerie-mechanique-et-pratique-approuve-par-lacademie-royale-des-sciences-thiout-laine\/","name":"THIOUT l'a\u00een\u00e9 Trait\u00e9 de l'horlogerie m\u00e9chanique et pratique, approuv\u00e9 par l'Acad\u00e9mie royale des Sciences. - Libairie Clavreuil","isPartOf":{"@id":"https:\/\/clavreuil-wordpress.logiciel-arteo.fr\/#website"},"primaryImageOfPage":{"@id":"https:\/\/clavreuil-wordpress.logiciel-arteo.fr\/en\/traite-de-lhorlogerie-mechanique-et-pratique-approuve-par-lacademie-royale-des-sciences-thiout-laine\/#primaryimage"},"image":{"@id":"https:\/\/clavreuil-wordpress.logiciel-arteo.fr\/en\/traite-de-lhorlogerie-mechanique-et-pratique-approuve-par-lacademie-royale-des-sciences-thiout-laine\/#primaryimage"},"thumbnailUrl":"https:\/\/clavreuil-wordpress.logiciel-arteo.fr\/wp-content\/uploads\/2024\/04\/thiout-l-aine-traite-de-l-horlogerie-mechanique-et-pratique-approuve-par-l-academie-royale-des-sciences-3309-65841c83c0a25-scaled.jpg","datePublished":"2024-04-18T10:49:30+00:00","dateModified":"2024-04-22T13:16:32+00:00","breadcrumb":{"@id":"https:\/\/clavreuil-wordpress.logiciel-arteo.fr\/en\/traite-de-lhorlogerie-mechanique-et-pratique-approuve-par-lacademie-royale-des-sciences-thiout-laine\/#breadcrumb"},"inLanguage":"en-US","potentialAction":[{"@type":"ReadAction","target":["https:\/\/clavreuil-wordpress.logiciel-arteo.fr\/en\/traite-de-lhorlogerie-mechanique-et-pratique-approuve-par-lacademie-royale-des-sciences-thiout-laine\/"]}]},{"@type":"ImageObject","inLanguage":"en-US","@id":"https:\/\/clavreuil-wordpress.logiciel-arteo.fr\/en\/traite-de-lhorlogerie-mechanique-et-pratique-approuve-par-lacademie-royale-des-sciences-thiout-laine\/#primaryimage","url":"https:\/\/clavreuil-wordpress.logiciel-arteo.fr\/wp-content\/uploads\/2024\/04\/thiout-l-aine-traite-de-l-horlogerie-mechanique-et-pratique-approuve-par-l-academie-royale-des-sciences-3309-65841c83c0a25-scaled.jpg","contentUrl":"https:\/\/clavreuil-wordpress.logiciel-arteo.fr\/wp-content\/uploads\/2024\/04\/thiout-l-aine-traite-de-l-horlogerie-mechanique-et-pratique-approuve-par-l-academie-royale-des-sciences-3309-65841c83c0a25-scaled.jpg","width":1920,"height":2560},{"@type":"BreadcrumbList","@id":"https:\/\/clavreuil-wordpress.logiciel-arteo.fr\/en\/traite-de-lhorlogerie-mechanique-et-pratique-approuve-par-lacademie-royale-des-sciences-thiout-laine\/#breadcrumb","itemListElement":[{"@type":"ListItem","position":1,"name":"Accueil","item":"https:\/\/clavreuil-wordpress.logiciel-arteo.fr\/"},{"@type":"ListItem","position":2,"name":"All our books","item":"https:\/\/clavreuil-wordpress.logiciel-arteo.fr\/en\/all-our-books\/"},{"@type":"ListItem","position":3,"name":"THIOUT l&#8217;a\u00een\u00e9 Trait\u00e9 de l&#8217;horlogerie m\u00e9chanique et pratique,..."}]},{"@type":"WebSite","@id":"https:\/\/clavreuil-wordpress.logiciel-arteo.fr\/#website","url":"https:\/\/clavreuil-wordpress.logiciel-arteo.fr\/","name":"Libairie Clavreuil","description":"","publisher":{"@id":"https:\/\/clavreuil-wordpress.logiciel-arteo.fr\/#organization"},"potentialAction":[{"@type":"SearchAction","target":{"@type":"EntryPoint","urlTemplate":"https:\/\/clavreuil-wordpress.logiciel-arteo.fr\/?s={search_term_string}"},"query-input":{"@type":"PropertyValueSpecification","valueRequired":true,"valueName":"search_term_string"}}],"inLanguage":"en-US"},{"@type":"Organization","@id":"https:\/\/clavreuil-wordpress.logiciel-arteo.fr\/#organization","name":"Libairie Clavreuil","url":"https:\/\/clavreuil-wordpress.logiciel-arteo.fr\/","logo":{"@type":"ImageObject","inLanguage":"en-US","@id":"https:\/\/clavreuil-wordpress.logiciel-arteo.fr\/#\/schema\/logo\/image\/","url":"https:\/\/clavreuil-wordpress.logiciel-arteo.fr\/wp-content\/uploads\/2021\/05\/LOGO_PNG_DATE-_gold.png","contentUrl":"https:\/\/clavreuil-wordpress.logiciel-arteo.fr\/wp-content\/uploads\/2021\/05\/LOGO_PNG_DATE-_gold.png","width":2083,"height":1917,"caption":"Libairie Clavreuil"},"image":{"@id":"https:\/\/clavreuil-wordpress.logiciel-arteo.fr\/#\/schema\/logo\/image\/"}}]}},"_links":{"self":[{"href":"https:\/\/clavreuil-wordpress.logiciel-arteo.fr\/en\/wp-json\/wp\/v2\/product\/73127","targetHints":{"allow":["GET"]}}],"collection":[{"href":"https:\/\/clavreuil-wordpress.logiciel-arteo.fr\/en\/wp-json\/wp\/v2\/product"}],"about":[{"href":"https:\/\/clavreuil-wordpress.logiciel-arteo.fr\/en\/wp-json\/wp\/v2\/types\/product"}],"replies":[{"embeddable":true,"href":"https:\/\/clavreuil-wordpress.logiciel-arteo.fr\/en\/wp-json\/wp\/v2\/comments?post=73127"}],"wp:featuredmedia":[{"embeddable":true,"href":"https:\/\/clavreuil-wordpress.logiciel-arteo.fr\/en\/wp-json\/wp\/v2\/media\/73118"}],"wp:attachment":[{"href":"https:\/\/clavreuil-wordpress.logiciel-arteo.fr\/en\/wp-json\/wp\/v2\/media?parent=73127"}],"wp:term":[{"taxonomy":"product_brand","embeddable":true,"href":"https:\/\/clavreuil-wordpress.logiciel-arteo.fr\/en\/wp-json\/wp\/v2\/product_brand?post=73127"},{"taxonomy":"product_cat","embeddable":true,"href":"https:\/\/clavreuil-wordpress.logiciel-arteo.fr\/en\/wp-json\/wp\/v2\/product_cat?post=73127"},{"taxonomy":"product_tag","embeddable":true,"href":"https:\/\/clavreuil-wordpress.logiciel-arteo.fr\/en\/wp-json\/wp\/v2\/product_tag?post=73127"}],"curies":[{"name":"wp","href":"https:\/\/api.w.org\/{rel}","templated":true}]}}