{"id":73131,"date":"2024-04-18T12:50:12","date_gmt":"2024-04-18T10:50:12","guid":{"rendered":"https:\/\/clavreuil-wordpress.logiciel-arteo.fr\/traite-de-mecanique-celeste-pierre-simon-laplace\/"},"modified":"2024-04-22T16:13:24","modified_gmt":"2024-04-22T14:13:24","slug":"traite-de-mecanique-celeste-pierre-simon-laplace","status":"publish","type":"product","link":"https:\/\/clavreuil-wordpress.logiciel-arteo.fr\/en\/traite-de-mecanique-celeste-pierre-simon-laplace\/","title":{"rendered":"LAPLACE Pierre Simon Trait\u00e9 de M\u00e9canique C\u00e9leste."},"content":{"rendered":"<p style=\"text-align:justify\"><em>Printing and the Mind of Man, 252; Norman, 1277; Horblit, 63; Dibner, 14; En fran&ccedil;ais dans le texte, 201; Bibl.Mechanica, p.197.<\/em><\/p>\n<p style=\"text-align:justify\">First edition of Laplace&#039;s masterpiece, his fundamental work on celestial mechanics.<\/p>\n<p style=\"text-align:justify\">Published over a period of 27 years, Laplace&#039;s <em>Trait&eacute;<\/em> codified and developed the theories and achievements of Newton, Euler, d&#039;Alembert and his contemporary Lagrange. In the tradition of Newton&#039;s <em>Principia<\/em>, Laplace &quot;applied his analytical mathematical theories to celestial bodies and concluded that the apparent changes in the motion of planets and their satellites are changes of long periods, and that the solar system is in all probability very stable&quot; (Dibner).<\/p>\n<p style=\"text-align:justify\">&quot;Newton remained uncertain with respect to the continuity of our solar system. In this work Laplace also offered &quot;a brilliant explanation of the secular inequalities of the mean motion of the moon about the earth &#8211; a problem which Euler and Lagrange had failed to solve. He proved that these irregularities are connected with certain solar actions and changes in the orbit of earth. He also investigated the theory of the tides and calculated from them the mass of the moon&quot; (PMM).<\/p>\n<p style=\"text-align:justify\">&quot;Termed the eighteenth-century <em>Almagest<\/em> and a sequel to Newton&#039;s <em>Principia<\/em>, this work deals with general laws of mechanics, gravitation and motions of celestial bodies&quot; (Horblit).<\/p>\n<p style=\"text-align:justify\">A fine copy, complete with the three very rare supplements.<\/p>\n","protected":false},"excerpt":{"rendered":"<p>5 volumes, &nbsp;4to (244 x 182 mm) XXXII, 368 pp. for volume I; 2 unn.ll., 382 pp. for volume II; XXIV, 303 &amp; 24 pp. for volume III ; XL, 347 pp., 1 unn.l., 65 pp., 1 unn.l., 78 pp., &nbsp;1 folding plate for volume IV ; VIII, 419, 1 unn.l., 35 pp. for volume V. Attractively bound in style in modern green sheep backed boards.<\/p>\n","protected":false},"featured_media":73128,"comment_status":"open","ping_status":"closed","template":"","meta":{"_acf_changed":false},"product_brand":[],"product_cat":[550],"product_tag":[1316],"class_list":{"0":"post-73131","1":"product","2":"type-product","3":"status-publish","4":"has-post-thumbnail","6":"product_cat-science","7":"product_tag-astronomy","8":"pa_auteur-pierre-simon-laplace-2","9":"pa_type-de-livre-printed-book","11":"first","12":"instock","13":"shipping-taxable","14":"purchasable","15":"product-type-simple"},"acf":[],"yoast_head":"<!-- This site is optimized with the Yoast SEO plugin v24.3 - https:\/\/yoast.com\/wordpress\/plugins\/seo\/ -->\n<title>LAPLACE Pierre Simon Trait\u00e9 de M\u00e9canique C\u00e9leste. - Libairie Clavreuil<\/title>\n<meta name=\"robots\" content=\"noindex, follow, max-snippet:-1, max-image-preview:large, max-video-preview:-1\" \/>\n<meta property=\"og:locale\" content=\"en_US\" \/>\n<meta property=\"og:type\" content=\"article\" \/>\n<meta property=\"og:title\" content=\"LAPLACE Pierre Simon Trait\u00e9 de M\u00e9canique C\u00e9leste. - Libairie Clavreuil\" \/>\n<meta property=\"og:description\" content=\"5 volumes, &nbsp;4to (244 x 182 mm) XXXII, 368 pp. for volume I; 2 unn.ll., 382 pp. for volume II; XXIV, 303 &amp; 24 pp. for volume III ; XL, 347 pp., 1 unn.l., 65 pp., 1 unn.l., 78 pp., &nbsp;1 folding plate for volume IV ; VIII, 419, 1 unn.l., 35 pp. for volume V. Attractively bound in style in modern green sheep backed boards.\" \/>\n<meta property=\"og:url\" content=\"https:\/\/clavreuil-wordpress.logiciel-arteo.fr\/en\/traite-de-mecanique-celeste-pierre-simon-laplace\/\" \/>\n<meta property=\"og:site_name\" content=\"Libairie Clavreuil\" \/>\n<meta property=\"article:modified_time\" content=\"2024-04-22T14:13:24+00:00\" \/>\n<meta property=\"og:image\" content=\"https:\/\/clavreuil-wordpress.logiciel-arteo.fr\/wp-content\/uploads\/2024\/04\/pierre-simon-laplace-traite-de-mecanique-celeste-9331-6584287273d43-scaled.jpg\" \/>\n\t<meta property=\"og:image:width\" content=\"1948\" \/>\n\t<meta property=\"og:image:height\" content=\"2560\" \/>\n\t<meta property=\"og:image:type\" content=\"image\/jpeg\" \/>\n<meta name=\"twitter:card\" content=\"summary_large_image\" \/>\n<meta name=\"twitter:label1\" content=\"Est. reading time\" \/>\n\t<meta name=\"twitter:data1\" content=\"1 minute\" \/>\n<script type=\"application\/ld+json\" class=\"yoast-schema-graph\">{\"@context\":\"https:\/\/schema.org\",\"@graph\":[{\"@type\":\"WebPage\",\"@id\":\"https:\/\/clavreuil-wordpress.logiciel-arteo.fr\/en\/traite-de-mecanique-celeste-pierre-simon-laplace\/\",\"url\":\"https:\/\/clavreuil-wordpress.logiciel-arteo.fr\/en\/traite-de-mecanique-celeste-pierre-simon-laplace\/\",\"name\":\"LAPLACE Pierre Simon Trait\u00e9 de M\u00e9canique C\u00e9leste. - Libairie Clavreuil\",\"isPartOf\":{\"@id\":\"https:\/\/clavreuil-wordpress.logiciel-arteo.fr\/#website\"},\"primaryImageOfPage\":{\"@id\":\"https:\/\/clavreuil-wordpress.logiciel-arteo.fr\/en\/traite-de-mecanique-celeste-pierre-simon-laplace\/#primaryimage\"},\"image\":{\"@id\":\"https:\/\/clavreuil-wordpress.logiciel-arteo.fr\/en\/traite-de-mecanique-celeste-pierre-simon-laplace\/#primaryimage\"},\"thumbnailUrl\":\"https:\/\/clavreuil-wordpress.logiciel-arteo.fr\/wp-content\/uploads\/2024\/04\/pierre-simon-laplace-traite-de-mecanique-celeste-9331-6584287273d43-scaled.jpg\",\"datePublished\":\"2024-04-18T10:50:12+00:00\",\"dateModified\":\"2024-04-22T14:13:24+00:00\",\"breadcrumb\":{\"@id\":\"https:\/\/clavreuil-wordpress.logiciel-arteo.fr\/en\/traite-de-mecanique-celeste-pierre-simon-laplace\/#breadcrumb\"},\"inLanguage\":\"en-US\",\"potentialAction\":[{\"@type\":\"ReadAction\",\"target\":[\"https:\/\/clavreuil-wordpress.logiciel-arteo.fr\/en\/traite-de-mecanique-celeste-pierre-simon-laplace\/\"]}]},{\"@type\":\"ImageObject\",\"inLanguage\":\"en-US\",\"@id\":\"https:\/\/clavreuil-wordpress.logiciel-arteo.fr\/en\/traite-de-mecanique-celeste-pierre-simon-laplace\/#primaryimage\",\"url\":\"https:\/\/clavreuil-wordpress.logiciel-arteo.fr\/wp-content\/uploads\/2024\/04\/pierre-simon-laplace-traite-de-mecanique-celeste-9331-6584287273d43-scaled.jpg\",\"contentUrl\":\"https:\/\/clavreuil-wordpress.logiciel-arteo.fr\/wp-content\/uploads\/2024\/04\/pierre-simon-laplace-traite-de-mecanique-celeste-9331-6584287273d43-scaled.jpg\",\"width\":1948,\"height\":2560},{\"@type\":\"BreadcrumbList\",\"@id\":\"https:\/\/clavreuil-wordpress.logiciel-arteo.fr\/en\/traite-de-mecanique-celeste-pierre-simon-laplace\/#breadcrumb\",\"itemListElement\":[{\"@type\":\"ListItem\",\"position\":1,\"name\":\"Accueil\",\"item\":\"https:\/\/clavreuil-wordpress.logiciel-arteo.fr\/\"},{\"@type\":\"ListItem\",\"position\":2,\"name\":\"All our books\",\"item\":\"https:\/\/clavreuil-wordpress.logiciel-arteo.fr\/en\/all-our-books\/\"},{\"@type\":\"ListItem\",\"position\":3,\"name\":\"LAPLACE Pierre Simon Trait\u00e9 de M\u00e9canique C\u00e9leste.\"}]},{\"@type\":\"WebSite\",\"@id\":\"https:\/\/clavreuil-wordpress.logiciel-arteo.fr\/#website\",\"url\":\"https:\/\/clavreuil-wordpress.logiciel-arteo.fr\/\",\"name\":\"Libairie Clavreuil\",\"description\":\"\",\"publisher\":{\"@id\":\"https:\/\/clavreuil-wordpress.logiciel-arteo.fr\/#organization\"},\"potentialAction\":[{\"@type\":\"SearchAction\",\"target\":{\"@type\":\"EntryPoint\",\"urlTemplate\":\"https:\/\/clavreuil-wordpress.logiciel-arteo.fr\/?s={search_term_string}\"},\"query-input\":{\"@type\":\"PropertyValueSpecification\",\"valueRequired\":true,\"valueName\":\"search_term_string\"}}],\"inLanguage\":\"en-US\"},{\"@type\":\"Organization\",\"@id\":\"https:\/\/clavreuil-wordpress.logiciel-arteo.fr\/#organization\",\"name\":\"Libairie Clavreuil\",\"url\":\"https:\/\/clavreuil-wordpress.logiciel-arteo.fr\/\",\"logo\":{\"@type\":\"ImageObject\",\"inLanguage\":\"en-US\",\"@id\":\"https:\/\/clavreuil-wordpress.logiciel-arteo.fr\/#\/schema\/logo\/image\/\",\"url\":\"https:\/\/clavreuil-wordpress.logiciel-arteo.fr\/wp-content\/uploads\/2021\/05\/LOGO_PNG_DATE-_gold.png\",\"contentUrl\":\"https:\/\/clavreuil-wordpress.logiciel-arteo.fr\/wp-content\/uploads\/2021\/05\/LOGO_PNG_DATE-_gold.png\",\"width\":2083,\"height\":1917,\"caption\":\"Libairie Clavreuil\"},\"image\":{\"@id\":\"https:\/\/clavreuil-wordpress.logiciel-arteo.fr\/#\/schema\/logo\/image\/\"}}]}<\/script>\n<!-- \/ Yoast SEO plugin. -->","yoast_head_json":{"title":"LAPLACE Pierre Simon Trait\u00e9 de M\u00e9canique C\u00e9leste. - Libairie Clavreuil","robots":{"index":"noindex","follow":"follow","max-snippet":"max-snippet:-1","max-image-preview":"max-image-preview:large","max-video-preview":"max-video-preview:-1"},"og_locale":"en_US","og_type":"article","og_title":"LAPLACE Pierre Simon Trait\u00e9 de M\u00e9canique C\u00e9leste. - Libairie Clavreuil","og_description":"5 volumes, &nbsp;4to (244 x 182 mm) XXXII, 368 pp. for volume I; 2 unn.ll., 382 pp. for volume II; XXIV, 303 &amp; 24 pp. for volume III ; XL, 347 pp., 1 unn.l., 65 pp., 1 unn.l., 78 pp., &nbsp;1 folding plate for volume IV ; VIII, 419, 1 unn.l., 35 pp. for volume V. Attractively bound in style in modern green sheep backed boards.","og_url":"https:\/\/clavreuil-wordpress.logiciel-arteo.fr\/en\/traite-de-mecanique-celeste-pierre-simon-laplace\/","og_site_name":"Libairie Clavreuil","article_modified_time":"2024-04-22T14:13:24+00:00","og_image":[{"width":1948,"height":2560,"url":"https:\/\/clavreuil-wordpress.logiciel-arteo.fr\/wp-content\/uploads\/2024\/04\/pierre-simon-laplace-traite-de-mecanique-celeste-9331-6584287273d43-scaled.jpg","type":"image\/jpeg"}],"twitter_card":"summary_large_image","twitter_misc":{"Est. reading time":"1 minute"},"schema":{"@context":"https:\/\/schema.org","@graph":[{"@type":"WebPage","@id":"https:\/\/clavreuil-wordpress.logiciel-arteo.fr\/en\/traite-de-mecanique-celeste-pierre-simon-laplace\/","url":"https:\/\/clavreuil-wordpress.logiciel-arteo.fr\/en\/traite-de-mecanique-celeste-pierre-simon-laplace\/","name":"LAPLACE Pierre Simon Trait\u00e9 de M\u00e9canique C\u00e9leste. - Libairie Clavreuil","isPartOf":{"@id":"https:\/\/clavreuil-wordpress.logiciel-arteo.fr\/#website"},"primaryImageOfPage":{"@id":"https:\/\/clavreuil-wordpress.logiciel-arteo.fr\/en\/traite-de-mecanique-celeste-pierre-simon-laplace\/#primaryimage"},"image":{"@id":"https:\/\/clavreuil-wordpress.logiciel-arteo.fr\/en\/traite-de-mecanique-celeste-pierre-simon-laplace\/#primaryimage"},"thumbnailUrl":"https:\/\/clavreuil-wordpress.logiciel-arteo.fr\/wp-content\/uploads\/2024\/04\/pierre-simon-laplace-traite-de-mecanique-celeste-9331-6584287273d43-scaled.jpg","datePublished":"2024-04-18T10:50:12+00:00","dateModified":"2024-04-22T14:13:24+00:00","breadcrumb":{"@id":"https:\/\/clavreuil-wordpress.logiciel-arteo.fr\/en\/traite-de-mecanique-celeste-pierre-simon-laplace\/#breadcrumb"},"inLanguage":"en-US","potentialAction":[{"@type":"ReadAction","target":["https:\/\/clavreuil-wordpress.logiciel-arteo.fr\/en\/traite-de-mecanique-celeste-pierre-simon-laplace\/"]}]},{"@type":"ImageObject","inLanguage":"en-US","@id":"https:\/\/clavreuil-wordpress.logiciel-arteo.fr\/en\/traite-de-mecanique-celeste-pierre-simon-laplace\/#primaryimage","url":"https:\/\/clavreuil-wordpress.logiciel-arteo.fr\/wp-content\/uploads\/2024\/04\/pierre-simon-laplace-traite-de-mecanique-celeste-9331-6584287273d43-scaled.jpg","contentUrl":"https:\/\/clavreuil-wordpress.logiciel-arteo.fr\/wp-content\/uploads\/2024\/04\/pierre-simon-laplace-traite-de-mecanique-celeste-9331-6584287273d43-scaled.jpg","width":1948,"height":2560},{"@type":"BreadcrumbList","@id":"https:\/\/clavreuil-wordpress.logiciel-arteo.fr\/en\/traite-de-mecanique-celeste-pierre-simon-laplace\/#breadcrumb","itemListElement":[{"@type":"ListItem","position":1,"name":"Accueil","item":"https:\/\/clavreuil-wordpress.logiciel-arteo.fr\/"},{"@type":"ListItem","position":2,"name":"All our books","item":"https:\/\/clavreuil-wordpress.logiciel-arteo.fr\/en\/all-our-books\/"},{"@type":"ListItem","position":3,"name":"LAPLACE Pierre Simon Trait\u00e9 de M\u00e9canique C\u00e9leste."}]},{"@type":"WebSite","@id":"https:\/\/clavreuil-wordpress.logiciel-arteo.fr\/#website","url":"https:\/\/clavreuil-wordpress.logiciel-arteo.fr\/","name":"Libairie Clavreuil","description":"","publisher":{"@id":"https:\/\/clavreuil-wordpress.logiciel-arteo.fr\/#organization"},"potentialAction":[{"@type":"SearchAction","target":{"@type":"EntryPoint","urlTemplate":"https:\/\/clavreuil-wordpress.logiciel-arteo.fr\/?s={search_term_string}"},"query-input":{"@type":"PropertyValueSpecification","valueRequired":true,"valueName":"search_term_string"}}],"inLanguage":"en-US"},{"@type":"Organization","@id":"https:\/\/clavreuil-wordpress.logiciel-arteo.fr\/#organization","name":"Libairie Clavreuil","url":"https:\/\/clavreuil-wordpress.logiciel-arteo.fr\/","logo":{"@type":"ImageObject","inLanguage":"en-US","@id":"https:\/\/clavreuil-wordpress.logiciel-arteo.fr\/#\/schema\/logo\/image\/","url":"https:\/\/clavreuil-wordpress.logiciel-arteo.fr\/wp-content\/uploads\/2021\/05\/LOGO_PNG_DATE-_gold.png","contentUrl":"https:\/\/clavreuil-wordpress.logiciel-arteo.fr\/wp-content\/uploads\/2021\/05\/LOGO_PNG_DATE-_gold.png","width":2083,"height":1917,"caption":"Libairie Clavreuil"},"image":{"@id":"https:\/\/clavreuil-wordpress.logiciel-arteo.fr\/#\/schema\/logo\/image\/"}}]}},"_links":{"self":[{"href":"https:\/\/clavreuil-wordpress.logiciel-arteo.fr\/en\/wp-json\/wp\/v2\/product\/73131","targetHints":{"allow":["GET"]}}],"collection":[{"href":"https:\/\/clavreuil-wordpress.logiciel-arteo.fr\/en\/wp-json\/wp\/v2\/product"}],"about":[{"href":"https:\/\/clavreuil-wordpress.logiciel-arteo.fr\/en\/wp-json\/wp\/v2\/types\/product"}],"replies":[{"embeddable":true,"href":"https:\/\/clavreuil-wordpress.logiciel-arteo.fr\/en\/wp-json\/wp\/v2\/comments?post=73131"}],"wp:featuredmedia":[{"embeddable":true,"href":"https:\/\/clavreuil-wordpress.logiciel-arteo.fr\/en\/wp-json\/wp\/v2\/media\/73128"}],"wp:attachment":[{"href":"https:\/\/clavreuil-wordpress.logiciel-arteo.fr\/en\/wp-json\/wp\/v2\/media?parent=73131"}],"wp:term":[{"taxonomy":"product_brand","embeddable":true,"href":"https:\/\/clavreuil-wordpress.logiciel-arteo.fr\/en\/wp-json\/wp\/v2\/product_brand?post=73131"},{"taxonomy":"product_cat","embeddable":true,"href":"https:\/\/clavreuil-wordpress.logiciel-arteo.fr\/en\/wp-json\/wp\/v2\/product_cat?post=73131"},{"taxonomy":"product_tag","embeddable":true,"href":"https:\/\/clavreuil-wordpress.logiciel-arteo.fr\/en\/wp-json\/wp\/v2\/product_tag?post=73131"}],"curies":[{"name":"wp","href":"https:\/\/api.w.org\/{rel}","templated":true}]}}