{"id":73171,"date":"2024-04-18T14:51:32","date_gmt":"2024-04-18T12:51:32","guid":{"rendered":"https:\/\/clavreuil-wordpress.logiciel-arteo.fr\/botanicon-parisiense-ou-denombrement-par-ordre-alphabetique-des-plantes-qui-se-trouven-aux-environs-de-paris-compris-dans-la-carte-de-la-prevote-de-lelection-de-la-dite-ville-par-le-sieur-dan\/"},"modified":"2024-04-22T15:50:41","modified_gmt":"2024-04-22T13:50:41","slug":"botanicon-parisiense-ou-denombrement-par-ordre-alphabetique-des-plantes-qui-se-trouven-aux-environs-de-paris-compris-dans-la-carte-de-la-prevote-de-lelection-de-la-dite-ville-par-le-sieur-dan","status":"publish","type":"product","link":"https:\/\/clavreuil-wordpress.logiciel-arteo.fr\/en\/botanicon-parisiense-ou-denombrement-par-ordre-alphabetique-des-plantes-qui-se-trouven-aux-environs-de-paris-compris-dans-la-carte-de-la-prevote-de-lelection-de-la-dite-ville-par-le-sieur-dan\/","title":{"rendered":"VAILLANT Auguste-Nicolas Botanicon Parisiense ou D\u00e9nombrement par ordre..."},"content":{"rendered":"<p><em>Nissen, 2033; Pritzel, 9657; Hunt, 470.<\/em><\/p>\n<p>First edition.<\/p>\n<p>&quot;S&eacute;bastien Vaillant is honored in France as the man who first understood the nature of sex in plants. He was a student of Tournefort&#039;s and considerably influenced Linnaeus&quot;. (Hunt).<\/p>\n<p>The illustration, by Aubriet, consists of an engraved portrait of the author, a large fold-out map of the archdiocese of Paris, and 33 plates of plants and plant details. Claude Aubriet was one of the finest botanical draughtsmen of his time and had worked for Tournefort.<\/p>\n<p>Provenance: Chalette (signature on the title) and some notes on paste-ons on the plates. This could well be de Chalette, author of <em>De la M&eacute;decine des chevaux<\/em>&nbsp;(Paris, H&eacute;rissant, 1763).<\/p>\n","protected":false},"excerpt":{"rendered":"<p>Folio (403 x 247 mm) engraved portrait frontispiece, 18 nn.ll., XII pp., 2 nn.ll. (author&#039;s index and list of subscribers), 205 pp., 24 nn.ll., 1 engraved folding map, 33 engraved plates with 354 vignettes. Contemporary mottled calf, sine gilt with raised bands, red speckled edges (some old restorations, upper hinge partly split).<\/p>\n","protected":false},"featured_media":73156,"comment_status":"open","ping_status":"closed","template":"","meta":{"_acf_changed":false},"product_brand":[],"product_cat":[532],"product_tag":[1323],"class_list":{"0":"post-73171","1":"product","2":"type-product","3":"status-publish","4":"has-post-thumbnail","6":"product_cat-botanical","7":"product_tag-general-botany","8":"pa_auteur-auguste-nicolas-vaillant-2","9":"pa_type-de-livre-printed-book","11":"first","12":"instock","13":"shipping-taxable","14":"purchasable","15":"product-type-simple"},"acf":[],"yoast_head":"<!-- This site is optimized with the Yoast SEO plugin v24.3 - https:\/\/yoast.com\/wordpress\/plugins\/seo\/ -->\n<title>VAILLANT Auguste-Nicolas Botanicon Parisiense ou D\u00e9nombrement par ordre alphab\u00e9tique des plantes, qui se trouven aux environs de Paris compris dans la carte de la pr\u00e9vot\u00e9 &amp; de l&#039;\u00e9lection de la dite ville par le sieur Danet Genre. - Libairie Clavreuil<\/title>\n<meta name=\"robots\" content=\"noindex, follow, max-snippet:-1, max-image-preview:large, max-video-preview:-1\" \/>\n<meta property=\"og:locale\" content=\"en_US\" \/>\n<meta property=\"og:type\" content=\"article\" \/>\n<meta property=\"og:title\" content=\"VAILLANT Auguste-Nicolas Botanicon Parisiense ou D\u00e9nombrement par ordre alphab\u00e9tique des plantes, qui se trouven aux environs de Paris compris dans la carte de la pr\u00e9vot\u00e9 &amp; de l&#039;\u00e9lection de la dite ville par le sieur Danet Genre. - Libairie Clavreuil\" \/>\n<meta property=\"og:description\" content=\"Folio (403 x 247 mm) engraved portrait frontispiece, 18 nn.ll., XII pp., 2 nn.ll. (author&#039;s index and list of subscribers), 205 pp., 24 nn.ll., 1 engraved folding map, 33 engraved plates with 354 vignettes. Contemporary mottled calf, sine gilt with raised bands, red speckled edges (some old restorations, upper hinge partly split).\" \/>\n<meta property=\"og:url\" content=\"https:\/\/clavreuil-wordpress.logiciel-arteo.fr\/en\/botanicon-parisiense-ou-denombrement-par-ordre-alphabetique-des-plantes-qui-se-trouven-aux-environs-de-paris-compris-dans-la-carte-de-la-prevote-de-lelection-de-la-dite-ville-par-le-sieur-dan\/\" \/>\n<meta property=\"og:site_name\" content=\"Libairie Clavreuil\" \/>\n<meta property=\"article:modified_time\" content=\"2024-04-22T13:50:41+00:00\" \/>\n<meta property=\"og:image\" content=\"https:\/\/clavreuil-wordpress.logiciel-arteo.fr\/wp-content\/uploads\/2024\/04\/auguste-nicolas-vaillant-botanicon-parisiense-ou-denombrement-par-ordre-alphabetique-des-plantes-qui-se-trouven-aux-environs-de-paris-compris-dans-la--scaled.jpg\" \/>\n\t<meta property=\"og:image:width\" content=\"1920\" \/>\n\t<meta property=\"og:image:height\" content=\"2560\" \/>\n\t<meta property=\"og:image:type\" content=\"image\/jpeg\" \/>\n<meta name=\"twitter:card\" content=\"summary_large_image\" \/>\n<meta name=\"twitter:label1\" content=\"Est. reading time\" \/>\n\t<meta name=\"twitter:data1\" content=\"1 minute\" \/>\n<script type=\"application\/ld+json\" class=\"yoast-schema-graph\">{\"@context\":\"https:\/\/schema.org\",\"@graph\":[{\"@type\":\"WebPage\",\"@id\":\"https:\/\/clavreuil-wordpress.logiciel-arteo.fr\/en\/botanicon-parisiense-ou-denombrement-par-ordre-alphabetique-des-plantes-qui-se-trouven-aux-environs-de-paris-compris-dans-la-carte-de-la-prevote-de-lelection-de-la-dite-ville-par-le-sieur-dan\/\",\"url\":\"https:\/\/clavreuil-wordpress.logiciel-arteo.fr\/en\/botanicon-parisiense-ou-denombrement-par-ordre-alphabetique-des-plantes-qui-se-trouven-aux-environs-de-paris-compris-dans-la-carte-de-la-prevote-de-lelection-de-la-dite-ville-par-le-sieur-dan\/\",\"name\":\"VAILLANT Auguste-Nicolas Botanicon Parisiense ou D\u00e9nombrement par ordre alphab\u00e9tique des plantes, qui se trouven aux environs de Paris compris dans la carte de la pr\u00e9vot\u00e9 &amp; de l'\u00e9lection de la dite ville par le sieur Danet Genre. - Libairie Clavreuil\",\"isPartOf\":{\"@id\":\"https:\/\/clavreuil-wordpress.logiciel-arteo.fr\/#website\"},\"primaryImageOfPage\":{\"@id\":\"https:\/\/clavreuil-wordpress.logiciel-arteo.fr\/en\/botanicon-parisiense-ou-denombrement-par-ordre-alphabetique-des-plantes-qui-se-trouven-aux-environs-de-paris-compris-dans-la-carte-de-la-prevote-de-lelection-de-la-dite-ville-par-le-sieur-dan\/#primaryimage\"},\"image\":{\"@id\":\"https:\/\/clavreuil-wordpress.logiciel-arteo.fr\/en\/botanicon-parisiense-ou-denombrement-par-ordre-alphabetique-des-plantes-qui-se-trouven-aux-environs-de-paris-compris-dans-la-carte-de-la-prevote-de-lelection-de-la-dite-ville-par-le-sieur-dan\/#primaryimage\"},\"thumbnailUrl\":\"https:\/\/clavreuil-wordpress.logiciel-arteo.fr\/wp-content\/uploads\/2024\/04\/auguste-nicolas-vaillant-botanicon-parisiense-ou-denombrement-par-ordre-alphabetique-des-plantes-qui-se-trouven-aux-environs-de-paris-compris-dans-la--scaled.jpg\",\"datePublished\":\"2024-04-18T12:51:32+00:00\",\"dateModified\":\"2024-04-22T13:50:41+00:00\",\"breadcrumb\":{\"@id\":\"https:\/\/clavreuil-wordpress.logiciel-arteo.fr\/en\/botanicon-parisiense-ou-denombrement-par-ordre-alphabetique-des-plantes-qui-se-trouven-aux-environs-de-paris-compris-dans-la-carte-de-la-prevote-de-lelection-de-la-dite-ville-par-le-sieur-dan\/#breadcrumb\"},\"inLanguage\":\"en-US\",\"potentialAction\":[{\"@type\":\"ReadAction\",\"target\":[\"https:\/\/clavreuil-wordpress.logiciel-arteo.fr\/en\/botanicon-parisiense-ou-denombrement-par-ordre-alphabetique-des-plantes-qui-se-trouven-aux-environs-de-paris-compris-dans-la-carte-de-la-prevote-de-lelection-de-la-dite-ville-par-le-sieur-dan\/\"]}]},{\"@type\":\"ImageObject\",\"inLanguage\":\"en-US\",\"@id\":\"https:\/\/clavreuil-wordpress.logiciel-arteo.fr\/en\/botanicon-parisiense-ou-denombrement-par-ordre-alphabetique-des-plantes-qui-se-trouven-aux-environs-de-paris-compris-dans-la-carte-de-la-prevote-de-lelection-de-la-dite-ville-par-le-sieur-dan\/#primaryimage\",\"url\":\"https:\/\/clavreuil-wordpress.logiciel-arteo.fr\/wp-content\/uploads\/2024\/04\/auguste-nicolas-vaillant-botanicon-parisiense-ou-denombrement-par-ordre-alphabetique-des-plantes-qui-se-trouven-aux-environs-de-paris-compris-dans-la--scaled.jpg\",\"contentUrl\":\"https:\/\/clavreuil-wordpress.logiciel-arteo.fr\/wp-content\/uploads\/2024\/04\/auguste-nicolas-vaillant-botanicon-parisiense-ou-denombrement-par-ordre-alphabetique-des-plantes-qui-se-trouven-aux-environs-de-paris-compris-dans-la--scaled.jpg\",\"width\":1920,\"height\":2560},{\"@type\":\"BreadcrumbList\",\"@id\":\"https:\/\/clavreuil-wordpress.logiciel-arteo.fr\/en\/botanicon-parisiense-ou-denombrement-par-ordre-alphabetique-des-plantes-qui-se-trouven-aux-environs-de-paris-compris-dans-la-carte-de-la-prevote-de-lelection-de-la-dite-ville-par-le-sieur-dan\/#breadcrumb\",\"itemListElement\":[{\"@type\":\"ListItem\",\"position\":1,\"name\":\"Accueil\",\"item\":\"https:\/\/clavreuil-wordpress.logiciel-arteo.fr\/\"},{\"@type\":\"ListItem\",\"position\":2,\"name\":\"All our books\",\"item\":\"https:\/\/clavreuil-wordpress.logiciel-arteo.fr\/en\/all-our-books\/\"},{\"@type\":\"ListItem\",\"position\":3,\"name\":\"VAILLANT Auguste-Nicolas Botanicon Parisiense ou D\u00e9nombrement par ordre...\"}]},{\"@type\":\"WebSite\",\"@id\":\"https:\/\/clavreuil-wordpress.logiciel-arteo.fr\/#website\",\"url\":\"https:\/\/clavreuil-wordpress.logiciel-arteo.fr\/\",\"name\":\"Libairie Clavreuil\",\"description\":\"\",\"publisher\":{\"@id\":\"https:\/\/clavreuil-wordpress.logiciel-arteo.fr\/#organization\"},\"potentialAction\":[{\"@type\":\"SearchAction\",\"target\":{\"@type\":\"EntryPoint\",\"urlTemplate\":\"https:\/\/clavreuil-wordpress.logiciel-arteo.fr\/?s={search_term_string}\"},\"query-input\":{\"@type\":\"PropertyValueSpecification\",\"valueRequired\":true,\"valueName\":\"search_term_string\"}}],\"inLanguage\":\"en-US\"},{\"@type\":\"Organization\",\"@id\":\"https:\/\/clavreuil-wordpress.logiciel-arteo.fr\/#organization\",\"name\":\"Libairie Clavreuil\",\"url\":\"https:\/\/clavreuil-wordpress.logiciel-arteo.fr\/\",\"logo\":{\"@type\":\"ImageObject\",\"inLanguage\":\"en-US\",\"@id\":\"https:\/\/clavreuil-wordpress.logiciel-arteo.fr\/#\/schema\/logo\/image\/\",\"url\":\"https:\/\/clavreuil-wordpress.logiciel-arteo.fr\/wp-content\/uploads\/2021\/05\/LOGO_PNG_DATE-_gold.png\",\"contentUrl\":\"https:\/\/clavreuil-wordpress.logiciel-arteo.fr\/wp-content\/uploads\/2021\/05\/LOGO_PNG_DATE-_gold.png\",\"width\":2083,\"height\":1917,\"caption\":\"Libairie Clavreuil\"},\"image\":{\"@id\":\"https:\/\/clavreuil-wordpress.logiciel-arteo.fr\/#\/schema\/logo\/image\/\"}}]}<\/script>\n<!-- \/ Yoast SEO plugin. -->","yoast_head_json":{"title":"VAILLANT Auguste-Nicolas Botanicon Parisiense ou D\u00e9nombrement par ordre alphab\u00e9tique des plantes, qui se trouven aux environs de Paris compris dans la carte de la pr\u00e9vot\u00e9 &amp; de l'\u00e9lection de la dite ville par le sieur Danet Genre. - Libairie Clavreuil","robots":{"index":"noindex","follow":"follow","max-snippet":"max-snippet:-1","max-image-preview":"max-image-preview:large","max-video-preview":"max-video-preview:-1"},"og_locale":"en_US","og_type":"article","og_title":"VAILLANT Auguste-Nicolas Botanicon Parisiense ou D\u00e9nombrement par ordre alphab\u00e9tique des plantes, qui se trouven aux environs de Paris compris dans la carte de la pr\u00e9vot\u00e9 &amp; de l'\u00e9lection de la dite ville par le sieur Danet Genre. - Libairie Clavreuil","og_description":"Folio (403 x 247 mm) engraved portrait frontispiece, 18 nn.ll., XII pp., 2 nn.ll. (author&#039;s index and list of subscribers), 205 pp., 24 nn.ll., 1 engraved folding map, 33 engraved plates with 354 vignettes. Contemporary mottled calf, sine gilt with raised bands, red speckled edges (some old restorations, upper hinge partly split).","og_url":"https:\/\/clavreuil-wordpress.logiciel-arteo.fr\/en\/botanicon-parisiense-ou-denombrement-par-ordre-alphabetique-des-plantes-qui-se-trouven-aux-environs-de-paris-compris-dans-la-carte-de-la-prevote-de-lelection-de-la-dite-ville-par-le-sieur-dan\/","og_site_name":"Libairie Clavreuil","article_modified_time":"2024-04-22T13:50:41+00:00","og_image":[{"width":1920,"height":2560,"url":"https:\/\/clavreuil-wordpress.logiciel-arteo.fr\/wp-content\/uploads\/2024\/04\/auguste-nicolas-vaillant-botanicon-parisiense-ou-denombrement-par-ordre-alphabetique-des-plantes-qui-se-trouven-aux-environs-de-paris-compris-dans-la--scaled.jpg","type":"image\/jpeg"}],"twitter_card":"summary_large_image","twitter_misc":{"Est. reading time":"1 minute"},"schema":{"@context":"https:\/\/schema.org","@graph":[{"@type":"WebPage","@id":"https:\/\/clavreuil-wordpress.logiciel-arteo.fr\/en\/botanicon-parisiense-ou-denombrement-par-ordre-alphabetique-des-plantes-qui-se-trouven-aux-environs-de-paris-compris-dans-la-carte-de-la-prevote-de-lelection-de-la-dite-ville-par-le-sieur-dan\/","url":"https:\/\/clavreuil-wordpress.logiciel-arteo.fr\/en\/botanicon-parisiense-ou-denombrement-par-ordre-alphabetique-des-plantes-qui-se-trouven-aux-environs-de-paris-compris-dans-la-carte-de-la-prevote-de-lelection-de-la-dite-ville-par-le-sieur-dan\/","name":"VAILLANT Auguste-Nicolas Botanicon Parisiense ou D\u00e9nombrement par ordre alphab\u00e9tique des plantes, qui se trouven aux environs de Paris compris dans la carte de la pr\u00e9vot\u00e9 &amp; de l'\u00e9lection de la dite ville par le sieur Danet Genre. - Libairie Clavreuil","isPartOf":{"@id":"https:\/\/clavreuil-wordpress.logiciel-arteo.fr\/#website"},"primaryImageOfPage":{"@id":"https:\/\/clavreuil-wordpress.logiciel-arteo.fr\/en\/botanicon-parisiense-ou-denombrement-par-ordre-alphabetique-des-plantes-qui-se-trouven-aux-environs-de-paris-compris-dans-la-carte-de-la-prevote-de-lelection-de-la-dite-ville-par-le-sieur-dan\/#primaryimage"},"image":{"@id":"https:\/\/clavreuil-wordpress.logiciel-arteo.fr\/en\/botanicon-parisiense-ou-denombrement-par-ordre-alphabetique-des-plantes-qui-se-trouven-aux-environs-de-paris-compris-dans-la-carte-de-la-prevote-de-lelection-de-la-dite-ville-par-le-sieur-dan\/#primaryimage"},"thumbnailUrl":"https:\/\/clavreuil-wordpress.logiciel-arteo.fr\/wp-content\/uploads\/2024\/04\/auguste-nicolas-vaillant-botanicon-parisiense-ou-denombrement-par-ordre-alphabetique-des-plantes-qui-se-trouven-aux-environs-de-paris-compris-dans-la--scaled.jpg","datePublished":"2024-04-18T12:51:32+00:00","dateModified":"2024-04-22T13:50:41+00:00","breadcrumb":{"@id":"https:\/\/clavreuil-wordpress.logiciel-arteo.fr\/en\/botanicon-parisiense-ou-denombrement-par-ordre-alphabetique-des-plantes-qui-se-trouven-aux-environs-de-paris-compris-dans-la-carte-de-la-prevote-de-lelection-de-la-dite-ville-par-le-sieur-dan\/#breadcrumb"},"inLanguage":"en-US","potentialAction":[{"@type":"ReadAction","target":["https:\/\/clavreuil-wordpress.logiciel-arteo.fr\/en\/botanicon-parisiense-ou-denombrement-par-ordre-alphabetique-des-plantes-qui-se-trouven-aux-environs-de-paris-compris-dans-la-carte-de-la-prevote-de-lelection-de-la-dite-ville-par-le-sieur-dan\/"]}]},{"@type":"ImageObject","inLanguage":"en-US","@id":"https:\/\/clavreuil-wordpress.logiciel-arteo.fr\/en\/botanicon-parisiense-ou-denombrement-par-ordre-alphabetique-des-plantes-qui-se-trouven-aux-environs-de-paris-compris-dans-la-carte-de-la-prevote-de-lelection-de-la-dite-ville-par-le-sieur-dan\/#primaryimage","url":"https:\/\/clavreuil-wordpress.logiciel-arteo.fr\/wp-content\/uploads\/2024\/04\/auguste-nicolas-vaillant-botanicon-parisiense-ou-denombrement-par-ordre-alphabetique-des-plantes-qui-se-trouven-aux-environs-de-paris-compris-dans-la--scaled.jpg","contentUrl":"https:\/\/clavreuil-wordpress.logiciel-arteo.fr\/wp-content\/uploads\/2024\/04\/auguste-nicolas-vaillant-botanicon-parisiense-ou-denombrement-par-ordre-alphabetique-des-plantes-qui-se-trouven-aux-environs-de-paris-compris-dans-la--scaled.jpg","width":1920,"height":2560},{"@type":"BreadcrumbList","@id":"https:\/\/clavreuil-wordpress.logiciel-arteo.fr\/en\/botanicon-parisiense-ou-denombrement-par-ordre-alphabetique-des-plantes-qui-se-trouven-aux-environs-de-paris-compris-dans-la-carte-de-la-prevote-de-lelection-de-la-dite-ville-par-le-sieur-dan\/#breadcrumb","itemListElement":[{"@type":"ListItem","position":1,"name":"Accueil","item":"https:\/\/clavreuil-wordpress.logiciel-arteo.fr\/"},{"@type":"ListItem","position":2,"name":"All our books","item":"https:\/\/clavreuil-wordpress.logiciel-arteo.fr\/en\/all-our-books\/"},{"@type":"ListItem","position":3,"name":"VAILLANT Auguste-Nicolas Botanicon Parisiense ou D\u00e9nombrement par ordre..."}]},{"@type":"WebSite","@id":"https:\/\/clavreuil-wordpress.logiciel-arteo.fr\/#website","url":"https:\/\/clavreuil-wordpress.logiciel-arteo.fr\/","name":"Libairie Clavreuil","description":"","publisher":{"@id":"https:\/\/clavreuil-wordpress.logiciel-arteo.fr\/#organization"},"potentialAction":[{"@type":"SearchAction","target":{"@type":"EntryPoint","urlTemplate":"https:\/\/clavreuil-wordpress.logiciel-arteo.fr\/?s={search_term_string}"},"query-input":{"@type":"PropertyValueSpecification","valueRequired":true,"valueName":"search_term_string"}}],"inLanguage":"en-US"},{"@type":"Organization","@id":"https:\/\/clavreuil-wordpress.logiciel-arteo.fr\/#organization","name":"Libairie Clavreuil","url":"https:\/\/clavreuil-wordpress.logiciel-arteo.fr\/","logo":{"@type":"ImageObject","inLanguage":"en-US","@id":"https:\/\/clavreuil-wordpress.logiciel-arteo.fr\/#\/schema\/logo\/image\/","url":"https:\/\/clavreuil-wordpress.logiciel-arteo.fr\/wp-content\/uploads\/2021\/05\/LOGO_PNG_DATE-_gold.png","contentUrl":"https:\/\/clavreuil-wordpress.logiciel-arteo.fr\/wp-content\/uploads\/2021\/05\/LOGO_PNG_DATE-_gold.png","width":2083,"height":1917,"caption":"Libairie Clavreuil"},"image":{"@id":"https:\/\/clavreuil-wordpress.logiciel-arteo.fr\/#\/schema\/logo\/image\/"}}]}},"_links":{"self":[{"href":"https:\/\/clavreuil-wordpress.logiciel-arteo.fr\/en\/wp-json\/wp\/v2\/product\/73171","targetHints":{"allow":["GET"]}}],"collection":[{"href":"https:\/\/clavreuil-wordpress.logiciel-arteo.fr\/en\/wp-json\/wp\/v2\/product"}],"about":[{"href":"https:\/\/clavreuil-wordpress.logiciel-arteo.fr\/en\/wp-json\/wp\/v2\/types\/product"}],"replies":[{"embeddable":true,"href":"https:\/\/clavreuil-wordpress.logiciel-arteo.fr\/en\/wp-json\/wp\/v2\/comments?post=73171"}],"wp:featuredmedia":[{"embeddable":true,"href":"https:\/\/clavreuil-wordpress.logiciel-arteo.fr\/en\/wp-json\/wp\/v2\/media\/73156"}],"wp:attachment":[{"href":"https:\/\/clavreuil-wordpress.logiciel-arteo.fr\/en\/wp-json\/wp\/v2\/media?parent=73171"}],"wp:term":[{"taxonomy":"product_brand","embeddable":true,"href":"https:\/\/clavreuil-wordpress.logiciel-arteo.fr\/en\/wp-json\/wp\/v2\/product_brand?post=73171"},{"taxonomy":"product_cat","embeddable":true,"href":"https:\/\/clavreuil-wordpress.logiciel-arteo.fr\/en\/wp-json\/wp\/v2\/product_cat?post=73171"},{"taxonomy":"product_tag","embeddable":true,"href":"https:\/\/clavreuil-wordpress.logiciel-arteo.fr\/en\/wp-json\/wp\/v2\/product_tag?post=73171"}],"curies":[{"name":"wp","href":"https:\/\/api.w.org\/{rel}","templated":true}]}}