{"id":73183,"date":"2024-04-18T14:52:26","date_gmt":"2024-04-18T12:52:26","guid":{"rendered":"https:\/\/clavreuil-wordpress.logiciel-arteo.fr\/les-clematites-a-grandes-fleurs-clematides-maglenthes-description-et-iconographique-des-especes-cultivees-dans-larboretum-de-segres-alphonse-lavallee\/"},"modified":"2024-04-22T15:53:07","modified_gmt":"2024-04-22T13:53:07","slug":"les-clematites-a-grandes-fleurs-clematides-maglenthes-description-et-iconographique-des-especes-cultivees-dans-larboretum-de-segres-alphonse-lavallee","status":"publish","type":"product","link":"https:\/\/clavreuil-wordpress.logiciel-arteo.fr\/en\/les-clematites-a-grandes-fleurs-clematides-maglenthes-description-et-iconographique-des-especes-cultivees-dans-larboretum-de-segres-alphonse-lavallee\/","title":{"rendered":"LAVALLEE Alphonse Les Cl\u00e9matites \u00e0 grandes fleurs. Clematides..."},"content":{"rendered":"<p><em>Nissen, BBI, 1149.<\/em><\/p>\n<p>First edition. Alphonse Lavall&eacute;e (1797-1873) was the founder of the &Eacute;cole Centrale des Arts et Manufactures in Paris. His son (1835-1884), who bore the same name, described specimens grown in his own arboretum at Segrez in his fine book on clematis. The extensive collection contained not only European plants but also American ones. The beautiful plates are lithographed from life by B. Bergeron. Some occasional foxing. A very good copy.<\/p>\n","protected":false},"excerpt":{"rendered":"<p>Folio (345 x 265 mm) XII, 83 pp., 24 lithographed plates (numbered 1-22, Ibis, VIIbis). Original publisher&#039;s green buckram, gilt title on upper cover.<\/p>\n","protected":false},"featured_media":73172,"comment_status":"open","ping_status":"closed","template":"","meta":{"_acf_changed":false},"product_brand":[],"product_cat":[532],"product_tag":[590],"class_list":{"0":"post-73183","1":"product","2":"type-product","3":"status-publish","4":"has-post-thumbnail","6":"product_cat-botanical","7":"product_tag-botanical","8":"pa_auteur-alphonse-lavallee-2","9":"pa_type-de-livre-printed-book","11":"first","12":"instock","13":"shipping-taxable","14":"purchasable","15":"product-type-simple"},"acf":[],"yoast_head":"<!-- This site is optimized with the Yoast SEO plugin v24.3 - https:\/\/yoast.com\/wordpress\/plugins\/seo\/ -->\n<title>LAVALLEE Alphonse Les Cl\u00e9matites \u00e0 grandes fleurs. Clematides Maglenthes. Description et iconographique des esp\u00e8ces cultiv\u00e9es dans l&#039;arboretum de Segres. - Libairie Clavreuil<\/title>\n<meta name=\"robots\" content=\"noindex, follow, max-snippet:-1, max-image-preview:large, max-video-preview:-1\" \/>\n<meta property=\"og:locale\" content=\"en_US\" \/>\n<meta property=\"og:type\" content=\"article\" \/>\n<meta property=\"og:title\" content=\"LAVALLEE Alphonse Les Cl\u00e9matites \u00e0 grandes fleurs. Clematides Maglenthes. Description et iconographique des esp\u00e8ces cultiv\u00e9es dans l&#039;arboretum de Segres. - Libairie Clavreuil\" \/>\n<meta property=\"og:description\" content=\"Folio (345 x 265 mm) XII, 83 pp., 24 lithographed plates (numbered 1-22, Ibis, VIIbis). Original publisher&#039;s green buckram, gilt title on upper cover.\" \/>\n<meta property=\"og:url\" content=\"https:\/\/clavreuil-wordpress.logiciel-arteo.fr\/en\/les-clematites-a-grandes-fleurs-clematides-maglenthes-description-et-iconographique-des-especes-cultivees-dans-larboretum-de-segres-alphonse-lavallee\/\" \/>\n<meta property=\"og:site_name\" content=\"Libairie Clavreuil\" \/>\n<meta property=\"article:modified_time\" content=\"2024-04-22T13:53:07+00:00\" \/>\n<meta property=\"og:image\" content=\"https:\/\/clavreuil-wordpress.logiciel-arteo.fr\/wp-content\/uploads\/2024\/04\/alphonse-lavallee-les-clematites-a-grandes-fleurs-clematides-maglenthes-description-et-iconographique-des-especes-cultivees-dans-l-arboretum-de-segres-scaled.jpg\" \/>\n\t<meta property=\"og:image:width\" content=\"1920\" \/>\n\t<meta property=\"og:image:height\" content=\"2560\" \/>\n\t<meta property=\"og:image:type\" content=\"image\/jpeg\" \/>\n<meta name=\"twitter:card\" content=\"summary_large_image\" \/>\n<script type=\"application\/ld+json\" class=\"yoast-schema-graph\">{\"@context\":\"https:\/\/schema.org\",\"@graph\":[{\"@type\":\"WebPage\",\"@id\":\"https:\/\/clavreuil-wordpress.logiciel-arteo.fr\/en\/les-clematites-a-grandes-fleurs-clematides-maglenthes-description-et-iconographique-des-especes-cultivees-dans-larboretum-de-segres-alphonse-lavallee\/\",\"url\":\"https:\/\/clavreuil-wordpress.logiciel-arteo.fr\/en\/les-clematites-a-grandes-fleurs-clematides-maglenthes-description-et-iconographique-des-especes-cultivees-dans-larboretum-de-segres-alphonse-lavallee\/\",\"name\":\"LAVALLEE Alphonse Les Cl\u00e9matites \u00e0 grandes fleurs. Clematides Maglenthes. Description et iconographique des esp\u00e8ces cultiv\u00e9es dans l'arboretum de Segres. - Libairie Clavreuil\",\"isPartOf\":{\"@id\":\"https:\/\/clavreuil-wordpress.logiciel-arteo.fr\/#website\"},\"primaryImageOfPage\":{\"@id\":\"https:\/\/clavreuil-wordpress.logiciel-arteo.fr\/en\/les-clematites-a-grandes-fleurs-clematides-maglenthes-description-et-iconographique-des-especes-cultivees-dans-larboretum-de-segres-alphonse-lavallee\/#primaryimage\"},\"image\":{\"@id\":\"https:\/\/clavreuil-wordpress.logiciel-arteo.fr\/en\/les-clematites-a-grandes-fleurs-clematides-maglenthes-description-et-iconographique-des-especes-cultivees-dans-larboretum-de-segres-alphonse-lavallee\/#primaryimage\"},\"thumbnailUrl\":\"https:\/\/clavreuil-wordpress.logiciel-arteo.fr\/wp-content\/uploads\/2024\/04\/alphonse-lavallee-les-clematites-a-grandes-fleurs-clematides-maglenthes-description-et-iconographique-des-especes-cultivees-dans-l-arboretum-de-segres-scaled.jpg\",\"datePublished\":\"2024-04-18T12:52:26+00:00\",\"dateModified\":\"2024-04-22T13:53:07+00:00\",\"breadcrumb\":{\"@id\":\"https:\/\/clavreuil-wordpress.logiciel-arteo.fr\/en\/les-clematites-a-grandes-fleurs-clematides-maglenthes-description-et-iconographique-des-especes-cultivees-dans-larboretum-de-segres-alphonse-lavallee\/#breadcrumb\"},\"inLanguage\":\"en-US\",\"potentialAction\":[{\"@type\":\"ReadAction\",\"target\":[\"https:\/\/clavreuil-wordpress.logiciel-arteo.fr\/en\/les-clematites-a-grandes-fleurs-clematides-maglenthes-description-et-iconographique-des-especes-cultivees-dans-larboretum-de-segres-alphonse-lavallee\/\"]}]},{\"@type\":\"ImageObject\",\"inLanguage\":\"en-US\",\"@id\":\"https:\/\/clavreuil-wordpress.logiciel-arteo.fr\/en\/les-clematites-a-grandes-fleurs-clematides-maglenthes-description-et-iconographique-des-especes-cultivees-dans-larboretum-de-segres-alphonse-lavallee\/#primaryimage\",\"url\":\"https:\/\/clavreuil-wordpress.logiciel-arteo.fr\/wp-content\/uploads\/2024\/04\/alphonse-lavallee-les-clematites-a-grandes-fleurs-clematides-maglenthes-description-et-iconographique-des-especes-cultivees-dans-l-arboretum-de-segres-scaled.jpg\",\"contentUrl\":\"https:\/\/clavreuil-wordpress.logiciel-arteo.fr\/wp-content\/uploads\/2024\/04\/alphonse-lavallee-les-clematites-a-grandes-fleurs-clematides-maglenthes-description-et-iconographique-des-especes-cultivees-dans-l-arboretum-de-segres-scaled.jpg\",\"width\":1920,\"height\":2560},{\"@type\":\"BreadcrumbList\",\"@id\":\"https:\/\/clavreuil-wordpress.logiciel-arteo.fr\/en\/les-clematites-a-grandes-fleurs-clematides-maglenthes-description-et-iconographique-des-especes-cultivees-dans-larboretum-de-segres-alphonse-lavallee\/#breadcrumb\",\"itemListElement\":[{\"@type\":\"ListItem\",\"position\":1,\"name\":\"Accueil\",\"item\":\"https:\/\/clavreuil-wordpress.logiciel-arteo.fr\/\"},{\"@type\":\"ListItem\",\"position\":2,\"name\":\"All our books\",\"item\":\"https:\/\/clavreuil-wordpress.logiciel-arteo.fr\/en\/all-our-books\/\"},{\"@type\":\"ListItem\",\"position\":3,\"name\":\"LAVALLEE Alphonse Les Cl\u00e9matites \u00e0 grandes fleurs. Clematides...\"}]},{\"@type\":\"WebSite\",\"@id\":\"https:\/\/clavreuil-wordpress.logiciel-arteo.fr\/#website\",\"url\":\"https:\/\/clavreuil-wordpress.logiciel-arteo.fr\/\",\"name\":\"Libairie Clavreuil\",\"description\":\"\",\"publisher\":{\"@id\":\"https:\/\/clavreuil-wordpress.logiciel-arteo.fr\/#organization\"},\"potentialAction\":[{\"@type\":\"SearchAction\",\"target\":{\"@type\":\"EntryPoint\",\"urlTemplate\":\"https:\/\/clavreuil-wordpress.logiciel-arteo.fr\/?s={search_term_string}\"},\"query-input\":{\"@type\":\"PropertyValueSpecification\",\"valueRequired\":true,\"valueName\":\"search_term_string\"}}],\"inLanguage\":\"en-US\"},{\"@type\":\"Organization\",\"@id\":\"https:\/\/clavreuil-wordpress.logiciel-arteo.fr\/#organization\",\"name\":\"Libairie Clavreuil\",\"url\":\"https:\/\/clavreuil-wordpress.logiciel-arteo.fr\/\",\"logo\":{\"@type\":\"ImageObject\",\"inLanguage\":\"en-US\",\"@id\":\"https:\/\/clavreuil-wordpress.logiciel-arteo.fr\/#\/schema\/logo\/image\/\",\"url\":\"https:\/\/clavreuil-wordpress.logiciel-arteo.fr\/wp-content\/uploads\/2021\/05\/LOGO_PNG_DATE-_gold.png\",\"contentUrl\":\"https:\/\/clavreuil-wordpress.logiciel-arteo.fr\/wp-content\/uploads\/2021\/05\/LOGO_PNG_DATE-_gold.png\",\"width\":2083,\"height\":1917,\"caption\":\"Libairie Clavreuil\"},\"image\":{\"@id\":\"https:\/\/clavreuil-wordpress.logiciel-arteo.fr\/#\/schema\/logo\/image\/\"}}]}<\/script>\n<!-- \/ Yoast SEO plugin. -->","yoast_head_json":{"title":"LAVALLEE Alphonse Les Cl\u00e9matites \u00e0 grandes fleurs. Clematides Maglenthes. Description et iconographique des esp\u00e8ces cultiv\u00e9es dans l'arboretum de Segres. - Libairie Clavreuil","robots":{"index":"noindex","follow":"follow","max-snippet":"max-snippet:-1","max-image-preview":"max-image-preview:large","max-video-preview":"max-video-preview:-1"},"og_locale":"en_US","og_type":"article","og_title":"LAVALLEE Alphonse Les Cl\u00e9matites \u00e0 grandes fleurs. Clematides Maglenthes. Description et iconographique des esp\u00e8ces cultiv\u00e9es dans l'arboretum de Segres. - Libairie Clavreuil","og_description":"Folio (345 x 265 mm) XII, 83 pp., 24 lithographed plates (numbered 1-22, Ibis, VIIbis). Original publisher&#039;s green buckram, gilt title on upper cover.","og_url":"https:\/\/clavreuil-wordpress.logiciel-arteo.fr\/en\/les-clematites-a-grandes-fleurs-clematides-maglenthes-description-et-iconographique-des-especes-cultivees-dans-larboretum-de-segres-alphonse-lavallee\/","og_site_name":"Libairie Clavreuil","article_modified_time":"2024-04-22T13:53:07+00:00","og_image":[{"width":1920,"height":2560,"url":"https:\/\/clavreuil-wordpress.logiciel-arteo.fr\/wp-content\/uploads\/2024\/04\/alphonse-lavallee-les-clematites-a-grandes-fleurs-clematides-maglenthes-description-et-iconographique-des-especes-cultivees-dans-l-arboretum-de-segres-scaled.jpg","type":"image\/jpeg"}],"twitter_card":"summary_large_image","schema":{"@context":"https:\/\/schema.org","@graph":[{"@type":"WebPage","@id":"https:\/\/clavreuil-wordpress.logiciel-arteo.fr\/en\/les-clematites-a-grandes-fleurs-clematides-maglenthes-description-et-iconographique-des-especes-cultivees-dans-larboretum-de-segres-alphonse-lavallee\/","url":"https:\/\/clavreuil-wordpress.logiciel-arteo.fr\/en\/les-clematites-a-grandes-fleurs-clematides-maglenthes-description-et-iconographique-des-especes-cultivees-dans-larboretum-de-segres-alphonse-lavallee\/","name":"LAVALLEE Alphonse Les Cl\u00e9matites \u00e0 grandes fleurs. Clematides Maglenthes. Description et iconographique des esp\u00e8ces cultiv\u00e9es dans l'arboretum de Segres. - Libairie Clavreuil","isPartOf":{"@id":"https:\/\/clavreuil-wordpress.logiciel-arteo.fr\/#website"},"primaryImageOfPage":{"@id":"https:\/\/clavreuil-wordpress.logiciel-arteo.fr\/en\/les-clematites-a-grandes-fleurs-clematides-maglenthes-description-et-iconographique-des-especes-cultivees-dans-larboretum-de-segres-alphonse-lavallee\/#primaryimage"},"image":{"@id":"https:\/\/clavreuil-wordpress.logiciel-arteo.fr\/en\/les-clematites-a-grandes-fleurs-clematides-maglenthes-description-et-iconographique-des-especes-cultivees-dans-larboretum-de-segres-alphonse-lavallee\/#primaryimage"},"thumbnailUrl":"https:\/\/clavreuil-wordpress.logiciel-arteo.fr\/wp-content\/uploads\/2024\/04\/alphonse-lavallee-les-clematites-a-grandes-fleurs-clematides-maglenthes-description-et-iconographique-des-especes-cultivees-dans-l-arboretum-de-segres-scaled.jpg","datePublished":"2024-04-18T12:52:26+00:00","dateModified":"2024-04-22T13:53:07+00:00","breadcrumb":{"@id":"https:\/\/clavreuil-wordpress.logiciel-arteo.fr\/en\/les-clematites-a-grandes-fleurs-clematides-maglenthes-description-et-iconographique-des-especes-cultivees-dans-larboretum-de-segres-alphonse-lavallee\/#breadcrumb"},"inLanguage":"en-US","potentialAction":[{"@type":"ReadAction","target":["https:\/\/clavreuil-wordpress.logiciel-arteo.fr\/en\/les-clematites-a-grandes-fleurs-clematides-maglenthes-description-et-iconographique-des-especes-cultivees-dans-larboretum-de-segres-alphonse-lavallee\/"]}]},{"@type":"ImageObject","inLanguage":"en-US","@id":"https:\/\/clavreuil-wordpress.logiciel-arteo.fr\/en\/les-clematites-a-grandes-fleurs-clematides-maglenthes-description-et-iconographique-des-especes-cultivees-dans-larboretum-de-segres-alphonse-lavallee\/#primaryimage","url":"https:\/\/clavreuil-wordpress.logiciel-arteo.fr\/wp-content\/uploads\/2024\/04\/alphonse-lavallee-les-clematites-a-grandes-fleurs-clematides-maglenthes-description-et-iconographique-des-especes-cultivees-dans-l-arboretum-de-segres-scaled.jpg","contentUrl":"https:\/\/clavreuil-wordpress.logiciel-arteo.fr\/wp-content\/uploads\/2024\/04\/alphonse-lavallee-les-clematites-a-grandes-fleurs-clematides-maglenthes-description-et-iconographique-des-especes-cultivees-dans-l-arboretum-de-segres-scaled.jpg","width":1920,"height":2560},{"@type":"BreadcrumbList","@id":"https:\/\/clavreuil-wordpress.logiciel-arteo.fr\/en\/les-clematites-a-grandes-fleurs-clematides-maglenthes-description-et-iconographique-des-especes-cultivees-dans-larboretum-de-segres-alphonse-lavallee\/#breadcrumb","itemListElement":[{"@type":"ListItem","position":1,"name":"Accueil","item":"https:\/\/clavreuil-wordpress.logiciel-arteo.fr\/"},{"@type":"ListItem","position":2,"name":"All our books","item":"https:\/\/clavreuil-wordpress.logiciel-arteo.fr\/en\/all-our-books\/"},{"@type":"ListItem","position":3,"name":"LAVALLEE Alphonse Les Cl\u00e9matites \u00e0 grandes fleurs. Clematides..."}]},{"@type":"WebSite","@id":"https:\/\/clavreuil-wordpress.logiciel-arteo.fr\/#website","url":"https:\/\/clavreuil-wordpress.logiciel-arteo.fr\/","name":"Libairie Clavreuil","description":"","publisher":{"@id":"https:\/\/clavreuil-wordpress.logiciel-arteo.fr\/#organization"},"potentialAction":[{"@type":"SearchAction","target":{"@type":"EntryPoint","urlTemplate":"https:\/\/clavreuil-wordpress.logiciel-arteo.fr\/?s={search_term_string}"},"query-input":{"@type":"PropertyValueSpecification","valueRequired":true,"valueName":"search_term_string"}}],"inLanguage":"en-US"},{"@type":"Organization","@id":"https:\/\/clavreuil-wordpress.logiciel-arteo.fr\/#organization","name":"Libairie Clavreuil","url":"https:\/\/clavreuil-wordpress.logiciel-arteo.fr\/","logo":{"@type":"ImageObject","inLanguage":"en-US","@id":"https:\/\/clavreuil-wordpress.logiciel-arteo.fr\/#\/schema\/logo\/image\/","url":"https:\/\/clavreuil-wordpress.logiciel-arteo.fr\/wp-content\/uploads\/2021\/05\/LOGO_PNG_DATE-_gold.png","contentUrl":"https:\/\/clavreuil-wordpress.logiciel-arteo.fr\/wp-content\/uploads\/2021\/05\/LOGO_PNG_DATE-_gold.png","width":2083,"height":1917,"caption":"Libairie Clavreuil"},"image":{"@id":"https:\/\/clavreuil-wordpress.logiciel-arteo.fr\/#\/schema\/logo\/image\/"}}]}},"_links":{"self":[{"href":"https:\/\/clavreuil-wordpress.logiciel-arteo.fr\/en\/wp-json\/wp\/v2\/product\/73183","targetHints":{"allow":["GET"]}}],"collection":[{"href":"https:\/\/clavreuil-wordpress.logiciel-arteo.fr\/en\/wp-json\/wp\/v2\/product"}],"about":[{"href":"https:\/\/clavreuil-wordpress.logiciel-arteo.fr\/en\/wp-json\/wp\/v2\/types\/product"}],"replies":[{"embeddable":true,"href":"https:\/\/clavreuil-wordpress.logiciel-arteo.fr\/en\/wp-json\/wp\/v2\/comments?post=73183"}],"wp:featuredmedia":[{"embeddable":true,"href":"https:\/\/clavreuil-wordpress.logiciel-arteo.fr\/en\/wp-json\/wp\/v2\/media\/73172"}],"wp:attachment":[{"href":"https:\/\/clavreuil-wordpress.logiciel-arteo.fr\/en\/wp-json\/wp\/v2\/media?parent=73183"}],"wp:term":[{"taxonomy":"product_brand","embeddable":true,"href":"https:\/\/clavreuil-wordpress.logiciel-arteo.fr\/en\/wp-json\/wp\/v2\/product_brand?post=73183"},{"taxonomy":"product_cat","embeddable":true,"href":"https:\/\/clavreuil-wordpress.logiciel-arteo.fr\/en\/wp-json\/wp\/v2\/product_cat?post=73183"},{"taxonomy":"product_tag","embeddable":true,"href":"https:\/\/clavreuil-wordpress.logiciel-arteo.fr\/en\/wp-json\/wp\/v2\/product_tag?post=73183"}],"curies":[{"name":"wp","href":"https:\/\/api.w.org\/{rel}","templated":true}]}}