{"id":73207,"date":"2024-04-18T15:06:41","date_gmt":"2024-04-18T13:06:41","guid":{"rendered":"https:\/\/clavreuil-wordpress.logiciel-arteo.fr\/des-maladies-mentales-considerees-sous-les-rapports-medical-hygienique-et-medico-legal-e-esquirol\/"},"modified":"2024-04-22T15:45:20","modified_gmt":"2024-04-22T13:45:20","slug":"des-maladies-mentales-considerees-sous-les-rapports-medical-hygienique-et-medico-legal-e-esquirol","status":"publish","type":"product","link":"https:\/\/clavreuil-wordpress.logiciel-arteo.fr\/en\/des-maladies-mentales-considerees-sous-les-rapports-medical-hygienique-et-medico-legal-e-esquirol\/","title":{"rendered":"ESQUIROL E. Des maladies mentales consid\u00e9r\u00e9es sous les..."},"content":{"rendered":"<p style=\"text-align:justify\"><em>Garrison-Morton, 4929; Heirs of Hippocrates, 1268; Cat. Norman, 724.<\/em><\/p>\n<p style=\"text-align:justify\">First edition of the first modern work on psychiatry, one of the first systematic attempts to classify the varieties of mental illness.<\/p>\n<p style=\"text-align:justify\">Here Jean-Etienne Esquirol (1772-1840) is the first to apply statistical methods in the clinical study of madness, making the first distinction between hallucinations and illusions.<\/p>\n<p style=\"text-align:justify\">&quot;Esquirol sought to classify and describe the various kinds of insanity he encountered in his practice. Esquirol coined the term monomania, a concept which anticipated the modern view of schizophrenia, and he was the first to distinguish hallucination from illusion&#8230; Des maladies mentales the work for which he is best known, served as a basic text in psychiatry for over fifty years&quot; (Heirs).<\/p>\n<p style=\"text-align:justify\">&quot;Along with Pinel, Esquirol is regarded as the founder of the French school of psychiatry&quot; (Cat. Norman, p.260).<\/p>\n<p style=\"text-align:justify\">Fine copy, complete.<\/p>\n","protected":false},"excerpt":{"rendered":"<p>2 text volumes, 8vo (206 x 133 mm) XVIII, 678 pp. for volume I; 2 unn.ll., 864 pp. for volume II; atlas, 4to (233 x 161 mm) with 27 plates. Text in contemporary red shagreen backed boards, atlas in the original printed wrappers.<\/p>\n","protected":false},"featured_media":73196,"comment_status":"open","ping_status":"closed","template":"","meta":{"_acf_changed":false},"product_brand":[],"product_cat":[548],"product_tag":[1314,1310],"class_list":{"0":"post-73207","1":"product","2":"type-product","3":"status-publish","4":"has-post-thumbnail","6":"product_cat-medicine","7":"product_tag-general-psychiatry","8":"product_tag-psychiatry","9":"pa_auteur-e-esquirol-2","10":"pa_type-de-livre-printed-book","12":"first","13":"instock","14":"shipping-taxable","15":"purchasable","16":"product-type-simple"},"acf":[],"yoast_head":"<!-- This site is optimized with the Yoast SEO plugin v24.3 - https:\/\/yoast.com\/wordpress\/plugins\/seo\/ -->\n<title>ESQUIROL E. Des maladies mentales consid\u00e9r\u00e9es sous les rapports m\u00e9dical, hygi\u00e9nique et m\u00e9dico-l\u00e9gal. - Libairie Clavreuil<\/title>\n<meta name=\"robots\" content=\"noindex, follow, max-snippet:-1, max-image-preview:large, max-video-preview:-1\" \/>\n<meta property=\"og:locale\" content=\"en_US\" \/>\n<meta property=\"og:type\" content=\"article\" \/>\n<meta property=\"og:title\" content=\"ESQUIROL E. Des maladies mentales consid\u00e9r\u00e9es sous les rapports m\u00e9dical, hygi\u00e9nique et m\u00e9dico-l\u00e9gal. - Libairie Clavreuil\" \/>\n<meta property=\"og:description\" content=\"2 text volumes, 8vo (206 x 133 mm) XVIII, 678 pp. for volume I; 2 unn.ll., 864 pp. for volume II; atlas, 4to (233 x 161 mm) with 27 plates. Text in contemporary red shagreen backed boards, atlas in the original printed wrappers.\" \/>\n<meta property=\"og:url\" content=\"https:\/\/clavreuil-wordpress.logiciel-arteo.fr\/en\/des-maladies-mentales-considerees-sous-les-rapports-medical-hygienique-et-medico-legal-e-esquirol\/\" \/>\n<meta property=\"og:site_name\" content=\"Libairie Clavreuil\" \/>\n<meta property=\"article:modified_time\" content=\"2024-04-22T13:45:20+00:00\" \/>\n<meta property=\"og:image\" content=\"https:\/\/clavreuil-wordpress.logiciel-arteo.fr\/wp-content\/uploads\/2024\/04\/e-esquirol-des-maladies-mentales-considerees-sous-les-rapports-medical-hygienique-et-medico-legal-5110-65982120a675f-scaled.jpg\" \/>\n\t<meta property=\"og:image:width\" content=\"1920\" \/>\n\t<meta property=\"og:image:height\" content=\"2560\" \/>\n\t<meta property=\"og:image:type\" content=\"image\/jpeg\" \/>\n<meta name=\"twitter:card\" content=\"summary_large_image\" \/>\n<meta name=\"twitter:label1\" content=\"Est. reading time\" \/>\n\t<meta name=\"twitter:data1\" content=\"1 minute\" \/>\n<script type=\"application\/ld+json\" class=\"yoast-schema-graph\">{\"@context\":\"https:\/\/schema.org\",\"@graph\":[{\"@type\":\"WebPage\",\"@id\":\"https:\/\/clavreuil-wordpress.logiciel-arteo.fr\/en\/des-maladies-mentales-considerees-sous-les-rapports-medical-hygienique-et-medico-legal-e-esquirol\/\",\"url\":\"https:\/\/clavreuil-wordpress.logiciel-arteo.fr\/en\/des-maladies-mentales-considerees-sous-les-rapports-medical-hygienique-et-medico-legal-e-esquirol\/\",\"name\":\"ESQUIROL E. Des maladies mentales consid\u00e9r\u00e9es sous les rapports m\u00e9dical, hygi\u00e9nique et m\u00e9dico-l\u00e9gal. - Libairie Clavreuil\",\"isPartOf\":{\"@id\":\"https:\/\/clavreuil-wordpress.logiciel-arteo.fr\/#website\"},\"primaryImageOfPage\":{\"@id\":\"https:\/\/clavreuil-wordpress.logiciel-arteo.fr\/en\/des-maladies-mentales-considerees-sous-les-rapports-medical-hygienique-et-medico-legal-e-esquirol\/#primaryimage\"},\"image\":{\"@id\":\"https:\/\/clavreuil-wordpress.logiciel-arteo.fr\/en\/des-maladies-mentales-considerees-sous-les-rapports-medical-hygienique-et-medico-legal-e-esquirol\/#primaryimage\"},\"thumbnailUrl\":\"https:\/\/clavreuil-wordpress.logiciel-arteo.fr\/wp-content\/uploads\/2024\/04\/e-esquirol-des-maladies-mentales-considerees-sous-les-rapports-medical-hygienique-et-medico-legal-5110-65982120a675f-scaled.jpg\",\"datePublished\":\"2024-04-18T13:06:41+00:00\",\"dateModified\":\"2024-04-22T13:45:20+00:00\",\"breadcrumb\":{\"@id\":\"https:\/\/clavreuil-wordpress.logiciel-arteo.fr\/en\/des-maladies-mentales-considerees-sous-les-rapports-medical-hygienique-et-medico-legal-e-esquirol\/#breadcrumb\"},\"inLanguage\":\"en-US\",\"potentialAction\":[{\"@type\":\"ReadAction\",\"target\":[\"https:\/\/clavreuil-wordpress.logiciel-arteo.fr\/en\/des-maladies-mentales-considerees-sous-les-rapports-medical-hygienique-et-medico-legal-e-esquirol\/\"]}]},{\"@type\":\"ImageObject\",\"inLanguage\":\"en-US\",\"@id\":\"https:\/\/clavreuil-wordpress.logiciel-arteo.fr\/en\/des-maladies-mentales-considerees-sous-les-rapports-medical-hygienique-et-medico-legal-e-esquirol\/#primaryimage\",\"url\":\"https:\/\/clavreuil-wordpress.logiciel-arteo.fr\/wp-content\/uploads\/2024\/04\/e-esquirol-des-maladies-mentales-considerees-sous-les-rapports-medical-hygienique-et-medico-legal-5110-65982120a675f-scaled.jpg\",\"contentUrl\":\"https:\/\/clavreuil-wordpress.logiciel-arteo.fr\/wp-content\/uploads\/2024\/04\/e-esquirol-des-maladies-mentales-considerees-sous-les-rapports-medical-hygienique-et-medico-legal-5110-65982120a675f-scaled.jpg\",\"width\":1920,\"height\":2560},{\"@type\":\"BreadcrumbList\",\"@id\":\"https:\/\/clavreuil-wordpress.logiciel-arteo.fr\/en\/des-maladies-mentales-considerees-sous-les-rapports-medical-hygienique-et-medico-legal-e-esquirol\/#breadcrumb\",\"itemListElement\":[{\"@type\":\"ListItem\",\"position\":1,\"name\":\"Accueil\",\"item\":\"https:\/\/clavreuil-wordpress.logiciel-arteo.fr\/\"},{\"@type\":\"ListItem\",\"position\":2,\"name\":\"All our books\",\"item\":\"https:\/\/clavreuil-wordpress.logiciel-arteo.fr\/en\/all-our-books\/\"},{\"@type\":\"ListItem\",\"position\":3,\"name\":\"ESQUIROL E. Des maladies mentales consid\u00e9r\u00e9es sous les...\"}]},{\"@type\":\"WebSite\",\"@id\":\"https:\/\/clavreuil-wordpress.logiciel-arteo.fr\/#website\",\"url\":\"https:\/\/clavreuil-wordpress.logiciel-arteo.fr\/\",\"name\":\"Libairie Clavreuil\",\"description\":\"\",\"publisher\":{\"@id\":\"https:\/\/clavreuil-wordpress.logiciel-arteo.fr\/#organization\"},\"potentialAction\":[{\"@type\":\"SearchAction\",\"target\":{\"@type\":\"EntryPoint\",\"urlTemplate\":\"https:\/\/clavreuil-wordpress.logiciel-arteo.fr\/?s={search_term_string}\"},\"query-input\":{\"@type\":\"PropertyValueSpecification\",\"valueRequired\":true,\"valueName\":\"search_term_string\"}}],\"inLanguage\":\"en-US\"},{\"@type\":\"Organization\",\"@id\":\"https:\/\/clavreuil-wordpress.logiciel-arteo.fr\/#organization\",\"name\":\"Libairie Clavreuil\",\"url\":\"https:\/\/clavreuil-wordpress.logiciel-arteo.fr\/\",\"logo\":{\"@type\":\"ImageObject\",\"inLanguage\":\"en-US\",\"@id\":\"https:\/\/clavreuil-wordpress.logiciel-arteo.fr\/#\/schema\/logo\/image\/\",\"url\":\"https:\/\/clavreuil-wordpress.logiciel-arteo.fr\/wp-content\/uploads\/2021\/05\/LOGO_PNG_DATE-_gold.png\",\"contentUrl\":\"https:\/\/clavreuil-wordpress.logiciel-arteo.fr\/wp-content\/uploads\/2021\/05\/LOGO_PNG_DATE-_gold.png\",\"width\":2083,\"height\":1917,\"caption\":\"Libairie Clavreuil\"},\"image\":{\"@id\":\"https:\/\/clavreuil-wordpress.logiciel-arteo.fr\/#\/schema\/logo\/image\/\"}}]}<\/script>\n<!-- \/ Yoast SEO plugin. -->","yoast_head_json":{"title":"ESQUIROL E. Des maladies mentales consid\u00e9r\u00e9es sous les rapports m\u00e9dical, hygi\u00e9nique et m\u00e9dico-l\u00e9gal. - Libairie Clavreuil","robots":{"index":"noindex","follow":"follow","max-snippet":"max-snippet:-1","max-image-preview":"max-image-preview:large","max-video-preview":"max-video-preview:-1"},"og_locale":"en_US","og_type":"article","og_title":"ESQUIROL E. Des maladies mentales consid\u00e9r\u00e9es sous les rapports m\u00e9dical, hygi\u00e9nique et m\u00e9dico-l\u00e9gal. - Libairie Clavreuil","og_description":"2 text volumes, 8vo (206 x 133 mm) XVIII, 678 pp. for volume I; 2 unn.ll., 864 pp. for volume II; atlas, 4to (233 x 161 mm) with 27 plates. Text in contemporary red shagreen backed boards, atlas in the original printed wrappers.","og_url":"https:\/\/clavreuil-wordpress.logiciel-arteo.fr\/en\/des-maladies-mentales-considerees-sous-les-rapports-medical-hygienique-et-medico-legal-e-esquirol\/","og_site_name":"Libairie Clavreuil","article_modified_time":"2024-04-22T13:45:20+00:00","og_image":[{"width":1920,"height":2560,"url":"https:\/\/clavreuil-wordpress.logiciel-arteo.fr\/wp-content\/uploads\/2024\/04\/e-esquirol-des-maladies-mentales-considerees-sous-les-rapports-medical-hygienique-et-medico-legal-5110-65982120a675f-scaled.jpg","type":"image\/jpeg"}],"twitter_card":"summary_large_image","twitter_misc":{"Est. reading time":"1 minute"},"schema":{"@context":"https:\/\/schema.org","@graph":[{"@type":"WebPage","@id":"https:\/\/clavreuil-wordpress.logiciel-arteo.fr\/en\/des-maladies-mentales-considerees-sous-les-rapports-medical-hygienique-et-medico-legal-e-esquirol\/","url":"https:\/\/clavreuil-wordpress.logiciel-arteo.fr\/en\/des-maladies-mentales-considerees-sous-les-rapports-medical-hygienique-et-medico-legal-e-esquirol\/","name":"ESQUIROL E. Des maladies mentales consid\u00e9r\u00e9es sous les rapports m\u00e9dical, hygi\u00e9nique et m\u00e9dico-l\u00e9gal. - Libairie Clavreuil","isPartOf":{"@id":"https:\/\/clavreuil-wordpress.logiciel-arteo.fr\/#website"},"primaryImageOfPage":{"@id":"https:\/\/clavreuil-wordpress.logiciel-arteo.fr\/en\/des-maladies-mentales-considerees-sous-les-rapports-medical-hygienique-et-medico-legal-e-esquirol\/#primaryimage"},"image":{"@id":"https:\/\/clavreuil-wordpress.logiciel-arteo.fr\/en\/des-maladies-mentales-considerees-sous-les-rapports-medical-hygienique-et-medico-legal-e-esquirol\/#primaryimage"},"thumbnailUrl":"https:\/\/clavreuil-wordpress.logiciel-arteo.fr\/wp-content\/uploads\/2024\/04\/e-esquirol-des-maladies-mentales-considerees-sous-les-rapports-medical-hygienique-et-medico-legal-5110-65982120a675f-scaled.jpg","datePublished":"2024-04-18T13:06:41+00:00","dateModified":"2024-04-22T13:45:20+00:00","breadcrumb":{"@id":"https:\/\/clavreuil-wordpress.logiciel-arteo.fr\/en\/des-maladies-mentales-considerees-sous-les-rapports-medical-hygienique-et-medico-legal-e-esquirol\/#breadcrumb"},"inLanguage":"en-US","potentialAction":[{"@type":"ReadAction","target":["https:\/\/clavreuil-wordpress.logiciel-arteo.fr\/en\/des-maladies-mentales-considerees-sous-les-rapports-medical-hygienique-et-medico-legal-e-esquirol\/"]}]},{"@type":"ImageObject","inLanguage":"en-US","@id":"https:\/\/clavreuil-wordpress.logiciel-arteo.fr\/en\/des-maladies-mentales-considerees-sous-les-rapports-medical-hygienique-et-medico-legal-e-esquirol\/#primaryimage","url":"https:\/\/clavreuil-wordpress.logiciel-arteo.fr\/wp-content\/uploads\/2024\/04\/e-esquirol-des-maladies-mentales-considerees-sous-les-rapports-medical-hygienique-et-medico-legal-5110-65982120a675f-scaled.jpg","contentUrl":"https:\/\/clavreuil-wordpress.logiciel-arteo.fr\/wp-content\/uploads\/2024\/04\/e-esquirol-des-maladies-mentales-considerees-sous-les-rapports-medical-hygienique-et-medico-legal-5110-65982120a675f-scaled.jpg","width":1920,"height":2560},{"@type":"BreadcrumbList","@id":"https:\/\/clavreuil-wordpress.logiciel-arteo.fr\/en\/des-maladies-mentales-considerees-sous-les-rapports-medical-hygienique-et-medico-legal-e-esquirol\/#breadcrumb","itemListElement":[{"@type":"ListItem","position":1,"name":"Accueil","item":"https:\/\/clavreuil-wordpress.logiciel-arteo.fr\/"},{"@type":"ListItem","position":2,"name":"All our books","item":"https:\/\/clavreuil-wordpress.logiciel-arteo.fr\/en\/all-our-books\/"},{"@type":"ListItem","position":3,"name":"ESQUIROL E. Des maladies mentales consid\u00e9r\u00e9es sous les..."}]},{"@type":"WebSite","@id":"https:\/\/clavreuil-wordpress.logiciel-arteo.fr\/#website","url":"https:\/\/clavreuil-wordpress.logiciel-arteo.fr\/","name":"Libairie Clavreuil","description":"","publisher":{"@id":"https:\/\/clavreuil-wordpress.logiciel-arteo.fr\/#organization"},"potentialAction":[{"@type":"SearchAction","target":{"@type":"EntryPoint","urlTemplate":"https:\/\/clavreuil-wordpress.logiciel-arteo.fr\/?s={search_term_string}"},"query-input":{"@type":"PropertyValueSpecification","valueRequired":true,"valueName":"search_term_string"}}],"inLanguage":"en-US"},{"@type":"Organization","@id":"https:\/\/clavreuil-wordpress.logiciel-arteo.fr\/#organization","name":"Libairie Clavreuil","url":"https:\/\/clavreuil-wordpress.logiciel-arteo.fr\/","logo":{"@type":"ImageObject","inLanguage":"en-US","@id":"https:\/\/clavreuil-wordpress.logiciel-arteo.fr\/#\/schema\/logo\/image\/","url":"https:\/\/clavreuil-wordpress.logiciel-arteo.fr\/wp-content\/uploads\/2021\/05\/LOGO_PNG_DATE-_gold.png","contentUrl":"https:\/\/clavreuil-wordpress.logiciel-arteo.fr\/wp-content\/uploads\/2021\/05\/LOGO_PNG_DATE-_gold.png","width":2083,"height":1917,"caption":"Libairie Clavreuil"},"image":{"@id":"https:\/\/clavreuil-wordpress.logiciel-arteo.fr\/#\/schema\/logo\/image\/"}}]}},"_links":{"self":[{"href":"https:\/\/clavreuil-wordpress.logiciel-arteo.fr\/en\/wp-json\/wp\/v2\/product\/73207","targetHints":{"allow":["GET"]}}],"collection":[{"href":"https:\/\/clavreuil-wordpress.logiciel-arteo.fr\/en\/wp-json\/wp\/v2\/product"}],"about":[{"href":"https:\/\/clavreuil-wordpress.logiciel-arteo.fr\/en\/wp-json\/wp\/v2\/types\/product"}],"replies":[{"embeddable":true,"href":"https:\/\/clavreuil-wordpress.logiciel-arteo.fr\/en\/wp-json\/wp\/v2\/comments?post=73207"}],"wp:featuredmedia":[{"embeddable":true,"href":"https:\/\/clavreuil-wordpress.logiciel-arteo.fr\/en\/wp-json\/wp\/v2\/media\/73196"}],"wp:attachment":[{"href":"https:\/\/clavreuil-wordpress.logiciel-arteo.fr\/en\/wp-json\/wp\/v2\/media?parent=73207"}],"wp:term":[{"taxonomy":"product_brand","embeddable":true,"href":"https:\/\/clavreuil-wordpress.logiciel-arteo.fr\/en\/wp-json\/wp\/v2\/product_brand?post=73207"},{"taxonomy":"product_cat","embeddable":true,"href":"https:\/\/clavreuil-wordpress.logiciel-arteo.fr\/en\/wp-json\/wp\/v2\/product_cat?post=73207"},{"taxonomy":"product_tag","embeddable":true,"href":"https:\/\/clavreuil-wordpress.logiciel-arteo.fr\/en\/wp-json\/wp\/v2\/product_tag?post=73207"}],"curies":[{"name":"wp","href":"https:\/\/api.w.org\/{rel}","templated":true}]}}