{"id":73227,"date":"2024-04-18T15:08:40","date_gmt":"2024-04-18T13:08:40","guid":{"rendered":"https:\/\/clavreuil-wordpress.logiciel-arteo.fr\/expose-de-ce-qui-sest-passe-dans-un-comite-de-convulsionnaires-tenu-a-paris-le-10-fevrier-apres-midi-convulsionnaires-manuscrit\/"},"modified":"2024-04-22T15:12:51","modified_gmt":"2024-04-22T13:12:51","slug":"expose-de-ce-qui-sest-passe-dans-un-comite-de-convulsionnaires-tenu-a-paris-le-10-fevrier-apres-midi-convulsionnaires-manuscrit","status":"publish","type":"product","link":"https:\/\/clavreuil-wordpress.logiciel-arteo.fr\/en\/expose-de-ce-qui-sest-passe-dans-un-comite-de-convulsionnaires-tenu-a-paris-le-10-fevrier-apres-midi-convulsionnaires-manuscrit\/","title":{"rendered":"CONVULSIONNAIRES &#8211; MANUSCRIT Expos\u00e9 de ce qui s&#8217;est..."},"content":{"rendered":"<p style=\"text-align:justify\"><em>&nbsp;Biblioth&egrave;que Guy Bechtel, cat. 1978, n&deg; 89.<\/em><\/p>\n<p>An astonishing handwritten account of a convulsion demonstration.<\/p>\n<p>The document is signed Morand, possibly the surgeon Sauveur Fran&ccedil;ois Morand or his son Jean-Fran&ccedil;ois, also a doctor and a resident of the Acad&eacute;mie des Sciences.<\/p>\n<p>The author, obviously a doctor, had anonymously entered a Paris flat where a meeting of convulsionaries was to be held. He attended the entire ceremony, which he recounts in detail.<\/p>\n<p style=\"text-align:justify\">Four convulsionaries enter the trance in succession: Sister Rachel, Sister F&eacute;licit&eacute;, Sister Sion and Sister Suzanne. A male figure in a dressing gown, called Papa by the convulsionaries, is the master of ceremonies.<\/p>\n<p style=\"text-align:justify\">&quot;Si l&#039;on en juge par les contorsions, par les raidissements des membres, dans lesquels les poignets se ferment et les doigts se serrent fortement, par les postures dans lesquelles on voit le visage rougir, la gorge se resserrer ou se gonfler, dans lesquelles la respiration tremblante, gesn&eacute;e, retenue ou forc&eacute;e est entrecoup&eacute;e de sanglots, de soupirs, de sons plaintifs (&#8230;) tout contribue &agrave; faire passer (&#8230;) l&#039;id&eacute;e d&#039;une situation violente, d&#039;un &eacute;tat de douleur, et d&#039;une personne menac&eacute;e de suffocation&#8230; Dans quelques acc&egrave;s particuliers o&ugrave; les s&oelig;urs saisies d&#039;une esp&egrave;ce de delyre ou d&#039;extase, semblent revenues &agrave; un &eacute;tat de simplicit&eacute; et d&#039;innocence dans un degr&eacute; approchant l&#039;enfance ces secours qui r&eacute;pugneraient &agrave; bien du monde, sont sollicit&eacute;s, sous le titre de NANAN.&quot; Les &quot;secours&quot; sont en fait les souffrances vari&eacute;es inflig&eacute;es par &quot;papa&quot; : deux s&oelig;urs sont successivement crucifi&eacute;es, sans le moindre signe de douleur (l&#039;une d&#039;entre elles d&eacute;clare subir la crucifixion pour la 21e fois). &quot;Les clous qui sont employ&eacute;s &agrave; cette op&eacute;ration, sont de l&#039;esp&egrave;ce dite Demi Picard, tr&egrave;s aigus et longs de 5 pouces&quot; (l&#039;auteur parviendra &agrave; en subtiliser un). L&#039;une d&#039;entre elles &quot;non contente de cet essay, a tout de suite demand&eacute; que sa langue fut fendue ; il lui a &eacute;t&eacute; donn&eacute; satisfaction&quot;; une autre s&oelig;ur choisit la b&ucirc;che &quot;un gros tron&ccedil;on de bois de chesne rond, lisse et poli&#8230;&quot; &agrave; l&#039;aide duquel &quot;papa&quot; pilonne son dos ; une autre demande la sangle.<\/p>\n<p style=\"text-align:justify\">Morand observed the pulse, breathing and other signs of convulsions with the practised eye of a doctor. He points out that &quot;malgr&eacute; l&#039;intr&eacute;pidit&eacute; d&eacute;cid&eacute;e&quot; de l&#039;officiant, &quot;les secours en usage dans l&#039;&oelig;uvre des convulsions, ne sont pas pr&eacute;cis&eacute;ment ce qu&#039;ils paraissent au premier coup d&#039;&oelig;il&quot;, l&#039;homme &quot;poss&egrave;de l&#039;art et le talent de [les] rendre supportables&quot;.<\/p>\n<p style=\"text-align:justify\">At the end of the volume is an account of another session attended by a number of prominent figures, during which the police intervened, arresting &quot;le papa et les s&oelig;urs qui &eacute;taient au nombre de six&quot;.<\/p>\n<p>It is followed by the report of the hearing, written by another hand.<\/p>\n<p>The author worked on his text, crossing it out and correcting it several times (for a presentation to the Acad&eacute;mie des Sciences? but this memoir does not appear in the table for the years 1760-61). He prefaced his signature with a Latin formula attesting to the veracity of his testimony: &quot;testor de visu&quot;.<\/p>\n<p>On the title, in the same hand, the volume bears the words &quot;Remis &agrave; la biblioth&egrave;que de l&#039;acad&eacute;mie des Sciences, par le t&eacute;moin soussign&eacute; &agrave; la page 45&quot; (Morand), ainsi que plusieurs cachets de la dite biblioth&egrave;que et un cachet &quot;Double &eacute;chang&eacute;&quot;.<\/p>\n<p>On verso of title: very interesting contemporary engraved bookplate, armorial but unidentified, repeated in stencil at the head of the text.<\/p>\n<p>An exceptional document.<\/p>\n","protected":false},"excerpt":{"rendered":"<p>4 to manuscript (225 x180 mm) 1title leaf, 45 pp. and 3 unn.l. Contemporary velum.<\/p>\n","protected":false},"featured_media":73220,"comment_status":"open","ping_status":"closed","template":"","meta":{"_acf_changed":false},"product_brand":[],"product_cat":[546],"product_tag":[1212,1314,1312],"class_list":{"0":"post-73227","1":"product","2":"type-product","3":"status-publish","4":"has-post-thumbnail","6":"product_cat-manuscript","7":"product_tag-esotericism-witchcraft","8":"product_tag-general-psychiatry","9":"product_tag-neurology","10":"pa_auteur-convulsionnaires-manuscrit-2","11":"pa_type-de-livre-manuscript","13":"first","14":"instock","15":"shipping-taxable","16":"purchasable","17":"product-type-simple"},"acf":[],"yoast_head":"<!-- This site is optimized with the Yoast SEO plugin v24.3 - https:\/\/yoast.com\/wordpress\/plugins\/seo\/ -->\n<title>CONVULSIONNAIRES - MANUSCRIT  Expos\u00e9 de ce qui s&#039;est pass\u00e9 dans un Comit\u00e9 de Convulsionnaires tenu \u00e0 Paris le 10 f\u00e9vrier apr\u00e8s midi. - Libairie Clavreuil<\/title>\n<meta name=\"robots\" content=\"noindex, follow, max-snippet:-1, max-image-preview:large, max-video-preview:-1\" \/>\n<meta property=\"og:locale\" content=\"en_US\" \/>\n<meta property=\"og:type\" content=\"article\" \/>\n<meta property=\"og:title\" content=\"CONVULSIONNAIRES - MANUSCRIT  Expos\u00e9 de ce qui s&#039;est pass\u00e9 dans un Comit\u00e9 de Convulsionnaires tenu \u00e0 Paris le 10 f\u00e9vrier apr\u00e8s midi. - Libairie Clavreuil\" \/>\n<meta property=\"og:description\" content=\"4 to manuscript (225 x180 mm) 1title leaf, 45 pp. and 3 unn.l. Contemporary velum.\" \/>\n<meta property=\"og:url\" content=\"https:\/\/clavreuil-wordpress.logiciel-arteo.fr\/en\/expose-de-ce-qui-sest-passe-dans-un-comite-de-convulsionnaires-tenu-a-paris-le-10-fevrier-apres-midi-convulsionnaires-manuscrit\/\" \/>\n<meta property=\"og:site_name\" content=\"Libairie Clavreuil\" \/>\n<meta property=\"article:modified_time\" content=\"2024-04-22T13:12:51+00:00\" \/>\n<meta property=\"og:image\" content=\"https:\/\/clavreuil-wordpress.logiciel-arteo.fr\/wp-content\/uploads\/2024\/04\/convulsionnaires-manuscrit-expose-de-ce-qui-s-est-passe-dans-un-comite-de-convulsionnaires-tenu-a-paris-le-10-fevrier-apres-midi-2863-65983167d3042-scaled.jpg\" \/>\n\t<meta property=\"og:image:width\" content=\"1842\" \/>\n\t<meta property=\"og:image:height\" content=\"2560\" \/>\n\t<meta property=\"og:image:type\" content=\"image\/jpeg\" \/>\n<meta name=\"twitter:card\" content=\"summary_large_image\" \/>\n<meta name=\"twitter:label1\" content=\"Est. reading time\" \/>\n\t<meta name=\"twitter:data1\" content=\"4 minutes\" \/>\n<script type=\"application\/ld+json\" class=\"yoast-schema-graph\">{\"@context\":\"https:\/\/schema.org\",\"@graph\":[{\"@type\":\"WebPage\",\"@id\":\"https:\/\/clavreuil-wordpress.logiciel-arteo.fr\/en\/expose-de-ce-qui-sest-passe-dans-un-comite-de-convulsionnaires-tenu-a-paris-le-10-fevrier-apres-midi-convulsionnaires-manuscrit\/\",\"url\":\"https:\/\/clavreuil-wordpress.logiciel-arteo.fr\/en\/expose-de-ce-qui-sest-passe-dans-un-comite-de-convulsionnaires-tenu-a-paris-le-10-fevrier-apres-midi-convulsionnaires-manuscrit\/\",\"name\":\"CONVULSIONNAIRES - MANUSCRIT Expos\u00e9 de ce qui s'est pass\u00e9 dans un Comit\u00e9 de Convulsionnaires tenu \u00e0 Paris le 10 f\u00e9vrier apr\u00e8s midi. - Libairie Clavreuil\",\"isPartOf\":{\"@id\":\"https:\/\/clavreuil-wordpress.logiciel-arteo.fr\/#website\"},\"primaryImageOfPage\":{\"@id\":\"https:\/\/clavreuil-wordpress.logiciel-arteo.fr\/en\/expose-de-ce-qui-sest-passe-dans-un-comite-de-convulsionnaires-tenu-a-paris-le-10-fevrier-apres-midi-convulsionnaires-manuscrit\/#primaryimage\"},\"image\":{\"@id\":\"https:\/\/clavreuil-wordpress.logiciel-arteo.fr\/en\/expose-de-ce-qui-sest-passe-dans-un-comite-de-convulsionnaires-tenu-a-paris-le-10-fevrier-apres-midi-convulsionnaires-manuscrit\/#primaryimage\"},\"thumbnailUrl\":\"https:\/\/clavreuil-wordpress.logiciel-arteo.fr\/wp-content\/uploads\/2024\/04\/convulsionnaires-manuscrit-expose-de-ce-qui-s-est-passe-dans-un-comite-de-convulsionnaires-tenu-a-paris-le-10-fevrier-apres-midi-2863-65983167d3042-scaled.jpg\",\"datePublished\":\"2024-04-18T13:08:40+00:00\",\"dateModified\":\"2024-04-22T13:12:51+00:00\",\"breadcrumb\":{\"@id\":\"https:\/\/clavreuil-wordpress.logiciel-arteo.fr\/en\/expose-de-ce-qui-sest-passe-dans-un-comite-de-convulsionnaires-tenu-a-paris-le-10-fevrier-apres-midi-convulsionnaires-manuscrit\/#breadcrumb\"},\"inLanguage\":\"en-US\",\"potentialAction\":[{\"@type\":\"ReadAction\",\"target\":[\"https:\/\/clavreuil-wordpress.logiciel-arteo.fr\/en\/expose-de-ce-qui-sest-passe-dans-un-comite-de-convulsionnaires-tenu-a-paris-le-10-fevrier-apres-midi-convulsionnaires-manuscrit\/\"]}]},{\"@type\":\"ImageObject\",\"inLanguage\":\"en-US\",\"@id\":\"https:\/\/clavreuil-wordpress.logiciel-arteo.fr\/en\/expose-de-ce-qui-sest-passe-dans-un-comite-de-convulsionnaires-tenu-a-paris-le-10-fevrier-apres-midi-convulsionnaires-manuscrit\/#primaryimage\",\"url\":\"https:\/\/clavreuil-wordpress.logiciel-arteo.fr\/wp-content\/uploads\/2024\/04\/convulsionnaires-manuscrit-expose-de-ce-qui-s-est-passe-dans-un-comite-de-convulsionnaires-tenu-a-paris-le-10-fevrier-apres-midi-2863-65983167d3042-scaled.jpg\",\"contentUrl\":\"https:\/\/clavreuil-wordpress.logiciel-arteo.fr\/wp-content\/uploads\/2024\/04\/convulsionnaires-manuscrit-expose-de-ce-qui-s-est-passe-dans-un-comite-de-convulsionnaires-tenu-a-paris-le-10-fevrier-apres-midi-2863-65983167d3042-scaled.jpg\",\"width\":1842,\"height\":2560},{\"@type\":\"BreadcrumbList\",\"@id\":\"https:\/\/clavreuil-wordpress.logiciel-arteo.fr\/en\/expose-de-ce-qui-sest-passe-dans-un-comite-de-convulsionnaires-tenu-a-paris-le-10-fevrier-apres-midi-convulsionnaires-manuscrit\/#breadcrumb\",\"itemListElement\":[{\"@type\":\"ListItem\",\"position\":1,\"name\":\"Accueil\",\"item\":\"https:\/\/clavreuil-wordpress.logiciel-arteo.fr\/\"},{\"@type\":\"ListItem\",\"position\":2,\"name\":\"All our books\",\"item\":\"https:\/\/clavreuil-wordpress.logiciel-arteo.fr\/en\/all-our-books\/\"},{\"@type\":\"ListItem\",\"position\":3,\"name\":\"CONVULSIONNAIRES &#8211; MANUSCRIT Expos\u00e9 de ce qui s&#8217;est...\"}]},{\"@type\":\"WebSite\",\"@id\":\"https:\/\/clavreuil-wordpress.logiciel-arteo.fr\/#website\",\"url\":\"https:\/\/clavreuil-wordpress.logiciel-arteo.fr\/\",\"name\":\"Libairie Clavreuil\",\"description\":\"\",\"publisher\":{\"@id\":\"https:\/\/clavreuil-wordpress.logiciel-arteo.fr\/#organization\"},\"potentialAction\":[{\"@type\":\"SearchAction\",\"target\":{\"@type\":\"EntryPoint\",\"urlTemplate\":\"https:\/\/clavreuil-wordpress.logiciel-arteo.fr\/?s={search_term_string}\"},\"query-input\":{\"@type\":\"PropertyValueSpecification\",\"valueRequired\":true,\"valueName\":\"search_term_string\"}}],\"inLanguage\":\"en-US\"},{\"@type\":\"Organization\",\"@id\":\"https:\/\/clavreuil-wordpress.logiciel-arteo.fr\/#organization\",\"name\":\"Libairie Clavreuil\",\"url\":\"https:\/\/clavreuil-wordpress.logiciel-arteo.fr\/\",\"logo\":{\"@type\":\"ImageObject\",\"inLanguage\":\"en-US\",\"@id\":\"https:\/\/clavreuil-wordpress.logiciel-arteo.fr\/#\/schema\/logo\/image\/\",\"url\":\"https:\/\/clavreuil-wordpress.logiciel-arteo.fr\/wp-content\/uploads\/2021\/05\/LOGO_PNG_DATE-_gold.png\",\"contentUrl\":\"https:\/\/clavreuil-wordpress.logiciel-arteo.fr\/wp-content\/uploads\/2021\/05\/LOGO_PNG_DATE-_gold.png\",\"width\":2083,\"height\":1917,\"caption\":\"Libairie Clavreuil\"},\"image\":{\"@id\":\"https:\/\/clavreuil-wordpress.logiciel-arteo.fr\/#\/schema\/logo\/image\/\"}}]}<\/script>\n<!-- \/ Yoast SEO plugin. -->","yoast_head_json":{"title":"CONVULSIONNAIRES - MANUSCRIT  Expos\u00e9 de ce qui s'est pass\u00e9 dans un Comit\u00e9 de Convulsionnaires tenu \u00e0 Paris le 10 f\u00e9vrier apr\u00e8s midi. - Libairie Clavreuil","robots":{"index":"noindex","follow":"follow","max-snippet":"max-snippet:-1","max-image-preview":"max-image-preview:large","max-video-preview":"max-video-preview:-1"},"og_locale":"en_US","og_type":"article","og_title":"CONVULSIONNAIRES - MANUSCRIT  Expos\u00e9 de ce qui s'est pass\u00e9 dans un Comit\u00e9 de Convulsionnaires tenu \u00e0 Paris le 10 f\u00e9vrier apr\u00e8s midi. - Libairie Clavreuil","og_description":"4 to manuscript (225 x180 mm) 1title leaf, 45 pp. and 3 unn.l. Contemporary velum.","og_url":"https:\/\/clavreuil-wordpress.logiciel-arteo.fr\/en\/expose-de-ce-qui-sest-passe-dans-un-comite-de-convulsionnaires-tenu-a-paris-le-10-fevrier-apres-midi-convulsionnaires-manuscrit\/","og_site_name":"Libairie Clavreuil","article_modified_time":"2024-04-22T13:12:51+00:00","og_image":[{"width":1842,"height":2560,"url":"https:\/\/clavreuil-wordpress.logiciel-arteo.fr\/wp-content\/uploads\/2024\/04\/convulsionnaires-manuscrit-expose-de-ce-qui-s-est-passe-dans-un-comite-de-convulsionnaires-tenu-a-paris-le-10-fevrier-apres-midi-2863-65983167d3042-scaled.jpg","type":"image\/jpeg"}],"twitter_card":"summary_large_image","twitter_misc":{"Est. reading time":"4 minutes"},"schema":{"@context":"https:\/\/schema.org","@graph":[{"@type":"WebPage","@id":"https:\/\/clavreuil-wordpress.logiciel-arteo.fr\/en\/expose-de-ce-qui-sest-passe-dans-un-comite-de-convulsionnaires-tenu-a-paris-le-10-fevrier-apres-midi-convulsionnaires-manuscrit\/","url":"https:\/\/clavreuil-wordpress.logiciel-arteo.fr\/en\/expose-de-ce-qui-sest-passe-dans-un-comite-de-convulsionnaires-tenu-a-paris-le-10-fevrier-apres-midi-convulsionnaires-manuscrit\/","name":"CONVULSIONNAIRES - MANUSCRIT Expos\u00e9 de ce qui s'est pass\u00e9 dans un Comit\u00e9 de Convulsionnaires tenu \u00e0 Paris le 10 f\u00e9vrier apr\u00e8s midi. - Libairie Clavreuil","isPartOf":{"@id":"https:\/\/clavreuil-wordpress.logiciel-arteo.fr\/#website"},"primaryImageOfPage":{"@id":"https:\/\/clavreuil-wordpress.logiciel-arteo.fr\/en\/expose-de-ce-qui-sest-passe-dans-un-comite-de-convulsionnaires-tenu-a-paris-le-10-fevrier-apres-midi-convulsionnaires-manuscrit\/#primaryimage"},"image":{"@id":"https:\/\/clavreuil-wordpress.logiciel-arteo.fr\/en\/expose-de-ce-qui-sest-passe-dans-un-comite-de-convulsionnaires-tenu-a-paris-le-10-fevrier-apres-midi-convulsionnaires-manuscrit\/#primaryimage"},"thumbnailUrl":"https:\/\/clavreuil-wordpress.logiciel-arteo.fr\/wp-content\/uploads\/2024\/04\/convulsionnaires-manuscrit-expose-de-ce-qui-s-est-passe-dans-un-comite-de-convulsionnaires-tenu-a-paris-le-10-fevrier-apres-midi-2863-65983167d3042-scaled.jpg","datePublished":"2024-04-18T13:08:40+00:00","dateModified":"2024-04-22T13:12:51+00:00","breadcrumb":{"@id":"https:\/\/clavreuil-wordpress.logiciel-arteo.fr\/en\/expose-de-ce-qui-sest-passe-dans-un-comite-de-convulsionnaires-tenu-a-paris-le-10-fevrier-apres-midi-convulsionnaires-manuscrit\/#breadcrumb"},"inLanguage":"en-US","potentialAction":[{"@type":"ReadAction","target":["https:\/\/clavreuil-wordpress.logiciel-arteo.fr\/en\/expose-de-ce-qui-sest-passe-dans-un-comite-de-convulsionnaires-tenu-a-paris-le-10-fevrier-apres-midi-convulsionnaires-manuscrit\/"]}]},{"@type":"ImageObject","inLanguage":"en-US","@id":"https:\/\/clavreuil-wordpress.logiciel-arteo.fr\/en\/expose-de-ce-qui-sest-passe-dans-un-comite-de-convulsionnaires-tenu-a-paris-le-10-fevrier-apres-midi-convulsionnaires-manuscrit\/#primaryimage","url":"https:\/\/clavreuil-wordpress.logiciel-arteo.fr\/wp-content\/uploads\/2024\/04\/convulsionnaires-manuscrit-expose-de-ce-qui-s-est-passe-dans-un-comite-de-convulsionnaires-tenu-a-paris-le-10-fevrier-apres-midi-2863-65983167d3042-scaled.jpg","contentUrl":"https:\/\/clavreuil-wordpress.logiciel-arteo.fr\/wp-content\/uploads\/2024\/04\/convulsionnaires-manuscrit-expose-de-ce-qui-s-est-passe-dans-un-comite-de-convulsionnaires-tenu-a-paris-le-10-fevrier-apres-midi-2863-65983167d3042-scaled.jpg","width":1842,"height":2560},{"@type":"BreadcrumbList","@id":"https:\/\/clavreuil-wordpress.logiciel-arteo.fr\/en\/expose-de-ce-qui-sest-passe-dans-un-comite-de-convulsionnaires-tenu-a-paris-le-10-fevrier-apres-midi-convulsionnaires-manuscrit\/#breadcrumb","itemListElement":[{"@type":"ListItem","position":1,"name":"Accueil","item":"https:\/\/clavreuil-wordpress.logiciel-arteo.fr\/"},{"@type":"ListItem","position":2,"name":"All our books","item":"https:\/\/clavreuil-wordpress.logiciel-arteo.fr\/en\/all-our-books\/"},{"@type":"ListItem","position":3,"name":"CONVULSIONNAIRES &#8211; MANUSCRIT Expos\u00e9 de ce qui s&#8217;est..."}]},{"@type":"WebSite","@id":"https:\/\/clavreuil-wordpress.logiciel-arteo.fr\/#website","url":"https:\/\/clavreuil-wordpress.logiciel-arteo.fr\/","name":"Libairie Clavreuil","description":"","publisher":{"@id":"https:\/\/clavreuil-wordpress.logiciel-arteo.fr\/#organization"},"potentialAction":[{"@type":"SearchAction","target":{"@type":"EntryPoint","urlTemplate":"https:\/\/clavreuil-wordpress.logiciel-arteo.fr\/?s={search_term_string}"},"query-input":{"@type":"PropertyValueSpecification","valueRequired":true,"valueName":"search_term_string"}}],"inLanguage":"en-US"},{"@type":"Organization","@id":"https:\/\/clavreuil-wordpress.logiciel-arteo.fr\/#organization","name":"Libairie Clavreuil","url":"https:\/\/clavreuil-wordpress.logiciel-arteo.fr\/","logo":{"@type":"ImageObject","inLanguage":"en-US","@id":"https:\/\/clavreuil-wordpress.logiciel-arteo.fr\/#\/schema\/logo\/image\/","url":"https:\/\/clavreuil-wordpress.logiciel-arteo.fr\/wp-content\/uploads\/2021\/05\/LOGO_PNG_DATE-_gold.png","contentUrl":"https:\/\/clavreuil-wordpress.logiciel-arteo.fr\/wp-content\/uploads\/2021\/05\/LOGO_PNG_DATE-_gold.png","width":2083,"height":1917,"caption":"Libairie Clavreuil"},"image":{"@id":"https:\/\/clavreuil-wordpress.logiciel-arteo.fr\/#\/schema\/logo\/image\/"}}]}},"_links":{"self":[{"href":"https:\/\/clavreuil-wordpress.logiciel-arteo.fr\/en\/wp-json\/wp\/v2\/product\/73227","targetHints":{"allow":["GET"]}}],"collection":[{"href":"https:\/\/clavreuil-wordpress.logiciel-arteo.fr\/en\/wp-json\/wp\/v2\/product"}],"about":[{"href":"https:\/\/clavreuil-wordpress.logiciel-arteo.fr\/en\/wp-json\/wp\/v2\/types\/product"}],"replies":[{"embeddable":true,"href":"https:\/\/clavreuil-wordpress.logiciel-arteo.fr\/en\/wp-json\/wp\/v2\/comments?post=73227"}],"wp:featuredmedia":[{"embeddable":true,"href":"https:\/\/clavreuil-wordpress.logiciel-arteo.fr\/en\/wp-json\/wp\/v2\/media\/73220"}],"wp:attachment":[{"href":"https:\/\/clavreuil-wordpress.logiciel-arteo.fr\/en\/wp-json\/wp\/v2\/media?parent=73227"}],"wp:term":[{"taxonomy":"product_brand","embeddable":true,"href":"https:\/\/clavreuil-wordpress.logiciel-arteo.fr\/en\/wp-json\/wp\/v2\/product_brand?post=73227"},{"taxonomy":"product_cat","embeddable":true,"href":"https:\/\/clavreuil-wordpress.logiciel-arteo.fr\/en\/wp-json\/wp\/v2\/product_cat?post=73227"},{"taxonomy":"product_tag","embeddable":true,"href":"https:\/\/clavreuil-wordpress.logiciel-arteo.fr\/en\/wp-json\/wp\/v2\/product_tag?post=73227"}],"curies":[{"name":"wp","href":"https:\/\/api.w.org\/{rel}","templated":true}]}}