{"id":73239,"date":"2024-04-18T15:09:57","date_gmt":"2024-04-18T13:09:57","guid":{"rendered":"https:\/\/clavreuil-wordpress.logiciel-arteo.fr\/physiologie-des-mouvements-demontree-a-laide-de-lexperimentation-electrique-et-de-lobservation-clinique-et-applicable-a-letude-des-paralysies-et-des-deformations-g-b-duchenne-de-boulogne\/"},"modified":"2024-04-22T15:16:53","modified_gmt":"2024-04-22T13:16:53","slug":"physiologie-des-mouvements-demontree-a-laide-de-lexperimentation-electrique-et-de-lobservation-clinique-et-applicable-a-letude-des-paralysies-et-des-deformations-g-b-duchenne-de-boulogne","status":"publish","type":"product","link":"https:\/\/clavreuil-wordpress.logiciel-arteo.fr\/en\/physiologie-des-mouvements-demontree-a-laide-de-lexperimentation-electrique-et-de-lobservation-clinique-et-applicable-a-letude-des-paralysies-et-des-deformations-g-b-duchenne-de-boulogne\/","title":{"rendered":"DUCHENNE DE BOULOGNE G.-B Physiologie des mouvements d\u00e9montr\u00e9e..."},"content":{"rendered":"<p style=\"text-align:justify\"><em>Garrison-Morton, 624; Norman, 660.<\/em><\/p>\n<p style=\"text-align:justify\">First edition. &quot;A monumental work&quot; (Garrison-Morton), illustrated with 101 text figures.<\/p>\n<p style=\"text-align:justify\">&quot;In the Physiologie des mouvements Duchenne unfolded the action of muscles individually and in groups, emphasising their simultaneous action, balance of action with resulting motion, action produced by selected electric simulations in normal subjects, electric simulations in individuals who prevented various types of isolated or combined paralysis&#8230;This conception of multiple participation of muscles is apparently Duchenne&#039;s great contribution to the physiology of muscle action&quot; (Kaplan).<\/p>\n<p style=\"text-align:justify\">Some occasional foxing, a good copy.<\/p>\n","protected":false},"excerpt":{"rendered":"<p>8vo (214 x 135 mm) XVI and 872 pp., 1 nn.ll. Contemporary black morocco backed boards.<\/p>\n","protected":false},"featured_media":73234,"comment_status":"open","ping_status":"closed","template":"","meta":{"_acf_changed":false},"product_brand":[],"product_cat":[548],"product_tag":[1312],"class_list":{"0":"post-73239","1":"product","2":"type-product","3":"status-publish","4":"has-post-thumbnail","6":"product_cat-medicine","7":"product_tag-neurology","8":"pa_auteur-g-b-duchenne-de-boulogne-2","9":"pa_type-de-livre-printed-book","11":"first","12":"instock","13":"shipping-taxable","14":"purchasable","15":"product-type-simple"},"acf":[],"yoast_head":"<!-- This site is optimized with the Yoast SEO plugin v24.3 - https:\/\/yoast.com\/wordpress\/plugins\/seo\/ -->\n<title>DUCHENNE DE BOULOGNE G.-B Physiologie des mouvements d\u00e9montr\u00e9e \u00e0 l&#039;aide de l&#039;exp\u00e9rimentation \u00e9lectrique et de l&#039;observation clinique et applicable \u00e0 l&#039;\u00e9tude des paralysies et des d\u00e9formations. - Libairie Clavreuil<\/title>\n<meta name=\"robots\" content=\"noindex, follow, max-snippet:-1, max-image-preview:large, max-video-preview:-1\" \/>\n<meta property=\"og:locale\" content=\"en_US\" \/>\n<meta property=\"og:type\" content=\"article\" \/>\n<meta property=\"og:title\" content=\"DUCHENNE DE BOULOGNE G.-B Physiologie des mouvements d\u00e9montr\u00e9e \u00e0 l&#039;aide de l&#039;exp\u00e9rimentation \u00e9lectrique et de l&#039;observation clinique et applicable \u00e0 l&#039;\u00e9tude des paralysies et des d\u00e9formations. - Libairie Clavreuil\" \/>\n<meta property=\"og:description\" content=\"8vo (214 x 135 mm) XVI and 872 pp., 1 nn.ll. Contemporary black morocco backed boards.\" \/>\n<meta property=\"og:url\" content=\"https:\/\/clavreuil-wordpress.logiciel-arteo.fr\/en\/physiologie-des-mouvements-demontree-a-laide-de-lexperimentation-electrique-et-de-lobservation-clinique-et-applicable-a-letude-des-paralysies-et-des-deformations-g-b-duchenne-de-boulogne\/\" \/>\n<meta property=\"og:site_name\" content=\"Libairie Clavreuil\" \/>\n<meta property=\"article:modified_time\" content=\"2024-04-22T13:16:53+00:00\" \/>\n<meta property=\"og:image\" content=\"https:\/\/clavreuil-wordpress.logiciel-arteo.fr\/wp-content\/uploads\/2024\/04\/g-b-duchenne-de-boulogne-physiologie-des-mouvements-demontree-a-l-aide-de-l-experimentation-electrique-et-de-l-observation-clinique-et-applicable-a-l--scaled.jpg\" \/>\n\t<meta property=\"og:image:width\" content=\"1786\" \/>\n\t<meta property=\"og:image:height\" content=\"2560\" \/>\n\t<meta property=\"og:image:type\" content=\"image\/jpeg\" \/>\n<meta name=\"twitter:card\" content=\"summary_large_image\" \/>\n<script type=\"application\/ld+json\" class=\"yoast-schema-graph\">{\"@context\":\"https:\/\/schema.org\",\"@graph\":[{\"@type\":\"WebPage\",\"@id\":\"https:\/\/clavreuil-wordpress.logiciel-arteo.fr\/en\/physiologie-des-mouvements-demontree-a-laide-de-lexperimentation-electrique-et-de-lobservation-clinique-et-applicable-a-letude-des-paralysies-et-des-deformations-g-b-duchenne-de-boulogne\/\",\"url\":\"https:\/\/clavreuil-wordpress.logiciel-arteo.fr\/en\/physiologie-des-mouvements-demontree-a-laide-de-lexperimentation-electrique-et-de-lobservation-clinique-et-applicable-a-letude-des-paralysies-et-des-deformations-g-b-duchenne-de-boulogne\/\",\"name\":\"DUCHENNE DE BOULOGNE G.-B Physiologie des mouvements d\u00e9montr\u00e9e \u00e0 l'aide de l'exp\u00e9rimentation \u00e9lectrique et de l'observation clinique et applicable \u00e0 l'\u00e9tude des paralysies et des d\u00e9formations. - Libairie Clavreuil\",\"isPartOf\":{\"@id\":\"https:\/\/clavreuil-wordpress.logiciel-arteo.fr\/#website\"},\"primaryImageOfPage\":{\"@id\":\"https:\/\/clavreuil-wordpress.logiciel-arteo.fr\/en\/physiologie-des-mouvements-demontree-a-laide-de-lexperimentation-electrique-et-de-lobservation-clinique-et-applicable-a-letude-des-paralysies-et-des-deformations-g-b-duchenne-de-boulogne\/#primaryimage\"},\"image\":{\"@id\":\"https:\/\/clavreuil-wordpress.logiciel-arteo.fr\/en\/physiologie-des-mouvements-demontree-a-laide-de-lexperimentation-electrique-et-de-lobservation-clinique-et-applicable-a-letude-des-paralysies-et-des-deformations-g-b-duchenne-de-boulogne\/#primaryimage\"},\"thumbnailUrl\":\"https:\/\/clavreuil-wordpress.logiciel-arteo.fr\/wp-content\/uploads\/2024\/04\/g-b-duchenne-de-boulogne-physiologie-des-mouvements-demontree-a-l-aide-de-l-experimentation-electrique-et-de-l-observation-clinique-et-applicable-a-l--scaled.jpg\",\"datePublished\":\"2024-04-18T13:09:57+00:00\",\"dateModified\":\"2024-04-22T13:16:53+00:00\",\"breadcrumb\":{\"@id\":\"https:\/\/clavreuil-wordpress.logiciel-arteo.fr\/en\/physiologie-des-mouvements-demontree-a-laide-de-lexperimentation-electrique-et-de-lobservation-clinique-et-applicable-a-letude-des-paralysies-et-des-deformations-g-b-duchenne-de-boulogne\/#breadcrumb\"},\"inLanguage\":\"en-US\",\"potentialAction\":[{\"@type\":\"ReadAction\",\"target\":[\"https:\/\/clavreuil-wordpress.logiciel-arteo.fr\/en\/physiologie-des-mouvements-demontree-a-laide-de-lexperimentation-electrique-et-de-lobservation-clinique-et-applicable-a-letude-des-paralysies-et-des-deformations-g-b-duchenne-de-boulogne\/\"]}]},{\"@type\":\"ImageObject\",\"inLanguage\":\"en-US\",\"@id\":\"https:\/\/clavreuil-wordpress.logiciel-arteo.fr\/en\/physiologie-des-mouvements-demontree-a-laide-de-lexperimentation-electrique-et-de-lobservation-clinique-et-applicable-a-letude-des-paralysies-et-des-deformations-g-b-duchenne-de-boulogne\/#primaryimage\",\"url\":\"https:\/\/clavreuil-wordpress.logiciel-arteo.fr\/wp-content\/uploads\/2024\/04\/g-b-duchenne-de-boulogne-physiologie-des-mouvements-demontree-a-l-aide-de-l-experimentation-electrique-et-de-l-observation-clinique-et-applicable-a-l--scaled.jpg\",\"contentUrl\":\"https:\/\/clavreuil-wordpress.logiciel-arteo.fr\/wp-content\/uploads\/2024\/04\/g-b-duchenne-de-boulogne-physiologie-des-mouvements-demontree-a-l-aide-de-l-experimentation-electrique-et-de-l-observation-clinique-et-applicable-a-l--scaled.jpg\",\"width\":1786,\"height\":2560},{\"@type\":\"BreadcrumbList\",\"@id\":\"https:\/\/clavreuil-wordpress.logiciel-arteo.fr\/en\/physiologie-des-mouvements-demontree-a-laide-de-lexperimentation-electrique-et-de-lobservation-clinique-et-applicable-a-letude-des-paralysies-et-des-deformations-g-b-duchenne-de-boulogne\/#breadcrumb\",\"itemListElement\":[{\"@type\":\"ListItem\",\"position\":1,\"name\":\"Accueil\",\"item\":\"https:\/\/clavreuil-wordpress.logiciel-arteo.fr\/\"},{\"@type\":\"ListItem\",\"position\":2,\"name\":\"All our books\",\"item\":\"https:\/\/clavreuil-wordpress.logiciel-arteo.fr\/en\/all-our-books\/\"},{\"@type\":\"ListItem\",\"position\":3,\"name\":\"DUCHENNE DE BOULOGNE G.-B Physiologie des mouvements d\u00e9montr\u00e9e...\"}]},{\"@type\":\"WebSite\",\"@id\":\"https:\/\/clavreuil-wordpress.logiciel-arteo.fr\/#website\",\"url\":\"https:\/\/clavreuil-wordpress.logiciel-arteo.fr\/\",\"name\":\"Libairie Clavreuil\",\"description\":\"\",\"publisher\":{\"@id\":\"https:\/\/clavreuil-wordpress.logiciel-arteo.fr\/#organization\"},\"potentialAction\":[{\"@type\":\"SearchAction\",\"target\":{\"@type\":\"EntryPoint\",\"urlTemplate\":\"https:\/\/clavreuil-wordpress.logiciel-arteo.fr\/?s={search_term_string}\"},\"query-input\":{\"@type\":\"PropertyValueSpecification\",\"valueRequired\":true,\"valueName\":\"search_term_string\"}}],\"inLanguage\":\"en-US\"},{\"@type\":\"Organization\",\"@id\":\"https:\/\/clavreuil-wordpress.logiciel-arteo.fr\/#organization\",\"name\":\"Libairie Clavreuil\",\"url\":\"https:\/\/clavreuil-wordpress.logiciel-arteo.fr\/\",\"logo\":{\"@type\":\"ImageObject\",\"inLanguage\":\"en-US\",\"@id\":\"https:\/\/clavreuil-wordpress.logiciel-arteo.fr\/#\/schema\/logo\/image\/\",\"url\":\"https:\/\/clavreuil-wordpress.logiciel-arteo.fr\/wp-content\/uploads\/2021\/05\/LOGO_PNG_DATE-_gold.png\",\"contentUrl\":\"https:\/\/clavreuil-wordpress.logiciel-arteo.fr\/wp-content\/uploads\/2021\/05\/LOGO_PNG_DATE-_gold.png\",\"width\":2083,\"height\":1917,\"caption\":\"Libairie Clavreuil\"},\"image\":{\"@id\":\"https:\/\/clavreuil-wordpress.logiciel-arteo.fr\/#\/schema\/logo\/image\/\"}}]}<\/script>\n<!-- \/ Yoast SEO plugin. -->","yoast_head_json":{"title":"DUCHENNE DE BOULOGNE G.-B Physiologie des mouvements d\u00e9montr\u00e9e \u00e0 l'aide de l'exp\u00e9rimentation \u00e9lectrique et de l'observation clinique et applicable \u00e0 l'\u00e9tude des paralysies et des d\u00e9formations. - Libairie Clavreuil","robots":{"index":"noindex","follow":"follow","max-snippet":"max-snippet:-1","max-image-preview":"max-image-preview:large","max-video-preview":"max-video-preview:-1"},"og_locale":"en_US","og_type":"article","og_title":"DUCHENNE DE BOULOGNE G.-B Physiologie des mouvements d\u00e9montr\u00e9e \u00e0 l'aide de l'exp\u00e9rimentation \u00e9lectrique et de l'observation clinique et applicable \u00e0 l'\u00e9tude des paralysies et des d\u00e9formations. - Libairie Clavreuil","og_description":"8vo (214 x 135 mm) XVI and 872 pp., 1 nn.ll. Contemporary black morocco backed boards.","og_url":"https:\/\/clavreuil-wordpress.logiciel-arteo.fr\/en\/physiologie-des-mouvements-demontree-a-laide-de-lexperimentation-electrique-et-de-lobservation-clinique-et-applicable-a-letude-des-paralysies-et-des-deformations-g-b-duchenne-de-boulogne\/","og_site_name":"Libairie Clavreuil","article_modified_time":"2024-04-22T13:16:53+00:00","og_image":[{"width":1786,"height":2560,"url":"https:\/\/clavreuil-wordpress.logiciel-arteo.fr\/wp-content\/uploads\/2024\/04\/g-b-duchenne-de-boulogne-physiologie-des-mouvements-demontree-a-l-aide-de-l-experimentation-electrique-et-de-l-observation-clinique-et-applicable-a-l--scaled.jpg","type":"image\/jpeg"}],"twitter_card":"summary_large_image","schema":{"@context":"https:\/\/schema.org","@graph":[{"@type":"WebPage","@id":"https:\/\/clavreuil-wordpress.logiciel-arteo.fr\/en\/physiologie-des-mouvements-demontree-a-laide-de-lexperimentation-electrique-et-de-lobservation-clinique-et-applicable-a-letude-des-paralysies-et-des-deformations-g-b-duchenne-de-boulogne\/","url":"https:\/\/clavreuil-wordpress.logiciel-arteo.fr\/en\/physiologie-des-mouvements-demontree-a-laide-de-lexperimentation-electrique-et-de-lobservation-clinique-et-applicable-a-letude-des-paralysies-et-des-deformations-g-b-duchenne-de-boulogne\/","name":"DUCHENNE DE BOULOGNE G.-B Physiologie des mouvements d\u00e9montr\u00e9e \u00e0 l'aide de l'exp\u00e9rimentation \u00e9lectrique et de l'observation clinique et applicable \u00e0 l'\u00e9tude des paralysies et des d\u00e9formations. - Libairie Clavreuil","isPartOf":{"@id":"https:\/\/clavreuil-wordpress.logiciel-arteo.fr\/#website"},"primaryImageOfPage":{"@id":"https:\/\/clavreuil-wordpress.logiciel-arteo.fr\/en\/physiologie-des-mouvements-demontree-a-laide-de-lexperimentation-electrique-et-de-lobservation-clinique-et-applicable-a-letude-des-paralysies-et-des-deformations-g-b-duchenne-de-boulogne\/#primaryimage"},"image":{"@id":"https:\/\/clavreuil-wordpress.logiciel-arteo.fr\/en\/physiologie-des-mouvements-demontree-a-laide-de-lexperimentation-electrique-et-de-lobservation-clinique-et-applicable-a-letude-des-paralysies-et-des-deformations-g-b-duchenne-de-boulogne\/#primaryimage"},"thumbnailUrl":"https:\/\/clavreuil-wordpress.logiciel-arteo.fr\/wp-content\/uploads\/2024\/04\/g-b-duchenne-de-boulogne-physiologie-des-mouvements-demontree-a-l-aide-de-l-experimentation-electrique-et-de-l-observation-clinique-et-applicable-a-l--scaled.jpg","datePublished":"2024-04-18T13:09:57+00:00","dateModified":"2024-04-22T13:16:53+00:00","breadcrumb":{"@id":"https:\/\/clavreuil-wordpress.logiciel-arteo.fr\/en\/physiologie-des-mouvements-demontree-a-laide-de-lexperimentation-electrique-et-de-lobservation-clinique-et-applicable-a-letude-des-paralysies-et-des-deformations-g-b-duchenne-de-boulogne\/#breadcrumb"},"inLanguage":"en-US","potentialAction":[{"@type":"ReadAction","target":["https:\/\/clavreuil-wordpress.logiciel-arteo.fr\/en\/physiologie-des-mouvements-demontree-a-laide-de-lexperimentation-electrique-et-de-lobservation-clinique-et-applicable-a-letude-des-paralysies-et-des-deformations-g-b-duchenne-de-boulogne\/"]}]},{"@type":"ImageObject","inLanguage":"en-US","@id":"https:\/\/clavreuil-wordpress.logiciel-arteo.fr\/en\/physiologie-des-mouvements-demontree-a-laide-de-lexperimentation-electrique-et-de-lobservation-clinique-et-applicable-a-letude-des-paralysies-et-des-deformations-g-b-duchenne-de-boulogne\/#primaryimage","url":"https:\/\/clavreuil-wordpress.logiciel-arteo.fr\/wp-content\/uploads\/2024\/04\/g-b-duchenne-de-boulogne-physiologie-des-mouvements-demontree-a-l-aide-de-l-experimentation-electrique-et-de-l-observation-clinique-et-applicable-a-l--scaled.jpg","contentUrl":"https:\/\/clavreuil-wordpress.logiciel-arteo.fr\/wp-content\/uploads\/2024\/04\/g-b-duchenne-de-boulogne-physiologie-des-mouvements-demontree-a-l-aide-de-l-experimentation-electrique-et-de-l-observation-clinique-et-applicable-a-l--scaled.jpg","width":1786,"height":2560},{"@type":"BreadcrumbList","@id":"https:\/\/clavreuil-wordpress.logiciel-arteo.fr\/en\/physiologie-des-mouvements-demontree-a-laide-de-lexperimentation-electrique-et-de-lobservation-clinique-et-applicable-a-letude-des-paralysies-et-des-deformations-g-b-duchenne-de-boulogne\/#breadcrumb","itemListElement":[{"@type":"ListItem","position":1,"name":"Accueil","item":"https:\/\/clavreuil-wordpress.logiciel-arteo.fr\/"},{"@type":"ListItem","position":2,"name":"All our books","item":"https:\/\/clavreuil-wordpress.logiciel-arteo.fr\/en\/all-our-books\/"},{"@type":"ListItem","position":3,"name":"DUCHENNE DE BOULOGNE G.-B Physiologie des mouvements d\u00e9montr\u00e9e..."}]},{"@type":"WebSite","@id":"https:\/\/clavreuil-wordpress.logiciel-arteo.fr\/#website","url":"https:\/\/clavreuil-wordpress.logiciel-arteo.fr\/","name":"Libairie Clavreuil","description":"","publisher":{"@id":"https:\/\/clavreuil-wordpress.logiciel-arteo.fr\/#organization"},"potentialAction":[{"@type":"SearchAction","target":{"@type":"EntryPoint","urlTemplate":"https:\/\/clavreuil-wordpress.logiciel-arteo.fr\/?s={search_term_string}"},"query-input":{"@type":"PropertyValueSpecification","valueRequired":true,"valueName":"search_term_string"}}],"inLanguage":"en-US"},{"@type":"Organization","@id":"https:\/\/clavreuil-wordpress.logiciel-arteo.fr\/#organization","name":"Libairie Clavreuil","url":"https:\/\/clavreuil-wordpress.logiciel-arteo.fr\/","logo":{"@type":"ImageObject","inLanguage":"en-US","@id":"https:\/\/clavreuil-wordpress.logiciel-arteo.fr\/#\/schema\/logo\/image\/","url":"https:\/\/clavreuil-wordpress.logiciel-arteo.fr\/wp-content\/uploads\/2021\/05\/LOGO_PNG_DATE-_gold.png","contentUrl":"https:\/\/clavreuil-wordpress.logiciel-arteo.fr\/wp-content\/uploads\/2021\/05\/LOGO_PNG_DATE-_gold.png","width":2083,"height":1917,"caption":"Libairie Clavreuil"},"image":{"@id":"https:\/\/clavreuil-wordpress.logiciel-arteo.fr\/#\/schema\/logo\/image\/"}}]}},"_links":{"self":[{"href":"https:\/\/clavreuil-wordpress.logiciel-arteo.fr\/en\/wp-json\/wp\/v2\/product\/73239","targetHints":{"allow":["GET"]}}],"collection":[{"href":"https:\/\/clavreuil-wordpress.logiciel-arteo.fr\/en\/wp-json\/wp\/v2\/product"}],"about":[{"href":"https:\/\/clavreuil-wordpress.logiciel-arteo.fr\/en\/wp-json\/wp\/v2\/types\/product"}],"replies":[{"embeddable":true,"href":"https:\/\/clavreuil-wordpress.logiciel-arteo.fr\/en\/wp-json\/wp\/v2\/comments?post=73239"}],"wp:featuredmedia":[{"embeddable":true,"href":"https:\/\/clavreuil-wordpress.logiciel-arteo.fr\/en\/wp-json\/wp\/v2\/media\/73234"}],"wp:attachment":[{"href":"https:\/\/clavreuil-wordpress.logiciel-arteo.fr\/en\/wp-json\/wp\/v2\/media?parent=73239"}],"wp:term":[{"taxonomy":"product_brand","embeddable":true,"href":"https:\/\/clavreuil-wordpress.logiciel-arteo.fr\/en\/wp-json\/wp\/v2\/product_brand?post=73239"},{"taxonomy":"product_cat","embeddable":true,"href":"https:\/\/clavreuil-wordpress.logiciel-arteo.fr\/en\/wp-json\/wp\/v2\/product_cat?post=73239"},{"taxonomy":"product_tag","embeddable":true,"href":"https:\/\/clavreuil-wordpress.logiciel-arteo.fr\/en\/wp-json\/wp\/v2\/product_tag?post=73239"}],"curies":[{"name":"wp","href":"https:\/\/api.w.org\/{rel}","templated":true}]}}