{"id":73245,"date":"2024-04-18T15:10:35","date_gmt":"2024-04-18T13:10:35","guid":{"rendered":"https:\/\/clavreuil-wordpress.logiciel-arteo.fr\/traite-medico-philosophique-sur-lalienation-mentale-ou-la-manie-philippe-pinel\/"},"modified":"2024-04-22T15:21:34","modified_gmt":"2024-04-22T13:21:34","slug":"traite-medico-philosophique-sur-lalienation-mentale-ou-la-manie-philippe-pinel","status":"publish","type":"product","link":"https:\/\/clavreuil-wordpress.logiciel-arteo.fr\/en\/traite-medico-philosophique-sur-lalienation-mentale-ou-la-manie-philippe-pinel\/","title":{"rendered":"PINEL Philippe Trait\u00e9 m\u00e9dico-philosophique sur l&#8217;ali\u00e9nation mentale ou..."},"content":{"rendered":"<p style=\"text-align:justify\"><em>Garrison-Morton, 4922 ; Norman (Grolier), 54 ; Norman cat., 1701 ; Waller, 7456; Heirs of Hippocrates, 1070.<\/em><\/p>\n<p style=\"text-align:justify\">First edition of one of the most important texts written by the father of modern psychiatry.<\/p>\n<p style=\"text-align:justify\">Although finished by 1792, the book was held back due to the French Revolution and eventually was made available in 1801.<\/p>\n<p style=\"text-align:justify\">During the Revolution Pinel counted Condorcet amongst his patients.<\/p>\n<p style=\"text-align:justify\">&quot;In 1795 Pinel became chief physician at the Salp&ecirc;tri&egrave;re, where he founded that institution&#039;s famous school of psychiatry. There he trained a generation of psychiatrists, the most important being Esquirol, who disseminated his ideas throughout Europe&quot; (Norman).<\/p>\n<p style=\"text-align:justify\">&quot;Pinel&#039;s classification of mental diseases retained the old divisions of such illnesses as manic, melancholic, demented and idiotic&#8230; He nevertheless made finer distinctions, isolating mania from delirium, and pointing out that in this state the intellectual functions might be intact, and, in his description of idiocy, citing stupor, the first stage of some types of mental disease&#8230; Pinel&#039;s psychiatric therapeutics, his &#039;traitement moral&#039;, represented the first attempt to individual psychotherapy. His treatment was marked by gentleness, understanding, and goodwill&#8230; A number of Pinel&#039;s therapeutic procedures, including ergotherapy and the placement of the patient in a family group, anticipate modern psychiatric care&quot; (DSB).<\/p>\n<p style=\"text-align:justify\">Good copy.<\/p>\n","protected":false},"excerpt":{"rendered":"<p>8vo (202 x 119 mm) LVI and 318 pp., 1 folding table, 2 plates. Later 19th century half-calf, flat spine gilt.<\/p>\n","protected":false},"featured_media":73240,"comment_status":"open","ping_status":"closed","template":"","meta":{"_acf_changed":false},"product_brand":[],"product_cat":[548],"product_tag":[1310],"class_list":{"0":"post-73245","1":"product","2":"type-product","3":"status-publish","4":"has-post-thumbnail","6":"product_cat-medicine","7":"product_tag-psychiatry","8":"pa_auteur-philippe-pinel-2","9":"pa_type-de-livre-printed-book","11":"first","12":"instock","13":"shipping-taxable","14":"purchasable","15":"product-type-simple"},"acf":[],"yoast_head":"<!-- This site is optimized with the Yoast SEO plugin v24.3 - https:\/\/yoast.com\/wordpress\/plugins\/seo\/ -->\n<title>PINEL Philippe Trait\u00e9 m\u00e9dico-philosophique sur l&#039;ali\u00e9nation mentale ou la Manie. - Libairie Clavreuil<\/title>\n<meta name=\"robots\" content=\"noindex, follow, max-snippet:-1, max-image-preview:large, max-video-preview:-1\" \/>\n<meta property=\"og:locale\" content=\"en_US\" \/>\n<meta property=\"og:type\" content=\"article\" \/>\n<meta property=\"og:title\" content=\"PINEL Philippe Trait\u00e9 m\u00e9dico-philosophique sur l&#039;ali\u00e9nation mentale ou la Manie. - Libairie Clavreuil\" \/>\n<meta property=\"og:description\" content=\"8vo (202 x 119 mm) LVI and 318 pp., 1 folding table, 2 plates. Later 19th century half-calf, flat spine gilt.\" \/>\n<meta property=\"og:url\" content=\"https:\/\/clavreuil-wordpress.logiciel-arteo.fr\/en\/traite-medico-philosophique-sur-lalienation-mentale-ou-la-manie-philippe-pinel\/\" \/>\n<meta property=\"og:site_name\" content=\"Libairie Clavreuil\" \/>\n<meta property=\"article:modified_time\" content=\"2024-04-22T13:21:34+00:00\" \/>\n<meta property=\"og:image\" content=\"https:\/\/clavreuil-wordpress.logiciel-arteo.fr\/wp-content\/uploads\/2024\/04\/philippe-pinel-traite-medico-philosophique-sur-l-alienation-mentale-ou-la-manie-3783-6598455c96f6e-scaled.jpg\" \/>\n\t<meta property=\"og:image:width\" content=\"1721\" \/>\n\t<meta property=\"og:image:height\" content=\"2560\" \/>\n\t<meta property=\"og:image:type\" content=\"image\/jpeg\" \/>\n<meta name=\"twitter:card\" content=\"summary_large_image\" \/>\n<meta name=\"twitter:label1\" content=\"Est. reading time\" \/>\n\t<meta name=\"twitter:data1\" content=\"1 minute\" \/>\n<script type=\"application\/ld+json\" class=\"yoast-schema-graph\">{\"@context\":\"https:\/\/schema.org\",\"@graph\":[{\"@type\":\"WebPage\",\"@id\":\"https:\/\/clavreuil-wordpress.logiciel-arteo.fr\/en\/traite-medico-philosophique-sur-lalienation-mentale-ou-la-manie-philippe-pinel\/\",\"url\":\"https:\/\/clavreuil-wordpress.logiciel-arteo.fr\/en\/traite-medico-philosophique-sur-lalienation-mentale-ou-la-manie-philippe-pinel\/\",\"name\":\"PINEL Philippe Trait\u00e9 m\u00e9dico-philosophique sur l'ali\u00e9nation mentale ou la Manie. - Libairie Clavreuil\",\"isPartOf\":{\"@id\":\"https:\/\/clavreuil-wordpress.logiciel-arteo.fr\/#website\"},\"primaryImageOfPage\":{\"@id\":\"https:\/\/clavreuil-wordpress.logiciel-arteo.fr\/en\/traite-medico-philosophique-sur-lalienation-mentale-ou-la-manie-philippe-pinel\/#primaryimage\"},\"image\":{\"@id\":\"https:\/\/clavreuil-wordpress.logiciel-arteo.fr\/en\/traite-medico-philosophique-sur-lalienation-mentale-ou-la-manie-philippe-pinel\/#primaryimage\"},\"thumbnailUrl\":\"https:\/\/clavreuil-wordpress.logiciel-arteo.fr\/wp-content\/uploads\/2024\/04\/philippe-pinel-traite-medico-philosophique-sur-l-alienation-mentale-ou-la-manie-3783-6598455c96f6e-scaled.jpg\",\"datePublished\":\"2024-04-18T13:10:35+00:00\",\"dateModified\":\"2024-04-22T13:21:34+00:00\",\"breadcrumb\":{\"@id\":\"https:\/\/clavreuil-wordpress.logiciel-arteo.fr\/en\/traite-medico-philosophique-sur-lalienation-mentale-ou-la-manie-philippe-pinel\/#breadcrumb\"},\"inLanguage\":\"en-US\",\"potentialAction\":[{\"@type\":\"ReadAction\",\"target\":[\"https:\/\/clavreuil-wordpress.logiciel-arteo.fr\/en\/traite-medico-philosophique-sur-lalienation-mentale-ou-la-manie-philippe-pinel\/\"]}]},{\"@type\":\"ImageObject\",\"inLanguage\":\"en-US\",\"@id\":\"https:\/\/clavreuil-wordpress.logiciel-arteo.fr\/en\/traite-medico-philosophique-sur-lalienation-mentale-ou-la-manie-philippe-pinel\/#primaryimage\",\"url\":\"https:\/\/clavreuil-wordpress.logiciel-arteo.fr\/wp-content\/uploads\/2024\/04\/philippe-pinel-traite-medico-philosophique-sur-l-alienation-mentale-ou-la-manie-3783-6598455c96f6e-scaled.jpg\",\"contentUrl\":\"https:\/\/clavreuil-wordpress.logiciel-arteo.fr\/wp-content\/uploads\/2024\/04\/philippe-pinel-traite-medico-philosophique-sur-l-alienation-mentale-ou-la-manie-3783-6598455c96f6e-scaled.jpg\",\"width\":1721,\"height\":2560},{\"@type\":\"BreadcrumbList\",\"@id\":\"https:\/\/clavreuil-wordpress.logiciel-arteo.fr\/en\/traite-medico-philosophique-sur-lalienation-mentale-ou-la-manie-philippe-pinel\/#breadcrumb\",\"itemListElement\":[{\"@type\":\"ListItem\",\"position\":1,\"name\":\"Accueil\",\"item\":\"https:\/\/clavreuil-wordpress.logiciel-arteo.fr\/\"},{\"@type\":\"ListItem\",\"position\":2,\"name\":\"All our books\",\"item\":\"https:\/\/clavreuil-wordpress.logiciel-arteo.fr\/en\/all-our-books\/\"},{\"@type\":\"ListItem\",\"position\":3,\"name\":\"PINEL Philippe Trait\u00e9 m\u00e9dico-philosophique sur l&#8217;ali\u00e9nation mentale ou...\"}]},{\"@type\":\"WebSite\",\"@id\":\"https:\/\/clavreuil-wordpress.logiciel-arteo.fr\/#website\",\"url\":\"https:\/\/clavreuil-wordpress.logiciel-arteo.fr\/\",\"name\":\"Libairie Clavreuil\",\"description\":\"\",\"publisher\":{\"@id\":\"https:\/\/clavreuil-wordpress.logiciel-arteo.fr\/#organization\"},\"potentialAction\":[{\"@type\":\"SearchAction\",\"target\":{\"@type\":\"EntryPoint\",\"urlTemplate\":\"https:\/\/clavreuil-wordpress.logiciel-arteo.fr\/?s={search_term_string}\"},\"query-input\":{\"@type\":\"PropertyValueSpecification\",\"valueRequired\":true,\"valueName\":\"search_term_string\"}}],\"inLanguage\":\"en-US\"},{\"@type\":\"Organization\",\"@id\":\"https:\/\/clavreuil-wordpress.logiciel-arteo.fr\/#organization\",\"name\":\"Libairie Clavreuil\",\"url\":\"https:\/\/clavreuil-wordpress.logiciel-arteo.fr\/\",\"logo\":{\"@type\":\"ImageObject\",\"inLanguage\":\"en-US\",\"@id\":\"https:\/\/clavreuil-wordpress.logiciel-arteo.fr\/#\/schema\/logo\/image\/\",\"url\":\"https:\/\/clavreuil-wordpress.logiciel-arteo.fr\/wp-content\/uploads\/2021\/05\/LOGO_PNG_DATE-_gold.png\",\"contentUrl\":\"https:\/\/clavreuil-wordpress.logiciel-arteo.fr\/wp-content\/uploads\/2021\/05\/LOGO_PNG_DATE-_gold.png\",\"width\":2083,\"height\":1917,\"caption\":\"Libairie Clavreuil\"},\"image\":{\"@id\":\"https:\/\/clavreuil-wordpress.logiciel-arteo.fr\/#\/schema\/logo\/image\/\"}}]}<\/script>\n<!-- \/ Yoast SEO plugin. -->","yoast_head_json":{"title":"PINEL Philippe Trait\u00e9 m\u00e9dico-philosophique sur l'ali\u00e9nation mentale ou la Manie. - Libairie Clavreuil","robots":{"index":"noindex","follow":"follow","max-snippet":"max-snippet:-1","max-image-preview":"max-image-preview:large","max-video-preview":"max-video-preview:-1"},"og_locale":"en_US","og_type":"article","og_title":"PINEL Philippe Trait\u00e9 m\u00e9dico-philosophique sur l'ali\u00e9nation mentale ou la Manie. - Libairie Clavreuil","og_description":"8vo (202 x 119 mm) LVI and 318 pp., 1 folding table, 2 plates. Later 19th century half-calf, flat spine gilt.","og_url":"https:\/\/clavreuil-wordpress.logiciel-arteo.fr\/en\/traite-medico-philosophique-sur-lalienation-mentale-ou-la-manie-philippe-pinel\/","og_site_name":"Libairie Clavreuil","article_modified_time":"2024-04-22T13:21:34+00:00","og_image":[{"width":1721,"height":2560,"url":"https:\/\/clavreuil-wordpress.logiciel-arteo.fr\/wp-content\/uploads\/2024\/04\/philippe-pinel-traite-medico-philosophique-sur-l-alienation-mentale-ou-la-manie-3783-6598455c96f6e-scaled.jpg","type":"image\/jpeg"}],"twitter_card":"summary_large_image","twitter_misc":{"Est. reading time":"1 minute"},"schema":{"@context":"https:\/\/schema.org","@graph":[{"@type":"WebPage","@id":"https:\/\/clavreuil-wordpress.logiciel-arteo.fr\/en\/traite-medico-philosophique-sur-lalienation-mentale-ou-la-manie-philippe-pinel\/","url":"https:\/\/clavreuil-wordpress.logiciel-arteo.fr\/en\/traite-medico-philosophique-sur-lalienation-mentale-ou-la-manie-philippe-pinel\/","name":"PINEL Philippe Trait\u00e9 m\u00e9dico-philosophique sur l'ali\u00e9nation mentale ou la Manie. - Libairie Clavreuil","isPartOf":{"@id":"https:\/\/clavreuil-wordpress.logiciel-arteo.fr\/#website"},"primaryImageOfPage":{"@id":"https:\/\/clavreuil-wordpress.logiciel-arteo.fr\/en\/traite-medico-philosophique-sur-lalienation-mentale-ou-la-manie-philippe-pinel\/#primaryimage"},"image":{"@id":"https:\/\/clavreuil-wordpress.logiciel-arteo.fr\/en\/traite-medico-philosophique-sur-lalienation-mentale-ou-la-manie-philippe-pinel\/#primaryimage"},"thumbnailUrl":"https:\/\/clavreuil-wordpress.logiciel-arteo.fr\/wp-content\/uploads\/2024\/04\/philippe-pinel-traite-medico-philosophique-sur-l-alienation-mentale-ou-la-manie-3783-6598455c96f6e-scaled.jpg","datePublished":"2024-04-18T13:10:35+00:00","dateModified":"2024-04-22T13:21:34+00:00","breadcrumb":{"@id":"https:\/\/clavreuil-wordpress.logiciel-arteo.fr\/en\/traite-medico-philosophique-sur-lalienation-mentale-ou-la-manie-philippe-pinel\/#breadcrumb"},"inLanguage":"en-US","potentialAction":[{"@type":"ReadAction","target":["https:\/\/clavreuil-wordpress.logiciel-arteo.fr\/en\/traite-medico-philosophique-sur-lalienation-mentale-ou-la-manie-philippe-pinel\/"]}]},{"@type":"ImageObject","inLanguage":"en-US","@id":"https:\/\/clavreuil-wordpress.logiciel-arteo.fr\/en\/traite-medico-philosophique-sur-lalienation-mentale-ou-la-manie-philippe-pinel\/#primaryimage","url":"https:\/\/clavreuil-wordpress.logiciel-arteo.fr\/wp-content\/uploads\/2024\/04\/philippe-pinel-traite-medico-philosophique-sur-l-alienation-mentale-ou-la-manie-3783-6598455c96f6e-scaled.jpg","contentUrl":"https:\/\/clavreuil-wordpress.logiciel-arteo.fr\/wp-content\/uploads\/2024\/04\/philippe-pinel-traite-medico-philosophique-sur-l-alienation-mentale-ou-la-manie-3783-6598455c96f6e-scaled.jpg","width":1721,"height":2560},{"@type":"BreadcrumbList","@id":"https:\/\/clavreuil-wordpress.logiciel-arteo.fr\/en\/traite-medico-philosophique-sur-lalienation-mentale-ou-la-manie-philippe-pinel\/#breadcrumb","itemListElement":[{"@type":"ListItem","position":1,"name":"Accueil","item":"https:\/\/clavreuil-wordpress.logiciel-arteo.fr\/"},{"@type":"ListItem","position":2,"name":"All our books","item":"https:\/\/clavreuil-wordpress.logiciel-arteo.fr\/en\/all-our-books\/"},{"@type":"ListItem","position":3,"name":"PINEL Philippe Trait\u00e9 m\u00e9dico-philosophique sur l&#8217;ali\u00e9nation mentale ou..."}]},{"@type":"WebSite","@id":"https:\/\/clavreuil-wordpress.logiciel-arteo.fr\/#website","url":"https:\/\/clavreuil-wordpress.logiciel-arteo.fr\/","name":"Libairie Clavreuil","description":"","publisher":{"@id":"https:\/\/clavreuil-wordpress.logiciel-arteo.fr\/#organization"},"potentialAction":[{"@type":"SearchAction","target":{"@type":"EntryPoint","urlTemplate":"https:\/\/clavreuil-wordpress.logiciel-arteo.fr\/?s={search_term_string}"},"query-input":{"@type":"PropertyValueSpecification","valueRequired":true,"valueName":"search_term_string"}}],"inLanguage":"en-US"},{"@type":"Organization","@id":"https:\/\/clavreuil-wordpress.logiciel-arteo.fr\/#organization","name":"Libairie Clavreuil","url":"https:\/\/clavreuil-wordpress.logiciel-arteo.fr\/","logo":{"@type":"ImageObject","inLanguage":"en-US","@id":"https:\/\/clavreuil-wordpress.logiciel-arteo.fr\/#\/schema\/logo\/image\/","url":"https:\/\/clavreuil-wordpress.logiciel-arteo.fr\/wp-content\/uploads\/2021\/05\/LOGO_PNG_DATE-_gold.png","contentUrl":"https:\/\/clavreuil-wordpress.logiciel-arteo.fr\/wp-content\/uploads\/2021\/05\/LOGO_PNG_DATE-_gold.png","width":2083,"height":1917,"caption":"Libairie Clavreuil"},"image":{"@id":"https:\/\/clavreuil-wordpress.logiciel-arteo.fr\/#\/schema\/logo\/image\/"}}]}},"_links":{"self":[{"href":"https:\/\/clavreuil-wordpress.logiciel-arteo.fr\/en\/wp-json\/wp\/v2\/product\/73245","targetHints":{"allow":["GET"]}}],"collection":[{"href":"https:\/\/clavreuil-wordpress.logiciel-arteo.fr\/en\/wp-json\/wp\/v2\/product"}],"about":[{"href":"https:\/\/clavreuil-wordpress.logiciel-arteo.fr\/en\/wp-json\/wp\/v2\/types\/product"}],"replies":[{"embeddable":true,"href":"https:\/\/clavreuil-wordpress.logiciel-arteo.fr\/en\/wp-json\/wp\/v2\/comments?post=73245"}],"wp:featuredmedia":[{"embeddable":true,"href":"https:\/\/clavreuil-wordpress.logiciel-arteo.fr\/en\/wp-json\/wp\/v2\/media\/73240"}],"wp:attachment":[{"href":"https:\/\/clavreuil-wordpress.logiciel-arteo.fr\/en\/wp-json\/wp\/v2\/media?parent=73245"}],"wp:term":[{"taxonomy":"product_brand","embeddable":true,"href":"https:\/\/clavreuil-wordpress.logiciel-arteo.fr\/en\/wp-json\/wp\/v2\/product_brand?post=73245"},{"taxonomy":"product_cat","embeddable":true,"href":"https:\/\/clavreuil-wordpress.logiciel-arteo.fr\/en\/wp-json\/wp\/v2\/product_cat?post=73245"},{"taxonomy":"product_tag","embeddable":true,"href":"https:\/\/clavreuil-wordpress.logiciel-arteo.fr\/en\/wp-json\/wp\/v2\/product_tag?post=73245"}],"curies":[{"name":"wp","href":"https:\/\/api.w.org\/{rel}","templated":true}]}}