{"id":73285,"date":"2024-04-18T15:28:11","date_gmt":"2024-04-18T13:28:11","guid":{"rendered":"https:\/\/clavreuil-wordpress.logiciel-arteo.fr\/rapport-fait-a-son-excellence-le-ministre-de-linterieur-sur-les-nouveaux-developpemens-et-letat-actuel-du-sauvage-de-laveyron-jean-marie-gaspard-itard\/"},"modified":"2024-04-22T16:12:15","modified_gmt":"2024-04-22T14:12:15","slug":"rapport-fait-a-son-excellence-le-ministre-de-linterieur-sur-les-nouveaux-developpemens-et-letat-actuel-du-sauvage-de-laveyron-jean-marie-gaspard-itard","status":"publish","type":"product","link":"https:\/\/clavreuil-wordpress.logiciel-arteo.fr\/en\/rapport-fait-a-son-excellence-le-ministre-de-linterieur-sur-les-nouveaux-developpemens-et-letat-actuel-du-sauvage-de-laveyron-jean-marie-gaspard-itard\/","title":{"rendered":"ITARD Jean Marie Gaspard Rapport fait \u00e0 son..."},"content":{"rendered":"<p style=\"text-align:justify\"><em>Norman, 1145 ; Wellcome, p. 334 ; Garrison-Morton, 4969.1 for the first report<\/em><\/p>\n<p>First edition of the second report.<\/p>\n<p>A specialist in deafness, Itard became famous for his work on the case of Victor, the young savage found in the Aveyron. In his first report, published after nine months of intensive care, Itard was optimistic about the possibilities of teaching him to speak.<\/p>\n<p style=\"text-align:justify\">&quot;Itard&#039;s second report was less hopeful &ndash; even after several years of intensive education, the boy proved incapable of learning speech, and Itard was forced to recognize that some of the effects of prolonged isolation are irreversible, especially when the isolation occurs during the crucial period of early chilhood&quot; (Norman).<\/p>\n<p style=\"text-align:justify\">Slight restoration to the first leaf.<\/p>\n","protected":false},"excerpt":{"rendered":"<p>8vo (205 x 120 mm) 2 unn.l., 91 pp. Paper boards (<em>modern binding)<\/em><\/p>\n","protected":false},"featured_media":73280,"comment_status":"open","ping_status":"closed","template":"","meta":{"_acf_changed":false},"product_brand":[],"product_cat":[548],"product_tag":[1313,1312,1311],"class_list":{"0":"post-73285","1":"product","2":"type-product","3":"status-publish","4":"has-post-thumbnail","6":"product_cat-medicine","7":"product_tag-magnetism","8":"product_tag-neurology","9":"product_tag-psychoanalysis","10":"pa_auteur-jean-marie-gaspard-itard-2","11":"pa_type-de-livre-printed-book","13":"first","14":"instock","15":"shipping-taxable","16":"purchasable","17":"product-type-simple"},"acf":[],"yoast_head":"<!-- This site is optimized with the Yoast SEO plugin v24.3 - https:\/\/yoast.com\/wordpress\/plugins\/seo\/ -->\n<title>ITARD Jean Marie Gaspard Rapport fait \u00e0 son excellence le Ministre de l&#039;Int\u00e9rieur, sur les nouveaux d\u00e9veloppemens et l&#039;\u00e9tat actuel du sauvage de l&#039;Aveyron. - Libairie Clavreuil<\/title>\n<meta name=\"robots\" content=\"noindex, follow, max-snippet:-1, max-image-preview:large, max-video-preview:-1\" \/>\n<meta property=\"og:locale\" content=\"en_US\" \/>\n<meta property=\"og:type\" content=\"article\" \/>\n<meta property=\"og:title\" content=\"ITARD Jean Marie Gaspard Rapport fait \u00e0 son excellence le Ministre de l&#039;Int\u00e9rieur, sur les nouveaux d\u00e9veloppemens et l&#039;\u00e9tat actuel du sauvage de l&#039;Aveyron. - Libairie Clavreuil\" \/>\n<meta property=\"og:description\" content=\"8vo (205 x 120 mm) 2 unn.l., 91 pp. Paper boards (modern binding)\" \/>\n<meta property=\"og:url\" content=\"https:\/\/clavreuil-wordpress.logiciel-arteo.fr\/en\/rapport-fait-a-son-excellence-le-ministre-de-linterieur-sur-les-nouveaux-developpemens-et-letat-actuel-du-sauvage-de-laveyron-jean-marie-gaspard-itard\/\" \/>\n<meta property=\"og:site_name\" content=\"Libairie Clavreuil\" \/>\n<meta property=\"article:modified_time\" content=\"2024-04-22T14:12:15+00:00\" \/>\n<meta property=\"og:image\" content=\"https:\/\/clavreuil-wordpress.logiciel-arteo.fr\/wp-content\/uploads\/2024\/04\/jean-marie-gaspard-itard-rapport-fait-a-son-excellence-le-ministre-de-l-interieur-sur-les-nouveaux-developpemens-et-l-etat-actuel-du-sauvage-de-l-avey-scaled.jpg\" \/>\n\t<meta property=\"og:image:width\" content=\"1920\" \/>\n\t<meta property=\"og:image:height\" content=\"2560\" \/>\n\t<meta property=\"og:image:type\" content=\"image\/jpeg\" \/>\n<meta name=\"twitter:card\" content=\"summary_large_image\" \/>\n<meta name=\"twitter:label1\" content=\"Est. reading time\" \/>\n\t<meta name=\"twitter:data1\" content=\"1 minute\" \/>\n<script type=\"application\/ld+json\" class=\"yoast-schema-graph\">{\"@context\":\"https:\/\/schema.org\",\"@graph\":[{\"@type\":\"WebPage\",\"@id\":\"https:\/\/clavreuil-wordpress.logiciel-arteo.fr\/en\/rapport-fait-a-son-excellence-le-ministre-de-linterieur-sur-les-nouveaux-developpemens-et-letat-actuel-du-sauvage-de-laveyron-jean-marie-gaspard-itard\/\",\"url\":\"https:\/\/clavreuil-wordpress.logiciel-arteo.fr\/en\/rapport-fait-a-son-excellence-le-ministre-de-linterieur-sur-les-nouveaux-developpemens-et-letat-actuel-du-sauvage-de-laveyron-jean-marie-gaspard-itard\/\",\"name\":\"ITARD Jean Marie Gaspard Rapport fait \u00e0 son excellence le Ministre de l'Int\u00e9rieur, sur les nouveaux d\u00e9veloppemens et l'\u00e9tat actuel du sauvage de l'Aveyron. - Libairie Clavreuil\",\"isPartOf\":{\"@id\":\"https:\/\/clavreuil-wordpress.logiciel-arteo.fr\/#website\"},\"primaryImageOfPage\":{\"@id\":\"https:\/\/clavreuil-wordpress.logiciel-arteo.fr\/en\/rapport-fait-a-son-excellence-le-ministre-de-linterieur-sur-les-nouveaux-developpemens-et-letat-actuel-du-sauvage-de-laveyron-jean-marie-gaspard-itard\/#primaryimage\"},\"image\":{\"@id\":\"https:\/\/clavreuil-wordpress.logiciel-arteo.fr\/en\/rapport-fait-a-son-excellence-le-ministre-de-linterieur-sur-les-nouveaux-developpemens-et-letat-actuel-du-sauvage-de-laveyron-jean-marie-gaspard-itard\/#primaryimage\"},\"thumbnailUrl\":\"https:\/\/clavreuil-wordpress.logiciel-arteo.fr\/wp-content\/uploads\/2024\/04\/jean-marie-gaspard-itard-rapport-fait-a-son-excellence-le-ministre-de-l-interieur-sur-les-nouveaux-developpemens-et-l-etat-actuel-du-sauvage-de-l-avey-scaled.jpg\",\"datePublished\":\"2024-04-18T13:28:11+00:00\",\"dateModified\":\"2024-04-22T14:12:15+00:00\",\"breadcrumb\":{\"@id\":\"https:\/\/clavreuil-wordpress.logiciel-arteo.fr\/en\/rapport-fait-a-son-excellence-le-ministre-de-linterieur-sur-les-nouveaux-developpemens-et-letat-actuel-du-sauvage-de-laveyron-jean-marie-gaspard-itard\/#breadcrumb\"},\"inLanguage\":\"en-US\",\"potentialAction\":[{\"@type\":\"ReadAction\",\"target\":[\"https:\/\/clavreuil-wordpress.logiciel-arteo.fr\/en\/rapport-fait-a-son-excellence-le-ministre-de-linterieur-sur-les-nouveaux-developpemens-et-letat-actuel-du-sauvage-de-laveyron-jean-marie-gaspard-itard\/\"]}]},{\"@type\":\"ImageObject\",\"inLanguage\":\"en-US\",\"@id\":\"https:\/\/clavreuil-wordpress.logiciel-arteo.fr\/en\/rapport-fait-a-son-excellence-le-ministre-de-linterieur-sur-les-nouveaux-developpemens-et-letat-actuel-du-sauvage-de-laveyron-jean-marie-gaspard-itard\/#primaryimage\",\"url\":\"https:\/\/clavreuil-wordpress.logiciel-arteo.fr\/wp-content\/uploads\/2024\/04\/jean-marie-gaspard-itard-rapport-fait-a-son-excellence-le-ministre-de-l-interieur-sur-les-nouveaux-developpemens-et-l-etat-actuel-du-sauvage-de-l-avey-scaled.jpg\",\"contentUrl\":\"https:\/\/clavreuil-wordpress.logiciel-arteo.fr\/wp-content\/uploads\/2024\/04\/jean-marie-gaspard-itard-rapport-fait-a-son-excellence-le-ministre-de-l-interieur-sur-les-nouveaux-developpemens-et-l-etat-actuel-du-sauvage-de-l-avey-scaled.jpg\",\"width\":1920,\"height\":2560},{\"@type\":\"BreadcrumbList\",\"@id\":\"https:\/\/clavreuil-wordpress.logiciel-arteo.fr\/en\/rapport-fait-a-son-excellence-le-ministre-de-linterieur-sur-les-nouveaux-developpemens-et-letat-actuel-du-sauvage-de-laveyron-jean-marie-gaspard-itard\/#breadcrumb\",\"itemListElement\":[{\"@type\":\"ListItem\",\"position\":1,\"name\":\"Accueil\",\"item\":\"https:\/\/clavreuil-wordpress.logiciel-arteo.fr\/\"},{\"@type\":\"ListItem\",\"position\":2,\"name\":\"All our books\",\"item\":\"https:\/\/clavreuil-wordpress.logiciel-arteo.fr\/en\/all-our-books\/\"},{\"@type\":\"ListItem\",\"position\":3,\"name\":\"ITARD Jean Marie Gaspard Rapport fait \u00e0 son...\"}]},{\"@type\":\"WebSite\",\"@id\":\"https:\/\/clavreuil-wordpress.logiciel-arteo.fr\/#website\",\"url\":\"https:\/\/clavreuil-wordpress.logiciel-arteo.fr\/\",\"name\":\"Libairie Clavreuil\",\"description\":\"\",\"publisher\":{\"@id\":\"https:\/\/clavreuil-wordpress.logiciel-arteo.fr\/#organization\"},\"potentialAction\":[{\"@type\":\"SearchAction\",\"target\":{\"@type\":\"EntryPoint\",\"urlTemplate\":\"https:\/\/clavreuil-wordpress.logiciel-arteo.fr\/?s={search_term_string}\"},\"query-input\":{\"@type\":\"PropertyValueSpecification\",\"valueRequired\":true,\"valueName\":\"search_term_string\"}}],\"inLanguage\":\"en-US\"},{\"@type\":\"Organization\",\"@id\":\"https:\/\/clavreuil-wordpress.logiciel-arteo.fr\/#organization\",\"name\":\"Libairie Clavreuil\",\"url\":\"https:\/\/clavreuil-wordpress.logiciel-arteo.fr\/\",\"logo\":{\"@type\":\"ImageObject\",\"inLanguage\":\"en-US\",\"@id\":\"https:\/\/clavreuil-wordpress.logiciel-arteo.fr\/#\/schema\/logo\/image\/\",\"url\":\"https:\/\/clavreuil-wordpress.logiciel-arteo.fr\/wp-content\/uploads\/2021\/05\/LOGO_PNG_DATE-_gold.png\",\"contentUrl\":\"https:\/\/clavreuil-wordpress.logiciel-arteo.fr\/wp-content\/uploads\/2021\/05\/LOGO_PNG_DATE-_gold.png\",\"width\":2083,\"height\":1917,\"caption\":\"Libairie Clavreuil\"},\"image\":{\"@id\":\"https:\/\/clavreuil-wordpress.logiciel-arteo.fr\/#\/schema\/logo\/image\/\"}}]}<\/script>\n<!-- \/ Yoast SEO plugin. -->","yoast_head_json":{"title":"ITARD Jean Marie Gaspard Rapport fait \u00e0 son excellence le Ministre de l'Int\u00e9rieur, sur les nouveaux d\u00e9veloppemens et l'\u00e9tat actuel du sauvage de l'Aveyron. - Libairie Clavreuil","robots":{"index":"noindex","follow":"follow","max-snippet":"max-snippet:-1","max-image-preview":"max-image-preview:large","max-video-preview":"max-video-preview:-1"},"og_locale":"en_US","og_type":"article","og_title":"ITARD Jean Marie Gaspard Rapport fait \u00e0 son excellence le Ministre de l'Int\u00e9rieur, sur les nouveaux d\u00e9veloppemens et l'\u00e9tat actuel du sauvage de l'Aveyron. - Libairie Clavreuil","og_description":"8vo (205 x 120 mm) 2 unn.l., 91 pp. Paper boards (modern binding)","og_url":"https:\/\/clavreuil-wordpress.logiciel-arteo.fr\/en\/rapport-fait-a-son-excellence-le-ministre-de-linterieur-sur-les-nouveaux-developpemens-et-letat-actuel-du-sauvage-de-laveyron-jean-marie-gaspard-itard\/","og_site_name":"Libairie Clavreuil","article_modified_time":"2024-04-22T14:12:15+00:00","og_image":[{"width":1920,"height":2560,"url":"https:\/\/clavreuil-wordpress.logiciel-arteo.fr\/wp-content\/uploads\/2024\/04\/jean-marie-gaspard-itard-rapport-fait-a-son-excellence-le-ministre-de-l-interieur-sur-les-nouveaux-developpemens-et-l-etat-actuel-du-sauvage-de-l-avey-scaled.jpg","type":"image\/jpeg"}],"twitter_card":"summary_large_image","twitter_misc":{"Est. reading time":"1 minute"},"schema":{"@context":"https:\/\/schema.org","@graph":[{"@type":"WebPage","@id":"https:\/\/clavreuil-wordpress.logiciel-arteo.fr\/en\/rapport-fait-a-son-excellence-le-ministre-de-linterieur-sur-les-nouveaux-developpemens-et-letat-actuel-du-sauvage-de-laveyron-jean-marie-gaspard-itard\/","url":"https:\/\/clavreuil-wordpress.logiciel-arteo.fr\/en\/rapport-fait-a-son-excellence-le-ministre-de-linterieur-sur-les-nouveaux-developpemens-et-letat-actuel-du-sauvage-de-laveyron-jean-marie-gaspard-itard\/","name":"ITARD Jean Marie Gaspard Rapport fait \u00e0 son excellence le Ministre de l'Int\u00e9rieur, sur les nouveaux d\u00e9veloppemens et l'\u00e9tat actuel du sauvage de l'Aveyron. - Libairie Clavreuil","isPartOf":{"@id":"https:\/\/clavreuil-wordpress.logiciel-arteo.fr\/#website"},"primaryImageOfPage":{"@id":"https:\/\/clavreuil-wordpress.logiciel-arteo.fr\/en\/rapport-fait-a-son-excellence-le-ministre-de-linterieur-sur-les-nouveaux-developpemens-et-letat-actuel-du-sauvage-de-laveyron-jean-marie-gaspard-itard\/#primaryimage"},"image":{"@id":"https:\/\/clavreuil-wordpress.logiciel-arteo.fr\/en\/rapport-fait-a-son-excellence-le-ministre-de-linterieur-sur-les-nouveaux-developpemens-et-letat-actuel-du-sauvage-de-laveyron-jean-marie-gaspard-itard\/#primaryimage"},"thumbnailUrl":"https:\/\/clavreuil-wordpress.logiciel-arteo.fr\/wp-content\/uploads\/2024\/04\/jean-marie-gaspard-itard-rapport-fait-a-son-excellence-le-ministre-de-l-interieur-sur-les-nouveaux-developpemens-et-l-etat-actuel-du-sauvage-de-l-avey-scaled.jpg","datePublished":"2024-04-18T13:28:11+00:00","dateModified":"2024-04-22T14:12:15+00:00","breadcrumb":{"@id":"https:\/\/clavreuil-wordpress.logiciel-arteo.fr\/en\/rapport-fait-a-son-excellence-le-ministre-de-linterieur-sur-les-nouveaux-developpemens-et-letat-actuel-du-sauvage-de-laveyron-jean-marie-gaspard-itard\/#breadcrumb"},"inLanguage":"en-US","potentialAction":[{"@type":"ReadAction","target":["https:\/\/clavreuil-wordpress.logiciel-arteo.fr\/en\/rapport-fait-a-son-excellence-le-ministre-de-linterieur-sur-les-nouveaux-developpemens-et-letat-actuel-du-sauvage-de-laveyron-jean-marie-gaspard-itard\/"]}]},{"@type":"ImageObject","inLanguage":"en-US","@id":"https:\/\/clavreuil-wordpress.logiciel-arteo.fr\/en\/rapport-fait-a-son-excellence-le-ministre-de-linterieur-sur-les-nouveaux-developpemens-et-letat-actuel-du-sauvage-de-laveyron-jean-marie-gaspard-itard\/#primaryimage","url":"https:\/\/clavreuil-wordpress.logiciel-arteo.fr\/wp-content\/uploads\/2024\/04\/jean-marie-gaspard-itard-rapport-fait-a-son-excellence-le-ministre-de-l-interieur-sur-les-nouveaux-developpemens-et-l-etat-actuel-du-sauvage-de-l-avey-scaled.jpg","contentUrl":"https:\/\/clavreuil-wordpress.logiciel-arteo.fr\/wp-content\/uploads\/2024\/04\/jean-marie-gaspard-itard-rapport-fait-a-son-excellence-le-ministre-de-l-interieur-sur-les-nouveaux-developpemens-et-l-etat-actuel-du-sauvage-de-l-avey-scaled.jpg","width":1920,"height":2560},{"@type":"BreadcrumbList","@id":"https:\/\/clavreuil-wordpress.logiciel-arteo.fr\/en\/rapport-fait-a-son-excellence-le-ministre-de-linterieur-sur-les-nouveaux-developpemens-et-letat-actuel-du-sauvage-de-laveyron-jean-marie-gaspard-itard\/#breadcrumb","itemListElement":[{"@type":"ListItem","position":1,"name":"Accueil","item":"https:\/\/clavreuil-wordpress.logiciel-arteo.fr\/"},{"@type":"ListItem","position":2,"name":"All our books","item":"https:\/\/clavreuil-wordpress.logiciel-arteo.fr\/en\/all-our-books\/"},{"@type":"ListItem","position":3,"name":"ITARD Jean Marie Gaspard Rapport fait \u00e0 son..."}]},{"@type":"WebSite","@id":"https:\/\/clavreuil-wordpress.logiciel-arteo.fr\/#website","url":"https:\/\/clavreuil-wordpress.logiciel-arteo.fr\/","name":"Libairie Clavreuil","description":"","publisher":{"@id":"https:\/\/clavreuil-wordpress.logiciel-arteo.fr\/#organization"},"potentialAction":[{"@type":"SearchAction","target":{"@type":"EntryPoint","urlTemplate":"https:\/\/clavreuil-wordpress.logiciel-arteo.fr\/?s={search_term_string}"},"query-input":{"@type":"PropertyValueSpecification","valueRequired":true,"valueName":"search_term_string"}}],"inLanguage":"en-US"},{"@type":"Organization","@id":"https:\/\/clavreuil-wordpress.logiciel-arteo.fr\/#organization","name":"Libairie Clavreuil","url":"https:\/\/clavreuil-wordpress.logiciel-arteo.fr\/","logo":{"@type":"ImageObject","inLanguage":"en-US","@id":"https:\/\/clavreuil-wordpress.logiciel-arteo.fr\/#\/schema\/logo\/image\/","url":"https:\/\/clavreuil-wordpress.logiciel-arteo.fr\/wp-content\/uploads\/2021\/05\/LOGO_PNG_DATE-_gold.png","contentUrl":"https:\/\/clavreuil-wordpress.logiciel-arteo.fr\/wp-content\/uploads\/2021\/05\/LOGO_PNG_DATE-_gold.png","width":2083,"height":1917,"caption":"Libairie Clavreuil"},"image":{"@id":"https:\/\/clavreuil-wordpress.logiciel-arteo.fr\/#\/schema\/logo\/image\/"}}]}},"_links":{"self":[{"href":"https:\/\/clavreuil-wordpress.logiciel-arteo.fr\/en\/wp-json\/wp\/v2\/product\/73285","targetHints":{"allow":["GET"]}}],"collection":[{"href":"https:\/\/clavreuil-wordpress.logiciel-arteo.fr\/en\/wp-json\/wp\/v2\/product"}],"about":[{"href":"https:\/\/clavreuil-wordpress.logiciel-arteo.fr\/en\/wp-json\/wp\/v2\/types\/product"}],"replies":[{"embeddable":true,"href":"https:\/\/clavreuil-wordpress.logiciel-arteo.fr\/en\/wp-json\/wp\/v2\/comments?post=73285"}],"wp:featuredmedia":[{"embeddable":true,"href":"https:\/\/clavreuil-wordpress.logiciel-arteo.fr\/en\/wp-json\/wp\/v2\/media\/73280"}],"wp:attachment":[{"href":"https:\/\/clavreuil-wordpress.logiciel-arteo.fr\/en\/wp-json\/wp\/v2\/media?parent=73285"}],"wp:term":[{"taxonomy":"product_brand","embeddable":true,"href":"https:\/\/clavreuil-wordpress.logiciel-arteo.fr\/en\/wp-json\/wp\/v2\/product_brand?post=73285"},{"taxonomy":"product_cat","embeddable":true,"href":"https:\/\/clavreuil-wordpress.logiciel-arteo.fr\/en\/wp-json\/wp\/v2\/product_cat?post=73285"},{"taxonomy":"product_tag","embeddable":true,"href":"https:\/\/clavreuil-wordpress.logiciel-arteo.fr\/en\/wp-json\/wp\/v2\/product_tag?post=73285"}],"curies":[{"name":"wp","href":"https:\/\/api.w.org\/{rel}","templated":true}]}}