{"id":73299,"date":"2024-04-18T15:42:01","date_gmt":"2024-04-18T13:42:01","guid":{"rendered":"https:\/\/clavreuil-wordpress.logiciel-arteo.fr\/traite-clinique-et-therapeutique-de-lhysterie-dapres-lenseignement-de-la-salpetriere-preface-de-m-le-dr-j-m-charcot-gilles-de-la-tourette\/"},"modified":"2024-04-22T16:09:32","modified_gmt":"2024-04-22T14:09:32","slug":"traite-clinique-et-therapeutique-de-lhysterie-dapres-lenseignement-de-la-salpetriere-preface-de-m-le-dr-j-m-charcot-gilles-de-la-tourette","status":"publish","type":"product","link":"https:\/\/clavreuil-wordpress.logiciel-arteo.fr\/en\/traite-clinique-et-therapeutique-de-lhysterie-dapres-lenseignement-de-la-salpetriere-preface-de-m-le-dr-j-m-charcot-gilles-de-la-tourette\/","title":{"rendered":"LA TOURETTE Gilles de Trait\u00e9 clinique et th\u00e9rapeutique..."},"content":{"rendered":"<p style=\"text-align:justify\"><em>Caillet, II, 6188.<\/em><\/p>\n<p>First edition.<\/p>\n<p>Two other volumes were added in 1895.<\/p>\n<p>Gilles de La Tourette (1857-1904), Charcot&#039;s pupil at the Salp&ecirc;tri&egrave;re. He is now known to have given his name to Gilles de La Tourette&#039;s disease, which manifests itself in tics.<\/p>\n<p style=\"text-align:justify\">&quot;Gilles de La Tourette a introduit dans l&#039;&eacute;tude de l&#039;hyst&eacute;rie un &eacute;l&eacute;ment de pr&eacute;cision, pour ainsi dire palpable, qui est appel&eacute; &agrave; &eacute;clairer singuli&egrave;rement le diagnostic des cas douteux, en m&ecirc;me temps qu&#039;il fixe la r&eacute;alit&eacute; des ph&eacute;nom&egrave;nes &eacute;tablis par la clinique&quot; (Charcot, introduction).<\/p>\n<p style=\"text-align:justify\">Some foxing, else good copy.<\/p>\n","protected":false},"excerpt":{"rendered":"<p>8vo (213 x 133 mm) XV, 582 pp., 1 unn.l. Half red shagreen, spine gilt with raised bands, marbled edges (<em>contemporary binding<\/em>).<\/p>\n","protected":false},"featured_media":73292,"comment_status":"open","ping_status":"closed","template":"","meta":{"_acf_changed":false},"product_brand":[],"product_cat":[548],"product_tag":[1312,1310],"class_list":{"0":"post-73299","1":"product","2":"type-product","3":"status-publish","4":"has-post-thumbnail","6":"product_cat-medicine","7":"product_tag-neurology","8":"product_tag-psychiatry","9":"pa_auteur-gilles-de-la-tourette-2","10":"pa_type-de-livre-printed-book","12":"first","13":"instock","14":"shipping-taxable","15":"purchasable","16":"product-type-simple"},"acf":[],"yoast_head":"<!-- This site is optimized with the Yoast SEO plugin v24.3 - https:\/\/yoast.com\/wordpress\/plugins\/seo\/ -->\n<title>LA TOURETTE Gilles de Trait\u00e9 clinique et th\u00e9rapeutique de l&#039;hyst\u00e9rie d&#039;apr\u00e8s l&#039;enseignement de la Salp\u00eatri\u00e8re. Pr\u00e9face de M. le Dr. J.-M. Charcot. - Libairie Clavreuil<\/title>\n<meta name=\"robots\" content=\"noindex, follow, max-snippet:-1, max-image-preview:large, max-video-preview:-1\" \/>\n<meta property=\"og:locale\" content=\"en_US\" \/>\n<meta property=\"og:type\" content=\"article\" \/>\n<meta property=\"og:title\" content=\"LA TOURETTE Gilles de Trait\u00e9 clinique et th\u00e9rapeutique de l&#039;hyst\u00e9rie d&#039;apr\u00e8s l&#039;enseignement de la Salp\u00eatri\u00e8re. Pr\u00e9face de M. le Dr. J.-M. Charcot. - Libairie Clavreuil\" \/>\n<meta property=\"og:description\" content=\"8vo (213 x 133 mm) XV, 582 pp., 1 unn.l. Half red shagreen, spine gilt with raised bands, marbled edges (contemporary binding).\" \/>\n<meta property=\"og:url\" content=\"https:\/\/clavreuil-wordpress.logiciel-arteo.fr\/en\/traite-clinique-et-therapeutique-de-lhysterie-dapres-lenseignement-de-la-salpetriere-preface-de-m-le-dr-j-m-charcot-gilles-de-la-tourette\/\" \/>\n<meta property=\"og:site_name\" content=\"Libairie Clavreuil\" \/>\n<meta property=\"article:modified_time\" content=\"2024-04-22T14:09:32+00:00\" \/>\n<meta property=\"og:image\" content=\"https:\/\/clavreuil-wordpress.logiciel-arteo.fr\/wp-content\/uploads\/2024\/04\/gilles-de-la-tourette-traite-clinique-et-therapeutique-de-l-hysterie-d-apres-l-enseignement-de-la-salpetriere-preface-de-m-le-dr-j-m-charcot-8106-65a9-scaled.jpg\" \/>\n\t<meta property=\"og:image:width\" content=\"1920\" \/>\n\t<meta property=\"og:image:height\" content=\"2560\" \/>\n\t<meta property=\"og:image:type\" content=\"image\/jpeg\" \/>\n<meta name=\"twitter:card\" content=\"summary_large_image\" \/>\n<meta name=\"twitter:label1\" content=\"Est. reading time\" \/>\n\t<meta name=\"twitter:data1\" content=\"1 minute\" \/>\n<script type=\"application\/ld+json\" class=\"yoast-schema-graph\">{\"@context\":\"https:\/\/schema.org\",\"@graph\":[{\"@type\":\"WebPage\",\"@id\":\"https:\/\/clavreuil-wordpress.logiciel-arteo.fr\/en\/traite-clinique-et-therapeutique-de-lhysterie-dapres-lenseignement-de-la-salpetriere-preface-de-m-le-dr-j-m-charcot-gilles-de-la-tourette\/\",\"url\":\"https:\/\/clavreuil-wordpress.logiciel-arteo.fr\/en\/traite-clinique-et-therapeutique-de-lhysterie-dapres-lenseignement-de-la-salpetriere-preface-de-m-le-dr-j-m-charcot-gilles-de-la-tourette\/\",\"name\":\"LA TOURETTE Gilles de Trait\u00e9 clinique et th\u00e9rapeutique de l'hyst\u00e9rie d'apr\u00e8s l'enseignement de la Salp\u00eatri\u00e8re. Pr\u00e9face de M. le Dr. J.-M. Charcot. - Libairie Clavreuil\",\"isPartOf\":{\"@id\":\"https:\/\/clavreuil-wordpress.logiciel-arteo.fr\/#website\"},\"primaryImageOfPage\":{\"@id\":\"https:\/\/clavreuil-wordpress.logiciel-arteo.fr\/en\/traite-clinique-et-therapeutique-de-lhysterie-dapres-lenseignement-de-la-salpetriere-preface-de-m-le-dr-j-m-charcot-gilles-de-la-tourette\/#primaryimage\"},\"image\":{\"@id\":\"https:\/\/clavreuil-wordpress.logiciel-arteo.fr\/en\/traite-clinique-et-therapeutique-de-lhysterie-dapres-lenseignement-de-la-salpetriere-preface-de-m-le-dr-j-m-charcot-gilles-de-la-tourette\/#primaryimage\"},\"thumbnailUrl\":\"https:\/\/clavreuil-wordpress.logiciel-arteo.fr\/wp-content\/uploads\/2024\/04\/gilles-de-la-tourette-traite-clinique-et-therapeutique-de-l-hysterie-d-apres-l-enseignement-de-la-salpetriere-preface-de-m-le-dr-j-m-charcot-8106-65a9-scaled.jpg\",\"datePublished\":\"2024-04-18T13:42:01+00:00\",\"dateModified\":\"2024-04-22T14:09:32+00:00\",\"breadcrumb\":{\"@id\":\"https:\/\/clavreuil-wordpress.logiciel-arteo.fr\/en\/traite-clinique-et-therapeutique-de-lhysterie-dapres-lenseignement-de-la-salpetriere-preface-de-m-le-dr-j-m-charcot-gilles-de-la-tourette\/#breadcrumb\"},\"inLanguage\":\"en-US\",\"potentialAction\":[{\"@type\":\"ReadAction\",\"target\":[\"https:\/\/clavreuil-wordpress.logiciel-arteo.fr\/en\/traite-clinique-et-therapeutique-de-lhysterie-dapres-lenseignement-de-la-salpetriere-preface-de-m-le-dr-j-m-charcot-gilles-de-la-tourette\/\"]}]},{\"@type\":\"ImageObject\",\"inLanguage\":\"en-US\",\"@id\":\"https:\/\/clavreuil-wordpress.logiciel-arteo.fr\/en\/traite-clinique-et-therapeutique-de-lhysterie-dapres-lenseignement-de-la-salpetriere-preface-de-m-le-dr-j-m-charcot-gilles-de-la-tourette\/#primaryimage\",\"url\":\"https:\/\/clavreuil-wordpress.logiciel-arteo.fr\/wp-content\/uploads\/2024\/04\/gilles-de-la-tourette-traite-clinique-et-therapeutique-de-l-hysterie-d-apres-l-enseignement-de-la-salpetriere-preface-de-m-le-dr-j-m-charcot-8106-65a9-scaled.jpg\",\"contentUrl\":\"https:\/\/clavreuil-wordpress.logiciel-arteo.fr\/wp-content\/uploads\/2024\/04\/gilles-de-la-tourette-traite-clinique-et-therapeutique-de-l-hysterie-d-apres-l-enseignement-de-la-salpetriere-preface-de-m-le-dr-j-m-charcot-8106-65a9-scaled.jpg\",\"width\":1920,\"height\":2560},{\"@type\":\"BreadcrumbList\",\"@id\":\"https:\/\/clavreuil-wordpress.logiciel-arteo.fr\/en\/traite-clinique-et-therapeutique-de-lhysterie-dapres-lenseignement-de-la-salpetriere-preface-de-m-le-dr-j-m-charcot-gilles-de-la-tourette\/#breadcrumb\",\"itemListElement\":[{\"@type\":\"ListItem\",\"position\":1,\"name\":\"Accueil\",\"item\":\"https:\/\/clavreuil-wordpress.logiciel-arteo.fr\/\"},{\"@type\":\"ListItem\",\"position\":2,\"name\":\"All our books\",\"item\":\"https:\/\/clavreuil-wordpress.logiciel-arteo.fr\/en\/all-our-books\/\"},{\"@type\":\"ListItem\",\"position\":3,\"name\":\"LA TOURETTE Gilles de Trait\u00e9 clinique et th\u00e9rapeutique...\"}]},{\"@type\":\"WebSite\",\"@id\":\"https:\/\/clavreuil-wordpress.logiciel-arteo.fr\/#website\",\"url\":\"https:\/\/clavreuil-wordpress.logiciel-arteo.fr\/\",\"name\":\"Libairie Clavreuil\",\"description\":\"\",\"publisher\":{\"@id\":\"https:\/\/clavreuil-wordpress.logiciel-arteo.fr\/#organization\"},\"potentialAction\":[{\"@type\":\"SearchAction\",\"target\":{\"@type\":\"EntryPoint\",\"urlTemplate\":\"https:\/\/clavreuil-wordpress.logiciel-arteo.fr\/?s={search_term_string}\"},\"query-input\":{\"@type\":\"PropertyValueSpecification\",\"valueRequired\":true,\"valueName\":\"search_term_string\"}}],\"inLanguage\":\"en-US\"},{\"@type\":\"Organization\",\"@id\":\"https:\/\/clavreuil-wordpress.logiciel-arteo.fr\/#organization\",\"name\":\"Libairie Clavreuil\",\"url\":\"https:\/\/clavreuil-wordpress.logiciel-arteo.fr\/\",\"logo\":{\"@type\":\"ImageObject\",\"inLanguage\":\"en-US\",\"@id\":\"https:\/\/clavreuil-wordpress.logiciel-arteo.fr\/#\/schema\/logo\/image\/\",\"url\":\"https:\/\/clavreuil-wordpress.logiciel-arteo.fr\/wp-content\/uploads\/2021\/05\/LOGO_PNG_DATE-_gold.png\",\"contentUrl\":\"https:\/\/clavreuil-wordpress.logiciel-arteo.fr\/wp-content\/uploads\/2021\/05\/LOGO_PNG_DATE-_gold.png\",\"width\":2083,\"height\":1917,\"caption\":\"Libairie Clavreuil\"},\"image\":{\"@id\":\"https:\/\/clavreuil-wordpress.logiciel-arteo.fr\/#\/schema\/logo\/image\/\"}}]}<\/script>\n<!-- \/ Yoast SEO plugin. -->","yoast_head_json":{"title":"LA TOURETTE Gilles de Trait\u00e9 clinique et th\u00e9rapeutique de l'hyst\u00e9rie d'apr\u00e8s l'enseignement de la Salp\u00eatri\u00e8re. Pr\u00e9face de M. le Dr. J.-M. Charcot. - Libairie Clavreuil","robots":{"index":"noindex","follow":"follow","max-snippet":"max-snippet:-1","max-image-preview":"max-image-preview:large","max-video-preview":"max-video-preview:-1"},"og_locale":"en_US","og_type":"article","og_title":"LA TOURETTE Gilles de Trait\u00e9 clinique et th\u00e9rapeutique de l'hyst\u00e9rie d'apr\u00e8s l'enseignement de la Salp\u00eatri\u00e8re. Pr\u00e9face de M. le Dr. J.-M. Charcot. - Libairie Clavreuil","og_description":"8vo (213 x 133 mm) XV, 582 pp., 1 unn.l. Half red shagreen, spine gilt with raised bands, marbled edges (contemporary binding).","og_url":"https:\/\/clavreuil-wordpress.logiciel-arteo.fr\/en\/traite-clinique-et-therapeutique-de-lhysterie-dapres-lenseignement-de-la-salpetriere-preface-de-m-le-dr-j-m-charcot-gilles-de-la-tourette\/","og_site_name":"Libairie Clavreuil","article_modified_time":"2024-04-22T14:09:32+00:00","og_image":[{"width":1920,"height":2560,"url":"https:\/\/clavreuil-wordpress.logiciel-arteo.fr\/wp-content\/uploads\/2024\/04\/gilles-de-la-tourette-traite-clinique-et-therapeutique-de-l-hysterie-d-apres-l-enseignement-de-la-salpetriere-preface-de-m-le-dr-j-m-charcot-8106-65a9-scaled.jpg","type":"image\/jpeg"}],"twitter_card":"summary_large_image","twitter_misc":{"Est. reading time":"1 minute"},"schema":{"@context":"https:\/\/schema.org","@graph":[{"@type":"WebPage","@id":"https:\/\/clavreuil-wordpress.logiciel-arteo.fr\/en\/traite-clinique-et-therapeutique-de-lhysterie-dapres-lenseignement-de-la-salpetriere-preface-de-m-le-dr-j-m-charcot-gilles-de-la-tourette\/","url":"https:\/\/clavreuil-wordpress.logiciel-arteo.fr\/en\/traite-clinique-et-therapeutique-de-lhysterie-dapres-lenseignement-de-la-salpetriere-preface-de-m-le-dr-j-m-charcot-gilles-de-la-tourette\/","name":"LA TOURETTE Gilles de Trait\u00e9 clinique et th\u00e9rapeutique de l'hyst\u00e9rie d'apr\u00e8s l'enseignement de la Salp\u00eatri\u00e8re. Pr\u00e9face de M. le Dr. J.-M. Charcot. - Libairie Clavreuil","isPartOf":{"@id":"https:\/\/clavreuil-wordpress.logiciel-arteo.fr\/#website"},"primaryImageOfPage":{"@id":"https:\/\/clavreuil-wordpress.logiciel-arteo.fr\/en\/traite-clinique-et-therapeutique-de-lhysterie-dapres-lenseignement-de-la-salpetriere-preface-de-m-le-dr-j-m-charcot-gilles-de-la-tourette\/#primaryimage"},"image":{"@id":"https:\/\/clavreuil-wordpress.logiciel-arteo.fr\/en\/traite-clinique-et-therapeutique-de-lhysterie-dapres-lenseignement-de-la-salpetriere-preface-de-m-le-dr-j-m-charcot-gilles-de-la-tourette\/#primaryimage"},"thumbnailUrl":"https:\/\/clavreuil-wordpress.logiciel-arteo.fr\/wp-content\/uploads\/2024\/04\/gilles-de-la-tourette-traite-clinique-et-therapeutique-de-l-hysterie-d-apres-l-enseignement-de-la-salpetriere-preface-de-m-le-dr-j-m-charcot-8106-65a9-scaled.jpg","datePublished":"2024-04-18T13:42:01+00:00","dateModified":"2024-04-22T14:09:32+00:00","breadcrumb":{"@id":"https:\/\/clavreuil-wordpress.logiciel-arteo.fr\/en\/traite-clinique-et-therapeutique-de-lhysterie-dapres-lenseignement-de-la-salpetriere-preface-de-m-le-dr-j-m-charcot-gilles-de-la-tourette\/#breadcrumb"},"inLanguage":"en-US","potentialAction":[{"@type":"ReadAction","target":["https:\/\/clavreuil-wordpress.logiciel-arteo.fr\/en\/traite-clinique-et-therapeutique-de-lhysterie-dapres-lenseignement-de-la-salpetriere-preface-de-m-le-dr-j-m-charcot-gilles-de-la-tourette\/"]}]},{"@type":"ImageObject","inLanguage":"en-US","@id":"https:\/\/clavreuil-wordpress.logiciel-arteo.fr\/en\/traite-clinique-et-therapeutique-de-lhysterie-dapres-lenseignement-de-la-salpetriere-preface-de-m-le-dr-j-m-charcot-gilles-de-la-tourette\/#primaryimage","url":"https:\/\/clavreuil-wordpress.logiciel-arteo.fr\/wp-content\/uploads\/2024\/04\/gilles-de-la-tourette-traite-clinique-et-therapeutique-de-l-hysterie-d-apres-l-enseignement-de-la-salpetriere-preface-de-m-le-dr-j-m-charcot-8106-65a9-scaled.jpg","contentUrl":"https:\/\/clavreuil-wordpress.logiciel-arteo.fr\/wp-content\/uploads\/2024\/04\/gilles-de-la-tourette-traite-clinique-et-therapeutique-de-l-hysterie-d-apres-l-enseignement-de-la-salpetriere-preface-de-m-le-dr-j-m-charcot-8106-65a9-scaled.jpg","width":1920,"height":2560},{"@type":"BreadcrumbList","@id":"https:\/\/clavreuil-wordpress.logiciel-arteo.fr\/en\/traite-clinique-et-therapeutique-de-lhysterie-dapres-lenseignement-de-la-salpetriere-preface-de-m-le-dr-j-m-charcot-gilles-de-la-tourette\/#breadcrumb","itemListElement":[{"@type":"ListItem","position":1,"name":"Accueil","item":"https:\/\/clavreuil-wordpress.logiciel-arteo.fr\/"},{"@type":"ListItem","position":2,"name":"All our books","item":"https:\/\/clavreuil-wordpress.logiciel-arteo.fr\/en\/all-our-books\/"},{"@type":"ListItem","position":3,"name":"LA TOURETTE Gilles de Trait\u00e9 clinique et th\u00e9rapeutique..."}]},{"@type":"WebSite","@id":"https:\/\/clavreuil-wordpress.logiciel-arteo.fr\/#website","url":"https:\/\/clavreuil-wordpress.logiciel-arteo.fr\/","name":"Libairie Clavreuil","description":"","publisher":{"@id":"https:\/\/clavreuil-wordpress.logiciel-arteo.fr\/#organization"},"potentialAction":[{"@type":"SearchAction","target":{"@type":"EntryPoint","urlTemplate":"https:\/\/clavreuil-wordpress.logiciel-arteo.fr\/?s={search_term_string}"},"query-input":{"@type":"PropertyValueSpecification","valueRequired":true,"valueName":"search_term_string"}}],"inLanguage":"en-US"},{"@type":"Organization","@id":"https:\/\/clavreuil-wordpress.logiciel-arteo.fr\/#organization","name":"Libairie Clavreuil","url":"https:\/\/clavreuil-wordpress.logiciel-arteo.fr\/","logo":{"@type":"ImageObject","inLanguage":"en-US","@id":"https:\/\/clavreuil-wordpress.logiciel-arteo.fr\/#\/schema\/logo\/image\/","url":"https:\/\/clavreuil-wordpress.logiciel-arteo.fr\/wp-content\/uploads\/2021\/05\/LOGO_PNG_DATE-_gold.png","contentUrl":"https:\/\/clavreuil-wordpress.logiciel-arteo.fr\/wp-content\/uploads\/2021\/05\/LOGO_PNG_DATE-_gold.png","width":2083,"height":1917,"caption":"Libairie Clavreuil"},"image":{"@id":"https:\/\/clavreuil-wordpress.logiciel-arteo.fr\/#\/schema\/logo\/image\/"}}]}},"_links":{"self":[{"href":"https:\/\/clavreuil-wordpress.logiciel-arteo.fr\/en\/wp-json\/wp\/v2\/product\/73299","targetHints":{"allow":["GET"]}}],"collection":[{"href":"https:\/\/clavreuil-wordpress.logiciel-arteo.fr\/en\/wp-json\/wp\/v2\/product"}],"about":[{"href":"https:\/\/clavreuil-wordpress.logiciel-arteo.fr\/en\/wp-json\/wp\/v2\/types\/product"}],"replies":[{"embeddable":true,"href":"https:\/\/clavreuil-wordpress.logiciel-arteo.fr\/en\/wp-json\/wp\/v2\/comments?post=73299"}],"wp:featuredmedia":[{"embeddable":true,"href":"https:\/\/clavreuil-wordpress.logiciel-arteo.fr\/en\/wp-json\/wp\/v2\/media\/73292"}],"wp:attachment":[{"href":"https:\/\/clavreuil-wordpress.logiciel-arteo.fr\/en\/wp-json\/wp\/v2\/media?parent=73299"}],"wp:term":[{"taxonomy":"product_brand","embeddable":true,"href":"https:\/\/clavreuil-wordpress.logiciel-arteo.fr\/en\/wp-json\/wp\/v2\/product_brand?post=73299"},{"taxonomy":"product_cat","embeddable":true,"href":"https:\/\/clavreuil-wordpress.logiciel-arteo.fr\/en\/wp-json\/wp\/v2\/product_cat?post=73299"},{"taxonomy":"product_tag","embeddable":true,"href":"https:\/\/clavreuil-wordpress.logiciel-arteo.fr\/en\/wp-json\/wp\/v2\/product_tag?post=73299"}],"curies":[{"name":"wp","href":"https:\/\/api.w.org\/{rel}","templated":true}]}}