{"id":73309,"date":"2024-04-18T15:42:41","date_gmt":"2024-04-18T13:42:41","guid":{"rendered":"https:\/\/clavreuil-wordpress.logiciel-arteo.fr\/traite-des-degenerescences-physiques-intellectuelles-et-morales-de-lespece-humaine-benedicte-auguste-morel\/"},"modified":"2024-04-22T14:49:56","modified_gmt":"2024-04-22T12:49:56","slug":"traite-des-degenerescences-physiques-intellectuelles-et-morales-de-lespece-humaine-benedicte-auguste-morel","status":"publish","type":"product","link":"https:\/\/clavreuil-wordpress.logiciel-arteo.fr\/en\/traite-des-degenerescences-physiques-intellectuelles-et-morales-de-lespece-humaine-benedicte-auguste-morel\/","title":{"rendered":"MOREL B\u00e9n\u00e9dicte Auguste Trait\u00e9 des d\u00e9g\u00e9n\u00e9rescences physiques, intellectuelles..."},"content":{"rendered":"<p style=\"text-align:justify\"><em>Garrison-Morton, 4933.1; ; Heirs of Hippocrates, 1721 (exemplaire incomplet, sans l&#039;atlas) ; Semelaigne I, 342-351.<\/em><\/p>\n<p style=\"text-align:justify\">&Eacute;dition originale.<\/p>\n<p style=\"text-align:justify\">Esprit frondeur et ind&eacute;pendant, ennemi de la routine, Morel, d&egrave;s 1856, &quot;ne songe plus qu&#039;&agrave; la d&eacute;g&eacute;n&eacute;rescence, passe son temps &agrave; circuler de c&ocirc;t&eacute; et d&#039;autre pour &eacute;tudier les types et v&eacute;rifier les lois qu&#039;il a formul&eacute;es&quot;.<\/p>\n<p style=\"text-align:justify\">Pour lui, tous les d&eacute;g&eacute;n&eacute;r&eacute;s pr&eacute;sentent, malgr&eacute; leurs dissemblances, la m&ecirc;me impossibilit&eacute; &quot;de propager dans des conditions normales la grande et unique famille du genre humain&quot;. Les ali&eacute;n&eacute;s enferm&eacute;s dans les asiles sont, dans la presque g&eacute;n&eacute;ralit&eacute; des cas, des d&eacute;g&eacute;n&eacute;r&eacute;s, et la d&eacute;g&eacute;n&eacute;rescence peut &ecirc;tre h&eacute;r&eacute;ditaire ou acquise.<\/p>\n<p style=\"text-align:justify\">Jouissant d&#039;une immense r&eacute;putation, il fut appel&eacute; en 1864 &agrave; Munich aupr&egrave;s du &quot;Prince h&eacute;ritier de Bavi&egrave;re&#8230; et son regard l&#039;avait frapp&eacute;. Tandis que le roi Louis Ier s&#039;&eacute;criait en admirant son fils: &quot;Ce sont les yeux passionn&eacute;s d&#039;Adonis&quot;, Morel disait simplement: &quot;Ce sont des yeux qui annoncent la folie&quot;. (Semelaigne, Les Pionniers de la psychiatrie fran&ccedil;aise, T. I, p. 342).<\/p>\n<p style=\"text-align:justify\">&quot;Morel was instrumental in developing the psychiatric theory of degeneration and fully reports his findings in the present work. It was his belief that mental degeneration was caused by abnormal deviations, such as hereditary defects, which ultimately resulted in extinction. The chief caus of degeneration was heredity but other causes included social conditions, congenital defects, immorality, pathological behavior, epidemic diseases, and drug abuse or addiction&quot; (Heirs). &quot;The main support for the theory of mental illness as regression which dominated psychiatric practice for several decades. Morel described and illustrated the nature, causes, and signs of human dgeneration&#8230; The atals reproduces by lithography some of the earliest photogra phs of the insane&quot; (Garrison-Morton).<\/p>\n<p style=\"text-align:justify\">Usures au volume d&rsquo;atlas, planche IV avec abrasion dans le blanc sans atteinte &agrave; l&#039;image, titre avec trou dans le blanc.<\/p>\n<p style=\"text-align:justify\">Exemplaire de travail.<\/p>\n","protected":false},"excerpt":{"rendered":"<p>1 volume of text 8vo (209 x 126 mm) and 1 folio atlas (305 x 207 mm) XIX, 700 pp. for the text, 23 pp. and 12 lithographed plates for the atlas. Half green sheep&nbsp; (text) and half black shagreen (atlas).<\/p>\n","protected":false},"featured_media":73300,"comment_status":"open","ping_status":"closed","template":"","meta":{"_acf_changed":false},"product_brand":[],"product_cat":[548],"product_tag":[1312,1205],"class_list":{"0":"post-73309","1":"product","2":"type-product","3":"status-publish","4":"has-post-thumbnail","6":"product_cat-medicine","7":"product_tag-neurology","8":"product_tag-photography","9":"pa_auteur-benedicte-auguste-morel-2","10":"pa_type-de-livre-printed-book","12":"first","13":"instock","14":"shipping-taxable","15":"purchasable","16":"product-type-simple"},"acf":[],"yoast_head":"<!-- This site is optimized with the Yoast SEO plugin v24.3 - https:\/\/yoast.com\/wordpress\/plugins\/seo\/ -->\n<title>MOREL B\u00e9n\u00e9dicte Auguste Trait\u00e9 des d\u00e9g\u00e9n\u00e9rescences physiques, intellectuelles et morales de l&#039;esp\u00e8ce humaine. - Libairie Clavreuil<\/title>\n<meta name=\"robots\" content=\"noindex, follow, max-snippet:-1, max-image-preview:large, max-video-preview:-1\" \/>\n<meta property=\"og:locale\" content=\"en_US\" \/>\n<meta property=\"og:type\" content=\"article\" \/>\n<meta property=\"og:title\" content=\"MOREL B\u00e9n\u00e9dicte Auguste Trait\u00e9 des d\u00e9g\u00e9n\u00e9rescences physiques, intellectuelles et morales de l&#039;esp\u00e8ce humaine. - Libairie Clavreuil\" \/>\n<meta property=\"og:description\" content=\"1 volume of text 8vo (209 x 126 mm) and 1 folio atlas (305 x 207 mm) XIX, 700 pp. for the text, 23 pp. and 12 lithographed plates for the atlas. Half green sheep&nbsp; (text) and half black shagreen (atlas).\" \/>\n<meta property=\"og:url\" content=\"https:\/\/clavreuil-wordpress.logiciel-arteo.fr\/en\/traite-des-degenerescences-physiques-intellectuelles-et-morales-de-lespece-humaine-benedicte-auguste-morel\/\" \/>\n<meta property=\"og:site_name\" content=\"Libairie Clavreuil\" \/>\n<meta property=\"article:modified_time\" content=\"2024-04-22T12:49:56+00:00\" \/>\n<meta property=\"og:image\" content=\"https:\/\/clavreuil-wordpress.logiciel-arteo.fr\/wp-content\/uploads\/2024\/04\/benedicte-auguste-morel-traite-des-degenerescences-physiques-intellectuelles-et-morales-de-l-espece-humaine-725-65a9110724394-scaled.jpg\" \/>\n\t<meta property=\"og:image:width\" content=\"1920\" \/>\n\t<meta property=\"og:image:height\" content=\"2560\" \/>\n\t<meta property=\"og:image:type\" content=\"image\/jpeg\" \/>\n<meta name=\"twitter:card\" content=\"summary_large_image\" \/>\n<meta name=\"twitter:label1\" content=\"Est. reading time\" \/>\n\t<meta name=\"twitter:data1\" content=\"2 minutes\" \/>\n<script type=\"application\/ld+json\" class=\"yoast-schema-graph\">{\"@context\":\"https:\/\/schema.org\",\"@graph\":[{\"@type\":\"WebPage\",\"@id\":\"https:\/\/clavreuil-wordpress.logiciel-arteo.fr\/en\/traite-des-degenerescences-physiques-intellectuelles-et-morales-de-lespece-humaine-benedicte-auguste-morel\/\",\"url\":\"https:\/\/clavreuil-wordpress.logiciel-arteo.fr\/en\/traite-des-degenerescences-physiques-intellectuelles-et-morales-de-lespece-humaine-benedicte-auguste-morel\/\",\"name\":\"MOREL B\u00e9n\u00e9dicte Auguste Trait\u00e9 des d\u00e9g\u00e9n\u00e9rescences physiques, intellectuelles et morales de l'esp\u00e8ce humaine. - Libairie Clavreuil\",\"isPartOf\":{\"@id\":\"https:\/\/clavreuil-wordpress.logiciel-arteo.fr\/#website\"},\"primaryImageOfPage\":{\"@id\":\"https:\/\/clavreuil-wordpress.logiciel-arteo.fr\/en\/traite-des-degenerescences-physiques-intellectuelles-et-morales-de-lespece-humaine-benedicte-auguste-morel\/#primaryimage\"},\"image\":{\"@id\":\"https:\/\/clavreuil-wordpress.logiciel-arteo.fr\/en\/traite-des-degenerescences-physiques-intellectuelles-et-morales-de-lespece-humaine-benedicte-auguste-morel\/#primaryimage\"},\"thumbnailUrl\":\"https:\/\/clavreuil-wordpress.logiciel-arteo.fr\/wp-content\/uploads\/2024\/04\/benedicte-auguste-morel-traite-des-degenerescences-physiques-intellectuelles-et-morales-de-l-espece-humaine-725-65a9110724394-scaled.jpg\",\"datePublished\":\"2024-04-18T13:42:41+00:00\",\"dateModified\":\"2024-04-22T12:49:56+00:00\",\"breadcrumb\":{\"@id\":\"https:\/\/clavreuil-wordpress.logiciel-arteo.fr\/en\/traite-des-degenerescences-physiques-intellectuelles-et-morales-de-lespece-humaine-benedicte-auguste-morel\/#breadcrumb\"},\"inLanguage\":\"en-US\",\"potentialAction\":[{\"@type\":\"ReadAction\",\"target\":[\"https:\/\/clavreuil-wordpress.logiciel-arteo.fr\/en\/traite-des-degenerescences-physiques-intellectuelles-et-morales-de-lespece-humaine-benedicte-auguste-morel\/\"]}]},{\"@type\":\"ImageObject\",\"inLanguage\":\"en-US\",\"@id\":\"https:\/\/clavreuil-wordpress.logiciel-arteo.fr\/en\/traite-des-degenerescences-physiques-intellectuelles-et-morales-de-lespece-humaine-benedicte-auguste-morel\/#primaryimage\",\"url\":\"https:\/\/clavreuil-wordpress.logiciel-arteo.fr\/wp-content\/uploads\/2024\/04\/benedicte-auguste-morel-traite-des-degenerescences-physiques-intellectuelles-et-morales-de-l-espece-humaine-725-65a9110724394-scaled.jpg\",\"contentUrl\":\"https:\/\/clavreuil-wordpress.logiciel-arteo.fr\/wp-content\/uploads\/2024\/04\/benedicte-auguste-morel-traite-des-degenerescences-physiques-intellectuelles-et-morales-de-l-espece-humaine-725-65a9110724394-scaled.jpg\",\"width\":1920,\"height\":2560},{\"@type\":\"BreadcrumbList\",\"@id\":\"https:\/\/clavreuil-wordpress.logiciel-arteo.fr\/en\/traite-des-degenerescences-physiques-intellectuelles-et-morales-de-lespece-humaine-benedicte-auguste-morel\/#breadcrumb\",\"itemListElement\":[{\"@type\":\"ListItem\",\"position\":1,\"name\":\"Accueil\",\"item\":\"https:\/\/clavreuil-wordpress.logiciel-arteo.fr\/\"},{\"@type\":\"ListItem\",\"position\":2,\"name\":\"All our books\",\"item\":\"https:\/\/clavreuil-wordpress.logiciel-arteo.fr\/en\/all-our-books\/\"},{\"@type\":\"ListItem\",\"position\":3,\"name\":\"MOREL B\u00e9n\u00e9dicte Auguste Trait\u00e9 des d\u00e9g\u00e9n\u00e9rescences physiques, intellectuelles...\"}]},{\"@type\":\"WebSite\",\"@id\":\"https:\/\/clavreuil-wordpress.logiciel-arteo.fr\/#website\",\"url\":\"https:\/\/clavreuil-wordpress.logiciel-arteo.fr\/\",\"name\":\"Libairie Clavreuil\",\"description\":\"\",\"publisher\":{\"@id\":\"https:\/\/clavreuil-wordpress.logiciel-arteo.fr\/#organization\"},\"potentialAction\":[{\"@type\":\"SearchAction\",\"target\":{\"@type\":\"EntryPoint\",\"urlTemplate\":\"https:\/\/clavreuil-wordpress.logiciel-arteo.fr\/?s={search_term_string}\"},\"query-input\":{\"@type\":\"PropertyValueSpecification\",\"valueRequired\":true,\"valueName\":\"search_term_string\"}}],\"inLanguage\":\"en-US\"},{\"@type\":\"Organization\",\"@id\":\"https:\/\/clavreuil-wordpress.logiciel-arteo.fr\/#organization\",\"name\":\"Libairie Clavreuil\",\"url\":\"https:\/\/clavreuil-wordpress.logiciel-arteo.fr\/\",\"logo\":{\"@type\":\"ImageObject\",\"inLanguage\":\"en-US\",\"@id\":\"https:\/\/clavreuil-wordpress.logiciel-arteo.fr\/#\/schema\/logo\/image\/\",\"url\":\"https:\/\/clavreuil-wordpress.logiciel-arteo.fr\/wp-content\/uploads\/2021\/05\/LOGO_PNG_DATE-_gold.png\",\"contentUrl\":\"https:\/\/clavreuil-wordpress.logiciel-arteo.fr\/wp-content\/uploads\/2021\/05\/LOGO_PNG_DATE-_gold.png\",\"width\":2083,\"height\":1917,\"caption\":\"Libairie Clavreuil\"},\"image\":{\"@id\":\"https:\/\/clavreuil-wordpress.logiciel-arteo.fr\/#\/schema\/logo\/image\/\"}}]}<\/script>\n<!-- \/ Yoast SEO plugin. -->","yoast_head_json":{"title":"MOREL B\u00e9n\u00e9dicte Auguste Trait\u00e9 des d\u00e9g\u00e9n\u00e9rescences physiques, intellectuelles et morales de l'esp\u00e8ce humaine. - Libairie Clavreuil","robots":{"index":"noindex","follow":"follow","max-snippet":"max-snippet:-1","max-image-preview":"max-image-preview:large","max-video-preview":"max-video-preview:-1"},"og_locale":"en_US","og_type":"article","og_title":"MOREL B\u00e9n\u00e9dicte Auguste Trait\u00e9 des d\u00e9g\u00e9n\u00e9rescences physiques, intellectuelles et morales de l'esp\u00e8ce humaine. - Libairie Clavreuil","og_description":"1 volume of text 8vo (209 x 126 mm) and 1 folio atlas (305 x 207 mm) XIX, 700 pp. for the text, 23 pp. and 12 lithographed plates for the atlas. Half green sheep&nbsp; (text) and half black shagreen (atlas).","og_url":"https:\/\/clavreuil-wordpress.logiciel-arteo.fr\/en\/traite-des-degenerescences-physiques-intellectuelles-et-morales-de-lespece-humaine-benedicte-auguste-morel\/","og_site_name":"Libairie Clavreuil","article_modified_time":"2024-04-22T12:49:56+00:00","og_image":[{"width":1920,"height":2560,"url":"https:\/\/clavreuil-wordpress.logiciel-arteo.fr\/wp-content\/uploads\/2024\/04\/benedicte-auguste-morel-traite-des-degenerescences-physiques-intellectuelles-et-morales-de-l-espece-humaine-725-65a9110724394-scaled.jpg","type":"image\/jpeg"}],"twitter_card":"summary_large_image","twitter_misc":{"Est. reading time":"2 minutes"},"schema":{"@context":"https:\/\/schema.org","@graph":[{"@type":"WebPage","@id":"https:\/\/clavreuil-wordpress.logiciel-arteo.fr\/en\/traite-des-degenerescences-physiques-intellectuelles-et-morales-de-lespece-humaine-benedicte-auguste-morel\/","url":"https:\/\/clavreuil-wordpress.logiciel-arteo.fr\/en\/traite-des-degenerescences-physiques-intellectuelles-et-morales-de-lespece-humaine-benedicte-auguste-morel\/","name":"MOREL B\u00e9n\u00e9dicte Auguste Trait\u00e9 des d\u00e9g\u00e9n\u00e9rescences physiques, intellectuelles et morales de l'esp\u00e8ce humaine. - Libairie Clavreuil","isPartOf":{"@id":"https:\/\/clavreuil-wordpress.logiciel-arteo.fr\/#website"},"primaryImageOfPage":{"@id":"https:\/\/clavreuil-wordpress.logiciel-arteo.fr\/en\/traite-des-degenerescences-physiques-intellectuelles-et-morales-de-lespece-humaine-benedicte-auguste-morel\/#primaryimage"},"image":{"@id":"https:\/\/clavreuil-wordpress.logiciel-arteo.fr\/en\/traite-des-degenerescences-physiques-intellectuelles-et-morales-de-lespece-humaine-benedicte-auguste-morel\/#primaryimage"},"thumbnailUrl":"https:\/\/clavreuil-wordpress.logiciel-arteo.fr\/wp-content\/uploads\/2024\/04\/benedicte-auguste-morel-traite-des-degenerescences-physiques-intellectuelles-et-morales-de-l-espece-humaine-725-65a9110724394-scaled.jpg","datePublished":"2024-04-18T13:42:41+00:00","dateModified":"2024-04-22T12:49:56+00:00","breadcrumb":{"@id":"https:\/\/clavreuil-wordpress.logiciel-arteo.fr\/en\/traite-des-degenerescences-physiques-intellectuelles-et-morales-de-lespece-humaine-benedicte-auguste-morel\/#breadcrumb"},"inLanguage":"en-US","potentialAction":[{"@type":"ReadAction","target":["https:\/\/clavreuil-wordpress.logiciel-arteo.fr\/en\/traite-des-degenerescences-physiques-intellectuelles-et-morales-de-lespece-humaine-benedicte-auguste-morel\/"]}]},{"@type":"ImageObject","inLanguage":"en-US","@id":"https:\/\/clavreuil-wordpress.logiciel-arteo.fr\/en\/traite-des-degenerescences-physiques-intellectuelles-et-morales-de-lespece-humaine-benedicte-auguste-morel\/#primaryimage","url":"https:\/\/clavreuil-wordpress.logiciel-arteo.fr\/wp-content\/uploads\/2024\/04\/benedicte-auguste-morel-traite-des-degenerescences-physiques-intellectuelles-et-morales-de-l-espece-humaine-725-65a9110724394-scaled.jpg","contentUrl":"https:\/\/clavreuil-wordpress.logiciel-arteo.fr\/wp-content\/uploads\/2024\/04\/benedicte-auguste-morel-traite-des-degenerescences-physiques-intellectuelles-et-morales-de-l-espece-humaine-725-65a9110724394-scaled.jpg","width":1920,"height":2560},{"@type":"BreadcrumbList","@id":"https:\/\/clavreuil-wordpress.logiciel-arteo.fr\/en\/traite-des-degenerescences-physiques-intellectuelles-et-morales-de-lespece-humaine-benedicte-auguste-morel\/#breadcrumb","itemListElement":[{"@type":"ListItem","position":1,"name":"Accueil","item":"https:\/\/clavreuil-wordpress.logiciel-arteo.fr\/"},{"@type":"ListItem","position":2,"name":"All our books","item":"https:\/\/clavreuil-wordpress.logiciel-arteo.fr\/en\/all-our-books\/"},{"@type":"ListItem","position":3,"name":"MOREL B\u00e9n\u00e9dicte Auguste Trait\u00e9 des d\u00e9g\u00e9n\u00e9rescences physiques, intellectuelles..."}]},{"@type":"WebSite","@id":"https:\/\/clavreuil-wordpress.logiciel-arteo.fr\/#website","url":"https:\/\/clavreuil-wordpress.logiciel-arteo.fr\/","name":"Libairie Clavreuil","description":"","publisher":{"@id":"https:\/\/clavreuil-wordpress.logiciel-arteo.fr\/#organization"},"potentialAction":[{"@type":"SearchAction","target":{"@type":"EntryPoint","urlTemplate":"https:\/\/clavreuil-wordpress.logiciel-arteo.fr\/?s={search_term_string}"},"query-input":{"@type":"PropertyValueSpecification","valueRequired":true,"valueName":"search_term_string"}}],"inLanguage":"en-US"},{"@type":"Organization","@id":"https:\/\/clavreuil-wordpress.logiciel-arteo.fr\/#organization","name":"Libairie Clavreuil","url":"https:\/\/clavreuil-wordpress.logiciel-arteo.fr\/","logo":{"@type":"ImageObject","inLanguage":"en-US","@id":"https:\/\/clavreuil-wordpress.logiciel-arteo.fr\/#\/schema\/logo\/image\/","url":"https:\/\/clavreuil-wordpress.logiciel-arteo.fr\/wp-content\/uploads\/2021\/05\/LOGO_PNG_DATE-_gold.png","contentUrl":"https:\/\/clavreuil-wordpress.logiciel-arteo.fr\/wp-content\/uploads\/2021\/05\/LOGO_PNG_DATE-_gold.png","width":2083,"height":1917,"caption":"Libairie Clavreuil"},"image":{"@id":"https:\/\/clavreuil-wordpress.logiciel-arteo.fr\/#\/schema\/logo\/image\/"}}]}},"_links":{"self":[{"href":"https:\/\/clavreuil-wordpress.logiciel-arteo.fr\/en\/wp-json\/wp\/v2\/product\/73309","targetHints":{"allow":["GET"]}}],"collection":[{"href":"https:\/\/clavreuil-wordpress.logiciel-arteo.fr\/en\/wp-json\/wp\/v2\/product"}],"about":[{"href":"https:\/\/clavreuil-wordpress.logiciel-arteo.fr\/en\/wp-json\/wp\/v2\/types\/product"}],"replies":[{"embeddable":true,"href":"https:\/\/clavreuil-wordpress.logiciel-arteo.fr\/en\/wp-json\/wp\/v2\/comments?post=73309"}],"wp:featuredmedia":[{"embeddable":true,"href":"https:\/\/clavreuil-wordpress.logiciel-arteo.fr\/en\/wp-json\/wp\/v2\/media\/73300"}],"wp:attachment":[{"href":"https:\/\/clavreuil-wordpress.logiciel-arteo.fr\/en\/wp-json\/wp\/v2\/media?parent=73309"}],"wp:term":[{"taxonomy":"product_brand","embeddable":true,"href":"https:\/\/clavreuil-wordpress.logiciel-arteo.fr\/en\/wp-json\/wp\/v2\/product_brand?post=73309"},{"taxonomy":"product_cat","embeddable":true,"href":"https:\/\/clavreuil-wordpress.logiciel-arteo.fr\/en\/wp-json\/wp\/v2\/product_cat?post=73309"},{"taxonomy":"product_tag","embeddable":true,"href":"https:\/\/clavreuil-wordpress.logiciel-arteo.fr\/en\/wp-json\/wp\/v2\/product_tag?post=73309"}],"curies":[{"name":"wp","href":"https:\/\/api.w.org\/{rel}","templated":true}]}}