{"id":73315,"date":"2024-04-18T15:43:25","date_gmt":"2024-04-18T13:43:25","guid":{"rendered":"https:\/\/clavreuil-wordpress.logiciel-arteo.fr\/traite-universel-des-drogues-simples-mises-en-ordre-alphabetique-ou-lon-trouve-leurs-differens-noms-leur-origine-leur-choix-les-principes-quelles-renferment-leurs-qualitez-leur-ethymologie\/"},"modified":"2024-04-22T15:31:36","modified_gmt":"2024-04-22T13:31:36","slug":"traite-universel-des-drogues-simples-mises-en-ordre-alphabetique-ou-lon-trouve-leurs-differens-noms-leur-origine-leur-choix-les-principes-quelles-renferment-leurs-qualitez-leur-ethymologie","status":"publish","type":"product","link":"https:\/\/clavreuil-wordpress.logiciel-arteo.fr\/en\/traite-universel-des-drogues-simples-mises-en-ordre-alphabetique-ou-lon-trouve-leurs-differens-noms-leur-origine-leur-choix-les-principes-quelles-renferment-leurs-qualitez-leur-ethymologie\/","title":{"rendered":"LEMERY Nicolas Trait\u00e9 universel des drogues simples, mises..."},"content":{"rendered":"<p style=\"text-align:justify\"><em>Wellcome, III, 488 ; NLM, 6862 ; Pritzel, 5211 ; DSB, VII, 174.<\/em><\/p>\n<p style=\"text-align:justify\">First edition<\/p>\n<p>The work was published in 1698: this copy has a relay title dated 1699.<\/p>\n<p>Along with the <em>Pharmacop&eacute;e universelle <\/em>published in 1697 by Nicolas Lemery (Rouen, 1645-Paris, 1715), this dictionary, which lists and describes all the simple medicines known at the time, is one of the most important books in the history of Western pharmacy.<\/p>\n<p style=\"text-align:justify\">&quot;Lemery&#039;s chief contributions to pharmacy were his two complementary works, the <em>Pharmacop&eacute;e universelle<\/em> and the <em>Trait&eacute; des drogues simples<\/em>. These are alphabetically arranged lists of composite and simples respectively, giving the source, virtues, doses, and therapeutic action of the various medicaments. They represent a comprehensive dictionary of pharmaceuticals&quot; (DSB).<\/p>\n<p style=\"text-align:justify\">A good copy; binding skilfully restored, outer margin of last ten table leaves reinforced.<\/p>\n","protected":false},"excerpt":{"rendered":"<p>4to (244 x 180 mm) 8 unn.l, 838 pp., 30 unn.l. Marbled calf, spine gilt with raised bands, title label in brown morroco (<em>contemporary binding<\/em>).<\/p>\n","protected":false},"featured_media":73310,"comment_status":"open","ping_status":"closed","template":"","meta":{"_acf_changed":false},"product_brand":[],"product_cat":[548],"product_tag":[1306,1305],"class_list":{"0":"post-73315","1":"product","2":"type-product","3":"status-publish","4":"has-post-thumbnail","6":"product_cat-medicine","7":"product_tag-general-pharmacy","8":"product_tag-pharmacy","9":"pa_auteur-nicolas-lemery-2","10":"pa_type-de-livre-printed-book","12":"first","13":"instock","14":"shipping-taxable","15":"purchasable","16":"product-type-simple"},"acf":[],"yoast_head":"<!-- This site is optimized with the Yoast SEO plugin v24.3 - https:\/\/yoast.com\/wordpress\/plugins\/seo\/ -->\n<title>LEMERY Nicolas Trait\u00e9 universel des drogues simples, mises en ordre alphab\u00e9tique. O\u00f9 l&#039;on trouve leurs differens noms, leur origine, leur choix, les principes qu&#039;elles renferment, leurs qualitez, leur ethymologie, et tout ce qu&#039;il y a de particulier dans les Animaux, dans les Vegetaux &amp; dans les Mineraux. - Libairie Clavreuil<\/title>\n<meta name=\"robots\" content=\"noindex, follow, max-snippet:-1, max-image-preview:large, max-video-preview:-1\" \/>\n<meta property=\"og:locale\" content=\"en_US\" \/>\n<meta property=\"og:type\" content=\"article\" \/>\n<meta property=\"og:title\" content=\"LEMERY Nicolas Trait\u00e9 universel des drogues simples, mises en ordre alphab\u00e9tique. O\u00f9 l&#039;on trouve leurs differens noms, leur origine, leur choix, les principes qu&#039;elles renferment, leurs qualitez, leur ethymologie, et tout ce qu&#039;il y a de particulier dans les Animaux, dans les Vegetaux &amp; dans les Mineraux. - Libairie Clavreuil\" \/>\n<meta property=\"og:description\" content=\"4to (244 x 180 mm) 8 unn.l, 838 pp., 30 unn.l. Marbled calf, spine gilt with raised bands, title label in brown morroco (contemporary binding).\" \/>\n<meta property=\"og:url\" content=\"https:\/\/clavreuil-wordpress.logiciel-arteo.fr\/en\/traite-universel-des-drogues-simples-mises-en-ordre-alphabetique-ou-lon-trouve-leurs-differens-noms-leur-origine-leur-choix-les-principes-quelles-renferment-leurs-qualitez-leur-ethymologie\/\" \/>\n<meta property=\"og:site_name\" content=\"Libairie Clavreuil\" \/>\n<meta property=\"article:modified_time\" content=\"2024-04-22T13:31:36+00:00\" \/>\n<meta property=\"og:image\" content=\"https:\/\/clavreuil-wordpress.logiciel-arteo.fr\/wp-content\/uploads\/2024\/04\/nicolas-lemery-traite-universel-des-drogues-simples-mises-en-ordre-alphabetique-ou-l-on-trouve-leurs-differens-noms-leur-origine-leur-choix-les-princi-scaled.jpg\" \/>\n\t<meta property=\"og:image:width\" content=\"1920\" \/>\n\t<meta property=\"og:image:height\" content=\"2560\" \/>\n\t<meta property=\"og:image:type\" content=\"image\/jpeg\" \/>\n<meta name=\"twitter:card\" content=\"summary_large_image\" \/>\n<meta name=\"twitter:label1\" content=\"Est. reading time\" \/>\n\t<meta name=\"twitter:data1\" content=\"1 minute\" \/>\n<script type=\"application\/ld+json\" class=\"yoast-schema-graph\">{\"@context\":\"https:\/\/schema.org\",\"@graph\":[{\"@type\":\"WebPage\",\"@id\":\"https:\/\/clavreuil-wordpress.logiciel-arteo.fr\/en\/traite-universel-des-drogues-simples-mises-en-ordre-alphabetique-ou-lon-trouve-leurs-differens-noms-leur-origine-leur-choix-les-principes-quelles-renferment-leurs-qualitez-leur-ethymologie\/\",\"url\":\"https:\/\/clavreuil-wordpress.logiciel-arteo.fr\/en\/traite-universel-des-drogues-simples-mises-en-ordre-alphabetique-ou-lon-trouve-leurs-differens-noms-leur-origine-leur-choix-les-principes-quelles-renferment-leurs-qualitez-leur-ethymologie\/\",\"name\":\"LEMERY Nicolas Trait\u00e9 universel des drogues simples, mises en ordre alphab\u00e9tique. O\u00f9 l'on trouve leurs differens noms, leur origine, leur choix, les principes qu'elles renferment, leurs qualitez, leur ethymologie, et tout ce qu'il y a de particulier dans les Animaux, dans les Vegetaux &amp; dans les Mineraux. - Libairie Clavreuil\",\"isPartOf\":{\"@id\":\"https:\/\/clavreuil-wordpress.logiciel-arteo.fr\/#website\"},\"primaryImageOfPage\":{\"@id\":\"https:\/\/clavreuil-wordpress.logiciel-arteo.fr\/en\/traite-universel-des-drogues-simples-mises-en-ordre-alphabetique-ou-lon-trouve-leurs-differens-noms-leur-origine-leur-choix-les-principes-quelles-renferment-leurs-qualitez-leur-ethymologie\/#primaryimage\"},\"image\":{\"@id\":\"https:\/\/clavreuil-wordpress.logiciel-arteo.fr\/en\/traite-universel-des-drogues-simples-mises-en-ordre-alphabetique-ou-lon-trouve-leurs-differens-noms-leur-origine-leur-choix-les-principes-quelles-renferment-leurs-qualitez-leur-ethymologie\/#primaryimage\"},\"thumbnailUrl\":\"https:\/\/clavreuil-wordpress.logiciel-arteo.fr\/wp-content\/uploads\/2024\/04\/nicolas-lemery-traite-universel-des-drogues-simples-mises-en-ordre-alphabetique-ou-l-on-trouve-leurs-differens-noms-leur-origine-leur-choix-les-princi-scaled.jpg\",\"datePublished\":\"2024-04-18T13:43:25+00:00\",\"dateModified\":\"2024-04-22T13:31:36+00:00\",\"breadcrumb\":{\"@id\":\"https:\/\/clavreuil-wordpress.logiciel-arteo.fr\/en\/traite-universel-des-drogues-simples-mises-en-ordre-alphabetique-ou-lon-trouve-leurs-differens-noms-leur-origine-leur-choix-les-principes-quelles-renferment-leurs-qualitez-leur-ethymologie\/#breadcrumb\"},\"inLanguage\":\"en-US\",\"potentialAction\":[{\"@type\":\"ReadAction\",\"target\":[\"https:\/\/clavreuil-wordpress.logiciel-arteo.fr\/en\/traite-universel-des-drogues-simples-mises-en-ordre-alphabetique-ou-lon-trouve-leurs-differens-noms-leur-origine-leur-choix-les-principes-quelles-renferment-leurs-qualitez-leur-ethymologie\/\"]}]},{\"@type\":\"ImageObject\",\"inLanguage\":\"en-US\",\"@id\":\"https:\/\/clavreuil-wordpress.logiciel-arteo.fr\/en\/traite-universel-des-drogues-simples-mises-en-ordre-alphabetique-ou-lon-trouve-leurs-differens-noms-leur-origine-leur-choix-les-principes-quelles-renferment-leurs-qualitez-leur-ethymologie\/#primaryimage\",\"url\":\"https:\/\/clavreuil-wordpress.logiciel-arteo.fr\/wp-content\/uploads\/2024\/04\/nicolas-lemery-traite-universel-des-drogues-simples-mises-en-ordre-alphabetique-ou-l-on-trouve-leurs-differens-noms-leur-origine-leur-choix-les-princi-scaled.jpg\",\"contentUrl\":\"https:\/\/clavreuil-wordpress.logiciel-arteo.fr\/wp-content\/uploads\/2024\/04\/nicolas-lemery-traite-universel-des-drogues-simples-mises-en-ordre-alphabetique-ou-l-on-trouve-leurs-differens-noms-leur-origine-leur-choix-les-princi-scaled.jpg\",\"width\":1920,\"height\":2560},{\"@type\":\"BreadcrumbList\",\"@id\":\"https:\/\/clavreuil-wordpress.logiciel-arteo.fr\/en\/traite-universel-des-drogues-simples-mises-en-ordre-alphabetique-ou-lon-trouve-leurs-differens-noms-leur-origine-leur-choix-les-principes-quelles-renferment-leurs-qualitez-leur-ethymologie\/#breadcrumb\",\"itemListElement\":[{\"@type\":\"ListItem\",\"position\":1,\"name\":\"Accueil\",\"item\":\"https:\/\/clavreuil-wordpress.logiciel-arteo.fr\/\"},{\"@type\":\"ListItem\",\"position\":2,\"name\":\"All our books\",\"item\":\"https:\/\/clavreuil-wordpress.logiciel-arteo.fr\/en\/all-our-books\/\"},{\"@type\":\"ListItem\",\"position\":3,\"name\":\"LEMERY Nicolas Trait\u00e9 universel des drogues simples, mises...\"}]},{\"@type\":\"WebSite\",\"@id\":\"https:\/\/clavreuil-wordpress.logiciel-arteo.fr\/#website\",\"url\":\"https:\/\/clavreuil-wordpress.logiciel-arteo.fr\/\",\"name\":\"Libairie Clavreuil\",\"description\":\"\",\"publisher\":{\"@id\":\"https:\/\/clavreuil-wordpress.logiciel-arteo.fr\/#organization\"},\"potentialAction\":[{\"@type\":\"SearchAction\",\"target\":{\"@type\":\"EntryPoint\",\"urlTemplate\":\"https:\/\/clavreuil-wordpress.logiciel-arteo.fr\/?s={search_term_string}\"},\"query-input\":{\"@type\":\"PropertyValueSpecification\",\"valueRequired\":true,\"valueName\":\"search_term_string\"}}],\"inLanguage\":\"en-US\"},{\"@type\":\"Organization\",\"@id\":\"https:\/\/clavreuil-wordpress.logiciel-arteo.fr\/#organization\",\"name\":\"Libairie Clavreuil\",\"url\":\"https:\/\/clavreuil-wordpress.logiciel-arteo.fr\/\",\"logo\":{\"@type\":\"ImageObject\",\"inLanguage\":\"en-US\",\"@id\":\"https:\/\/clavreuil-wordpress.logiciel-arteo.fr\/#\/schema\/logo\/image\/\",\"url\":\"https:\/\/clavreuil-wordpress.logiciel-arteo.fr\/wp-content\/uploads\/2021\/05\/LOGO_PNG_DATE-_gold.png\",\"contentUrl\":\"https:\/\/clavreuil-wordpress.logiciel-arteo.fr\/wp-content\/uploads\/2021\/05\/LOGO_PNG_DATE-_gold.png\",\"width\":2083,\"height\":1917,\"caption\":\"Libairie Clavreuil\"},\"image\":{\"@id\":\"https:\/\/clavreuil-wordpress.logiciel-arteo.fr\/#\/schema\/logo\/image\/\"}}]}<\/script>\n<!-- \/ Yoast SEO plugin. -->","yoast_head_json":{"title":"LEMERY Nicolas Trait\u00e9 universel des drogues simples, mises en ordre alphab\u00e9tique. O\u00f9 l'on trouve leurs differens noms, leur origine, leur choix, les principes qu'elles renferment, leurs qualitez, leur ethymologie, et tout ce qu'il y a de particulier dans les Animaux, dans les Vegetaux &amp; dans les Mineraux. - Libairie Clavreuil","robots":{"index":"noindex","follow":"follow","max-snippet":"max-snippet:-1","max-image-preview":"max-image-preview:large","max-video-preview":"max-video-preview:-1"},"og_locale":"en_US","og_type":"article","og_title":"LEMERY Nicolas Trait\u00e9 universel des drogues simples, mises en ordre alphab\u00e9tique. O\u00f9 l'on trouve leurs differens noms, leur origine, leur choix, les principes qu'elles renferment, leurs qualitez, leur ethymologie, et tout ce qu'il y a de particulier dans les Animaux, dans les Vegetaux &amp; dans les Mineraux. - Libairie Clavreuil","og_description":"4to (244 x 180 mm) 8 unn.l, 838 pp., 30 unn.l. Marbled calf, spine gilt with raised bands, title label in brown morroco (contemporary binding).","og_url":"https:\/\/clavreuil-wordpress.logiciel-arteo.fr\/en\/traite-universel-des-drogues-simples-mises-en-ordre-alphabetique-ou-lon-trouve-leurs-differens-noms-leur-origine-leur-choix-les-principes-quelles-renferment-leurs-qualitez-leur-ethymologie\/","og_site_name":"Libairie Clavreuil","article_modified_time":"2024-04-22T13:31:36+00:00","og_image":[{"width":1920,"height":2560,"url":"https:\/\/clavreuil-wordpress.logiciel-arteo.fr\/wp-content\/uploads\/2024\/04\/nicolas-lemery-traite-universel-des-drogues-simples-mises-en-ordre-alphabetique-ou-l-on-trouve-leurs-differens-noms-leur-origine-leur-choix-les-princi-scaled.jpg","type":"image\/jpeg"}],"twitter_card":"summary_large_image","twitter_misc":{"Est. reading time":"1 minute"},"schema":{"@context":"https:\/\/schema.org","@graph":[{"@type":"WebPage","@id":"https:\/\/clavreuil-wordpress.logiciel-arteo.fr\/en\/traite-universel-des-drogues-simples-mises-en-ordre-alphabetique-ou-lon-trouve-leurs-differens-noms-leur-origine-leur-choix-les-principes-quelles-renferment-leurs-qualitez-leur-ethymologie\/","url":"https:\/\/clavreuil-wordpress.logiciel-arteo.fr\/en\/traite-universel-des-drogues-simples-mises-en-ordre-alphabetique-ou-lon-trouve-leurs-differens-noms-leur-origine-leur-choix-les-principes-quelles-renferment-leurs-qualitez-leur-ethymologie\/","name":"LEMERY Nicolas Trait\u00e9 universel des drogues simples, mises en ordre alphab\u00e9tique. O\u00f9 l'on trouve leurs differens noms, leur origine, leur choix, les principes qu'elles renferment, leurs qualitez, leur ethymologie, et tout ce qu'il y a de particulier dans les Animaux, dans les Vegetaux &amp; dans les Mineraux. - Libairie Clavreuil","isPartOf":{"@id":"https:\/\/clavreuil-wordpress.logiciel-arteo.fr\/#website"},"primaryImageOfPage":{"@id":"https:\/\/clavreuil-wordpress.logiciel-arteo.fr\/en\/traite-universel-des-drogues-simples-mises-en-ordre-alphabetique-ou-lon-trouve-leurs-differens-noms-leur-origine-leur-choix-les-principes-quelles-renferment-leurs-qualitez-leur-ethymologie\/#primaryimage"},"image":{"@id":"https:\/\/clavreuil-wordpress.logiciel-arteo.fr\/en\/traite-universel-des-drogues-simples-mises-en-ordre-alphabetique-ou-lon-trouve-leurs-differens-noms-leur-origine-leur-choix-les-principes-quelles-renferment-leurs-qualitez-leur-ethymologie\/#primaryimage"},"thumbnailUrl":"https:\/\/clavreuil-wordpress.logiciel-arteo.fr\/wp-content\/uploads\/2024\/04\/nicolas-lemery-traite-universel-des-drogues-simples-mises-en-ordre-alphabetique-ou-l-on-trouve-leurs-differens-noms-leur-origine-leur-choix-les-princi-scaled.jpg","datePublished":"2024-04-18T13:43:25+00:00","dateModified":"2024-04-22T13:31:36+00:00","breadcrumb":{"@id":"https:\/\/clavreuil-wordpress.logiciel-arteo.fr\/en\/traite-universel-des-drogues-simples-mises-en-ordre-alphabetique-ou-lon-trouve-leurs-differens-noms-leur-origine-leur-choix-les-principes-quelles-renferment-leurs-qualitez-leur-ethymologie\/#breadcrumb"},"inLanguage":"en-US","potentialAction":[{"@type":"ReadAction","target":["https:\/\/clavreuil-wordpress.logiciel-arteo.fr\/en\/traite-universel-des-drogues-simples-mises-en-ordre-alphabetique-ou-lon-trouve-leurs-differens-noms-leur-origine-leur-choix-les-principes-quelles-renferment-leurs-qualitez-leur-ethymologie\/"]}]},{"@type":"ImageObject","inLanguage":"en-US","@id":"https:\/\/clavreuil-wordpress.logiciel-arteo.fr\/en\/traite-universel-des-drogues-simples-mises-en-ordre-alphabetique-ou-lon-trouve-leurs-differens-noms-leur-origine-leur-choix-les-principes-quelles-renferment-leurs-qualitez-leur-ethymologie\/#primaryimage","url":"https:\/\/clavreuil-wordpress.logiciel-arteo.fr\/wp-content\/uploads\/2024\/04\/nicolas-lemery-traite-universel-des-drogues-simples-mises-en-ordre-alphabetique-ou-l-on-trouve-leurs-differens-noms-leur-origine-leur-choix-les-princi-scaled.jpg","contentUrl":"https:\/\/clavreuil-wordpress.logiciel-arteo.fr\/wp-content\/uploads\/2024\/04\/nicolas-lemery-traite-universel-des-drogues-simples-mises-en-ordre-alphabetique-ou-l-on-trouve-leurs-differens-noms-leur-origine-leur-choix-les-princi-scaled.jpg","width":1920,"height":2560},{"@type":"BreadcrumbList","@id":"https:\/\/clavreuil-wordpress.logiciel-arteo.fr\/en\/traite-universel-des-drogues-simples-mises-en-ordre-alphabetique-ou-lon-trouve-leurs-differens-noms-leur-origine-leur-choix-les-principes-quelles-renferment-leurs-qualitez-leur-ethymologie\/#breadcrumb","itemListElement":[{"@type":"ListItem","position":1,"name":"Accueil","item":"https:\/\/clavreuil-wordpress.logiciel-arteo.fr\/"},{"@type":"ListItem","position":2,"name":"All our books","item":"https:\/\/clavreuil-wordpress.logiciel-arteo.fr\/en\/all-our-books\/"},{"@type":"ListItem","position":3,"name":"LEMERY Nicolas Trait\u00e9 universel des drogues simples, mises..."}]},{"@type":"WebSite","@id":"https:\/\/clavreuil-wordpress.logiciel-arteo.fr\/#website","url":"https:\/\/clavreuil-wordpress.logiciel-arteo.fr\/","name":"Libairie Clavreuil","description":"","publisher":{"@id":"https:\/\/clavreuil-wordpress.logiciel-arteo.fr\/#organization"},"potentialAction":[{"@type":"SearchAction","target":{"@type":"EntryPoint","urlTemplate":"https:\/\/clavreuil-wordpress.logiciel-arteo.fr\/?s={search_term_string}"},"query-input":{"@type":"PropertyValueSpecification","valueRequired":true,"valueName":"search_term_string"}}],"inLanguage":"en-US"},{"@type":"Organization","@id":"https:\/\/clavreuil-wordpress.logiciel-arteo.fr\/#organization","name":"Libairie Clavreuil","url":"https:\/\/clavreuil-wordpress.logiciel-arteo.fr\/","logo":{"@type":"ImageObject","inLanguage":"en-US","@id":"https:\/\/clavreuil-wordpress.logiciel-arteo.fr\/#\/schema\/logo\/image\/","url":"https:\/\/clavreuil-wordpress.logiciel-arteo.fr\/wp-content\/uploads\/2021\/05\/LOGO_PNG_DATE-_gold.png","contentUrl":"https:\/\/clavreuil-wordpress.logiciel-arteo.fr\/wp-content\/uploads\/2021\/05\/LOGO_PNG_DATE-_gold.png","width":2083,"height":1917,"caption":"Libairie Clavreuil"},"image":{"@id":"https:\/\/clavreuil-wordpress.logiciel-arteo.fr\/#\/schema\/logo\/image\/"}}]}},"_links":{"self":[{"href":"https:\/\/clavreuil-wordpress.logiciel-arteo.fr\/en\/wp-json\/wp\/v2\/product\/73315","targetHints":{"allow":["GET"]}}],"collection":[{"href":"https:\/\/clavreuil-wordpress.logiciel-arteo.fr\/en\/wp-json\/wp\/v2\/product"}],"about":[{"href":"https:\/\/clavreuil-wordpress.logiciel-arteo.fr\/en\/wp-json\/wp\/v2\/types\/product"}],"replies":[{"embeddable":true,"href":"https:\/\/clavreuil-wordpress.logiciel-arteo.fr\/en\/wp-json\/wp\/v2\/comments?post=73315"}],"wp:featuredmedia":[{"embeddable":true,"href":"https:\/\/clavreuil-wordpress.logiciel-arteo.fr\/en\/wp-json\/wp\/v2\/media\/73310"}],"wp:attachment":[{"href":"https:\/\/clavreuil-wordpress.logiciel-arteo.fr\/en\/wp-json\/wp\/v2\/media?parent=73315"}],"wp:term":[{"taxonomy":"product_brand","embeddable":true,"href":"https:\/\/clavreuil-wordpress.logiciel-arteo.fr\/en\/wp-json\/wp\/v2\/product_brand?post=73315"},{"taxonomy":"product_cat","embeddable":true,"href":"https:\/\/clavreuil-wordpress.logiciel-arteo.fr\/en\/wp-json\/wp\/v2\/product_cat?post=73315"},{"taxonomy":"product_tag","embeddable":true,"href":"https:\/\/clavreuil-wordpress.logiciel-arteo.fr\/en\/wp-json\/wp\/v2\/product_tag?post=73315"}],"curies":[{"name":"wp","href":"https:\/\/api.w.org\/{rel}","templated":true}]}}